{"id":9021,"date":"2024-09-06T21:55:50","date_gmt":"2024-09-06T21:55:50","guid":{"rendered":"https:\/\/travelshelper.com\/staging\/?page_id=9021"},"modified":"2026-03-13T16:27:58","modified_gmt":"2026-03-13T16:27:58","slug":"guatemala","status":"publish","type":"page","link":"https:\/\/travelshelper.com\/cs\/destinations\/north-america\/guatemala\/","title":{"rendered":"Guatemala"},"content":{"rendered":"<p>Guatemala, domov p\u0159ibli\u017en\u011b 17,6 milionu du\u0161\u00ed, se rozkl\u00e1d\u00e1 na pevnin\u011b St\u0159edn\u00ed Ameriky \u2013 na severu a z\u00e1pad\u011b ji lemuje Mexiko, na severov\u00fdchod\u011b Belize, na v\u00fdchod\u011b Honduras a Salvador, na ji\u017en\u00edm svahu ji om\u00fdv\u00e1 Tich\u00fd oce\u00e1n a na severov\u00fdchod\u011b Hondurask\u00fd z\u00e1liv. Tato republika, jej\u00ed\u017e ter\u00e9n se st\u0159\u00edd\u00e1 mezi sope\u010dnou vyso\u010dinou, \u00farodn\u00fdmi tichomo\u0159sk\u00fdmi pl\u00e1n\u011bmi a smaragdov\u00fdmi d\u017eunglemi Pet\u00e9nu, odhaluje z\u00e1rove\u0148 starobylou kol\u00e9bku civilizace a jevi\u0161t\u011b pro bou\u0159liv\u00e1 modern\u00ed dramata. Jej\u00ed p\u0159\u00edb\u011bh, vyryt\u00fd do kamene a p\u016fdy, tk\u00e1 jedine\u010dnou tapiserii p\u0159\u00edrodn\u00edch div\u016f a lidsk\u00e9ho odhodl\u00e1n\u00ed.<\/p>\n<p>Od okam\u017eiku, kdy prvn\u00ed maysk\u00e9 m\u011bstsk\u00e9 st\u00e1ty vznikly v n\u00ed\u017ein\u00e1ch Pet\u00e9n a\u017e po impozantn\u00ed pyramidy v Tikalu, slou\u017eil region, kter\u00fd je dnes Guatemalou, jako op\u011brn\u00fd bod mezoamerick\u00e9 vynal\u00e9zavosti. Stalet\u00ed p\u0159edt\u00edm, ne\u017e Kolumbus p\u0159ekro\u010dil Atlantik, se rozs\u00e1hlou s\u00edt\u00ed obchodn\u00edch cest prov\u00e1\u017eelo kakao a obsidi\u00e1n, zat\u00edmco kn\u011b\u017e\u00ed mapovali pohyby Venu\u0161e a rytmy kuku\u0159ice. P\u0159\u00edchod \u0161pan\u011blsk\u00fdch dobyvatel\u016f na po\u010d\u00e1tku 16. stolet\u00ed znamenal zlom, proto\u017ee poru\u010d\u00edci Hern\u00e1na Cort\u00e9se a pozd\u011bji Pedro de Alvarado si podmanili m\u011bsto za m\u011bstem a za\u010dlenili mayskou dom\u00e9nu do m\u00edstokr\u00e1lovstv\u00ed Nov\u00e9ho \u0160pan\u011blska. Mayov\u00e9 v\u0161ak nezmizeli: jejich jazyky p\u0159etrv\u00e1vaj\u00ed v tis\u00edc\u00edch vesnic\u00edch, jejich duchov\u00e9 ob\u00fdvaj\u00ed posv\u00e1tn\u00e9 cenoty a jejich kamenn\u00e9 chr\u00e1my st\u00e1le prostupuj\u00ed korunami d\u017eungle.<\/p>\n<p>Nez\u00e1vislost dos\u00e1hla v z\u00e1\u0159\u00ed 1821, zpo\u010d\u00e1tku sd\u00edlen\u00e1 s Mexikem, pot\u00e9 potvrzen\u00e1 v r\u00e1mci St\u0159edoamerick\u00e9 federativn\u00ed republiky od roku 1823 a\u017e do rozpadu t\u00e9to k\u0159ehk\u00e9 konfederace v roce 1841. Zbytek devaten\u00e1ct\u00e9ho stolet\u00ed se uk\u00e1zal jako nem\u00e9n\u011b nestabiln\u00ed. Mocn\u00ed makl\u00e9\u0159i a kaudilov\u00e9 se rychle chopili moci, \u010dasto podporovan\u00ed zahrani\u010dn\u00edmi z\u00e1jmy, kter\u00e9 l\u00e1kaly \u00fastupky v oblasti k\u00e1vy a ban\u00e1n\u016f. Dvac\u00e1t\u00e9 stolet\u00ed za\u010dalo pod \u0159adou sil\u00e1k\u016f, z nich\u017e ka\u017ed\u00fd byl zav\u00e1z\u00e1n k washingtonsk\u00fdm geopolitick\u00fdm pl\u00e1n\u016fm a obchodn\u00edm imperativ\u016fm spole\u010dnosti United Fruit a jej\u00edch n\u00e1stupc\u016f. V roce 1944, kdy byl gener\u00e1l Jorge Ubico svr\u017een z moci koalic\u00ed vojensk\u00fdch d\u016fstojn\u00edk\u016f a civilist\u016f, za\u010dala kr\u00e1tk\u00e1 dek\u00e1da reforem: p\u0159erozd\u011blen\u00ed zem\u011bd\u011blsk\u00e9 p\u016fdy, ochrana pracovn\u00edk\u016f a za\u010d\u00ednaj\u00edc\u00ed soci\u00e1ln\u00ed z\u00e1chrann\u00e1 s\u00ed\u0165 slibovaly inkluzivn\u011bj\u0161\u00ed politick\u00fd syst\u00e9m. Ale p\u0159evrat v roce 1954 \u2013 zorganizovan\u00fd americk\u00fdmi agenty a konzervativn\u00edmi vlastn\u00edky p\u016fdy \u2013 svrhl civiln\u00ed vl\u00e1du a obnovil oligarchickou vl\u00e1du.<\/p>\n<p>N\u00e1sledovala ob\u010dansk\u00e1 v\u00e1lka pln\u00e1 mraziv\u00e9 krutosti, kter\u00e1 trvala od roku 1960 a\u017e do roku 1996, kdy m\u00edrov\u00e1 dohoda p\u0159inesla chatrn\u00fd klid. Vl\u00e1dn\u00ed s\u00edly, \u010dasto veden\u00e9 protipovstaleck\u00fdmi doktr\u00ednami zahrani\u010dn\u00edch vojensk\u00fdch poradc\u016f, zavedly v maysk\u00fdch horsk\u00fdch osad\u00e1ch politiku sp\u00e1len\u00e9 zem\u011b, kter\u00e1 zanechala desetitis\u00edce mrtv\u00fdch nebo zmizel\u00fdch. Dne\u0161n\u00ed m\u00edr spo\u010d\u00edv\u00e1 na k\u0159ehk\u00fdch z\u00e1kladech: hospod\u00e1\u0159sk\u00fd r\u016fst se obnovil a po sob\u011b jdouc\u00ed volby sv\u011bd\u010d\u00ed o demokratick\u00fdch aspirac\u00edch, p\u0159esto je bezelstn\u00e1 v\u00edra v instituce st\u00e1le vz\u00e1cn\u00e1. Endemick\u00e1 chudoba postihuje v\u00edce ne\u017e polovinu populace; t\u00e9m\u011b\u0159 \u010dtvrtina \u010del\u00ed chronick\u00e9mu hladu; a neleg\u00e1ln\u00ed s\u00edt\u011b obchoduj\u00ed s drogami, \u0161\u00ed\u0159\u00ed n\u00e1sil\u00ed a naru\u0161uj\u00ed d\u016fv\u011bru ve\u0159ejnosti.<\/p>\n<p>Na pozad\u00ed t\u011bchto zkou\u0161ek vzkv\u00e9taj\u00ed guatemalsk\u00e9 ekosyst\u00e9my. Od ml\u017en\u00fdch les\u016f z\u00e1padn\u00ed vyso\u010diny, kde se quetzal mihot\u00e1 mezi v\u011btvemi porostl\u00fdmi brom\u00e9liemi, a\u017e po sez\u00f3nn\u011b zaplavovan\u00e9 savany Pet\u00e9nu bohat\u00e9 na jagu\u00e1\u0159e a tap\u00edry, se v republice nach\u00e1z\u00ed jedno z kl\u00ed\u010dov\u00fdch m\u00edst biodiverzity Mezoameriky. \u0158eky se kr\u00e1tce vine sm\u011brem k Pacifiku, ale v karibsk\u00e9 p\u00e1nvi se rozr\u016fstaj\u00ed do pulzuj\u00edc\u00edch tepen \u2013 mezi nimi\u017e jsou Motagua, Polochic a Usumacinta, kter\u00e1 vymezuje hranici s Chiapas. Jezero Izabal, nap\u00e1jen\u00e9 \u0159ekou Dulce, se t\u0159pyt\u00ed jako zrcadlo lemovan\u00e9 de\u0161tn\u00fdm pralesem; jeho sladk\u00e9 vody \u017eiv\u00ed kapust\u0148\u00e1ky a kajmany, zat\u00edmco na jeho b\u0159ez\u00edch se nach\u00e1zej\u00ed koloni\u00e1ln\u00ed pevnosti a ryb\u00e1\u0159sk\u00e9 vesnice.<\/p>\n<p>M\u011bstsk\u00fd \u017eivot se sb\u00edh\u00e1 v hor\u00e1ch, kde se v horsk\u00e9m \u00fadol\u00ed rozkl\u00e1d\u00e1 Guatemala City a host\u00ed N\u00e1rodn\u00ed archiv, N\u00e1rodn\u00ed knihovnu a Muzeum archeologie a etnologie, \u00falo\u017ei\u0161t\u011b nefritov\u00fdch masek a keramick\u00fdch figur\u00edn, kter\u00e9 \u0161eptaj\u00ed o kr\u00e1lovsk\u00fdch dynasti\u00edch. Hned za hlavn\u00edm m\u011bstem le\u017e\u00ed Antigua Guatemala, klenot z osmn\u00e1ct\u00e9ho stolet\u00ed s m\u0159\u00ed\u017eovan\u00fdmi balkony a rozpadaj\u00edc\u00edmi se barokn\u00edmi kostely \u2013 skanzen seismick\u00fdch jizev a sope\u010dn\u00e9ho popela. D\u00e1le na z\u00e1pad l\u00e1k\u00e1 jezero Atitl\u00e1n \u2013 obklopen\u00e9 maysk\u00fdmi vesnicemi a sopkami \u2013 cestovatele, kte\u0159\u00ed se v d\u0159ev\u011bn\u00fdch \u010dlunech proj\u00ed\u017ed\u011bj\u00ed po klidn\u00fdch vod\u00e1ch a objevuj\u00ed poz\u016fstatky starov\u011bk\u00fdch ritu\u00e1l\u016f v ka\u017ed\u00e9m vy\u0159ez\u00e1van\u00e9m dve\u0159n\u00edm p\u0159ekladu.<\/p>\n<p>Kulin\u00e1\u0159sk\u00e9 zvyky, stejn\u011b jako samotn\u00e1 kultura, sahaj\u00ed a\u017e k maysk\u00fdm z\u00e1klad\u016fm. Kuku\u0159ice z\u016fst\u00e1v\u00e1 svrchovanou kulturou \u2013 nixtamalizov\u00e1na do tortill a tamales, fermentov\u00e1na do atoles, lisov\u00e1na do posv\u00e1tn\u00e9ho t\u011bsta na fiambre na sv\u00e1tek V\u0161ech svat\u00fdch. Chilli papri\u010dky o\u017eivuj\u00ed raj\u010datov\u00fd kak&#039;ik s kr\u016ftou; \u010dern\u00e9 fazole se dus\u00ed vedle sm\u011bsi ko\u0159enov\u00e9 zeleniny a masa od cocido. Za \u00fasvitu v Antigui prod\u00e1vaj\u00ed pouli\u010dn\u00ed st\u00e1nky chuchitos \u2013 mal\u00e9 tamales zalit\u00e9 raj\u010datovou salsou \u2013 nebo sladk\u00e9 bal\u00ed\u010dky bramborov\u00e9 ka\u0161e, kter\u00e9 dopoledne zmiz\u00ed. S p\u0159\u00edchodem prosince se dom\u00e1cnosti zapln\u00ed v\u016fn\u00ed ponche \u2013 du\u0161en\u00e9ho ovoce v ko\u0159en\u011bn\u00e9 tekutin\u011b \u2013 a d\u0159inou tamaladoras, kte\u0159\u00ed p\u0159ipravuj\u00ed hromady masy zabalen\u00e9 v ban\u00e1nov\u00fdch listech.<\/p>\n<p>\u0160est region\u016f republiky p\u0159edstavuje takov\u00e9 kontrasty, \u017ee jedin\u00e1 cesta m\u016f\u017ee p\u0159ekonat klimatick\u00e9 extr\u00e9my. V Centr\u00e1ln\u00ed vyso\u010din\u011b se sopky ty\u010d\u00ed nad 3 000 metr\u016f, popr\u00e1\u0161en\u00e9 v\u011btrem hnan\u00fdmi mraky a ochlazovan\u00e9 no\u010dn\u00edm mrazem. Z\u00e1padn\u00ed vyso\u010dina, poset\u00e1 maysk\u00fdmi osadami, nab\u00edz\u00ed v\u00fdhledy na terasovit\u00e1 pole a stezky vinouc\u00ed se ke skryt\u00fdm svatyn\u00edm. V\u00fdchodn\u00ed Guatemala, vychutn\u00e1vaj\u00edc\u00ed si vyprahlost, nab\u00edz\u00ed ran\u010de a hisp\u00e1nsk\u00e1 m\u011bsta, kde v poledn\u00ed horku t\u0159epocej\u00ed kravsk\u00e9 k\u016f\u017ee. Pod\u00e9l karibsk\u00e9ho pob\u0159e\u017e\u00ed se sm\u011brem k mezoamerick\u00e9mu bari\u00e9rov\u00e9mu \u00fatesu otev\u00edraj\u00ed mangrovov\u00e9 \u00fast\u00ed \u0159ek a palmov\u00e9 pl\u00e1\u017ee; d\u00e1le do vnitrozem\u00ed se v de\u0161tn\u00e9m pralese Pet\u00e9nu nach\u00e1zej\u00ed st\u00e9ly a n\u00e1m\u011bst\u00ed El Mirador a Nak\u00fam, pam\u00e1tn\u00edky p\u0159edklasick\u00e9 sl\u00e1vy. Tichomo\u0159sk\u00e1 n\u00ed\u017eina, m\u00edrn\u00fd svah od poho\u0159\u00ed Sierra Madre, odhaluje pl\u00e1\u017ee s \u010dern\u00fdm p\u00edskem u Monterrica, kam mo\u0159sk\u00e9 \u017eelvy p\u0159il\u00e9taj\u00ed v m\u011bs\u00ed\u010dn\u00edch hord\u00e1ch hn\u00edzdit.<\/p>\n<p>Mezi nes\u010detn\u00fdmi archeologick\u00fdmi nalezi\u0161ti kraluje Tikal: m\u011bsto, kdysi domov des\u00edtek tis\u00edc obyvatel, jeho\u017e n\u00e1dr\u017e Ztracen\u00fd sv\u011bt odr\u00e1\u017e\u00ed dva vrcholy Chr\u00e1mu I a Centr\u00e1ln\u00ed Akropole. V klidn\u011bj\u0161\u00ed spole\u010dnosti le\u017e\u00ed Iximch\u00e9 \u2013 kdysi hlavn\u00ed m\u011bsto Kaqchikel\u016f, dostupn\u00e9 na jednodenn\u00ed v\u00fdlet z Antiguy nebo Guatemala City \u2013 a Aguateca, kde rozpadaj\u00edc\u00ed se valy stoj\u00ed na str\u00e1\u017ei nad archeologick\u00fdmi v\u00fdkopy, kter\u00e9 st\u00e1le odhaluj\u00ed st\u0159epy keramiky a obsidi\u00e1nov\u00e9 \u010depele. M\u00e9n\u011b vy\u0161lapan\u00e1 cesta k El Mirador vy\u017eaduje t\u00fddny putov\u00e1n\u00ed neporu\u0161en\u00fdm lesem, ale odm\u011bn\u00ed neboj\u00e1cn\u00e9 Velkou pyramidou v La Danta \u2013 jednou z nejv\u011bt\u0161\u00edch staveb lidstva co do objemu.<\/p>\n<p>P\u0159\u00edroda nab\u00edz\u00ed sv\u00e9 vlastn\u00ed katedr\u00e1ly z kamene a vody. Semuc Champey v Alta Verapaz uchvacuje oko: kask\u00e1da nefritov\u00fdch jez\u00edrek na v\u00e1pencov\u00e9m most\u011b, vytesan\u00e1 \u0159ekou, kter\u00e1 se pono\u0159uje do podzem\u00ed, jen aby se vr\u00e1tila v prom\u011bnliv\u00fdch odst\u00ednech tyrkysov\u00e9. Nedaleko roste Lanqu\u00edn kolem rozlehl\u00fdch v\u00e1pencov\u00fdch jeskyn\u00ed, kter\u00e9 se oz\u00fdv\u00e1 kapkou stalaktit\u016f. Na \u0159ece Rio Dulce, klikat\u00e9 vodn\u00ed cest\u011b mezi Belize a Hondurasem, se cestovatel\u00e9 zastav\u00ed u Finca Para\u00edso \u2013 hork\u00fdch pramen\u016f, kter\u00e9 c\u00e1kaj\u00ed jako odlehl\u00e9 l\u00e1zn\u011b \u2013 ne\u017e se vydaj\u00ed na prohl\u00eddku hradu Castillo San Felipe de Lara, pevnosti ze sedmn\u00e1ct\u00e9ho stolet\u00ed, jej\u00ed\u017e okrov\u00e9 zdi se t\u0159pyt\u00ed na pozad\u00ed jezera.<\/p>\n<p>Pro ty, kter\u00e9 l\u00e1k\u00e1 sope\u010dn\u00e9 drama, z\u016fst\u00e1v\u00e1 Volc\u00e1n de Pacaya ritu\u00e1lem iniciace. Jeho vrchol je p\u0159\u00edstupn\u00fd z Antiguy a vede p\u0159es dv\u011b hodiny n\u00e1ro\u010dn\u00e9ho stoup\u00e1n\u00ed \u2013 z nedalek\u00e9ho El Cedro a San Francisca se rozch\u00e1zej\u00ed dv\u011b trasy, kter\u00e9 se li\u0161\u00ed p\u0159edev\u0161\u00edm sklonem. Na stezk\u00e1ch hl\u00eddkuj\u00ed str\u00e1\u017eci parku a voj\u00e1ci, zat\u00edmco m\u00edstn\u00ed pr\u016fvodci s licenc\u00ed n\u00e1rodn\u00edho parku proch\u00e1zej\u00ed puklinami pln\u00fdmi p\u00e1ry. Ve dnech, kdy to aktivita dovol\u00ed, si n\u00e1v\u0161t\u011bvn\u00edci kdysi op\u00e9kali marshmallows nad roztaven\u00fdmi pr\u016fduchy; dnes se spokoj\u00ed se z\u00e1\u0159\u00ed roz\u017ehaven\u00e9 sk\u00e1ly, zabalen\u00ed v bund\u00e1ch, aby odvr\u00e1tili chladn\u00fd v\u00edtr od vrcholu.<\/p>\n<p>I kdy\u017e cestovn\u00ed ruch podporuje r\u016fst \u2013 v roce 2008 do ekonomiky vlo\u017eil zhruba 1,8 miliardy USD a ro\u010dn\u011b p\u0159il\u00e1kal asi dva miliony n\u00e1v\u0161t\u011bvn\u00edk\u016f \u2013 Guatemala se pot\u00fdk\u00e1 s v\u00fdrazn\u00fdmi nerovnostmi. Jej\u00ed HDP (parita kupn\u00ed s\u00edly) na obyvatele se bl\u00ed\u017e\u00ed 10 998 USD, p\u0159esto v\u00edce ne\u017e polovina v\u0161ech dom\u00e1cnost\u00ed \u017eije pod hranic\u00ed chudoby a form\u00e1ln\u00ed nezam\u011bstnanost se pohybuje kolem 3 procent. Zlo\u010din a korupce nahlod\u00e1vaj\u00ed pr\u00e1vn\u00ed st\u00e1t; venkovsk\u00e9 rodiny \u010del\u00ed potravinov\u00e9 nejistot\u011b i na \u00farodn\u00e9 p\u016fd\u011b, zat\u00ed\u017een\u00e9 historick\u00fdmi vzorci rozd\u011blov\u00e1n\u00ed p\u016fdy.<\/p>\n<p>Muzea v hlavn\u00edm m\u011bst\u011b v\u0161ak sv\u011bd\u010d\u00ed o kulturn\u00ed obnov\u011b. Muzeum domorod\u00e9ho textilu a od\u011bv\u016f Ixchel vystavuje huipile s motivy p\u0159edk\u016f. Museo Popol Vuh p\u0159edstavuje nefritov\u00e9 poh\u0159ebn\u00ed masky, \u0161tukov\u00e9 reli\u00e9fy a kodexy p\u0159etvo\u0159en\u00e9 do trojrozm\u011brn\u00fdch dioramat. V men\u0161\u00edch m\u011bstech \u2013 jednom nebo v\u00edce v ka\u017ed\u00e9 z 329 obc\u00ed \u2013 se kur\u00e1to\u0159i staraj\u00ed o v\u00fdstavy p\u016fvodn\u00ed fl\u00f3ry, c\u00edrkevn\u00edho um\u011bn\u00ed a n\u00e1stroj\u016f ka\u017edodenn\u00ed pr\u00e1ce a uchov\u00e1vaj\u00ed tak p\u0159\u00edb\u011bhy, kter\u00e9 by jinak mohly upadnout v zapomn\u011bn\u00ed.<\/p>\n<p>Uprost\u0159ed tohoto d\u011bdictv\u00ed Guatemala odhaluje sv\u016fj skute\u010dn\u00fd kompas: odolnost. Maysk\u00fd kalend\u00e1\u0159, vytesan\u00fd do svatyn\u00ed osv\u011btlen\u00fdch soumrakem, p\u0159ipom\u00edn\u00e1 n\u00e1v\u0161t\u011bvn\u00edk\u016fm, \u017ee obdob\u00ed rozkv\u011btu n\u00e1sleduj\u00ed po ta\u017een\u00edch sv\u00e1r\u016f. Nap\u0159\u00ed\u010d zaplaven\u00fdmi savanami a sope\u010dn\u00fdmi \u0159\u00edmsami, mezi koloni\u00e1ln\u00edmi fas\u00e1dami a vesnick\u00fdmi n\u00e1m\u011bst\u00edmi, kde trhy pulzuj\u00ed s kuku\u0159ic\u00ed a k\u00e1vou, republika p\u0159etrv\u00e1v\u00e1 jako n\u00e1doba pam\u011bti. Proch\u00e1zet jej\u00edmi cestami znamen\u00e1 proch\u00e1zet epochami: tichem d\u017eungle, hlukem sbor\u016f v malovan\u00fdch kapl\u00edch, dun\u011bn\u00edm tektonick\u00fdch desek pod nohama. Znamen\u00e1 to st\u00e1t na st\u0159etu starov\u011bk\u00e9ho proroctv\u00ed a modern\u00edch aspirac\u00ed, kde k\u00e1men \u2013 a\u017e do posledn\u00edho \u00falomku obsidi\u00e1nu \u2013 sv\u011bd\u010d\u00ed o jedin\u00e9 kapitole v lidsk\u00fdch d\u011bjin\u00e1ch.<\/p>","protected":false},"excerpt":{"rendered":"<p>Guatemala s odhadovanou populac\u00ed p\u0159ibli\u017en\u011b 17,6 milionu obyvatel je nejlidnat\u011bj\u0161\u00edm n\u00e1rodem St\u0159edn\u00ed Ameriky. Honduras, ofici\u00e1ln\u011b zn\u00e1m\u00fd jako Guatemalsk\u00e1 republika, s n\u00edm hrani\u010d\u00ed na v\u00fdchod\u011b, s Mexikem na severu a z\u00e1pad\u011b, s Belize na severov\u00fdchod\u011b a s Salvadorem na jihov\u00fdchod\u011b. Hydrologicky ji na severov\u00fdchod\u011b om\u00fdv\u00e1 Hondurask\u00fd z\u00e1liv a na jihu Tich\u00fd oce\u00e1n.<\/p>","protected":false},"author":1,"featured_media":4397,"parent":24084,"menu_order":0,"comment_status":"closed","ping_status":"closed","template":"elementor_theme","meta":{"_eb_attr":"","footnotes":""},"class_list":["post-9021","page","type-page","status-publish","has-post-thumbnail"],"_links":{"self":[{"href":"https:\/\/travelshelper.com\/cs\/wp-json\/wp\/v2\/pages\/9021","targetHints":{"allow":["GET"]}}],"collection":[{"href":"https:\/\/travelshelper.com\/cs\/wp-json\/wp\/v2\/pages"}],"about":[{"href":"https:\/\/travelshelper.com\/cs\/wp-json\/wp\/v2\/types\/page"}],"author":[{"embeddable":true,"href":"https:\/\/travelshelper.com\/cs\/wp-json\/wp\/v2\/users\/1"}],"replies":[{"embeddable":true,"href":"https:\/\/travelshelper.com\/cs\/wp-json\/wp\/v2\/comments?post=9021"}],"version-history":[{"count":0,"href":"https:\/\/travelshelper.com\/cs\/wp-json\/wp\/v2\/pages\/9021\/revisions"}],"up":[{"embeddable":true,"href":"https:\/\/travelshelper.com\/cs\/wp-json\/wp\/v2\/pages\/24084"}],"wp:featuredmedia":[{"embeddable":true,"href":"https:\/\/travelshelper.com\/cs\/wp-json\/wp\/v2\/media\/4397"}],"wp:attachment":[{"href":"https:\/\/travelshelper.com\/cs\/wp-json\/wp\/v2\/media?parent=9021"}],"curies":[{"name":"wp","href":"https:\/\/api.w.org\/{rel}","templated":true}]}}