{"id":9003,"date":"2024-09-06T21:27:36","date_gmt":"2024-09-06T21:27:36","guid":{"rendered":"https:\/\/travelshelper.com\/staging\/?page_id=9003"},"modified":"2026-03-13T17:25:59","modified_gmt":"2026-03-13T17:25:59","slug":"trinidad-a-tobago","status":"publish","type":"page","link":"https:\/\/travelshelper.com\/cs\/destinations\/north-america\/trinidad-and-tobago\/","title":{"rendered":"Trinidad a Tobago"},"content":{"rendered":"<p>Trinidad a Tobago je nejji\u017en\u011bj\u0161\u00ed karibskou republikou, souostrovn\u00edm st\u00e1tem, kter\u00fd zdob\u00ed dva hlavn\u00ed ostrovy \u2013 Trinidad o rozloze 4 768 km\u00b2 a Tobago o rozloze 300 km\u00b2 \u2013 spojen\u00e9 37kilometrov\u00fdm pr\u016flivem v \u010dist\u00fdch tropick\u00fdch vod\u00e1ch. Na sv\u00e9 pevnine o rozloze 5 128 km\u00b2 \u017eije zhruba 1,5 milionu obyvatel a v zahrani\u010d\u00ed \u017eije p\u0159es 335 000 lid\u00ed z diaspory. Le\u017e\u00ed pouh\u00fdch 11 kilometr\u016f severov\u00fdchodn\u011b od Venezuely a 130 kilometr\u016f ji\u017en\u011b od Grenady. Administrativn\u00ed centrum Port of Spain kontrastuje s Chaguanas, nejlidnat\u011bj\u0161\u00ed obc\u00ed zem\u011b, kter\u00e1 se nach\u00e1z\u00ed uprost\u0159ed \u00farodn\u00e9ho v\u00fdchodoz\u00e1padn\u00edho koridoru. Tato republika, pracovit\u00e1 i kulturn\u00ed, prol\u00edn\u00e1 geologii, historii, ekonomiku a slavnosti do jedine\u010dn\u00e9ho gobel\u00ednu, kter\u00fd je typick\u00fd pro jej\u00ed polohu na ji\u017en\u00ed polokouli.<\/p>\n<p>Tyto \u00fatvary se vyno\u0159uj\u00ed z kontinent\u00e1ln\u00edho \u0161elfu Ji\u017en\u00ed Ameriky, jeho\u017e tektonick\u00e1 linie formovala dv\u011b horsk\u00e9 oblasti a n\u00ed\u017einy. Na Trinidadu se Severn\u00ed poho\u0159\u00ed t\u00e1hne pod\u00e9l pob\u0159e\u017e\u00ed v rozeklan\u00e9m pruhu, jeho\u017e nejvy\u0161\u0161\u00ed vrchol \u2013 El Cerro del Aripo \u2013 se ty\u010d\u00ed do 940 metr\u016f nad mo\u0159em; nedalek\u00fd El Tucuche se ty\u010d\u00ed do 936 metr\u016f. Pod t\u00edmto p\u00e1te\u0159\u00ed le\u017e\u00ed aluvi\u00e1ln\u00ed \u00fadol\u00ed, \u00farodn\u00e1 a pol\u00edben\u00e1 tis\u00edcilet\u00edmi sediment\u016f, zat\u00edmco Centr\u00e1ln\u00ed a Ji\u017en\u00ed poho\u0159\u00ed, a\u010dkoli maj\u00ed skromnou nadmo\u0159skou v\u00fd\u0161ku, ovliv\u0148uj\u00ed tok \u0159ek, kter\u00e9 nap\u00e1jej\u00ed n\u00e1dr\u017ee, jako jsou Hollis, Navet a Caroni. Topografie Tobaga se naopak d\u011bl\u00ed na jihoz\u00e1padn\u00ed n\u00ed\u017einu a v\u00fdchodn\u00ed vyso\u010dinu, jej\u00ed\u017e vrchol, Pigeon Peak, dosahuje 550 metr\u016f. Jeho b\u0159ehy lemuj\u00ed kor\u00e1lov\u00e9 \u00fatesy, kter\u00e9 nab\u00edzej\u00ed podvodn\u00ed slo\u017eitost, je\u017e dopl\u0148uje dramatick\u00e9 vrcholy ve vnitrozem\u00ed.<\/p>\n<p>Klima, rovn\u00edkov\u00e9, ale m\u00edrn\u011bn\u00e9 pas\u00e1ty, se projevuje n\u00ed\u017einn\u00fdm horkem, kter\u00e9 je p\u0159eru\u0161ov\u00e1no dv\u011bma odli\u0161n\u00fdmi obdob\u00edmi: suchou f\u00e1z\u00ed od ledna do kv\u011btna a n\u00e1sledn\u00fdm obdob\u00edm de\u0161\u0165\u016f. Severov\u00fdchodn\u00ed v\u00e1nek zm\u00edr\u0148uje vlhkost pob\u0159e\u017e\u00ed, zat\u00edmco mlhy a mraky zahaluj\u00ed Severn\u00ed poho\u0159\u00ed do t\u00e9m\u011b\u0159 konstantn\u00ed vlhkosti, co\u017e povzbuzuje r\u016fst de\u0161tn\u00fdch prales\u016f mnohem chladn\u011bji ne\u017e na pl\u00e1n\u00edch. Hurik\u00e1ny se z\u0159\u00eddka vyd\u00e1vaj\u00ed tak daleko na jih, a\u010dkoli Tobago p\u0159ipom\u00edn\u00e1 stopy hurik\u00e1nu Flora z 30. z\u00e1\u0159\u00ed 1963, co\u017e je v jeho meteorologick\u00fdch an\u00e1lech rarita. Rekordn\u00ed teploty v Port of Spain dosahuj\u00ed 39 \u00b0C a ve vyv\u00fd\u0161en\u00fdch oblastech mohou klesnout a\u017e na 12 \u00b0C, co\u017e podtrhuje klimatickou amplitudu formovanou sp\u00ed\u0161e nadmo\u0159skou v\u00fd\u0161kou ne\u017e pouze zem\u011bpisnou \u0161\u00ed\u0159kou.<\/p>\n<p>Lidsk\u00e9 kroniky ostrov\u016f sleduj\u00ed os\u00eddlen\u00ed domorod\u00fdch obyvatel dlouho p\u0159ed Kolumbovou n\u00e1jezdou v roce 1498. Po \u0161pan\u011blsk\u00e9 nadvl\u00e1d\u011b p\u0159e\u0161el Trinidad pod britsk\u00e9 velen\u00ed v roce 1797, form\u00e1ln\u011b postoupen v roce 1802 a sjednotil se s Tobagem v roce 1889; suver\u00e9nn\u00ed status dos\u00e1hl v roce 1962 a v roce 1976 n\u00e1sledoval republik\u00e1nsk\u00fd status. Tyto vrstvy spr\u00e1vy a migrace odk\u00e1zaly spole\u010dnost, kde se sb\u00edh\u00e1 africk\u00e9, indick\u00e9, evropsk\u00e9, \u010d\u00ednsk\u00e9, indi\u00e1nsk\u00e9 a arabsk\u00e9 d\u011bdictv\u00ed. Kreol\u0161tina vzkv\u00e9t\u00e1 vedle v\u00fdchodoindick\u00fdch tradic; synkretick\u00e9 rytmy pronikaj\u00ed do ka\u017edodenn\u00edho \u017eivota.<\/p>\n<p>Ropa a plyn p\u0159edstavuj\u00ed hlavn\u00ed pr\u016fmyslovou \u017e\u00edlu zem\u011b, co\u017e ji odli\u0161uje od karibsk\u00fdch prot\u011bj\u0161k\u016f, kte\u0159\u00ed jsou \u010dasto z\u00e1visl\u00ed na cestovn\u00edm ruchu. Bohat\u00e9 z\u00e1soby uhlovod\u00edk\u016f jsou z\u00e1kladem HDP na obyvatele, kter\u00e9 ji \u0159ad\u00ed do celosv\u011btov\u00e9 kategorie s vysok\u00fdmi p\u0159\u00edjmy, co\u017e bylo upevn\u011bno, kdy\u017e OECD v roce 2011 zemi p\u0159eklasifikovala z kategorie rozvojov\u00fdch zem\u00ed. V\u00fdroba \u2013 potraviny, n\u00e1poje, cement \u2013 \u200b\u200bslou\u017e\u00ed region\u00e1ln\u00edm trh\u016fm, zat\u00edmco zem\u011bd\u011blstv\u00ed p\u0159isp\u00edv\u00e1 kakaem a citrusy. Cestovn\u00ed ruch, a\u010dkoli nen\u00ed ekonomick\u00fdm pil\u00ed\u0159em jako jinde, si z\u00edsk\u00e1v\u00e1 st\u00e1le v\u011bt\u0161\u00ed pozornost, zejm\u00e9na na pob\u0159e\u017e\u00ed Tobaga.<\/p>\n<p>Karneval, symbol n\u00e1rodn\u00ed identity, je p\u0159\u00edkladem t\u00e9to kulturn\u00ed f\u00faze. Pouli\u010dn\u00ed pr\u016fvody rozz\u00e1\u0159\u00ed ka\u017ed\u00fd \u00fanor nebo b\u0159ezen Port of Spain, kde kost\u00fdmovan\u00ed vesel\u00edci oslavuj\u00ed pion\u00fdry calypso a soca; steelpanov\u00e9 orchestry hovo\u0159\u00ed v melodi\u00edch zrozen\u00fdch z africk\u00e9 vynal\u00e9zavosti; limbo tane\u010dn\u00edci vyjad\u0159uj\u00ed vzdor gravitaci. Oslavy Hosay a ceremoni\u00e1ly s rozsv\u00edcen\u00edm Diwali ozna\u010duj\u00ed n\u00e1bo\u017eensk\u00e9 kalend\u00e1\u0159e, zat\u00edmco chutney a parang rezonuj\u00ed jako hybridn\u00ed hudebn\u00ed dialekty. Den p\u0159\u00edjezdu Ind\u016f i Den emancipace maj\u00ed jedine\u010dn\u00fd status jako n\u00e1rodn\u00ed sv\u00e1tky uzn\u00e1vaj\u00edc\u00ed indance a emancipaci \u2013 prvn\u00ed takov\u00e9 ofici\u00e1ln\u00ed uzn\u00e1n\u00ed na sv\u011bt\u011b.<\/p>\n<p>Dopravn\u00ed s\u00edt\u011b odr\u00e1\u017eej\u00ed dualitu modern\u00ed popt\u00e1vky a p\u0159\u00edrodn\u00edch omezen\u00ed. D\u00e1lnice \u2013 Uriah Butler, Churchill\u2013Roosevelt a Sir Solomon Hochoy \u2013 prot\u00ednaj\u00ed os\u00eddlen\u00fd koridor Trinidadu, zat\u00edmco Tobago se pro vnitrozemsk\u00e9 spojen\u00ed spol\u00e9h\u00e1 na d\u00e1lnici Claude Noel. Tyto tepny prot\u00ednaj\u00ed ve\u0159ejn\u00e9 autobusy, soukrom\u00e9 tax\u00edky a minibusy. Trajekty a vodn\u00ed taxi spojuj\u00ed Port of Spain se Scarborough a San Fernando; vzduchem st\u00e1le proch\u00e1z\u00ed mezin\u00e1rodn\u00ed leti\u0161t\u011b Piarco a mezin\u00e1rodn\u00ed leti\u0161t\u011b ANR Robinson. Leti\u0161t\u011b Piarco, slavnostn\u011b otev\u0159en\u00e9 v roce 1931 a po cel\u00e1 desetilet\u00ed p\u0159estavovan\u00e9, z\u00edskalo v roce 2023 ocen\u011bn\u00ed Skytrax za nejlep\u0161\u00ed karibsk\u00e9 leti\u0161t\u011b, v roce 2008 odbavilo p\u0159ibli\u017en\u011b 2,6 milionu cestuj\u00edc\u00edch a slou\u017e\u00ed jako uzlov\u00e9 leti\u0161t\u011b Caribbean Airlines.<\/p>\n<p>Pob\u0159e\u017en\u00ed okraje republiky odhaluj\u00ed panorama pl\u00e1\u017e\u00ed, jejich\u017e charakter se v\u00fdrazn\u011b li\u0161\u00ed. Severn\u00ed pob\u0159e\u017e\u00ed Trinidadu se py\u0161n\u00ed prachov\u00fdm p\u00edskem a k\u0159i\u0161\u0165\u00e1lov\u011b krystalick\u00fdm p\u0159\u00edbojem u Maracas a Las Cuevas; v\u00fdchodn\u00ed p\u0159\u00edstup k Mayaru nab\u00edz\u00ed \u0161ir\u0161\u00ed plochy p\u00edsku z mu\u0161l\u00ed. Vody Quinamu nesou sediment\u00e1rn\u00ed otisk \u0159eky Orinoco, kter\u00fd jim dod\u00e1v\u00e1 teplej\u0161\u00ed odst\u00edn. Naproti tomu Pigeon Point a Englishman&#039;s Bay na Tobagu z\u016fst\u00e1vaj\u00ed uk\u00e1zkov\u00fdm p\u0159\u00edkladem karibsk\u00e9 idyly \u2013 b\u00edl\u00fd p\u00edsek om\u00fdvan\u00fd klidn\u00fdmi lagunami, kor\u00e1lov\u00e9 zahrady na dosah ruky.<\/p>\n<p>Ba\u017einat\u00e9 ekosyst\u00e9my d\u00e1le diverzifikuj\u00ed ekologick\u00e9 portfolio Trinidadu. Ba\u017eina Caroni, mangrovov\u00e1 rezervace, za soumraku host\u00ed hejna ibis\u016f \u0161arlatov\u00fdch, jejich\u017e letov\u00e9 oblouky maluj\u00ed rum\u011blkov\u00e9 pruhy na rozp\u00e1len\u00e9 obloze. Nariva, na v\u00fdchod\u011b, podporuje sladkovodn\u00ed ba\u017einy, kde se da\u0159\u00ed kajman\u016fm a vodn\u00edmu ptactvu. Tyto mok\u0159ady, ned\u00edlnou sou\u010d\u00e1st\u00ed rybolovu a protipovod\u0148ov\u00e9 ochrany, jsou p\u0159\u00edkladem souhry p\u016fdy, vody a divok\u00e9 zv\u011b\u0159e, na kter\u00e9 z\u00e1vis\u00ed m\u00edstn\u00ed ob\u017eiva.<\/p>\n<p>M\u011bstsk\u00fd \u017eivot se to\u010d\u00ed kolem listnat\u00fdch bulv\u00e1r\u016f a koloni\u00e1ln\u00edch poz\u016fstatk\u016f v Port of Spain, ale nem\u00e9n\u011b \u017eiv\u00e9 jsou i trhy v Chaguanas a promen\u00e1dy u \u0159eky v San Fernando. No\u010dn\u00ed \u017eivot t\u00edhne do oblast\u00ed, jako je Ariapita Avenue v Port of Spain, kde se z venkovn\u00edch kiosk\u016f oz\u00fdv\u00e1 ocelov\u00fd pan; kluby v Chaguaramas pulzuj\u00ed a\u017e do \u00fasvitu, i kdy\u017e neopatrn\u00e9 n\u00e1v\u0161t\u011bvn\u00edky je t\u0159eba db\u00e1t na opatrnost. Kulturn\u00ed kalend\u00e1\u0159 republiky zahrnuje hinduistick\u00e9 festivaly od Phagwah po Ganesh Utsav, k\u0159es\u0165ansk\u00e9 sv\u00e1tky od postn\u00ed doby do Corpus Christi, muslimsk\u00e9 oslavy v\u010detn\u011b Eid al-Fitr a Hosay a p\u0159ipom\u00ednky africk\u00e9ho a domorod\u00e9ho d\u011bdictv\u00ed.<\/p>\n<p>Indexy vzd\u011bl\u00e1v\u00e1n\u00ed a zdrav\u00ed odr\u00e1\u017eej\u00ed st\u00e1tn\u00ed investice soub\u011b\u017en\u011b s ekonomickou prosperitou. M\u00edra gramotnosti se pohybuje na \u00farovni univerz\u00e1ln\u00ed; z\u00e1kladn\u00ed a st\u0159edn\u00ed \u0161koly se nach\u00e1zej\u00ed v ka\u017ed\u00e9m regionu, zat\u00edmco terci\u00e1rn\u00ed vzd\u011bl\u00e1v\u00e1n\u00ed p\u0159itahuje dom\u00e1c\u00ed i karibsk\u00e9 studenty. Ve\u0159ejn\u00e9 zdravotnictv\u00ed, poskytovan\u00e9 prost\u0159ednictv\u00edm s\u00edt\u011b nemocnic a klinik, zaji\u0161\u0165uje o\u010dkovac\u00ed programy, slu\u017eby mate\u0159sk\u00e9 p\u00e9\u010de a sledov\u00e1n\u00ed tropick\u00fdch nemoc\u00ed.<\/p>\n<p>V r\u00e1mci region\u00e1ln\u00ed geopolitiky Karibsk\u00e9ho spole\u010denstv\u00ed m\u00e1 Trinidad a Tobago ne\u00fam\u011brn\u00fd vliv jako dodavatel energie, diplomatick\u00fd partner a kulturn\u00ed maj\u00e1k. Jeho ropa a zkapaln\u011bn\u00fd zemn\u00ed plyn posiluj\u00ed men\u0161\u00ed sousedy, zat\u00edmco jeho karneval p\u0159itahuje turisty a um\u011blce z cel\u00e9 polokoule. Diasporn\u00ed komunity v Severn\u00ed Americe a Evrop\u011b udr\u017euj\u00ed nadn\u00e1rodn\u00ed vazby, pos\u00edlaj\u00ed finan\u010dn\u00ed p\u0159evody a zachov\u00e1vaj\u00ed kulin\u00e1\u0159sk\u00e9 a hudebn\u00ed tradice v zahrani\u010d\u00ed.<\/p>\n<p>Budouc\u00ed vyhl\u00eddky republiky z\u00e1vis\u00ed na \u00fasil\u00ed o diverzifikaci \u2013 pilotn\u00edch projektech v oblasti obnoviteln\u00fdch zdroj\u016f energie, ekoturistick\u00fdch iniciativ\u00e1ch v chr\u00e1n\u011bn\u00fdch les\u00edch a turistick\u00fdch tras\u00e1ch zam\u011b\u0159en\u00fdch na historick\u00e9 pam\u00e1tky, kter\u00e9 propojuj\u00ed indi\u00e1nsk\u00e9 lokality s koloni\u00e1ln\u00ed architekturou. Vl\u00e1dn\u00ed pl\u00e1ny po\u010d\u00edtaj\u00ed s v\u00fdstavbou koridor\u016f lehk\u00e9 \u017eeleznice v Trinidadu, a\u010dkoli takov\u00e9 projekty z\u016fst\u00e1vaj\u00ed jen sp\u00ed\u0161e ambici\u00f3zn\u00ed. Tobago se sna\u017e\u00ed vyv\u00e1\u017eit ochranu sv\u00fdch \u00fates\u016f s udr\u017eiteln\u00fdm rozvojem pob\u0159e\u017e\u00ed. Tyto iniciativy, kter\u00e9 vznikaj\u00ed na z\u00e1klad\u011b dlouhodob\u00fdch partnerstv\u00ed mezi st\u00e1tem a soukrom\u00fdm sektorem, odr\u00e1\u017eej\u00ed ostrovn\u00ed st\u00e1t, kter\u00fd si je z\u00e1rove\u0148 v\u011bdom sv\u00e9ho ekologick\u00e9ho bohatstv\u00ed a je odhodl\u00e1n roz\u0161\u00ed\u0159it sv\u00e9 ekonomick\u00e9 z\u00e1klady.<\/p>\n<p>A\u010dkoli Trinidad a Tobago formovalo bohatstv\u00ed z ropy, skute\u010dn\u00e9 bohatstv\u00ed se projevuje v jeho spole\u010densk\u00e9m tavic\u00edm kotli \u2013 kde se oz\u00fdvaj\u00ed bubny a sit\u00e1ry, kde ocel rezonuje s koloni\u00e1ln\u00edm zdivem, kde mangrovy filtruj\u00ed \u0159\u00ed\u010dn\u00ed vody a kde si lid\u00e9 nesou historii v pam\u011bti i melodii. Pr\u00e1v\u011b zde p\u0159etrv\u00e1v\u00e1 podstata n\u00e1roda: \u0159\u00ed\u0161e, kde se geografie, kultura a podnik\u00e1n\u00ed sb\u00edhaj\u00ed na ji\u017en\u00edm okraji Karibiku a odhaluj\u00ed odolnost a kreativitu, kterou \u017e\u00e1dn\u00e1 mapa sama o sob\u011b nedok\u00e1\u017ee vyj\u00e1d\u0159it.<\/p>\n<p>Stru\u010dn\u011b \u0159e\u010deno, Republika Trinidad a Tobago se vyzna\u010duje jedine\u010dnou sm\u011bsic\u00ed geologick\u00e9 kontinuity s Ji\u017en\u00ed Amerikou, pracovit\u00e9 ekonomiky zakotven\u00e9 v uhlovod\u00edc\u00edch a kulturn\u00ed vitality zako\u0159en\u011bn\u00e9 v africk\u00e9m, indi\u00e1nsk\u00e9m a domorod\u00e9m d\u011bdictv\u00ed. Jej\u00ed dva ostrovy, sjednocen\u00e9, ale odli\u0161n\u00e9, se t\u00e1hnou od horsk\u00fdch h\u0159eben\u016f ke kor\u00e1lov\u00fdm \u00fates\u016fm, od m\u011bstsk\u00e9ho shonu k tichu mangrovov\u00fdch porost\u016f. B\u011bhem stalet\u00ed kolonizace a autonomie si jej\u00ed obyvatel\u00e9 utv\u00e1\u0159eli spole\u010dnost, kter\u00e1 se vyzna\u010duje festivaly, hudbou a komunitn\u00edm duchem. Tento n\u00e1rod s dv\u011bma ostrovy tak stoj\u00ed na k\u0159i\u017eovatce tradic a transformace \u2013 jeho budouc\u00ed sm\u011b\u0159ov\u00e1n\u00ed je stejn\u011b rozmanit\u00e9 jako jeho krajina, jeho srdce je stejn\u011b pevn\u00e9 jako jeho v\u011btrem o\u0161lehan\u00e9 b\u0159ehy.<\/p>","protected":false},"excerpt":{"rendered":"<p>Trinidad a Tobago, d\u0159\u00edve Republika Trinidad a Tobago, je nejji\u017en\u011bj\u0161\u00ed zem\u00ed v Karibiku. Tento dynamick\u00fd n\u00e1rod se skl\u00e1d\u00e1 z hlavn\u00edch ostrov\u016f Trinidadu a Tobaga a tak\u00e9 z mnoha men\u0161\u00edch ostrov\u016f. Jejich v\u00fdhodn\u00e1 poloha je pouh\u00fdch 130 kilometr\u016f ji\u017en\u011b od Grenady a 11 kilometr\u016f od severov\u00fdchodn\u00edho pob\u0159e\u017e\u00ed Venezuely. Grenada na severoz\u00e1pad\u011b, Barbados na v\u00fdchod\u011b a Venezuela na jihu a z\u00e1pad\u011b maj\u00ed s touto zem\u00ed n\u00e1mo\u0159n\u00ed hranice. V\u011bt\u0161ina lid\u00ed se shoduje na tom, \u017ee Trinidad a Tobago pat\u0159\u00ed do Z\u00e1padn\u00ed Indie, \u00fazem\u00ed zn\u00e1m\u00e9ho bohat\u00fdm kulturn\u00edm d\u011bdictv\u00edm a historick\u00fdm v\u00fdznamem. Hlavn\u00edm m\u011bstem je Port of Spain; Chaguanas je nejv\u011bt\u0161\u00ed a nejlidnat\u011bj\u0161\u00ed obec.<\/p>","protected":false},"author":1,"featured_media":4419,"parent":24084,"menu_order":0,"comment_status":"closed","ping_status":"closed","template":"elementor_theme","meta":{"_eb_attr":"","footnotes":""},"class_list":["post-9003","page","type-page","status-publish","has-post-thumbnail"],"_links":{"self":[{"href":"https:\/\/travelshelper.com\/cs\/wp-json\/wp\/v2\/pages\/9003","targetHints":{"allow":["GET"]}}],"collection":[{"href":"https:\/\/travelshelper.com\/cs\/wp-json\/wp\/v2\/pages"}],"about":[{"href":"https:\/\/travelshelper.com\/cs\/wp-json\/wp\/v2\/types\/page"}],"author":[{"embeddable":true,"href":"https:\/\/travelshelper.com\/cs\/wp-json\/wp\/v2\/users\/1"}],"replies":[{"embeddable":true,"href":"https:\/\/travelshelper.com\/cs\/wp-json\/wp\/v2\/comments?post=9003"}],"version-history":[{"count":0,"href":"https:\/\/travelshelper.com\/cs\/wp-json\/wp\/v2\/pages\/9003\/revisions"}],"up":[{"embeddable":true,"href":"https:\/\/travelshelper.com\/cs\/wp-json\/wp\/v2\/pages\/24084"}],"wp:featuredmedia":[{"embeddable":true,"href":"https:\/\/travelshelper.com\/cs\/wp-json\/wp\/v2\/media\/4419"}],"wp:attachment":[{"href":"https:\/\/travelshelper.com\/cs\/wp-json\/wp\/v2\/media?parent=9003"}],"curies":[{"name":"wp","href":"https:\/\/api.w.org\/{rel}","templated":true}]}}