{"id":8991,"date":"2024-09-06T18:39:21","date_gmt":"2024-09-06T18:39:21","guid":{"rendered":"https:\/\/travelshelper.com\/staging\/?page_id=8991"},"modified":"2026-03-13T21:29:18","modified_gmt":"2026-03-13T21:29:18","slug":"zlute-prameny","status":"publish","type":"page","link":"https:\/\/travelshelper.com\/cs\/destinations\/north-america\/united-states\/yellow-springs\/","title":{"rendered":"\u017dlut\u00e9 Prameny"},"content":{"rendered":"<p>Yellow Springs v Ohiu je mal\u00e1 vesnice s pouh\u00fdmi 3 697 obyvateli (s\u010d\u00edt\u00e1n\u00ed lidu z roku 2020). Le\u017e\u00ed v okrese Greene a je sou\u010d\u00e1st\u00ed metropolitn\u00ed oblasti Dayton. A\u010dkoli je po\u010det obyvatel mal\u00fd, v posledn\u00edch desetilet\u00edch se jeho populace pohybovala mezi 3 500 a 4 000.<\/p>\n<p>V\u011bt\u0161ina obyvatel vesnice je b\u00edl\u00e1 (kolem 78 % v roce 2010) s v\u00fdznamnou \u010derno\u0161skou men\u0161inou (asi 12 %). Hisp\u00e1n\u0161t\u00ed\/latinskoameri\u010dt\u00ed obyvatel\u00e9 tvo\u0159\u00ed jen n\u011bkolik procent. Yellow Springs m\u00e1 star\u0161\u00ed populaci: st\u0159edn\u00ed v\u011bk byl 48,5 let (2010), co\u017e je v\u00edce ne\u017e celost\u00e1tn\u00ed pr\u016fm\u011br. Velk\u00e1 \u010d\u00e1st dom\u00e1cnost\u00ed netvo\u0159\u00ed rodiny nebo jednotlivci \u017eij\u00edc\u00ed sami (co\u017e zahrnuje studenty, d\u016fchodce a dom\u00e1cnosti s jednou osobou). Z ekonomick\u00e9ho hlediska jsou p\u0159\u00edjmy st\u0159edn\u00ed: st\u0159edn\u00ed v\u011bk dom\u00e1cnost\u00ed v roce 2010 \u010dinil ~56 000 USD a pouze asi 6,7 % rodin se nach\u00e1z\u00ed pod hranic\u00ed chudoby. \u00darove\u0148 vzd\u011bl\u00e1n\u00ed je vysok\u00e1 \u2013 mnoho m\u00edstn\u00edch obyvatel m\u00e1 vysoko\u0161kolsk\u00e9 vzd\u011bl\u00e1n\u00ed, \u010d\u00e1ste\u010dn\u011b d\u00edky p\u0159\u00edtomnosti Antioch College.<\/p>\n<p>Ekonomika Yellow Springs je eklektick\u00e1. Je zn\u00e1m\u00e1 maloobchodem a cestovn\u00edm ruchem: v centru YS se nach\u00e1z\u00ed p\u0159es 100 obchod\u016f, galeri\u00ed a kav\u00e1ren na dvou bloc\u00edch. Mnoh\u00e9 z nich vlastn\u00ed m\u00edstn\u00ed um\u011blci nebo \u0159emesln\u00edci, co\u017e odr\u00e1\u017e\u00ed d\u016fraz vesnice na um\u011bn\u00ed, \u0159emesla a biopotraviny. Antioch College, mal\u00e1 \u0161kola svobodn\u00fdch um\u011bn\u00ed, byla historicky v\u00fdznamn\u00fdm m\u00edstn\u00edm zam\u011bstnavatelem (a po kr\u00e1tk\u00e9m uzav\u0159en\u00ed byla znovu otev\u0159ena v roce 2011). Svou roli hraje i zem\u011bd\u011blstv\u00ed (ml\u00e9\u010dn\u00e9 farmy jako Young&#039;s Jersey Dairy): Young&#039;s Dairy je jednou z nejv\u011bt\u0161\u00edch ml\u00e9k\u00e1ren v Ohiu a slou\u017e\u00ed jako obl\u00edben\u00e9 m\u00edsto s minigolfem a kontaktn\u00ed zoo. Medi\u00e1n p\u0159\u00edjm\u016f (jak ji\u017e bylo uvedeno) je slu\u0161n\u00fd, ale domy jsou dra\u017e\u0161\u00ed, ne\u017e by se dalo o\u010dek\u00e1vat ve venkovsk\u00e9m Ohiu, a to kv\u016fli popt\u00e1vce ze strany cizinc\u016f (um\u011blc\u016f, technick\u00fdch pracovn\u00edk\u016f), kte\u0159\u00ed se sem st\u011bhuj\u00ed. Stru\u010dn\u011b \u0159e\u010deno, Yellow Springs funguje jako \u00fazk\u00e9 boh\u00e9msk\u00e9 centrum \u2013 jeho ekonomika do zna\u010dn\u00e9 m\u00edry slou\u017e\u00ed m\u00edstn\u00edm obyvatel\u016fm a n\u00e1v\u0161t\u011bvn\u00edk\u016fm, kter\u00e9 p\u0159itahuje jeho jedine\u010dnost.<\/p>\n<p>Yellow Springs se nach\u00e1z\u00ed v jihoz\u00e1padn\u00edm Ohiu, zhruba 48 km v\u00fdchodn\u011b od Daytonu a 80 km z\u00e1padn\u011b od Columbusu. Le\u017e\u00ed v nadmo\u0159sk\u00e9 v\u00fd\u0161ce asi 320 metr\u016f v \u00fadol\u00ed \u0159eky Little Miami. Tato oblast je m\u00edrn\u011b zvln\u011bn\u00e1, je sou\u010d\u00e1st\u00ed podh\u016f\u0159\u00ed Apala\u010dsk\u00fdch hor a p\u0159ech\u00e1z\u00ed do zaledn\u011bn\u00fdch pl\u00e1n\u00ed. Ji\u017en\u011b od m\u011bsta te\u010de \u0159eka Little Miami Scenic River (n\u00e1rodn\u00ed divok\u00e1 a malebn\u00e1 \u0159eka) s v\u00e1pencov\u00fdmi roklemi po stran\u00e1ch.<\/p>\n<p>Vesnice le\u017e\u00ed mezi zalesn\u011bn\u00fdmi st\u00e1tn\u00edmi parky (na severu a z\u00e1pad\u011b) a otev\u0159enou zem\u011bd\u011blskou p\u016fdou (na v\u00fdchod\u011b). Je dob\u0159e situov\u00e1na v bl\u00edzkosti v\u0161ech mezist\u00e1tn\u00edch d\u00e1lnic; nejbli\u017e\u0161\u00ed hlavn\u00ed silnice je I-675 pobl\u00ed\u017e Daytonu. Yellow Springs se hl\u00e1s\u00ed k \u201est\u0159edoz\u00e1padn\u00edmu\u201c prost\u0159ed\u00ed: p\u016fdy jsou bohat\u00e9, krajina je zelen\u00e1 s listnat\u00fdmi lesy a pastvinami a kopce jsou poset\u00e9 potoky a jezery. Je to snadno dostupn\u00e9 \u00fato\u010di\u0161t\u011b z Cincinnati (asi 1 hodinu jihoz\u00e1padn\u011b) nebo Columbusu (1,5 hodiny v\u00fdchodn\u011b), ale kv\u016fli klikat\u00fdm okresn\u00edm silnic\u00edm p\u016fsob\u00ed jako odlehl\u00e1 vesni\u010dka.<\/p>\n<p>Yellow Springs m\u00e1 vlhk\u00e9 kontinent\u00e1ln\u00ed klima. L\u00e9ta jsou tepl\u00e1 a n\u011bkdy vlhk\u00e1; denn\u00ed maxima se pr\u016fm\u011brn\u011b pohybuj\u00ed kolem 29\u201330 \u00b0C. Zimy mohou b\u00fdt chladn\u00e9: pr\u016fm\u011brn\u00e1 minima klesaj\u00ed na kolem \u20135 \u00b0C a sn\u00edh je b\u011b\u017en\u00fd (n\u011bkolik stop ro\u010dn\u011b). Na podzim a na ja\u0159e se objevuj\u00ed barevn\u00e9 listy, respektive kv\u011bty. Vesnice pro\u017e\u00edv\u00e1 v\u0161echna \u010dty\u0159i ro\u010dn\u00ed obdob\u00ed z\u0159eteln\u011b a p\u0159esto\u017ee je dob\u0159e zast\u00edn\u011bna stromy ve m\u011bst\u011b, m\u016f\u017ee se zde vyskytnout divok\u00e9 po\u010das\u00ed (v l\u00e9t\u011b bou\u0159ky, v zim\u011b ob\u010dasn\u00e9 ledov\u00e9 bou\u0159e). (Jeden cestovn\u00ed pr\u016fvodce uv\u00e1d\u00ed letn\u00ed maxima ~85 \u00b0F a zimn\u00ed minima ~21 \u00b0F, co\u017e je pro tuto oblast Ohia typick\u00e9.)<\/p>\n<p>\u017dlut\u00e9 prameny (Yellow Springs) maj\u00ed jedine\u010dn\u00fd utopick\u00fd p\u016fvod a bohatou minulost. Zalo\u017eili je stoupenci soci\u00e1ln\u00edho reform\u00e1tora Roberta Owena, jeho\u017e c\u00edlem bylo vytvo\u0159it utopickou komunitu po vzoru t\u00e9 v Indian\u011b. Novou vesnici pojmenovali podle \u201e\u017elut\u00fdch pramen\u016f\u201c \u2013 miner\u00e1ln\u00edch pramen\u016f bohat\u00fdch na \u017eelezo v oblasti, kter\u00e9 jsou proslul\u00e9 sv\u00fdmi zdravotn\u00edmi p\u0159\u00ednosy. Owenitsk\u00fd komun\u00e1ln\u00ed experiment se v\u0161ak b\u011bhem n\u011bkolika let rozpadl, a\u010dkoli m\u011bsto samo o sob\u011b p\u0159e\u017eilo. V roce 1856 bylo p\u0159ejmenov\u00e1no na za\u010dlen\u011bnou vesnici.<\/p>\n<p>Objev starov\u011bku a p\u0159\u00edrody sehr\u00e1l svou roli: na konci 19. stolet\u00ed p\u0159iv\u00e1d\u011bla do YS n\u00e1v\u0161t\u011bvn\u00edky \u017eeleznice Little Miami Railroad, aby se u pramen\u016f l\u00e9\u010dili. Star\u00e9 \u017eelezni\u010dn\u00ed n\u00e1dra\u017e\u00ed (nyn\u00ed kav\u00e1rna) st\u00e1le stoj\u00ed a p\u0159ipom\u00edn\u00e1 tuto dobu.<\/p>\n<p>V roce 1850 zde byla zalo\u017eena Antioch College (a\u010dkoli v\u00fduka za\u010dala a\u017e o n\u011bkolik let pozd\u011bji) s Horace Mannem jako jej\u00edm prvn\u00edm prezidentem. Antioch se proslavila progresivn\u00edm vzd\u011bl\u00e1v\u00e1n\u00edm a modelem studia zalo\u017een\u00e9 na praxi, kter\u00fd ve 20. letech 20. stolet\u00ed vyvinul prezident Arthur E. Morgan. To p\u0159itahovalo volnomy\u0161lenk\u00e1\u0159e a intelektu\u00e1ly. V pr\u016fb\u011bhu desetilet\u00ed si YS vybudovala \u201eboh\u00e9mskou\u201c pov\u011bst.<\/p>\n<p>Antiochsk\u00e1 univerzita (kter\u00e1 se od koleje odd\u011blila) v\u0161ak \u010delila finan\u010dn\u00ed krizi; v roce 2008 kolej zav\u0159ela, ale absolventi ji obnovili a znovu otev\u0159eli v roce 2011. Kolej se sv\u00fdm st\u00e1l\u00fdm p\u0159\u00edlivem student\u016f a akc\u00ed siln\u011b ovliv\u0148uje \u017eivot m\u011bsta. Mnoho fakulty a absolvent\u016f z\u016fst\u00e1v\u00e1 ve m\u011bst\u011b a ve 20. letech 20. stolet\u00ed zakl\u00e1d\u00e1 podniky, jako nap\u0159\u00edklad Antioch Bookplate (nyn\u00ed Creative Memories).<\/p>\n<p>Po cel\u00e9 20. stolet\u00ed z\u016fst\u00e1valy Yellow Springs \u00fato\u010di\u0161t\u011bm pro nekonformisty \u2013 um\u011blce, aktivisty a ekology. Jejich star\u00e9 centrum m\u011bsta (n\u011bkter\u00e9 budovy jsou nyn\u00ed v N\u00e1rodn\u00edm registru chr\u00e1n\u011bn\u00fdch pam\u00e1tek) a okoln\u00ed \u00fadol\u00ed (Glen Helen, Clifton Gorge) ji\u017e dlouho l\u00e1kaj\u00ed milovn\u00edky p\u0159\u00edrody. Dodnes p\u0159etrv\u00e1vaj\u00ed poz\u016fstatky t\u011bchto obdob\u00ed: viktori\u00e1nsk\u00e9 domy v mal\u00fdch m\u011bstech, komunitn\u00ed p\u0159\u00edrodn\u00ed rezervace Glen Helen (vstup zdarma) a pulzuj\u00edc\u00ed um\u011bleck\u00e1 sc\u00e9na, to v\u0161e sah\u00e1 a\u017e k odkazu inovac\u00ed a environmentalismu, kter\u00e9 byly v\u0161t\u00edpeny k jeho zalo\u017een\u00ed.<\/p>\n<p>Yellow Springs je zn\u00e1m\u00e9 pro p\u0159\u00e1telskou, sv\u00e9r\u00e1znou a progresivn\u00ed atmosf\u00e9ru. M\u00edstn\u00ed charakter: Angli\u010dtina je v\u0161eobecn\u011b roz\u0161\u00ed\u0159en\u00e1, ale \u010dasto uvid\u00edte tri\u010dka nebo samolepky na n\u00e1razn\u00edky hl\u00e1saj\u00edc\u00ed liber\u00e1ln\u00ed hodnoty, slogany \u201eZem\u011b na prvn\u00edm m\u00edst\u011b\u201c nebo vtipn\u00e9 slogany (m\u00edstn\u00ed legendou je, \u017ee politick\u00e9 ukazatele v Yellow Springs nikdy nejdou \u201e\u0161patn\u00fdm sm\u011brem\u201c v dob\u011b voleb!). Vesnice m\u00e1 rozhodn\u011b kontrakulturn\u00ed n\u00e1dech. Mnoho obyvatel jsou um\u011blci, u\u010ditel\u00e9 nebo soci\u00e1ln\u00ed pracovn\u00edci; naopak \u010d\u00e1st doj\u00ed\u017ed\u00ed do Daytonu za prac\u00ed v technick\u00fdch oborech. \u010casto zde najdete n\u011bkoho, jak hlad\u00ed psa na vod\u00edtku nebo proj\u00ed\u017ed\u00ed m\u011bstem na kole v \u017eabk\u00e1ch.<\/p>\n<p>Na svou velikost m\u00e1 YS p\u0159ekvapivou koncentraci um\u011bn\u00ed. \u010casto se zde konaj\u00ed vernis\u00e1\u017ee galeri\u00ed, folkov\u00e9 koncerty a experiment\u00e1ln\u00ed divadeln\u00ed p\u0159edstaven\u00ed. Rada pro um\u011bn\u00ed v Yellow Springs po\u0159\u00e1d\u00e1 ka\u017ed\u00fd srpen akce, jako je Art on the Lawn (v\u00edce ne\u017e 100 prodejc\u016f um\u011bn\u00ed a \u0159emesel). Dvakr\u00e1t ro\u010dn\u011b (v \u010dervnu a \u0159\u00edjnu) se v centru m\u011bsta kon\u00e1 Street Fair. To je hlavn\u00ed ud\u00e1lost: do centra o rozloze dvou blok\u016f se sj\u00ed\u017ed\u00ed p\u0159es 25 000 lid\u00ed, kte\u0159\u00ed se v\u011bnuj\u00ed \u017eiv\u00e9 hudb\u011b, j\u00eddlu a stovk\u00e1m \u0159emesln\u00fdch st\u00e1nk\u016f. (Fear je tak velk\u00fd, \u017ee se kon\u00e1 ka\u017ed\u00e9 dva roky \u2013 jednou v \u010dervnu, znovu v \u0159\u00edjnu a poka\u017ed\u00e9 nabije komunitu energi\u00ed.) M\u00edstn\u011b va\u0159en\u00e9 pivo, dom\u00e1c\u00ed zmrzlina (Young&#039;s Jersey Dairy) a bluegrassov\u00e9 nebo folkov\u00e9 kapely jsou st\u00e1licemi festival\u016f.<\/p>\n<p>Yellow Springs tak\u00e9 po\u0159\u00e1d\u00e1 men\u0161\u00ed akce: Florida Avenue Festival (pouli\u010dn\u00ed jarmark), venkovn\u00ed filmov\u00e9 projekce, \u010dten\u00ed poezie a sez\u00f3nn\u00ed farm\u00e1\u0159sk\u00e9 trhy. Je zde patrn\u00e1 protiv\u00e1le\u010dn\u00e1 a soci\u00e1ln\u00ed aktivistick\u00e1 vlna; shrom\u00e1\u017ed\u011bn\u00ed nebo pochody (n\u011bkdy veden\u00e9 studenty z Antiochie) nejsou neobvykl\u00e9. Uvid\u00edte v\u0161ak tak\u00e9 rodiny piknikuj\u00edc\u00ed na n\u00e1vsi, v \u00fater\u00fd lekce j\u00f3gy a d\u011bti jezd\u00edc\u00ed na kole po klidn\u00fdch silnic\u00edch.<\/p>\n<p>Tempo je zde uvoln\u011bn\u00e9, ale z\u00e1rove\u0148 aktivn\u00ed. Lid\u00e9 si cen\u00ed udr\u017eitelnosti (v\u0161ude jsou kontejnery na t\u0159\u00edd\u011bn\u00fd odpad, m\u00edstn\u00ed potravinov\u00e1 dru\u017estva, velk\u00e1 komunitn\u00ed zahrada). Mnoho m\u00edstn\u00edch obyvatel je vegetari\u00e1n\u016f nebo vegan\u016f, co\u017e odr\u00e1\u017e\u00ed sv\u011bdomit\u00fd p\u0159\u00edstup m\u011bsta. Navzdory sv\u00e9 mal\u00e9 rozloze m\u00e1 YS rozmanitou nab\u00eddku restaurac\u00ed (od luxusn\u00edch americk\u00fdch bister a\u017e po kav\u00e1rny s j\u00eddlem p\u0159\u00edmo z farmy, a dokonce i karibsk\u00e9 a st\u0159edomo\u0159sk\u00e9 podniky). Kter\u00e9koli odpoledne zde m\u016f\u017eete sly\u0161et zp\u00edvat m\u00edstn\u00ed sbor, vid\u011bt vystoupen\u00ed loutk\u00e1\u0159sk\u00e9 skupiny nebo narazit na m\u00edstn\u00edho starostu v pek\u00e1rn\u011b.<\/p>\n<p>Celkov\u011b vzato se Yellow Springs c\u00edt\u00ed jako vstup na prob\u00edhaj\u00edc\u00ed um\u011bleck\u00fd veletrh pod \u0161ir\u00fdm nebem. Je zn\u00e1m\u00e9 jako jedno z nejp\u0159\u00e1tel\u0161t\u011bj\u0161\u00edch m\u011bst \u2013 ciz\u00ed lid\u00e9 se zde rychle v\u00edtaj\u00ed, dom\u00e1c\u00ed mazl\u00ed\u010dci si mohou pohladit a do konverzace se \u010dasto vkr\u00e1d\u00e1 i \u0159e\u010d o udr\u017eitelnosti nebo m\u00edru. Motto vesnice (st\u00e1le viditeln\u00e9 na star\u00fdch cedul\u00edch) zn\u00ed \u201eNajd\u011bte se zde\u201c, co\u017e vystihuje pocit, \u017ee Yellow Springs v\u00edt\u00e1 nekonformitu a podporuje kreativn\u00ed sebevyj\u00e1d\u0159en\u00ed.<\/p>\n<p>Atrakce \u017dlut\u00fdch pramen\u016f se to\u010d\u00ed stejn\u011b tak kolem p\u0159\u00edrody a ducha jako kolem konkr\u00e9tn\u00edch m\u00edst. Mezi m\u00edsta, kter\u00e1 mus\u00edte vid\u011bt, pat\u0159\u00ed:<\/p>\n<ul>\n<li><strong>P\u0159\u00edrodn\u00ed rezervace Glen Helen:<\/strong> Tato 400hektarov\u00e1 rezervace, kter\u00e1 se nach\u00e1z\u00ed hned vedle Antioch College, je divokou o\u00e1zou s vodop\u00e1dy, \u010derven\u00fdmi duby a b\u00edl\u00fdmi borovicemi. Nach\u00e1z\u00ed se zde \u017dlut\u00fd pramen (potok bohat\u00fd na \u017eelezo), kter\u00fd dal m\u011bstu jm\u00e9no. Obl\u00edben\u00e9 turistick\u00e9 trasy sahaj\u00ed od snadn\u00fdch okru\u017en\u00edch tras a\u017e po 32kilometrovou smy\u010dku Glen Helen Loop. Mezi malebn\u00e9 zaj\u00edmavosti pat\u0159\u00ed Bridgerton Falls a Twin Cascades. Vstupn\u00e9 je zdarma a je obl\u00edben\u00fdm m\u00edstem pro p\u011b\u0161\u00ed turistiku, pozorov\u00e1n\u00ed pt\u00e1k\u016f a koup\u00e1n\u00ed v p\u0159\u00edrodn\u00edch t\u016fn\u00edch.<\/li>\n<li><strong>St\u00e1tn\u00ed p\u0159\u00edrodn\u00ed rezervace Clifton Gorge:<\/strong> Severn\u011b od m\u011bsta se nach\u00e1z\u00ed Clifton Gorge s dramatick\u00fdmi v\u00e1pencov\u00fdmi \u00fatesy nad \u0159ekou Little Miami. D\u0159ev\u011bn\u00e9 chodn\u00edky a stezky se vine pod\u00e9l zur\u010d\u00edc\u00edch pe\u0159ej\u00ed a t\u016fn\u00ed pln\u00fdch pstruh\u016f. 2,4 km dlouh\u00e1 stezka Loop Trail (parkov\u00e1n\u00ed na Flatstone Dr.) je vhodn\u00e1 pro rodiny s d\u011btmi a nab\u00edz\u00ed v\u00fdhledy na strm\u00e9 st\u011bny sout\u011bsky. Soused\u00edc\u00ed st\u00e1tn\u00ed park Johna Bryana roz\u0161i\u0159uje scen\u00e9rii. Tyto rezervace jsou vynikaj\u00edc\u00ed pro milovn\u00edky geologie a fotografov\u00e1n\u00ed.<\/li>\n<li><strong>Malebn\u00e1 stezka Little Miami:<\/strong> Tato 122 kilometr\u016f dlouh\u00e1 cyklostezka vede pod\u00e9l \u0159eky Little Miami River p\u0159es okres Greene. Vede p\u0159\u00edmo p\u0159es Yellow Springs (u ulice Corry St.). N\u00e1v\u0161t\u011bvn\u00edci si \u010dasto p\u016fj\u010duj\u00ed kola, aby se mohli vydat na kole do sousedn\u00edch vesnic, jako je Xenia, nebo na vzd\u00e1len\u011bj\u0161\u00ed m\u00edsta. Obzvl\u00e1\u0161t\u011b proslul\u00e9 jsou podzimn\u00ed barvy pod\u00e9l stezky.<\/li>\n<li><strong>Centrum \u017dlut\u00fdch pramen\u016f:<\/strong> Samotn\u00e9 centrum obce je atrakc\u00ed. M\u016f\u017ee se pochlubit v\u00edce ne\u017e 65 m\u00edstn\u00edmi obchody a restauracemi. Mezi nejzaj\u00edmav\u011bj\u0161\u00ed pat\u0159\u00ed Dark Star Books (\u00fatuln\u00e9 knihkupectv\u00ed\/kav\u00e1rna), Soulgoode Variety (\u0159emesln\u00e1 piva a hospodsk\u00e9 j\u00eddlo), Kismet Boutique (etnick\u00e9 oble\u010den\u00ed), Safari Ice Cream &amp; Sweet Shop a Hippie Skillet. Farm\u00e1\u0159sk\u00fd trh v centru m\u011bsta (jaro\u2013podzim, soboty) p\u0159edstavuje m\u00edstn\u00ed produkty a \u0159emesla. Historick\u00e1 \u0161kola Mills Lawn School (nyn\u00ed komunitn\u00ed um\u011bleck\u00e9 centrum) a stolet\u00fd kostel sv. Marka jsou symbolem d\u011bdictv\u00ed m\u011bsta.<\/li>\n<li><strong>Young&#039;s Jersey Dairy:<\/strong> Rodinn\u00e1 farma n\u011bkolik mil za m\u011bstem s restaurac\u00ed, zmrzlin\u00e1rnou, kontaktn\u00ed zoo, minigolfem a odpalovac\u00edmi klecemi. Je to hit u rodin a ka\u017ed\u00e9ho, kdo tou\u017e\u00ed po \u010derstv\u00e9 m\u00edstn\u00ed zmrzlin\u011b (slavn\u00e1 je \u010dokol\u00e1dov\u00e1 m\u00e1ta). I kdy\u017e se nejedn\u00e1 o kulturn\u00ed \u201epovinnost\u201c v um\u011bleck\u00e9m smyslu, je to v\u00fdznamn\u00e1 m\u00edstn\u00ed pam\u00e1tka, kter\u00e1 p\u0159itahuje lidi z cel\u00e9ho jihoz\u00e1padn\u00edho Ohia.<\/li>\n<li><strong>Pivovar \u017dlut\u00e9 prameny:<\/strong> Tento m\u00edstn\u00ed \u0159emesln\u00fd pivovar na Xenia Avenue nab\u00edz\u00ed hospodsk\u00e9 j\u00eddlo a ocen\u011bn\u00e1 piva. Je to m\u00edsto setk\u00e1v\u00e1n\u00ed jak obyvatel m\u011bsta, tak n\u00e1v\u0161t\u011bvn\u00edk\u016f a \u010dasto se zde hraje \u017eiv\u00e1 hudba v v\u00fd\u010depu (v podzem\u00ed s cihlov\u00fdmi zdmi).<\/li>\n<\/ul>\n<p>Pro milovn\u00edky historie: Antioch Hall a historick\u00e1 \u010dtvr\u0165 na ulici Xenia Street ukazuj\u00ed architekturu 19. stolet\u00ed. Hidden Lake a Addison Trails Park nab\u00edzej\u00ed klidn\u011bj\u0161\u00ed v\u00fdlety. A hned za nimi: slavn\u00fd st\u00e1tn\u00ed park Johna Bryana a dal\u0161\u00ed kryt\u00e9 mosty. Pro v\u011bt\u0161inu je v\u0161ak kombinace t\u00far v Glen Helen a prohl\u00eddky centra m\u011bsta nejlep\u0161\u00edmi z\u00e1\u017eitky v Yellow Springs.<\/p>\n<p>Yellow Springs nem\u00e1 leti\u0161t\u011b ani vlak Amtrak. Nejbli\u017e\u0161\u00ed leti\u0161t\u011b je mezin\u00e1rodn\u00ed leti\u0161t\u011b Dayton (asi 32 km severoz\u00e1padn\u011b), odkud jezd\u00ed kyvadlov\u00e1 doprava nebo taxi. Leti\u0161t\u011b Cincinnati\/Northern Kentucky (CVG) je vzd\u00e1len\u00e9 p\u0159ibli\u017en\u011b 97 km jihoz\u00e1padn\u011b (1\u20131,5 hodiny j\u00edzdy). Autem se do Yellow Springs nejl\u00e9pe dostanete po d\u00e1lnici US-35 z Daytonu (sjezd u Yellow Springs) nebo po st\u00e1tn\u00edch silnic\u00edch 68\/72 z Xenie. Neexistuje zde \u017e\u00e1dn\u00e1 p\u0159\u00edm\u011bstsk\u00e1 \u017eeleznice. Z Daytonu do Cincinnati p\u0159es Yellow Springs kdysi jezdil ve\u0159ejn\u00fd autobus (GREYHOUND), ale j\u00edzdn\u00ed \u0159\u00e1dy jsou omezen\u00e9. Celkov\u011b se \u0159i\u010fte t\u00edm, \u017ee se tam dostanete autem nebo si z Daytonu domluv\u00edte taxi.<\/p>\n<p>Yellow Springs je extr\u00e9mn\u011b vhodn\u00e9 pro p\u011b\u0161\u00ed i cyklisty. Srdce m\u011bsta je dostupn\u00e9 p\u011b\u0161ky b\u011bhem n\u011bkolika minut. V\u011bt\u0161ina ubytov\u00e1n\u00ed je jen kousek p\u011b\u0161ky od centra m\u011bsta. V centru m\u011bsta je dostatek bezplatn\u00fdch ve\u0159ejn\u00fdch parkovac\u00edch m\u00edst pobl\u00ed\u017e st\u0159edn\u00ed \u0161koly US High School a hned za rohem od hlavn\u00ed ulice Main Street. Kola si m\u016f\u017eete pronajmout v m\u00edstn\u00edch obchodech (nebo pou\u017e\u00edt sv\u00e1 vlastn\u00ed). Vzhledem k tomu, \u017ee je vesnice mal\u00e1 (2,75 \u010dtvere\u010dn\u00edch mil), je osobn\u00ed auto pot\u0159eba pouze k prozkoum\u00e1n\u00ed okoln\u00edch oblast\u00ed, jako je Glen Helen, Clifton Gorge nebo Young&#039;s Dairy. Tyto parky maj\u00ed parkovi\u0161t\u011b. V zim\u011b se pro p\u0159\u00edstup do Glen Helen na zledovat\u011bl\u00fdch silnic\u00edch doporu\u010duj\u00ed zimn\u00ed pneumatiky, ale m\u00edstn\u00ed obyvatel\u00e9 rychle odkl\u00edzej\u00ed sn\u00edh na hlavn\u00edch ulic\u00edch.<\/p>\n<p>M\u011bna USD, jazyk angli\u010dtina (m\u00edstn\u00ed mohou plynn\u011b hovo\u0159it i \u0161pan\u011blsky). Yellow Springs m\u00e1 p\u0159\u00e1telskou a neform\u00e1ln\u00ed atmosf\u00e9ru. Lid\u00e9 se na ulici zdrav\u00ed, snadno si pov\u00eddaj\u00ed a chovaj\u00ed se laskav\u011b k dom\u00e1c\u00edm mazl\u00ed\u010dk\u016fm (v mnoha oblastech jsou psi bez vod\u00edtka). V obchodech nebo restaurac\u00edch je zdvo\u0159il\u00e9 pozdravit person\u00e1l. V restaurac\u00edch je zvykem d\u00e1vat spropitn\u00e9 ~15 %. V l\u00e9t\u011b m\u016f\u017ee b\u00fdt p\u0159epln\u011bno (zejm\u00e9na b\u011bhem pouli\u010dn\u00edch trh\u016f), proto je v restaurac\u00edch a v doprav\u011b v\u00edtan\u00e1 trp\u011blivost. V zim\u011b se m\u011bsto uklidn\u00ed a p\u0159i j\u00edzd\u011b po \u0161t\u011brkov\u00fdch cest\u00e1ch do park\u016f m\u016f\u017ee b\u00fdt nutn\u00e1 opatrnost.<\/p>\n<p>YS je velmi bezpe\u010dn\u00e9. Je to mal\u00e1 vesnice s n\u00edzkou kriminalitou; cizinci si v\u0161\u00edmaj\u00ed d\u016fv\u011bry v p\u016fj\u010dovnu kol (obyvatel\u00e9 b\u011b\u017en\u011b nech\u00e1vaj\u00ed kola odem\u010den\u00e1 nebo maj\u00ed otev\u0159en\u00e9 sd\u00edlen\u00e9 kolo). Sta\u010d\u00ed b\u011b\u017en\u00e9 m\u011bstsk\u00e9 pravidlo (zamyk\u00e1n\u00ed aut na odlehl\u00e9m parkovi\u0161ti atd.). D\u00e1vejte si pozor na cyklisty a chodce, zejm\u00e9na b\u011bhem v\u00edkend\u016f sv\u00e1tk\u016f, kdy jsou v\u0161ude d\u011bti a rodiny.<\/p>\n<p>Neobvykl\u00fd detail: samotn\u00fd \u201e\u017dlut\u00fd pramen\u201c v Glen Helen st\u00e1le existuje, ale nikdy nebyl pou\u017e\u00edv\u00e1n k pit\u00ed (na rozd\u00edl od legendy) \u2013 tak\u017ee se nepokou\u0161ejte nab\u00edrat l\u00e9\u010div\u00fd lektvar z potoka. M\u00edsto toho si p\u0159\u00edrodn\u00ed kr\u00e1sy u\u017eijte na vlastn\u00ed k\u016f\u017ei.<\/p>\n<p>Stru\u010dn\u011b \u0159e\u010deno, Yellow Springs je snadno dostupn\u00e9 mal\u00e9 m\u011bste\u010dko. Rada pro n\u00e1v\u0161t\u011bvn\u00edky: vezm\u011bte si pohodlnou obuv (budete se hodn\u011b proch\u00e1zet a chodit na t\u00fary), p\u0159ipravte se na minim\u00e1ln\u00ed sign\u00e1l mobiln\u00edch telefon\u016f v p\u0159\u00edrodn\u00edch rezervac\u00edch a pl\u00e1nujte si cestu dop\u0159edu, pokud ji nav\u0161t\u00edv\u00edte v l\u00e9t\u011b (rezervujte si ubytov\u00e1n\u00ed v\u010das na term\u00edny festival\u016f). Jinak si jen odpo\u010di\u0148te \u2013 je to m\u00edsto, kde se skute\u010dn\u011b \u201enajdete\u201c, jak prav\u00ed motto vesnice, v autentick\u00e9 komunit\u011b mal\u00e9ho m\u011bsta v Ohiu.<a href=\"https:\/\/travelshelper.com\/cs\/destinace\/severni-amerika\/spojene-staty-americke\/berkeley-springs\/\" target=\"_self\" aria-labelledby=\"uael-post-8997\"><br \/>\n<\/a><\/p>","protected":false},"excerpt":{"rendered":"<p>Yellow Springs je malebn\u00e1 vesnice nach\u00e1zej\u00edc\u00ed se v severn\u00ed \u010d\u00e1sti okresu Greene County v Ohiu ve Spojen\u00fdch st\u00e1tech. S\u010d\u00edt\u00e1n\u00ed lidu z roku 2020 uv\u00e1d\u00ed 3 697 obyvatel. Toto m\u00edsto je pozoruhodn\u00e9 t\u00edm, \u017ee se zde nach\u00e1z\u00ed presti\u017en\u00ed Antioch College, a je sou\u010d\u00e1st\u00ed metropolitn\u00ed oblasti Dayton. Krom\u011b p\u0159\u00edrodn\u00edch kr\u00e1s nab\u00edz\u00ed tato vesnice pozoruhodn\u00e9 historick\u00e9 z\u00e1zem\u00ed, kter\u00e9 zd\u016fraz\u0148uje jedine\u010dnou sm\u011bs kulturn\u00edho d\u011bdictv\u00ed a malebn\u00e9ho prost\u0159ed\u00ed.<\/p>","protected":false},"author":1,"featured_media":17583,"parent":8072,"menu_order":0,"comment_status":"closed","ping_status":"closed","template":"elementor_theme","meta":{"_eb_attr":"","footnotes":""},"class_list":["post-8991","page","type-page","status-publish","has-post-thumbnail"],"_links":{"self":[{"href":"https:\/\/travelshelper.com\/cs\/wp-json\/wp\/v2\/pages\/8991","targetHints":{"allow":["GET"]}}],"collection":[{"href":"https:\/\/travelshelper.com\/cs\/wp-json\/wp\/v2\/pages"}],"about":[{"href":"https:\/\/travelshelper.com\/cs\/wp-json\/wp\/v2\/types\/page"}],"author":[{"embeddable":true,"href":"https:\/\/travelshelper.com\/cs\/wp-json\/wp\/v2\/users\/1"}],"replies":[{"embeddable":true,"href":"https:\/\/travelshelper.com\/cs\/wp-json\/wp\/v2\/comments?post=8991"}],"version-history":[{"count":0,"href":"https:\/\/travelshelper.com\/cs\/wp-json\/wp\/v2\/pages\/8991\/revisions"}],"up":[{"embeddable":true,"href":"https:\/\/travelshelper.com\/cs\/wp-json\/wp\/v2\/pages\/8072"}],"wp:featuredmedia":[{"embeddable":true,"href":"https:\/\/travelshelper.com\/cs\/wp-json\/wp\/v2\/media\/17583"}],"wp:attachment":[{"href":"https:\/\/travelshelper.com\/cs\/wp-json\/wp\/v2\/media?parent=8991"}],"curies":[{"name":"wp","href":"https:\/\/api.w.org\/{rel}","templated":true}]}}