{"id":8985,"date":"2024-09-06T18:23:11","date_gmt":"2024-09-06T18:23:11","guid":{"rendered":"https:\/\/travelshelper.com\/staging\/?page_id=8985"},"modified":"2026-03-13T18:39:49","modified_gmt":"2026-03-13T18:39:49","slug":"saratoga-springs","status":"publish","type":"page","link":"https:\/\/travelshelper.com\/cs\/destinations\/north-america\/united-states\/saratoga-springs\/","title":{"rendered":"Saratoga Springs"},"content":{"rendered":"<p>Saratoga Springs je mal\u00e9 m\u011bsto v severn\u00ed \u010d\u00e1sti st\u00e1tu New York s p\u0159ibli\u017en\u011b 28 500 obyvateli (podle s\u010d\u00edt\u00e1n\u00ed lidu z roku 2020). Obyvatelstvo je p\u0159ev\u00e1\u017en\u011b b\u00edl\u00e9 (zhruba 87 %), s men\u0161\u00edmi hisp\u00e1nsk\u00fdmi, asijsk\u00fdmi a afroamerick\u00fdmi komunitami. M\u011bsto je relativn\u011b bohat\u00e9: medi\u00e1n p\u0159\u00edjmu dom\u00e1cnost\u00ed je p\u0159ibli\u017en\u011b 100 000 dolar\u016f a p\u0159\u00edjem na obyvatele kolem 67 000 dolar\u016f. Cestovn\u00ed ruch je hnac\u00ed silou m\u00edstn\u00ed ekonomiky. Jen slavn\u00e9 letn\u00ed dostihy na dostihov\u00e9m z\u00e1vodi\u0161ti v Saratoga Race Course generuj\u00ed region\u00e1ln\u00ed ekonomickou aktivitu v hodnot\u011b zhruba 371 milion\u016f dolar\u016f a ka\u017edoro\u010dn\u011b t\u00e9m\u011b\u0159 3 000 pracovn\u00edch m\u00edst. V kombinaci se saratogsk\u00fdm kasinem, hudebn\u00edm a tane\u010dn\u00edm centrem (SPAC) a nedalek\u00fdm N\u00e1rodn\u00edm historick\u00fdm parkem Saratoga p\u0159in\u00e1\u0161ej\u00ed atrakce m\u011bsta do regionu ro\u010dn\u011b v\u00edce ne\u017e 647 milion\u016f dolar\u016f. Stru\u010dn\u011b \u0159e\u010deno, Saratoga Springs je m\u011bsto st\u0159edn\u00ed velikosti, jeho\u017e ekonomika a charakter se to\u010d\u00ed kolem jeho historie jako letoviska a z\u00e1bavn\u00edho centra.<\/p>\n<p>Saratoga Springs se nach\u00e1z\u00ed v severov\u00fdchodn\u00ed Severn\u00ed Americe, v severn\u00ed \u010d\u00e1sti st\u00e1tu New York, zhruba 48 kilometr\u016f severn\u011b od Albany. Le\u017e\u00ed na ji\u017en\u00edm okraji podh\u016f\u0159\u00ed Adirondack, kde se \u0161irok\u00e9 \u00fadol\u00ed \u0159eky Hudson setk\u00e1v\u00e1 se zvln\u011bn\u00fdmi, zalesn\u011bn\u00fdmi vrchovinami. Krajina je m\u00edrn\u00e1: ulice lemovan\u00e9 stromy ve m\u011bst\u011b a n\u011bkolik n\u00edzk\u00fdch kopc\u016f a \u0159ek v okol\u00ed. Jedn\u00edm z charakteristick\u00fdch rys\u016f je hojnost miner\u00e1ln\u00edch pramen\u016f \u2013 Saratoga je sv\u011btov\u011b proslul\u00e1 zhruba 21 p\u0159\u00edrodn\u00edmi prameny vody bohat\u00e9 na miner\u00e1ly. (Voda s r\u016fzn\u00fdmi rozpu\u0161t\u011bn\u00fdmi miner\u00e1ly prosakuje ze zem\u011b v m\u011bstsk\u00fdch parc\u00edch a jejich okol\u00ed.) Klima je vlhk\u00e9 kontinent\u00e1ln\u00ed: l\u00e9ta b\u00fdvaj\u00ed tepl\u00e1 a vlhk\u00e1, zat\u00edmco zimy jsou chladn\u00e9 se sn\u011bhem. Sr\u00e1\u017eky jsou m\u00edrn\u00e9 po cel\u00fd rok, s \u010dast\u00fdmi bou\u0159kami na konci l\u00e9ta a v\u00fdrazn\u00fdm zimn\u00edm sn\u011b\u017een\u00edm, kter\u00e9 oblast ob\u010das pokryje. Congress Park a nedalek\u00fd st\u00e1tn\u00ed park Saratoga Spa jsou v l\u00e9t\u011b bujn\u00e9 zelen\u011b a v zim\u011b se m\u011bn\u00ed v zasn\u011b\u017een\u00e9 zahrady a kluzi\u0161t\u011b.<\/p>\n<p>Dlouho p\u0159ed os\u00eddlen\u00edm Evropou byly prameny uct\u00edv\u00e1ny domorod\u00fdmi obyvateli. Koncem 18. stolet\u00ed za\u010daly vody Saratogy p\u0159itahovat koloni\u00e1ln\u00ed n\u00e1v\u0161t\u011bvn\u00edky a vesnice se za\u010dala rozr\u016fstat na po\u010d\u00e1tku 19. stolet\u00ed. Saratoga byla ofici\u00e1ln\u011b zalo\u017eena jako vesnice v roce 1826 a v roce 1915 z\u00edskala status m\u011bsta. Po\u010d\u00e1te\u010dn\u00ed prosperita pramenila ze \u017eeleznic: tra\u0165 Saratoga-Schenectady (1832) p\u0159ivedla bohat\u00e9 hleda\u010de zdrav\u00ed z New Yorku, aby se \u201evyl\u00e9\u010dili\u201c, a kolem Kongresov\u00e9ho parku vyr\u016fstaly honosn\u00e9 hotely. V roce 1777 se jen p\u00e1r mil v\u00fdchodn\u011b (na \u00fazem\u00ed dne\u0161n\u00edho N\u00e1rodn\u00edho historick\u00e9ho parku Saratoga) odehr\u00e1ly bitvy u Saratogy b\u011bhem v\u00e1lky za nez\u00e1vislost, kter\u00e9 upevnily n\u00e1rodn\u00ed v\u00fdznam regionu, a\u010dkoli samotn\u00e9 boji\u0161t\u011b le\u017e\u00ed mimo dne\u0161n\u00ed hranice m\u011bsta.<\/p>\n<p>B\u011bhem 19. stolet\u00ed byla Saratoga zn\u00e1m\u00e1 jako p\u0159edn\u00ed l\u00e1ze\u0148sk\u00e1 destinace v zemi a kv\u016fli sv\u00fdm slavn\u00fdm vod\u00e1m se v n\u00e1zvech \u010dasto objevovala i \u201ekr\u00e1lovna l\u00e1zn\u00ed\u201c. Dostihy se za\u010daly konat v 60. letech 19. stolet\u00ed (dostihov\u00e1 dr\u00e1ha Saratoga byla otev\u0159ena v roce 1863 a na sv\u00e9 sou\u010dasn\u00e9 m\u00edsto se p\u0159est\u011bhovala v roce 1864) a hazardn\u00ed hry byly kdysi roz\u0161\u00ed\u0159en\u00e9 kolem jezera Saratoga. Koncem 19. stolet\u00ed se Saratoga stala luxusn\u00edm letoviskem, kter\u00e9 se spol\u00e9halo na sv\u00e9 prameny, letn\u00ed dostihy, luxusn\u00ed hotely a rekrea\u010dn\u00ed za\u0159\u00edzen\u00ed. B\u011bhem 20. stolet\u00ed rozkv\u011bt l\u00e1ze\u0148sk\u00e9 l\u00e9\u010dby upadal, ale infrastruktura m\u011bsta (historick\u00e9 l\u00e1zn\u011b, parky a kulturn\u00ed m\u00edsta) p\u0159etrv\u00e1v\u00e1. Projekt WPA z poloviny 30. let 20. stolet\u00ed (prosazovan\u00fd Franklinem D. Rooseveltem) postavil modern\u00ed l\u00e1zn\u011b a l\u00e1zn\u011b Roosevelt v Congress Parku a zachoval tak l\u00e1ze\u0148skou tradici. Dnes Saratoga Springs propojuje tyto vrstvy historie \u2013 domorod\u00e9 d\u011bdictv\u00ed, l\u00e1zn\u011b a hotely z 19. stolet\u00ed a letoviska 20. stolet\u00ed \u2013 do sv\u00e9ho charakteru.<\/p>\n<p>Charakter Saratoga Springs je utv\u00e1\u0159en jeho dvoj\u00ed identitou mal\u00e9ho m\u011bsta a letoviska. Angli\u010dtina je v\u0161eobecn\u011b roz\u0161\u00ed\u0159en\u00e1, co\u017e odr\u00e1\u017e\u00ed komunitu p\u0159ev\u00e1\u017en\u011b evropsk\u00e9ho p\u016fvodu. Viktori\u00e1nsk\u00e9 obchody a kav\u00e1rny v centru m\u011bsta skr\u00fdvaj\u00ed \u017eivou um\u011bleckou sc\u00e9nu a kalend\u00e1\u0159 nabit\u00fd akcemi. M\u00edstn\u00ed obyvatel\u00e9 a n\u00e1v\u0161t\u011bvn\u00edci se setk\u00e1vaj\u00ed u k\u00e1vy nebo ob\u011bda na slunn\u00e9 terase; obchodn\u00edci a soused\u00e9 v\u00edtaj\u00ed kolemjdouc\u00ed s opravdovou v\u0159elost\u00ed. Saratoga je ve skute\u010dnosti \u010dasto zn\u00e1m\u00e1 svou p\u0159\u00e1telskou atmosf\u00e9rou \u201emalom\u011bsta\u201c \u2013 jeden pr\u016fvodce poznamen\u00e1v\u00e1, \u017ee \u201etoto p\u0159\u00e1telsk\u00e9 m\u011bsto miluje po\u0159\u00e1d\u00e1n\u00ed ve\u010d\u00edrk\u016f\u201c a po\u0159\u00e1d\u00e1 festivaly a setk\u00e1n\u00ed po cel\u00fd rok. Jedn\u00edm z p\u0159\u00edklad\u016f je sez\u00f3nn\u00ed rytmus: v \u010dervenci a srpnu dominuj\u00ed m\u00edstn\u00ed sc\u00e9n\u011b dostihy plnokrevn\u00fdch kon\u00ed, zat\u00edmco v chladn\u011bj\u0161\u00edch m\u011bs\u00edc\u00edch obyvatel\u00e9 tan\u010d\u00ed v Spinning Room v m\u00edstn\u00edm tane\u010dn\u00edm institutu nebo brusl\u00ed v Congress Parku. Vzkv\u00e9t\u00e1 i hudba a tanec \u2013 Saratoga Performing Arts Center (SPAC) ve st\u00e1tn\u00edm parku ka\u017ed\u00e9 l\u00e9to po\u0159\u00e1d\u00e1 vystoupen\u00ed orchestr\u00e1ln\u00edch a baletn\u00edch p\u0159edstaven\u00ed sv\u011btov\u00e9 \u00farovn\u011b a od 70. let 20. stolet\u00ed se zde kon\u00e1 v\u00edkendov\u00fd jazzov\u00fd festival. M\u011bsto dokonce po\u0159\u00e1d\u00e1 i specializovan\u00e1 setk\u00e1n\u00ed: v \u00fanoru se kon\u00e1 Flurry Folk Dance Festival \u2013 nejv\u011bt\u0161\u00ed akce tohoto druhu v Americe \u2013 kter\u00fd p\u0159il\u00e1k\u00e1 p\u0159es 5 000 nad\u0161enc\u016f na contras, cajun-jigy a val\u010d\u00edky. Na Silvestra se v Saratoze konaj\u00ed oslavy prvn\u00ed noci, kter\u00e9 se mohou pochlubit nejv\u011bt\u0161\u00edm oh\u0148ostrojn\u00fdm festivalem sv\u00e9ho druhu na severov\u00fdchod\u011b za hranicemi New Yorku.<\/p>\n<p>Ka\u017edodenn\u00ed \u017eivot je zde obecn\u011b uvoln\u011bn\u00fd. Tempo nen\u00ed usp\u011bchan\u00e9: v l\u00e9t\u011b m\u016f\u017eete za \u00fasvitu vid\u011bt b\u011b\u017ece na n\u00e1b\u0159e\u017en\u00ed stezce, ob\u011bdv\u00e1\u0159e, jak se zdr\u017euj\u00ed u ledov\u00e9ho \u010daje, a turisty, jak si prohl\u00ed\u017eej\u00ed butiky na Broadwayi. M\u00edstn\u00ed obyvatel\u00e9 b\u00fdvaj\u00ed ohledupln\u00ed ke zdrav\u00ed a vzd\u011blan\u00ed; na Broadwayi uvid\u00edte cyklisty a v parku si b\u011bhem ob\u011bda zacvi\u010d\u00ed j\u00f3gu. Navzdory v\u0161em akc\u00edm zde panuje uklid\u0148uj\u00edc\u00ed malom\u011bstsk\u00e1 srde\u010dnost \u2013 \u010d\u00ed\u0161n\u00edk pozn\u00e1 st\u00e1l\u00e9ho z\u00e1kazn\u00edka a majitel\u00e9 obchod\u016f mo\u017en\u00e1 znaj\u00ed va\u0161e jm\u00e9no. P\u0159\u00edliv n\u00e1v\u0161t\u011bvn\u00edk\u016f v\u0161ak tak\u00e9 znamen\u00e1 ur\u010ditou energii povznesen\u00e9 n\u00e1lady: ka\u017ed\u00fd v\u00edkend v tepl\u00fdch m\u011bs\u00edc\u00edch sem p\u0159ij\u00ed\u017ed\u011bj\u00ed p\u00e1ry oble\u010den\u00e9 v z\u00e1vodn\u00edch hedv\u00e1bn\u00fdch \u0161atech nebo n\u00e1v\u0161t\u011bvn\u00edci koncert\u016f v elegantn\u00edch od\u011bvech, co\u017e zaji\u0161\u0165uje, \u017ee m\u011bsto nikdy \u00fapln\u011b neztichne. Stru\u010dn\u011b \u0159e\u010deno, Saratoga Springs p\u016fsob\u00ed jako noblesn\u00ed l\u00e1ze\u0148sk\u00e9 m\u011bsto, kter\u00e9 tak\u00e9 um\u00ed oslavovat \u2013 je p\u0159\u00e1telsk\u00e9, nen\u00e1ro\u010dn\u00e9 a nalad\u011bn\u00e9 na um\u011bn\u00ed, historii a kon\u011b.<\/p>\n<p>Kl\u00ed\u010dov\u00e9 pam\u00e1tky a z\u00e1\u017eitky vyza\u0159uj\u00ed z centra m\u011bsta. Nejd\u016fle\u017eit\u011bj\u0161\u00ed je historick\u00fd dostihov\u00fd okruh Saratoga Race Course, kam se ka\u017ed\u00e9 l\u00e9to sj\u00ed\u017ed\u011bj\u00ed div\u00e1ci, aby sledovali dostihy plnokrevn\u00fdch kon\u00ed na tribun\u011b ohrani\u010den\u00e9 podh\u016f\u0159\u00edm Adirondacku. Nedaleko se nach\u00e1z\u00ed Congress Park, upraven\u00e9 m\u011bstsk\u00e9 n\u00e1m\u011bst\u00ed s miner\u00e1ln\u00edmi prameny a zdoben\u00e9 kasino Canfield (nyn\u00ed muzeum historie hazardn\u00edch her). Jen na jih se nach\u00e1z\u00ed st\u00e1tn\u00ed park Saratoga Spa: 2 500 akr\u016f velk\u00fd zelen\u00fd prostor s vlastn\u00edmi prameny, rom\u00e1nsk\u00fdmi miner\u00e1ln\u00edmi l\u00e1zn\u011bmi Lincoln a venkovn\u00edm baz\u00e9nem Victoria Pool (honosn\u00e9 ve\u0159ejn\u00e9 l\u00e1zn\u011b). V okol\u00ed je mnoho muze\u00ed um\u011bn\u00ed a historie: N\u00e1rodn\u00ed muzeum tance a s\u00ed\u0148 sl\u00e1vy a Saratoga Automobile Museum se nach\u00e1zej\u00ed v r\u00e1mci m\u011bstsk\u00fdch hranic, zat\u00edmco N\u00e1rodn\u00ed muzeum z\u00e1vod\u016f a s\u00ed\u0148 sl\u00e1vy se nach\u00e1z\u00ed pobl\u00ed\u017e trati. Kousek na v\u00fdchod se nach\u00e1z\u00ed Yaddo, \u00fato\u010di\u0161t\u011b um\u011blc\u016f se slavn\u00fdmi zahradami. Ve m\u011bst\u011b je Broadway historickou hlavn\u00ed ulic\u00ed \u2013 n\u00e1v\u0161t\u011bvn\u00edci zde prozkoum\u00e1vaj\u00ed obchody se staro\u017eitnostmi, galerie (s d\u00edly m\u00edstn\u00edch um\u011blc\u016f a \u0159emesln\u00edk\u016f) a proslul\u00fd obchod s kucha\u0159kami a \u010dajem, kde relaxuj\u00ed na lavi\u010dk\u00e1ch nap\u00e1jen\u00fdch chladivou pramenitou vodou. Pro fanou\u0161ky m\u00fazick\u00fdch um\u011bn\u00ed je v parku k vid\u011bn\u00ed Saratoga Performing Arts Center (SPAC), kde se v l\u00e9t\u011b konaj\u00ed koncerty Philadelphsk\u00e9ho orchestru a Newyorsk\u00e9ho m\u011bstsk\u00e9ho baletu, co\u017e z jeho modern\u00edho amfite\u00e1tru d\u011bl\u00e1 kulturn\u00ed nutnost. A kone\u010dn\u011b, hned za m\u011bstem se nach\u00e1z\u00ed Saratoga National Historical Park (Schuylerville) s boji\u0161t\u011bm v\u00e1lky za nez\u00e1vislost a n\u00e1v\u0161t\u011bvnick\u00fdm centrem, kter\u00e9 nab\u00edz\u00ed milovn\u00edk\u016fm historie malebn\u00fd a vzd\u011bl\u00e1vac\u00ed v\u00fdlet.<\/p>\n<p>Do Saratoga Springs se snadno dostanete po silnici i letecky. Mezin\u00e1rodn\u00ed leti\u0161t\u011b Albany (ALB) je vzd\u00e1len\u00e9 asi 30 minut j\u00edzdy na jih po d\u00e1lnici I-87. Spole\u010dnost Amtrak obsluhuje Saratoga Springs na tras\u00e1ch Adirondack a Ethan Allen, kter\u00e9 spojuj\u00ed New York City a Burlington ve Vermontu. Autem vede d\u00e1lnice I-87 (Adirondack Northway) v\u00fdchodn\u011b od m\u011bsta (sjezd 15) a d\u00e1lnice US Route 9 vede severoji\u017en\u00edm sm\u011brem p\u0159es centrum m\u011bsta. Pokud p\u0159ij\u00ed\u017ed\u00edte ze z\u00e1padu, do Saratogy se dostanete po klikat\u00fdch dvouproud\u00fdch silnic\u00edch od jezera George a Adirondack\u00fdch hor. V l\u00e9t\u011b po\u010d\u00edtejte s vy\u0161\u0161\u00edm provozem kv\u016fli z\u00e1vod\u016fm; v zim\u011b m\u016f\u017ee b\u00fdt na venkovsk\u00fdch silnic\u00edch sn\u00edh.<\/p>\n<p>Kompaktn\u00ed centrum m\u011bsta je docela dob\u0159e dostupn\u00e9 p\u011b\u0161ky, zejm\u00e9na v okol\u00ed Broadwaye, Congress Parku a Circular Street. Sez\u00f3nn\u00ed bezplatn\u00fd trolejbus (od poloviny \u010dervence do Sv\u00e1tku pr\u00e1ce) jezd\u00ed ka\u017ed\u00fdch 30 minut mezi centrem m\u011bsta a hlavn\u00edmi pam\u00e1tkami (z\u00e1vodn\u00ed dr\u00e1ha, kasino, st\u00e1tn\u00ed park a jezero). Dopravn\u00ed \u00fa\u0159ad hlavn\u00edho okresu (CDTA) tak\u00e9 provozuje autobusy mezi Albany a Saratogou se zast\u00e1vkami na leti\u0161ti a v centru m\u011bsta. Ve m\u011bst\u011b obsluhuj\u00ed m\u00edstn\u00ed autobusy m\u011bsto a st\u00e1tn\u00ed park Saratoga Spa. K dispozici jsou tax\u00edky a sd\u00edlen\u00e9 j\u00edzdy (Uber\/Lyft), ale b\u011bhem letn\u00edch ve\u010der\u016f jsou \u010dasto pln\u00e9. Mnoho atrakc\u00ed nab\u00edz\u00ed parkov\u00e1n\u00ed p\u0159\u00edmo na m\u00edst\u011b.<\/p>\n<p>M\u011bnou jsou americk\u00e9 dolary. Univerz\u00e1ln\u00edm jazykem je angli\u010dtina. Pr\u016fm\u011brn\u00e9 spropitn\u00e9 je standardn\u00ed prax\u00ed v USA (15\u201320 % v restaurac\u00edch). Oble\u010den\u00ed je le\u017e\u00e9rn\u00ed \u2013 n\u00e1v\u0161t\u011bvn\u00edci \u010dasto kombinuj\u00ed volno\u010dasov\u00e9 oble\u010den\u00ed (na venkovn\u00ed aktivity\/z\u00e1vod) s elegantn\u011bj\u0161\u00edm oble\u010den\u00edm pro speci\u00e1ln\u00ed akce (nap\u0159\u00edklad dlouh\u00e9 kalhoty na ve\u010dern\u00ed koncerty). Obyvatel\u00e9 Saratoga Springs jsou obecn\u011b zdvo\u0159il\u00ed a ochotn\u00ed; rychl\u00fd \u00fasm\u011bv nebo \u201eahoj\u201c hodn\u011b posta\u010d\u00ed. Co se t\u00fd\u010de bezpe\u010dnosti, Saratoga Springs je obvykle klidn\u00e9 a vhodn\u00e9 pro rodiny s d\u011btmi. Plat\u00ed obvykl\u00e1 opat\u0159en\u00ed (zamkn\u011bte auto na parkovi\u0161ti, hl\u00eddejte si osobn\u00ed v\u011bci v davu). Letn\u00ed z\u00e1vodn\u00ed v\u00edkendy se mohou zd\u00e1t p\u0159epln\u011bn\u00e9, ale v nich z\u016fst\u00e1v\u00e1 po\u0159\u00e1dek \u2013 tehdy se zvy\u0161uje p\u0159\u00edtomnost policie a v\u011bt\u0161ina n\u00e1v\u0161t\u011bvn\u00edk\u016f uv\u00e1d\u00ed, \u017ee se c\u00edt\u00ed docela bezpe\u010dn\u011b.<a href=\"https:\/\/travelshelper.com\/cs\/destinace\/severni-amerika\/spojene-staty-americke\/berkeley-springs\/\" target=\"_self\" aria-labelledby=\"uael-post-8997\"><br \/>\n<\/a><\/p>","protected":false},"excerpt":{"rendered":"<p>Saratoga Springs, a city located in Saratoga County, New York, has captivated visitors for more than two centuries with its vibrant culture and rich history. With 28,491 residents as of the 2020 census, this little city is well-known for its mineral springs, which have long drawn tourists looking for rest and renewal. The city&#8217;s name honors these natural springs, which have been vital in Saratoga Springs&#8217; growth as a top vacation spot.<\/p>","protected":false},"author":1,"featured_media":17537,"parent":8072,"menu_order":0,"comment_status":"closed","ping_status":"closed","template":"elementor_theme","meta":{"_eb_attr":"","footnotes":""},"class_list":["post-8985","page","type-page","status-publish","has-post-thumbnail"],"_links":{"self":[{"href":"https:\/\/travelshelper.com\/cs\/wp-json\/wp\/v2\/pages\/8985","targetHints":{"allow":["GET"]}}],"collection":[{"href":"https:\/\/travelshelper.com\/cs\/wp-json\/wp\/v2\/pages"}],"about":[{"href":"https:\/\/travelshelper.com\/cs\/wp-json\/wp\/v2\/types\/page"}],"author":[{"embeddable":true,"href":"https:\/\/travelshelper.com\/cs\/wp-json\/wp\/v2\/users\/1"}],"replies":[{"embeddable":true,"href":"https:\/\/travelshelper.com\/cs\/wp-json\/wp\/v2\/comments?post=8985"}],"version-history":[{"count":0,"href":"https:\/\/travelshelper.com\/cs\/wp-json\/wp\/v2\/pages\/8985\/revisions"}],"up":[{"embeddable":true,"href":"https:\/\/travelshelper.com\/cs\/wp-json\/wp\/v2\/pages\/8072"}],"wp:featuredmedia":[{"embeddable":true,"href":"https:\/\/travelshelper.com\/cs\/wp-json\/wp\/v2\/media\/17537"}],"wp:attachment":[{"href":"https:\/\/travelshelper.com\/cs\/wp-json\/wp\/v2\/media?parent=8985"}],"curies":[{"name":"wp","href":"https:\/\/api.w.org\/{rel}","templated":true}]}}