{"id":8958,"date":"2024-09-06T16:54:54","date_gmt":"2024-09-06T16:54:54","guid":{"rendered":"https:\/\/travelshelper.com\/staging\/?page_id=8958"},"modified":"2026-03-13T18:09:26","modified_gmt":"2026-03-13T18:09:26","slug":"ouray","status":"publish","type":"page","link":"https:\/\/travelshelper.com\/cs\/destinations\/north-america\/united-states\/ouray\/","title":{"rendered":"Ouray"},"content":{"rendered":"<p>Ouray, zasazen\u00e9 hluboko v poho\u0159\u00ed San Juan v jihoz\u00e1padn\u00edm Coloradu, je mal\u00e9 m\u011bste\u010dko s \u00fachvatnou scen\u00e9ri\u00ed. Je s\u00eddlem okresu Ouray a dlouho se ozna\u010duje za \u201e\u0161v\u00fdcarsko Ameriky\u201c. Podle s\u010d\u00edt\u00e1n\u00ed lidu z roku 2020 \u017eilo ve m\u011bst\u011b pouze 898 obyvatel, co\u017e z n\u011bj \u010din\u00ed soudr\u017enou komunitu. M\u011bsto se nach\u00e1z\u00ed v nadmo\u0159sk\u00e9 v\u00fd\u0161ce asi 2 375 m a le\u017e\u00ed v \u00fazk\u00e9m ka\u0148onu \u0159eky Uncompahgre, ze t\u0159\u00ed stran se ty\u010d\u00ed strm\u00e9 \u00fatesy z \u010derven\u00fdch skal. Malebnou hlavn\u00ed ulici lemuj\u00ed viktori\u00e1nsk\u00e9 cihlov\u00e9 budovy, kter\u00e9 p\u0159ipom\u00ednaj\u00ed hornick\u00e9 ko\u0159eny m\u011bsta. Ekonomika Ouray se dnes op\u00edr\u00e1 o cestovn\u00ed ruch (rekreace v p\u0159\u00edrod\u011b a historick\u00e1 turistika), kter\u00fd se odklonil od sv\u00fdch hornick\u00fdch po\u010d\u00e1tk\u016f v 19. stolet\u00ed. Podle st\u00e1tn\u00ed turistick\u00e9 rady Ouray ka\u017edoro\u010dn\u011b p\u0159ij\u00ed\u017ed\u011bj\u00ed statis\u00edce n\u00e1v\u0161t\u011bvn\u00edk\u016f, kter\u00e9 l\u00e1k\u00e1 jeho alpsk\u00e9 prost\u0159ed\u00ed. Navzdory sv\u00e9 mal\u00e9 rozloze m\u011bsto podporuje ubytov\u00e1n\u00ed, restaurace, l\u00e1zn\u011b a obchody, kter\u00e9 t\u011bmto n\u00e1v\u0161t\u011bvn\u00edk\u016fm slou\u017e\u00ed.<\/p>\n<p>Klima v Ouray je typicky alpsk\u00e9. L\u00e9ta jsou obecn\u011b tepl\u00e1 a m\u00edrn\u00e1, s pr\u016fm\u011brnou teplotou 15\u201325 \u00b0C, ale i v \u010dervnu a \u010dervenci se noci mohou pohybovat a\u017e pod 4 \u00b0C. Po\u010d\u00e1te\u010dn\u00ed podzim \u010dasto p\u0159in\u00e1\u0161\u00ed z\u00e1\u0159iv\u011b zbarven\u00e9 osiky. Jaro je kr\u00e1tk\u00e9 a pom\u011brn\u011b chladn\u00e9; koncem kv\u011btna se st\u00e1le mohou vyskytovat siln\u00e9 sn\u011b\u017een\u00ed v pozdn\u00ed sez\u00f3n\u011b. Zimy jsou velmi chladn\u00e9 a cel\u00e1 oblast se m\u011bn\u00ed v zasn\u011b\u017eenou \u0159\u00ed\u0161i div\u016f. Sn\u00edh obvykle vydatn\u011b pad\u00e1 od listopadu do b\u0159ezna; v zim\u011b na Ouray \u010dasto sn\u011b\u017e\u00ed i n\u011bkolik metr\u016f. Such\u00fd horsk\u00fd vzduch znamen\u00e1, \u017ee denn\u00ed slunce je siln\u00e9 (sbalte si opalovac\u00ed kr\u00e9m). Po\u010das\u00ed se m\u016f\u017ee ve v\u0161ech ro\u010dn\u00edch obdob\u00edch rychle m\u011bnit: tepl\u00e9 r\u00e1no se na ja\u0159e nebo na podzim m\u016f\u017ee do odpoledne zm\u011bnit v b\u00edlou. Milovn\u00edci outdoorov\u00fdch aktivit se p\u0159izp\u016fsobuj\u00ed t\u00edm, \u017ee si s sebou vezmou dal\u0161\u00ed vrstvy oble\u010den\u00ed a pe\u010dliv\u011b sleduj\u00ed p\u0159edpov\u011b\u010f po\u010das\u00ed.<\/p>\n<p>U\u017e jen podle \u010d\u00edsel je Ouray sp\u00ed\u0161e alpskou vesnic\u00ed ne\u017e m\u011bstem. Jeho st\u00e1l\u00e1 populace, p\u0159ibli\u017en\u011b 900 obyvatel, z n\u011bj \u010din\u00ed nejm\u00e9n\u011b zalidn\u011bn\u00e9 m\u011bsto st\u00e1tu Colorado. Po\u010det obyvatel se v turistick\u00fdch sez\u00f3n\u00e1ch \u2013 letn\u00ed i zimn\u00ed \u2013 zvy\u0161uje, kdy se zde nach\u00e1z\u00ed najednou n\u011bkolik tis\u00edc n\u00e1v\u0161t\u011bvn\u00edk\u016f. Ekonomicky je Ouray t\u00e9m\u011b\u0159 v\u00fdhradn\u011b z\u00e1visl\u00e9 na cestovn\u00edm ruchu. Po st\u0159\u00edbrn\u00e9 krizi v roce 1893, kter\u00e1 vedla k p\u00e1du t\u011b\u017eebn\u00edho pr\u016fmyslu, m\u00edstn\u00ed podporovatel\u00e9 ji\u017e d\u00e1vno spr\u00e1vn\u011b p\u0159edpov\u011bd\u011bli, \u017ee \u201eOuray je bezkonkuren\u010dn\u00ed\u2026 Bude slavn\u00e9 jako horsk\u00e9 letovisko\u201c. P\u0159ezd\u00edvku m\u011bsta \u201e\u0160v\u00fdcarsko Ameriky\u201c schvaluje m\u011bstsk\u00e1 spr\u00e1va a turistick\u00ed pr\u016fvodci a zd\u016fraz\u0148uje jeho alpskou polohu a hork\u00e9 prameny. Ro\u010dn\u00ed rozpo\u010det Ouray je skute\u010dn\u011b financov\u00e1n hlavn\u011b z ubytovac\u00edch dan\u00ed a rekrea\u010dn\u00edch poplatk\u016f. V\u00fdroba a zem\u011bd\u011blstv\u00ed se zde vyskytuj\u00ed jen velmi m\u00e1lo; krom\u011b pracovn\u00edch m\u00edst souvisej\u00edc\u00edch s cestovn\u00edm ruchem (hotely, pr\u016fvodci, restaurace) v\u011bt\u0161ina obyvatel doj\u00ed\u017ed\u00ed do okoln\u00edch m\u011bst nebo pracuje na d\u00e1lku. Ekonomiku posiluj\u00ed sporty v chladn\u00e9m po\u010das\u00ed (lezen\u00ed po ledu a j\u00edzda na sn\u011b\u017en\u00fdch sk\u00fatrech) a letn\u00ed turistika, plus atrakce, jako jsou v\u00fdlety d\u017e\u00edpy a galerie.<\/p>\n<p>Ouray le\u017e\u00ed na z\u00e1padn\u00edm okraji poho\u0159\u00ed San Juan v Coloradu, kter\u00e9 je sou\u010d\u00e1st\u00ed Skalnat\u00fdch hor. Le\u017e\u00ed v jihoz\u00e1padn\u00edm rohu st\u00e1tu, asi 128 km ji\u017en\u011b od Montrose a 160 km severn\u011b od Duranga. Sou\u0159adnice m\u011bsta jsou zhruba 38,03\u00b0 severn\u00ed \u0161\u00ed\u0159ky a 107,67\u00b0 z\u00e1padn\u00ed d\u00e9lky. Geograficky se rozkl\u00e1d\u00e1 v ka\u0148onu na konci \u00fazk\u00e9ho \u00fadol\u00ed. Na z\u00e1pad\u011b se ty\u010d\u00ed tis\u00edcovky vrchol\u016f (Wheeler, Yale atd.) a na v\u00fdchod\u011b vysok\u00fd h\u0159eben amfite\u00e1trov\u00fdch \u00fates\u016f. Krajina je dramatick\u00e1: strm\u00e9 st\u011bny divo\u010diny, vysokohorsk\u00e9 kary a nadmo\u0159sk\u00e1 v\u00fd\u0161ka, kter\u00e1 zp\u016fsobuje, \u017ee obloha je syt\u011b modr\u00e1.<\/p>\n<p>Toto horsk\u00e9 prost\u0159ed\u00ed utv\u00e1\u0159\u00ed \u017eivot. V\u0161echny cesty dovnit\u0159 i ven kop\u00edruj\u00ed obrysy krajiny. US 550 (Million Dollar Highway) je jedin\u00e1 zpevn\u011bn\u00e1 silnice spojuj\u00edc\u00ed Ouray s okoln\u00edm sv\u011btem. Kles\u00e1 na jih p\u0159es in\u017een\u00fdrsk\u00e9 z\u00e1zraky do Silvertonu a nakonec do Nov\u00e9ho Mexika a vede na sever \u00fazk\u00fdmi pr\u016fsmyky (Molas Pass v nadmo\u0159sk\u00e9 v\u00fd\u0161ce 10 914 stop) a\u017e k k\u0159i\u017eovatce u Montrose. Neexistuje \u017e\u00e1dn\u00e9 p\u0159\u00edm\u00e9 \u017eelezni\u010dn\u00ed ani leteck\u00e9 spojen\u00ed; nejbli\u017e\u0161\u00ed leti\u0161t\u011b je Montrose Regional (asi 40 mil daleko). V l\u00e9t\u011b hory kvetou divok\u00fdmi kv\u011btinami; v zim\u011b \u00fatesy tvo\u0159\u00ed ledov\u00e9 vodop\u00e1dy. M\u011bsto m\u00e1 asi 200 slune\u010dn\u00fdch dn\u016f v roce, ale zimy jsou velmi chladn\u00e9 a v\u011btrn\u00e9. Jaro a podzim jsou relativn\u011b kr\u00e1tk\u00e1 p\u0159echodn\u00e1 obdob\u00ed.<\/p>\n<p>P\u0159\u00edb\u011bh Ouray m\u00e1 ko\u0159eny v hornick\u00e9m d\u011bdictv\u00ed. M\u00edsto bylo p\u016fvodn\u011b \u00fazem\u00edm Ute a m\u011bsto bylo pojmenov\u00e1no po n\u00e1\u010deln\u00edkovi Ourayovi, respektovan\u00e9m v\u016fdci Ute, kter\u00fd usiloval o m\u00edrov\u00e9 vztahy s b\u00edl\u00fdmi osadn\u00edky. V roce 1875 objevili zlatokopov\u00e9 v ka\u0148onech nad nimi zlato a st\u0159\u00edbro; v roce 1876 zalo\u017eili osadu. Do \u0159\u00edjna 1876 bylo Ouray za\u010dlen\u011bno jako m\u011bsto. Prvn\u00ed osadn\u00edci si postavili chatky a stany a do roku 1877 dos\u00e1hl po\u010det obyvatel p\u0159ibli\u017en\u011b 400. Bohat\u00e1 lo\u017eiska st\u0159\u00edbra ho brzy prom\u011bnila v m\u011bsto, kter\u00e9 se rozrostlo. V 80. a 90. letech 19. stolet\u00ed se po\u010det obyvatel zv\u00fd\u0161il (do roku 1890 na v\u00edce ne\u017e 2 500) a podniky vzkv\u00e9taly. M\u011bsto investovalo brzy do infrastruktury (elektrick\u00e9 osv\u011btlen\u00ed do roku 1885, mezi prvn\u00edmi na z\u00e1pad\u011b).<\/p>\n<p>\u017deleznice dorazila v roce 1887 a spojila Ouray s trat\u00ed Denver - Rio Grande. To usnadnilo n\u00e1kladn\u00ed dopravu v dolech a zlep\u0161ilo dostupnost m\u011bsta. Nicm\u00e9n\u011b, st\u0159\u00edbrn\u00e1 krize v roce 1893 t\u00e9m\u011b\u0159 zni\u010dila ekonomiku. Doly byly uzav\u0159eny a mnoho m\u011bst v San Juan se prom\u011bnilo v m\u011bsta duch\u016f. Je pozoruhodn\u00e9, \u017ee Ouray p\u0159e\u017eilo d\u00edky nov\u00e9mu zam\u011b\u0159en\u00ed: bl\u00edzk\u00e9 objevy zlata a dokonce i n\u011bkolik st\u0159\u00edbrn\u00fdch dol\u016f, kter\u00e9 st\u00e1le obsahovaly zlato, udr\u017eely pracovn\u00edky zam\u011bstn\u00e1ny. Ouray tak\u00e9 postupn\u011b t\u011b\u017eila ze sv\u00e9 malebn\u00e9 kr\u00e1sy a hork\u00fdch pramen\u016f. Jak 20. stolet\u00ed postupovalo, t\u011b\u017eba tvrd\u00fdch hornin ustoupila cestovn\u00edmu ruchu. Host\u00e9 p\u0159ij\u00ed\u017ed\u011bli, aby se osv\u011b\u017eili v hork\u00fdch pramenech (modern\u00ed baz\u00e9n Ouray Hot Springs Pool byl otev\u0159en v roce 1927) a u\u017eili si horsk\u00fd vzduch. Silnice Million Dollar Highway byla postavena ve 20. a 30. letech 20. stolet\u00ed pod\u00e9l star\u00e9 zpoplatn\u011bn\u00e9 silnice a d\u00e1le spojovala Ouray s okol\u00edm.<\/p>\n<p>V posledn\u00edch desetilet\u00edch si Ouray vybudovalo sv\u00e9 m\u00edsto jako r\u00e1j pro outdoorov\u00e9 aktivity. Ka\u017edoro\u010dn\u011b se zde kon\u00e1 Ledov\u00fd festival (v \u00fanoru), kter\u00fd l\u00e1k\u00e1 lezce na led\u011b z cel\u00e9ho sv\u011bta, a na podzim se na jeho drsn\u00fdch silnic\u00edch v odlehl\u00fdch oblastech kon\u00e1 Jeep Jamboree. Historick\u00e9 viktori\u00e1nsk\u00e9 budovy (hotel Beaumont, opera Wright) byly zrestaurov\u00e1ny a hlavn\u00ed ulici lemuj\u00ed nov\u00e9 ubytov\u00e1n\u00ed, jako jsou butikov\u00e9 hostince a penziony. Po\u010det obyvatel m\u011bsta z\u016fst\u00e1v\u00e1 pod 1 000, ale mezi kl\u00ed\u010dov\u00e9 miln\u00edky pat\u0159\u00ed rok 1876 (zalo\u017een\u00ed), 1887 (p\u0159\u00edjezd \u017eeleznice), 1893 (hav\u00e1rie st\u0159\u00edbrn\u00e9 lodi) a 1927 (otev\u0159en\u00ed modern\u00edho term\u00e1ln\u00edho baz\u00e9nu). Navzdory v\u0161em vzestup\u016fm a p\u00e1d\u016fm z\u016fst\u00e1v\u00e1 jedna konstanta: Ouray si zachovala trvalou pov\u011bst malebn\u00e9ho klenotu s temperamentn\u00edmi obyvateli \u2013 sentiment vyj\u00e1d\u0159en\u00fd v p\u0159edpov\u011bdi C. L. Halla z roku 1898, \u017ee \u201eOuray je bezkonkuren\u010dn\u00ed\u2026 slavn\u00e9 jako horsk\u00e9 st\u0159edisko\u201c.<\/p>\n<p>Kultura Ouray je typick\u00e1 pro malom\u011bstsk\u00e9 alpsk\u00e9 letovisko. P\u0159edstavte si srde\u010dn\u00e9 horaly s l\u00e1skou k p\u0159\u00edrod\u011b a dobrodru\u017estv\u00ed. Konverzace zde \u010dasto za\u010d\u00ednaj\u00ed po\u010das\u00edm nebo divokou zv\u011b\u0159\u00ed \u2013 a \u010dasto se sto\u010d\u00ed k pl\u00e1n\u016fm na pobyt v p\u0159\u00edrod\u011b (\u201eChcete se dnes vydat na t\u00faru do Yankee Boy Basin nebo l\u00e9zt po skal\u00e1ch?\u201c). Vl\u00e1dne zde angli\u010dtina; mezi n\u011bkter\u00fdmi m\u00edstn\u00edmi je sly\u0161et \u0161pan\u011bl\u0161tina, ale krom\u011b m\u00edrn\u00e9ho p\u0159\u00edzvuku Skalnat\u00fdch hor zde nejsou \u017e\u00e1dn\u00e9 zvl\u00e1\u0161tn\u00ed m\u00edstn\u00ed dialekty. M\u00edstn\u00ed jsou p\u0159\u00e1tel\u0161t\u00ed a pohodov\u00ed. Cizince, kter\u00fd proch\u00e1z\u00ed po ulici, \u010dasto v\u00edt\u00e1 zam\u00e1v\u00e1n\u00ed nebo pozdrav \u201eNazdar\u201c. Je to jedno z t\u011bch m\u00edst, kde se lid\u00e9 \u010dasem dozv\u00ed va\u0161e jm\u00e9no. Dress code je le\u017e\u00e9rn\u00ed pro venkovn\u00ed aktivity: v kter\u00fdkoli den zde uvid\u00edte fleecov\u00e9 bundy, turistick\u00e9 boty a kovbojsk\u00e9 klobouky i ve m\u011bst\u011b.<\/p>\n<p>Tradice se to\u010d\u00ed kolem p\u0159\u00edrodn\u00edho prost\u0159ed\u00ed. Ka\u017edoro\u010dn\u011b se zde konaj\u00ed komunitn\u00ed akce, jako je Jeep Jamboree (jarn\u00ed sraz ter\u00e9nn\u00edch voz\u016f v drsn\u00fdch kopc\u00edch) a Letn\u00ed festival hork\u00fdch pramen\u016f (oslavuj\u00edc\u00ed geoterm\u00e1ln\u00ed prameny, kter\u00e9 jsou charakteristick\u00e9 pro m\u011bsto). Ka\u017edou zimu se na st\u011bn\u00e1ch ka\u0148onu z\u0159\u00edt\u00ed ledov\u00fd park Ouray a po\u0159\u00e1daj\u00ed se zde sout\u011b\u017ee v lezen\u00ed po ledu. Samotn\u00e9 m\u011bsto se v zim\u011b vyzdob\u00ed t\u0159pytiv\u00fdmi sv\u011btly (v ope\u0159e Wright Opera House se dokonce kon\u00e1 sv\u00e1te\u010dn\u00ed show \u201eLedov\u00e1 baletka\u201c). V l\u00e9t\u011b se na tr\u00e1vn\u00edku konaj\u00ed koncerty, v historick\u00e9 budov\u011b Wells Fargo um\u011bleck\u00e9 v\u00fdstavy a nad \u0159ekou se kon\u00e1 oh\u0148ostroj ke Dni nez\u00e1vislosti.<\/p>\n<p>Ouray m\u00e1 atmosf\u00e9ru divok\u00e9 relaxace. V noci plynov\u00e9 pouli\u010dn\u00ed lampy osv\u011btluj\u00ed tichou hlavn\u00ed ulici a hv\u011bzdn\u00e1 obloha pln\u00ed dvorky. Lid\u00e9 \u010dasto zakon\u010duj\u00ed den koup\u00e1n\u00edm se v baz\u00e9nech s hork\u00fdmi prameny (velk\u00e1 atrakce m\u011bsta) nebo pov\u00edd\u00e1n\u00edm na verand\u011b s v\u00fdhledem na \u00fatesy amfite\u00e1tru. Na tomto kr\u00e1sn\u00e9m m\u00edst\u011b panuje spole\u010dn\u00fd pocit. Bez anonymity velkom\u011bsta se zdej\u0161\u00ed \u017eivotn\u00ed styl zd\u00e1 osobn\u011bj\u0161\u00ed a klidn\u011bj\u0161\u00ed. N\u00e1v\u0161t\u011bvn\u00edci komentuj\u00ed kouzlo m\u011bsta (\u201e\u010das se zde zd\u00e1 zpomalovat\u201c), pohostinnost (m\u00edstn\u00ed v\u00edtaj\u00ed turisty na stezce) a izolaci \u2013 je dostate\u010dn\u011b odlehl\u00e9, tak\u017ee pro mobiln\u00ed sign\u00e1l nebo v\u011bt\u0161\u00ed n\u00e1kupy budete mo\u017en\u00e1 muset jet 30 minut do Montrose. Stru\u010dn\u011b \u0159e\u010deno, Ouray p\u016fsob\u00ed skute\u010dn\u011b horsk\u00fdm dojmem, kombinuje hrdost na pohrani\u010dn\u00ed \u00e9ru s klidnou sofistikovanost\u00ed, kter\u00e1 se zrodila z toho, \u017ee je to celoro\u010dn\u00ed letovisko.<\/p>\n<p>Navzdory sv\u00e9 velikosti nab\u00edz\u00ed Ouray spoustu z\u00e1\u017eitk\u016f, kter\u00e9 mus\u00edte vid\u011bt. T\u00edm nejd\u016fle\u017eit\u011bj\u0161\u00edm je Ouray Hot Springs Pool \u2013 rozlehl\u00fd komplex baz\u00e9n\u016f nap\u00e1jen\u00fdch p\u0159\u00edrodn\u00edmi prameny p\u0159\u00edmo ve m\u011bst\u011b. Zde si n\u00e1v\u0161t\u011bvn\u00edci i m\u00edstn\u00ed obyvatel\u00e9 odpo\u010dinou ve vod\u011b o teplot\u011b 27\u201338 \u00b0C, zat\u00edmco kolem nich se ty\u010d\u00ed hory. Prameny l\u00e1kaj\u00ed lidi po stalet\u00ed a za\u0159\u00edzen\u00ed poch\u00e1z\u00ed z roku 1927. Za chladn\u00fdch ve\u010der\u016f se z vody un\u00e1\u0161\u00ed p\u00e1ra a nad hlavou sv\u00edt\u00ed hv\u011bzdy \u2013 jedine\u010dn\u00fd l\u00e1ze\u0148sk\u00fd z\u00e1\u017eitek ve vysok\u00e9 nadmo\u0159sk\u00e9 v\u00fd\u0161ce.<\/p>\n<p>Kousek za m\u011bstem se nach\u00e1z\u00ed park Box Ca\u00f1on Falls. Tento snadno dostupn\u00fd st\u00e1tn\u00ed park se py\u0161n\u00ed 86 metr\u016f vysok\u00fdm vodop\u00e1dem, kter\u00fd se \u0159\u00edt\u00ed \u00fazkou k\u0159emencovou rokl\u00ed. Zpevn\u011bn\u00e1 stezka (s n\u00e1v\u0161t\u011bvnick\u00fdm centrem) v\u00e1s zavede 150 metr\u016f do ka\u0148onu, kde si m\u016f\u017eete prohl\u00e9dnout vodop\u00e1dy p\u0159\u00edmo, co\u017e je kr\u00e1tk\u00e1 a rodinn\u00e1 t\u00fara. \u0158vouc\u00ed vodop\u00e1dy a ty\u010d\u00edc\u00ed se st\u011bny ka\u0148onu jsou velkolep\u00fdmi fotografick\u00fdmi objekty. Box Ca\u00f1on je parkov\u00fdm odd\u011blen\u00edm pops\u00e1n jako \u201eOuray\u016fv vlastn\u00ed div sv\u011bta\u201c.<\/p>\n<p>Pro dobrodru\u017en\u00e9 n\u00e1v\u0161t\u011bvn\u00edky je sv\u011btozn\u00e1m\u00fd ledov\u00fd park Ouray (m\u00edli ji\u017en\u011b od m\u011bsta). Je to udr\u017eovan\u00e9 h\u0159i\u0161t\u011b pro lezen\u00ed po led\u011b na strm\u00e9m \u00fatesu s des\u00edtkami zamrzl\u00fdch vodop\u00e1d\u016f r\u016fzn\u00e9 obt\u00ed\u017enosti. A\u010dkoli se nejedn\u00e1 o \u201eatrakci\u201c v turistick\u00e9m smyslu, ka\u017edou zimu p\u0159itahuje tis\u00edce horolezc\u016f. V l\u00e9t\u011b je obl\u00edben\u00e1 nedalek\u00e1 silnice Yankee Boy Basin: \u00fazk\u00e1 silnice s vysokou pr\u016fjezdnost\u00ed vede k alpsk\u00fdm louk\u00e1m s divok\u00fdmi kv\u011btinami a terasovit\u00fdm horsk\u00fdm jezer\u016fm. Turist\u00e9 se na podzim vyd\u00e1vaj\u00ed za pozorov\u00e1n\u00edm vodop\u00e1d\u016f a z\u00e1\u0159iv\u011b \u017elut\u00fdch osikov\u00fdch h\u00e1j\u016f.<\/p>\n<p>Centrum m\u011bsta Ouray je samo o sob\u011b atrakc\u00ed. V cihlov\u00fdch fas\u00e1d\u00e1ch na Hlavn\u00ed ulici se nach\u00e1zej\u00ed um\u011bleck\u00e9 galerie, obchody s outdoorov\u00fdm vybaven\u00edm a \u00fatuln\u00e9 restaurace, jako je Alpine Institute Deli nebo pivovar Ouray Brewery (\u0159emesln\u00e1 piva). Zrekonstruovan\u00e1 budova Wright Opera House (1890) host\u00ed divadeln\u00ed hry a ob\u010dasn\u00e9 koncerty. Historick\u00e9 muzeum okresu Ouray (ve v\u00e1pencov\u00e9 budov\u011b na Hlavn\u00ed ulici) vystavuje d\u016fln\u00ed artefakty a vypr\u00e1v\u00ed p\u0159\u00edb\u011bh m\u011bsta. Golfist\u00e9 se vyd\u00e1vaj\u00ed na malebn\u00e9 9jamkov\u00e9 golfov\u00e9 h\u0159i\u0161t\u011b Ouray, kter\u00e9 se nach\u00e1z\u00ed nad m\u011bstem. Perimeter Trail \u2013 okru\u017en\u00ed turistick\u00e1 stezka kolem Ouray \u2013 v\u00e1m umo\u017en\u00ed uniknout m\u011bstsk\u00e9mu ruchu b\u011bhem p\u011bti minut a narazit na losy a lu\u017en\u00ed les.<\/p>\n<p>A kone\u010dn\u011b, pro ty, kte\u0159\u00ed si cht\u011bj\u00ed jen u\u017e\u00edt velkolepost, vydejte se na kr\u00e1tkou t\u00faru k vyhl\u00eddk\u00e1m High Alpine Overlookes. Z r\u016fzn\u00fdch vyhl\u00eddek v ka\u0148onu (nap\u0159\u00edklad z Amphitheater Peak Trail) m\u016f\u017eete vid\u011bt Ouray v porovn\u00e1n\u00ed s okoln\u00edmi vrcholy zast\u00edn\u011bn\u00e9. V zim\u011b nab\u00edzej\u00ed malebn\u00e9 cesty po US550 (Million Dollar Hwy) na sever nebo na jih \u00fachvatn\u00e9 horsk\u00e9 v\u00fdhledy. Za jedno odpoledne se m\u016f\u017eete vydat k Engineer Pass nebo Imogene Pass, star\u00fdm d\u016fln\u00edm stezk\u00e1m, kter\u00e9 jsou nyn\u00ed p\u0159\u00edstupn\u00e9 d\u017e\u00edp\u016fm a klenou se vysoko nad Ouray. \u017d\u00e1dn\u00e1 z t\u011bchto atrakc\u00ed nen\u00ed \u201eadrenalinovou atrakc\u00ed\u201c \u2013 sp\u00ed\u0161e jsou hlavn\u00ed atrakc\u00ed Ouray jeho v\u00fdhledy a p\u0159\u00edrodn\u00ed kr\u00e1sy. N\u00e1v\u0161t\u011bvn\u00edci opakovan\u011b zmi\u0148uj\u00ed, \u017ee panoramatick\u00fd v\u00fdhled do \u00fadol\u00ed (m\u011bsto dole, vrcholy naho\u0159e) je nezapomenuteln\u00fd.<\/p>\n<p>Ouray je odlehl\u00e9. Jedinou praktickou cestou je autem. Hlavn\u00ed trasou je americk\u00e1 d\u00e1lnice 550, tzv. Million Dollar Highway. Tato malebn\u00e1 klikat\u00e1 silnice vede ze severu p\u0159es Montrose (Interstate 70) nebo z jihu p\u0159es Durango a Silverton. Budete se vinout p\u0159es vysokohorsk\u00e9 pr\u016fsmyky \u2013 Molas Pass (10 900 stop) sm\u011brem na sever, Red Mountain Pass (11 018 stop) sm\u011brem na jih \u2013 tak\u017ee si na to vyhra\u010fte dostatek \u010dasu. Autobusov\u00e1 doprava je minim\u00e1ln\u00ed; Durango v l\u00e9t\u011b nab\u00edz\u00ed kyvadlovou dopravu. Nejbli\u017e\u0161\u00ed velk\u00e9 leti\u0161t\u011b je Montrose Regional (MTJ), zhruba hodinu j\u00edzdy na sever; odtud si cestovatel\u00e9 obvykle pronaj\u00edmaj\u00ed auto nebo pou\u017e\u00edvaj\u00ed kyvadlovou dopravu. Mezin\u00e1rodn\u00ed leti\u0161t\u011b v Denveru je vzd\u00e1len\u00e9 asi 6 hodin j\u00edzdy na sever autem, kter\u00e9 n\u011bkte\u0159\u00ed mohou vyu\u017e\u00edt k p\u0159estupu na lety do Montrose.<\/p>\n<p>Jakmile se ocitnete v Ouray, m\u011bsto je d\u00edky sv\u00e9 mal\u00e9 rozloze velmi dob\u0159e dostupn\u00e9 p\u011b\u0161ky. Historick\u00e9 centrum m\u011bsta, m\u011bstsk\u00fd park a ubytovac\u00ed oblasti jsou vzd\u00e1len\u00e9 do jedn\u00e9 \u010dtvere\u010dn\u00ed m\u00edle. Neexistuje zde \u017e\u00e1dn\u00fd syst\u00e9m ve\u0159ejn\u00e9 dopravy. V\u011bt\u0161ina n\u00e1v\u0161t\u011bvn\u00edk\u016f parkuje u hotelu nebo pobl\u00ed\u017e hork\u00fdch pramen\u016f a jde p\u011b\u0161ky. Pokud jedete do okoln\u00edch oblast\u00ed autem, doporu\u010dujeme jet za d\u00e1lnic\u00ed 550 s pohonem v\u0161ech \u010dty\u0159 kol nebo alespo\u0148 vozidly s vysokou sv\u011btlou v\u00fd\u0161kou, zejm\u00e9na po neupraven\u00fdch vedlej\u0161\u00edch silnic\u00edch. Ve m\u011bst\u011b jsou silnice zpevn\u011bn\u00e9, ale v zim\u011b mohou b\u00fdt namrzl\u00e9. Ter\u00e9nn\u00ed vozidla (ATV\/UTV) jsou povolena ve vyhrazen\u00fdch oblastech a na stezk\u00e1ch. Po Hlavn\u00ed ulici se d\u00e1 jezdit opatrn\u011b, ale chodci maj\u00ed p\u0159ednost, proto\u017ee v\u0161ichni o\u010dek\u00e1vaj\u00ed, \u017ee p\u016fjdou p\u011b\u0161ky.<\/p>\n<p>M\u011bnou jsou americk\u00e9 dolary a angli\u010dtina je jazykem obchodu. Mobiln\u00ed sign\u00e1l je nepravideln\u00fd \u2013 n\u011bkte\u0159\u00ed oper\u00e1to\u0159i maj\u00ed pokryt\u00ed, ale na horsk\u00fdch silnic\u00edch jsou mrtv\u00e9 z\u00f3ny. Obl\u00e9kejte se ve vrstv\u00e1ch po cel\u00fd rok: i letn\u00ed dny mohou za\u010d\u00ednat na 0 \u00b0C a kon\u010dit na 15 \u00b0C. P\u0159i p\u011b\u0161\u00ed turistice nebo ryba\u0159en\u00ed si d\u00e1vejte pozor na vliv nadmo\u0159sk\u00e9 v\u00fd\u0161ky (du\u0161nost, sp\u00e1leniny od slunce) \u2013 pou\u017e\u00edvejte opalovac\u00ed kr\u00e9m a pijte dostatek vody. Etiketa: Na\u0161i obyvatel\u00e9 jsou na turisty zvykl\u00ed, ale p\u0159\u00e1telsk\u00e9 pok\u00fdvnut\u00ed nebo pozdrav p\u0159i proch\u00e1zce se v\u00edt\u00e1. Spropitn\u00e9 v restaurac\u00edch (15\u201320 %) je standardn\u00ed. Proto\u017ee je m\u011bsto z\u00e1visl\u00e9 na n\u00e1v\u0161t\u011bvn\u00edc\u00edch, pohostinnost v obchodech a restaurac\u00edch je up\u0159\u00edmn\u00e1; dob\u0159e v\u00e1m poslou\u017e\u00ed o\u010dek\u00e1v\u00e1n\u00ed zdvo\u0159ilosti mal\u00e9ho m\u011bsta sp\u00ed\u0161e ne\u017e anonymity velkom\u011bsta.<\/p>\n<p>Hlavn\u00edm rizikem je \u017eivotn\u00ed prost\u0159ed\u00ed, nikoli kriminalita. Po\u010das\u00ed se m\u016f\u017ee n\u00e1hle zm\u011bnit \u2013 letn\u00ed odpoledn\u00ed bou\u0159ky nebo zimn\u00ed v\u00e1nice se mohou objevit bez varov\u00e1n\u00ed. Pokud se chyst\u00e1te na t\u00faru, sd\u011blte n\u011bkomu svou trasu. V zim\u011b jsou silnice odhu\u0161t\u011bn\u00e9, ale mohou b\u00fdt zledovat\u011bl\u00e9; pokud to podm\u00ednky vy\u017eaduj\u00ed, p\u0159ipoutejte se \u0159et\u011bzy. Silnice n\u011bkdy k\u0159i\u017euje divok\u00e1 zv\u011b\u0159 (losi, jeleni), proto za soumraku jezd\u011bte opatrn\u011b. \u0158eka m\u016f\u017ee po t\u00e1n\u00ed sn\u011bhu t\u00e9ct velmi studen\u00e1 a prudce \u2013 nekoupejte se. Ve m\u011bst\u011b jsou drobn\u00e9 kr\u00e1de\u017ee extr\u00e9mn\u011b vz\u00e1cn\u00e9. D\u00edky t\u011bmto opat\u0159en\u00edm je Ouray pro cestovatele bezpe\u010dn\u00e9. Siln\u00e1 p\u0159\u00edtomnost n\u00e1v\u0161t\u011bvn\u00edk\u016f znamen\u00e1, \u017ee pomoc (a spousta dal\u0161\u00edch n\u00e1v\u0161t\u011bvn\u00edk\u016f) je v p\u0159\u00edpad\u011b pot\u0159eby pobl\u00ed\u017e.<\/p>\n<p>Stru\u010dn\u011b \u0159e\u010deno, v\u00fdlet do Ouray je stejn\u011b tak o jednoduchosti jako o n\u00e1dhe\u0159e. Samotn\u00e9 m\u011bsto m\u00e1 atmosf\u00e9ru d\u0159\u00edv\u011bj\u0161\u00ed doby \u2013 sloupy plynov\u00fdch lamp, jedin\u00fd semafor na Hlavn\u00ed ulici a p\u0159\u00e1telsk\u00fd prodava\u010d v obchod\u011b se sm\u00ed\u0161en\u00fdm zbo\u017e\u00edm. Praktick\u00e9 z\u00e1le\u017eitosti jsou jednoduch\u00e9, vybaven\u00ed ve m\u011bst\u011b je z\u00e1kladn\u00ed, ale \u010dist\u00e9 a nejd\u016fle\u017eit\u011bj\u0161\u00ed radou je p\u0159ij\u00edt p\u0159ipraven\u00fd na horsk\u00e9 podm\u00ednky. Ud\u011blejte to a budete odm\u011bn\u011bni tepl\u00fdm koup\u00e1n\u00edm v miner\u00e1ln\u00edm baz\u00e9nu a alpsk\u00fdm r\u00e1jem, kter\u00fd v oblasti Lower 48 Mountains nem\u00e1 obdoby.<a href=\"https:\/\/travelshelper.com\/cs\/destinace\/severni-amerika\/spojene-staty-americke\/berkeley-springs\/\" target=\"_self\" aria-labelledby=\"uael-post-8997\"><br \/>\n<\/a><\/p>","protected":false},"excerpt":{"rendered":"<p>Ouray je kr\u00e1sn\u00e1 samospr\u00e1vn\u00e1 obec zasazen\u00e1 do poho\u0159\u00ed San Juan v Coloradu ve Spojen\u00fdch st\u00e1tech. Podle s\u010d\u00edt\u00e1n\u00ed lidu z roku 2020 m\u00e1 toto mal\u00e9 m\u011bsto \u2013 s\u00eddlo okresu Ouray \u2013 898 obyvatel. PS\u010c, kter\u00e9 spravuje po\u0161ta v Ouray, je 81427. S \u00fa\u017easnou nadmo\u0159skou v\u00fd\u0161kou 2 375 metr\u016f se Ouray s n\u00e1dhern\u00fdm alpsk\u00fdm prost\u0159ed\u00edm a dechberouc\u00edmi v\u00fdhledy pr\u00e1vem kvalifikuje jako \u201e\u0160v\u00fdcarsko Ameriky\u201c.<\/p>","protected":false},"author":1,"featured_media":23306,"parent":8072,"menu_order":0,"comment_status":"closed","ping_status":"closed","template":"elementor_theme","meta":{"_eb_attr":"","footnotes":""},"class_list":["post-8958","page","type-page","status-publish","has-post-thumbnail"],"_links":{"self":[{"href":"https:\/\/travelshelper.com\/cs\/wp-json\/wp\/v2\/pages\/8958","targetHints":{"allow":["GET"]}}],"collection":[{"href":"https:\/\/travelshelper.com\/cs\/wp-json\/wp\/v2\/pages"}],"about":[{"href":"https:\/\/travelshelper.com\/cs\/wp-json\/wp\/v2\/types\/page"}],"author":[{"embeddable":true,"href":"https:\/\/travelshelper.com\/cs\/wp-json\/wp\/v2\/users\/1"}],"replies":[{"embeddable":true,"href":"https:\/\/travelshelper.com\/cs\/wp-json\/wp\/v2\/comments?post=8958"}],"version-history":[{"count":0,"href":"https:\/\/travelshelper.com\/cs\/wp-json\/wp\/v2\/pages\/8958\/revisions"}],"up":[{"embeddable":true,"href":"https:\/\/travelshelper.com\/cs\/wp-json\/wp\/v2\/pages\/8072"}],"wp:featuredmedia":[{"embeddable":true,"href":"https:\/\/travelshelper.com\/cs\/wp-json\/wp\/v2\/media\/23306"}],"wp:attachment":[{"href":"https:\/\/travelshelper.com\/cs\/wp-json\/wp\/v2\/media?parent=8958"}],"curies":[{"name":"wp","href":"https:\/\/api.w.org\/{rel}","templated":true}]}}