{"id":8949,"date":"2024-09-06T15:29:24","date_gmt":"2024-09-06T15:29:24","guid":{"rendered":"https:\/\/travelshelper.com\/staging\/?page_id=8949"},"modified":"2026-03-13T17:49:35","modified_gmt":"2026-03-13T17:49:35","slug":"glenwood-springs","status":"publish","type":"page","link":"https:\/\/travelshelper.com\/cs\/destinations\/north-america\/united-states\/glenwood-springs\/","title":{"rendered":"Glenwood Springs"},"content":{"rendered":"<p>Glenwood Springs je mal\u00e9 m\u011bsto v Coloradu s p\u0159ibli\u017en\u011b 10 000 obyvateli, kter\u00e9 si v\u0161ak ve Skalist\u00fdch hor\u00e1ch vydobylo velkou pov\u011bst. Le\u017e\u00ed v nadmo\u0159sk\u00e9 v\u00fd\u0161ce asi 1 760 stop v \u201eRoaring Fork Valley\u201c v z\u00e1padn\u00edm Coloradu, kde se setk\u00e1vaj\u00ed \u0159eky Colorado a Roaring Fork. Ekonomika a \u017eivotn\u00ed styl Glenwood Springs se dlouhodob\u011b soust\u0159ed\u00ed na cestovn\u00ed ruch a rekreaci v p\u0159\u00edrod\u011b. Je zn\u00e1m\u00e9 jako domov nejv\u011bt\u0161\u00edho term\u00e1ln\u00edho baz\u00e9nu s miner\u00e1ln\u00edmi prameny na sv\u011bt\u011b (d\u011bdictv\u00ed l\u00e1ze\u0148sk\u00e9 kultury 19. stolet\u00ed). Jako mal\u00e9 m\u011bsto je jeho HDP na obyvatele skromn\u00fd; medi\u00e1n p\u0159\u00edjmu dom\u00e1cnost\u00ed se pohybuje kolem 87 000 dolar\u016f (vy\u0161\u0161\u00ed ne\u017e v mnoha letovisc\u00edch v Coloradu), zat\u00edmco m\u00edra chudoby je relativn\u011b n\u00edzk\u00e1. Pozoruhodn\u00fdch 37 % obyvatel se identifikuje jako hisp\u00e1n\u0161t\u00ed nebo latinskoameri\u010dt\u00ed, co\u017e odr\u00e1\u017e\u00ed \u017eivou latinskoamerickou komunitu, a p\u0159ibli\u017en\u011b 62 % jsou b\u011blo\u0161i (nehisp\u00e1nsk\u00e9ho p\u016fvodu). S vy\u0161\u0161\u00edm st\u0159edn\u00edm v\u011bkem (kolem poloviny 45. let) a p\u0159ev\u00e1\u017en\u011b m\u00edstn\u00ed pracovn\u00ed silou p\u016fsob\u00ed Glenwood Springs jako uzav\u0159en\u00e9 horsk\u00e9 m\u011bsto \u2013 jeho hlavn\u00edmi odv\u011btv\u00edmi jsou zdravotnictv\u00ed (nemocnice Valley View je velk\u00fdm zam\u011bstnavatelem), pohostinstv\u00ed (ubytov\u00e1n\u00ed, stravov\u00e1n\u00ed) a outdoorov\u00e1 turistika (ly\u017ea\u0159sk\u00e1 st\u0159ediska, raftingov\u00e9 spole\u010dnosti).<\/p>\n<p>Glenwood Springs le\u017e\u00ed ve st\u0159edn\u00edm Coloradu, zhruba 240 kilometr\u016f z\u00e1padn\u011b od Denveru, pod\u00e9l d\u00e1lnice I-70. Je zasazeno do drsn\u00e9ho ka\u0148onu Glenwood \u2013 malebn\u00e9ho koridoru \u0159eky Colorado lemovan\u00e9ho ty\u010d\u00edc\u00edmi se \u010derven\u00fdmi \u00fatesy. M\u011bsto je z\u00e1padn\u00ed branou do s\u00edt\u011b \u00fadol\u00ed: odtud vede jedna d\u00e1lnice na jih do Aspenu (n\u00e1dhern\u00e9 ly\u017eov\u00e1n\u00ed), dal\u0161\u00ed na severoz\u00e1pad sm\u011brem k Vailu a I-70 na v\u00fdchod do vysok\u00e9 pou\u0161t\u011b. Okoln\u00ed krajina je klasick\u00e1 vysokohorsk\u00e1: svahy hor s borovicemi a duby, dramatick\u00e9 p\u00edskovcov\u00e9 stolov\u00e9 hory a ledovcem vytesan\u00e9 povod\u00ed jezera Hanging Lake na severov\u00fdchod\u011b. Geologie regionu je aktivn\u00ed \u2013 hork\u00e9 prameny doslova vyv\u011braj\u00ed skrz zlomy a v\u00e1pencov\u00e9 horniny. Podneb\u00ed Glenwoodu je kontinent\u00e1ln\u00ed horsk\u00e9: zimy jsou chladn\u00e9 a zasn\u011b\u017een\u00e9 (i kdy\u017e m\u00edrn\u011bj\u0161\u00ed ne\u017e v Coloradu) a l\u00e9ta jsou tepl\u00e1 a relativn\u011b such\u00e1. Kolem m\u011bsta existuje \u0159ada mikroklimat \u2013 oblasti v bl\u00edzkosti \u0159eky b\u00fdvaj\u00ed chladn\u011bj\u0161\u00ed a zelen\u011bj\u0161\u00ed ne\u017e su\u0161\u0161\u00ed vrcholy stolov\u00fdch hor. Celkov\u011b v\u0161ak lze o\u010dek\u00e1vat intenzivn\u00ed slune\u010dn\u00ed svit p\u0159es den, chladn\u00e9 noci a v l\u00e9t\u011b mo\u017enost odpoledn\u00edch bou\u0159ek. Jaro a podzim jsou \u010dasto kr\u00e1tk\u00fdmi p\u0159echodn\u00fdmi obdob\u00edmi. V praxi je po\u010das\u00ed obecn\u011b dostate\u010dn\u011b m\u00edrn\u00e9 pro celoro\u010dn\u00ed turistiku: turist\u00e9, ly\u017ea\u0159i a l\u00e1ze\u0148\u0161t\u00ed host\u00e9 se sem hrnou v r\u016fzn\u00fdch ro\u010dn\u00edch obdob\u00edch.<\/p>\n<p>Historie Glenwood Springs je propletena p\u0159\u00edb\u011bhy pion\u00fdr\u016f a lid\u00ed z hrani\u010dn\u00edch oblast\u00ed. M\u011bsto se p\u016fvodn\u011b jmenovalo \u201eBarlow\u201c podle zlatokopa Jacoba Barlowa (kter\u00fd objevil slavn\u00e9 hork\u00e9 prameny v roce 1883), ale v roce 1884 se p\u0159ejmenovalo na Barlowovo rodn\u00e9 m\u011bsto Glenwood v Iow\u011b. M\u011bsto se rychle rozrostlo kolem l\u00e9\u010div\u00fdch pramen\u016f: bohat\u00ed n\u00e1v\u0161t\u011bvn\u00edci postavili honosn\u00e9 hotely a vlakov\u00e1 doprava po \u017eeleznici Denver &amp; Rio Grande ho spojila se zbytkem Colorada. Prezident Theodore Roosevelt dokonce v roce 1905 str\u00e1vil v Glenwood Springs slavnou dovolenou, co\u017e pomohlo dostat se na mapu jako n\u00e1rodn\u00ed \u00fato\u010di\u0161t\u011b. M\u011bsto bylo zalo\u017eeno v roce 1886 a stalo se dopravn\u00edm uzlem ve Skalist\u00fdch hor\u00e1ch.<\/p>\n<p>Mezi kl\u00ed\u010dov\u00e9 zlomov\u00e9 body pat\u0159\u00ed rozvoj vodn\u00ed energie na po\u010d\u00e1tku 20. stolet\u00ed (p\u0159ehrada v Glenwood Canyon p\u0159inesla elekt\u0159inu v roce 1909) a pozd\u011bj\u0161\u00ed v\u00fdstavba hlavn\u00edch d\u00e1lnic. Na konci 20. stolet\u00ed se identita Glenwoodu pon\u011bkud posunula z l\u00e1ze\u0148sk\u00e9ho letoviska na rekrea\u010dn\u00ed z\u00e1kladnu. Nov\u00e9 atrakce, jako je dobrodru\u017en\u00fd park Glenwood Caverns (otev\u0159en\u00fd v 90. letech 20. stolet\u00ed na Iron Mountain nad m\u011bstem) a p\u0159estavba n\u011bkter\u00fdch l\u00e1zn\u00ed na z\u00e1bavn\u00ed podniky, diverzifikovaly jeho atraktivitu. D\u016fle\u017eit\u00e9 je, \u017ee Glenwood Springs se v zim\u011b nikdy \u00fapln\u011b neuzav\u0159el (na rozd\u00edl od n\u011bkter\u00fdch ly\u017ea\u0159sk\u00fdch m\u011bst), tak\u017ee si vybudoval stabiln\u00ed ekonomiku \u0159\u00edzenou obyvateli. Stru\u010dn\u011b \u0159e\u010deno, od sv\u00fdch ko\u0159en\u016f jako l\u00e1ze\u0148sk\u00e9ho m\u011bsta v 19. stolet\u00ed a\u017e po jeho sou\u010dasnou roli br\u00e1ny pro ly\u017eov\u00e1n\u00ed a turistiku je historie Glenwood Springs histori\u00ed neust\u00e1l\u00e9ho p\u0159etv\u00e1\u0159en\u00ed. Dnes jeho odkaz 20. stolet\u00ed p\u0159e\u017e\u00edv\u00e1 v cihlov\u00fdch a d\u0159ev\u011bn\u00fdch l\u00e1ze\u0148sk\u00fdch budov\u00e1ch na Bathhouse Row, ve stalet\u00fdch hotelech a v komunitn\u00edm \u00e9tosu, kter\u00fd si cen\u00ed jak d\u011bdictv\u00ed, tak \u017eivota v p\u0159\u00edrod\u011b.<\/p>\n<p>Glenwood Springs m\u00e1 malom\u011bstsk\u00fd westernov\u00fd charakter s p\u0159\u00e1telsk\u00fdm, venkovn\u00edm n\u00e1dechem. \u00da\u0159edn\u00edm jazykem je angli\u010dtina a s 37% latinskoamerickou populac\u00ed se pom\u011brn\u011b \u010dasto mluv\u00ed i \u0161pan\u011bl\u0161tina. Komunita oslavuje slavnou m\u00edstn\u00ed tradici: festival Strawberry Days, v\u00edcedenn\u00ed letn\u00ed akci zalo\u017eenou v roce 1898, kter\u00e1 je nejstar\u0161\u00ed m\u011bstskou oslavou v Coloradu. (N\u00e1zev festivalu odr\u00e1\u017e\u00ed historick\u00e9 jahodov\u00e9 farmy v \u00fadol\u00ed.) Krom\u011b toho m\u00edstn\u00ed kultura m\u00eds\u00ed klasick\u00e9 prvky horsk\u00fdch m\u011bst \u2013 trochu ducha kovbojsk\u00e9ho rodea, hornick\u00e9 historie a tradice pohrani\u010dn\u00edch oblast\u00ed \u2013 s kulturou ly\u017ea\u0159\u016f a \u0159\u00ed\u010dn\u00edch pr\u016fvodc\u016f. Ka\u017edodenn\u00ed \u017eivot se zde \u0159\u00edd\u00ed uvoln\u011bn\u00fdm horsk\u00fdm rytmem: lid\u00e9 jsou \u010dasto k vid\u011bn\u00ed v le\u017e\u00e9rn\u00edm outdoorov\u00e9m oble\u010den\u00ed (turistick\u00e9 boty nebo tri\u010dka s ly\u017ea\u0159sk\u00fdmi logy) a spole\u010densk\u00fdmi centry jsou sp\u00ed\u0161e kav\u00e1rny u \u0159eky, pivovary a parky ne\u017e bary nebo no\u010dn\u00ed kluby. Proch\u00e1zka po Grand Avenue (malebn\u00e9 hlavn\u00ed ulici) odhal\u00ed um\u011bleck\u00e9 galerie, knihkupectv\u00ed a sm\u011bs star\u00fdch grilovac\u00edch podnik\u016f a nov\u00fdch gurm\u00e1nsk\u00fdch bister \u2013 co\u017e ukazuje, jak m\u011bsto vyva\u017euje tradici a trendy.<\/p>\n<p>Obyvatel\u00e9 jsou obvykle spole\u010den\u0161t\u00ed a vst\u0159\u00edcn\u00ed. Cyklist\u00e9, horolezci a ven\u010d\u00edci ps\u016f se zde \u010dasto zastavuj\u00ed, aby si popov\u00eddali. Dvoupatrov\u00e9 budovy Glenwoodu a ulice lemovan\u00e9 stromy vytv\u00e1\u0159ej\u00ed atmosf\u00e9ru lidsk\u00e9ho m\u011b\u0159\u00edtka. Tempo je pomal\u00e9: hust\u00e9 sn\u011b\u017een\u00ed znamen\u00e1, \u017ee lid\u00e9 pl\u00e1nuj\u00ed pomal\u00e9 zimn\u00ed projekty, zat\u00edmco dlouh\u00e9 letn\u00ed ve\u010dery vyb\u00edzej\u00ed k grilov\u00e1n\u00ed a bezplatn\u00fdm koncert\u016fm pod \u0161ir\u00fdm nebem. Mo\u017en\u00e1 pr\u00e1v\u011b kv\u016fli historii l\u00e9\u010div\u00fdch pramen\u016f zde p\u016fsob\u00ed i holistick\u00fd podt\u00f3n \u2013 m\u00edstn\u00ed kliniky a j\u00f3gov\u00e1 studia koexistuj\u00ed s podniky nab\u00edzej\u00edc\u00edmi mu\u0161ka\u0159en\u00ed. Celkov\u011b vzato je \u201eatmosf\u00e9ra\u201c Glenwood Springs pocitem pohody a dobrodru\u017estv\u00ed: m\u00edstem, kde rodiny \u017eij\u00ed po generace, ale nov\u011b p\u0159\u00edchoz\u00ed l\u00e1kaj\u00ed nebesky modr\u00e9 \u0159eky, ly\u017eov\u00e1n\u00ed do hodiny j\u00edzdy a pov\u011bst dobr\u00e9ho zdrav\u00ed a z\u00e1bavy pod \u0161ir\u00fdm nebem.<\/p>\n<p>V\u0161echny atrakce Glenwood Springs, kter\u00e9 mus\u00edte vid\u011bt, jsou spojeny s jeho vodami a horami. Glenwood Hot Springs Resort je legend\u00e1rn\u00ed: nach\u00e1z\u00ed se v n\u011bm \u201eGrand Pool\u201c, kter\u00fd je mezin\u00e1rodn\u011b proslul\u00fd jako nejv\u011bt\u0161\u00ed miner\u00e1ln\u00ed hork\u00fd pramen na sv\u011bt\u011b. Hlavn\u00ed baz\u00e9n, nap\u00e1jen\u00fd p\u0159\u00edrodn\u00edmi prameny o teplot\u011b 49 \u00b0C a ochlazovan\u00fd na p\u0159\u00edjemn\u00fdch 40 \u00b0C pro koup\u00e1n\u00ed, pojme p\u0159es milion galon\u016f miner\u00e1ln\u00ed vody. Koup\u00e1n\u00ed v t\u011bchto term\u00e1ln\u00edch vod\u00e1ch je ritu\u00e1l sahaj\u00edc\u00ed a\u017e k indi\u00e1n\u016fm Ute a prvn\u00edm osadn\u00edk\u016fm. Hned vedle se nach\u00e1zej\u00ed historick\u00e9 l\u00e1zn\u011b Yampah Spa &amp; Vapor Caves, kter\u00e9 nab\u00edzej\u00ed dal\u0161\u00ed jedine\u010dn\u00fd z\u00e1\u017eitek: vnit\u0159n\u00ed term\u00e1ln\u00ed jeskyn\u011b, kde vlhk\u00fd, tepl\u00fd vzduch a miner\u00e1ln\u00ed p\u00e1ry vytv\u00e1\u0159ej\u00ed p\u0159\u00edrodn\u00ed saunu. Pro prohl\u00eddku pam\u00e1tek se m\u016f\u017eete vydat lanovkou do z\u00e1bavn\u00edho parku Glenwood Caverns. Tento z\u00e1bavn\u00ed park, nach\u00e1zej\u00edc\u00ed se na vrcholu Iron Mountain (2 100 metr\u016f), nab\u00edz\u00ed prohl\u00eddky jeskyn\u00ed starobyl\u00fdmi v\u00e1pencov\u00fdmi jeskyn\u011bmi a vzru\u0161uj\u00edc\u00ed j\u00edzdy (horsk\u00e1 dr\u00e1ha a ob\u0159\u00ed houpa\u010dka) s n\u00e1dhern\u00fdm v\u00fdhledem na ka\u0148on.<\/p>\n<p>Kr\u00e1tk\u00e1 j\u00edzda autem v\u00e1s dovede k jezeru Hanging Lake, jedn\u00e9 z nejzn\u00e1m\u011bj\u0161\u00edch turistick\u00fdch tras v Coloradu. \u00dazk\u00e1 2 m\u00edle dlouh\u00e1 stezka stoup\u00e1 asi 300 metr\u016f k pr\u016fzra\u010dn\u00e9mu tyrkysov\u00e9mu jezeru obklopen\u00e9mu vodop\u00e1dy a travertinov\u00fdmi skaln\u00edmi st\u011bnami. (Proto\u017ee jezero je chr\u00e1n\u011bnou n\u00e1rodn\u00ed p\u0159\u00edrodn\u00ed pam\u00e1tkou, je nutn\u00e9 m\u00edt turistick\u00e9 povolen\u00ed.) Mezi dal\u0161\u00ed outdoorov\u00e9 atrakce pat\u0159\u00ed Sunlight Mountain Resort (m\u00edstn\u00ed ly\u017ea\u0159sk\u00e9 st\u0159edisko severov\u00fdchodn\u011b od m\u011bsta) a prvot\u0159\u00eddn\u00ed rafting na divok\u00e9 vod\u011b na \u0159ece Colorado p\u0159es Glenwood Canyon (malebn\u00e9 pe\u0159eje lemovan\u00e9 \u010derven\u00fdmi \u00fatesy). Ve m\u011bst\u011b se proch\u00e1zka po Grand Avenue vyzna\u010duje viktori\u00e1nskou architekturou l\u00e1zn\u00ed, m\u00edstn\u00edmi obchody a kav\u00e1rnami. Nenechte si uj\u00edt Hahn&#039;s Peak Park v centru m\u011bsta \u2013 je to mal\u00fd, ale klasick\u00fd horsk\u00fd park zasazen\u00fd vedle \u0159eky.<\/p>\n<p>Glenwood Springs nab\u00edz\u00ed tak\u00e9 kulturn\u00ed atrakce: historick\u00fd hotel Colorado (kde kdysi pob\u00fdval Teddy Roosevelt) ubytuje muzeum m\u00edstn\u00ed historie. Glenwood Vaudeville Revue je obl\u00edben\u00e9 divadlo s ve\u010de\u0159\u00ed, kter\u00e9 zachycuje kouzlo star\u00fdch \u010das\u016f Glenwoodu. A milovn\u00edci p\u0159\u00edrody by si m\u011bli u\u017e\u00edt novou rekrea\u010dn\u00ed stezku Glenwood Canyon \u2013 zpevn\u011bnou stezku pro cyklistiku pod\u00e9l \u0159eky Colorado. Stru\u010dn\u011b \u0159e\u010deno, \u201enejlep\u0161\u00ed atrakce\u201c Glenwoodu jsou postaveny kolem vody a dobrodru\u017estv\u00ed: prameny, horsk\u00e1 panoramata, alpsk\u00e9 jeskyn\u011b a stezky. D\u00edky nim se i toto mal\u00e9 m\u011bsto c\u00edt\u00ed jako dovolen\u00e1 v jednom.<\/p>\n<p>Glenwood Springs nem\u00e1 vlastn\u00ed velk\u00e9 leti\u0161t\u011b. Nejbli\u017e\u0161\u00ed komer\u010dn\u00ed lety sm\u011b\u0159uj\u00ed na mezin\u00e1rodn\u00ed leti\u0161t\u011b v Denveru (asi 355 km) nebo do Colorado Springs (340 km). V zim\u011b v\u0161ak cestovatel\u00e9 \u010dasto l\u00e9taj\u00ed na leti\u0161t\u011b Eagle County (Vail) nebo Aspen\/Pitkin County Airport a pot\u00e9 jedou 1\u20131,5 hodiny po d\u00e1lnici I-70 a vysokohorsk\u00fdch silnic\u00edch. Autem je Glenwood snadno dostupn\u00fd: nach\u00e1z\u00ed se u sjezdu 116 z d\u00e1lnice I-70, 90 minut v\u00fdchodn\u011b od Grand Junction a 25 minut z\u00e1padn\u011b od Vail\/Aspen po st\u00e1tn\u00ed d\u00e1lnici 82. V Glenwood Springs stav\u00ed vlak California Zephyr spole\u010dnosti Amtrak, kter\u00fd nab\u00edz\u00ed vyhl\u00eddkovou j\u00edzdu vlakem z Denveru nebo oblasti Sanfrancisk\u00e9ho z\u00e1livu. Do m\u011bsta tak\u00e9 zaj\u00ed\u017ed\u00ed Bustang, st\u00e1tn\u00ed autobusov\u00e1 linka Colorada, a skibusy.<\/p>\n<p>Centrum Glenwood Springs je pom\u011brn\u011b kompaktn\u00ed a velmi dob\u0159e dostupn\u00e9 p\u011b\u0161ky. Bezplatn\u00fd m\u011bstsk\u00fd autobus (\u201eRide Glenwood\u201c) jezd\u00ed ka\u017ed\u00fdch 30 minut po okru\u017en\u00ed trase m\u011bstem a spojuje obytn\u00e9 oblasti, obchody a hork\u00e9 prameny. V l\u00e9t\u011b i v zim\u011b lze na \u0161irok\u00fdch chodn\u00edc\u00edch nebo cyklostezce pod\u00e9l \u0159eky vid\u011bt spoustu cyklist\u016f. V\u011bt\u0161ina n\u00e1v\u0161t\u011bvn\u00edk\u016f si v\u0161ak pronaj\u00edm\u00e1 auto, aby se vydala do okoln\u00edch hor (pokud neubytuj\u00ed v ly\u017ea\u0159sk\u00e9m st\u0159edisku s vlastn\u00edm kyvadlov\u00fdm autobusem). Zimn\u00ed silnice mohou b\u00fdt kluzk\u00e9 ve sn\u011bhu, tak\u017ee p\u0159i j\u00edzd\u011b do vy\u0161\u0161\u00edch nadmo\u0159sk\u00fdch v\u00fd\u0161ek je vhodn\u00e9 pou\u017e\u00edt pohon v\u0161ech kol nebo zimn\u00ed pneumatiky. N\u011bkter\u00e9 atrakce (nap\u0159\u00edklad za\u010d\u00e1tek stezky Hanging Lake) nyn\u00ed vy\u017eaduj\u00ed kyvadlovou dopravu nebo placen\u00e9 parkov\u00e1n\u00ed; mnoho ubytovac\u00edch za\u0159\u00edzen\u00ed a hotel\u016f poskytuje kyvadlovou dopravu pro ly\u017ea\u0159e a turisty.<\/p>\n<p>M\u011bnou jsou americk\u00e9 dolary. Anglicky se mluv\u00ed v\u0161ude, ale vzhledem k velk\u00e9 hisp\u00e1nsk\u00e9 populaci m\u016f\u017eete \u010dasto sly\u0161et \u0161pan\u011blsky. V restaurac\u00edch a u pr\u016fvodc\u016f je standardn\u00ed spropitn\u00e9 ~18 %. Oble\u010den\u00ed je le\u017e\u00e9rn\u00ed po cel\u00fd rok: v zim\u011b se obl\u00e9kejte vrstven\u00e9 oble\u010den\u00ed (horsk\u00e9 slunce m\u016f\u017ee b\u00fdt st\u00e1le siln\u00e9) a v l\u00e9t\u011b kra\u0165asy\/tri\u010dko (na chladn\u00e9 noci si ale vezm\u011bte bundu). Respektujte p\u0159\u00edrodu: dr\u017ete se stezek, dodr\u017eujte bezpe\u010dnou vzd\u00e1lenost od divok\u00e9 zv\u011b\u0159e (v les\u00edch \u017eij\u00ed pumy a medv\u011bdi) a p\u0159ed vysokohorskou t\u00farou si ov\u011b\u0159te po\u010das\u00ed \u2013 bou\u0159e se mohou rychle p\u0159ihnat. V zim\u011b si bu\u010fte opatrn\u00ed na laviny, pokud se vyd\u00e1v\u00e1te mimo zaveden\u00e1 m\u00edsta. Horsk\u00e9 slunce je ve vysok\u00fdch nadmo\u0159sk\u00fdch v\u00fd\u0161k\u00e1ch intenzivn\u00ed, proto je nezbytn\u00e9 m\u00edt opalovac\u00ed kr\u00e9m a klobouk. A kone\u010dn\u011b, i kdy\u017e je Glenwood Springs relativn\u011b bezpe\u010dn\u00e9, m\u011bjte na pam\u011bti, \u017ee d\u00e1lnice (zejm\u00e9na I-70) jsou ru\u0161n\u00e9 kamiony. Ve m\u011bst\u011b pou\u017e\u00edvejte p\u0159echody pro chodce a v\u017edy se p\u0159ipoutejte.<a href=\"https:\/\/travelshelper.com\/cs\/destinace\/severni-amerika\/spojene-staty-americke\/berkeley-springs\/\" target=\"_self\" aria-labelledby=\"uael-post-8997\"><br \/>\n<\/a><\/p>","protected":false},"excerpt":{"rendered":"<p>Glenwood Springs, pulzuj\u00edc\u00ed samospr\u00e1vn\u00e1 obec slou\u017e\u00edc\u00ed jako okres Garfield, s\u00eddlo okresu Colorado, se nach\u00e1z\u00ed na soutoku \u0159ek Roaring Fork a Colorado. Toto mal\u00e9, ale pozoruhodn\u00e9 m\u011bsto s 9 963 obyvateli dle s\u010d\u00edt\u00e1n\u00ed lidu Spojen\u00fdch st\u00e1t\u016f z roku 2020 je centrem regionu. Glenwood Springs je centr\u00e1ln\u00edm uzlem mezi \u00fadol\u00edm Roaring Fork a \u0159adou men\u0161\u00edch m\u011bst roztrou\u0161en\u00fdch pod\u00e9l \u0159eky Colorado; jeho strategick\u00e1 poloha pom\u00e1h\u00e1 vysv\u011btlit jeho historick\u00fd i modern\u00ed v\u00fdznam.<\/p>","protected":false},"author":1,"featured_media":17477,"parent":8072,"menu_order":0,"comment_status":"closed","ping_status":"closed","template":"elementor_theme","meta":{"_eb_attr":"","footnotes":""},"class_list":["post-8949","page","type-page","status-publish","has-post-thumbnail"],"_links":{"self":[{"href":"https:\/\/travelshelper.com\/cs\/wp-json\/wp\/v2\/pages\/8949","targetHints":{"allow":["GET"]}}],"collection":[{"href":"https:\/\/travelshelper.com\/cs\/wp-json\/wp\/v2\/pages"}],"about":[{"href":"https:\/\/travelshelper.com\/cs\/wp-json\/wp\/v2\/types\/page"}],"author":[{"embeddable":true,"href":"https:\/\/travelshelper.com\/cs\/wp-json\/wp\/v2\/users\/1"}],"replies":[{"embeddable":true,"href":"https:\/\/travelshelper.com\/cs\/wp-json\/wp\/v2\/comments?post=8949"}],"version-history":[{"count":0,"href":"https:\/\/travelshelper.com\/cs\/wp-json\/wp\/v2\/pages\/8949\/revisions"}],"up":[{"embeddable":true,"href":"https:\/\/travelshelper.com\/cs\/wp-json\/wp\/v2\/pages\/8072"}],"wp:featuredmedia":[{"embeddable":true,"href":"https:\/\/travelshelper.com\/cs\/wp-json\/wp\/v2\/media\/17477"}],"wp:attachment":[{"href":"https:\/\/travelshelper.com\/cs\/wp-json\/wp\/v2\/media?parent=8949"}],"curies":[{"name":"wp","href":"https:\/\/api.w.org\/{rel}","templated":true}]}}