{"id":8943,"date":"2024-09-06T15:20:18","date_gmt":"2024-09-06T15:20:18","guid":{"rendered":"https:\/\/travelshelper.com\/staging\/?page_id=8943"},"modified":"2026-03-13T18:14:42","modified_gmt":"2026-03-13T18:14:42","slug":"tecopa","status":"publish","type":"page","link":"https:\/\/travelshelper.com\/cs\/destinations\/north-america\/united-states\/tecopa\/","title":{"rendered":"Tecopa"},"content":{"rendered":"<p>Tecopa, mal\u00e1 pou\u0161tn\u00ed obec, m\u011bla v roce 2020 zaznamenanou populaci pouh\u00fdch 120 obyvatel (pokles oproti p\u0159ibli\u017en\u011b 150 obyvatel\u016fm o deset let d\u0159\u00edve). D\u00edky tomu je to jedno z nejmen\u0161\u00edch m\u00edst v Kalifornii podle s\u010d\u00edt\u00e1n\u00ed lidu. Drtiv\u00e1 v\u011bt\u0161ina obyvatel jsou b\u011blo\u0161i. S\u010d\u00edt\u00e1n\u00ed lidu z roku 2010 zjistilo, \u017ee se asi 79 % ze 150 obyvatel m\u011bsta identifikovalo jako b\u011blo\u0161i, mal\u00e9 procento (\u22485 %) tvo\u0159\u00ed p\u016fvodn\u00ed Ameri\u010dan\u00e9 a n\u011bkte\u0159\u00ed lid\u00e9 sm\u00ed\u0161en\u00e9 rasy. Etnick\u00e9 nebo rasov\u00e9 men\u0161iny a Hisp\u00e1nci jsou velmi m\u00e1lo zastoupeni (dohromady m\u00e9n\u011b ne\u017e 10 %). St\u0159edn\u00ed v\u011bk je vysok\u00fd \u2013 kolem 57\u201360 let \u2013 co\u017e nazna\u010duje p\u0159ev\u00e1\u017en\u011b star\u0161\u00ed populaci. Mnoho dom\u00e1cnost\u00ed tvo\u0159\u00ed d\u016fchodci nebo dlouholet\u00e9 m\u00edstn\u00ed rodiny.<\/p>\n<p>Tecopa nem\u00e1 \u017e\u00e1dnou pr\u016fmyslovou z\u00e1kladnu; jej\u00ed ekonomika je orientov\u00e1na na slu\u017eby a cestovn\u00ed ruch. Historicky se jednalo o hornick\u00fd t\u00e1bor, ale od poloviny 20. stolet\u00ed se spol\u00e9h\u00e1 na hork\u00e9 prameny, skromn\u00e9 \u200b\u200bzem\u011bd\u011blstv\u00ed a slu\u017eby pro n\u00e1v\u0161t\u011bvn\u00edky. Turist\u016fm slou\u017e\u00ed mal\u00fd podnik na p\u011bstov\u00e1n\u00ed datl\u00ed (China Ranch) a n\u011bkolik hostinc\u016f a restaurac\u00ed. Medi\u00e1n p\u0159\u00edjmu dom\u00e1cnost\u00ed je n\u00edzk\u00fd (kolem 27 000 dolar\u016f) a zna\u010dn\u00e1 \u010d\u00e1st obyvatel \u017eije pod hranic\u00ed chudoby. Stru\u010dn\u011b \u0159e\u010deno, \u201e\u010d\u00edsla\u201c Tecopy vykresluj\u00ed obraz velmi mal\u00e9, st\u00e1rnouc\u00ed pou\u0161tn\u00ed vesnice z\u00e1visl\u00e9 na cestovn\u00edm ruchu a lehk\u00e9m zem\u011bd\u011blstv\u00ed.<\/p>\n<p>Tecopa le\u017e\u00ed v jihov\u00fdchodn\u00ed Kalifornii v Mohavsk\u00e9 pou\u0161ti v okrese Inyo. Le\u017e\u00ed v nadmo\u0159sk\u00e9 v\u00fd\u0161ce asi 650 metr\u016f v odlehl\u00e9 such\u00e9 p\u00e1nvi, zhruba 48 kilometr\u016f z\u00e1padn\u011b od hranic s Nevadou a hned za n\u00e1rodn\u00edm parkem Death Valley. Krajina je drsn\u00e1 a drsn\u00e1: ploch\u00e9 pou\u0161tn\u00ed dno lemovan\u00e9 skalnat\u00fdmi horami (poho\u0159\u00ed Nopah a Panamint le\u017e\u00ed na z\u00e1pad\u011b a severu) a prot\u00ednan\u00e9 v\u00e1pencov\u00fdmi ka\u0148ony. \u0158eka Amargosa sez\u00f3nn\u011b prot\u00e9k\u00e1 nedalekou hlubokou rokl\u00ed. Do t\u00e9to odlehl\u00e9 v\u00fdspy se dostanete pouze po klikat\u00fdch st\u00e1tn\u00edch d\u00e1lnic\u00edch (CA-127 ze severu\/jihu nebo CA-178 ze z\u00e1padu).<\/p>\n<p>Tecopa le\u017e\u00ed na rozlehl\u00e9 pou\u0161tn\u00ed plo\u0161in\u011b pod rozlehlou oblohou. Na v\u00fdchod\u011b se ty\u010d\u00ed B\u00edl\u00e9 hory a hned za nimi na severov\u00fdchod\u011b le\u017e\u00ed poho\u0159\u00ed Salt Springs Range v Nevad\u011b. China Ranch se sv\u00fdmi datlov\u00fdmi palmami a bujnou zelen\u00ed le\u017e\u00ed osm kilometr\u016f na jih pod\u00e9l ramene \u0159eky Amargosa. Nejbli\u017e\u0161\u00ed skute\u010dn\u00e1 m\u011bsta jsou Pahrump v Nevad\u011b (asi 96 kilometr\u016f na v\u00fdchod) a Shoshone v Kalifornii (8 kilometr\u016f na sever).<\/p>\n<p>Podneb\u00ed je such\u00e9 pou\u0161tn\u00ed. L\u00e9ta jsou velmi hork\u00e1; pr\u016fm\u011brn\u00e9 \u010dervencov\u00e9 maxima p\u0159esahuj\u00ed 38 \u00b0C a vrcholy v polovin\u011b l\u00e9ta se mohou bl\u00ed\u017eit 43 \u00b0C. Obloha je t\u00e9m\u011b\u0159 v\u017edy jasn\u00e1 a sr\u00e1\u017eky jsou minim\u00e1ln\u00ed (v Tecop\u011b pr\u016fm\u011brn\u011b spadne jen asi 12 cm ro\u010dn\u011b). Zimy jsou na kontinent\u00e1ln\u00ed pom\u011bry m\u00edrn\u00e9; denn\u00ed maxima mohou dos\u00e1hnout 15 \u00b0C a mo\u017en\u00e9 jsou mraziv\u00e9 noci (0 \u00b0C). Sn\u00edh zde prakticky nepad\u00e1. Stru\u010dn\u011b \u0159e\u010deno, Tecopa je vystavena extr\u00e9m\u016fm pou\u0161tn\u00edho po\u010das\u00ed: p\u0159es den spaluj\u00edc\u00ed slunce, v noci prudk\u00e9 ochlazen\u00ed, prakticky bez sr\u00e1\u017eek.<\/p>\n<p>Historie Tecopy je zako\u0159en\u011bna jak v domorod\u00e9m d\u011bdictv\u00ed, tak v pohrani\u010dn\u00edm podnik\u00e1n\u00ed. Domorod\u00ed Ameri\u010dan\u00e9 (kmene Koso a Chemehuevi) znali tyto prameny po stalet\u00ed. V polovin\u011b 19. stolet\u00ed nedaleko odtud vedla Star\u00e1 \u0161pan\u011blsk\u00e1 stezka a pr\u016fkopn\u00edci cestuj\u00edc\u00ed po stezk\u00e1ch Mojave a Owens Valley museli v\u011bd\u011bt o jej\u00ed vod\u011b (jm\u00e9no Tecopa skute\u010dn\u011b ct\u00ed m\u00edstn\u00edho n\u00e1\u010deln\u00edka Paiut\u016f). V 70. letech 19. stolet\u00ed objevili lovci nerost\u016f v bl\u00edzk\u00fdch hor\u00e1ch lo\u017eiska st\u0159\u00edbra a olova.<\/p>\n<p>V letech 1875\u20131877 brat\u0159i William a Wallace Brownovi otev\u0159eli olov\u011bno-st\u0159\u00edbrn\u00fd d\u016fl v lokalit\u011b zvan\u00e9 Brownsville (pozd\u011bji Tecopa Heights). Jonas Osborne d\u016fl koupil a v roce 1877 p\u0159ejmenoval osadu na \u201eTecopa\u201c po m\u00edstn\u00edm n\u00e1\u010deln\u00edkovi. Ve stejn\u00e9m roce byla otev\u0159ena po\u0161ta, co\u017e znamenalo ofici\u00e1ln\u00ed uzn\u00e1n\u00ed t\u00e1bora. Po\u010d\u00e1te\u010dn\u00ed t\u011b\u017eebn\u00ed boom byl v\u0161ak kr\u00e1tk\u00fd a nepravideln\u00fd; do roku 1879 ruda vypr\u0161ela a pole bylo z velk\u00e9 \u010d\u00e1sti opu\u0161t\u011bn\u00e9.<\/p>\n<p>Tecopa setrvala jako mal\u00e1 stanice pro chov ran\u010d\u016f a pramenitou vodu. V roce 1907 do oblasti (kter\u00e1 lemovala \u00dadol\u00ed smrti) dorazila \u017eeleznice Tonopah and Tidewater Railroad, kter\u00e1 o\u017eivila Tecopu jako kr\u00e1tkou \u017eelezni\u010dn\u00ed zast\u00e1vku. Otev\u0159ela se nov\u00e1 po\u0161ta, kter\u00e1 ji propojila s celost\u00e1tn\u00ed po\u0161tovn\u00ed s\u00edt\u00ed. Ale ve 30. letech 20. stolet\u00ed se i \u017eeleznice zav\u0159ela a Tecopa op\u011bt upadla.<\/p>\n<p>Modern\u00ed \u00e9ra za\u010dala po roce 1957, kdy byly uzav\u0159eny bl\u00edzk\u00e9 doly (talkov\u00e9 doly na Talc Hill). V 60. a 70. letech 20. stolet\u00ed feder\u00e1ln\u00ed vl\u00e1da prodala st\u00e1tn\u00ed pozemky kolem hork\u00fdch pramen\u016f a otev\u0159ela tak oblast soukrom\u00e9 v\u00fdstavb\u011b. Podnikatel\u00e9 postavili v bl\u00edzkosti p\u0159\u00edrodn\u00edch pramen\u016f mal\u00e9 l\u00e1zn\u011b a motely. Koncem 20. stolet\u00ed se Tecopa prom\u011bnila v \u00fato\u010di\u0161t\u011b pro hork\u00e9 prameny: otev\u0159ely se Tecopa Hot Springs (ve\u0159ejn\u00e9 l\u00e1zn\u011b) a kolem tepl\u00fdch miner\u00e1ln\u00edch vod vyrostlo n\u011bkolik rustik\u00e1ln\u00edch resort\u016f (Tecopa Spa, za\u0159\u00edzen\u00ed v China Ranch a dal\u0161\u00ed). DNA m\u011bsta se posunula z t\u011b\u017eebn\u00ed z\u00e1kladny do l\u00e1ze\u0148sk\u00e9 komunity. Dnes se jeho historie odr\u00e1\u017e\u00ed v hrstce star\u00fdch budov a opu\u0161t\u011bn\u00fdch dol\u016f, ale p\u0159esv\u011bd\u010div\u00fdm orienta\u010dn\u00edm bodem je st\u00e1le soubor p\u0159\u00edrodn\u00edch hork\u00fdch pramen\u016f, kter\u00e9 z Tecopy ud\u011blaly \u00fato\u010di\u0161t\u011b v pou\u0161ti.<\/p>\n<p>Tecopa je stejn\u011b tich\u00e1 a \u0159\u00eddk\u00e1 jako jej\u00ed krajina, s pohodov\u00fdm, venkovsk\u00fdm charakterem. Jazyk a lid\u00e9: Angli\u010dtina je zde univerz\u00e1ln\u00ed; prakticky ka\u017ed\u00fd mluv\u00ed doma anglicky. Komunita je mal\u00e1 a p\u0159ev\u00e1\u017en\u011b star\u0161\u00ed. M\u00edstn\u00ed v\u00edtaj\u00ed cizince s lehkou v\u0159elost\u00ed malom\u011bstsk\u00e9 Ameriky, ale \u017eivot se zde ub\u00edr\u00e1 pomal\u00fdm tempem. Jeden n\u00e1v\u0161t\u011bvn\u00edk poznamenal, \u017ee tempo je \u201epomal\u00e9 p\u0159i z\u00e1padu slunce\u201c: odpoledne ub\u00edhaj\u00ed a ticho proru\u0161uje jen horko.<\/p>\n<p>Navzdory sv\u00e9 velikosti po\u0159\u00e1d\u00e1 Tecopa n\u011bkolik m\u00edstn\u00edch akc\u00ed. Ka\u017ed\u00fd listopad po\u0159\u00e1d\u00e1 dobrovoln\u00fd hasi\u010dsk\u00fd sbor \u201eFirehouse Fling\u201c \u2013 ve\u010de\u0159i s tancem, kter\u00e1 slou\u017e\u00ed jako spole\u010dn\u00fd piknik a na kterou se vyb\u00edraj\u00ed finan\u010dn\u00ed prost\u0159edky pro hasi\u010dsk\u00fd sbor. Od roku 2014 se ve m\u011bst\u011b tak\u00e9 kon\u00e1 Tecopa Takeover Music Festival, mal\u00e9 setk\u00e1n\u00ed m\u00edstn\u00edch a hostuj\u00edc\u00edch hudebn\u00edk\u016f, kte\u0159\u00ed p\u0159edv\u00e1d\u011bj\u00ed roots a folk. Tyto akce odr\u00e1\u017eej\u00ed ducha Tecopy \u201eud\u011blej si s\u00e1m\u201c a jej\u00ed c\u00edl udr\u017eovat siln\u00e9 vazby mezi komunitami na odlehl\u00e9m m\u00edst\u011b.<\/p>\n<p>Tecopa p\u016fsob\u00ed izolovan\u011b, ale ne nep\u0159\u00edjemn\u011b. Vyza\u0159uje atmosf\u00e9ru pohrani\u010dn\u00edho t\u00e1bora: pra\u0161n\u00e9 z\u00e1pady slunce, roztrou\u0161en\u00e9 palmy a kaktusy, ob\u010dasn\u00e9 dun\u011bn\u00ed proj\u00ed\u017ed\u011bj\u00edc\u00edho pick-upu. V noci je hv\u011bzdn\u00e1 obloha rozlehl\u00e1 a z\u00e1\u0159iv\u00e1. Nen\u00ed zde \u017e\u00e1dn\u00fd skute\u010dn\u00fd no\u010dn\u00ed \u017eivot; ve\u010dery se tr\u00e1v\u00ed klidn\u011b (\u010dasto u hork\u00fdch pramen\u016f za m\u011bs\u00ed\u010dn\u00edho svitu). Absence dav\u016f \u2013 a dokonce i semafor\u016f nebo \u010derpac\u00edch stanic \u2013 je hmatateln\u00e1. N\u00e1v\u0161t\u011bvn\u00edci v\u0161ak \u010dasto uv\u00e1d\u011bj\u00ed, \u017ee m\u00edstn\u00ed jsou p\u0159\u00e1tel\u0161t\u00ed a zv\u011bdav\u00ed: m\u016f\u017eete b\u00fdt pozv\u00e1ni na rozhovor do kav\u00e1rny nebo k pramen\u016fm, nebo se v\u00e1s mohou zeptat na \u017eivot ve \u201em\u011bst\u011b\u201c za pou\u0161t\u00ed. Zkr\u00e1tka Tecopa p\u016fsob\u00ed odlehle a kontemplativn\u011b. Je to m\u00edsto, kde se denn\u00ed rutina \u0159\u00edd\u00ed sp\u00ed\u0161e nezbytnostmi a p\u0159\u00edrodou (zal\u00e9v\u00e1n\u00ed rostlin, kontrola po\u0161ty, relaxace u tepl\u00e9ho pramene) ne\u017e hodinami a auty velkom\u011bsta.<\/p>\n<p>Tecopa je okouzluj\u00edc\u00ed sv\u00fdm p\u0159\u00edrodn\u00edm prost\u0159ed\u00edm. Hlavn\u00ed atrakc\u00ed jsou hork\u00e9 prameny: n\u011bkolik geoterm\u00e1ln\u00edch baz\u00e9n\u016f a l\u00e1ze\u0148sk\u00fdch za\u0159\u00edzen\u00ed po cel\u00e9m m\u011bst\u011b umo\u017e\u0148uje cestovatel\u016fm celoro\u010dn\u011b se koupat v miner\u00e1ln\u00ed vod\u011b. Ve ve\u0159ejn\u00e9 st\u00e1tn\u00ed rekrea\u010dn\u00ed oblasti Tecopa Hot Springs se m\u016f\u017eete vykoupat ve skromn\u00fdch venkovn\u00edch baz\u00e9nech nap\u00e1jen\u00fdch vodou z hork\u00fdch pramen\u016f Furnace Creek Ranch (d\u0159\u00edve Tecopa Hot Springs). Kousek j\u00edzdy na jih vede k datlov\u00e9 farm\u011b China Ranch, ne\u010dekan\u00e9 o\u00e1ze s bujn\u00fdmi datlov\u00fdmi palmami. N\u00e1v\u0161t\u011bvn\u00edci se tam mohou proj\u00edt h\u00e1jem datl\u016f, ochutnat datlov\u00e9 koktejly a vydat se na t\u00faru pod\u00e9l \u0159eky Amargosa.<\/p>\n<p>Za prameny se nach\u00e1z\u00ed N\u00e1rodn\u00ed park \u00dadol\u00ed smrti, odkud se snadno dostanete autem (zhruba 64 km severn\u011b). Mnoho lid\u00ed vyu\u017e\u00edv\u00e1 Tecopu jako malebnou z\u00e1kladnu pobl\u00ed\u017e parku. Jednodenn\u00ed v\u00fdlet do \u00dadol\u00ed smrti odhal\u00ed velkolepou krajinu (Badwater Basin, Zabriskie Point, duny Mesquite Flat atd.), kter\u00e1 dramaticky dopl\u0148uje klid mal\u00e9ho m\u011bsta Tecopy.<\/p>\n<p>Nedaleko, pouh\u00fdch 8 km severn\u011b od kmene \u0160o\u0161on\u016f, se nach\u00e1z\u00ed Muzeum \u0160o\u0161on\u016f (v historick\u00e9m \u010dty\u0159pokojov\u00e9m hotelu), kter\u00e9 nab\u00edz\u00ed artefakty z t\u011b\u017eby a domorod\u00fdch Ameri\u010dan\u016f a poskytuje kontext k p\u0159\u00edb\u011bhu regionu. Milovn\u00edci p\u0159\u00edrody zde najdou i zaj\u00edmavosti: Spring Mountain Ranch a Amargosa Chaos jsou kr\u00e1tk\u00e9 t\u00fary ka\u0148ony a jezero Grimshaw (vz\u00e1cn\u00e1 pou\u0161tn\u00ed n\u00e1dr\u017e) ob\u010das vyu\u017e\u00edvaj\u00ed vodn\u00ed ly\u017ea\u0159i.<\/p>\n<p>Stru\u010dn\u011b \u0159e\u010deno, z\u00e1\u017eitky, kter\u00e9 mus\u00edte vid\u011bt, zahrnuj\u00ed:<\/p>\n<ul>\n<li>Koupel ve ve\u0159ejn\u00fdch a rekrea\u010dn\u00edch term\u00e1ln\u00edch pramenech v Tecop\u011b (\u010dasto uv\u00e1d\u011bn\u00fdch jako d\u016fvod, pro\u010d sem lid\u00e9 p\u0159ij\u00ed\u017ed\u011bj\u00ed).<\/li>\n<li>Prozkoum\u00e1n\u00ed NP Death Valley, dostupn\u00e9ho z m\u011bsta.<\/li>\n<li>N\u00e1v\u0161t\u011bva \u010d\u00ednsk\u00e9ho ran\u010de s ochutn\u00e1vkou datl\u00ed a proch\u00e1zkou po b\u0159ehu \u0159eky.<\/li>\n<li>Prohl\u00eddka mal\u00e9ho muzea \u0160o\u0161on\u016f, kde se sezn\u00e1m\u00edme s m\u00edstn\u00ed histori\u00ed.<\/li>\n<li>J\u00edzda v ter\u00e9nu po nedalek\u00fdch dun\u00e1ch Dumont (pro dobrodru\u017en\u00e9 vozy) nebo turistika po malebn\u00fdch pou\u0161tn\u00edch stezk\u00e1ch.<br \/>\nKa\u017ed\u00fd z nich zt\u011bles\u0148uje Tecopovu sm\u011bs drsn\u00e9 p\u0159\u00edrody a sv\u00e9r\u00e1zn\u00e9ho kouzla mal\u00e9ho m\u011bsta.<\/li>\n<\/ul>\n<p>V samotn\u00e9 Tecop\u011b se nenach\u00e1z\u00ed leti\u0161t\u011b ani vlakov\u00e9 n\u00e1dra\u017e\u00ed. V\u011bt\u0161ina n\u00e1v\u0161t\u011bvn\u00edk\u016f p\u0159ij\u00ed\u017ed\u00ed autem. M\u011bsto le\u017e\u00ed na k\u0159i\u017eovatce kalifornsk\u00fdch d\u00e1lnic 127 a 178. Na z\u00e1pad\u011b (jihu) vede d\u00e1lnice 178 145 kilometr\u016f do Kalifornie p\u0159es Inyokern (s p\u0159\u00edstupem do oblasti Ridgecrest), zat\u00edmco na v\u00fdchod\u011b (severu) se d\u00e1lnice 127 napojuje na Nevadu a Interstate 15 u Bakeru. Nejbli\u017e\u0161\u00ed hlavn\u00ed leti\u0161t\u011b jsou v Las Vegas v Nevad\u011b (McCarran International, p\u0159ibli\u017en\u011b 200 kilometr\u016f v\u00fdchodn\u011b) nebo v Los Angeles v Kalifornii (LAX, p\u0159ibli\u017en\u011b 375 kilometr\u016f jihoz\u00e1padn\u011b). Mezi bli\u017e\u0161\u00ed region\u00e1ln\u00ed leti\u0161t\u011b pat\u0159\u00ed Bishop (na severu) nebo men\u0161\u00ed termin\u00e1l v Las Vegas. Neexistuje zde \u017e\u00e1dn\u00e1 osobn\u00ed \u017eelezni\u010dn\u00ed doprava.<\/p>\n<p>Samotn\u00e1 Tecopa je extr\u00e9mn\u011b mal\u00e1 a z velk\u00e9 \u010d\u00e1sti se d\u00e1 doj\u00edt p\u011b\u0161ky (obchody, kav\u00e1rny, l\u00e1zn\u011b a ubytov\u00e1n\u00ed se shlukuj\u00ed pod\u00e9l jedin\u00e9 hlavn\u00ed ulice). Pro pozn\u00e1v\u00e1n\u00ed okol\u00ed je v\u0161ak nezbytn\u00e9 auto. Upozor\u0148ujeme, \u017ee m\u00edstn\u00ed \u201eve\u0159ejn\u00e1 doprava\u201c je minim\u00e1ln\u00ed: autobus dvakr\u00e1t m\u011bs\u00ed\u010dn\u011b kdysi spojoval Tecopu s Pahrumpem v Nevad\u011b (p\u0159es Eastern Sierra Transit), ale provoz byl pozastaven. Jedin\u00fdm praktick\u00fdm zp\u016fsobem, jak nav\u0161t\u00edvit hork\u00e9 prameny a okoln\u00ed atrakce, jsou pronajat\u00e9 automobily nebo osobn\u00ed vozidla. Pro m\u00edsta jako Dumont Dunes jsou pot\u0159eba ter\u00e9nn\u00ed vozidla. Stav silnic je obecn\u011b dobr\u00fd (dvouproud\u00e9 d\u00e1lnice), ale \u0159idi\u010di by si m\u011bli v noci v pou\u0161ti d\u00e1vat pozor na potuluj\u00edc\u00ed se hospod\u00e1\u0159sk\u00e1 zv\u00ed\u0159ata nebo divokou zv\u011b\u0159.<\/p>\n<p>M\u011bnou jsou americk\u00e9 dolary a hlavn\u00edm jazykem angli\u010dtina. N\u00e1v\u0161t\u011bvn\u00edci by se m\u011bli p\u0159ipravit na pou\u0161tn\u00ed podm\u00ednky: nosit s sebou vodu, pou\u017e\u00edvat ochranu proti slunci a vyh\u00fdbat se venkovn\u00edm aktivit\u00e1m b\u011bhem poledn\u00edho letn\u00edho horka. Pokryt\u00ed mobiln\u00edmi sign\u00e1ly je nepravideln\u00e9; v n\u011bkter\u00fdch oblastech nemus\u00ed b\u00fdt sign\u00e1l v\u016fbec. Nejbli\u017e\u0161\u00ed obchody s potravinami jsou v Pahrumpu v Nevad\u011b nebo v Bishopu v Kalifornii, proto si z\u00e1soby napl\u00e1nujte podle toho.<\/p>\n<p>Tecopa je podle obecn\u00fdch m\u011b\u0159\u00edtek velmi bezpe\u010dn\u00e1 \u2013 kriminalita zde prakticky neexistuje d\u00edky mal\u00e9 a soudr\u017en\u00e9 komunit\u011b. Soused\u00e9 se obvykle zdrav\u00ed v\u0159ele; zdvo\u0159il\u00e9 pozdraven\u00ed v obchod\u011b nebo u hork\u00fdch pramen\u016f je b\u011b\u017en\u00e9. Lid\u00e9 z jin\u00fdch m\u011bst shledaj\u00ed lidi ochotn\u00fdmi, ale pamatujte, \u017ee se nejedn\u00e1 o \u201eletovisko\u201c v prav\u00e9m slova smyslu: decentn\u00ed oble\u010den\u00ed a tich\u00e9 chov\u00e1n\u00ed jsou normou. Neexistuj\u00ed zde \u017e\u00e1dn\u00e1 pr\u00e1vn\u00ed omezen\u00ed krom\u011b kalifornsk\u00fdch z\u00e1kon\u016f (sledujte rychlostn\u00ed limity a nenaru\u0161ujte divokou zv\u011b\u0159 ani soukrom\u00fd pozemek). Zkr\u00e1tka, k Tecop\u011b p\u0159istupujte jako k klidn\u00e9 venkovsk\u00e9 destinaci: bu\u010fte p\u0159\u00e1tel\u0161t\u00ed, dr\u017ete se klidn\u00e9ho tempa a zapadnete.<a href=\"https:\/\/travelshelper.com\/cs\/destinace\/severni-amerika\/spojene-staty-americke\/berkeley-springs\/\" target=\"_self\" aria-labelledby=\"uael-post-8997\"><br \/>\n<\/a><\/p>","protected":false},"excerpt":{"rendered":"<p>Tecopa je m\u011bsto ur\u010den\u00e9 pro s\u010d\u00edt\u00e1n\u00ed lidu (CDP) nach\u00e1zej\u00edc\u00ed se v Mohavsk\u00e9 pou\u0161ti v jihov\u00fdchodn\u00ed oblasti okresu Inyo v Kalifornii. Toto mal\u00e9 m\u011bste\u010dko, kter\u00e9 se vyzna\u010duje sv\u00fdm historick\u00fdm v\u00fdznamem a p\u0159\u00edrodn\u00edmi kr\u00e1sami, se v pr\u016fb\u011bhu let v\u00fdrazn\u011b zm\u011bnilo. Minulost Tecopy, kter\u00e1 odr\u00e1\u017e\u00ed zvyky a kulturu indi\u00e1n\u016f Koso a Chemehuevi, je s jejich minulost\u00ed \u00fazce spjata. D\u00edky mo\u017enosti t\u011b\u017eby nerostn\u00e9ho bohatstv\u00ed z bl\u00edzk\u00fdch dol\u016f do\u0161lo v oblasti ke konci 19. stolet\u00ed k v\u00fdrazn\u00e9mu n\u00e1r\u016fstu po\u010dtu pion\u00fdr\u016f.<\/p>","protected":false},"author":1,"featured_media":17576,"parent":8072,"menu_order":0,"comment_status":"closed","ping_status":"closed","template":"elementor_theme","meta":{"_eb_attr":"","footnotes":""},"class_list":["post-8943","page","type-page","status-publish","has-post-thumbnail"],"_links":{"self":[{"href":"https:\/\/travelshelper.com\/cs\/wp-json\/wp\/v2\/pages\/8943","targetHints":{"allow":["GET"]}}],"collection":[{"href":"https:\/\/travelshelper.com\/cs\/wp-json\/wp\/v2\/pages"}],"about":[{"href":"https:\/\/travelshelper.com\/cs\/wp-json\/wp\/v2\/types\/page"}],"author":[{"embeddable":true,"href":"https:\/\/travelshelper.com\/cs\/wp-json\/wp\/v2\/users\/1"}],"replies":[{"embeddable":true,"href":"https:\/\/travelshelper.com\/cs\/wp-json\/wp\/v2\/comments?post=8943"}],"version-history":[{"count":0,"href":"https:\/\/travelshelper.com\/cs\/wp-json\/wp\/v2\/pages\/8943\/revisions"}],"up":[{"embeddable":true,"href":"https:\/\/travelshelper.com\/cs\/wp-json\/wp\/v2\/pages\/8072"}],"wp:featuredmedia":[{"embeddable":true,"href":"https:\/\/travelshelper.com\/cs\/wp-json\/wp\/v2\/media\/17576"}],"wp:attachment":[{"href":"https:\/\/travelshelper.com\/cs\/wp-json\/wp\/v2\/media?parent=8943"}],"curies":[{"name":"wp","href":"https:\/\/api.w.org\/{rel}","templated":true}]}}