{"id":8795,"date":"2024-09-05T12:07:13","date_gmt":"2024-09-05T12:07:13","guid":{"rendered":"https:\/\/travelshelper.com\/staging\/?page_id=8795"},"modified":"2026-03-13T17:32:22","modified_gmt":"2026-03-13T17:32:22","slug":"cincinnati","status":"publish","type":"page","link":"https:\/\/travelshelper.com\/cs\/destinations\/north-america\/united-states\/cincinnati\/","title":{"rendered":"Cincinnati"},"content":{"rendered":"<p>Cincinnati, n\u011bkdy naz\u00fdvan\u00e9 \u201ekr\u00e1lovna m\u011bsta\u201c, le\u017e\u00ed uprost\u0159ed mezi St\u0159edoz\u00e1padem a Jihem pod\u00e9l \u0159eky Ohio. A\u010dkoli je Cincinnati men\u0161\u00ed ne\u017e jeho prot\u011bj\u0161ky v Chicagu a Dallasu, py\u0161n\u00ed se bohat\u00fdm d\u011bdictv\u00edm, osobitou kulturou a p\u0159\u00edjemnou atmosf\u00e9rou \u201e\u0159\u00ed\u010dn\u00edho m\u011bsta\u201c. V roce 2020 m\u011blo m\u011bsto p\u0159ibli\u017en\u011b 309 317 obyvatel, co\u017e z n\u011bj \u010din\u00ed t\u0159et\u00ed nejv\u011bt\u0161\u00ed m\u011bsto v Ohiu (po Columbusu a Clevelandu) a 66. nejv\u011bt\u0161\u00ed m\u011bsto v zemi. Jeho metropolitn\u00ed oblast s osmi okresy je mnohem v\u011bt\u0161\u00ed, s p\u0159ibli\u017en\u011b 2,27 milionu obyvatel. Region\u00e1ln\u00ed ekonomika je siln\u00e1: HDP Velk\u00e9ho Cincinnati \u010dinil v roce 2022 zhruba 157 miliard dolar\u016f. S\u00eddl\u00ed zde t\u011b\u017ek\u00e9 v\u00e1hy z \u017eeb\u0159\u00ed\u010dku Fortune 500, jako je Kroger (maloobchod), Procter &amp; Gamble (spot\u0159ebn\u00ed zbo\u017e\u00ed) a Fifth Third Bank, co\u017e je z\u00e1kladem rozmanit\u00e9 ekonomiky. Mezi pr\u016fmyslov\u00e1 odv\u011btv\u00ed Cincinnati pat\u0159\u00ed v\u00fdroba, zdravotnictv\u00ed (nap\u0159. D\u011btsk\u00e1 nemocnice v Cincinnati) a rozv\u00edjej\u00edc\u00ed se technologie. R\u016fst m\u011bsta byl stabiln\u00ed: na rozd\u00edl od mnoha oblast\u00ed tzv. \u201erust Belt\u201c se Cincinnati rozr\u016fstalo a\u017e do konce 20. stolet\u00ed a revitalizace jeho centra od 90. let 20. stolet\u00ed p\u0159il\u00e1kala p\u0159es \u010dtvrt milionu nov\u00fdch obyvatel a pracovn\u00edch m\u00edst.<\/p>\n<p>Cincinnati se nach\u00e1z\u00ed v jihoz\u00e1padn\u00edm Ohiu, ohrani\u010den\u00e9 \u0159ekou Ohio na jihu a z\u00e1pad\u011b (s Kentucky na prot\u011bj\u0161\u00edm b\u0159ehu) a zvln\u011bn\u00fdmi kopci na severu. Na rozd\u00edl od pr\u00e9ri\u00ed Illinois je krajina Cincinnati kopcovit\u00e1 (podh\u016f\u0159\u00ed Apala\u010dsk\u00fdch hor), co\u017e z mnoha \u010dtvrt\u00ed nab\u00edz\u00ed \u00fachvatn\u00e9 v\u00fdhledy na \u0159eku. M\u011bsto se ve skute\u010dnosti rozkl\u00e1d\u00e1 na n\u011bkolika strm\u00fdch kopc\u00edch; \u010d\u00e1sti centra m\u011bsta a oblasti Over-the-Rhine le\u017e\u00ed na \u00fatesech s v\u00fdhledem na \u0159eku. Geograficky se nach\u00e1z\u00ed v povod\u00ed Velk\u00fdch jezer, ale na okraji podh\u016f\u0159\u00ed Apala\u010dsk\u00fdch hor. Klima Cincinnati je p\u0159echodn\u00e9: m\u00e1 vlhk\u00e9 kontinent\u00e1ln\u00ed klima s v\u00fdrazn\u00fdmi sez\u00f3nn\u00edmi v\u00fdkyvy. L\u00e9ta jsou hork\u00e1 a dusn\u00e1 (\u010dasto dosahuj\u00ed 32 \u00b0C) a zimy jsou chladn\u00e9 s m\u00edrn\u00fdm sn\u011b\u017een\u00edm. Nach\u00e1z\u00ed se na hranici teplej\u0161\u00edho vlhk\u00e9ho subtropick\u00e9ho p\u00e1sma, tak\u017ee zimy jsou m\u00edrn\u011bj\u0161\u00ed ne\u017e v m\u011bstech severn\u00edho St\u0159edoz\u00e1padu. Jaro a podzim jsou obvykle m\u00edrn\u00e9 a p\u0159\u00edjemn\u00e9 (ale vyskytuj\u00ed se dubnov\u00e9 de\u0161t\u011b a ob\u010dasn\u00e9 pozdn\u00ed mrazy).<\/p>\n<p>P\u0159\u00edb\u011bh Cincinnati za\u010dal v roce 1788, kdy veter\u00e1ni z v\u00e1lky za nez\u00e1vislost Mathias Denman, Robert Patterson a Israel Ludlow zalo\u017eili sv\u00e9 ko\u0159eny v ohybu \u0159eky Ohio. Zem\u011bm\u011b\u0159i\u010d John Filson p\u016fvodn\u011b pojmenoval osadu \u201eLosantiville\u201c, ale v roce 1790 ji jej\u00ed v\u016fdci p\u0159ejmenovali na Cincinnati na po\u010dest Spole\u010dnosti Cincinnati (organizace revolu\u010dn\u00edch d\u016fstojn\u00edk\u016f). M\u011bsto bylo zalo\u017eeno v roce 1802 a rychle se stalo d\u016fle\u017eit\u00fdm \u0159\u00ed\u010dn\u00edm p\u0159\u00edstavem pro Severoz\u00e1padn\u00ed teritorium. Do roku 1850 bylo Cincinnati zn\u00e1m\u00e9 jako \u201ePorkopolis\u201c d\u00edky sv\u00e9mu masivn\u00edmu pr\u016fmyslu zpracov\u00e1n\u00ed vep\u0159ov\u00e9ho masa \u2013 por\u00e1\u017eelo a p\u0159epravovalo v\u00edce prasat ne\u017e kdekoli jinde v Americe. \u017deleznice dorazily v polovin\u011b 19. stolet\u00ed, co\u017e upevnilo jeho roli dopravn\u00edho uzlu.<\/p>\n<p>Kulturn\u00ed rozvoj Cincinnati byl \u010dil\u00fd: budovaly se zde zdoben\u00e9 hudebn\u00ed s\u00e1ly a knihovny, kter\u00e9 si v 70. letech 19. stolet\u00ed vyslou\u017eily p\u0159ezd\u00edvku \u201ePa\u0159\u00ed\u017e Ameriky\u201c d\u00edky sv\u00e9 velkolep\u00e9 architektu\u0159e (Music Hall, zdoben\u00fd obchodn\u00ed d\u016fm Shillito&#039;s a visut\u00fd most Roebling). M\u011bsto bylo tak\u00e9 kl\u00ed\u010dovou zast\u00e1vkou podzemn\u00ed dr\u00e1hy s mnoha abolicionisty v populaci (Cincinnati m\u00e1 muzea a pam\u00e1tky p\u0159ipom\u00ednaj\u00edc\u00ed tuto \u00e9ru). Konec 19. a za\u010d\u00e1tek 20. stolet\u00ed byly sv\u011bdky vln n\u011bmeck\u00e9 imigrace, kter\u00e9 formovaly \u010dtvrti jako Over-the-Rhine (OTR), kter\u00e1 se dodnes m\u016f\u017ee pochlubit nejv\u011bt\u0161\u00ed sb\u00edrkou italsk\u00fdch budov z 19. stolet\u00ed v Americe. Cincinnati se i v 20. stolet\u00ed d\u00e1le rozv\u00edjelo, i kdy\u017e s vzestupy i p\u00e1dy: suburbanizace v polovin\u011b stolet\u00ed odvedla obyvatele od hlavn\u00edch \u010dtvrt\u00ed, ale v posledn\u00edch desetilet\u00edch prob\u00edh\u00e1 z\u00e1m\u011brn\u00fd tlak na p\u0159estavbu OTR, n\u00e1b\u0159e\u017e\u00ed a centra m\u011bsta.<\/p>\n<p>Mezi v\u00fdznamn\u00e9 ud\u00e1losti pat\u0159\u00ed povode\u0148 v roce 1884, kter\u00e1 vedla k v\u00fdstavb\u011b kan\u00e1lu Miami-Erie, a povode\u0148 v roce 1913, kter\u00e1 formovala budouc\u00ed pl\u00e1nov\u00e1n\u00ed hr\u00e1z\u00ed. Z kulturn\u00edho hlediska m\u011bsto dalo vzniknout inovac\u00edm, jako byl prvn\u00ed profesion\u00e1ln\u00ed baseballov\u00fd t\u00fdm (Cincinnati Red Stockings z roku 1869) a prvn\u00ed profesion\u00e1ln\u00ed nadhazova\u010dka. Bylo tak\u00e9 m\u00edstem tragick\u00e9 povodn\u011b v roce 1937 a p\u0159esunu n\u00e1b\u0159e\u017en\u00edch d\u00e1lnic v 80. letech 20. stolet\u00ed. V modern\u00ed dob\u011b se Cincinnati slou\u010dilo s okoln\u00edmi obcemi (jako byla anexe Eastwoodu v roce 1920) a do 21. stolet\u00ed se rozrostlo o v\u00fdznamn\u00e9 instituce (Cincinnati Opera, Zoo, Ballet). Historie Cincinnati je dnes viditeln\u00e1 v jeho pulzuj\u00edc\u00edch historick\u00fdch \u010dtvrt\u00edch a stalet\u00fdch parc\u00edch, jako je Eden Park (zal. 1875) a \u00fast\u0159edn\u00ed bod centra m\u011bsta \u201eFountain Square\u201c.<\/p>\n<p>Cincinnati m\u00e1 v\u0159el\u00fd a tradi\u010dn\u00ed charakter s n\u00e1dechem otev\u0159enosti St\u0159edoz\u00e1padu. Hlavn\u00edm jazykem je angli\u010dtina a mnoho star\u0161\u00edch tradic poch\u00e1z\u00ed z n\u011bmeck\u00e9ho d\u011bdictv\u00ed. M\u00edstn\u00ed dialekt je jemn\u011b st\u0159edoz\u00e1padn\u00ed s n\u011bkter\u00fdmi unik\u00e1tn\u00edmi slovy (nap\u0159. naz\u00fdvat vodn\u00ed font\u00e1nu \u201ebublaj\u00edc\u00ed font\u00e1na\u201c nebo pou\u017e\u00edvat \u201epros\u00edm\u201c na ve\u0159ejn\u00fdch toalet\u00e1ch \u2013 slavn\u00e1 cedule \u201eCincinnati, pros\u00edm\u201c na toalet\u00e1ch). Ka\u017edoro\u010dn\u00ed tradice podtrhuj\u00ed jeho d\u011bdictv\u00ed: Oktoberfest Zinzinnati je nejv\u011bt\u0161\u00ed americk\u00e1 oslava Oktoberfestu, dopln\u011bn\u00e1 kulturn\u00edmi pivy, polkou a nechvaln\u011b zn\u00e1m\u00fdm z\u00e1vodem jezev\u010d\u00edk\u016f \u201eB\u011bh p\u00e1rk\u016f\u201c. Ka\u017ed\u00fd rok se cincinnatisk\u00e9ho Oktoberfestu \u00fa\u010dastn\u00ed 30 000 lid\u00ed, jejich\u017e obl\u00edbenou pochoutkou je cincinnatsk\u00e9 chili (ko\u0159en\u011bn\u00e9 \u010dokol\u00e1dou a sko\u0159ic\u00ed). Kdy\u017e u\u017e mluv\u00edme o j\u00eddle, Cincinnati je zn\u00e1m\u00e9 sv\u00fdm chili v cincinnatsk\u00e9m stylu (chili \u0159eck\u00e9ho p\u016fvodu pod\u00e1van\u00e9 se \u0161pagetami a s\u00fdrem) a klob\u00e1sou \u201eGoetta\u201c.<\/p>\n<p>Cincinnati host\u00ed i dal\u0161\u00ed festivaly, kter\u00e9 odr\u00e1\u017eej\u00ed m\u00edstn\u00ed atmosf\u00e9ru. Flying Pig Marathon (a Pig Brew Fest) oslavuj\u00ed historii zpracov\u00e1n\u00ed vep\u0159ov\u00e9ho masa ve m\u011bst\u011b. Hudba vzkv\u00e9t\u00e1 na Cincinnati Music Festival (R&amp;B, soul a gospel) a na venkovn\u00edch koncertech v parc\u00edch. Bunbury Music Festival v l\u00e9t\u011b p\u0159itahuje zn\u00e1m\u00e9 kapely. Dal\u0161\u00edm vrcholem je hrdost: v\u00edkend gay pride v Cincinnati pat\u0159\u00ed k nejv\u011bt\u0161\u00edm v Ohiu a v \u0159\u00edjnu se konaj\u00ed akce, kter\u00e9 prom\u011bn\u00ed centrum m\u011bsta. Listopadov\u00fd Festival sv\u011btel v Krohnov\u011b konzervato\u0159i osv\u011btluje p\u0159iv\u00edt\u00e1n\u00ed ro\u010dn\u00edch obdob\u00ed sv\u011bteln\u00fdmi sochami.<\/p>\n<p>Cincinnati m\u00e1 ka\u017edodenn\u00ed \u017eivot m\u00edrn\u011b rytmick\u00fd \u2013 m\u00e9n\u011b frenetick\u00fd ne\u017e Chicago nebo Dallas, ale ru\u0161n\u011bj\u0161\u00ed ne\u017e mal\u00e9 m\u011bsto. Lid\u00e9 zde jsou obvykle zdvo\u0159il\u00ed a zam\u011b\u0159en\u00ed na komunitu. V sousedstv\u00edch se konaj\u00ed blokov\u00e9 ve\u010d\u00edrky a m\u00edstn\u00ed bistra. Obyvatel\u00e9 Cincinnati si u\u017e\u00edvaj\u00ed \u0159eku a kopce, za slune\u010dn\u00fdch dn\u016f se proch\u00e1zej\u00ed po parku Smale Riverfront nebo fand\u00ed z\u00e1pas\u016fm Bengals (NFL) nebo Reds (MLB). Ct\u00ed um\u011bleck\u00e9 instituce m\u011bsta (hudebn\u00ed s\u00e1l, muzeum um\u011bn\u00ed) a odkaz ob\u010dansk\u00e9 anga\u017eovanosti. Celkov\u00e1 atmosf\u00e9ra Cincinnati je p\u0159\u00e1telsk\u00e1 a nen\u00e1ro\u010dn\u00e1 \u2013 sm\u011bsice sousedsk\u00e9 atmosf\u00e9ry St\u0159edoz\u00e1padu a ohnisek energie velkom\u011bsta. Ve srovn\u00e1n\u00ed s pob\u0159e\u017en\u00edmi m\u011bsty je cenov\u011b dostupn\u00e9 a uvoln\u011bn\u00e9; ve srovn\u00e1n\u00ed s mal\u00fdmi m\u011bsty je kulturn\u011b bohat\u00e9 a dynamick\u00e9.<\/p>\n<p>Cincinnati nab\u00edz\u00ed p\u0159ekvapivou \u0161k\u00e1lu pam\u00e1tek, kter\u00e9 mus\u00edte vid\u011bt. \u00dast\u0159edn\u00edm bodem je Ohio Riverfront: ned\u00e1vno zrekonstruovan\u00fd park Smale Riverfront Park nab\u00edz\u00ed font\u00e1ny, h\u0159i\u0161t\u011b a turistick\u00e9 stezky s v\u00fdhledem na panorama m\u011bsta. Majest\u00e1tn\u00ed n\u00e1m\u011bst\u00ed Fountain Square (kdysi Monroe Market House) je m\u00edstem setk\u00e1v\u00e1n\u00ed v centru m\u011bsta, or\u00e1movan\u00e9 historick\u00fdmi budovami, kde se konaj\u00ed koncerty a kluzi\u0161t\u011b. \u010ctvr\u0165 Over-the-Rhine (OTR) je hlavn\u00edm l\u00e1kadlem \u2013 jednou z nejv\u011bt\u0161\u00edch historick\u00fdch \u010dtvrt\u00ed v Americe. Zde o\u017e\u00edv\u00e1 d\u011bdictv\u00ed m\u011bsta z 19. stolet\u00ed d\u00edky zrestaurovan\u00fdm pivovar\u016fm, \u0159emesln\u00fdm pivovar\u016fm (Cinci je pivovarnick\u00e9 m\u011bsto), kav\u00e1rn\u00e1m a butik\u016fm. V\u00fdchodn\u011b od OTR se nach\u00e1z\u00ed Findlay Market (nejstar\u0161\u00ed nep\u0159etr\u017eit\u011b provozovan\u00fd ve\u0159ejn\u00fd trh v Ohiu, od roku 1852), kter\u00fd je lah\u016fdkou pro ochutn\u00e1vku m\u00edstn\u00edch produkt\u016f a etnick\u00fdch j\u00eddel.<\/p>\n<p>M\u011bsto dotv\u00e1\u0159\u00ed slavn\u00e1 architektura: Roebling\u016fv visut\u00fd most (p\u0159edch\u016fdce sanfrancisk\u00e9 Golden Gate), Carew Tower (b\u00fdval\u00e1 nejvy\u0161\u0161\u00ed budova na jihu s vyhl\u00eddkovou plo\u0161inou ve stylu art deco) a \u00fachvatn\u00e1 Music Hall ve stylu art deco. Cincinnati se py\u0161n\u00ed celost\u00e1tn\u011b v\u00fdznamn\u00fdmi kulturn\u00edmi institucemi: Muzeem um\u011bn\u00ed Cincinnati v malebn\u00e9m Eden Parku, N\u00e1rodn\u00edm centrem svobody podzemn\u00ed \u017eeleznice (muzeum otroctv\u00ed a ob\u010dansk\u00fdch pr\u00e1v na n\u00e1b\u0159e\u017e\u00ed) a Americk\u00fdm muzeem n\u00e1pis\u016f (netradi\u010dn\u00ed historick\u00e1 expozice neon\u016f a cedul\u00ed).<\/p>\n<p>Pro rodiny s d\u011btmi je tu zoologick\u00e1 a botanick\u00e1 zahrada v Cincinnati (jedna z nejstar\u0161\u00edch zoologick\u00fdch zahrad v USA, proslul\u00e1 hro\u0161ic\u00ed Fionou). V Eden Parku se nach\u00e1z\u00ed tak\u00e9 Krohnova konzervato\u0159 (tropick\u00e9 rostliny) a Cincinnati Nature Center. Sportovn\u00ed fanou\u0161ci nav\u0161t\u011bvuj\u00ed Great American Ball Park (Reds) a Paycor Stadium (Bengals). Muzeum americk\u00fdch n\u00e1pis\u016f nab\u00edz\u00ed nostalgickou cestu americk\u00fdmi neony z poloviny stolet\u00ed. Milovn\u00edci p\u0159\u00edrody se mohou projet na kajaku po \u0159ece nebo se proj\u00edt po zalesn\u011bn\u00fdch stezk\u00e1ch v bl\u00edzk\u00fdch parc\u00edch, jako je Mount Airy nebo Ault Park (rom\u00e1nsk\u00e9 pavilony, sluncem zalit\u00e9 jezero). A nenechte si uj\u00edt v\u00e1no\u010dn\u00ed show Krohnovy konzervato\u0159e ani interaktivn\u00ed D\u011btsk\u00e9 muzeum v Cincinnati, kde se d\u011bti zabav\u00ed.<\/p>\n<p>Doprava do Cincinnati je pohodln\u00e1. Mezin\u00e1rodn\u00ed leti\u0161t\u011b Cincinnati\/Northern Kentucky (CVG), kter\u00e9 se nach\u00e1z\u00ed hned p\u0159es \u0159eku v Kentucky, je hlavn\u00ed leteckou branou. CVG m\u00e1 lety na vnitrost\u00e1tn\u00ed uzly a n\u011bkter\u00e9 mezin\u00e1rodn\u00ed lety (Delta, American atd.). Do centra m\u011bsta se dostanete tak\u00e9 vlakem Amtrak (trasa Cardinal z Chicaga, Washingtonu a New Yorku zastavuje na termin\u00e1lu Cincinnati Union Terminal, mistrovsk\u00e9m d\u00edle ve stylu art deco). K\u0159i\u017euj\u00ed se zde hlavn\u00ed d\u00e1lnice: I-75 (severoji\u017en\u00ed mezi Detroitem a Floridou) a I-71 (mezi Clevelandem a Louisville) se setk\u00e1vaj\u00ed v centru m\u011bsta, co\u017e usnad\u0148uje cestov\u00e1n\u00ed po silnici.<\/p>\n<p>Ve m\u011bst\u011b je ve\u0159ejn\u00e1 doprava skromn\u00e1: autobusy metra pokr\u00fdvaj\u00ed v\u011bt\u0161inu oblast\u00ed (a\u010dkoli na n\u011bkter\u00fdch tras\u00e1ch m\u016f\u017ee b\u00fdt provoz nepravideln\u00fd). Tramvaj metra (\u201eThe Cincinnati Bell Connector\u201c) spojuje centrum m\u011bsta s n\u00e1b\u0159e\u017e\u00edm a linkou OTR \u2013 nostalgickou linkou, kter\u00e1 je u\u017eite\u010dn\u00e1 pro turisty. K dispozici jsou taxi a sd\u00edlen\u00e9 j\u00edzdy, ale pro dosa\u017een\u00ed p\u0159edm\u011bst\u00ed nebo park\u016f mimo centrum m\u011bsta m\u016f\u017ee b\u00fdt rozumn\u00e9 si pronajmout auto. Centrum Cincinnati a linka OTR jsou docela dob\u0159e dostupn\u00e9 p\u011b\u0161ky, stejn\u011b jako n\u011bkter\u00e9 obytn\u00e9 oblasti (jako je Mount Adams nebo Covington v severn\u00edm Kentucky na druh\u00e9 stran\u011b \u0159eky). Cyklistika se rozv\u00edj\u00ed (program sd\u00edlen\u00fdch kol Red Bike), zejm\u00e9na na n\u00e1b\u0159e\u017e\u00ed.<\/p>\n<p>Z\u00e1kladn\u00ed tipy: m\u011bnou je USD; angli\u010dtina je v\u00fdchoz\u00edm jazykem. Spropitn\u00e9 p\u0159i stravov\u00e1n\u00ed a taxi se \u0159\u00edd\u00ed americk\u00fdmi zvyklostmi (~15\u201320 %). Cincinnati je pova\u017eov\u00e1no za relativn\u011b bezpe\u010dn\u00e9, i kdy\u017e stejn\u011b jako v ka\u017ed\u00e9m m\u011bst\u011b by n\u00e1v\u0161t\u011bvn\u00edci m\u011bli po setm\u011bn\u00ed z\u016fst\u00e1vat v dob\u0159e nav\u0161t\u011bvovan\u00fdch oblastech. Sousedsk\u00e1 hl\u00eddka je siln\u00e1; kriminalita se v\u011bt\u0161inou omezuje na n\u011bkolik probl\u00e9mov\u00fdch oblast\u00ed mimo hlavn\u00ed \u010dtvrti. Zdvo\u0159ilost a respekt ze strany St\u0159edoz\u00e1padu jsou normou \u2013 podr\u017eov\u00e1n\u00ed dve\u0159\u00ed, \u0159\u00edk\u00e1n\u00ed \u201epros\u00edm\u201c a \u201ed\u011bkuji\u201c (slavn\u00e1 cedule na ve\u0159ejn\u00fdch toalet\u00e1ch v Cincinnati p\u0159ipom\u00edn\u00e1: \u0159ekn\u011bte \u201epros\u00edm\u201c, kdy\u017e \u017e\u00e1d\u00e1te o toaletu, co\u017e je m\u00edstn\u00ed etiketn\u00ed zvl\u00e1\u0161tnost). M\u00edstn\u00ed klima znamen\u00e1, \u017ee l\u00e9ta mohou b\u00fdt hork\u00e1 a vlhk\u00e1, tak\u017ee je vhodn\u00e9 lehk\u00e9 oble\u010den\u00ed a ochrana p\u0159ed sluncem. V zim\u011b m\u016f\u017ee sn\u011b\u017eit a mrznout, proto si p\u0159i n\u00e1v\u0161t\u011bv\u011b od prosince do \u00fanora vezm\u011bte tepl\u00e9 oble\u010den\u00ed. V\u00fdznamn\u00e9 mohou b\u00fdt sez\u00f3nn\u00ed alergie (pylov\u00e1 sez\u00f3na na ja\u0159e a na podzim).<\/p>\n<p>Cincinnati je v podstat\u011b m\u011bsto s vybaven\u00edm \u201evelkom\u011bsta\u201c, ale srdcem mal\u00e9ho m\u011bsta. Jeho historick\u00e9 kouzlo, v\u00fdhledy na n\u00e1b\u0159e\u017e\u00ed a p\u0159\u00edjemn\u00e1 kulturn\u00ed sc\u00e9na z n\u011bj d\u011blaj\u00ed ne\u010dekan\u011b p\u0159\u00edjemnou zast\u00e1vku nebo destinaci. N\u00e1v\u0161t\u011bvn\u00edci objevuj\u00ed m\u011bsto hrd\u011b zako\u0159en\u011bn\u00e9 v historii a inovac\u00edch, od n\u011bmeck\u00fdch pivnic a\u017e po \u0161pi\u010dkov\u00e9 startupy, to v\u0161e s p\u0159\u00e1telsk\u00fdm \u00fasm\u011bvem st\u0159edoz\u00e1padu.<a href=\"https:\/\/travelshelper.com\/cs\/destinace\/severni-amerika\/spojene-staty-americke\/berkeley-springs\/\" target=\"_self\" aria-labelledby=\"uael-post-8997\"><br \/>\n<\/a><\/p>","protected":false},"excerpt":{"rendered":"<p>Cincinnati je dynamick\u00e9 m\u011bsto le\u017e\u00edc\u00ed v jihoz\u00e1padn\u00ed oblasti Ohia a slou\u017e\u00ed jako okresn\u00ed m\u011bsto okresu Hamilton. Cincinnati, p\u016fvodn\u011b zalo\u017een\u00e9 v roce 1788, m\u00e1 ide\u00e1ln\u00ed polohu na soutoku \u0159ek Licking a Ohio; ta p\u0159irozen\u011b odd\u011bluje Ohio od Kentucky. Cincinnati, kter\u00e9 se v USA um\u00edstilo na 64. m\u00edst\u011b, m\u00e1 podle s\u010d\u00edt\u00e1n\u00ed lidu z roku 2020 309 317 obyvatel, co\u017e je t\u0159et\u00ed nejlidnat\u011bj\u0161\u00ed m\u011bsto v Ohiu, hned za Columbusem a Clevelandem. S v\u00edce ne\u017e 2,265 miliony obyvatel je m\u011bsto ekonomick\u00fdm a kulturn\u00edm centrem metropolitn\u00ed oblasti Cincinnati \u2013 nejlidnat\u011bj\u0161\u00ed metropolitn\u00ed oblasti v Ohiu a 30. nejv\u011bt\u0161\u00ed v zemi.<\/p>","protected":false},"author":1,"featured_media":3942,"parent":8072,"menu_order":0,"comment_status":"closed","ping_status":"closed","template":"elementor_theme","meta":{"_eb_attr":"","footnotes":""},"class_list":["post-8795","page","type-page","status-publish","has-post-thumbnail"],"_links":{"self":[{"href":"https:\/\/travelshelper.com\/cs\/wp-json\/wp\/v2\/pages\/8795","targetHints":{"allow":["GET"]}}],"collection":[{"href":"https:\/\/travelshelper.com\/cs\/wp-json\/wp\/v2\/pages"}],"about":[{"href":"https:\/\/travelshelper.com\/cs\/wp-json\/wp\/v2\/types\/page"}],"author":[{"embeddable":true,"href":"https:\/\/travelshelper.com\/cs\/wp-json\/wp\/v2\/users\/1"}],"replies":[{"embeddable":true,"href":"https:\/\/travelshelper.com\/cs\/wp-json\/wp\/v2\/comments?post=8795"}],"version-history":[{"count":0,"href":"https:\/\/travelshelper.com\/cs\/wp-json\/wp\/v2\/pages\/8795\/revisions"}],"up":[{"embeddable":true,"href":"https:\/\/travelshelper.com\/cs\/wp-json\/wp\/v2\/pages\/8072"}],"wp:featuredmedia":[{"embeddable":true,"href":"https:\/\/travelshelper.com\/cs\/wp-json\/wp\/v2\/media\/3942"}],"wp:attachment":[{"href":"https:\/\/travelshelper.com\/cs\/wp-json\/wp\/v2\/media?parent=8795"}],"curies":[{"name":"wp","href":"https:\/\/api.w.org\/{rel}","templated":true}]}}