{"id":8763,"date":"2024-09-04T20:13:20","date_gmt":"2024-09-04T20:13:20","guid":{"rendered":"https:\/\/travelshelper.com\/staging\/?page_id=8763"},"modified":"2026-03-13T17:33:52","modified_gmt":"2026-03-13T17:33:52","slug":"dallas","status":"publish","type":"page","link":"https:\/\/travelshelper.com\/cs\/destinations\/north-america\/united-states\/dallas\/","title":{"rendered":"Dallas"},"content":{"rendered":"<p>Dallas zt\u011bles\u0148uje ducha velkom\u011bsta Texasu: rozlehl\u00fd, dynamick\u00fd a pln\u00fd ji\u017eansk\u00e9ho stylu. Samotn\u00fd Dallas m\u011bl v roce 2020 1 304 379 obyvatel, co\u017e z n\u011bj \u010din\u00ed 9. nejv\u011bt\u0161\u00ed m\u011bsto v USA a t\u0159et\u00ed v Texasu (po Houstonu a San Antoniu). Jeho metropolitn\u00ed oblast (Dallas\u2013Fort Worth) je obrovsk\u00e1, s v\u00edce ne\u017e 7,63 miliony obyvatel (4. nejv\u011bt\u0161\u00ed metropolitn\u00ed oblast USA). Ekonomika Dallasu je velmi siln\u00e1 a rozmanit\u00e1: HDP metropolitn\u00ed oblasti v roce 2022 \u010dinil p\u0159ibli\u017en\u011b 689,9 miliard dolar\u016f. Modern\u00ed Dallas, historicky postaven\u00fd na bavln\u011b, dobytku a rop\u011b, je centrem obrany, technologi\u00ed, telekomunikac\u00ed, bankovnictv\u00ed a dopravy. V m\u011bstsk\u00fdch hranic\u00edch se nach\u00e1z\u00ed 11 centr\u00e1l spole\u010dnost\u00ed ze \u017eeb\u0159\u00ed\u010dku Fortune 500 \u2013 jako jsou AT&amp;T, Southwest Airlines, Texas Instruments a Tenet Healthcare. Spolu s nedalek\u00fdm Fort Worth host\u00ed metropolitn\u00ed oblast 23 spole\u010dnost\u00ed ze \u017eeb\u0159\u00ed\u010dku Fortune 500 (2. m\u00edsto v Texasu). Tyto finan\u010dn\u00ed a korpor\u00e1tn\u00ed sektory definuj\u00ed charakter Dallasu: je to obchodn\u00ed centrum s luxusn\u00edmi mrakodrapy a mezin\u00e1rodn\u00edm leti\u0161t\u011bm (DFW), kter\u00e9 je jedn\u00edm z nejru\u0161n\u011bj\u0161\u00edch na sv\u011bt\u011b.<\/p>\n<p>Dallas le\u017e\u00ed v severn\u00edm Texasu na ploch\u00fdch pob\u0159e\u017en\u00edch pl\u00e1n\u00edch ji\u017en\u00edch Spojen\u00fdch st\u00e1t\u016f. Je daleko od oce\u00e1nu, co\u017e z n\u011bj \u010din\u00ed jedno z nejv\u011bt\u0161\u00edch vnitrozemsk\u00fdch metropol\u00ed v zemi. Nadmo\u0159sk\u00e1 v\u00fd\u0161ka m\u011bsta je asi 152 metr\u016f. Geograficky Dallas postr\u00e1d\u00e1 p\u0159\u00edrodn\u00ed p\u0159ek\u00e1\u017eky \u2013 je proslul\u00fd svou plochost\u00ed a m\u0159\u00ed\u017ekovan\u00fdm vzorem, co\u017e podporuje rozr\u016fst\u00e1n\u00ed m\u011bsta. \u0158eka Trinity prot\u00e9k\u00e1 m\u011bstem a hned vedle n\u00ed se nach\u00e1z\u00ed dallask\u00e1 radnice a park Klyde Warren. Klima m\u011bsta je vlhk\u00e9 subtropick\u00e9 (K\u00f6ppenovy metody klasifikace klimatu). L\u00e9ta jsou velmi hork\u00e1 a vlhk\u00e1: pr\u016fm\u011brn\u00e9 teploty v \u010dervenci a\u017e srpnu dosahuj\u00ed poloviny 32 \u00b0C a indexy teplot \u010dasto p\u0159esahuj\u00ed 40 \u00b0C. N\u00e1v\u0161t\u011bvn\u00edci by m\u011bli o\u010dek\u00e1vat spaluj\u00edc\u00ed slunce a ob\u010dasn\u00e9 siln\u00e9 bou\u0159ky. Zimy jsou m\u00edrn\u00e9: pr\u016fm\u011brn\u00e9 teploty v lednu se pohybuj\u00ed kolem 14 \u00b0C, s ob\u010dasn\u00fdmi mrazy a vz\u00e1cn\u00fdm sn\u011bhem (pr\u016fm\u011brn\u00e9 sn\u011b\u017een\u00ed je pouze ~3,8 cm). N\u00e1hl\u00e9 studen\u00e9 fronty mohou p\u0159in\u00e9st n\u011bkolik dn\u00ed zimn\u00edho po\u010das\u00ed, ale obecn\u011b jsou dallask\u00e9 zimy kr\u00e1tk\u00e9 a m\u00edrn\u00e9. Jaro a podzim jsou p\u0159\u00edjemn\u00fdmi p\u0159echodn\u00fdmi obdob\u00edmi s kv\u011bty divok\u00fdch kv\u011btin (modr\u00fdch klobouk\u016f) a p\u0159\u00edjemn\u00fdmi teplotami.<\/p>\n<p>Ne\u017e se Dallas stal m\u011bstem, byla oblast domovem kmen\u016f Caddo, Wichita, Tawakoni a Comanche. Nomin\u00e1ln\u011b se jednalo o \u0161pan\u011blsk\u00e9 (a pozd\u011bji mexick\u00e9) \u00fazem\u00ed, dokud Texas v roce 1836 nez\u00edskal nez\u00e1vislost. Modern\u00ed historie Dallasu za\u010dala v roce 1841, kdy obchodn\u00edk John Neely Bryan provedl pr\u016fzkum m\u00edsta na \u201eb\u00edl\u00e9m skaln\u00edm p\u0159echodu\u201c \u0159eky Trinity a zalo\u017eil obchodn\u00ed stanici. O dva roky pozd\u011bji se tam trvale usadil a pojmenoval obec Dallas (pravd\u011bpodobn\u011b po viceprezidentovi George M. Dallasovi, a\u010dkoli teorie se li\u0161\u00ed). Texask\u00e1 republika oblast anektovala v roce 1845 a okres Dallas County vznikl v roce 1846. M\u011bsto bylo za\u010dlen\u011bno do st\u00e1tn\u00ed spr\u00e1vy v roce 1856. Po cel\u00e1 desetilet\u00ed to bylo skromn\u00e9 \u200b\u200b\u0159\u00ed\u010dn\u00ed m\u011bsto a pohrani\u010dn\u00ed z\u00e1kladna.<\/p>\n<p>Skute\u010dn\u00fd boom nastal s \u017eeleznic\u00ed po ob\u010dansk\u00e9 v\u00e1lce. V 80. a 90. letech 19. stolet\u00ed se Dallas stal obchodn\u00edm a pr\u016fmyslov\u00fdm centrem pro bavlnu (stav\u011bly se zde odzr\u0148ovac\u00ed z\u00e1vody a sklady) a \u017eelezni\u010dn\u00edm uzlem spojuj\u00edc\u00edm Texas na v\u00fdchod. Praetorian Building (1909) byl jedn\u00edm z prvn\u00edch mrakodrap\u016f z\u00e1padn\u011b od Mississippi a symbolizoval rostouc\u00ed ambice Dallasu. Objev ropy v nedalek\u00e9m v\u00fdchodn\u00edm Texasu v roce 1930 prom\u011bnil Dallas t\u00e9m\u011b\u0159 p\u0159es noc v hlavn\u00ed m\u011bsto energetick\u00fdch financ\u00ed; mnoho bank a podnik\u016f se sem p\u0159est\u011bhovalo, aby slou\u017eily ropn\u00e9mu pr\u016fmyslu. V dob\u011b druh\u00e9 sv\u011btov\u00e9 v\u00e1lky Dallas vyr\u00e1b\u011bl vojensk\u00e1 vozidla a letadla ve velk\u00fdch tov\u00e1rn\u00e1ch, \u010d\u00edm\u017e d\u00e1le upevnil svou pr\u016fmyslovou roli.<\/p>\n<p>Nejtemn\u011bj\u0161\u00edm historick\u00fdm okam\u017eikem Dallasu byl atent\u00e1t na prezidenta Johna F. Kennedyho 22. listopadu 1963 na Dealey Plaza. Texask\u00fd \u0161koln\u00ed \u00faschovn\u00ed prostor (nyn\u00ed Muzeum \u0161est\u00e9ho patra) dominuje kulturn\u00edm prohl\u00eddk\u00e1m centra m\u011bsta, proto\u017ee se m\u011bsto s t\u00edmto odkazem pot\u00fdk\u00e1. V pov\u00e1le\u010dn\u00fdch desetilet\u00edch se Dallas rozrostl v rozlehlou metropoli, p\u0159ipojil p\u0159edm\u011bst\u00ed a postavil nov\u00e9 d\u00e1lnice (I-35E, I-30, I-45, I-20). Stal se finan\u010dn\u00edm a bankovn\u00edm centrem (\u201evelk\u00e9 D\u201c ve financ\u00edch) a z\u00e1rove\u0148 podporoval \u017eivou um\u011bleckou sc\u00e9nu (Dallas Theater Center, lehk\u00e1 \u017eeleznice DART v 90. letech) a kulturn\u00ed identitu (Reunion Tower otev\u0159ena v roce 1978, rozrostla se Arts District). Mezi v\u00fdznamn\u00e9 ud\u00e1losti pat\u0159\u00ed bombardov\u00e1n\u00ed budovy Petroleum Building v roce 1934 (obecn\u00e9) nebo 1960 (n\u00e1mo\u0159n\u00ed) (dom\u00e1c\u00ed teroristick\u00e9 incidenty) a modern\u00ed trag\u00e9die, jako byl \u00fatok na policii v roce 2016. Stru\u010dn\u011b \u0159e\u010deno, historie Dallasu je p\u0159\u00edb\u011bhem transformace z pohrani\u010dn\u00ed obchodn\u00ed stanice na ropnou a technologickou velmoc, s kapitolami boomu, boomu a renovac\u00ed.<\/p>\n<p>Dallas kombinuje ji\u017eanskou pohostinnost s ruchem velkom\u011bsta. M\u00edstn\u00ed charakter je sebev\u011bdom\u00fd, zdvo\u0159il\u00fd a n\u011bkdy i ok\u00e1zal\u00fd. Lid\u00e9 se dob\u0159e obl\u00e9kaj\u00ed (stejn\u011b b\u011b\u017en\u00e9 jsou kovbojsk\u00e9 boty nebo obleky) a zdvo\u0159ilost \u201epane\/pan\u00ed\u201c je roz\u0161\u00ed\u0159en\u00e1. Kultura m\u011bsta je bohat\u00fdm tavic\u00edm kotlem: siln\u00e9 afroamerick\u00e9, hisp\u00e1nsk\u00e9 a asijsk\u00e9 komunity p\u0159isp\u00edvaj\u00ed k mozaice m\u011bsta. Texask\u00e1 hrdost je hluboce zako\u0159en\u011bna: vliv fotbalov\u00e9ho t\u00fdmu Dallas Cowboys je c\u00edtit v\u0161ude (n\u011bkte\u0159\u00ed \u0159\u00edkaj\u00ed, \u017ee ve st\u00e1t\u011b je v\u00edce fale\u0161n\u00fdch hodinek Rolex ne\u017e prav\u00fdch; a mnoz\u00ed nos\u00ed \u010depice \u201eJerry World\u201c). Ale krom\u011b fotbalu je kosmopolitn\u00ed str\u00e1nka Dallasu patrn\u00e1 v jeho um\u011bleck\u00e9 \u010dtvrti, sofistikovan\u00e9m stravov\u00e1n\u00ed (luxusn\u00ed steakov\u00e9 restaurace, texasko-mexick\u00e1 a mezin\u00e1rodn\u00ed kuchyn\u011b) a \u0161pi\u010dkov\u00e9m pr\u016fmyslu.<\/p>\n<p>Dallas m\u00e1 mnoho festival\u016f a tradic. M\u011bs\u00edc um\u011bn\u00ed (\u0159\u00edjen) je sv\u011bdkem otev\u00edr\u00e1n\u00ed nejv\u011bt\u0161\u00ed souvisl\u00e9 m\u011bstsk\u00e9 um\u011bleck\u00e9 \u010dtvrti v zemi a do m\u011bsta se p\u0159ij\u00ed\u017ed\u00ed veletrh sou\u010dasn\u00e9ho um\u011bn\u00ed. Mezin\u00e1rodn\u00ed filmov\u00fd festival v Dallasu p\u0159edstavuje mezin\u00e1rodn\u00ed kinematografii. Pride Dallas je velk\u00fd (Dallas m\u00e1 jednu z nejv\u011bt\u0161\u00edch LGBT komunit v USA a py\u0161n\u00ed se svou pohostinnost\u00ed). D\u016fle\u017eit\u00e9 jsou oslavy Juneteenthu (Dallas byl jedn\u00edm z prvn\u00edch, kdo si tento sv\u00e1tek osvojil). V l\u00e9t\u011b je velk\u00fdm l\u00e1kadlem St\u00e1tn\u00ed veletrh Texasu (kon\u00e1 se v \u0159\u00edjnu v nedalek\u00e9m Fair Parku) s Big Texem, atrakcemi na Midway a sma\u017een\u00fdmi j\u00eddly (\u201ev\u0161echno je opravdu v\u011bt\u0161\u00ed\u201c). Na D\u00edl 4. \u010dervence se kon\u00e1 oh\u0148ostroj po cel\u00e9m m\u011bst\u011b (\u201eD\u00edl 4. \u010dervence u hv\u011bzdy\u201c pobl\u00ed\u017e stadionu Cowboys nebo oh\u0148ostroj v centru m\u011bsta).<\/p>\n<p>\u017divot v sousedstv\u00ed se m\u011bn\u00ed: Deep Ellum pulzuje \u017eivou hudbou a n\u00e1st\u011bnn\u00fdmi malbami, Uptown Dallas (pod\u00e9l Oak Lawn Ave) pulzuje bary a restauracemi a Bishop Arts v Oak Cliff p\u016fsob\u00ed jako modern\u00ed vesni\u010dka. Je zde tak\u00e9 siln\u00e1 kultura grilov\u00e1n\u00ed a texasko-mexick\u00e9ho j\u00eddla: v\u0161ude jsou taco trucky, barbecue podniky a texask\u00e9 neform\u00e1ln\u00ed restaurace (Dallas m\u00e1 dokonce i svou vlastn\u00ed \u201eMargarita Mile\u201c s koktejly). Celkov\u011b je atmosf\u00e9ra Dallasu v\u0159el\u00e1, ale rychl\u00e1 \u2013 m\u00edsto, kde se uzav\u00edraj\u00ed obchody a lid\u00e9 navazuj\u00ed kontakty, p\u0159esto den \u010dasto zakon\u010duj\u00ed ledov\u011b vychlazen\u00fdm Dr Pepperem (obl\u00edben\u00e1 texask\u00e1 limon\u00e1da) nebo taco s hov\u011bz\u00edm hrud\u00ed.<\/p>\n<p>Dallas nab\u00edz\u00ed jak ikonick\u00e9 panoramatick\u00e9 pam\u00e1tky, tak i rozmanit\u00e9 atrakce. Nejzn\u00e1m\u011bj\u0161\u00edm symbolem je Reunion Tower \u2013 kulovit\u00e1 vyhl\u00eddkov\u00e1 v\u011b\u017e na b\u0159ehu \u0159eky Trinity \u2013 jej\u00ed\u017e GeO-Deck nab\u00edz\u00ed 360\u00b0 v\u00fdhled na m\u011bsto. Nedaleko se nach\u00e1z\u00ed Perot Museum of Nature &amp; Science, pozoruhodn\u00e1 architektonick\u00e1 pam\u00e1tka pln\u00e1 interaktivn\u00edch expon\u00e1t\u016f o geologii, vesm\u00edru a fosili\u00edch dinosaur\u016f. CityPASS a turistick\u00e9 seznamy jej uv\u00e1d\u011bj\u00ed jako jednu z hlavn\u00edch atrakc\u00ed Dallasu. Dallassk\u00e9 arboretum a botanick\u00e1 zahrada (v\u00fdchodn\u011b od m\u011bsta, u jezera White Rock Lake) je proslul\u00e9 sez\u00f3nn\u00edmi kv\u011btinov\u00fdmi uk\u00e1zkami (jarn\u00ed tulip\u00e1ny, letn\u00ed r\u016f\u017ee, podzimn\u00ed r\u016f\u017ee) a ka\u017edoro\u010dn\u00ed jarn\u00ed v\u00fdstavou.<\/p>\n<p>V centru m\u011bsta v um\u011bleck\u00e9 \u010dtvrti (nejv\u011bt\u0161\u00ed v zemi) l\u00e1k\u00e1 milovn\u00edky um\u011bn\u00ed Dallas Museum of Art a Nasher Sculpture Center. Hned naproti Dealey Plaza v centru m\u011bsta se nach\u00e1z\u00ed Sixth Floor Museum (ve star\u00e9m Book Depository) o atent\u00e1tu na JFK. Obl\u00edben\u00fdmi m\u00edsty pro rodiny s d\u011btmi jsou zoologick\u00e1 zahrada v Dallasu (s kartou CityPASS) a Dallas World Aquarium (historick\u00e9 m\u011bstsk\u00e9 akv\u00e1rium). Sportovn\u00ed fanou\u0161ci si mohou prohl\u00e9dnout stadion AT&amp;T Stadium nebo American Airlines Center, p\u0159\u00edpadn\u011b sledovat z\u00e1pasy Cowboys, Mavericks (NBA) nebo Stars (NHL). Z m\u00edstn\u00ed historie je pozoruhodn\u00e9 George W. Bush Presidential Center (kampus SMU) a Dallas Holocaust and Human Rights Museum (ve West Endu).<\/p>\n<p>Venkovn\u00ed rekreace je zde hojn\u00e1: Katy Trail je 5,6 km dlouh\u00e1 m\u011bstsk\u00e1 stezka vedouc\u00ed m\u011bstem Uptown; White Rock Lake Park nab\u00edz\u00ed p\u00e1dlov\u00e1n\u00ed a b\u011bh; a Klyde Warren Park (kter\u00fd se rozkl\u00e1d\u00e1 nad d\u00e1lnic\u00ed Woodall Rodgers Freeway) je zelen\u00e1 o\u00e1za s poj\u00edzdn\u00fdm ob\u010derstven\u00edm a bezplatn\u00fdmi programy. Nav\u0161tivte tak\u00e9 historick\u00e9 pouli\u010dn\u00ed um\u011bleck\u00e9 a hudebn\u00ed kluby Deep Ellum, zrestaurovan\u00e9 divadlo Perot Theater v z\u00e1padn\u00edm Dallasu a pulzuj\u00edc\u00ed \u010dtvrti Bishop Arts District, kde najdete butiky a k\u00e1vu. Stru\u010dn\u011b \u0159e\u010deno, atrakce Dallasu, kter\u00e9 mus\u00edte vid\u011bt, sahaj\u00ed od vysok\u00fdch \u0161kol (expozice v muzeu Perot, terasa Reunion) a\u017e po ty nejluxusn\u011bj\u0161\u00ed (um\u011bleck\u00e1 \u010dtvr\u0165, restaurace Bishop Arts Eats).<\/p>\n<p>Dallas je v\u00fdznamn\u00fdm dopravn\u00edm uzlem. Mezin\u00e1rodn\u00ed leti\u0161t\u011b Dallas\/Fort Worth (DFW) \u2013 mezi Dallasem a Fort Worth \u2013 je jedn\u00edm z nejru\u0161n\u011bj\u0161\u00edch leti\u0161\u0165 na sv\u011bt\u011b s p\u0159\u00edm\u00fdmi lety po cel\u00e9m sv\u011bt\u011b. Leti\u0161t\u011b Love Field (DAL) v severn\u00edm Dallasu odbavuje mnoho vnitrost\u00e1tn\u00edch let\u016f (jihoz\u00e1pad, Alja\u0161ka). S\u00ed\u0165 mezist\u00e1tn\u00edch silnic je rozs\u00e1hl\u00e1: I-35E sever-jih, I-30 v\u00fdchod-z\u00e1pad p\u0159es centrum m\u011bsta, I-45 jih, I-20 jih a okru\u017en\u00ed trasa I-635 obklopuj\u00ed m\u011bsto. Dallas Area Rapid Transit (DART) zaji\u0161\u0165uje lehkou \u017eeleznici (\u010dty\u0159i linky pokr\u00fdvaj\u00edc\u00ed p\u0159ibli\u017en\u011b 90 mil) a autobusy; zelen\u00e1 a oran\u017eov\u00e1 linka spojuj\u00ed leti\u0161t\u011b s centrem m\u011bsta. Oran\u017eov\u00e1 linka DART nab\u00edz\u00ed p\u0159\u00edm\u00e9 spojen\u00ed z DFW do centra m\u011bsta a pobl\u00ed\u017e kongresov\u00e9ho centra.<\/p>\n<p>Dallas je velmi zam\u011b\u0159en\u00fd na automobily \u2013 po\u010d\u00edtejte s ob\u010dasnou hustou dopravou a po\u010d\u00edtejte s del\u0161\u00edmi j\u00edzdami. Parkov\u00e1n\u00ed v centru m\u011bsta je dostatek, ale m\u016f\u017ee b\u00fdt drah\u00e9; mnoho n\u00e1v\u0161t\u011bvn\u00edk\u016f se mu vyhne pomoc\u00ed DART nebo sd\u00edlen\u00e9 dopravy. V centru Dallasu jsou \u010dtvrti jako Uptown, Downtown a Deep Ellum dostupn\u00e9 p\u011b\u0161ky. Cyklistika se rozrostla (existuje program sd\u00edlen\u00e9 dopravy a zelen\u00e9 stezky), ale pozor na horko.<\/p>\n<p>Dallas le\u017e\u00ed v centr\u00e1ln\u00edm \u010dasov\u00e9m p\u00e1smu (UTC-6). Hovo\u0159\u00ed se zde \u0161iroce anglicky a \u0161pan\u011blsky. Stejn\u011b jako ve v\u011bt\u0161in\u011b americk\u00fdch m\u011bst m\u011bjte s sebou americk\u00e9 dolary a informujte se o po\u010das\u00ed (letn\u00ed bou\u0159e mohou b\u00fdt dramatick\u00e9). V restaurac\u00edch je normou spropitn\u00e9 15\u201320 %. Dallas je v turistick\u00fdch oblastech obecn\u011b bezpe\u010dn\u00fd; n\u00e1siln\u00e1 kriminalita se \u010dasto koncentruje ve vzd\u00e1len\u00fdch \u010d\u00e1stech ji\u017en\u00edho Dallasu a Oak Cliff, tak\u017ee je vhodn\u00e9 db\u00e1t na standardn\u00ed ostra\u017eitost. Ochrana p\u0159ed sluncem je kl\u00ed\u010dov\u00e1 (sp\u00e1len\u00ed sluncem m\u016f\u017ee vzniknout i od odrazu skla mrakodrapu). V\u011bk pro pit\u00ed alkoholu je 21 let a Texas klade velk\u00fd d\u016fraz na etiketu grilov\u00e1n\u00ed (je p\u0159ijateln\u00e9 mluvit o texask\u00e9 politice, ale neple\u0165te se do hov\u011bz\u00edho hrud\u00ed Texana!).<\/p>\n<p>Stru\u010dn\u011b \u0159e\u010deno, Dallas je energick\u00e9 modern\u00ed m\u011bsto s hlubok\u00fdmi tradi\u010dn\u00edmi ko\u0159eny. Jeho panorama a styl odr\u00e1\u017eej\u00ed odv\u00e1\u017en\u00fd texask\u00fd \u00e9tos, zat\u00edmco jeho \u010dtvrti v\u00edtaj\u00ed v\u0161echny s opravdov\u00fdm ji\u017eansk\u00fdm teplem. Od high-tech centra po um\u011bleckou \u010dtvr\u0165 sv\u011btov\u00e9 \u00farovn\u011b, od legend\u00e1rn\u00ed texasko-mexick\u00e9 kuchyn\u011b po kovbojskou tradici, Dallas nab\u00edz\u00ed komplexn\u00ed, kosmopolitn\u00ed ji\u017eansk\u00fd z\u00e1\u017eitek \u2013 m\u011bsto uzemn\u011bn\u00e9 i ambici\u00f3zn\u00ed z\u00e1rove\u0148.<a href=\"https:\/\/travelshelper.com\/cs\/destinace\/severni-amerika\/spojene-staty-americke\/berkeley-springs\/\" target=\"_self\" aria-labelledby=\"uael-post-8997\"><br \/>\n<\/a><\/p>","protected":false},"excerpt":{"rendered":"<p>Dallas je \u017eiv\u00e1 a dynamick\u00e1 metropole nach\u00e1zej\u00edc\u00ed se ve st\u00e1t\u011b Texas v USA. S populac\u00ed 7,5 milionu obyvatel je nejlidnat\u011bj\u0161\u00edm m\u011bstem v metropolitn\u00ed oblasti Dallas-Fort Worth, nejlidnat\u011bj\u0161\u00ed metropolitn\u00ed oblast\u00ed v Texasu a \u010dtvrtou nejlidnat\u011bj\u0161\u00ed metropolitn\u00ed oblast\u00ed ve Spojen\u00fdch st\u00e1tech. Dallas, s\u00eddlo okresu Dallas, zasahuje do okres\u016f Collin, Denton, Kaufman a Rockwall. Po Houstonu a San Antoniu je Dallas dev\u00e1t\u00fdm nejlidnat\u011bj\u0161\u00edm m\u011bstem ve Spojen\u00fdch st\u00e1tech a t\u0159et\u00edm nejlidnat\u011bj\u0161\u00edm m\u011bstem v Texasu podle s\u010d\u00edt\u00e1n\u00ed lidu z roku 2020. Dallas v regionu Severn\u00ed Texas je centrem nejv\u011bt\u0161\u00ed metropolitn\u00ed oblasti na jihu Spojen\u00fdch st\u00e1t\u016f a nejv\u011bt\u0161\u00ed vnitrozemsk\u00e9 metropolitn\u00ed oblasti ve Spojen\u00fdch st\u00e1tech bez splavn\u00e9ho spojen\u00ed s mo\u0159em.<\/p>","protected":false},"author":1,"featured_media":3097,"parent":8072,"menu_order":0,"comment_status":"closed","ping_status":"closed","template":"elementor_theme","meta":{"_eb_attr":"","footnotes":""},"class_list":["post-8763","page","type-page","status-publish","has-post-thumbnail"],"_links":{"self":[{"href":"https:\/\/travelshelper.com\/cs\/wp-json\/wp\/v2\/pages\/8763","targetHints":{"allow":["GET"]}}],"collection":[{"href":"https:\/\/travelshelper.com\/cs\/wp-json\/wp\/v2\/pages"}],"about":[{"href":"https:\/\/travelshelper.com\/cs\/wp-json\/wp\/v2\/types\/page"}],"author":[{"embeddable":true,"href":"https:\/\/travelshelper.com\/cs\/wp-json\/wp\/v2\/users\/1"}],"replies":[{"embeddable":true,"href":"https:\/\/travelshelper.com\/cs\/wp-json\/wp\/v2\/comments?post=8763"}],"version-history":[{"count":0,"href":"https:\/\/travelshelper.com\/cs\/wp-json\/wp\/v2\/pages\/8763\/revisions"}],"up":[{"embeddable":true,"href":"https:\/\/travelshelper.com\/cs\/wp-json\/wp\/v2\/pages\/8072"}],"wp:featuredmedia":[{"embeddable":true,"href":"https:\/\/travelshelper.com\/cs\/wp-json\/wp\/v2\/media\/3097"}],"wp:attachment":[{"href":"https:\/\/travelshelper.com\/cs\/wp-json\/wp\/v2\/media?parent=8763"}],"curies":[{"name":"wp","href":"https:\/\/api.w.org\/{rel}","templated":true}]}}