{"id":8754,"date":"2024-09-04T19:26:15","date_gmt":"2024-09-04T19:26:15","guid":{"rendered":"https:\/\/travelshelper.com\/staging\/?page_id=8754"},"modified":"2026-03-13T17:33:35","modified_gmt":"2026-03-13T17:33:35","slug":"daytona-beach","status":"publish","type":"page","link":"https:\/\/travelshelper.com\/cs\/destinations\/north-america\/united-states\/daytona-beach\/","title":{"rendered":"Daytona Beach"},"content":{"rendered":"<p>\u0160irok\u00e9, sluncem zalit\u00e9 pob\u0159e\u017e\u00ed Daytona Beach je vizitkou m\u011bsta \u2013 jeho \u201esv\u011btozn\u00e1m\u00fd\u201c status sah\u00e1 po generace do minulosti. Dnes je Daytona skromn\u011b velk\u00fdm pob\u0159e\u017en\u00edm m\u011bstem: s\u010d\u00edt\u00e1n\u00ed lidu z roku 2020 po\u010d\u00edtalo s 72 647 obyvateli, p\u0159i\u010dem\u017e do roku 2025 se jejich po\u010det odhadem zv\u00fd\u0161\u00ed na 89 290. Populace je r\u016fznorod\u00e1: zhruba polovina obyvatel jsou b\u00edl\u00ed a asi t\u0159etina Afroameri\u010dan\u00e9, p\u0159i\u010dem\u017e je zde p\u0159\u00edtomna i hisp\u00e1nsk\u00e1 men\u0161ina (kolem 10 %). Medi\u00e1n p\u0159\u00edjmu dom\u00e1cnost\u00ed se pohybuje v rozmez\u00ed 50 000\u201351 000 dolar\u016f a asi p\u011btina rodin \u017eije pod hranic\u00ed chudoby. Z ekonomick\u00e9ho hlediska je Daytona definov\u00e1na cestovn\u00edm ruchem a motoristick\u00fdm sportem. Ve skute\u010dnosti je ji\u017e dlouho ozna\u010dov\u00e1na za floridsk\u00e9 \u201esv\u011btov\u00e9 centrum z\u00e1vod\u016f\u201c se s\u00eddlem S\u00edn\u011b sl\u00e1vy NASCAR a spole\u010dnosti International Speedway Corporation. Tato odv\u011btv\u00ed, spolu s pracovn\u00edmi m\u00edsty v hotelech a restaurac\u00edch, dominuj\u00ed m\u00edstn\u00ed ekonomice.<\/p>\n<p>Daytona Beach le\u017e\u00ed na atlantick\u00e9m pob\u0159e\u017e\u00ed Floridy v okrese Volusia, zhruba 80 km severov\u00fdchodn\u011b od Orlanda a 149 km jihov\u00fdchodn\u011b od Jacksonville. M\u011bsto se rozkl\u00e1d\u00e1 pod\u00e9l bari\u00e9rov\u00e9ho ostrova s \u200b\u200bploch\u00fdm pob\u0159e\u017en\u00edm pl\u00e1n\u011bm, jeho\u017e st\u0159edem je asi 37 km udusan\u00fdch b\u00edl\u00fdch p\u00edse\u010dn\u00fdch pl\u00e1\u017e\u00ed. Podneb\u00ed je subtropick\u00e9: l\u00e9ta jsou hork\u00e1 a vlhk\u00e1 (\u010dasto zm\u00edrn\u011bn\u00e1 oce\u00e1nsk\u00fdm v\u00e1nkem) a zimy m\u00edrn\u00e9. S pr\u016fm\u011brn\u011b v\u00edce ne\u017e 250 slune\u010dn\u00fdmi dny v roce je po\u010das\u00ed v Dayton\u011b po v\u011bt\u0161inu \u010dasu tepl\u00e9. Oce\u00e1nsk\u00e9 proudy a ob\u010dasn\u00e9 odpoledn\u00ed bou\u0159ky pom\u00e1haj\u00ed udr\u017eovat letn\u00ed horko pod kontrolou. D\u00edky skromn\u00e9mu ter\u00e9nu je krajina p\u0159ev\u00e1\u017en\u011b p\u00eds\u010dit\u00e1 a mo\u0159sk\u00e1 \u2013 i kdy\u017e t\u011bsn\u011b ve vnitrozem\u00ed se nach\u00e1zej\u00ed st\u00e1lezelen\u00e9 lesy, jezera a rekrea\u010dn\u00ed st\u0159ediska v povod\u00ed \u0159eky Halifax.<\/p>\n<h2>Daytona Beach v \u010d\u00edslech (po\u010det obyvatel, demografie, ekonomika)<\/h2>\n<p>R\u016fst populace Daytona Beach je v posledn\u00edch letech stabiln\u00ed. Z p\u0159ibli\u017en\u011b 72,6 tis\u00edc v roce 2020 se o\u010dek\u00e1v\u00e1, \u017ee v polovin\u011b 2020. let dos\u00e1hne t\u00e9m\u011b\u0159 90 tis\u00edc obyvatel. Demografick\u00e9 slo\u017een\u00ed m\u011bsta odr\u00e1\u017e\u00ed jeho roli region\u00e1ln\u00edho centra: zhruba 54 % obyvatel tvo\u0159\u00ed b\u011blo\u0161i nehisp\u00e1nsk\u00e9ho p\u016fvodu, asi 32 % Afroameri\u010dan\u00e9 a zbytek jsou hisp\u00e1nci nebo p\u0159\u00edslu\u0161n\u00edci r\u016fzn\u00fdch ras. (V celost\u00e1tn\u00edm m\u011b\u0159\u00edtku \u010dinil pod\u00edl hisp\u00e1nsk\u00e9ho obyvatelstva v Dayton\u011b p\u0159ibli\u017en\u011b 10 %). Medi\u00e1n v\u011bku je kolem 35 let, s kombinac\u00ed mlad\u00fdch rodin a d\u016fchodc\u016f.<\/p>\n<p>Daytonsk\u00e1 ekonomika je postavena na cestovn\u00edm ruchu, po\u0159\u00e1d\u00e1n\u00ed akc\u00ed a odv\u011btv\u00ed slu\u017eeb. Nap\u0159\u00edklad medi\u00e1n p\u0159\u00edjmu dom\u00e1cnost\u00ed se pohybuje kolem 50 100 dolar\u016f, co\u017e se bl\u00ed\u017e\u00ed celost\u00e1tn\u00edm norm\u00e1m, a\u010dkoli cel\u00fdch 21 % obyvatel \u017eije pod hranic\u00ed chudoby, co\u017e odr\u00e1\u017e\u00ed rozd\u00edly v p\u0159\u00edjmech typick\u00e9 pro mnoho rekrea\u010dn\u00edch oblast\u00ed. Mezi kl\u00ed\u010dov\u00e9 zam\u011bstnavatele pat\u0159\u00ed International Speedway Corporation a s\u00eddlo NASCAR, stejn\u011b jako Embry-Riddle Aeronautical University a Bethune-Cookman University (sdru\u017euj\u00edc\u00ed p\u0159es 20 000 student\u016f). P\u0159isp\u00edvaj\u00ed tak\u00e9 maloobchod, pohostinstv\u00ed a lehk\u00fd pr\u016fmysl (zpracov\u00e1n\u00ed potravin, elektronika, lodn\u00ed d\u00edly), ale ve\u0159ejnou tv\u00e1\u0159\u00ed Daytony je p\u0159ev\u00e1\u017en\u011b pl\u00e1\u017eov\u00e1 turistika a motoristick\u00fd sport.<\/p>\n<h2>Poloha (region, krajina, podneb\u00ed)<\/h2>\n<p>Daytona Beach le\u017e\u00ed na v\u00fdchodn\u00edm pob\u0159e\u017e\u00ed Spojen\u00fdch st\u00e1t\u016f, konkr\u00e9tn\u011b v floridsk\u00e9 oblasti \u201eFun Coast\u201c. Jej\u00ed poloha na bari\u00e9rov\u00e9m ostrov\u011b j\u00ed dod\u00e1v\u00e1 ostrovn\u00ed atmosf\u00e9ru, p\u0159esto\u017ee je sou\u010d\u00e1st\u00ed pevninsk\u00e9 m\u011bstsk\u00e9 oblasti. Samotn\u00e1 pl\u00e1\u017e je z udusan\u00e9ho p\u00edsku, kter\u00fd historicky umo\u017e\u0148oval vjezd vozidel (co\u017e je vz\u00e1cn\u00fd rys, kter\u00fd sd\u00edl\u00ed jen n\u011bkolik pl\u00e1\u017e\u00ed na sv\u011bt\u011b). Za pl\u00e1\u017e\u00ed se nach\u00e1zej\u00ed n\u00edzk\u00e9 duny a pob\u0159e\u017en\u00ed borov\u00e9 lesy; d\u00e1le do vnitrozem\u00ed se ty\u010d\u00ed m\u00edrn\u011b zvln\u011bn\u00e9 kopce st\u0159edn\u00ed Floridy. \u0158eka Halifax (sou\u010d\u00e1st vnitrozemsk\u00e9 vodn\u00ed cesty) odd\u011bluje Daytona Beach od pevninsk\u00e9ho m\u011bsta Daytona a Ormond Beach.<\/p>\n<p>Klima je vlhk\u00e9 subtropick\u00e9 (K\u00f6ppenova klasifikace klimatu). L\u00e9ta jsou hork\u00e1 s \u010dast\u00fdmi odpoledn\u00edmi bou\u0159kami; denn\u00ed maxima v \u010dervenci a srpnu se pr\u016fm\u011brn\u011b pohybuj\u00ed kolem 32\u201333 \u00b0C. Oce\u00e1nsk\u00fd v\u00e1nek \u010dasto zp\u016fsobuje, \u017ee vlhkost je m\u00e9n\u011b t\u00edsniv\u00e1 ne\u017e ve vnitrozemsk\u00e9 Florid\u011b. Zimy jsou na severn\u00ed pom\u011bry tepl\u00e9: od prosince do \u00fanora teploty obvykle dosahuj\u00ed poloviny 15 \u00b0C, no\u010dn\u00ed teploty z\u0159\u00eddka klesaj\u00ed pod 10 \u00b0C. Daytona m\u00e1 podle n\u011bkter\u00fdch \u00fadaj\u016f p\u0159ibli\u017en\u011b 270\u2013280 slune\u010dn\u00fdch dn\u016f v roce s m\u00edrn\u00fdmi, m\u00edrn\u00fdmi podm\u00ednkami po v\u011bt\u0161inu m\u011bs\u00edc\u016f. V sez\u00f3n\u011b hurik\u00e1n\u016f (\u010derven\u2013listopad) se zde mohou vyskytnout tropick\u00e9 bou\u0159e, ale hurik\u00e1ny dopadaj\u00edc\u00ed na pevninu jsou vz\u00e1cn\u00e9; v zim\u011b se p\u0159esunou studen\u00e9 fronty, kter\u00e9 vy\u010dist\u00ed vlhkost. Denn\u00ed a no\u010dn\u00ed teploty se kv\u016fli m\u00edrn\u011bj\u0161\u00edmu vlivu Atlantiku neli\u0161\u00ed tak extr\u00e9mn\u011b jako v kontinent\u00e1ln\u011bj\u0161\u00edm podneb\u00ed.<\/p>\n<h2>Historick\u00fd p\u0159ehled (po\u010d\u00e1tky a miln\u00edky)<\/h2>\n<p>Oblast Daytona Beach byla p\u016fvodn\u011b os\u00eddlena domorod\u00fdmi obyvateli (Timukuov\u00e9 a p\u0159\u00edbuzn\u00e9 kmeny) p\u0159ed kontaktem s Evropany. Modern\u00ed Daytona sah\u00e1 a\u017e do obdob\u00ed po ob\u010dansk\u00e9 v\u00e1lce. Na poloostrov\u011b se postupn\u011b vytvo\u0159ila skupina osad \u2013 mimo jin\u00e9 pojmenovan\u00fdch Daytona (po sv\u00e9m zakladateli Matthiasovi Dayovi) a Seabreeze. Ofici\u00e1ln\u00ed datum zalo\u017een\u00ed se obvykle uv\u00e1d\u00ed jako rok 1870 (rok, kdy Matthias Day m\u011bsto zalo\u017eil). Daytona se stala m\u011bstem v roce 1876 a pozd\u011bji v roce 1926 m\u011bstem Daytona Beach.<\/p>\n<p>Po\u010d\u00e1tek 20. stolet\u00ed p\u0159inesl z\u00e1sadn\u00ed zm\u011bny: p\u0159\u00edchod \u017eeleznic a rozmach t\u011b\u017eebn\u00edho pr\u016fmyslu na Florid\u011b podn\u00edtil r\u016fst (a\u010dkoli hlavn\u00ed rozmach Daytony se t\u00fdkal sp\u00ed\u0161e cestovn\u00edho ruchu ne\u017e t\u011b\u017eby). M\u011bsto se proslavilo sv\u00fdmi zhutn\u011bn\u00fdmi pl\u00e1\u017eemi, kter\u00e9 na po\u010d\u00e1tku 20. stolet\u00ed hostily prvn\u00ed organizovan\u00e9 z\u00e1vody rychlostn\u00edch kol. Zejm\u00e9na pl\u00e1\u017eov\u00e9 z\u00e1vody v Daytona City a Ormond Beach p\u0159itahovaly v 30. a 50. letech 20. stolet\u00ed pozornost cel\u00e9ho sv\u011bta. Daytona Beach Road Course byla epicentrem americk\u00fdch automobilov\u00fdch z\u00e1vod\u016f po cel\u00e1 40. l\u00e9ta. V roce 1959 se otev\u0159ela prvn\u00ed Daytona International Speedway, kter\u00e1 p\u0159esunula hlavn\u00ed z\u00e1vody (v\u010detn\u011b ikonick\u00e9ho Daytona 500) z p\u00edsku na st\u00e1lou tra\u0165 t\u011bsn\u011b ve vnitrozem\u00ed. M\u011bsto se stalo s\u00eddlem NASCAR jako\u017eto schvalovac\u00edho org\u00e1nu z\u00e1vod\u016f s\u00e9riov\u00fdch voz\u016f.<\/p>\n<p>V pr\u016fb\u011bhu 20. stolet\u00ed se Daytona d\u00e1le rozv\u00edjela v letovisko. Dal\u0161\u00ed skok nastal v 80. a 90. letech 20. stolet\u00ed s akcemi zam\u011b\u0159en\u00fdmi na rodiny s d\u011btmi a turisty (nov\u00e9 z\u00e1bavn\u00ed parky jako Daytona Lagoon, aquapark; roz\u0161\u00ed\u0159en\u00ed hotel\u016f; renovace promen\u00e1dy). Roz\u0161\u00ed\u0159ily se i vzd\u011bl\u00e1vac\u00ed instituce. V posledn\u00ed dob\u011b modernizovala centrum m\u011bsta p\u0159estavba centra a zlep\u0161en\u00ed infrastruktury (nap\u0159\u00edklad rekonstrukce mostu Main Street Bridge p\u0159es \u0159eku v roce 1998). Celkov\u011b je historie Daytony sm\u011bsic\u00ed pl\u00e1\u017eov\u00e9ho volno\u010dasov\u00e9ho d\u011bdictv\u00ed a motoristick\u00e9ho sportu.<\/p>\n<h2>Kulturn\u00ed atmosf\u00e9ra (m\u00edstn\u00ed charakter, tradice, festivaly, \u017eivotn\u00ed styl)<\/h2>\n<p>Kultura Daytona Beach je sm\u011bsic\u00ed slune\u010dn\u00e9ho, \u200b\u200bpohodov\u00e9ho pob\u0159e\u017en\u00edho \u017eivota a energick\u00e9 pod\u00edvan\u00e9 na akce. N\u00e1v\u0161t\u011bvn\u00edci si \u010dasto v\u0161\u00edmaj\u00ed motoristick\u00e9ho ducha m\u011bsta \u2013 cel\u00e9 m\u00edstn\u00ed tradice se to\u010d\u00ed kolem z\u00e1vod\u016f a cyklistiky. Daytona se hrd\u011b naz\u00fdv\u00e1 \u201eSv\u011btov\u00fdm centrem z\u00e1vod\u016f\u201c. Ka\u017ed\u00fd rok se sem hrnou davy na Speedweeky (vyvrcholen\u00e9 Daytona 500 v \u00fanoru) a na Bike Week v b\u0159eznu a Biketoberfest v \u0159\u00edjnu. Tyto akce jsou legend\u00e1rn\u00ed: nap\u0159\u00edklad Speedweeky mohou p\u0159il\u00e1kat a\u017e 200 000 n\u00e1v\u0161t\u011bvn\u00edk\u016f na 500m\u00edlov\u00fd z\u00e1vod NASCAR. Motocyklov\u00e9 rallye podobn\u011b zaplavuj\u00ed ulice motork\u00e1\u0159i z cel\u00e9ho sv\u011bta. Krom\u011b toho 24 hodin Daytony (z\u00e1vod vytrvalostn\u00edch sportovn\u00edch voz\u016f) a dal\u0161\u00ed velk\u00e9 sout\u011b\u017ee umis\u0165uj\u00ed Daytonu na mapu glob\u00e1ln\u00edch z\u00e1vod\u016f.<\/p>\n<p>Mimo z\u00e1vodn\u00ed dr\u00e1hy a mimo sez\u00f3nu je tempo \u017eivota v Dayton\u011b rozhodn\u011b pl\u00e1\u017eov\u00e9 a le\u017e\u00e9rn\u00ed. M\u00edstn\u00ed obyvatel\u00e9 jsou zn\u00e1m\u00ed svou p\u0159\u00e1telskou ji\u017eanskou pohostinnost\u00ed a v l\u00e9t\u011b a na podzim, kdy ka\u017edodenn\u00edmu \u017eivotu dominuj\u00ed vlny a slunce, je atmosf\u00e9ra uvoln\u011bn\u00e1. Angli\u010dtina je p\u0159evl\u00e1daj\u00edc\u00edm jazykem, a\u010dkoli s turistickou populac\u00ed a hisp\u00e1nskou men\u0161inou se b\u011b\u017en\u011b mluv\u00ed \u0161pan\u011bl\u0161tina a dal\u0161\u00ed jazyky. Sez\u00f3nn\u00ed turistika znamen\u00e1, \u017ee pracovn\u00edci ve slu\u017eb\u00e1ch a majitel\u00e9 obchod\u016f \u010dasto mluv\u00ed v\u00edce jazyky. Neform\u00e1ln\u00ed atmosf\u00e9ra Floridy znamen\u00e1, \u017ee oble\u010den\u00ed je velmi le\u017e\u00e9rn\u00ed (plavky, kra\u0165asy a tri\u010dka). Praktick\u00e1 etiketa pro n\u00e1v\u0161t\u011bvn\u00edky zahrnuje obvykl\u00e9 cestovn\u00ed normy USA: spropitn\u00e9 (15\u201320 %) v restaurac\u00edch, zdvo\u0159il\u00e9 pozdravy \u201eahoj\u201c a \u201ed\u011bkuji\u201c a trp\u011blivost na ru\u0161n\u00fdch atrakc\u00edch.<\/p>\n<p>Komunitn\u00ed akce nad r\u00e1mec z\u00e1vod\u016f jsou bohat\u00e9: Daytona po\u0159\u00e1d\u00e1 v\u00edce ne\u017e 60 festival\u016f ro\u010dn\u011b, kter\u00e9 pokr\u00fdvaj\u00ed v\u0161e od hudby a um\u011bn\u00ed a\u017e po j\u00eddlo a kulturn\u00ed d\u011bdictv\u00ed. Nap\u0159\u00edklad se zde kon\u00e1 velk\u00fd \u0159eck\u00fd festival a pr\u016fvod ke Dni svat\u00e9ho Patrika. Bohat\u00e1 sm\u011bs obyvatel oblasti Halifaxu (v\u010detn\u011b student\u016f, d\u016fchodc\u016f a celoro\u010dn\u011b \u017eij\u00edc\u00edch obyvatel) podporuje rozmanit\u00e9 mo\u017enosti stravov\u00e1n\u00ed a z\u00e1bavy. M\u00edstn\u00ed obyvatel\u00e9 se mohou z\u00fa\u010dastnit koncertu v Daytona Beach Bandshell (star\u00fd amfite\u00e1tr na pl\u00e1\u017ei) nebo si odpo\u010dinout v tiki baru na Hlavn\u00ed ulici. Celkov\u011b m\u011bsto p\u016fsob\u00ed po v\u011bt\u0161inu roku p\u0159\u00edv\u011btiv\u011b a slavnostn\u011b \u2013 klidn\u011bji v zimn\u00edch m\u011bs\u00edc\u00edch, kdy n\u00e1v\u0161t\u011bvn\u00edci z chladn\u011bj\u0161\u00edch oblast\u00ed nach\u00e1zej\u00ed \u00fato\u010di\u0161t\u011b v teple Daytony, a vrchol\u00ed oslavami kolem hlavn\u00edch z\u00e1vodn\u00edch a cyklistick\u00fdch akc\u00ed.<\/p>\n<h2>Nejlep\u0161\u00ed atrakce (pam\u00e1tky a z\u00e1\u017eitky, kter\u00e9 mus\u00edte vid\u011bt)<\/h2>\n<p>Hlavn\u00ed atrakc\u00ed Daytona Beach je jej\u00ed <strong>pl\u00e1\u017ee<\/strong> sami \u2013 23 mil atlantsk\u00e9ho pob\u0159e\u017e\u00ed, kter\u00e9 l\u00e1k\u00e1 k opalov\u00e1n\u00ed, plav\u00e1n\u00ed, surfov\u00e1n\u00ed a dokonce i k j\u00edzd\u011b po pl\u00e1\u017ei (na vyhrazen\u00fdch zpevn\u011bn\u00fdch ploch\u00e1ch). P\u00eds\u010dit\u00fd \u00fasek je ve\u0159ejn\u00e9 h\u0159i\u0161t\u011b s plav\u010d\u00edky, bezplatn\u00fdm parkov\u00e1n\u00edm a vybaven\u00edm po cel\u00e9 sv\u00e9 d\u00e9lce. Typick\u00fdm z\u00e1\u017eitkem z Daytony je j\u00edzda autem nebo b\u011bh\u00e1n\u00ed po pl\u00e1\u017eov\u00e9m \u201ep\u00e1su\u201c (st\u00e1tn\u00ed silnice A1A) s v\u00fdhledem na oce\u00e1n. Promen\u00e1da a molo Daytona Beach (na severn\u00edm konci m\u011bsta) je magnetem pro rodinnou z\u00e1bavu: nab\u00edz\u00ed herny, atrakce a restaurace p\u0159\u00edmo u oce\u00e1nu. Zde se m\u016f\u017eete proj\u00edt po barevn\u00e9m molu z poloviny minul\u00e9ho stolet\u00ed, d\u00e1t si \u010derstv\u00e9 mo\u0159sk\u00e9 plody nebo se sv\u00e9zt na horsk\u00e9 dr\u00e1ze Daytona Skycoaster p\u0159i z\u00e1padu slunce nad vodou.<\/p>\n<p>\u017d\u00e1dn\u00e1 n\u00e1v\u0161t\u011bva se neobejde bez v\u00fdletu do <strong>Mezin\u00e1rodn\u00ed z\u00e1vodn\u00ed dr\u00e1ha Daytona<\/strong>Tato masivn\u00ed ov\u00e1ln\u00e1 dr\u00e1ha, kde se ka\u017edoro\u010dn\u011b kon\u00e1 z\u00e1vod Daytona 500, nab\u00edz\u00ed prohl\u00eddky a muzeum z\u00e1vodn\u00ed historie pln\u00e9 adrenalinu. N\u00e1v\u0161t\u011bvn\u00edci se mohou sv\u00e9zt v pace caru nebo si vyzkou\u0161et z\u00e1vodn\u00ed simul\u00e1tor. I ti, kte\u0159\u00ed z\u00e1vod\u011bn\u00ed nemaj\u00ed r\u00e1di, ocen\u00ed historii tohoto m\u00edsta a mo\u017enost vid\u011bt z\u00e1vodn\u00ed vozy zbl\u00edzka. (D\u00e1lnice Speedway dominuje kultu\u0159e m\u011bsta a je \u010dasto popisov\u00e1na jako nutnost pro ka\u017edou cestu po Dayton\u011b.)<\/p>\n<p>Nab\u00eddku dopl\u0148uj\u00ed kulturn\u00ed a rodinn\u00e9 atrakce. Muzeum um\u011bn\u00ed a v\u011bd (MOAS) \u2013 velk\u00e9 v\u011bdeck\u00e9 muzeum a planet\u00e1rium v \u200b\u200bDayton\u011b \u2013 je hitem u d\u011bt\u00ed i dosp\u011bl\u00fdch a nab\u00edz\u00ed v\u0161e od expon\u00e1t\u016f m\u00edstn\u00ed historie a\u017e po \u017eiv\u00e1 zv\u00ed\u0159ata. Nedaleko se nach\u00e1z\u00ed aquapark Daytona Lagoon, kter\u00fd nab\u00edz\u00ed skluzavky a baz\u00e9ny s vlnami pro hork\u00e1 odpoledne. Okouzluj\u00edc\u00ed \u010dokol\u00e1dovna Angell &amp; Phelps nab\u00edz\u00ed prohl\u00eddky a bezplatn\u00e9 ochutn\u00e1vky ru\u010dn\u011b vyr\u00e1b\u011bn\u00fdch sladkost\u00ed. Pro panoramatick\u00e9 v\u00fdhledy je kousek j\u00edzdy na jih k maj\u00e1ku Ponce de Leon Inlet (technicky hned za pl\u00e1\u017e\u00ed Daytona Beach) a horolezci se mohou kochat \u00fachvatn\u00fdmi v\u00fdhledy na oce\u00e1n.<\/p>\n<p>V centru Daytony (na pevninsk\u00e9 stran\u011b) se na n\u00e1dra\u017e\u00ed Riverside Station a v parku Riverfront konaj\u00ed festivaly, koncerty a nach\u00e1z\u00ed se zde Halifax Historical Museum. V Peabody Auditorium se konaj\u00ed broadwaysk\u00e1 p\u0159edstaven\u00ed a rockov\u00e9 koncerty. A na promen\u00e1d\u011b v Dayton\u011b se konaj\u00ed letn\u00ed akce, jako jsou venkovn\u00ed prom\u00edt\u00e1n\u00ed film\u016f a sez\u00f3nn\u00ed karnevaly. Milovn\u00edci outdoorov\u00fdch aktivit se tak\u00e9 vyd\u00e1vaj\u00ed do bl\u00edzk\u00fdch park\u016f: St\u00e1tn\u00ed park Tomoka (severn\u011b) nab\u00edz\u00ed nau\u010dn\u00e9 stezky a j\u00edzdu na kajaku, zat\u00edmco st\u00e1tn\u00ed rekrea\u010dn\u00ed oblast Gamble Rogers Memorial (na jihu) je obl\u00edben\u00fdm m\u00edstem pro kempov\u00e1n\u00ed na bari\u00e9rov\u00e9m ostrov\u011b.<\/p>\n<h2>Praktick\u00fd p\u0159ehled (doprava, pohyb, tipy)<\/h2>\n<p><strong>Jak se tam dostat:<\/strong> Do Daytona Beach se snadno dostanete letecky, silnic\u00ed i vlakem. M\u011bstsk\u00e9 mezin\u00e1rodn\u00ed leti\u0161t\u011b Daytona Beach (DAB) m\u00e1 omezen\u00e9 komer\u010dn\u00ed slu\u017eby (dopravci jako Delta a American l\u00e9taj\u00ed do Atlanty a Charlotte). Mnoho n\u00e1v\u0161t\u011bvn\u00edk\u016f m\u00edsto toho vyu\u017e\u00edv\u00e1 v\u011bt\u0161\u00ed bl\u00edzk\u00e1 leti\u0161t\u011b: Orlando International (p\u0159ibli\u017en\u011b 120 km ji\u017en\u011b) nebo Jacksonville International (asi 145 km severn\u011b) \u2013 ob\u011b vzd\u00e1len\u00e1 zhruba 90 minut j\u00edzdy. Autem vede pod\u00e9l pevniny Daytony d\u00e1lnice I-95 a d\u00e1lnice I-4 kon\u010d\u00ed asi 16 km jihoz\u00e1padn\u011b a spojuje Orlando a Tampu. Pro m\u00edstn\u00ed dopravu vede pod\u00e9l pl\u00e1\u017ee malebn\u00e1 d\u00e1lnice A1A. V Dayton\u011b nen\u00ed \u017e\u00e1dn\u00e1 v\u011bt\u0161\u00ed vlakov\u00e1 stanice pro cestuj\u00edc\u00ed; nejbli\u017e\u0161\u00ed zast\u00e1vky Amtraku jsou v DeLandu nebo Jacksonville, \u010dasto je k nim pot\u0159eba navazuj\u00edc\u00ed autobus.<\/p>\n<p><strong>Doprava:<\/strong> V Daytona Beach se d\u016frazn\u011b doporu\u010duje m\u00edt auto, abyste se dostali na v\u0161echny atrakce. M\u011bsto je pom\u011brn\u011b rozlehl\u00e9 \u2013 pl\u00e1\u017e, centrum m\u011bsta, univerzitn\u00ed kampusy a obytn\u00e9 oblasti le\u017e\u00ed od sebe n\u011bkolik mil. Hlavn\u00ed pl\u00e1\u017ee a oblasti pod\u00e9l \u0159eky jsou v\u0161ak vhodn\u00e9 pro p\u011b\u0161\u00ed (d\u0159ev\u011bn\u00e9 chodn\u00edky, promen\u00e1dy a kr\u00e1tk\u00e1 cesta do centra m\u011bsta). Autobusov\u00fd syst\u00e9m okresu Volusia (Votran) obsluhuje m\u011bsto, ale v omezen\u00e9m j\u00edzdn\u00edm \u0159\u00e1du. Pro turisty jsou snadno dostupn\u00e9 taxi nebo sd\u00edlen\u00e9 j\u00edzdy (Uber\/Lyft) a mnoho hotel\u016f nab\u00edz\u00ed kyvadlovou dopravu b\u011bhem akc\u00ed. Parkov\u00e1n\u00ed je na pl\u00e1\u017e\u00edch dostatek a obvykle je zdarma, i kdy\u017e v centru m\u011bsta se objevuj\u00ed placen\u00e9 gar\u00e1\u017ee. \u0158idi\u010di v Dayton\u011b dodr\u017euj\u00ed standardn\u00ed americk\u00e1 pravidla: jezd\u00ed vpravo, dodr\u017euj\u00ed rychlostn\u00ed limity (kter\u00e9 mohou b\u00fdt b\u011bhem velk\u00fdch akc\u00ed p\u0159\u00edsn\u011b vym\u00e1h\u00e1ny) a d\u00e1vaj\u00ed p\u0159ednost chodc\u016fm na p\u0159echodech pro chodce.<\/p>\n<p><strong>Z\u00e1kladn\u00ed tipy:<\/strong><\/p>\n<ul>\n<li><strong>M\u011bna a platba:<\/strong> Pou\u017e\u00edv\u00e1 se americk\u00fd dolar. Platebn\u00ed karty jsou \u0161iroce akceptov\u00e1ny (noste s sebou pouze m\u00edrnou hotovost). Spropitn\u00e9 (15\u201320 %) v restaurac\u00edch a taxislu\u017eb\u00e1ch je obvykl\u00e9.<\/li>\n<li><strong>Jazyk:<\/strong> Angli\u010dtina je hlavn\u00edm jazykem. B\u011b\u017en\u00e1 je tak\u00e9 \u0161pan\u011bl\u0161tina (mluv\u00ed j\u00ed mnoho zam\u011bstnanc\u016f v cestovn\u00edm ruchu), co\u017e odr\u00e1\u017e\u00ed demografick\u00e9 slo\u017een\u00ed Floridy. Posta\u010d\u00ed jednoduch\u00e9 fr\u00e1ze v obou jazyc\u00edch.<\/li>\n<li><strong>Oble\u010den\u00ed:<\/strong> Obl\u00e9k\u00e1n\u00ed je le\u017e\u00e9rn\u00ed po cel\u00fd rok. V l\u00e9t\u011b jsou lehk\u00e9 l\u00e1tky, klobouky a sand\u00e1ly nutnost\u00ed. V chladn\u011bj\u0161\u00edch m\u011bs\u00edc\u00edch si na ve\u010der vezm\u011bte lehkou bundu. Slune\u010dn\u00ed br\u00fdle a plavky se doporu\u010duj\u00ed kdykoli; slunce v Dayton\u011b m\u016f\u017ee b\u00fdt intenzivn\u00ed.<\/li>\n<li><strong>Etiketa a bezpe\u010dnost:<\/strong> M\u00edstn\u00ed jsou p\u0159\u00e1tel\u0161t\u00ed a zdvo\u0159il\u00ed. V\u0159el\u00fd pozdrav a \u201epros\u00edm\/d\u011bkuji\u201c sta\u010d\u00ed k velk\u00e9mu. V\u011bt\u0161ina Ameri\u010dan\u016f d\u00e1v\u00e1 obsluhuj\u00edc\u00edm pracovn\u00edk\u016fm skromn\u00e9 \u200b\u200bspropitn\u00e9, tak\u017ee po\u010d\u00edtejte s t\u00edm, \u017ee si k \u00fa\u010dt\u016fm v restauraci p\u0159id\u00e1te 15 %. Bezpe\u010dnost je obecn\u011b dobr\u00e1 \u2013 jak uv\u00e1d\u00ed m\u00edstn\u00ed turistick\u00e1 rada, Daytona Beach m\u00e1 pro n\u00e1v\u0161t\u011bvn\u00edky \u201ezaslou\u017eenou pov\u011bst bezpe\u010dn\u00e9ho m\u00edsta\u201c. P\u0159esto dodr\u017eujte opat\u0159en\u00ed zalo\u017een\u00e1 na zdrav\u00e9m rozumu: zamykejte cennosti v pokoji nebo v aut\u011b, noste s sebou jen minimum hotovosti a po setm\u011bn\u00ed si v\u0161\u00edmejte sv\u00e9ho okol\u00ed. Z\u00e1chrann\u00e9 slo\u017eky jsou dobr\u00e9 (v p\u0159\u00edpad\u011b nal\u00e9hav\u00fdch situac\u00ed volejte 911). Bezpe\u010dnost na pl\u00e1\u017ei je d\u016fle\u017eit\u00e1: plavejte v bl\u00edzkosti plav\u010d\u00edk\u016f, dbejte varov\u00e1n\u00ed p\u0159ed vlnobit\u00edm a v\u017edy pou\u017e\u00edvejte opalovac\u00ed kr\u00e9m.<\/li>\n<li><strong>Zdrav\u00ed a \u017eivotn\u00ed prost\u0159ed\u00ed:<\/strong> Nadmo\u0159sk\u00e1 v\u00fd\u0161ka v Dayton\u011b nen\u00ed probl\u00e9m, ale vlhkost v l\u00e9t\u011b v\u00e1s m\u016f\u017ee dehydratovat, proto pijte \u010dasto vodu. Pokud Daytonu nav\u0161t\u00edv\u00edte v zim\u011b, sbalte si svetr nebo bundu \u2013 ve\u010dery mohou b\u00fdt po z\u00e1padu slunce p\u0159ekvapiv\u011b chladn\u00e9. V teplej\u0161\u00edch m\u011bs\u00edc\u00edch se v bl\u00edzkosti vody m\u016f\u017ee objevit hmyz (kom\u00e1\u0159i), tak\u017ee se hod\u00ed repelent proti hmyzu.<\/li>\n<\/ul>\n<p>Celkov\u011b vzato nab\u00edz\u00ed Daytona Beach p\u0159\u00edjemn\u00e9 prost\u0159ed\u00ed jak pro mezin\u00e1rodn\u00ed, tak i pro americk\u00e9 cestovatele. Jej\u00ed slunn\u00e9 pl\u00e1\u017ee a velk\u00e9 akce poskytuj\u00ed vzru\u0161en\u00ed, zat\u00edmco skromn\u00e1 rozloha a floridsk\u00e9 kouzlo zaji\u0161\u0165uj\u00ed snadnou dostupnost. Se spr\u00e1vnou p\u0159\u00edpravou \u2013 ochranou p\u0159ed sluncem, slu\u0161n\u00fdm chov\u00e1n\u00edm a voln\u00fdm \u010dasem pro \u00fa\u010dast na z\u00e1vodech nebo festivalech \u2013 m\u00e1te p\u0159ipraven\u00fd bezpe\u010dn\u00fd a z\u00e1bavn\u00fd pobyt v t\u00e9to trval\u00e9 pl\u00e1\u017eov\u00e9 destinaci.<a href=\"https:\/\/travelshelper.com\/cs\/destinace\/severni-amerika\/spojene-staty-americke\/berkeley-springs\/\" target=\"_self\" aria-labelledby=\"uael-post-8997\"><br \/>\n<\/a><\/p>","protected":false},"excerpt":{"rendered":"<p>Daytona Beach, pob\u0159e\u017en\u00ed letovisko v okrese Volusia na Florid\u011b, je \u017eiv\u00e1 destinace zn\u00e1m\u00e1 pro svou jedine\u010dnou kombinaci p\u0159\u00edrodn\u00edch kr\u00e1s, historick\u00e9ho v\u00fdznamu a vzru\u0161uj\u00edc\u00edch motoristick\u00fdch sport\u016f. Daytona Beach, kter\u00e1 se nach\u00e1z\u00ed na v\u00fdchodn\u00edm pob\u0159e\u017e\u00ed Spojen\u00fdch st\u00e1t\u016f, m\u00e1 podle s\u010d\u00edt\u00e1n\u00ed lidu z roku 2020 72 647 obyvatel. Je sou\u010d\u00e1st\u00ed metropolitn\u00ed oblasti Deltona\u2013Daytona Beach\u2013Ormond Beach a je hlavn\u00edm m\u011bstem floridsk\u00e9 oblasti Fun Coast.<\/p>","protected":false},"author":1,"featured_media":3391,"parent":8072,"menu_order":0,"comment_status":"closed","ping_status":"closed","template":"elementor_theme","meta":{"_eb_attr":"","footnotes":""},"class_list":["post-8754","page","type-page","status-publish","has-post-thumbnail"],"_links":{"self":[{"href":"https:\/\/travelshelper.com\/cs\/wp-json\/wp\/v2\/pages\/8754","targetHints":{"allow":["GET"]}}],"collection":[{"href":"https:\/\/travelshelper.com\/cs\/wp-json\/wp\/v2\/pages"}],"about":[{"href":"https:\/\/travelshelper.com\/cs\/wp-json\/wp\/v2\/types\/page"}],"author":[{"embeddable":true,"href":"https:\/\/travelshelper.com\/cs\/wp-json\/wp\/v2\/users\/1"}],"replies":[{"embeddable":true,"href":"https:\/\/travelshelper.com\/cs\/wp-json\/wp\/v2\/comments?post=8754"}],"version-history":[{"count":0,"href":"https:\/\/travelshelper.com\/cs\/wp-json\/wp\/v2\/pages\/8754\/revisions"}],"up":[{"embeddable":true,"href":"https:\/\/travelshelper.com\/cs\/wp-json\/wp\/v2\/pages\/8072"}],"wp:featuredmedia":[{"embeddable":true,"href":"https:\/\/travelshelper.com\/cs\/wp-json\/wp\/v2\/media\/3391"}],"wp:attachment":[{"href":"https:\/\/travelshelper.com\/cs\/wp-json\/wp\/v2\/media?parent=8754"}],"curies":[{"name":"wp","href":"https:\/\/api.w.org\/{rel}","templated":true}]}}