{"id":8723,"date":"2024-09-04T14:00:30","date_gmt":"2024-09-04T14:00:30","guid":{"rendered":"https:\/\/travelshelper.com\/staging\/?page_id=8723"},"modified":"2026-03-13T17:42:21","modified_gmt":"2026-03-13T17:42:21","slug":"fort-lauderdale","status":"publish","type":"page","link":"https:\/\/travelshelper.com\/cs\/destinations\/north-america\/united-states\/fort-lauderdale\/","title":{"rendered":"Fort Lauderdale"},"content":{"rendered":"<p>Fort Lauderdale je st\u0159edn\u011b velk\u00e9 pob\u0159e\u017en\u00ed m\u011bsto v jihov\u00fdchodn\u00ed Florid\u011b, zhruba 37 km severn\u011b od Miami. Jeho sou\u010dasn\u00e1 populace dosahuje p\u0159ibli\u017en\u011b 185 000 obyvatel, co\u017e z n\u011bj \u010din\u00ed nejv\u011bt\u0161\u00ed m\u011bsto okresu Broward a v\u00fdznamnou kotvu metropolitn\u00ed oblasti Miami. Ekonomika m\u011bsta je sm\u011bsic\u00ed cestovn\u00edho ruchu, n\u00e1mo\u0159n\u00edho pr\u016fmyslu a sektoru slu\u017eeb: Port Everglades (nedalek\u00fd hlubinn\u00fd p\u0159\u00edstav) a mezin\u00e1rodn\u00ed leti\u0161t\u011b Fort Lauderdale-Hollywood jsou hlavn\u00edmi ekonomick\u00fdmi motory. P\u0159\u00edjem na obyvatele je relativn\u011b vysok\u00fd \u2013 ned\u00e1vn\u00e9 \u00fadaje ukazuj\u00ed pr\u016fm\u011brn\u00fd p\u0159\u00edjem dom\u00e1cnost\u00ed kolem 128 000 dolar\u016f, a\u010dkoli t\u00e9m\u011b\u0159 15 % obyvatel \u017eije pod hranic\u00ed chudoby. Demograficky z\u016fst\u00e1v\u00e1 Fort Lauderdale v\u011bt\u0161inou b\u00edl\u00fdm obyvatelstvem (p\u0159ibli\u017en\u011b 61 %), p\u0159i\u010dem\u017e zhruba 32 % obyvatel se identifikuje jako \u010derno\u0161i nebo Afroameri\u010dan\u00e9. T\u00e9m\u011b\u0159 \u010dtvrtina populace se narodila v zahrani\u010d\u00ed, zejm\u00e9na z Latinsk\u00e9 Ameriky a Karibiku, co\u017e m\u011bstu dod\u00e1v\u00e1 bohat\u00fd v\u00edcejazy\u010dn\u00fd charakter. Dominuje angli\u010dtina, ale v ulic\u00edch je hojn\u011b sly\u0161et i \u0161pan\u011bl\u0161tina a haitsk\u00e1 kreol\u0161tina. Stru\u010dn\u011b \u0159e\u010deno, profil Fort Lauderdale \u201ev \u010d\u00edslech\u201c je profilem st\u0159edn\u011b velk\u00e9ho, bohat\u00e9ho americk\u00e9ho m\u011bsta s rozmanitou, kosmopolitn\u00ed populac\u00ed, kter\u00e1 je ukotvena silnou ekonomikou cestovn\u00edho ruchu a slu\u017eeb.<\/p>\n<p>Geograficky le\u017e\u00ed Fort Lauderdale na atlantick\u00e9m pob\u0159e\u017e\u00ed Floridy \u2013 v n\u00ed\u017eit\u00e9 pob\u0159e\u017en\u00ed rovin\u011b ji\u017en\u00ed Floridy. Zab\u00edr\u00e1 \u00fazk\u00fd p\u00e1s pevniny mezi oce\u00e1nem a \u0159adou bari\u00e9rov\u00fdch ostrov\u016f a vnitrozemsk\u00fdch vodn\u00edch cest. M\u011bsto je n\u011bkdy naz\u00fdv\u00e1no \u201eBen\u00e1tkami Ameriky\u201c kv\u016fli sv\u00fdm 265 kilometr\u016fm splavn\u00fdch kan\u00e1l\u016f. Krajina je ploch\u00e1 a bujn\u00e1, s tropick\u00fdmi\/subtropick\u00fdmi palmami, vodn\u00edmi cestami lemovan\u00fdmi mangrovov\u00fdmi stromy a m\u00edsty pob\u0159e\u017en\u00edch mok\u0159ad\u016f. Klima je proslul\u00e9 slune\u010dn\u00fdm a tepl\u00fdm svitem: Fort Lauderdale m\u00e1 v pr\u016fm\u011bru zhruba 3 000 hodin slune\u010dn\u00edho svitu ro\u010dn\u011b. Zimn\u00ed denn\u00ed teploty se pohybuj\u00ed kolem 20 \u00b0C a letn\u00ed teploty b\u011b\u017en\u011b dosahuj\u00ed 27\u201335 \u00b0C, co\u017e je zm\u00edr\u0148uje st\u00e1l\u00fd oce\u00e1nsk\u00fd v\u00e1nek. Sr\u00e1\u017eky jsou sez\u00f3nn\u00ed (v\u011bt\u0161inou letn\u00ed bou\u0159ky) a mrazy jsou prakticky nev\u00eddan\u00e9. Stru\u010dn\u011b \u0159e\u010deno, m\u011bsto se t\u011b\u0161\u00ed polotropick\u00e9mu klimatu s tepl\u00fdmi, vlhk\u00fdmi l\u00e9ty, m\u00edrn\u00fdmi zimami a neust\u00e1l\u00fdmi pas\u00e1ty od Atlantiku \u2013 podm\u00ednky, kter\u00e9 definuj\u00ed jeho poklidn\u00e9, sluncem zalit\u00e9 prost\u0159ed\u00ed.<\/p>\n<p>P\u016fvod Fort Lauderdale le\u017e\u00ed sp\u00ed\u0161e ve vojensk\u00e9 z\u00e1kladn\u011b ne\u017e ve starov\u011bk\u00e9 legend\u011b. M\u011bsto je pojmenov\u00e1no po mal\u00e9m opevn\u011bn\u00ed postaven\u00e9m na \u0159ece New River v roce 1838 majorem Williamem Lauderdalem z americk\u00e9 arm\u00e1dy b\u011bhem druh\u00e9 seminolsk\u00e9 v\u00e1lky. Po tomto vojensk\u00e9m za\u010d\u00e1tku byla oblast a\u017e do konce 19. stolet\u00ed \u0159\u00eddce os\u00eddlena. Stabiln\u00ed r\u016fst za\u010dal s p\u0159\u00edchodem Floridsk\u00e9 v\u00fdchodn\u00ed pob\u0159e\u017en\u00ed \u017eeleznice a floridsk\u00fdm pozemkov\u00fdm boomem ve 20. letech 20. stolet\u00ed. Fort Lauderdale byl form\u00e1ln\u011b zalo\u017een v roce 1911 a v roce 1915 byl ur\u010den jako s\u00eddlo nov\u011b vytvo\u0159en\u00e9ho okresu Broward County. Ranou prosperitu t\u00e9m\u011b\u0159 zhatil velk\u00fd hurik\u00e1n v Miami v roce 1926 a Velk\u00e1 hospod\u00e1\u0159sk\u00e1 krize, kter\u00e9 v\u00fdrazn\u011b zpomalily rozvoj.<\/p>\n<p>B\u011bhem druh\u00e9 sv\u011btov\u00e9 v\u00e1lky a po n\u00ed se m\u011bsto znovu rozrostlo. Velk\u00e9 n\u00e1mo\u0159n\u00ed leti\u0161t\u011b p\u0159ivezlo tis\u00edce voj\u00e1k\u016f, co\u017e polo\u017eilo z\u00e1klady pov\u00e1le\u010dn\u00e9ho popula\u010dn\u00edho boomu. V 50. a 60. letech 20. stolet\u00ed se p\u0159edm\u011bstsk\u00e9 bytov\u00e9 \u010dtvrti rozrostly a m\u011bsto rozkvetlo ve v\u00fdznamnou letovisko. Kdysi skromn\u00e1 ryb\u00e1\u0159sk\u00e1 vesnice se prom\u011bnila v modern\u00ed m\u011bsto s hotely, n\u00e1kupn\u00edmi \u010dtvrt\u011bmi a p\u0159\u00edstavy. Koncem 20. stolet\u00ed se Fort Lauderdale stalo jedn\u00edm z nejv\u011bt\u0161\u00edch sv\u011btov\u00fdch jachta\u0159sk\u00fdch center a \u201ezimn\u00edm h\u0159i\u0161t\u011bm\u201c pro milovn\u00edky sn\u011bhu. Uplatn\u011bn\u00ed zde na\u0161el i v\u00fdletn\u00ed pr\u016fmysl \u2013 dnes pat\u0159\u00ed Port Everglades k nejru\u0161n\u011bj\u0161\u00edm v\u00fdletn\u00edm p\u0159\u00edstav\u016fm na sv\u011bt\u011b. B\u011bhem t\u011bchto zm\u011bn si Fort Lauderdale udr\u017eel identitu \u201epob\u0159e\u017en\u00edho letoviska\u201c, a to i p\u0159es v\u00fdstavbu nemocnic, univerzit (v\u010detn\u011b kampusu Florida Atlantic University) a finan\u010dn\u00ed \u010dtvrti v centru m\u011bsta. V posledn\u00edch letech se m\u011bsto zam\u011b\u0159ilo na revitalizaci m\u011bst: nov\u00e9 mrakodrapy pod\u00e9l vody, restaurovan\u00e9 historick\u00e9 pam\u00e1tky a kulturn\u00ed instituce zm\u011bnily jeho panorama. Ale odkaz t\u011bch ran\u00fdch desetilet\u00ed boomu a p\u00e1du se st\u00e1le projevuje ve vrstevnat\u00e9m charakteru Fort Lauderdale \u2013 od art deco byt\u016f z 20. let 20. stolet\u00ed na Las Olas a\u017e po ultramodern\u00ed v\u011b\u017ee na Intracoastal.<\/p>\n<p>Fort Lauderdale dnes p\u016fsob\u00ed jako pohodov\u00e9, ale sofistikovan\u00e9 pl\u00e1\u017eov\u00e9 m\u011bsto. Jeho atmosf\u00e9ra je sm\u011bsic\u00ed \u201eji\u017en\u00edho floridsk\u00e9ho resortu\u201c s multikulturn\u00edm podt\u00f3nem. M\u00edstn\u00ed kultura odr\u00e1\u017e\u00ed jej\u00ed velk\u00e9 hisp\u00e1nsk\u00e9 a karibsk\u00e9 komunity. Festivaly a akce jsou rozmanit\u00e9 a hojn\u00e9 \u2013 nap\u0159\u00edklad ka\u017edoro\u010dn\u00ed pr\u016fvod na Den svat\u00e9ho Patrika centrem m\u011bsta je velk\u00fdm l\u00e1kadlem, stejn\u011b jako pl\u00e1\u017eov\u00e9 ve\u010d\u00edrky s karibskou tematikou a velk\u00e9 lodn\u00ed show. Angli\u010dtina je lingua franca, ale na ka\u017ed\u00e9m bloku m\u016f\u017eete sly\u0161et \u0161pan\u011bl\u0161tinu, haitskou kreol\u0161tinu nebo francouz\u0161tinu. V\u00edce ne\u017e 21 % obyvatel se skute\u010dn\u011b narodilo v zahrani\u010d\u00ed, co\u017e d\u00e1v\u00e1 restaurac\u00edm a obchod\u016fm glob\u00e1ln\u00ed n\u00e1dech (kub\u00e1nsk\u00e9 kav\u00e1rny, jamajsk\u00e9 pek\u00e1rny atd.).<\/p>\n<p>M\u00edstn\u00ed obyvatel\u00e9 Fort Lauderdale popisuj\u00ed m\u011bstsk\u00fd \u017eivot jako pohodov\u00fd a zam\u011b\u0159en\u00fd na pobyt v p\u0159\u00edrod\u011b. Typick\u00e1 rutina m\u016f\u017ee zahrnovat rann\u00ed aktivity na pl\u00e1\u017ei nebo na kan\u00e1lu (b\u011bh, plavba lod\u00ed, j\u00f3ga), poklidn\u00fd ob\u011bd na bulv\u00e1ru Las Olas nebo u vody a ve\u010dern\u00ed setk\u00e1n\u00ed v hospod\u00e1ch nebo galeri\u00edch pod \u0161ir\u00fdm nebem. Je to m\u00edsto, kde se velk\u00e1 \u010d\u00e1st spole\u010densk\u00e9ho \u017eivota odehr\u00e1v\u00e1 venku: kav\u00e1rny na chodn\u00edku, n\u00e1mo\u0159n\u00ed festivaly, golfov\u00e1 h\u0159i\u0161t\u011b a um\u011bleck\u00e9 veletrhy. \u010ctvrti jako Coral Ridge a Victoria Park p\u016fsob\u00ed v\u0159ele a p\u0159\u00e1telsky, s \u201efloridsk\u00fdm le\u017e\u00e9rn\u00edm\u201c stylem. Lid\u00e9 jsou obecn\u011b p\u0159\u00edstupn\u00ed \u2013 instrukto\u0159i surfov\u00e1n\u00ed a j\u00f3gy se ve m\u011bst\u011b setk\u00e1vaj\u00ed s mana\u017eery na kongresech. I v nejru\u0161n\u011bj\u0161\u00ed turistick\u00e9 sez\u00f3n\u011b podporuj\u00ed palmami lemovan\u00e9 bulv\u00e1ry a kilometry park\u016f u vody pocit prostoru a klidu. Stru\u010dn\u011b \u0159e\u010deno, atmosf\u00e9ra Fort Lauderdale spojuje kosmopolitn\u00ed pohodl\u00ed s pohodov\u00fdm n\u00e1mo\u0159n\u00edm tempem; n\u00e1v\u0161t\u011bvn\u00edci \u010dasto poznamen\u00e1vaj\u00ed, \u017ee jeho \u201emal\u00e1 sestra Miami\u201c p\u0159ich\u00e1z\u00ed s men\u0161\u00edm shonem a v\u00edce sluncem na vod\u011b.<\/p>\n<p>Atrakce Fort Lauderdale se to\u010d\u00ed kolem slunce, mo\u0159e a kultury. V prvn\u00ed \u0159ad\u011b je to pl\u00e1\u017e Fort Lauderdale Beach, sedmikilometrov\u00fd \u00fasek hladk\u00e9ho, sv\u011btl\u00e9ho p\u00edsku, za n\u00edm\u017e se t\u00e1hne \u0161irok\u00e1 promen\u00e1da ve st\u00ednu palem. Tato pl\u00e1\u017e je v\u0161eobecn\u011b uzn\u00e1van\u00e1 jako \u201ejedna z nejlep\u0161\u00edch pl\u00e1\u017e\u00ed na Florid\u011b\u201c. M\u011blk\u00e1 tepl\u00e1 voda, b\u0159ehy s dohledem plav\u010d\u00edk\u016f a snadn\u00e9 parkov\u00e1n\u00ed z n\u00ed \u010din\u00ed ide\u00e1ln\u00ed m\u00edsto pro rodiny s d\u011btmi. Hned vedle pl\u00e1\u017ee se nach\u00e1z\u00ed bulv\u00e1r Las Olas Boulevard, m\u00edli dlouh\u00e1 tepna s restauracemi a n\u00e1kupy, kter\u00e1 spojuje centrum m\u011bsta s oce\u00e1nem. Las Olas se py\u0161n\u00ed v\u00edce ne\u017e 100 obchody, butiky a um\u011bleck\u00fdmi galeriemi, spolu s des\u00edtkami kav\u00e1ren a bister. Je to m\u00f3dn\u00ed promen\u00e1da m\u011bsta, kde se setk\u00e1vaj\u00ed m\u00edstn\u00ed i n\u00e1v\u0161t\u011bvn\u00edci, zejm\u00e9na ve\u010der a o v\u00edkendech.<\/p>\n<p>Ve vnitrozem\u00ed nab\u00edz\u00ed zm\u011bnu tempa Fort Lauderdale Riverwalk (naz\u00fdvan\u00fd tak\u00e9 Arts &amp; Entertainment District). Tato 4 km dlouh\u00e1 stezka pod\u00e9l \u0159eky vede pod\u00e9l \u0159eky New River centrem m\u011bsta a muzejn\u00ed \u010dtvrt\u00ed. Pod\u00e9l Riverwalk najdete parky, ve\u0159ejn\u00e9 um\u011bn\u00ed a restaurace u vody. Proch\u00e1z\u00ed deseti line\u00e1rn\u00edmi parky, kde m\u016f\u017eete pozorovat jachty, \u0161lapadla a ob\u010dasn\u00e9 vyhl\u00eddkov\u00e9 gondoly (k dispozici je dokonce i bezplatn\u00e9 vodn\u00ed taxi). Riverwalk spojuje kl\u00ed\u010dov\u00e9 pam\u00e1tky, jako je Broward Center for the Performing Arts a interaktivn\u00ed Muzeum objev\u016f a v\u011bdy. Chcete-li zahl\u00e9dnout p\u0159\u00edrodu, mus\u00edte nav\u0161t\u00edvit Bonnet House Museum &amp; Gardens: s\u00eddlo z 20. let 20. stolet\u00ed zasazen\u00e9 uprost\u0159ed rozvoje m\u011bsta. Stolet\u00fd Bonnet House (domn\u00ed muzeum) se rozkl\u00e1d\u00e1 na 14 hektarech bujn\u00fdch zahrad s historick\u00fdm domem pln\u00fdm um\u011bn\u00ed a staro\u017eitnost\u00ed. Tato botanick\u00e1 a architektonick\u00e1 o\u00e1za \u2013 s pl\u00e1\u017eemi, mangrovy a zahradami, kter\u00e9 zde koexistuj\u00ed \u2013 v\u00e1m d\u00e1v\u00e1 ochutnat starou Floridu. Mezi dal\u0161\u00ed zaj\u00edmavosti pat\u0159\u00ed Stranahan House (nejstar\u0161\u00ed dochovan\u00e1 stavba ve Fort Lauderdale, nyn\u00ed muzeum m\u00edstn\u00ed historie) a r\u016fzn\u00e9 p\u0159\u00edstavy nab\u00edzej\u00edc\u00ed vyhl\u00eddkov\u00e9 plavby lod\u00ed a p\u0159\u00edstup k malebn\u00fdm vodn\u00edm cest\u00e1m.<\/p>\n<p>Golfist\u00e9 i n\u00e1kupn\u00ed nad\u0161enci pova\u017euj\u00ed za hlavn\u00ed atrakce m\u011bsta \u010detn\u00e1 golfov\u00e1 h\u0159i\u0161t\u011b a n\u00e1kupn\u00ed centra (jako je luxusn\u00ed Galleria Mall a Sawgrass Mills). V noci se bulv\u00e1r Las Olas lemovan\u00fd jachtami rozz\u00e1\u0159\u00ed hudbou ze st\u0159e\u0161n\u00edch bar\u016f a slou\u017e\u00ed jako \u00fast\u0159edn\u00ed bod spole\u010densk\u00e9ho d\u011bn\u00ed. A pro rodinnou z\u00e1bavu je obl\u00edben\u00fdm m\u00edstem Muzeum objev\u016f a v\u011bdy (s expozicemi dinosaur\u016f a kinem IMAX). Nep\u0159ehl\u00e9dnuteln\u00e9: D\u00edky poloze Fort Lauderdale jako hlavn\u00edho m\u011bsta v\u00fdletn\u00edch lod\u00ed je obrovsk\u00fd Port Everglades m\u00edstem, kter\u00e9 mnoho lid\u00ed nav\u0161t\u011bvuje \u2013 a\u0165 u\u017e se jedn\u00e1 o plavbu po Karibiku, nebo o sledov\u00e1n\u00ed p\u0159iplouvaj\u00edc\u00edch a odplouvaj\u00edc\u00edch obrovsk\u00fdch parn\u00edk\u016f, co\u017e je samo o sob\u011b z\u00e1\u017eitek.<\/p>\n<p>Fort Lauderdale je velmi dob\u0159e dostupn\u00e9. Jeho hlavn\u00edm leti\u0161t\u011bm je Fort Lauderdale\u2013Hollywood International (FLL), ru\u0161n\u00e9 centrum pro vnitrost\u00e1tn\u00ed i mezin\u00e1rodn\u00ed lety. FLL se py\u0161n\u00ed p\u0159\u00edm\u00fdm spojen\u00edm do 140 destinac\u00ed a denn\u011b odbav\u00ed v\u00edce ne\u017e 80 000 cestuj\u00edc\u00edch. Bezplatn\u00e1 kyvadlov\u00e1 doprava spojuje leti\u0161tn\u00ed termin\u00e1ly s nedalekou p\u0159\u00edm\u011bstskou vlakovou stanic\u00ed Tri-Rail (v Dania Beach), kter\u00e1 zaji\u0161\u0165uje \u010dast\u00e9 region\u00e1ln\u00ed vlakov\u00e9 spojen\u00ed pod\u00e9l pob\u0159e\u017e\u00ed ji\u017en\u00ed Floridy. (Linka Tri-Rail spojuje Miami a Palm Beach se zast\u00e1vkou pobl\u00ed\u017e leti\u0161t\u011b Hollywood-Fort Lauderdale.) Alternativn\u011b mnoho cestuj\u00edc\u00edch p\u0159il\u00e9t\u00e1 na nedalek\u00e9 mezin\u00e1rodn\u00ed leti\u0161t\u011b v Miami, kter\u00e9 je vzd\u00e1len\u00e9 pouh\u00fdch 30 mil ji\u017en\u011b, a do Fort Lauderdale se p\u0159estupuje autem nebo autobusem. Autem vede m\u011bstem severoji\u017en\u00ed sm\u011br Interstate 95 a floridsk\u00e1 d\u00e1lnice Turnpike ho spojuje s Orlandem a dal\u0161\u00edmi oblastmi.<\/p>\n<p>Centrum Fort Lauderdale a pl\u00e1\u017eov\u00e1 oblast jsou docela dob\u0159e dostupn\u00e9 p\u011b\u0161ky, zejm\u00e9na kolem Las Olas a Riverwalk. M\u011bsto provozuje bezplatn\u00fd m\u00edstn\u00ed autobus (Sun Trolley) na n\u011bkolika okru\u017en\u00edch tras\u00e1ch, co\u017e je u\u017eite\u010dn\u00e9 v turistick\u00fdch z\u00f3n\u00e1ch. Pravideln\u00e9 autobusy okresu Broward spojuj\u00ed v\u011bt\u0161inu \u010dtvrt\u00ed a Tri-Rail obsluhuje p\u0159\u00edm\u011bstsk\u00e9 trasy. Taxi a sd\u00edlen\u00e1 j\u00edzda jsou \u0161iroce dostupn\u00e9. Mnoho n\u00e1v\u0161t\u011bvn\u00edk\u016f pova\u017euje za nejjednodu\u0161\u0161\u00ed pronajmout si auto, proto\u017ee atrakce jako Sawgrass Mills nebo v\u00fdlety do Everglades jsou d\u00e1le. V hlavn\u00ed sez\u00f3n\u011b (prosinec\u2013duben) a o v\u00edkendech sv\u00e1tk\u016f m\u016f\u017ee b\u00fdt provoz hust\u00fd, proto je rozumn\u00e9 po\u010d\u00edtat s dodate\u010dnou dobou cestov\u00e1n\u00ed.<\/p>\n<p>Fort Lauderdale pou\u017e\u00edv\u00e1 americk\u00fd dolar. \u00da\u0159edn\u00edm jazykem je angli\u010dtina, a\u010dkoli mnoho m\u00edstn\u00edch mluv\u00ed tak\u00e9 \u0161pan\u011blsky nebo kreolsky. V restaurac\u00edch a tax\u00edc\u00edch je zvykem d\u00e1vat spropitn\u00e9 ve v\u00fd\u0161i 15\u201320 %. Vzhledem k d\u016frazu na pl\u00e1\u017ee je nezbytn\u00e9 lehk\u00e9 letn\u00ed oble\u010den\u00ed, plavky a ochrana p\u0159ed sluncem. Vzhledem k tomu, \u017ee se jedn\u00e1 o karibskou destinaci, d\u00e1vejte si pozor na kom\u00e1ry za \u00fasvitu\/soumraku. P\u0159edpisy obl\u00e9k\u00e1n\u00ed jsou le\u017e\u00e9rn\u00ed (i v lep\u0161\u00edch restaurac\u00edch jsou pro mu\u017ee obvykle v po\u0159\u00e1dku kra\u0165asy a polo). Fort Lauderdale je obecn\u011b bezpe\u010dn\u00e9, ale plat\u00ed obvykl\u00e1 bezpe\u010dnostn\u00ed opat\u0159en\u00ed m\u011bsta \u2013 m\u011bjte cennosti v bezpe\u010d\u00ed, bu\u010fte ostra\u017eit\u00ed na ru\u0161n\u00fdch chodn\u00edc\u00edch a v noci se vyh\u00fdbejte opu\u0161t\u011bn\u00fdm pl\u00e1\u017e\u00edm. Celkov\u011b je atmosf\u00e9ra p\u0159\u00e1telsk\u00e1 a otev\u0159en\u00e1, co\u017e odr\u00e1\u017e\u00ed charakter m\u011bsta zam\u011b\u0159en\u00fd na n\u00e1v\u0161t\u011bvn\u00edky.<a href=\"https:\/\/travelshelper.com\/cs\/destinace\/severni-amerika\/spojene-staty-americke\/berkeley-springs\/\" target=\"_self\" aria-labelledby=\"uael-post-8997\"><br \/>\n<\/a><\/p>","protected":false},"excerpt":{"rendered":"<p>Fort Lauderdale je energick\u00e9 pob\u0159e\u017en\u00ed m\u011bsto v americk\u00e9m st\u00e1t\u011b Florida, p\u0159ibli\u017en\u011b 48 km severn\u011b od Miami na pob\u0159e\u017e\u00ed Atlantsk\u00e9ho oce\u00e1nu. Podle s\u010d\u00edt\u00e1n\u00ed lidu z roku 2020 se Fort Lauderdale, okresn\u00ed m\u011bsto a nejlidnat\u011bj\u0161\u00ed m\u011bsto v okrese Broward, py\u0161n\u00ed 182 260 obyvateli. S populac\u00ed 6 166 488 obyvatel v roce 2019 se Fort Lauderdale \u0159ad\u00ed na t\u0159et\u00ed nejlidnat\u011bj\u0161\u00ed m\u00edsto v metropolitn\u00ed oblasti Miami po Miami a Hialeah. D\u00edky tomu je toto m\u011bsto des\u00e1t\u00fdm nejlidnat\u011bj\u0161\u00edm na Florid\u011b.<\/p>","protected":false},"author":1,"featured_media":2720,"parent":8072,"menu_order":0,"comment_status":"closed","ping_status":"closed","template":"elementor_theme","meta":{"_eb_attr":"","footnotes":""},"class_list":["post-8723","page","type-page","status-publish","has-post-thumbnail"],"_links":{"self":[{"href":"https:\/\/travelshelper.com\/cs\/wp-json\/wp\/v2\/pages\/8723","targetHints":{"allow":["GET"]}}],"collection":[{"href":"https:\/\/travelshelper.com\/cs\/wp-json\/wp\/v2\/pages"}],"about":[{"href":"https:\/\/travelshelper.com\/cs\/wp-json\/wp\/v2\/types\/page"}],"author":[{"embeddable":true,"href":"https:\/\/travelshelper.com\/cs\/wp-json\/wp\/v2\/users\/1"}],"replies":[{"embeddable":true,"href":"https:\/\/travelshelper.com\/cs\/wp-json\/wp\/v2\/comments?post=8723"}],"version-history":[{"count":0,"href":"https:\/\/travelshelper.com\/cs\/wp-json\/wp\/v2\/pages\/8723\/revisions"}],"up":[{"embeddable":true,"href":"https:\/\/travelshelper.com\/cs\/wp-json\/wp\/v2\/pages\/8072"}],"wp:featuredmedia":[{"embeddable":true,"href":"https:\/\/travelshelper.com\/cs\/wp-json\/wp\/v2\/media\/2720"}],"wp:attachment":[{"href":"https:\/\/travelshelper.com\/cs\/wp-json\/wp\/v2\/media?parent=8723"}],"curies":[{"name":"wp","href":"https:\/\/api.w.org\/{rel}","templated":true}]}}