{"id":8395,"date":"2024-09-03T19:44:52","date_gmt":"2024-09-03T19:44:52","guid":{"rendered":"https:\/\/travelshelper.com\/staging\/?page_id=8395"},"modified":"2026-03-13T18:41:29","modified_gmt":"2026-03-13T18:41:29","slug":"santa-monica","status":"publish","type":"page","link":"https:\/\/travelshelper.com\/cs\/destinations\/north-america\/united-states\/santa-monica\/","title":{"rendered":"Santa Monica"},"content":{"rendered":"<p>Santa Monica je pob\u0159e\u017en\u00ed m\u011bsto na z\u00e1padn\u00ed stran\u011b okresu Los Angeles, kde se z\u00e1liv Santa Monica setk\u00e1v\u00e1 s Tich\u00fdm oce\u00e1nem. T\u00e1hne se pod\u00e9l asi 5 km p\u00edse\u010dn\u00e9 pl\u00e1\u017ee a ploch\u00fdch \u00fates\u016f. Krajina zahrnuje \u0161irok\u00e9, zpevn\u011bn\u00e9 stezky pod\u00e9l oce\u00e1nu, cyklostezky a parky s v\u00fdhledem na mo\u0159e (nejzn\u00e1m\u011bj\u0161\u00ed je Palisades Park nad \u00fatesy). Podneb\u00ed je po cel\u00fd rok m\u00edrn\u00e9: tepl\u00e1, such\u00e1 l\u00e9ta a m\u00edrn\u00e9 zimy, podobn\u011b jako v nedalek\u00e9m Los Angeles, ale v l\u00e9t\u011b je zde obvykle o n\u011bco chladn\u011bji kv\u016fli oce\u00e1nu. V oblasti se vyskytuje rann\u00ed mlha (\u010dervnov\u00e9 \u0161ero), kter\u00e1 se odpoledne \u010dasto vyjasn\u00ed a obloha se zm\u011bn\u00ed na slune\u010dnou. Typick\u00e9 teploty se v l\u00e9t\u011b pohybuj\u00ed kolem 21 \u00b0C a v zim\u011b kolem 15 \u00b0C, prakticky bez mrazu. Slunce sv\u00edt\u00ed asi 310 dn\u00ed v roce, co\u017e ze Santa Moniky d\u011bl\u00e1 v podstat\u011b m\u011bsto vhodn\u00e9 pro pl\u00e1\u017ee.<\/p>\n<p>Po\u010det obyvatel m\u011bsta Santa Monica je p\u0159ibli\u017en\u011b 88 000 (odhad z roku 2025). V posledn\u00edch desetilet\u00edch m\u00edrn\u011b poklesl oproti vrcholu z roku 2020, co\u017e odr\u00e1\u017e\u00ed malou rozlohu m\u011bsta a vysok\u00e9 n\u00e1klady na bydlen\u00ed. Pr\u016fm\u011brn\u00fd v\u011bk obyvatel se pohybuje kolem 45 let a pr\u016fm\u011brn\u00fd p\u0159\u00edjem dom\u00e1cnost\u00ed je zhruba 110 000 dolar\u016f (co\u017e je na americk\u00e9 pom\u011bry velmi vysok\u00e9). Obyvatelstvo je p\u0159ev\u00e1\u017en\u011b b\u00edl\u00e9 (asi 67 %), d\u00e1le Asiat\u00e9 (cca 10 %) a men\u0161\u00ed procento tvo\u0159\u00ed \u010derno\u0161i (5 %) a Hisp\u00e1nci (asi 13 % Hisp\u00e1nc\u016f jak\u00e9koli rasy). M\u011bsto m\u00e1 v\u00fdznamnou pracovn\u00ed s\u00edlu z kreativn\u00ed t\u0159\u00eddy a v oblasti technologi\u00ed, jak je uvedeno n\u00ed\u017ee.<\/p>\n<p>Odhaduje se, \u017ee Santa Monica m\u00e1 pro rok 2025 87 900 obyvatel. Hustota zalidn\u011bn\u00ed m\u011bsta je vysok\u00e1 (p\u0159es 10 000 lid\u00ed na \u010dtvere\u010dn\u00ed m\u00edli). Demograficky se 67 % obyvatel identifikuje jako b\u011blo\u0161i, 9,8 % jako Asiat\u00e9 a 4,9 % jako \u010cerno\u0161i, zbytek tvo\u0159\u00ed ostatn\u00ed a ti, kte\u0159\u00ed se identifikuj\u00ed ke dv\u011bma nebo v\u00edce ras\u00e1m. Hisp\u00e1nci\/Latinoameri\u010dan\u00e9 tvo\u0159\u00ed asi 11 % populace. Asi 42 % dom\u00e1cnost\u00ed tvo\u0159\u00ed man\u017eelsk\u00e9 p\u00e1ry.<\/p>\n<p>M\u00edstn\u00ed ekonomika je siln\u00e1 a rozmanit\u00e1. Santa Monica se naz\u00fdv\u00e1 sou\u010d\u00e1st\u00ed \u201eSilicon Beach\u201c kv\u016fli koncentraci technologick\u00fdch a kreativn\u00edch odv\u011btv\u00ed. Kreativn\u00ed a technologick\u00fd sektor je skute\u010dn\u011b nejv\u011bt\u0161\u00edm zam\u011bstnavatelem: v\u00edce ne\u017e 3 100 podnik\u016f v oblasti informa\u010dn\u00edch technologi\u00ed, filmu, videa, designu a reklamy (nap\u0159\u00edklad Snap, Hulu, Lionsgate atd.) zam\u011bstn\u00e1v\u00e1 p\u0159ibli\u017en\u011b 29 000 lid\u00ed \u2013 zhruba t\u0159etinu pracovn\u00edch m\u00edst ve m\u011bst\u011b. Mezi dal\u0161\u00ed v\u00fdznamn\u00e1 odv\u011btv\u00ed pat\u0159\u00ed zdravotnictv\u00ed (10 000 pracovn\u00edch m\u00edst), vzd\u011bl\u00e1v\u00e1n\u00ed (Santa Monica College) a cestovn\u00ed ruch\/pohostinstv\u00ed (ubytov\u00e1n\u00ed, restaurace). Cestovn\u00ed ruch roste: v roce 2023 p\u0159ijelo do Santa Monicy p\u0159ibli\u017en\u011b 4,6 milionu n\u00e1v\u0161t\u011bvn\u00edk\u016f, kte\u0159\u00ed d\u00edky slavn\u00e9mu molu a pl\u00e1\u017ei a n\u00e1kupn\u00edm \u010dtvrt\u00edm m\u011bsta vygenerovali m\u00edstn\u00ed v\u00fddaje ve v\u00fd\u0161i zhruba 940 milion\u016f dolar\u016f. Maloobchod je tak\u00e9 pozoruhodn\u00fd \u2013 firmy z mal\u00fdch a st\u0159edn\u00edch podnik\u016f zaznamenaly v roce 2023 zdaniteln\u00fd obrat p\u0159es 3,2 miliardy dolar\u016f. Stru\u010dn\u011b \u0159e\u010deno, ekonomika Santa Moniky kombinuje m\u00edstn\u00ed maloobchodn\u00ed a slu\u017eebn\u00ed pracovn\u00ed m\u00edsta s p\u0159ekvapiv\u011b velk\u00fdm kreativn\u011b-technologick\u00fdm j\u00e1drem (nejv\u011bt\u0161\u00ed sv\u011btov\u00e1 koncentrace firem v oblasti digit\u00e1ln\u00edch m\u00e9di\u00ed a z\u00e1bavy se nach\u00e1z\u00ed v z\u00e1padn\u00ed \u010d\u00e1sti Los Angeles).<\/p>\n<p>M\u011bsto se py\u0161n\u00ed vysok\u00fdmi p\u0159\u00edjmy: p\u0159\u00edjem na obyvatele ~88 900 USD a medi\u00e1n dom\u00e1cnost\u00ed ~109 700 USD, a\u010dkoli m\u00edra chudoby (11,6 %) nazna\u010duje nerovnost p\u0159\u00edjm\u016f. P\u0159\u00edjmy z nemovitost\u00ed a cestovn\u00edho ruchu financuj\u00ed m\u00edstn\u00ed vybaven\u00ed (nap\u0159\u00edklad obchodn\u00ed \u010dtvrti po\u0159\u00e1daj\u00ed pouli\u010dn\u00ed akce a \u00fadr\u017ebu centra m\u011bsta). Prioritou je tak\u00e9 udr\u017eiteln\u00e9 podnik\u00e1n\u00ed: Santa Monica podporuje zelen\u00e9 budovy, cyklostezky a byla za\u0159azena mezi \u201enejudr\u017eiteln\u011bj\u0161\u00ed\u201c m\u011bsta d\u00edky sv\u00e9 environment\u00e1ln\u00ed politice.<\/p>\n<p>Santa Monica se nach\u00e1z\u00ed v ji\u017en\u00ed Kalifornii, bezprost\u0159edn\u011b z\u00e1padn\u011b od m\u011bsta Los Angeles (sousedstv\u00ed Venice) a 24 kilometr\u016f severn\u011b od leti\u0161t\u011b LAX. Le\u017e\u00ed na ploch\u00fdch \u00fatesech nad z\u00e1livem Santa Monica Bay. Severn\u011b od n\u011bj se nach\u00e1z\u00ed park Pacific Palisades a poho\u0159\u00ed Santa Monica Mountains, zat\u00edmco pl\u00e1\u017e Venice Beach hrani\u010d\u00ed na jihu. Na jeho 5 kilometr\u016f dlouh\u00e9 pl\u00e1\u017ei se nach\u00e1z\u00ed slavn\u00e1 pl\u00e1\u017e Santa Monica State Beach (s volejbalov\u00fdmi s\u00edt\u011bmi a \u0161irok\u00fdm p\u00edskem). Na pevnin\u011b je m\u011bsto p\u0159ev\u00e1\u017en\u011b rovinat\u00e9 s m\u00edrn\u00fdm svahem od Palisades dol\u016f k vod\u011b. Do z\u00e1livu vy\u010dn\u00edv\u00e1 ikonick\u00e9 molo Santa Monica Pier (postaven\u00e9 v roce 1909) s mal\u00fdm z\u00e1bavn\u00edm parkem, akv\u00e1riem a historick\u00fdm koloto\u010dem na molu \u2013 symboly m\u011bsta. Hlavn\u00ed obchodn\u00ed centrum se nach\u00e1z\u00ed v okol\u00ed Third Street a Broadway, zn\u00e1m\u00e9 jako Third Street Promenade (\u017eiv\u00e1 p\u011b\u0161\u00ed z\u00f3na), a v blokech pobl\u00ed\u017e oce\u00e1nu (\u201eDowntown\u201c), kter\u00e9 \u017eij\u00ed obchody, pouli\u010dn\u00edmi um\u011blci a restauracemi.<\/p>\n<p>Z klimatick\u00e9ho hlediska zaji\u0161\u0165uje poloha Santa Monicy na pob\u0159e\u017e\u00ed jen velmi mal\u00e9 teplotn\u00ed v\u00fdkyvy. Jak uv\u00e1d\u00ed sekce o klimatu na Wikipedii, Santa Monica se t\u011b\u0161\u00ed p\u0159\u00edmo\u0159sk\u00e9mu st\u0159edomo\u0159sk\u00e9mu klimatu. Pob\u0159e\u017en\u00ed mlha se \u010dasto vyskytuje od pozdn\u00edho jara do l\u00e9ta, ale m\u011bsto se obvykle do poledne vyjasn\u00ed. I za hork\u00fdch dn\u016f ve vnitrozem\u00ed pl\u00e1\u017e ochlazuje oce\u00e1nsk\u00fd v\u00e1nek. Ro\u010dn\u00ed sr\u00e1\u017eky jsou kolem 38 cm, v\u011bt\u0161inou v zim\u011b. Dlouh\u00e1, such\u00e1 l\u00e9ta a m\u00edrn\u00e9 zimy znamenaj\u00ed, \u017ee se zde mohou konat venkovn\u00ed kav\u00e1rny a pouli\u010dn\u00ed festivaly po cel\u00fd rok. Pl\u00e1\u017e a \u00fatesy jsou obklopeny parky (Palisades Park se rozkl\u00e1d\u00e1 na vrcholu \u00fatesu, Tongva Park je nov\u011bj\u0161\u00ed park s v\u00fdhledem na oce\u00e1n v centru m\u011bsta), kter\u00e9 posiluj\u00ed integraci m\u011bsta a mo\u0159e.<\/p>\n<p>P\u0159\u00edb\u011bh Santa Monicy odr\u00e1\u017e\u00ed \u0161ir\u0161\u00ed z\u00e1b\u011br ji\u017en\u00ed Kalifornie. Oblast byla pojmenov\u00e1na a n\u00e1rokov\u00e1na v mexick\u00fdch pozemkov\u00fdch grantech z roku 1839 (Rancho San Vicente y Santa M\u00f3nica). M\u011bsto bylo form\u00e1ln\u011b zalo\u017eeno 30. listopadu 1886. V ran\u00fdch l\u00e9tech se Santa Monica rozv\u00edjela jako p\u0159\u00edmo\u0159sk\u00e9 letovisko pro Los Angeles \u2013 jej\u00edmi l\u00e1kadly se staly hotely, l\u00e1zn\u011b a mola pro z\u00e1bavu. Na za\u010d\u00e1tku 20. stolet\u00ed k n\u00ed p\u0159ij\u00ed\u017ed\u011bly trajekty a s Los Angeles se spojovala i \u201e\u010derven\u00e1 elektrick\u00e1 tramvaj\u201c (tramvaj) spole\u010dnosti Pacific Electric. Z\u00e1bavn\u00ed mola byla ve skute\u010dnosti velkou ud\u00e1lost\u00ed \u2013 molo Santa Monica bylo ve 20. letech 20. stolet\u00ed roz\u0161\u00ed\u0159eno a stalo se hlavn\u00ed atrakc\u00ed.<\/p>\n<p>Kl\u00ed\u010dovou kapitolou je spole\u010dnost Douglas Aircraft Company, kter\u00e1 zde ve 20. letech 20. stolet\u00ed zalo\u017eila v\u00fdznamnou tov\u00e1rnu na letadla; Santa Monica se do roku 1940 stala v\u00e1le\u010dn\u00fdm centrem s des\u00edtkami tis\u00edc zam\u011bstnanc\u016f v leteck\u00e9m pr\u016fmyslu. Po druh\u00e9 sv\u011btov\u00e9 v\u00e1lce z\u016fstal z\u00e1vod Douglas\/McDonnell v\u00fdznamn\u00fd a\u017e do 70. let 20. stolet\u00ed, vytv\u00e1\u0159el pracovn\u00ed m\u00edsta a think tank RAND. Uzav\u0159en\u00ed z\u00e1vodu v Douglasu (1968\u201370) bylo ranou, ale pomohlo p\u0159ipravit cestu k ekonomick\u00e9 diverzifikaci. M\u011bsto se br\u00e1nilo roz\u0161\u00ed\u0159en\u00ed d\u00e1lnice (v roce 1975 zastavili pokra\u010dov\u00e1n\u00ed d\u00e1lnice Santa Monica na z\u00e1pad za Ocean Park), co\u017e udr\u017eelo centrum m\u011bsta p\u0159\u00e1telsk\u00e9 k p\u011b\u0161\u00edm. B\u011bhem desetilet\u00ed se m\u011bsto prom\u011bnilo v kosmopolitn\u00ed mal\u00e9 m\u011bsto: molo a pl\u00e1\u017e z\u016fstaly ikonami, ale nov\u00e1 maloobchodn\u00ed centra (Third Street) a mal\u00e9 technologick\u00e9 spole\u010dnosti je za\u010daly definovat. V\u00fdznamn\u00e9 ud\u00e1losti: konec 80. let 20. stolet\u00ed byl sv\u011bdkem konflikt\u016f o rozvoj vs. zachov\u00e1n\u00ed (n\u011bkter\u00e9 pl\u00e1\u017eov\u00e9 \u010dtvrti bojovaly proti nov\u00fdm mrakodrap\u016fm). Dnes sm\u011bs historick\u00fdch budov z poloviny minul\u00e9ho stolet\u00ed a trendy nov\u00fdch obchod\u016f sv\u011bd\u010d\u00ed o neust\u00e1l\u00fdch zm\u011bn\u00e1ch.<\/p>\n<p>Santa Monica je zn\u00e1m\u00e1 svou zdravou, progresivn\u00ed a kreativn\u00ed atmosf\u00e9rou. M\u011bsto je jak reziden\u010dn\u00ed, tak komer\u010dn\u00ed; ji\u017e dlouho p\u0159itahuje um\u011blce, podnikatele a mlad\u00e9 profesion\u00e1ly, ale i bohat\u00e9 d\u016fchodce. Angli\u010dtina je univerz\u00e1ln\u00ed, \u0161pan\u011bl\u0161tina se b\u011b\u017en\u011b domluvuje mezi pracovn\u00edky ve slu\u017eb\u00e1ch a v n\u011bkter\u00fdch \u010dtvrt\u00edch. \u017divotn\u00ed styl klade d\u016fraz na fitness: na Ocean Avenue uvid\u00edte b\u011b\u017ece a cyklisty, j\u00f3gov\u00e1 studia t\u00e9m\u011b\u0159 na ka\u017ed\u00e9m bloku a farm\u00e1\u0159sk\u00e9 trhy jsou otev\u0159en\u00e9 mnoho dn\u00ed v t\u00fddnu. Pl\u00e1\u017eov\u00e1 kultura je roz\u0161\u00ed\u0159en\u00e1 \u2013 v\u0161ude jsou v\u011b\u017ee plav\u010d\u00edk\u016f, volejbalov\u00e9 z\u00e1pasy a neform\u00e1ln\u00ed obchody se surfov\u00fdm vybaven\u00edm. M\u011bsto je pozoruhodn\u011b vst\u0159\u00edcn\u00e9 k d\u011btem (h\u0159i\u0161t\u011b, \u0161koly) a tak\u00e9 k dom\u00e1c\u00edm mazl\u00ed\u010dk\u016fm (pl\u00e1\u017e pro psy bez vod\u00edtka v ur\u010dit\u00fdch hodin\u00e1ch).<\/p>\n<p>Santa Monica je politicky i spole\u010densky pom\u011brn\u011b liber\u00e1ln\u00ed; m\u011bstsk\u00e1 politika to odr\u00e1\u017e\u00ed. M\u011bsto se py\u0161n\u00ed environmentalistikou (p\u0159\u00edsn\u00e1 recyklace, c\u00edle v oblasti obnoviteln\u00fdch zdroj\u016f energie, z\u00e1kaz n\u011bkter\u00fdch plast\u016f). Um\u011bn\u00ed a technologie se zde m\u00eds\u00ed: pouli\u010dn\u00ed n\u00e1st\u011bnn\u00e9 malby a galerie existuj\u00ed vedle coworkingov\u00fdch prostor a startupov\u00fdch inkub\u00e1tor\u016f. Komunitn\u00ed akce posiluj\u00ed m\u00edstn\u00ed charakter: ka\u017ed\u00fd t\u00fdden se konaj\u00ed koncerty v parku, letn\u00ed filmov\u00e9 ve\u010dery a sez\u00f3nn\u00ed oslavy (nap\u0159\u00edklad s\u00e9rie koncert\u016f na molu Santa Monica Twilight). M\u011bstsk\u00e1 spr\u00e1va a Obchodn\u00ed komora \u010dasto zd\u016fraz\u0148uj\u00ed heslo \u201eNakupujte lok\u00e1ln\u011b\u201c a udr\u017eiteln\u00e9 podniky, co\u017e nazna\u010duje zam\u011b\u0159en\u00ed na komunitn\u00ed \u00e9tos.<\/p>\n<p>Co se t\u00fd\u010de p\u0159\u00e1telskosti, n\u00e1lada v Santa Monice je typicky vst\u0159\u00edcn\u00e1 a pohodov\u00e1. Dokonce i v centru m\u011bsta je obchodn\u00ed oble\u010den\u00ed vz\u00e1cnost\u00ed; pl\u00e1\u017eov\u00e9 oble\u010den\u00ed nebo le\u017e\u00e9rn\u00ed m\u011bstsk\u00e9 oble\u010den\u00ed je normou. Lid\u00e9 maj\u00ed tendenci se usm\u00edvat a pozdravit \u201eahoj\u201c, i kdy\u017e ne tak typicky pro venkovsk\u00e9 m\u011bsto jako mo\u017en\u00e1 styl Santa Barbary. Je zde n\u00e1znak m\u011bstsk\u00e9 anonymity (jako v jak\u00e9mkoli p\u0159edm\u011bst\u00ed Los Angeles), ale mnoz\u00ed sv\u00e9 sousedy znaj\u00ed. Doprava je tu b\u011bdov\u00e1n\u00ed (m\u00edstn\u00ed v\u011bd\u00ed, \u017ee se v dopravn\u00ed \u0161pi\u010dce nemaj\u00ed pokou\u0161et jet do kopce na leti\u0161t\u011b LAX), tak\u017ee trp\u011blivost na silnic\u00edch je nevysloven\u00fdm pravidlem.<\/p>\n<p>Atrakce Santa Monicy se soust\u0159ed\u00ed na pob\u0159e\u017e\u00ed. Molo Santa Monica Pier je samoz\u0159ejm\u011b nutnost\u00ed k vid\u011bn\u00ed. Jeho koloto\u010d na 2. ulici, rusk\u00e9 kolo a herny p\u0159ipom\u00ednaj\u00ed starom\u00f3dn\u00ed z\u00e1bavn\u00ed atmosf\u00e9ru a scen\u00e9rie na molu je okam\u017eit\u011b rozpoznateln\u00e1 (na rozd\u00edl od \u010dehokoli jin\u00e9ho v Los Angeles). Z\u00e1bavn\u00ed atrakce Pacific Park na molu, mal\u00e9 akv\u00e1rium a restaurace l\u00e1kaj\u00ed rodiny i p\u0159\u00edle\u017eitostn\u00e9 n\u00e1v\u0161t\u011bvn\u00edky. Hned vedle se nach\u00e1z\u00ed Palisades Park, zelen\u00fd p\u00e1s na \u00fatesu s v\u00fdhledem na oce\u00e1n, ide\u00e1ln\u00ed pro cyklistiku nebo proch\u00e1zky p\u0159i z\u00e1padu slunce. Odtud se naskytne jeden z nejikoni\u010dt\u011bj\u0161\u00edch v\u00fdhled\u016f na Los Angeles: nekone\u010dn\u00fd Pacifik a siluetu Malibu na severu.<\/p>\n<p>Dal\u0161\u00edm l\u00e1kadlem je Third Street Promenade: n\u00e1kupn\u00ed \u010dtvr\u0165 ur\u010den\u00e1 pouze pro p\u011b\u0161\u00ed, pln\u00e1 butik\u016f, pouli\u010dn\u00edch um\u011blc\u016f a kav\u00e1ren pod \u0161ir\u00fdm nebem. \u010casto je uv\u00e1d\u011bna jako jedno z nejlep\u0161\u00edch venkovn\u00edch n\u00e1kupn\u00edch center v Americe. Nedalek\u00e9 n\u00e1kupn\u00ed centrum Santa Monica Place (luxusn\u00ed obchody) a um\u011bleck\u00e1 \u010dtvr\u0165 4th\/Colorado (SMC Performing Arts Center) umoc\u0148uj\u00ed jej\u00ed atraktivitu. Samotn\u00e1 pl\u00e1\u017e \u2013 Santa Monica State Beach \u2013 je \u0161irok\u00e1 a dob\u0159e udr\u017eovan\u00e1, s volejbalov\u00fdmi h\u0159i\u0161ti a cyklostezkami, kter\u00e9 se napojuj\u00ed na pl\u00e1\u017e Venice Beach (na jihu) a cyklostezku Marina del Rey (na severu).<\/p>\n<p>Mezi dal\u0161\u00ed zaj\u00edmavosti pat\u0159\u00ed Tongva Park &amp; \u200b\u200bGreenbelt (nov\u011bj\u0161\u00ed v\u00edce\u00farov\u0148ov\u00fd park s hernami a font\u00e1nami v centru m\u011bsta) a Palisades Park (jak ji\u017e bylo zm\u00edn\u011bno). Na pl\u00e1\u017ei se nach\u00e1z\u00ed historick\u00e9 molo Angels Knight Pier (Caruso&#039;s Beach House) a v\u011b\u017e velitelstv\u00ed plav\u010d\u00edk\u016f. Sport a voln\u00fd \u010das: Zaj\u00edmavou zast\u00e1vkou je Muscle Beach (p\u016fvodn\u00ed kalifornsk\u00e1 venkovn\u00ed posilovna) a h\u0159i\u0161t\u011b North Beach Playground. Kulturn\u011b la\u010dn\u00edc\u00edm n\u00e1v\u0161t\u011bvn\u00edk\u016fm slou\u017e\u00ed tak\u00e9 Muzeum um\u011bn\u00ed Santa Monica a stanice Bergamot Station (um\u011bleck\u00fd komplex s des\u00edtkami galeri\u00ed). Ti, kte\u0159\u00ed se cht\u011bj\u00ed c\u00edtit jako v m\u00edstn\u00edm centru, se mohou proj\u00edt po farm\u00e1\u0159sk\u00e9m trhu na Arizona Avenue (celoro\u010dn\u011b, ve st\u0159edu a v sobotu).<\/p>\n<p>Stru\u010dn\u011b \u0159e\u010deno, seznam v\u011bc\u00ed, kter\u00e9 mus\u00edte ud\u011blat, je definov\u00e1n oce\u00e1nem a venkovn\u00edmi aktivitami: j\u00edzda na kole k molu, proch\u00e1zka p\u0159i z\u00e1padu slunce, j\u00edzda na kole\u010dkov\u00fdch brusl\u00edch u pl\u00e1\u017ee a j\u00eddlo v jedn\u00e9 z mnoha pl\u00e1\u017eov\u00fdch restaurac\u00ed. Santa Monica nab\u00edz\u00ed klasick\u00fd kalifornsk\u00fd z\u00e1\u017eitek z pl\u00e1\u017eov\u00e9ho m\u011bsta, modernizovan\u00fd pro modern\u00ed dobu s trendy obchody a udr\u017eiteln\u00fdm stylem.<\/p>\n<p>Santa Monica nem\u00e1 vlastn\u00ed komer\u010dn\u00ed leti\u0161t\u011b; n\u00e1v\u0161t\u011bvn\u00edci obvykle p\u0159il\u00e9taj\u00ed na mezin\u00e1rodn\u00ed leti\u0161t\u011b Los Angeles (LAX), kter\u00e9 je vzd\u00e1len\u00e9 pouh\u00fdch 15 minut j\u00edzdy na jih. Na leti\u0161t\u011b Burbank (BUR) a Long Beach (LGB) se dostanete tak\u00e9 autem nebo kyvadlovou dopravou. Autem kon\u010d\u00ed d\u00e1lnice I-10 v Santa Monice (kde se setk\u00e1v\u00e1 s Ocean Avenue). Je tak\u00e9 propojena pozemn\u00edmi komunikacemi se z\u00e1padn\u00edm Los Angeles a d\u00e1le. Vlak Pacific Surfliner spole\u010dnosti Amtrak stav\u00ed na nedalek\u00e9 stanici v centru Santa Monicy (na 4. ulici) a napojuje se na koridor LA\u2013San Diego.<\/p>\n<p>Santa Monica je relativn\u011b mal\u00e1. Mnoho obyvatel a n\u00e1v\u0161t\u011bvn\u00edk\u016f chod\u00ed p\u011b\u0161ky nebo na kole, zejm\u00e9na v centru m\u011bsta a pod\u00e9l pl\u00e1\u017ee. Ve\u0159ejn\u00e1 doprava zahrnuje Big Blue Bus (m\u011bstsk\u00fd autobusov\u00fd syst\u00e9m Santa Monicy) a lehkou \u017eeleznici LA Metro E Line (Expo Line), kter\u00e1 spojuje centrum Santa Monicy (centr\u00e1ln\u00ed stanice) s centrem Los Angeles a d\u00e1le p\u0159ibli\u017en\u011b ka\u017ed\u00fdch 8 minut. Taxi a sd\u00edlen\u00e9 j\u00edzdy jsou v centr\u00e1ln\u00edch oblastech hojn\u00e9, ale v pozdn\u00edch no\u010dn\u00edch hodin\u00e1ch v odlehl\u00fdch \u010dtvrt\u00edch mohou b\u00fdt vz\u00e1cn\u00e9. Parkov\u00e1n\u00ed na ulic\u00edch a ve ve\u0159ejn\u00fdch gar\u00e1\u017e\u00edch je \u010dasto zpoplatn\u011bno; sledujte harmonogramy \u00faklidu ulic. Proto\u017ee provoz m\u016f\u017ee ucp\u00e1vat vjezdy na d\u00e1lnice, mnoho m\u00edstn\u00edch obyvatel pou\u017e\u00edv\u00e1 na kr\u00e1tk\u00e9 p\u0159esuny kola nebo kolob\u011b\u017eky (obl\u00edben\u00e9 jsou programy na kolob\u011b\u017eky a sd\u00edlen\u00ed kol).<\/p>\n<p>Plat\u00ed obvykl\u00e9 kalifornsk\u00e9 spropitn\u00e9. M\u011bna je USD. Angli\u010dtina je univerz\u00e1ln\u00ed; \u0161pan\u011bl\u0161tina je b\u011b\u017en\u00e1 v mnoha servisn\u00edch kontextech (mnoho cedul\u00ed obchod\u016f je dvojjazy\u010dn\u00fdch). Spropitn\u00e9 15\u201320 % je v restaurac\u00edch standardem. Sand\u00e1ly a pl\u00e1\u017eov\u00e9 oble\u010den\u00ed jsou p\u0159ijateln\u00e9 t\u00e9m\u011b\u0159 kdekoli b\u011bhem dne, i kdy\u017e do luxusn\u00edch restaurac\u00ed nebo bar\u016f si m\u016f\u017eete vybrat hez\u010d\u00ed oble\u010den\u00ed. Santa Monica je obecn\u011b bezpe\u010dn\u00e1 \u2013 kriminalita je zde mnohem ni\u017e\u0161\u00ed ne\u017e v centru Los Angeles. D\u00e1vejte si v\u0161ak pozor na sv\u00e9 v\u011bci na p\u0159epln\u011bn\u00fdch ulic\u00edch a pl\u00e1\u017e\u00edch. M\u011bsto je velmi p\u0159\u00e1telsk\u00e9 k chodc\u016fm a cyklist\u016fm, ale v\u017edy se \u0159i\u010fte m\u00edstn\u00ed etiketou cyklist\u016f\/sk\u00fatr\u016f. Je tak\u00e9 pom\u011brn\u011b mezin\u00e1rodn\u00ed a tolerantn\u00ed; n\u00e1v\u0161t\u011bvn\u00edci by se m\u011bli c\u00edtit pohodln\u011b v tom, co se jim l\u00edb\u00ed. Praktick\u00e1 pozn\u00e1mka: kv\u016fli m\u00edstn\u00ed politice je Santa Monica velmi ekologicky uv\u011bdom\u011bl\u00e1 \u2013 v mnoha parc\u00edch najdou n\u00e1v\u0161t\u011bvn\u00edci m\u00edsto plastov\u00fdch lahv\u00ed plnic\u00ed stanice s vodou (font\u00e1nky) a restaurace \u010dasto podporuj\u00ed pou\u017e\u00edv\u00e1n\u00ed opakovan\u011b pou\u017eiteln\u00fdch ta\u0161ek.<a href=\"https:\/\/travelshelper.com\/cs\/destinace\/severni-amerika\/spojene-staty-americke\/berkeley-springs\/\" target=\"_self\" aria-labelledby=\"uael-post-8997\"><br \/>\n<\/a><\/p>","protected":false},"excerpt":{"rendered":"<p>Santa Monica, le\u017e\u00edc\u00ed pod\u00e9l malebn\u00e9ho z\u00e1livu Santa Monica Bay na ji\u017en\u00edm pob\u0159e\u017e\u00ed Kalifornie, je \u017eiv\u00e9 m\u011bsto v okrese Los Angeles. S 93 076 obyvateli podle s\u010d\u00edt\u00e1n\u00ed lidu USA z roku 2020 je Santa Monica zn\u00e1m\u00fdm letoviskem chv\u00e1len\u00fdm pro p\u0159\u00edjemn\u00e9 teploty, \u00fachvatn\u00e9 pl\u00e1\u017ee a aktivn\u00ed hotelov\u00fd provoz. Mezi velk\u00e9 spole\u010dnosti podporuj\u00edc\u00ed rozmanitou ekonomiku m\u011bsta \u2013 kter\u00e9 slou\u017e\u00ed jako hlavn\u00ed centrum pro podnik\u00e1n\u00ed i rekreaci \u2013 pat\u0159\u00ed Hulu, Universal Music Group, Lionsgate, Illumination a The Recording Academy.<\/p>","protected":false},"author":1,"featured_media":3396,"parent":8072,"menu_order":0,"comment_status":"closed","ping_status":"closed","template":"elementor_theme","meta":{"_eb_attr":"","footnotes":""},"class_list":["post-8395","page","type-page","status-publish","has-post-thumbnail"],"_links":{"self":[{"href":"https:\/\/travelshelper.com\/cs\/wp-json\/wp\/v2\/pages\/8395","targetHints":{"allow":["GET"]}}],"collection":[{"href":"https:\/\/travelshelper.com\/cs\/wp-json\/wp\/v2\/pages"}],"about":[{"href":"https:\/\/travelshelper.com\/cs\/wp-json\/wp\/v2\/types\/page"}],"author":[{"embeddable":true,"href":"https:\/\/travelshelper.com\/cs\/wp-json\/wp\/v2\/users\/1"}],"replies":[{"embeddable":true,"href":"https:\/\/travelshelper.com\/cs\/wp-json\/wp\/v2\/comments?post=8395"}],"version-history":[{"count":0,"href":"https:\/\/travelshelper.com\/cs\/wp-json\/wp\/v2\/pages\/8395\/revisions"}],"up":[{"embeddable":true,"href":"https:\/\/travelshelper.com\/cs\/wp-json\/wp\/v2\/pages\/8072"}],"wp:featuredmedia":[{"embeddable":true,"href":"https:\/\/travelshelper.com\/cs\/wp-json\/wp\/v2\/media\/3396"}],"wp:attachment":[{"href":"https:\/\/travelshelper.com\/cs\/wp-json\/wp\/v2\/media?parent=8395"}],"curies":[{"name":"wp","href":"https:\/\/api.w.org\/{rel}","templated":true}]}}