{"id":8389,"date":"2024-09-03T19:31:42","date_gmt":"2024-09-03T19:31:42","guid":{"rendered":"https:\/\/travelshelper.com\/staging\/?page_id=8389"},"modified":"2026-03-13T18:45:24","modified_gmt":"2026-03-13T18:45:24","slug":"santa-barbara","status":"publish","type":"page","link":"https:\/\/travelshelper.com\/cs\/destinations\/north-america\/united-states\/santa-barbara\/","title":{"rendered":"Santa Barbara"},"content":{"rendered":"<p>Santa Barbara le\u017e\u00ed asi 160 kilometr\u016f severoz\u00e1padn\u011b od Los Angeles, zasazen\u00e1 mezi Tich\u00fd oce\u00e1n a poho\u0159\u00ed Santa Ynez. M\u011bsto se rozkl\u00e1d\u00e1 na pob\u0159e\u017e\u00ed z\u00e1livu a je pozoruhodn\u00e9: zak\u0159iven\u00e9 pob\u0159e\u017e\u00ed s p\u00edse\u010dn\u00fdmi pl\u00e1\u017eemi a zelen\u00fdmi kopci. Po\u010das\u00ed je zde proslul\u00e9 p\u0159\u00edjemn\u00fdm po\u010das\u00edm, \u010dasto p\u0159irovn\u00e1van\u00fdm ke St\u0159edomo\u0159\u00ed (ve skute\u010dnosti se mu p\u0159ezd\u00edv\u00e1 \u201eAmerick\u00e1 rivi\u00e9ra\u201c). M\u00e1 tepl\u00e9 letn\u00ed st\u0159edomo\u0159sk\u00e9 klima s m\u00edrn\u00fdmi, such\u00fdmi l\u00e9ty a chladn\u00fdmi, vlhk\u00fdmi zimami. Pr\u016fm\u011brn\u00e9 teploty se pohybuj\u00ed od vysok\u00fdch 10 \u00b0C v zim\u011b do poloviny 24 \u00b0C v l\u00e9t\u011b (l\u00e9to m\u016f\u017ee dos\u00e1hnout 27 \u00b0C, ale noci jsou chladn\u011bj\u0161\u00ed). Slunce sv\u00edt\u00ed v\u00edce ne\u017e 270 dn\u00ed v roce a palmy se da\u0159\u00ed vedle bany\u00e1n\u016f a ta\u0161kov\u00fdch st\u0159ech ve \u0161pan\u011blsk\u00e9m stylu.<\/p>\n<p>V m\u011bstsk\u00fdch hranic\u00edch Santa Barbary \u017eije zhruba 88 000 obyvatel (odhad z roku 2023). Po\u010det obyvatel m\u011bsta je v posledn\u00edch letech stabiln\u00ed nebo m\u00edrn\u011b kles\u00e1. Pr\u016fm\u011brn\u00fd v\u011bk je kolem 39 let a m\u011bsto je pon\u011bkud star\u0161\u00ed ne\u017e typick\u00e1 Kalifornie (mnoho d\u016fchodc\u016f a rodin). Ekonomicky je m\u011bsto na dobr\u00e9 \u00farovni: pr\u016fm\u011brn\u00fd p\u0159\u00edjem dom\u00e1cnost\u00ed je kolem 101 000 dolar\u016f a m\u00edra chudoby se pohybuje kolem 13 %. P\u0159ibli\u017en\u011b 53 % obyvatel Santa Barbary tvo\u0159\u00ed b\u011blo\u0161i nehisp\u00e1nsk\u00e9ho p\u016fvodu a zhruba 37 % se identifikuje jako hisp\u00e1nci nebo latinoameri\u010dan\u00e9 (p\u0159edev\u0161\u00edm mexick\u00e9ho p\u016fvodu). Asijsk\u00e9 a \u010derno\u0161sk\u00e9 komunity jsou zde p\u0159\u00edtomny, ale men\u0161\u00ed (ka\u017ed\u00e1 o n\u011bkolik procent). Pr\u016fm\u011brn\u00e1 cena domu je pozoruhodn\u011b vysok\u00e1 (p\u0159es 1,4 milionu dolar\u016f v roce 2023) kv\u016fli omezen\u00e9mu prostoru a atraktivit\u011b pob\u0159e\u017e\u00ed.<\/p>\n<p>Podle ned\u00e1vn\u00fdch \u00fadaj\u016f m\u00e1 m\u011bsto Santa Barbara p\u0159ibli\u017en\u011b 88 000 obyvatel. Od roku 2022 do roku 2023 m\u00edrn\u011b poklesl (-0,7 %). Medi\u00e1n p\u0159\u00edjmu dom\u00e1cnost\u00ed (101 672 USD) a p\u0159\u00edjem na obyvatele (cca 60 000 USD) jsou v porovn\u00e1n\u00ed s celost\u00e1tn\u00edmi standardy vysok\u00e9, co\u017e odr\u00e1\u017e\u00ed mnoho profesn\u00edch a akademick\u00fdch pracovn\u00edch m\u00edst. Etnicky je asi 53 % obyvatel b\u011blo\u0161sk\u00e9ho nehisp\u00e1nsk\u00e9ho p\u016fvodu, kolem 37 % Hisp\u00e1nc\u016f (jak\u00e9koli rasy) a Asiat\u00e9 (p\u0159ev\u00e1\u017en\u011b Filip\u00ednci a \u010c\u00ed\u0148an\u00e9) tvo\u0159\u00ed asi 3\u20134 %.<\/p>\n<p>Ekonomika Santa Barbary je rozmanit\u00e1, ale men\u0161\u00edho rozsahu. Vzd\u011bl\u00e1v\u00e1n\u00ed (v\u010detn\u011b nedalek\u00e9 Kalifornsk\u00e9 univerzity v Santa Barba\u0159e) je v\u00fdznamn\u00fdm zam\u011bstnavatelem: samotn\u00e1 UCSB se na ekonomiku okresu pod\u00edl\u00ed v\u00edce ne\u017e 5 %. D\u016fle\u017eit\u00e9 jsou cestovn\u00ed ruch a pohostinstv\u00ed \u2013 historick\u00e1 \u0161pan\u011blsk\u00e1 architektura m\u011bsta, pl\u00e1\u017ee a vina\u0159sk\u00e1 oblast l\u00e1kaj\u00ed n\u00e1v\u0161t\u011bvn\u00edky po cel\u00fd rok. V okoln\u00edm okrese je d\u016fle\u017eit\u00e9 zem\u011bd\u011blstv\u00ed (jahody, avok\u00e1do, citrony, hrozny) a produkce v\u00edna. Nechyb\u00ed ani zdravotnictv\u00ed (nemocnice Cottage, kliniky Pacific) a profesion\u00e1ln\u00ed slu\u017eby. Technologick\u00fd sektor je skromn\u00fd, ale rostouc\u00ed (Santa Barbara p\u0159il\u00e1kala telekomunika\u010dn\u00ed a softwarov\u00e9 firmy). Celkov\u011b v Santa Barba\u0159e nedominuje jedno obrovsk\u00e9 odv\u011btv\u00ed; m\u00edsto toho se jej\u00ed ekonomiku op\u00edr\u00e1 o m\u00edstn\u00ed samospr\u00e1vu, vzd\u011bl\u00e1v\u00e1n\u00ed, cestovn\u00ed ruch a mal\u00e9 podniky.<\/p>\n<p>Santa Barbara le\u017e\u00ed na centr\u00e1ln\u00edm pob\u0159e\u017e\u00ed Kalifornie, zhruba v polovin\u011b cesty mezi Los Angeles a oblast\u00ed Sanfrancisk\u00e9ho z\u00e1livu (a nedaleko od San Luis Obispo). Na jihu a z\u00e1pad\u011b ji om\u00fdv\u00e1 Tich\u00fd oce\u00e1n, na severu poho\u0159\u00ed Santa Ynez a na v\u00fdchod\u011b zvln\u011bn\u00e9 kopce. Tato geografie vytv\u00e1\u0159\u00ed klima \u201emo\u0159sk\u00e9 vrstvy\u201c: chladn\u00fd oce\u00e1nsk\u00fd v\u00e1nek proud\u00ed horsk\u00fdmi pr\u016fsmyky a poskytuje m\u011bstu p\u0159\u00edjemn\u00e9 teploty i v l\u00e9t\u011b. Centrum m\u011bsta lemuje n\u00e1b\u0159e\u017e\u00ed (Stearns Wharf) a State Street a architektura se vyzna\u010duje stylem \u0161pan\u011blsk\u00e9ho koloni\u00e1ln\u00edho obrozen\u00ed, terakotov\u00fdmi st\u0159echami a promen\u00e1dami lemovan\u00fdmi palmami. D\u00e1le do vnitrozem\u00ed vedou \u00fadol\u00ed do vina\u0159sk\u00e9 oblasti Santa Ynez a Solvang. Celkov\u011b je krajina (tzv. \u201est\u0159edomo\u0159sk\u00e1\u201c) na ja\u0159e bujn\u00e1 se zahradami a ho\u0159\u010dicov\u011b \u017elut\u00fdmi kopci.<\/p>\n<p>Region m\u00e1 ofici\u00e1ln\u011b m\u00edrn\u00e9 podneb\u00ed: NOAA i US News \u0159ad\u00ed po\u010das\u00ed v Santa Barba\u0159e mezi nejlep\u0161\u00ed v Americe. Pr\u016fm\u011brn\u00e9 sr\u00e1\u017eky jsou asi 51 cm ro\u010dn\u011b, v\u011bt\u0161inou v zim\u011b. Pob\u0159e\u017en\u00ed mlha (\u201emo\u0159sk\u00e1 vrstva\u201c) \u010dasto ochlazuje letn\u00ed r\u00e1na a do poledne schne. Zimy jsou chladn\u00e9, ale z\u0159\u00eddka mrznouc\u00ed, zat\u00edmco l\u00e9ta jsou tepl\u00e1, ale ne extr\u00e9mn\u00ed. Klima m\u011bsta bylo v roce 2023 \u010dasopisem US News &amp; World Report za\u0159azeno na 1. m\u00edsto v USA. Toto m\u00edrn\u00e9 klima (a malebn\u00e9 pozad\u00ed oce\u00e1nu a hor) v\u00fdznamn\u011b p\u0159isp\u00edv\u00e1 k pov\u011bsti Santa Barbary jako idylick\u00e9ho a pohodov\u00e9ho m\u00edsta.<\/p>\n<p>Santa Barbara m\u00e1 hlubok\u00e9 ko\u0159eny. Domorod\u00ed \u010cuma\u0161i zde \u017eili tis\u00edce let p\u0159ed p\u0159\u00edchodem Evropan\u016f. \u0160pan\u011blsk\u00fd objevitel Juan Rodr\u00edguez Cabrillo nav\u0161t\u00edvil toto m\u00edsto v roce 1542 a m\u011bsto je pojmenov\u00e1no po jeho svat\u00e9 (svat\u00e9 Barbor\u011b). Modern\u00ed osada vznikla \u0161pan\u011blskou mis\u00ed Santa Barbara (zn\u00e1mou pro svou velkolepost jako \u201eKr\u00e1lovna mis\u00ed\u201c), zalo\u017eenou v roce 1786 franti\u0161k\u00e1ny. Kolem mise vyrostlo mal\u00e9 pueblo spolu s Presidio de Santa Barbara (vojenskou pevnost\u00ed).<\/p>\n<p>Katastrofick\u00e9 zem\u011bt\u0159esen\u00ed a tsunami v roce 1812 (o s\u00edle p\u0159ibli\u017en\u011b 7,1 stup\u0148\u016f Richterovy \u0161k\u00e1ly) srovnaly mlad\u00e9 m\u011bsto a misii se zem\u00ed. Mise byla p\u0159estav\u011bna a dnes je nejl\u00e9pe zachovanou ze v\u0161ech kalifornsk\u00fdch misi\u00ed (st\u00e1le zde p\u016fsob\u00ed aktivn\u00ed kostel). Po vyhl\u00e1\u0161en\u00ed nez\u00e1vislosti Mexika (1821) se Santa Barbara stala mexick\u00fdm pozemkov\u00fdm \u00fazem\u00edm (ranchos). Kdy\u017e se Kalifornie stala sou\u010d\u00e1st\u00ed Spojen\u00fdch st\u00e1t\u016f (po smlouv\u011b z Guadalupe Hidalgo z roku 1848), Santa Barbara se pomalu amerikanizovala. V roce 1872 bylo postaveno molo (Stearns Wharf) pro zlep\u0161en\u00ed p\u0159\u00edstupu k lodn\u00ed doprav\u011b a v 80. letech 19. stolet\u00ed do m\u011bsta dorazila \u017eeleznice, kter\u00e1 ho otev\u0159ela v\u00edce osadn\u00edk\u016fm a turist\u016fm. Koncem 19. stolet\u00ed se ji\u017e m\u011bsto propagovalo jako p\u0159\u00edmo\u0159sk\u00e9 letovisko (Charles Nordhoff ve sv\u00fdch spisech vychvaloval jeho klima).<\/p>\n<p>20. stolet\u00ed p\u0159ineslo jak boom, tak katastrofy. V 90. letech 19. stolet\u00ed byla v pob\u0159e\u017en\u00edch vod\u00e1ch objevena ropa, co\u017e zah\u00e1jilo \u00e9ru ropy v Kalifornii (prvn\u00ed vrt na sv\u011bt\u011b se zde uskute\u010dnil). V roce 1925 zem\u011bt\u0159esen\u00ed o s\u00edle 6,3 stupn\u011b Richterovy \u0161k\u00e1ly (s epicentrem pod m\u011bstem) op\u011bt zni\u010dilo velkou \u010d\u00e1st centra m\u011bsta a zabilo 13 lid\u00ed. M\u011bsto bylo p\u0159estav\u011bno v soudr\u017en\u00e9m \u0161pan\u011blsko-maursk\u00e9m architektonick\u00e9m stylu, kter\u00fd dne\u0161n\u00edmu centru m\u011bsta d\u00e1v\u00e1 jeho charakteristick\u00fd vzhled \u010derven\u00fdch ta\u0161kov\u00fdch st\u0159ech a b\u00edl\u00e9ho \u0161tuku. Pov\u00e1le\u010dn\u00fd r\u016fst p\u0159inesl nov\u00e9 \u010dtvrti, pr\u016fmysl (nap\u0159. leteck\u00e9 spole\u010dnosti) a modern\u00ed turistick\u00fd ruch. Dnes je historie Santa Barbary patrn\u00e1 v jej\u00edch pam\u00e1tk\u00e1ch: Misii, star\u00e9 v\u011b\u017ei soudn\u00ed budovy, Stearns Wharf a shlukech viktori\u00e1nsk\u00fdch dom\u016f.<\/p>\n<p>Santa Barbara m\u00e1 elegantn\u00ed, ale z\u00e1rove\u0148 nen\u00e1ro\u010dn\u00fd charakter, odr\u00e1\u017eej\u00edc\u00ed jak pohodu ji\u017en\u00ed Kalifornie, tak i \u0161petku evropsk\u00e9ho \u0161mrncu. B\u011b\u017en\u011b se zde mluv\u00ed anglicky a \u0161pan\u011blsky \u2013 v\u00edce ne\u017e t\u0159etina obyvatel m\u00e1 hisp\u00e1nsk\u00fd p\u016fvod. M\u011bsto siln\u011b oslavuje sv\u00e9 \u0161pan\u011blsk\u00e9 a mexick\u00e9 d\u011bdictv\u00ed: n\u00e1zvy ulic jsou \u0161pan\u011blsk\u00e9 (State Street se p\u016fvodn\u011b jmenovala Calle Principal) a mezi m\u00edstn\u00ed tradice pat\u0159\u00ed Old Spanish Days Fiesta, kter\u00e1 se kon\u00e1 ka\u017ed\u00fd srpen \u2013 n\u011bkolikadenn\u00ed pr\u016fvod a pouli\u010dn\u00ed festival tanc\u016f, hudby a ok\u00e1zalosti. Tato ud\u00e1lost (a mnoho dal\u0161\u00edch, jako jsou pr\u016fvody slunovratu, \u0159eck\u00e9 festivaly a folkl\u00f3rn\u00ed tance Ra\u00edces) podtrhuje d\u016fle\u017eitost bikulturn\u00edho (latinskoamerick\u00e9ho) d\u011bdictv\u00ed. Z\u00e1rove\u0148 m\u00e1 Santa Barbara um\u011bleckou a luxusn\u00ed atmosf\u00e9ru: \u010dtvr\u0165 Funk Zone host\u00ed um\u011bleck\u00e9 galerie a degusta\u010dn\u00ed m\u00edstnosti a je zde velk\u00e9 uzn\u00e1n\u00ed pro operu, divadlo a v\u00fdtvarn\u00e9 um\u011bn\u00ed.<\/p>\n<p>M\u00edstn\u00ed obyvatel\u00e9 \u010dasto popisuj\u00ed \u017eivot zde jako \u201epohodovou sofistikovanost\u201c. Tempo je na pom\u011bry velkom\u011bsta pomal\u00e9: lid\u00e9 se proch\u00e1zej\u00ed po State Street v \u017eabk\u00e1ch, ve\u010de\u0159\u00ed pod \u0161ir\u00fdm nebem nebo tr\u00e1v\u00ed odpoledne na pl\u00e1\u017ei. Venkovn\u00ed aktivity jsou sou\u010d\u00e1st\u00ed ka\u017edodenn\u00edho \u017eivota \u2013 surfov\u00e1n\u00ed, turistika, cyklistika. Kultura fitness a wellness je siln\u00e1 (spousta j\u00f3gov\u00fdch studi\u00ed a bio trh\u016f). Z\u00e1rove\u0148 je zde bohatstv\u00ed: n\u011bkter\u00e9 \u010dtvrti (Montecito, Hope Ranch) jsou velmi bohat\u00e9 a n\u00e1v\u0161t\u011bvn\u00edci si v\u0161\u00edmaj\u00ed zna\u010dkov\u00fdch butik\u016f a luxusn\u00edch resort\u016f. Postoj v\u0161ak z\u016fst\u00e1v\u00e1 p\u0159\u00e1telsk\u00fd a zam\u011b\u0159en\u00fd na komunitu: interakce jsou zdvo\u0159il\u00e9 a je b\u011b\u017en\u00e9 zah\u00e1jit konverzaci v kav\u00e1rn\u011b. Ve m\u011bst\u011b panuje atmosf\u00e9ra mal\u00e9ho m\u011bsta \u2013 na farm\u00e1\u0159sk\u00fdch trz\u00edch m\u016f\u017eete vid\u011bt m\u00edstn\u00ed volen\u00e9 \u00fa\u0159edn\u00edky. Stru\u010dn\u011b \u0159e\u010deno, Santa Barbara v sob\u011b spojuje kouzlo \u201eamerick\u00e9 rivi\u00e9ry\u201c (palmami lemovan\u00e9 ulice, kav\u00e1rny na st\u0159edomo\u0159sk\u00fdch n\u00e1m\u011bst\u00edch) s modern\u00edm progresivn\u00edm v\u011bdom\u00edm (iniciativy v oblasti zelen\u00e9ho podnik\u00e1n\u00ed, cyklistick\u00e1 infrastruktura, ochrana otev\u0159en\u00e9ho prostoru).<\/p>\n<p>Hlavn\u00ed ud\u00e1losti dod\u00e1vaj\u00ed Santa Barba\u0159e atmosf\u00e9ru: krom\u011b Old Spanish Days Fiesta se zde kon\u00e1 Letn\u00ed slunovratov\u00fd pr\u016fvod (oslavuj\u00edc\u00ed m\u00edstn\u00ed um\u011bn\u00ed s propracovan\u00fdmi alegorick\u00fdmi vozy), Mezin\u00e1rodn\u00ed filmov\u00fd festival v Santa Barba\u0159e (ka\u017edou zimu p\u0159itahuj\u00edc\u00ed hollywoodsk\u00e9 hv\u011bzdy) a Letn\u00ed koncerty v Bowlu (koncerty v horsk\u00e9m amfite\u00e1tru pod hv\u011bzdami). Kalifornsk\u00e1 univerzita v Santa Barba\u0159e tak\u00e9 p\u0159in\u00e1\u0161\u00ed do okol\u00ed velkou studentskou a kulturn\u00ed sc\u00e9nu (koncerty, um\u011bleck\u00e9 v\u00fdstavy). Po cel\u00fd rok p\u0159isp\u00edvaj\u00ed k p\u0159\u00edjemn\u00e9 st\u0159edomo\u0159sk\u00e9 atmosf\u00e9\u0159e stolov\u00e1n\u00ed na ulici, pouli\u010dn\u00ed hudebn\u00edci a v\u00edkendov\u00e9 farm\u00e1\u0159sk\u00e9 trhy.<\/p>\n<p>Atrakce Santa Barbary p\u0159edstavuj\u00ed jej\u00ed historii, p\u0159\u00edrodn\u00ed kr\u00e1sy a volno\u010dasov\u00fd \u017eivotn\u00ed styl. V centru se nach\u00e1z\u00ed State Street, \u0161irok\u00fd bulv\u00e1r lemovan\u00fd palmami a kv\u011btinami s obchody, restauracemi a okouzluj\u00edc\u00edmi uli\u010dkami Funk Zone s butiky a um\u011bleck\u00fdmi prostory. Pod\u00e9l n\u00e1b\u0159e\u017e\u00ed se nach\u00e1z\u00ed Stearns Wharf (postaven\u00fd v roce 1872), star\u00e9 d\u0159ev\u011bn\u00e9 molo se st\u00e1nky s mo\u0159sk\u00fdmi plody, akv\u00e1riem a panoramatick\u00fdm v\u00fdhledem na z\u00e1liv. Soudn\u00ed dv\u016fr okresu Santa Barbara je \u010dasto uv\u00e1d\u011bn jako m\u00edsto, kter\u00e9 mus\u00edte vid\u011bt: tento \u201en\u00e1dhern\u00fd \u0161pan\u011blsko-maursk\u00fd pal\u00e1c\u201c postaven\u00fd v roce 1929 se m\u016f\u017ee pochlubit zdoben\u00fdmi dla\u017edicemi, zahradami a hodinovou v\u011b\u017e\u00ed, na kterou m\u016f\u017eete vyl\u00e9zt. Jeho n\u00e1st\u011bnn\u00e9 malby a zahrady zobrazuj\u00ed historii m\u011bsta a za jasn\u00fdch dn\u016f nab\u00edz\u00ed vyhl\u00eddkov\u00e1 plo\u0161ina v\u00fdhled na oce\u00e1n.<\/p>\n<p>Kousek severn\u011b od centra m\u011bsta se nach\u00e1z\u00ed Old Mission Santa Barbara (\u201eKr\u00e1lovna misi\u00ed\u201c, zalo\u017een\u00e1 v roce 1786). Mise a jej\u00ed r\u016f\u017eov\u00e9 zahrady l\u00e1kaj\u00ed turisty a milovn\u00edky historie. Nedaleko se nach\u00e1z\u00ed Botanick\u00e1 zahrada (s p\u016fvodn\u00edmi rostlinami) a R\u016f\u017eov\u00e1 zahrada Mission Rose Garden, kter\u00e9 jsou klidn\u00fdmi zast\u00e1vkami. Na pob\u0159e\u017e\u00ed se nach\u00e1z\u00ed East Beach a West Beach, rozlehl\u00e9 p\u00edse\u010dn\u00e9 parky obl\u00edben\u00e9 pro volejbal a pikniky, a tak\u00e9 p\u0159\u00edstav Harbor (kter\u00fd nab\u00edz\u00ed klidn\u00e9 p\u0159\u00edstavy a restaurace s mo\u0159sk\u00fdmi plody). Kousek autem po pob\u0159e\u017e\u00ed se nach\u00e1z\u00ed zoologick\u00e1 zahrada Santa Barbara na \u00fatesu s v\u00fdhledem na oce\u00e1n (je to mal\u00e1 zoo, ale pro rodiny s d\u011btmi je vysoce hodnocen\u00e1). Pro venkovn\u00ed aktivity nab\u00edz\u00ed Muzeum um\u011bn\u00ed Santa Barbara a SOFO (ji\u017en\u011b od Figueroa) kulturn\u00ed prostory a turistick\u00e9 stezky v bl\u00edzk\u00fdch kopc\u00edch (nap\u0159. inspiration point) odhaluj\u00ed v\u00fdhledy na m\u011bsto a mo\u0159e.<\/p>\n<p>V\u00fdlety mimo m\u011bsto: Do \u200b\u200bN\u00e1rodn\u00edho parku Channel Islands se \u010dasto dostanete lod\u00ed ze Santa Barbary (j\u00edzda na kajaku a v\u00fdlety za pozorov\u00e1n\u00edm divok\u00e9 zv\u011b\u0159e na ostrovy Anacapa nebo Santa Cruz). Vina\u0159sk\u00e1 oblast (\u00fadol\u00ed Santa Ynez) je vzd\u00e1len\u00e1 jen kousek j\u00edzdy autem do vnitrozem\u00ed a l\u00e1k\u00e1 n\u00e1v\u0161t\u011bvn\u00edky sv\u00fdmi degusta\u010dn\u00edmi m\u00edstnostmi a slune\u010dnicov\u00fdmi poli. Celkov\u011b vzato, z\u00e1\u017eitky, kter\u00e9 mus\u00edte vid\u011bt, jsou kombinac\u00ed proch\u00e1zek ulicemi se \u0161pan\u011blskou architekturou, relaxace na tepl\u00fdch pl\u00e1\u017e\u00edch a ochutn\u00e1vky m\u00edstn\u00edho v\u00edna a j\u00eddla. Ti, kte\u0159\u00ed p\u0159ij\u00ed\u017ed\u011bj\u00ed s o\u010dek\u00e1v\u00e1n\u00edm klasick\u00e9ho kalifornsk\u00e9ho kouzla, zde najdou mnoho co pot\u011b\u0161it.<\/p>\n<p>Mal\u00e9 leti\u0161t\u011b SBA v Santa Barba\u0159e nab\u00edz\u00ed lety hlavn\u011b do uzl\u016f LAX\/SFO\/SLC. Mnoho lid\u00ed l\u00e9t\u00e1 do Los Angeles (LAX) nebo Santa Maria (SMX) a jede po d\u00e1lnici US 101 nebo malebn\u00e9 d\u00e1lnici Highway 1 do Santa Barbary (asi 1,5\u20132 hodiny z LAX). Vlak Pacific Surfliner Amtrak poskytuje pohodln\u00e9 vlakov\u00e9 spojen\u00ed pod\u00e9l pob\u0159e\u017e\u00ed ze San Diega p\u0159es Los Angeles a d\u00e1le do Santa Barbary a San Luis Obispo, se stanic\u00ed v centru Santa Barbary.<\/p>\n<p>M\u011bsto je pom\u011brn\u011b kompaktn\u00ed; centrum m\u011bsta a State Street jsou velmi snadno dostupn\u00e9 p\u011b\u0161ky. Hlavn\u00ed atrakce jsou v\u0161ak rozpt\u00fdleny. Ve\u0159ejn\u00e1 doprava (autobusy SBMTD) obsluhuje v\u011bt\u0161inu m\u011bstsk\u00fdch tras (nap\u0159\u00edklad bezplatn\u00e9 transfery na vlakov\u00e9 linky ji\u017en\u00edho pob\u0159e\u017e\u00ed). Mnoho n\u00e1v\u0161t\u011bvn\u00edk\u016f si pronaj\u00edm\u00e1 auto, aby se dostali na pl\u00e1\u017ee a do \u010dtvrt\u00ed mimo centrum m\u011bsta (parkov\u00e1n\u00ed v pl\u00e1\u017eov\u00fdch oblastech je obvykle zdarma). J\u00edzda na kole je obl\u00edben\u00e1 v rovinat\u00fdch oblastech pobl\u00ed\u017e n\u00e1b\u0159e\u017e\u00ed. Pro dosa\u017een\u00ed m\u00edst, jako je Mission nebo p\u0159\u00edstav, je nejjednodu\u0161\u0161\u00ed autem nebo m\u00edstn\u00edm autobusem. Neexistuje zde syst\u00e9m rychl\u00e9 dopravy; taxi a sd\u00edlen\u00e1 doprava funguj\u00ed, ale jsou m\u00e9n\u011b roz\u0161\u00ed\u0159en\u00e9 ne\u017e v Los Angeles.<\/p>\n<p>M\u011bna je USD; anglicky se mluv\u00ed v\u0161ude, i kdy\u017e \u010dasto usly\u0161\u00edte i \u0161pan\u011blsky (mnoho podnik\u016f vyv\u011b\u0161uje dvojjazy\u010dn\u00e9 menu a cedule). Spropitn\u00e9 (15 % a v\u00edce) je v restaurac\u00edch a kav\u00e1rn\u00e1ch standardn\u00ed. Santa Barbara je pova\u017eov\u00e1na za velmi bezpe\u010dnou \u2013 n\u00e1siln\u00e1 trestn\u00e1 \u010dinnost je v turistick\u00fdch oblastech vz\u00e1cn\u00e1 \u2013 ale plat\u00ed b\u011b\u017en\u00e1 opat\u0159en\u00ed (zamkn\u011bte si auto, hl\u00eddejte si v\u011bci na pl\u00e1\u017ei). Atmosf\u00e9ra m\u011bsta je le\u017e\u00e9rn\u011b elegantn\u00ed: d\u017e\u00edny nebo kra\u0165asy a p\u011bkn\u00fd top jsou naprosto v po\u0159\u00e1dku pro v\u011bt\u0161inu prost\u0159ed\u00ed. Opalovac\u00ed kr\u00e9m a klobouk se doporu\u010duj\u00ed po cel\u00fd rok (UV z\u00e1\u0159en\u00ed m\u016f\u017ee b\u00fdt siln\u00e9). Pokud \u0159\u00edd\u00edte, d\u00e1vejte pozor na obousm\u011brn\u00e9 cyklostezky a chodce. M\u00edstn\u00ed jsou zdvo\u0159il\u00ed a ochotn\u00ed; je b\u011b\u017en\u00e9, \u017ee ciz\u00ed lidi v\u00edtaj\u00ed p\u0159\u00e1telsk\u00fdm \u201eahoj\u201c nebo \u00fasm\u011bvem. Celkov\u011b je m\u011bsto velmi vst\u0159\u00edcn\u00e9 k n\u00e1v\u0161t\u011bvn\u00edk\u016fm a zna\u010den\u00ed ve m\u011bst\u011b je dobr\u00e9 (n\u00e1v\u0161t\u011bvnick\u00e9 centrum v centru m\u011bsta u mola je u\u017eite\u010dn\u00fdm zdrojem informac\u00ed).<a href=\"https:\/\/travelshelper.com\/cs\/destinace\/severni-amerika\/spojene-staty-americke\/berkeley-springs\/\" target=\"_self\" aria-labelledby=\"uael-post-8997\"><br \/>\n<\/a><\/p>","protected":false},"excerpt":{"rendered":"<p>Santa Barbara je kr\u00e1sn\u00e9 pob\u0159e\u017en\u00ed m\u011bsto, s\u00eddlo okresu Santa Barbara v Kalifornii. Krom\u011b Alja\u0161ky je to nejdel\u0161\u00ed takov\u00fd \u00fasek na z\u00e1padn\u00edm pob\u0159e\u017e\u00ed Spojen\u00fdch st\u00e1t\u016f, zasazen\u00fd do unik\u00e1tn\u00ed \u010d\u00e1sti pob\u0159e\u017e\u00ed orientovan\u00e9 na jih. Poho\u0159\u00ed Santa Ynez, kter\u00e9 se prudce zved\u00e1 na sever, a Tich\u00fd oce\u00e1n, kter\u00fd se t\u00e1hne na jih, vytv\u00e1\u0159ej\u00ed \u00fa\u017easnou p\u0159\u00edrodn\u00ed kulisu, kter\u00e1 m\u011bstu vynesla p\u0159ezd\u00edvku \u201eAmerick\u00e1 rivi\u00e9ra\u201c d\u00edky jeho st\u0159edomo\u0159sk\u00e9mu klimatu.<\/p>","protected":false},"author":1,"featured_media":3858,"parent":8072,"menu_order":0,"comment_status":"closed","ping_status":"closed","template":"elementor_theme","meta":{"_eb_attr":"","footnotes":""},"class_list":["post-8389","page","type-page","status-publish","has-post-thumbnail"],"_links":{"self":[{"href":"https:\/\/travelshelper.com\/cs\/wp-json\/wp\/v2\/pages\/8389","targetHints":{"allow":["GET"]}}],"collection":[{"href":"https:\/\/travelshelper.com\/cs\/wp-json\/wp\/v2\/pages"}],"about":[{"href":"https:\/\/travelshelper.com\/cs\/wp-json\/wp\/v2\/types\/page"}],"author":[{"embeddable":true,"href":"https:\/\/travelshelper.com\/cs\/wp-json\/wp\/v2\/users\/1"}],"replies":[{"embeddable":true,"href":"https:\/\/travelshelper.com\/cs\/wp-json\/wp\/v2\/comments?post=8389"}],"version-history":[{"count":0,"href":"https:\/\/travelshelper.com\/cs\/wp-json\/wp\/v2\/pages\/8389\/revisions"}],"up":[{"embeddable":true,"href":"https:\/\/travelshelper.com\/cs\/wp-json\/wp\/v2\/pages\/8072"}],"wp:featuredmedia":[{"embeddable":true,"href":"https:\/\/travelshelper.com\/cs\/wp-json\/wp\/v2\/media\/3858"}],"wp:attachment":[{"href":"https:\/\/travelshelper.com\/cs\/wp-json\/wp\/v2\/media?parent=8389"}],"curies":[{"name":"wp","href":"https:\/\/api.w.org\/{rel}","templated":true}]}}