{"id":8365,"date":"2024-09-03T18:18:47","date_gmt":"2024-09-03T18:18:47","guid":{"rendered":"https:\/\/travelshelper.com\/staging\/?page_id=8365"},"modified":"2026-03-13T18:51:01","modified_gmt":"2026-03-13T18:51:01","slug":"san-antonio","status":"publish","type":"page","link":"https:\/\/travelshelper.com\/cs\/destinations\/north-america\/united-states\/san-antonio\/","title":{"rendered":"San Antonio"},"content":{"rendered":"<p>San Antonio v Texasu se rozkl\u00e1d\u00e1 nap\u0159\u00ed\u010d jiho-centr\u00e1ln\u00edm Texasem, kde se zvln\u011bn\u00e1 pr\u00e9rie setk\u00e1v\u00e1 s k\u0159ovinatou krajinou ji\u017en\u00edho Texasu. Dominantou m\u011bstsk\u00e9 krajiny jsou historick\u00e9 pevnosti a misie a n\u00e1padn\u011b modern\u00ed v\u011b\u017e Tower of the Americas, kter\u00e1 se ty\u010d\u00ed do panoramatu m\u011bsta. Jeho srdcem prot\u00edn\u00e1 bujn\u00e1 promen\u00e1da San Antonio River Walk, zapu\u0161t\u011bn\u00e1 kamenn\u00e1 vodn\u00ed cesta lemovan\u00e1 terasami, restauracemi a obchody (podneb\u00ed je zde vlhk\u00e9 subtropick\u00e9, v l\u00e9t\u011b hork\u00e9, v zim\u011b m\u00edrn\u00e9). Atmosf\u00e9ra San Antonia je osobit\u00e1: f\u00faze hlubok\u00e9ho \u0161pan\u011blsko-mexick\u00e9ho d\u011bdictv\u00ed a sou\u010dasn\u00e9 texask\u00e9 dynamiky. P\u0159evl\u00e1daj\u00edc\u00ed architektura \u2013 od vy\u0159ez\u00e1van\u00e9 kamenn\u00e9 fas\u00e1dy Alama a\u017e po pastelov\u00e9 \u0161tukov\u00e9 domy \u2013 odr\u00e1\u017e\u00ed historii, kter\u00e1 sah\u00e1 od \u0160pan\u011blska 18. stolet\u00ed a\u017e po pulzuj\u00edc\u00ed, multikulturn\u00ed sou\u010dasnost.<\/p>\n<p>San Antonio je jedno z nejv\u011bt\u0161\u00edch m\u011bst v USA. Jeho populace v roce 2020 \u010dinila 1 434 625 obyvatel (p\u0159es 1,6 milionu v \u0161ir\u0161\u00ed metropolitn\u00ed oblasti). Do roku 2023 se p\u0159ibl\u00ed\u017eila 1,46 milionu a nad\u00e1le stabiln\u011b roste. Obyvatelstvo San Antonia je zn\u00e1m\u00e9 svou v\u011bt\u0161inou hisp\u00e1nsk\u00e9ho p\u016fvodu: p\u0159ibli\u017en\u011b 64 % obyvatel jsou hisp\u00e1nsk\u00e9ho nebo latinskoamerick\u00e9ho p\u016fvodu, p\u0159ev\u00e1\u017en\u011b mexick\u00e9ho p\u016fvodu, a zhruba 23 % tvo\u0159\u00ed b\u011blo\u0161i nehisp\u00e1nsk\u00e9ho p\u016fvodu. \u017dije zde tak\u00e9 v\u00fdznamn\u00e1 afroamerick\u00e1 komunita (kolem 6 %). Medi\u00e1n p\u0159\u00edjmu ve m\u011bst\u011b je ni\u017e\u0161\u00ed ne\u017e celost\u00e1tn\u00ed pr\u016fm\u011br, co\u017e odr\u00e1\u017e\u00ed jeho velkou z\u00e1kladnu d\u011blnick\u00e9 t\u0159\u00eddy, a\u010dkoli ekonomika prosperuje.<\/p>\n<p>Ekonomicky je San Antonio diverzifikovan\u00e9 m\u011bsto. Historicky vojensk\u00e1 z\u00e1kladna (s n\u011bkolika z\u00e1kladnami slou\u010den\u00fdmi do spole\u010dn\u00e9 z\u00e1kladny San Antonio) m\u00e1 st\u00e1le jednu z nejv\u011bt\u0161\u00edch vojensk\u00fdch p\u0159\u00edtomnost\u00ed v zemi. Mezi dal\u0161\u00ed kl\u00ed\u010dov\u00e1 odv\u011btv\u00ed pat\u0159\u00ed zdravotnictv\u00ed (obrovsk\u00e9 South Texas Medical Center), cestovn\u00ed ruch (Fort Sam Houston a Alamo p\u0159itahuj\u00ed miliony lid\u00ed), finan\u010dn\u00ed slu\u017eby (s\u00eddlo USAA pro vojensk\u00e9 poji\u0161t\u011bn\u00ed) a rafinace ropy (zde s\u00eddl\u00ed spole\u010dnost Valero Energy). V roce 2018 \u010dinil HDP m\u011bsta p\u0159ibli\u017en\u011b 121 miliard dolar\u016f a byl zam\u011b\u0159en na arm\u00e1du, zdravotnictv\u00ed, vl\u00e1dn\u00ed a obchodn\u00ed slu\u017eby. M\u011bsto tak\u00e9 p\u0159itahuje kongresy v kongresov\u00e9m centru Henryho B. Gonz\u00e1leze. V roce 2017 cestovn\u00ed ruch podpo\u0159il p\u0159es 130 000 pracovn\u00edch m\u00edst a do m\u00edstn\u00ed ekonomiky napumpoval 13,6 miliard dolar\u016f. San Antonio je domovem dvou spole\u010dnost\u00ed z \u017eeb\u0159\u00ed\u010dku Fortune 500 \u2013 Valero Energy (ropa) a USAA (poji\u0161t\u011bn\u00ed) \u2013 a \u0159ady region\u00e1ln\u00edch centr\u00e1l.<\/p>\n<p>San Antonio le\u017e\u00ed v ji\u017en\u00edm Texasu, zhruba 120 kilometr\u016f od Mexick\u00e9ho z\u00e1livu do vnitrozem\u00ed. Le\u017e\u00ed v nadmo\u0159sk\u00e9 v\u00fd\u0161ce asi 200 metr\u016f na sr\u00e1zu Balcones, kde zvln\u011bn\u00e9 pl\u00e1n\u011b p\u0159ech\u00e1zej\u00ed do pob\u0159e\u017en\u00edch kopc\u016f. Podneb\u00ed je vlhk\u00e9 subtropick\u00e9: l\u00e9ta jsou velmi hork\u00e1 a vlhk\u00e1 (\u010dasto nad 38 \u00b0C), zat\u00edmco zimy jsou m\u00edrn\u00e9 a kr\u00e1tk\u00e9. Le\u017e\u00ed na jihotexask\u00fdch pl\u00e1n\u00edch, tak\u017ee ter\u00e9n v okol\u00ed je obecn\u011b rovinat\u00fd a\u017e m\u00edrn\u011b zvln\u011bn\u00fd, s \u0159\u00eddk\u00fdmi stromy a k\u0159ovinami. P\u011bt \u0161pan\u011blsk\u00fdch koloni\u00e1ln\u00edch mis\u00ed m\u011bsta (v\u010detn\u011b Alama) le\u017e\u00ed pod\u00e9l \u0159eky San Antonio a je zaps\u00e1no na seznamu sv\u011btov\u00e9ho d\u011bdictv\u00ed UNESCO. (B\u0159ehy \u0159eky a mise pom\u00e1haj\u00ed rozb\u00edjet rovinatost a vytv\u00e1\u0159ej\u00ed ve m\u011bst\u011b zelen\u00e9 z\u00f3ny.)<\/p>\n<p>Historie San Antonia za\u010d\u00edn\u00e1 \u0161pan\u011blskou koloni\u00e1ln\u00ed \u00e9rou. V roce 1718 zalo\u017eil otec Antonio de Olivares prvn\u00ed misii a m\u00edsto pojmenoval San Antonio de Valero (pozd\u011bji Alamo). Ve stejn\u00e9m roce \u0160pan\u011blsko zalo\u017eilo nedalekou pevnost Presidio San Antonio de B\u00e9xar a osadn\u00edci kolem n\u00ed zalo\u017eili vilu. D\u00edky tomu se San Antonio stalo prvn\u00ed statut\u00e1rn\u00ed civiln\u00ed osadou na \u00fazem\u00ed dne\u0161n\u00edho Texasu. B\u011bhem 18. stolet\u00ed byly pod\u00e9l \u0159eky postaveny dal\u0161\u00ed misie. V roce 1821 z\u00edskal Texas nez\u00e1vislost na \u0160pan\u011blsku jako sou\u010d\u00e1st Mexika a San Antonio z\u016fstalo d\u016fle\u017eit\u00fdm centrem.<\/p>\n<p>Kl\u00ed\u010dov\u00fdm momentem byla bitva u Alama v roce 1836 b\u011bhem Texask\u00e9 revoluce: 180 texask\u00fdch obr\u00e1nc\u016f bylo obl\u00e9h\u00e1no mexickou arm\u00e1dou Santa Anny a a\u010dkoli byli nakonec pora\u017eeni s t\u011b\u017ek\u00fdmi texask\u00fdmi ztr\u00e1tami, bitevn\u00ed pok\u0159ik \u201ePamatujte na Alamo\u201c podn\u00edtil nez\u00e1vislost Texasu. (Mise Alamo se stala svatyn\u00ed texask\u00e9 identity.) V 19. a na po\u010d\u00e1tku 20. stolet\u00ed se San Antonio rozrostlo jako centrum chovu dobytka a zem\u011bd\u011blstv\u00ed a pozd\u011bji se zde rozvinula pr\u016fmyslov\u00e1 odv\u011btv\u00ed, jako je pivovar Pearl Brewery, a vojensk\u00e1 za\u0159\u00edzen\u00ed. Po druh\u00e9 sv\u011btov\u00e9 v\u00e1lce slou\u010den\u00ed do spole\u010dn\u00e9 z\u00e1kladny San Antonio je\u0161t\u011b v\u00edce pos\u00edlilo v\u00fdznam vojensk\u00e9 ekonomiky. V posledn\u00edch desetilet\u00edch m\u011bsto zaznamenalo rychl\u00fd r\u016fst a diverzifikaci a z\u00e1rove\u0148 si osvojilo sv\u00e9 multietnick\u00e9 d\u011bdictv\u00ed prost\u0159ednictv\u00edm festival\u016f a kulturn\u00edch instituc\u00ed.<\/p>\n<p>Kultura San Antonia je bohat\u011b ovlivn\u011bna hisp\u00e1nskou komunitou a m\u011bsto je hrd\u00e9 na sv\u00e9 ko\u0159eny. \u0160pan\u011blsk\u00e9 a mexick\u00e9 tradice prostupuj\u00ed ka\u017edodenn\u00edm \u017eivotem: m\u011bsto se top\u00ed v barv\u00e1ch, slavnostech a j\u00eddle. Dominantn\u00edm jazykem je angli\u010dtina, ale \u0161pan\u011bl\u0161tina je \u0161iroce roz\u0161\u00ed\u0159en\u00e1 (\u010dtvrti, firmy a cedule jsou \u010dasto dvojjazy\u010dn\u00e9). Ka\u017edodenn\u00ed \u017eivot m\u00e1 atmosf\u00e9ru fiesty: b\u011b\u017en\u00e1 je hudba mariachi a conjunto a texasko-mexick\u00e1 kuchyn\u011b (tacos, enchiladas, hov\u011bz\u00ed hrud\u00ed) je v\u0161udyp\u0159\u00edtomn\u00e1. Jednou z nejv\u011bt\u0161\u00edch akc\u00ed m\u011bsta je Fiesta San Antonio, celom\u011bstsk\u00e1 oslava kultury a historie ka\u017ed\u00e9 jaro (je to charakteristick\u00e1 ud\u00e1lost m\u011bsta). Mnoho m\u00edstn\u00edch obyvatel se obl\u00e9k\u00e1 do kovbojsk\u00fdch klobouk\u016f, u\u017e\u00edv\u00e1 si rodinn\u00e9 grilov\u00e1n\u00ed a \u00fa\u010dastn\u00ed se rodea a hudebn\u00edch show Tejano.<\/p>\n<p>Co se t\u00fd\u010de stylu, obyvatel\u00e9 San Antonia jsou p\u0159\u00e1tel\u0161t\u00ed a pohodov\u00ed. V mnoha \u010dtvrt\u00edch (Alamo Heights, Southtown, King William atd.) panuje siln\u00fd smysl pro komunitu. \u00dast\u0159edn\u00edmi body z\u00e1jmu jsou kostely (katolick\u00e9 i protestantsk\u00e9) a komunitn\u00ed centra. Kv\u016fli horku se zde \u017eivot \u010dasto to\u010d\u00ed kolem ve\u010dern\u00edch aktivit nebo klimatizovan\u00fdch prostor; obl\u00edben\u00e9 jsou ve\u010dern\u00ed venkovn\u00ed kav\u00e1rny. Samotn\u00e1 promen\u00e1da River Walk je jako \u201em\u011bstsk\u00e1 o\u00e1za\u201c, kde se lid\u00e9 sch\u00e1zej\u00ed na ve\u010de\u0159i a proch\u00e1zky. Celkov\u011b m\u011bsto m\u00eds\u00ed sv\u00e9 tejansk\u00e9 d\u011bdictv\u00ed s modern\u00ed texaskou energi\u00ed. Jak zd\u016fraz\u0148uje jedna kulturn\u00ed pozn\u00e1mka, San Antonio je jedn\u00edm z pouh\u00fdch 26 kreativn\u00edch m\u011bst gastronomie UNESCO (ud\u011bleno v roce 2017) \u2013 co\u017e je odkaz na jeho kulin\u00e1\u0159skou prominentnost.<\/p>\n<p><strong>Nejlep\u0161\u00ed atrakce:<\/strong><\/p>\n<ul>\n<li><strong>Alamo (misie v San Antoniu)<\/strong> \u2013 Mise San Antonio de Valero (\u201eAlamo\u201c) je nejzn\u00e1m\u011bj\u0161\u00ed pam\u00e1tkou Texasu. Chr\u00e1n\u011bna je od 18. stolet\u00ed a ro\u010dn\u011b ji nav\u0161t\u00edv\u00ed p\u0159es 2 miliony lid\u00ed. Je hlavn\u00edm turistick\u00fdm l\u00e1kadlem. Nedaleko se pod\u00e9l Mission Trail nach\u00e1zej\u00ed \u010dty\u0159i dal\u0161\u00ed \u0161pan\u011blsk\u00e9 misie (Mission Concepci\u00f3n, San Jos\u00e9, San Juan a Espada); t\u011bchto p\u011bt misi\u00ed (v\u010detn\u011b Alama) dohromady tvo\u0159\u00ed <strong>N\u00e1rodn\u00ed historick\u00fd park San Antonio Missions<\/strong>, pam\u00e1tka UNESCO. P\u011b\u0161\u00ed prohl\u00eddky zde \u017eiv\u011b p\u0159ibli\u017euj\u00ed koloni\u00e1ln\u00ed historii.<\/li>\n<li><strong>Proch\u00e1zka po \u0159ece San Antonio<\/strong> \u2013 Krajin\u00e1\u0159sk\u00e1 vodn\u00ed cesta s chodn\u00edky a kamenn\u00fdmi mosty pod\u00e9l \u0159eky San Antonio proch\u00e1zej\u00edc\u00ed centrem m\u011bsta. Lemovan\u00e1 kav\u00e1rnami, restauracemi, obchody a hotely nab\u00edz\u00ed malebn\u00fd kontrast k texask\u00e9mu horku. V\u00fdlet lod\u00ed po promen\u00e1d\u011b River Walk je obl\u00edben\u00fdm z\u00e1\u017eitkem. River Walk je \u010dasto popisov\u00e1n jako du\u0161e m\u011bsta, kde lze snadno str\u00e1vit odpoledne ve\u010de\u0159\u00ed a proch\u00e1zkou pod\u00e9l klidn\u00e9 \u0159eky.<\/li>\n<li><strong>V\u011b\u017e Ameriky<\/strong> \u2013 227 metr\u016f vysok\u00e1 vyhl\u00eddkov\u00e1 v\u011b\u017e postaven\u00e1 pro Sv\u011btovou v\u00fdstavu v roce 1968 s panoramatick\u00fdm v\u00fdhledem na San Antonio z vyhl\u00eddkov\u00e9 plo\u0161iny a oto\u010dnou restaurac\u00ed na vrcholu. Stoj\u00ed prominentn\u011b v parku Hemisfair v centru m\u011bsta.<\/li>\n<li><strong>SeaWorld San Antonio a Six Flags Fiesta Texas<\/strong> \u2013 Z\u00e1bavn\u00ed parky pro rodiny s d\u011btmi. SeaWorld (v z\u00e1padn\u00edm San Antoniu) nab\u00edz\u00ed p\u0159edstaven\u00ed mo\u0159sk\u00fdch savc\u016f a akv\u00e1ria. Six Flags Fiesta Texas (v severoz\u00e1padn\u00edm San Antoniu) nab\u00edz\u00ed horsk\u00e9 dr\u00e1hy a pouli\u010dn\u00ed atrakce. Ob\u011b pat\u0159\u00ed k nejv\u011bt\u0161\u00edm atrakc\u00edm v regionu pro d\u011bti i milovn\u00edky vzru\u0161en\u00ed.<\/li>\n<li><strong>Tr\u017en\u00ed n\u00e1m\u011bst\u00ed (Tr\u017ei\u0161t\u011b)<\/strong> \u2013 Historick\u00e9 n\u00e1m\u011bst\u00ed Market Square v ji\u017en\u00edm centru m\u011bsta je nejv\u011bt\u0161\u00edm mexick\u00fdm trhem ve Spojen\u00fdch st\u00e1tech. Je otev\u0159eno denn\u011b a je to barevn\u00e9 n\u00e1m\u011bst\u00ed s \u0159emesln\u00fdmi st\u00e1nky a restauracemi. Prodejci prod\u00e1vaj\u00ed pi\u00f1aty, sombrera, mexick\u00e9 sladkosti a ru\u010dn\u011b vyr\u00e1b\u011bn\u00e9 \u0159emesln\u00e9 v\u00fdrobky \u2013 co\u017e odr\u00e1\u017e\u00ed silnou hisp\u00e1nskou kulturu San Antonia.<\/li>\n<li><strong>N\u00e1rodn\u00ed historick\u00fd park San Antonio Missions<\/strong> (viz Alamo v\u00fd\u0161e) \u2013 Krom\u011b misie v centru m\u011bsta se v parku nach\u00e1zej\u00ed i Missions Concepci\u00f3n, San Jos\u00e9, San Juan a Espada. Ty jsou kr\u00e1sn\u011b zachoval\u00e9, zejm\u00e9na Mission Concepci\u00f3n (s p\u016fvodn\u00edmi freskami). Jsou klidn\u011bj\u0161\u00ed ne\u017e Alamo, ale historicky stejn\u011b v\u00fdznamn\u00e9.<\/li>\n<li><strong>Dal\u0161\u00ed d\u016fle\u017eit\u00e9 informace:<\/strong> Zoologick\u00e1 zahrada v San Antoniu v parku Brackenridge, muzeum Witte (v\u011bda, historie, kultura) a historick\u00fd park Brackenridge (domov japonsk\u00fdch \u010dajov\u00fdch zahrad). Historick\u00fd pal\u00e1c \u0161pan\u011blsk\u00e9ho guvern\u00e9ra v centru m\u011bsta je jednou z nejstar\u0161\u00edch budov v Texasu. Za zm\u00ednku stoj\u00ed tak\u00e9 akce River Parade a FIESTA, pokud se va\u0161e n\u00e1v\u0161t\u011bva shoduje s t\u011bmito ro\u010dn\u00edmi obdob\u00edmi.<\/li>\n<\/ul>\n<p><strong>Praktick\u00fd sn\u00edmek:<\/strong><\/p>\n<ul>\n<li><strong>Jak se tam dostat:<\/strong> Mezin\u00e1rodn\u00ed leti\u0161t\u011b San Antonio (SAT) obsluhuje m\u011bsto a odtud l\u00e9taj\u00ed lety z cel\u00fdch Spojen\u00fdch st\u00e1t\u016f. Le\u017e\u00ed severn\u011b od centra m\u011bsta (asi 16 km). Kolem San Antonia se sb\u00edhaj\u00ed mezist\u00e1tn\u00ed d\u00e1lnice I-35, I-10 a I-37, tak\u017ee je snadno dostupn\u00e9 autem ze v\u0161ech sm\u011br\u016f (Dallas\/Houston p\u0159es I-35, Austin p\u0159es I-35 North atd.). Do centra m\u011bsta jezd\u00ed tak\u00e9 autobusy Greyhound a Amtrak (Sunset Limited). Centrum m\u011bsta je vzd\u00e1len\u00e9 n\u011bkolik hodin j\u00edzdy ji\u017en\u011b od Austinu a jihoz\u00e1padn\u011b od Houstonu.<\/li>\n<li><strong>Doprava:<\/strong> M\u00edstn\u00ed dopravn\u00ed syst\u00e9m v San Antoniu provozuje spole\u010dnost VIA Metropolitan Transit (autobusy a nov\u011bj\u0161\u00ed expresn\u00ed autobusov\u00fd syst\u00e9m). M\u011bsto je velk\u00e9, tak\u017ee v\u011bt\u0161ina n\u00e1v\u0161t\u011bvn\u00edk\u016f se spol\u00e9h\u00e1 na auta nebo sd\u00edlenou dopravu. Centrum m\u011bsta a oblast Alamo jsou kompaktn\u00ed a snadno se do nich dostanete p\u011b\u0161ky. Tax\u00edky, Uber\/Lyft a hotelov\u00e9 kyvadlov\u00e9 autobusy jsou snadno dostupn\u00e9. (Pozn\u00e1mka: San Antonio zat\u00edm nem\u00e1 syst\u00e9m p\u0159\u00edm\u011bstsk\u00e9 \u017eeleznice ani lehk\u00e9 \u017eeleznice, i kdy\u017e se jeden pl\u00e1nuje.)<\/li>\n<li><strong>Z\u00e1kladn\u00ed tipy:<\/strong> M\u00edstn\u00ed m\u011bnou jsou americk\u00e9 dolary. Anglicky se mluv\u00ed v\u0161ude, ale vysta\u010d\u00edte si i \u0161pan\u011blsky (cedule a j\u00eddeln\u00ed l\u00edstky jsou obvykle dvojjazy\u010dn\u00e9). Texask\u00e1 etiketa: stejn\u011b jako na \u0161ir\u0161\u00edm Jihu jsou lid\u00e9 zdvo\u0159il\u00ed a \u0159\u00edkaj\u00ed \u201epan\u00ed\u201c a \u201epane\u201c. V restaurac\u00edch se o\u010dek\u00e1v\u00e1 spropitn\u00e9 (15\u201320 %). Vzhledem k horku dodr\u017eujte pitn\u00fd re\u017eim a v l\u00e9t\u011b pou\u017e\u00edvejte opalovac\u00ed kr\u00e9m. San Antonio je v turistick\u00fdch oblastech obecn\u011b bezpe\u010dn\u00e9, ale jako v\u017edy si d\u00e1vejte pozor na kaps\u00e1\u0159e v p\u0159epln\u011bn\u00fdch m\u00edstech. Mnoho m\u00edstn\u00edch obyvatel a majitel\u016f obchod\u016f je p\u0159\u00e1telsk\u00fdch \u2013 kr\u00e1tk\u00fd \u0161pan\u011blsk\u00fd pozdrav (\u201eBuenos d\u00edas\u201c) je v\u017edy v\u00edt\u00e1n.<a href=\"https:\/\/travelshelper.com\/cs\/destinace\/severni-amerika\/spojene-staty-americke\/berkeley-springs\/\" target=\"_self\" aria-labelledby=\"uael-post-8997\"><br \/>\n<\/a><\/li>\n<\/ul>","protected":false},"excerpt":{"rendered":"<p>San Antonio, d\u0159\u00edve zn\u00e1m\u00e9 jako M\u011bsto San Antonio, je dynamick\u00e9 a historicky v\u00fdznamn\u00e9 m\u011bsto nach\u00e1zej\u00edc\u00ed se ve st\u00e1t\u011b Texas. S populac\u00ed 2,6 milionu podle s\u010d\u00edt\u00e1n\u00ed lidu USA z roku 2020 se toto nejlidnat\u011bj\u0161\u00ed m\u011bsto v oblasti Velk\u00e9ho San Antonia \u0159ad\u00ed mezi t\u0159et\u00ed nejv\u011bt\u0161\u00ed metropolitn\u00ed oblasti v Texasu a 24. nejv\u011bt\u0161\u00ed v zemi. Po Houstonu je druh\u00fdm nejlidnat\u011bj\u0161\u00edm m\u011bstem v Texasu, je s\u00eddlem okresu Bexar a \u0159ad\u00ed se na sedm\u00e9 m\u00edsto mezi v\u0161emi m\u011bsty ve Spojen\u00fdch st\u00e1tech a na druh\u00e9 m\u00edsto v ji\u017en\u00edch Spojen\u00fdch st\u00e1tech.<\/p>","protected":false},"author":1,"featured_media":4038,"parent":8072,"menu_order":0,"comment_status":"closed","ping_status":"closed","template":"elementor_theme","meta":{"_eb_attr":"","footnotes":""},"class_list":["post-8365","page","type-page","status-publish","has-post-thumbnail"],"_links":{"self":[{"href":"https:\/\/travelshelper.com\/cs\/wp-json\/wp\/v2\/pages\/8365","targetHints":{"allow":["GET"]}}],"collection":[{"href":"https:\/\/travelshelper.com\/cs\/wp-json\/wp\/v2\/pages"}],"about":[{"href":"https:\/\/travelshelper.com\/cs\/wp-json\/wp\/v2\/types\/page"}],"author":[{"embeddable":true,"href":"https:\/\/travelshelper.com\/cs\/wp-json\/wp\/v2\/users\/1"}],"replies":[{"embeddable":true,"href":"https:\/\/travelshelper.com\/cs\/wp-json\/wp\/v2\/comments?post=8365"}],"version-history":[{"count":0,"href":"https:\/\/travelshelper.com\/cs\/wp-json\/wp\/v2\/pages\/8365\/revisions"}],"up":[{"embeddable":true,"href":"https:\/\/travelshelper.com\/cs\/wp-json\/wp\/v2\/pages\/8072"}],"wp:featuredmedia":[{"embeddable":true,"href":"https:\/\/travelshelper.com\/cs\/wp-json\/wp\/v2\/media\/4038"}],"wp:attachment":[{"href":"https:\/\/travelshelper.com\/cs\/wp-json\/wp\/v2\/media?parent=8365"}],"curies":[{"name":"wp","href":"https:\/\/api.w.org\/{rel}","templated":true}]}}