{"id":8356,"date":"2024-09-03T18:11:00","date_gmt":"2024-09-03T18:11:00","guid":{"rendered":"https:\/\/travelshelper.com\/staging\/?page_id=8356"},"modified":"2026-03-13T18:15:46","modified_gmt":"2026-03-13T18:15:46","slug":"seattle","status":"publish","type":"page","link":"https:\/\/travelshelper.com\/cs\/destinations\/north-america\/united-states\/seattle\/","title":{"rendered":"Seattle"},"content":{"rendered":"<p>Seattle ve st\u00e1t\u011b Washington je nejv\u011bt\u0161\u00edm m\u011bstem v severoz\u00e1padn\u00edm Pacifiku. V roce 2024 \u017eilo v n\u011bm p\u0159ibli\u017en\u011b 780 000 obyvatel a \u0161ir\u0161\u00ed metropolitn\u00ed oblast Seattlu m\u00e1 celkem zhruba 4,02 milionu obyvatel (15. nejv\u011bt\u0161\u00ed v USA). M\u011bsto rychle roste (n\u00e1r\u016fst o v\u00edce ne\u017e 20 % v letech 2010\u20132020). Seattle je pest\u0159ej\u0161\u00ed ne\u017e mnoho americk\u00fdch m\u011bst: zhruba 60 % obyvatel tvo\u0159\u00ed b\u011blo\u0161i nehisp\u00e1nsk\u00e9ho p\u016fvodu, asi 17 % Asiat\u00e9 a existuje zde zna\u010dn\u00e1 \u010d\u00e1st \u010derno\u0161sk\u00fdch, hisp\u00e1nsk\u00fdch a multirasov\u00fdch komunit. Dom\u00e1cnosti prosperuj\u00ed: medi\u00e1n p\u0159\u00edjmu je v\u00fdrazn\u011b nad celost\u00e1tn\u00edm pr\u016fm\u011brem (kolem 122 000 USD), co\u017e odr\u00e1\u017e\u00ed silnou ekonomiku Seattlu. HDP regionu je ve skute\u010dnosti zhruba 518 miliard USD (2022) a je podpo\u0159en velk\u00fdmi korporacemi. V Seattlu m\u00e1 s\u00eddlo sedm spole\u010dnost\u00ed z \u017eeb\u0159\u00ed\u010dku Fortune 500 \u2013 zejm\u00e9na Amazon, Starbucks, Nordstrom, Expedia a Zillow \u2013 a v bl\u00edzk\u00fdch p\u0159edm\u011bst\u00edch s\u00eddl\u00ed dal\u0161\u00ed, jako jsou Microsoft a Boeing. Zejm\u00e9na Amazon a Boeing definovaly modern\u00ed ekonomiku Seattlu, zat\u00edmco p\u0159\u00edstav Seattle z\u016fst\u00e1v\u00e1 jedn\u00edm z nejru\u0161n\u011bj\u0161\u00edch tichomo\u0159sk\u00fdch p\u0159\u00edstav\u016f v Severn\u00ed Americe.<\/p>\n<p>Obyvatel\u00e9 Seattlu se t\u011b\u0161\u00ed jedn\u011bm z nejvy\u0161\u0161\u00edch \u017eivotn\u00edch n\u00e1klad\u016f v zemi (ceny bydlen\u00ed se \u0159ad\u00ed mezi nejv\u00fdznamn\u011bj\u0161\u00ed m\u011bsta v USA), ale tak\u00e9 jedn\u011bm z nejvy\u0161\u0161\u00edch pr\u016fm\u011brn\u00fdch p\u0159\u00edjm\u016f. Vzd\u011blan\u00e1 pracovn\u00ed s\u00edla a glob\u00e1ln\u00ed spole\u010dnosti (Amazon je druh\u00fdm nejv\u011bt\u0161\u00edm maloobchodn\u00edm prodejcem na sv\u011bt\u011b) pom\u00e1haj\u00ed udr\u017eovat dynamickou ekonomiku. Tato prosperita se prom\u00edt\u00e1 do bohat\u00e9 ob\u010dansk\u00e9 vybavenosti a ve\u0159ejn\u00fdch slu\u017eeb. Demografick\u00e9 slo\u017een\u00ed Seattlu se vyzna\u010duje pom\u011brn\u011b mlad\u00fdmi (pr\u016fm\u011brn\u00fd v\u011bk kolem 35 let) a dob\u0159e vzd\u011blan\u00fdmi obyvateli. M\u011bsto je zn\u00e1m\u00e9 velkou populac\u00ed technologick\u00fdch profesion\u00e1l\u016f a inov\u00e1tor\u016f \u2013 je rodi\u0161t\u011bm nebo centrem r\u016fstu spole\u010dnost\u00ed jako Microsoft, Amazon a mnoha startup\u016f. Stru\u010dn\u011b \u0159e\u010deno, Seattle je velk\u00e9, etnicky rozmanit\u00e9 m\u011bsto s prosperuj\u00edc\u00ed ekonomikou v oblasti high-tech a leteck\u00e9ho pr\u016fmyslu a vysok\u00fdmi pr\u016fm\u011brn\u00fdmi p\u0159\u00edjmy, obklopen\u00e9 bohatstv\u00edm p\u0159\u00edrodn\u00edch kr\u00e1s.<\/p>\n<p>Seattle le\u017e\u00ed na severoamerick\u00e9m kontinentu pod\u00e9l z\u00e1padn\u00edho pob\u0159e\u017e\u00ed Tich\u00e9ho oce\u00e1nu Spojen\u00fdch st\u00e1t\u016f. Nach\u00e1z\u00ed se v dalek\u00e9m severoz\u00e1padn\u00edm st\u00e1t\u011b Washington, na \u0161\u00edji mezi Puget Sound a Washingtonsk\u00fdm jezerem. Z geografick\u00e9ho hlediska se j\u00e1dro m\u011bsta rozkl\u00e1d\u00e1 nad Elliottovou z\u00e1tokou, z\u00e1livem Puget Sound. Okoln\u00ed ter\u00e9n je dramatick\u00fd: bezprost\u0159edn\u011b na z\u00e1pad\u011b se nach\u00e1zej\u00ed strm\u00e9 kopce a st\u00e1lezelen\u00e9 lesy Olympijsk\u00e9ho poloostrova a na v\u00fdchod\u011b se ty\u010d\u00ed vrcholky Kask\u00e1dov\u00e9ho poho\u0159\u00ed (hora Rainier se ty\u010d\u00ed p\u0159es 14 000 stop asi 60 mil jihov\u00fdchodn\u011b). Pod\u00e9l n\u00e1b\u0159e\u017e\u00ed se shlukuj\u00ed mrakodrapy v centru m\u011bsta, ale z mnoha m\u011bstsk\u00fdch vyhl\u00eddek je vid\u011bt voda a hory r\u00e1muj\u00edc\u00ed panorama m\u011bsta. Podneb\u00ed Seattlu je zn\u00e1m\u00e9 sv\u00fdm m\u00edrn\u00fdm p\u0159\u00edmo\u0159sk\u00fdm podneb\u00edm: zimy jsou chladn\u00e9, dlouh\u00e9 a vlhk\u00e9, zat\u00edmco l\u00e9ta jsou tepl\u00e1 a v\u011bt\u0161inou such\u00e1. Z\u0159\u00eddka se zde objev\u00ed extr\u00e9mn\u00ed zima nebo horko. V praxi to znamen\u00e1 vlhk\u00e9, \u0161ed\u00e9 zimy s mrholen\u00edm (zhruba 150 dn\u00ed s m\u011b\u0159iteln\u00fdmi sr\u00e1\u017ekami v roce) a kr\u00e1tk\u00e9 slune\u010dn\u00e9 dny, zat\u00edmco l\u00e9ta (\u010dervenec\u2013z\u00e1\u0159\u00ed) jsou obvykle slune\u010dn\u00e1 s teplotami \u010dasto kolem 22\u201329 \u00b0C. Ve m\u011bst\u011b sn\u011b\u017e\u00ed jen ob\u010das, ale v bl\u00edzk\u00fdch hor\u00e1ch sn\u011b\u017e\u00ed hust\u011b (\u010dasto stovky centimetr\u016f za sez\u00f3nu), co\u017e umo\u017e\u0148uje celoro\u010dn\u00ed rekreaci v p\u0159\u00edrod\u011b. Celkov\u011b se Seattle t\u011b\u0161\u00ed bujn\u00e9mu, m\u00edrn\u00e9mu prost\u0159ed\u00ed s st\u00e1lezelen\u00fdmi lesy a m\u00edrn\u00fdm oce\u00e1nsk\u00fdm v\u00e1nkem; n\u00e1v\u0161t\u011bvn\u00edci \u010dasto zmi\u0148uj\u00ed, \u017ee za jasn\u00e9ho dne vid\u00ed Mount Rainier.<\/p>\n<p>Historie Seattlu za\u010dala d\u00e1vno s ryb\u00e1\u0159sk\u00fdmi vesnicemi p\u016fvodn\u00edch obyvatel Ameriky (Duwamish a dal\u0161\u00ed n\u00e1rody) pod\u00e9l Puget Sound. Modern\u00ed \u00e9ra m\u011bsta sah\u00e1 do poloviny 19. stolet\u00ed. V roce 1851 se Denny Party (prvn\u00ed pion\u00fd\u0159i) vylodili v Alki Point, pot\u00e9 se p\u0159esunuli na v\u00fdchod do Elliott Bay a v roce 1852 zalo\u017eili \u201eSeattle\u201c (pojmenovan\u00fd po m\u00edstn\u00edm n\u00e1\u010deln\u00edkovi domorod\u00fdch obyvatel). Prvn\u00edmi pr\u016fmyslov\u00fdmi odv\u011btv\u00edmi byly t\u011b\u017eba d\u0159eva a stavba lod\u00ed, kter\u00e9 vyu\u017e\u00edvaly rozs\u00e1hl\u00e9 lesy a hlubinn\u00fd p\u0159\u00edstav. Zlat\u00e1 hore\u010dka na Alja\u0161ce v 90. letech 19. stolet\u00ed ud\u011blala ze Seattlu vstupn\u00ed br\u00e1nu a v roce 1909 se zde konala v\u00fdstava Alja\u0161ka-Yukon-Pacifik, kter\u00e1 podn\u00edtila r\u016fst kampusu University District. Obrovsk\u00fd rozmach nastal v roce 1962, kdy m\u011bsto uspo\u0159\u00e1dalo v\u00fdstavu Century 21 \u2013 sv\u011btovou v\u00fdstavu \u2013 kter\u00e1 zanechala jako odkaz Space Needle, pam\u00e1tku m\u011bsta a vyv\u00fd\u0161enou monorail. Po t\u00e9to \u00e9\u0159e optimismu n\u00e1sledoval vzestup pr\u016fmyslu a technologi\u00ed: leteck\u00fd pr\u016fmysl (v polovin\u011b stolet\u00ed dominoval Boeing) a pozd\u011bji software. V 70. a 80. letech 20. stolet\u00ed spole\u010dnosti jako Microsoft (zalo\u017een\u00e1 v nedalek\u00e9m Redmondu) a pozd\u011bji Amazon (zalo\u017een\u00e1 v centru m\u011bsta v roce 1994) prom\u011bnily Seattle v technologickou velmoc. Tyto spole\u010dnosti p\u0159il\u00e1kaly rozmanitou pracovn\u00ed s\u00edlu a glob\u00e1ln\u00ed pozornost. V posledn\u00edch desetilet\u00edch se m\u011bsto d\u00e1le vyv\u00edjelo \u2013 technologick\u00fd a biotechnologick\u00fd pr\u016fmysl za\u017eil boom, mezin\u00e1rodn\u00ed obchod prost\u0159ednictv\u00edm p\u0159\u00edstavu se roz\u0161\u00ed\u0159il a rozvoj m\u011bst p\u0159etvo\u0159il \u010dtvrti (nap\u0159\u00edklad South Lake Union m\u00e1 kancel\u00e1\u0159sk\u00e9 mrakodrapy). B\u011bhem toho v\u0161eho Seattle propojil sv\u00e9 ko\u0159eny v pohrani\u010d\u00ed s inovacemi. Nap\u0159\u00edklad v\u00fdstavba Space Needle pro veletrh v roce 1962 z\u016fst\u00e1v\u00e1 bodem m\u00edstn\u00ed hrdosti a symbolizuje vizi m\u011bsta z dan\u00e9ho obdob\u00ed.<\/p>\n<p>Kulturn\u00ed charakter Seattlu je sm\u011bsic\u00ed outdoorov\u00e9ho liberalismu a m\u011bstsk\u00e9 energie. Dominantn\u00edm jazykem je angli\u010dtina, kter\u00e1 odr\u00e1\u017e\u00ed angloamerickou v\u011bt\u0161inu m\u011bsta, ale sly\u0161\u00edte zde i mnoho dal\u0161\u00edch jazyk\u016f: v sousedstv\u00edch jsou b\u011b\u017en\u00e9 vietnam\u0161tina, mandar\u00edn\u0161tina, \u0161pan\u011bl\u0161tina a som\u00e1l\u0161tina. Seattlesk\u00e1 kultura si cen\u00ed jak technologick\u00fdch ambic\u00ed, tak l\u00e1sky k p\u0159\u00edrod\u011b. Uvid\u00edte profesion\u00e1ly v le\u017e\u00e9rn\u00edm oble\u010den\u00ed (bundy Patagonia s hrnky k\u00e1vy v ruce), jak doj\u00ed\u017ed\u011bj\u00ed do centra, a kajak\u00e1\u0159e a cyklisty, kte\u0159\u00ed se o silnici d\u011bl\u00ed v kter\u00fdkoli p\u0159\u00edjemn\u00fd den. V\u0161udyp\u0159\u00edtomn\u00e1 je zde \u201ek\u00e1vov\u00e1 kultura\u201c: Seattle je proslul\u00fd svou posedlost\u00ed k\u00e1vou, je domovem Starbucks a nespo\u010dtu nez\u00e1visl\u00fdch kav\u00e1ren. \u010cerstv\u011b pra\u017een\u00e1 zrna a \u0159emesln\u00e9 latte jsou ka\u017edodenn\u00ed sc\u00e9nou. Hudba a um\u011bn\u00ed maj\u00ed v m\u00edstn\u00edm \u017eivot\u011b zvl\u00e1\u0161tn\u00ed m\u00edsto. Historick\u00e9 jazzov\u00e9 ko\u0159eny m\u011bsta (kluby na Jackson Street) nakonec ustoupily jeho roli kol\u00e9bky grunge rocku v 90. letech \u2013 seattlesk\u00e9 kapely jako Nirvana a Pearl Jam definovaly celou generaci. Dnes je \u017eiv\u00e1 hudba v\u0161udyp\u0159\u00edtomn\u00e1: m\u00edstn\u00ed hospody po\u0159\u00e1daj\u00ed ve\u010dery s open-mic, Benaroya Hall po\u0159\u00e1d\u00e1 symfonick\u00e9 koncerty a v klubech jako Neumos nebo The Crocodile vystupuj\u00ed nez\u00e1visl\u00e9 kapely. Ka\u017ed\u00e9 jaro se kon\u00e1 Mezin\u00e1rodn\u00ed filmov\u00fd festival v Seattlu (obrovsk\u00e1 ud\u00e1lost) a v l\u00e9t\u011b se t\u00e9m\u011b\u0159 ka\u017ed\u00fd v\u00edkend konaj\u00ed kulturn\u00ed pouli\u010dn\u00ed trhy v r\u016fzn\u00fdch \u010dtvrt\u00edch. Nap\u0159\u00edklad o v\u00edkendu Memorial Day si m\u016f\u017eete u\u017e\u00edt festival Northwest Folklife Festival (folkov\u00e1 hudba a tanec na p\u016fd\u011b univerzity) a Seafair (z\u00e1vody hydropl\u00e1n\u016f a p\u0159ehl\u00eddky) v \u010dervenci. Pr\u016fvody hrdosti, etnick\u00e9 pouli\u010dn\u00ed festivaly (jako je festival lun\u00e1rn\u00edho Nov\u00e9ho roku v \u010d\u00ednsk\u00e9 \u010dtvrti) a um\u011bleck\u00fd festival Bumbershoot ke Dni pr\u00e1ce p\u0159itahuj\u00ed obrovsk\u00e9 davy.<\/p>\n<p>Ka\u017edodenn\u00ed \u017eivot zde m\u00e1 pragmatickou atmosf\u00e9ru, kdy \u010dlov\u011bk tvrd\u011b pracuje, usilovn\u011b si u\u017e\u00edv\u00e1 a usilovn\u011b si u\u017e\u00edv\u00e1 z\u00e1bavu. Typick\u00fd obyvatel Seattlu je zdvo\u0159il\u00fd, ale n\u011bkdy rezervovan\u00fd \u2013 zkou\u0161ka trp\u011blivosti v ordinaci l\u00e9ka\u0159e m\u016f\u017ee b\u00fdt b\u011b\u017en\u00e1 \u2013 ale jakmile se s n\u00edm sezn\u00e1m\u00edte, je p\u0159\u00e1telsk\u00fd. Doj\u00ed\u017ed\u011bn\u00ed \u010dasto zahrnuje dopravu nebo hromadnou dopravu (mnoz\u00ed jezd\u00ed lehkou \u017eeleznic\u00ed Link nebo autobusy a trajekty), tak\u017ee si lid\u00e9 b\u011bhem doj\u00ed\u017ed\u011bn\u00ed obvykle vyhrad\u00ed \u010das na \u010dten\u00ed nebo pit\u00ed k\u00e1vy. Po pr\u00e1ci je b\u011b\u017en\u00e9 vid\u011bt lidi, jak cvi\u010d\u00ed (b\u011bhaj\u00ed po Green Lake, chod\u00ed do lezeck\u00e9 posilovny nebo do m\u00edstn\u00edho studia j\u00f3gy), proto\u017ee obyvatel\u00e9 Seattlu si cen\u00ed fyzick\u00e9 zdatnosti a spojen\u00ed s p\u0159\u00edrodou. Ve\u010dery se \u010dasto setk\u00e1vaj\u00ed s p\u0159\u00e1teli na drinky nebo si u\u017e\u00edvaj\u00ed z\u00e1pad slunce nad Soundem. Stru\u010dn\u011b \u0159e\u010deno, Seattle p\u016fsob\u00ed p\u0159es den m\u011bstsky a inovativn\u011b, ale kdy\u017e slunce zapadne (a nad budovami se rozkvetou lanovky), zachov\u00e1v\u00e1 si venkovn\u00ed a pohodovou atmosf\u00e9ru, kter\u00e1 odr\u00e1\u017e\u00ed jeho st\u00e1lezelen\u00e9 okol\u00ed.<\/p>\n<p>Seattle se py\u0161n\u00ed mnoha m\u00edsty, kter\u00e1 mus\u00edte vid\u011bt. Nejzn\u00e1m\u011bj\u0161\u00ed je Space Needle (dokon\u010den\u00e1 v roce 1962), 184 metr\u016f vysok\u00e1 vyhl\u00eddkov\u00e1 v\u011b\u017e, kter\u00e1 nab\u00edz\u00ed 360\u00b0 v\u00fdhled na centrum m\u011bsta a hory (obzvl\u00e1\u0161t\u011b n\u00e1dhern\u00e1 za jasn\u00fdch dn\u016f). Needle je s\u00eddlem Seattle Center, kter\u00e9 zahrnuje tak\u00e9 Muzeum popkultury (MoPOP) a nedalek\u00e9 zahrady a sklen\u011bn\u00e9 muzeum Chihuly Garden &amp; Glass. Nedaleko se nach\u00e1z\u00ed historick\u00e1 stanice jednokolejky (postaven\u00e1 pro veletrh) a kino IMAX Pacific Science Center. Dal\u0161\u00edm turistick\u00fdm magnetem je trh Pike Place Market v centru m\u011bsta: \u017eiv\u00fd trh s rybami a ovocem a zeleninou, otev\u0159en\u00fd od roku 1907, zn\u00e1m\u00fd sv\u00fdmi prodejci ryb \u201el\u00e9taj\u00edc\u00edch ryb\u201c, kv\u011btinov\u00fdmi st\u00e1nky a p\u016fvodn\u00ed kav\u00e1rnou Starbucks. Nedaleko se nach\u00e1z\u00ed n\u00e1b\u0159e\u017e\u00ed a akv\u00e1rium v \u200b\u200bSeattlu. Pod\u00e9l um\u011bleck\u00e9 \u0159ady v centru m\u011bsta se nach\u00e1z\u00ed Seattle Art Museum (SAM) s olympijsk\u00fdm socha\u0159sk\u00fdm parkem (venku, vstup zdarma, s v\u00fdhledem na Puget Sound). Pioneer Square, historick\u00e1 \u010dtvr\u0165 Seattlu, se m\u016f\u017ee pochlubit cihlov\u00fdmi budovami z 19. stolet\u00ed, um\u011bleck\u00fdmi galeriemi a unik\u00e1tn\u00ed podzemn\u00ed prohl\u00eddkou (n\u00e1v\u0161t\u011bva zakopan\u00fdch v\u00fdloh obchod\u016f). Mezi dal\u0161\u00ed zaj\u00edmavosti pat\u0159\u00ed Muzeum historie a pr\u016fmyslu (MOHAI) u jezera Union, futuristick\u00e1 budova EMP (MoPOP) a centr\u00e1ln\u00ed pobo\u010dka Ve\u0159ejn\u00e9 knihovny v Seattlu (architektonick\u00fd z\u00e1zrak). P\u0159\u00edrodn\u00ed atrakce jsou v\u017edycky bl\u00edzko: v\u011bt\u0161ina n\u00e1v\u0161t\u011bvn\u00edk\u016f si nenech\u00e1 uj\u00edt plavbu trajektem na ostrov Bainbridge Island s v\u00fdhledy z kav\u00e1rny na panorama m\u011bsta nebo kr\u00e1tk\u00fd v\u00fdlet do parku Kerry na kopci Queen Anne s dokonal\u00fdm panoramatem (vp\u0159edu Space Needle, za n\u00edm Mount Rainier). Pro sportovn\u00ed fanou\u0161ky jsou tu stadiony CenturyLink (Lumen) Field a T-Mobile Park, kde se po cel\u00fd rok konaj\u00ed z\u00e1pasy Seahawks, Sounders a Mariners. Stru\u010dn\u011b \u0159e\u010deno, atrakce Seattlu sahaj\u00ed od m\u011bstsk\u00e9ho um\u011bn\u00ed a architektury a\u017e po autentick\u00e1 tr\u017ei\u0161t\u011b a snadn\u00fd p\u0159\u00edstup k vod\u011b a horsk\u00fdm v\u00fdhled\u016fm.<\/p>\n<p>Mezin\u00e1rodn\u00ed leti\u0161t\u011b Seattle-Tacoma (SEA, b\u011b\u017en\u011b naz\u00fdvan\u00e9 Sea-Tac) je hlavn\u00ed vstupn\u00ed branou s lety z cel\u00e9ho sv\u011bta. Men\u0161\u00ed leti\u0161t\u011b Boeing Field (leti\u0161t\u011b King County) tak\u00e9 odbavuje \u010d\u00e1st komer\u010dn\u00ed a soukrom\u00e9 dopravy. Seattle je propojen d\u00e1lnic\u00ed Interstate 5 (sever-jih pod\u00e9l m\u011bsta) a I-90 (v\u00fdchodem do Bellevue a d\u00e1le). N\u00e1rodn\u00ed s\u00ed\u0165 Amtrak zastavuje na stanici King Street v centru m\u011bsta; trasa Cascades obsluhuje Vancouver v Britsk\u00e9 Kolumbii a trasa Starlight se spojuje s Los Angeles. Trajekty z doku Colman Dock v centru m\u011bsta pluj\u00ed do Bainbridge a Bremertonu.<\/p>\n<p>Seattle m\u00e1 rozs\u00e1hlou ve\u0159ejnou dopravu. Lehk\u00e1 \u017eeleznice Link spojuje severn\u00ed Seattle s leti\u0161t\u011bm a Federal Way, p\u0159i\u010dem\u017e brzy bude otev\u0159eno prodlou\u017een\u00ed do Bellevue. Autobusy (King County Metro a Sound Transit) pokr\u00fdvaj\u00ed m\u011bsto do zna\u010dn\u00e9 m\u00edry. Monorail (postaven\u00fd v roce 1962) se vine mezi centrem m\u011bsta a centrem Seattlu. Uli\u010dn\u00ed s\u00ed\u0165 je kopcovit\u00e1 \u2013 nap\u0159\u00edklad Capitol Hill a Queen Anne strm\u011b stoupaj\u00ed z centra \u2013 ale samotn\u00e9 centrum je docela dob\u0159e dostupn\u00e9 p\u011b\u0161ky (zejm\u00e9na koridor 1st\u20133rd Ave). M\u011bsto je tak\u00e9 velmi p\u0159\u00e1telsk\u00e9 k cyklist\u016fm s mnoha cyklostezkami a stezkou Burke-Gilman Trail pod\u00e9l jezera Washington. J\u00edzda autem je mo\u017en\u00e1, ale bu\u010fte p\u0159ipraveni na dopravn\u00ed z\u00e1cpy, zejm\u00e9na na I-5 b\u011bhem dopravn\u00ed \u0161pi\u010dky. Taxi a sd\u00edlen\u00e9 j\u00edzdy jsou k dispozici v hojn\u00e9m po\u010dtu. V\u00fdznamn\u00fdm dopravn\u00edm prost\u0159edkem jsou trajekty na okoln\u00ed ostrovy a trajekty p\u0159es Sound (nap\u0159. do Kingstonu).<\/p>\n<p>M\u011bna je USD, jazyk angli\u010dtina. Seattle je zn\u00e1m\u00fd svou toleranc\u00ed a progresivitou; je norm\u00e1ln\u00ed setkat se s lidmi r\u016fzn\u00e9ho p\u016fvodu a politick\u00e9ho p\u0159esv\u011bd\u010den\u00ed. Spropitn\u00e9 v restaurac\u00edch je zvykem (15\u201320 %). Etiketa se \u0159\u00edd\u00ed typick\u00fdmi americk\u00fdmi m\u011bstsk\u00fdmi normami: dve\u0159e ponech\u00e1ny otev\u0159en\u00e9, kr\u00e1tk\u00fd o\u010dn\u00ed kontakt a k\u00fdvnut\u00ed nebo \u201eahoj\u201c na ulici, zdvo\u0159il\u00e9 stolov\u00e1n\u00ed. Z bezpe\u010dnostn\u00edho hlediska je Seattle v turistick\u00fdch oblastech relativn\u011b bezpe\u010dn\u00fd, ale v noci dodr\u017eujte obvykl\u00e1 m\u011bstsk\u00e1 opat\u0159en\u00ed (z\u016fsta\u0148te v dob\u0159e osv\u011btlen\u00fdch prostor\u00e1ch, hl\u00eddejte si cennosti). Zimy mohou b\u00fdt ponur\u00e9 a ob\u010das ledov\u00e9, proto si s sebou vezm\u011bte vrstvy oble\u010den\u00ed. M\u00edstn\u00ed obyvatel\u00e9 se \u010dasto obl\u00e9kaj\u00ed ve vrstv\u00e1ch a v le\u017e\u00e9rn\u00edm stylu (d\u017e\u00edny, svetry, pl\u00e1\u0161t\u011bnka atd.).<a href=\"https:\/\/travelshelper.com\/cs\/destinace\/severni-amerika\/spojene-staty-americke\/berkeley-springs\/\" target=\"_self\" aria-labelledby=\"uael-post-8997\"><br \/>\n<\/a><\/p>","protected":false},"excerpt":{"rendered":"<p>Seattle, le\u017e\u00edc\u00ed na z\u00e1padn\u00edm pob\u0159e\u017e\u00ed Spojen\u00fdch st\u00e1t\u016f, je pulzuj\u00edc\u00ed p\u0159\u00edstavn\u00ed m\u011bsto. S populac\u00ed 755 078 v roce 2023 je Seattle nejlidnat\u011bj\u0161\u00edm m\u011bstem v oblasti severoz\u00e1padn\u00edho Pacifiku v Severn\u00ed Americe a st\u00e1tu Washington. S\u00eddl\u00ed zde okres King County ve st\u00e1t\u011b Washington. Mezi americk\u00fdmi m\u011bsty se \u0159ad\u00ed na 18. m\u00edsto v po\u010dtu obyvatel. Metropolitn\u00ed oblast Seattlu s populac\u00ed 4,02 milionu obyvatel se \u0159ad\u00ed na patn\u00e1ct\u00e9 m\u00edsto v zemi. Mezi nejrychleji rostouc\u00edmi velk\u00fdmi m\u011bsty v zemi se Seattle m\u016f\u017ee pochlubit \u00fa\u017easn\u00fdm 21,1% n\u00e1r\u016fstem mezi lety 2010 a 2020.<\/p>","protected":false},"author":1,"featured_media":4370,"parent":8072,"menu_order":0,"comment_status":"closed","ping_status":"closed","template":"elementor_theme","meta":{"_eb_attr":"","footnotes":""},"class_list":["post-8356","page","type-page","status-publish","has-post-thumbnail"],"_links":{"self":[{"href":"https:\/\/travelshelper.com\/cs\/wp-json\/wp\/v2\/pages\/8356","targetHints":{"allow":["GET"]}}],"collection":[{"href":"https:\/\/travelshelper.com\/cs\/wp-json\/wp\/v2\/pages"}],"about":[{"href":"https:\/\/travelshelper.com\/cs\/wp-json\/wp\/v2\/types\/page"}],"author":[{"embeddable":true,"href":"https:\/\/travelshelper.com\/cs\/wp-json\/wp\/v2\/users\/1"}],"replies":[{"embeddable":true,"href":"https:\/\/travelshelper.com\/cs\/wp-json\/wp\/v2\/comments?post=8356"}],"version-history":[{"count":0,"href":"https:\/\/travelshelper.com\/cs\/wp-json\/wp\/v2\/pages\/8356\/revisions"}],"up":[{"embeddable":true,"href":"https:\/\/travelshelper.com\/cs\/wp-json\/wp\/v2\/pages\/8072"}],"wp:featuredmedia":[{"embeddable":true,"href":"https:\/\/travelshelper.com\/cs\/wp-json\/wp\/v2\/media\/4370"}],"wp:attachment":[{"href":"https:\/\/travelshelper.com\/cs\/wp-json\/wp\/v2\/media?parent=8356"}],"curies":[{"name":"wp","href":"https:\/\/api.w.org\/{rel}","templated":true}]}}