{"id":8347,"date":"2024-09-03T16:48:42","date_gmt":"2024-09-03T16:48:42","guid":{"rendered":"https:\/\/travelshelper.com\/staging\/?page_id=8347"},"modified":"2026-03-13T18:07:24","modified_gmt":"2026-03-13T18:07:24","slug":"saint-louis","status":"publish","type":"page","link":"https:\/\/travelshelper.com\/cs\/destinations\/north-america\/united-states\/saint-louis\/","title":{"rendered":"Saint Louis"},"content":{"rendered":"<p>Saint Louis v Missouri se rozkl\u00e1d\u00e1 na z\u00e1padn\u00edm b\u0159ehu mohutn\u00e9 \u0159eky Mississippi. \u00dast\u0159edn\u00edm bodem siluety m\u011bsta je t\u0159pytiv\u00fd Gateway Arch, 198 metr\u016f vysok\u00fd monument z nerezov\u00e9 oceli ty\u010d\u00edc\u00ed se z centra m\u011bsta. N\u00e1b\u0159e\u017e\u00ed a \u00fatesy dod\u00e1vaj\u00ed m\u011bstu majest\u00e1tn\u00ed kulisu a m\u011bstsk\u00e1 s\u00ed\u0165 se od \u0159eky t\u00e1hne sm\u011brem na v\u00fdchod. St. Louis p\u016fsob\u00ed uvoln\u011bn\u011b i ru\u0161n\u011b: je zde c\u00edtit v\u0159elost St\u0159edoz\u00e1padu, ale tak\u00e9 hrdost na svou slavnou minulost coby z\u00e1padn\u00ed br\u00e1ny a kulturn\u00edho centra. St. Louis se prol\u00edn\u00e1 n\u011bkolika identitami \u2013 francouzsk\u00fdmi koloni\u00e1ln\u00edmi ko\u0159eny, n\u011bmeck\u00fdmi imigranty a pozd\u011bji pr\u016fmyslov\u00fdm a v\u011bdeck\u00fdm rozmachem \u2013 to v\u0161e je c\u00edtit v jeho architektu\u0159e a \u010dtvrt\u00edch.<\/p>\n<p>Saint Louis je nez\u00e1visl\u00e9 m\u011bsto v Missouri (nen\u00ed sou\u010d\u00e1st\u00ed \u017e\u00e1dn\u00e9ho okresu). Jeho populace se pohybuje kolem 300 000, ale v posledn\u00ed dob\u011b m\u00edrn\u011b kles\u00e1; nap\u0159\u00edklad v roce 2023 to bylo 293 109 obyvatel (pokles z p\u0159ibli\u017en\u011b 300 000 v roce 2020). M\u011bsto je t\u00e9m\u011b\u0159 rovnom\u011brn\u011b rozd\u011bleno mezi b\u00edl\u00e9 a afroamerick\u00e9 obyvatele. V roce 2023 bylo p\u0159ibli\u017en\u011b 44,4 % ob\u010dan\u016f Saint Louis b\u00edl\u00fdch (nehisp\u00e1nsk\u00e9ho p\u016fvodu) a 42,9 % \u010dernoch\u016f (nehisp\u00e1nsk\u00e9ho p\u016fvodu). Dal\u0161\u00ed skupiny zahrnuj\u00ed 5 % hisp\u00e1nsk\u00fdch obyvatel a n\u011bkolik procent Asiat\u016f a v\u00edcen\u00e1rodnostn\u00edch obyvatel. Medi\u00e1n p\u0159\u00edjmu dom\u00e1cnost\u00ed je skromn\u00fd (zhruba 48 000 USD), co\u017e odr\u00e1\u017e\u00ed mix d\u011blnick\u00fdch a profesn\u00edch oblast\u00ed ve m\u011bst\u011b.<\/p>\n<p>Z ekonomick\u00e9ho hlediska je region St. Louis v\u00fdznamn\u00fd. Hrub\u00fd dom\u00e1c\u00ed produkt oblasti Greater St. Louis v roce 2022 \u010dinil p\u0159ibli\u017en\u011b 209,9 miliard dolar\u016f. M\u00edstn\u00ed ekonomika je rozmanit\u00e1: dlouhodob\u011b je siln\u00e1 ve slu\u017eb\u00e1ch, v\u00fdrob\u011b, obchodu a doprav\u011b, stejn\u011b jako v leteck\u00e9m a obrann\u00e9m pr\u016fmyslu. Mezi hlavn\u00ed odv\u011btv\u00ed pat\u0159\u00ed zdravotnictv\u00ed, finance, biologick\u00e9 v\u011bdy a podnikov\u00e9 slu\u017eby. V Saint Louis s\u00eddl\u00ed 16 spole\u010dnost\u00ed z \u017eeb\u0159\u00ed\u010dku Fortune 1000 (\u0161est z nich pat\u0159\u00ed do \u017eeb\u0159\u00ed\u010dku Fortune 500). Mezi v\u00fdznamn\u00e9 korpor\u00e1tn\u00ed zastoupen\u00ed pat\u0159\u00ed Boeing Defense (leteck\u00fd a kosmick\u00fd pr\u016fmysl), Enterprise Holdings (p\u016fj\u010dovna aut) a finan\u010dn\u00ed firmy jako Edward Jones a Ameren. Krom\u011b toho zde vznik\u00e1 velk\u00e9 mno\u017estv\u00ed vl\u00e1dn\u00edch a feder\u00e1ln\u00edch pracovn\u00edch m\u00edst (velk\u00e9 kancel\u00e1\u0159e zde maj\u00ed Feder\u00e1ln\u00ed rezervn\u00ed banka St. Louis a USDA).<\/p>\n<p>Saint Louis le\u017e\u00ed na americk\u00e9m St\u0159edoz\u00e1pad\u011b (Severn\u00ed Amerika) u \u0161irok\u00e9ho ohybu \u0159eky Mississippi pobl\u00ed\u017e jej\u00edho soutoku s \u0159ekou Missouri. Nach\u00e1z\u00ed se ve v\u00fdchodn\u00edm Missouri, zhruba uprost\u0159ed severoamerick\u00e9ho kontinentu. Samotn\u00e9 m\u011bsto le\u017e\u00ed p\u0159ev\u00e1\u017en\u011b na rovin\u011b v nadmo\u0159sk\u00e9 v\u00fd\u0161ce asi 120 metr\u016f, s \u00fatesy (\u201eMississippi Hills\u201c) na jihu. Podneb\u00ed je vlhk\u00e9 subtropick\u00e9 (K\u00f6ppenovy stupnice klimatu): l\u00e9ta jsou velmi hork\u00e1 a vlhk\u00e1, zimy chladn\u00e9 a\u017e studen\u00e9. D\u00e9\u0161\u0165 je pom\u011brn\u011b rovnom\u011brn\u011b rozlo\u017een na ja\u0159e a v l\u00e9t\u011b, v zim\u011b ob\u010das sn\u011b\u017e\u00ed. Mississippi nese jarn\u00ed z\u00e1plavovou vodu, kter\u00e1 historicky ovliv\u0148ovala rozvoj m\u011bsta.<\/p>\n<p>Saint Louis byl zalo\u017een 15. \u00fanora 1764 francouzsk\u00fdmi obchodn\u00edky s ko\u017ee\u0161inami Pierrem Lacl\u00e8dem a Augustem Chouteauem na pozemc\u00edch, kter\u00e9 mu pronajali \u0160pan\u011bl\u00e9 (tehdy spoluvl\u00e1dci). Pojmenovali jej na po\u010dest francouzsk\u00e9ho kr\u00e1le Ludv\u00edka IX. D\u0159\u00edve zde vzkv\u00e9taly domorod\u00e9 mississippsk\u00e9 kultury a v roce 1673 tudy pro\u0161li francouz\u0161t\u00ed objevitel\u00e9 Louis Joliet a Jacques Marquette. Saint Louis p\u0159e\u0161el z francouzsk\u00e9 pod \u0161pan\u011blskou nadvl\u00e1du v roce 1763, pot\u00e9 zp\u011bt do Francie a nakonec do Spojen\u00fdch st\u00e1t\u016f s koup\u00ed Louisiany v roce 1803. Rychle se stal branou na z\u00e1pad: v roce 1804 zde za\u010dala expedice Lewise a Clarka. Rozmach r\u016fstu nastal v 19. stolet\u00ed s parn\u00edkovou dopravou, \u017eeleznic\u00ed a Sv\u011btovou v\u00fdstavou a letn\u00edmi olympijsk\u00fdmi hrami v roce 1904 (\u201eLouisiana Purchase Exposition\u201c), kter\u00e9 m\u011bsto dostaly na sv\u011btovou sc\u00e9nu.<\/p>\n<p>Rozhoduj\u00edc\u00ed zlom nastal v roce 1877, kdy St. Louis hlasovalo pro odd\u011blen\u00ed od okoln\u00edho okresu St. Louis a stalo se nez\u00e1visl\u00fdm m\u011bstem; t\u00edm byly vymezeny hranice m\u011bsta a zm\u00edrn\u011bny dal\u0161\u00ed anexe, \u010d\u00edm\u017e se formovala jeho modern\u00ed velikost. B\u011bhem 19. a za\u010d\u00e1tku 20. stolet\u00ed bylo m\u011bsto v\u00fdrobn\u00edm a dopravn\u00edm centrem, zn\u00e1m\u00fdm jako \u201em\u011bstsk\u00e1 br\u00e1na\u201c. Stalo se tak\u00e9 v\u00fdznamn\u00fdm kulturn\u00edm centrem \u2013 nap\u0159\u00edklad zde p\u016fsobil ragtime skladatel Scott Joplin a ran\u00ed jazzov\u00ed hudebn\u00edci. V modern\u00ed dob\u011b za\u017eilo St. Louis sv\u00e9 cykly boomu a p\u00e1du (pr\u016fmyslov\u00fd \u00fapadek v polovin\u011b 20. stolet\u00ed, n\u00e1sledovan\u00fd zam\u011b\u0159en\u00edm na biotechnologick\u00fd a servisn\u00ed pr\u016fmysl). Z jeho historie se dochovaly kl\u00ed\u010dov\u00e9 pam\u00e1tky, jako je ikonick\u00fd Arch (postaven\u00fd v letech 1963\u201365) a zachoval\u00e9 historick\u00e9 \u010dtvrti.<\/p>\n<p>Saint Louis odr\u00e1\u017e\u00ed sm\u011bsici st\u0159edoz\u00e1padn\u00ed p\u0159\u00e1telskosti a kosmopolitn\u00edho vkusu. Kulturn\u011b m\u00e1 siln\u00e9 n\u011bmeck\u00e9 d\u011bdictv\u00ed (oslavy Oktoberfestu v okrese Soulard) a tak\u00e9 francouzsk\u00e9 koloni\u00e1ln\u00ed ko\u0159eny. M\u011bsto je domovem velk\u00e9 afroamerick\u00e9 komunity, kter\u00e1 p\u0159isp\u00edv\u00e1 k \u017eiv\u00e9 hudb\u011b (historie jazzu\/blues) a j\u00eddlu (grilov\u00e1n\u00ed je m\u00edstn\u00ed specialitou). \u0160pan\u011blsk\u00e9 a vietnamsk\u00e9 komunity dod\u00e1vaj\u00ed dal\u0161\u00ed vrstvy kultury. Je pozoruhodn\u00e9, \u017ee St. Louis byl hodnocen jako jedno z nejv\u00edce LGBTQ p\u0159\u00e1telsk\u00fdch m\u011bst na St\u0159edoz\u00e1pad\u011b s \u017eiv\u00fdmi oslavami hrdosti a otev\u0159en\u00fdm p\u0159\u00edstupem mnoha obyvatel.<\/p>\n<p>Co se t\u00fd\u010de dialekt\u016f, anglicky mluv\u00ed prakticky ka\u017ed\u00fd, p\u0159i\u010dem\u017e n\u011bkter\u00e9 rodiny imigrantsk\u00e9ho p\u016fvodu mluv\u00ed tak\u00e9 \u0161pan\u011blsky, vietnamsky, bosensky atd. Tempo \u017eivota je obecn\u011b m\u00edrn\u00e9; obyvatel\u00e9 si mohou u\u017e\u00edvat proch\u00e1zky ve Forest Parku, \u00fa\u010dast na m\u00edstn\u00edch festivalech nebo fandit baseballov\u00e9mu t\u00fdmu Cardinals. \u017divot v p\u0159\u00edrod\u011b je zde v\u00edt\u00e1n: krom\u011b Forest Parku l\u00e1kaj\u00ed milovn\u00edky p\u0159\u00edrody i nedalek\u00e9 stezky pod\u00e9l \u0159eky Missouri a stezka Katy Trail. Jak zd\u016fraz\u0148uje jeden pr\u016fvodce m\u011bstem, St. Louis nab\u00edz\u00ed celoro\u010dn\u00ed kulturn\u00ed akce, od venkovn\u00edch koncert\u016f a\u017e po pr\u016fvody. Nap\u0159\u00edklad charakteristick\u00e9 akce, jako je Soulard Mardi Gras, PrideFest a hudebn\u00ed festivaly, o\u017eivuj\u00ed m\u011bstsk\u00fd kalend\u00e1\u0159. Styl m\u00edstn\u00edch obyvatel je \u010dasto nen\u00e1ro\u010dn\u00fd \u2013 uvid\u00edte lidi, jak si vychutn\u00e1vaj\u00ed pivo v pivovarech, ve\u010de\u0159\u00ed v \u00fatuln\u00fdch tavern\u00e1ch nebo se \u00fa\u010dastn\u00ed kulturn\u00edch veletrh\u016f. Celkov\u011b m\u011bsto vyza\u0159uje v\u0159elou atmosf\u00e9ru sousedstv\u00ed: ka\u017ed\u00e1 oblast (jako je Old North St. Louis nebo Central West End) m\u00e1 sv\u016fj vlastn\u00ed charakter.<\/p>\n<p><strong>Nejlep\u0161\u00ed atrakce:<\/strong><\/p>\n<ul>\n<li><strong>Oblouk br\u00e1ny<\/strong> \u2013 \u00dast\u0159edn\u00ed bod St. Louis. Tento 183 metr\u016f vysok\u00fd oblouk z nerezov\u00e9 oceli korunuje centrum m\u011bsta a je sou\u010d\u00e1st\u00ed n\u00e1rodn\u00edho parku Gateway Arch. N\u00e1v\u0161t\u011bvn\u00edci se mohou sv\u00e9zt tramvaj\u00ed nahoru a prohl\u00e9dnout si \u0159eku, m\u011bsto a okol\u00ed. Are\u00e1l a muzeum u jeho z\u00e1kladny dokumentuj\u00ed expanzi m\u011bsta na z\u00e1pad. Oblouk je symbolem m\u011bsta a mus\u00edte ho vid\u011bt.<\/li>\n<li><strong>Botanick\u00e1 zahrada v Missouri<\/strong> \u2013 Jedna z nejstar\u0161\u00edch botanick\u00fdch zahrad v USA, sv\u011btov\u011b proslul\u00e1 sv\u00fdmi zahradnick\u00fdmi expozicemi. Jej\u00ed prost\u0159ed\u00ed zahrnuje japonsk\u00e9 zahrady, geodetickou kopuli Climatron a rozs\u00e1hl\u00e9 sklen\u00edky. Klidn\u00e9 m\u00edsto ve m\u011bst\u011b. Kr\u00e1sn\u00e1 tradice, nab\u00edz\u00ed rostliny a krajinu po cel\u00fd rok.<\/li>\n<li><strong>Zoologick\u00e1 zahrada v Saint Louis<\/strong> \u2013 Tato zoologick\u00e1 zahrada s voln\u00fdm vstupem, kter\u00e1 se nach\u00e1z\u00ed v Forest Parku, se trvale \u0159ad\u00ed mezi nejlep\u0161\u00ed v zemi. V promy\u0161len\u011b navr\u017een\u00fdch biotopech \u017eij\u00ed stovky druh\u016f. Rodiny se sem hrnou, aby vid\u011bly lvy, medv\u011bdy, pt\u00e1ky, plazy a dal\u0161\u00ed (v\u0161e bez vstupn\u00e9ho). Z\u00e1vazek zoo k ochran\u011b p\u0159\u00edrody a ve\u0159ejn\u00e9mu vzd\u011bl\u00e1v\u00e1n\u00ed je pozoruhodn\u00fd.<\/li>\n<li><strong>Muzeum um\u011bn\u00ed a lesn\u00ed park v Saint Louis<\/strong> \u2013 Muzeum um\u011bn\u00ed (tak\u00e9 ve Forest Parku) nab\u00edz\u00ed komplexn\u00ed sb\u00edrku od egyptsk\u00fdch artefakt\u016f a\u017e po impresionistick\u00e9 obrazy. V jeho bl\u00edzkosti se nach\u00e1z\u00ed Historick\u00e9 muzeum Missouri a Muny (historick\u00e9 venkovn\u00ed divadlo). Samotn\u00fd Forest Park je obrovsk\u00fd (1 300 akr\u016f) a zahrnuje malebn\u00e1 jezera a stezky. V roce 1904 se zde konala Sv\u011btov\u00e1 v\u00fdstava a dodnes je rekrea\u010dn\u00edm centrem.<\/li>\n<li><strong>M\u011bstsk\u00e9 muzeum<\/strong> \u2013 Jedine\u010dn\u00e1 atrakce s\u00eddl\u00ed v p\u0159estav\u011bn\u00e9 tov\u00e1rn\u011b na obuv. Je to h\u0159i\u0161t\u011b pro dosp\u011bl\u00e9 i d\u011bti s tunely, skluzavkami a architektonick\u00fdmi kuriozitami vyroben\u00fdmi z recyklovan\u00fdch materi\u00e1l\u016f. (Rozkl\u00e1d\u00e1 se na \u0161esti fotbalov\u00fdch h\u0159i\u0161t\u00edch, je \u201epodivn\u011b \u00fa\u017easn\u00e9\u201c a nesm\u00edrn\u011b obl\u00edben\u00e9 u rodin i milovn\u00edk\u016f um\u011bn\u00ed.)<\/li>\n<li><strong>Farm\u00e1\u0159sk\u00fd trh v Soulardu a historick\u00e1 \u010dtvr\u0165 Soulard<\/strong> \u2013 Soulard Market, nejstar\u0161\u00ed farm\u00e1\u0159sk\u00fd trh z\u00e1padn\u011b od Mississippi, je v provozu n\u011bkolik dn\u00ed v t\u00fddnu pod \u017eelezn\u00fdm pavilonem. Okoln\u00ed \u010dtvr\u0165 Soulard (s \u0159adov\u00fdmi domy z \u010derven\u00fdch cihel) je zn\u00e1m\u00e1 sv\u00fdmi francouzsk\u00fdmi a n\u011bmeck\u00fdmi tradicemi, historickou architekturou a siln\u00fdm smyslem pro komunitu. Kon\u00e1 se zde Soulard Mardi Gras (jedna z nejv\u011bt\u0161\u00edch ve\u010d\u00edrk\u016f Mardi Gras v Americe) a po cel\u00fd rok se zde konaj\u00ed \u017eiv\u00e9 koncerty.<\/li>\n<li><strong>Dal\u0161\u00ed pam\u00e1tky<\/strong> \u2013 St. Louis nab\u00edz\u00ed mnoho dal\u0161\u00edch zaj\u00edmavost\u00ed: katedr\u00e1ln\u00ed baziliku sv. Ludv\u00edka (s proslulou mozaikovou kupol\u00ed), historickou \u010dtvr\u0165 Laclede&#039;s Landing na n\u00e1b\u0159e\u017e\u00ed, zrekonstruovan\u00e9 n\u00e1dra\u017e\u00ed Union Station (s hotelem a rusk\u00fdm kolem) a v\u011bdeck\u00e9 centrum (vstup zdarma s klenut\u00fdm OMNIMAXem). N\u00e1v\u0161t\u011bvn\u00edky l\u00e1k\u00e1 i sport: zhl\u00e9dn\u011bte baseballov\u00fd z\u00e1pas Cardinals na stadionu Busch Stadium nebo hokejov\u00fd z\u00e1pas Blues v Enterprise Center.<\/li>\n<\/ul>\n<p><strong>Praktick\u00fd sn\u00edmek:<\/strong><\/p>\n<ul>\n<li><strong>Jak se tam dostat:<\/strong> Mezin\u00e1rodn\u00ed leti\u0161t\u011b St. Louis Lambert (STL) je hlavn\u00ed leti\u0161t\u011b, kter\u00e9 obsluhuj\u00ed v\u0161ichni hlavn\u00ed dopravci s mnoha denn\u00edmi lety po cel\u00e9 zemi. Lehk\u00e1 \u017eeleznice MetroLink spojuje oba leti\u0161tn\u00ed termin\u00e1ly p\u0159\u00edmo s centrem St. Louis (stanice 1 v Termin\u00e1lu 1 a stanice 2 v Termin\u00e1lu 2). Linka Missouri River Runner spole\u010dnosti Amtrak obsluhuje m\u011bsto jak z leti\u0161t\u011b (autobusov\u00fdm\/vlakov\u00fdm spojen\u00edm), tak z centra m\u011bsta (stanice Gateway). Sb\u00edhaj\u00ed se zde hlavn\u00ed d\u00e1lnice (I-70, I-64, I-55, I-44), tak\u017ee p\u0159\u00edstup do m\u011bsta autem je snadn\u00fd.<\/li>\n<li><strong>Doprava:<\/strong> Lehk\u00e1 \u017eeleznice MetroLink a MetroBus pokr\u00fdvaj\u00ed velkou \u010d\u00e1st m\u011bsta a okresu. Modern\u00ed tramvajov\u00e1 linka proch\u00e1z\u00ed centrem m\u011bsta a \u010dtvrt\u00ed Central West End. P\u016fj\u010dovny aut, taxi a sd\u00edlen\u00e9 j\u00edzdy (Uber\/Lyft) jsou \u0161iroce dostupn\u00e9. Centrum St. Louis a okoln\u00ed \u010dtvrti jsou pom\u011brn\u011b snadno dostupn\u00e9 p\u011b\u0161ky, i kdy\u017e na p\u0159edm\u011bst\u00ed je nutn\u00e9 dojet autem. Doprava je typick\u00e1 pro st\u0159edn\u011b velk\u00e1 m\u011bsta; parkov\u00e1n\u00ed v obl\u00edben\u00fdch oblastech (centrum, Forest Park) m\u016f\u017ee b\u00fdt ve \u0161pi\u010dce omezen\u00e9.<\/li>\n<li><strong>Z\u00e1kladn\u00ed tipy:<\/strong> M\u011bnou je americk\u00fd dolar. Angli\u010dtina je univerz\u00e1ln\u00ed, p\u0159i\u010dem\u017e mnoho lid\u00ed mluv\u00ed \u0161pan\u011blsky (zejm\u00e9na na z\u00e1pad\u011b a jihu St. Louis). Etiketa: Na St\u0159edoz\u00e1pad\u011b panuje zdvo\u0159ilost (lid\u00e9 maj\u00ed tendenci zdrav\u00edt pok\u00fdvnut\u00edm hlavy nebo pod\u00e1n\u00edm ruky). V restaurac\u00edch je zvykem d\u00e1vat spropitn\u00e9 ~15\u201318 %. Stejn\u011b jako v ka\u017ed\u00e9m m\u011bst\u011b si v\u0161\u00edmejte okol\u00ed; n\u011bkter\u00fdm m\u011bstsk\u00fdm \u010dtvrt\u00edm je v noci nejlep\u0161\u00ed se vyhnout. Obecn\u011b \u0159e\u010deno, obyvatel\u00e9 Saint Louis jsou p\u0159\u00e1tel\u0161t\u00ed a p\u0159\u00edmo\u010dar\u00ed.<a href=\"https:\/\/travelshelper.com\/cs\/destinace\/severni-amerika\/spojene-staty-americke\/berkeley-springs\/\" target=\"_self\" aria-labelledby=\"uael-post-8997\"><br \/>\n<\/a><\/li>\n<\/ul>","protected":false},"excerpt":{"rendered":"<p>St. Louis je v\u00fdznamn\u00e9 m\u011bsto v americk\u00e9m st\u00e1t\u011b Missouri. Je ide\u00e1ln\u011b situov\u00e1no na soutoku \u0159ek Mississippi a Missouri, co\u017e z n\u011bj ji\u017e dlouho d\u011bl\u00e1 d\u016fle\u017eit\u00e9 centrum obchodu a dopravy. Po\u010det obyvatel m\u011bsta v roce 2020 \u010dinil 301 570; jeho metropolitn\u00ed oblast, kter\u00e1 se rozkl\u00e1d\u00e1 a\u017e do Illinois, vykazovala odhadovanou populaci p\u0159es 2,8 milionu. To z n\u011bj d\u011bl\u00e1 druhou nejd\u016fle\u017eit\u011bj\u0161\u00ed metropolitn\u00ed oblast v Illinois a nejrozs\u00e1hlej\u0161\u00ed v Missouri. Kombinovan\u00e1 statistick\u00e1 oblast m\u011bsta nav\u00edc vynik\u00e1 jako 20. nejv\u011bt\u0161\u00ed ve Spojen\u00fdch st\u00e1tech.<\/p>","protected":false},"author":1,"featured_media":4727,"parent":8072,"menu_order":0,"comment_status":"closed","ping_status":"closed","template":"elementor_theme","meta":{"_eb_attr":"","footnotes":""},"class_list":["post-8347","page","type-page","status-publish","has-post-thumbnail"],"_links":{"self":[{"href":"https:\/\/travelshelper.com\/cs\/wp-json\/wp\/v2\/pages\/8347","targetHints":{"allow":["GET"]}}],"collection":[{"href":"https:\/\/travelshelper.com\/cs\/wp-json\/wp\/v2\/pages"}],"about":[{"href":"https:\/\/travelshelper.com\/cs\/wp-json\/wp\/v2\/types\/page"}],"author":[{"embeddable":true,"href":"https:\/\/travelshelper.com\/cs\/wp-json\/wp\/v2\/users\/1"}],"replies":[{"embeddable":true,"href":"https:\/\/travelshelper.com\/cs\/wp-json\/wp\/v2\/comments?post=8347"}],"version-history":[{"count":0,"href":"https:\/\/travelshelper.com\/cs\/wp-json\/wp\/v2\/pages\/8347\/revisions"}],"up":[{"embeddable":true,"href":"https:\/\/travelshelper.com\/cs\/wp-json\/wp\/v2\/pages\/8072"}],"wp:featuredmedia":[{"embeddable":true,"href":"https:\/\/travelshelper.com\/cs\/wp-json\/wp\/v2\/media\/4727"}],"wp:attachment":[{"href":"https:\/\/travelshelper.com\/cs\/wp-json\/wp\/v2\/media?parent=8347"}],"curies":[{"name":"wp","href":"https:\/\/api.w.org\/{rel}","templated":true}]}}