{"id":8341,"date":"2024-09-03T16:24:09","date_gmt":"2024-09-03T16:24:09","guid":{"rendered":"https:\/\/travelshelper.com\/staging\/?page_id=8341"},"modified":"2026-03-13T18:07:27","modified_gmt":"2026-03-13T18:07:27","slug":"portland","status":"publish","type":"page","link":"https:\/\/travelshelper.com\/cs\/destinations\/north-america\/united-states\/portland\/","title":{"rendered":"Portland"},"content":{"rendered":"<p>Portland v Oregonu se rozkl\u00e1d\u00e1 pod\u00e9l \u0159eky Willamette uprost\u0159ed st\u00e1lezelen\u00fdch kopc\u016f a n\u00edzk\u00fdch hor. Silueta m\u011bsta je skromn\u00e1, zdob\u00ed ji v\u011b\u017ee ze skla a oceli, p\u0159i\u010dem\u017e hora Mount Hood je \u010dasto viditeln\u00e1 skrz trhliny v mrac\u00edch na v\u00fdchod\u011b. Drsn\u00e1, de\u0161t\u011bm \u017eiven\u00e1 kr\u00e1sa definuje okol\u00ed; stromy a parky se prol\u00ednaj\u00ed s cihlov\u00fdmi a d\u0159ev\u011bn\u00fdmi \u010dtvrt\u011bmi. Pr\u00e1v\u011b v tomto prost\u0159ed\u00ed severoz\u00e1padn\u00edho Pacifiku se utv\u00e1\u0159el modern\u00ed charakter Portlandu \u2013 sm\u011bsice m\u011bstsk\u00e9 kultury a divok\u00e9 p\u0159\u00edrody.<\/p>\n<h2>Portland v \u010d\u00edslech<\/h2>\n<p>Po\u010det obyvatel Portlandu se pohybuje kolem \u0161esti set tis\u00edc. Podle s\u010d\u00edt\u00e1n\u00ed lidu z roku 2020 ve m\u011bst\u011b \u017eilo 652 503 obyvatel (oproti 583 776 v roce 2010). Sou\u010dasn\u00e9 odhady se pohybuj\u00ed kolem 620\u2013630 tis\u00edc, co\u017e odr\u00e1\u017e\u00ed m\u00edrn\u00fd pokles v posledn\u00edch letech. M\u011bsto je p\u0159ev\u00e1\u017en\u011b b\u00edl\u00e9 (asi 70 %), zbytek tvo\u0159\u00ed Ameri\u010dan\u00e9 asijsk\u00e9ho p\u016fvodu (~8 %), \u010derno\u0161i (~6 %) a Hisp\u00e1nci\/Latinoameri\u010dan\u00e9 (~10 %). Portlandsk\u00e1 ekonomika je rozmanit\u00e1: m\u00e1 siln\u00fd technologick\u00fd sektor (n\u011bkdy naz\u00fdvan\u00fd \u201eSilicon Forest\u201c) a v\u00fdznamnou zastoupen\u00ed spole\u010dnost\u00ed jako Nike, Intel a Columbia Sportswear. D\u016fle\u017eit\u00e1 je v\u00fdroba, zejm\u00e9na polovodi\u010dov\u00fdch \u010dip\u016f a sportovn\u00edho oble\u010den\u00ed. Ekonomiku dopl\u0148uj\u00ed zdravotnictv\u00ed, finance, vzd\u011bl\u00e1v\u00e1n\u00ed a slavn\u00e1 sc\u00e9na \u0159emesln\u00fdch potravin a pivovar\u016f. Mezi velk\u00e9 zam\u011bstnavatele pat\u0159\u00ed vl\u00e1da, high-tech firmy a univerzity.<\/p>\n<h2>Um\u00edst\u011bn\u00ed<\/h2>\n<p>Portland le\u017e\u00ed v severoz\u00e1padn\u00ed \u010d\u00e1sti Spojen\u00fdch st\u00e1t\u016f americk\u00fdch (Severn\u00ed Amerika), ve st\u00e1t\u011b Oregon. Le\u017e\u00ed pobl\u00ed\u017e soutoku \u0159ek Willamette a Columbia. M\u011bsto se rozkl\u00e1d\u00e1 na \u00fadoln\u00ed rovin\u011b v nadmo\u0159sk\u00e9 v\u00fd\u0161ce asi 4,5\u201360 metr\u016f, s n\u00edzko polo\u017een\u00fdmi kopci na z\u00e1pad\u011b a v\u00fdchod\u011b. Nedaleko na severov\u00fdchod\u011b se ty\u010d\u00ed Kask\u00e1dov\u00e9 poho\u0159\u00ed, jeho\u017e za jasn\u00fdch dn\u016f se nad obzorem ty\u010d\u00ed zasn\u011b\u017een\u00e9 sopky (zejm\u00e9na Mount Hood, vzd\u00e1len\u00e1 80 km). Portlandsk\u00e9 podneb\u00ed je tepl\u00e9 a letn\u00ed st\u0159edomo\u0159sk\u00e9 (K\u00f6ppenovo klima): l\u00e9ta jsou tepl\u00e1 a such\u00e1, zimy chladn\u00e9, vlhk\u00e9 a \u010dasto zata\u017een\u00e9. V zim\u011b m\u011bsto za\u017e\u00edv\u00e1 vydatn\u00e9 de\u0161t\u011b, kter\u00e9 napom\u00e1haj\u00ed jeho bujn\u00e9 vegetaci, ale v l\u00e9t\u011b jsou typick\u00e1 sucha. Teploty z\u0159\u00eddka dosahuj\u00ed extr\u00e9mn\u00edch maxim nebo minim d\u00edky vlivu mo\u0159e, i kdy\u017e se ob\u010das vyskytuj\u00ed vlny veder nebo chladn\u00e9 r\u00e1ny.<\/p>\n<h2>Historick\u00fd sn\u00edmek<\/h2>\n<p>Oblast Portlandu byla nejprve os\u00eddlena p\u016fvodn\u00edmi Ameri\u010dany mluv\u00edc\u00edmi jazykem Chinookan. Na po\u010d\u00e1tku 40. let 19. stolet\u00ed si ameri\u010dt\u00ed osadn\u00edci \u2013 v\u010detn\u011b Francise Pettygrovea a Asy Lovejoye \u2013 n\u00e1rokovali p\u016fdu, kter\u00e1 se pozd\u011bji stala centrem Portlandu. Legenda prav\u00ed, \u017ee v roce 1845 byl n\u00e1zev m\u011bsta ur\u010den hodem minc\u00ed mezi Pettygrove (\u201eP\u201c) a Lovejoy (\u201eL\u201c); Pettygrove\u016fv cent vyhr\u00e1l, a tak vznikl Portland (m\u00edsto \u201eBoston\u201c). M\u011bsto bylo zalo\u017eeno 8. \u00fanora 1851. Portland se rychle rozr\u016fstal jako centrum d\u0159eva a obchodu, p\u0159epravovalo d\u0159evo a p\u0161enici po \u0159ece do Kalifornie a d\u00e1le. V roce 1850 se stalo hlavn\u00edm m\u011bstem teritoria (do roku 1855). Koncem 19. a za\u010d\u00e1tkem 20. stolet\u00ed si Portland vyslou\u017eil p\u0159ezd\u00edvky jako \u201eM\u011bsto r\u016f\u017e\u00ed\u201c (v roce 1907 hostilo sv\u016fj prvn\u00ed Festival r\u016f\u017e\u00ed) a z\u00edskal si pov\u011bst progresivn\u00ed politiky. Mezi miln\u00edky pat\u0159\u00ed zalo\u017een\u00ed m\u011bsta v roce 1851, p\u0159\u00edchod \u017eeleznic v 80. letech 19. stolet\u00ed a v\u00fdstava Lewis &amp; Clark Centennial Exposition v roce 1905, kter\u00e1 m\u011bsto p\u0159edstavila. Druh\u00e1 sv\u011btov\u00e1 v\u00e1lka p\u0159inesla do\u010dasn\u00fd rozmach (s lod\u011bnicemi a lod\u011bnic\u00ed Kaiser ve Vanportu, co\u017e byl bytov\u00fd komplex z doby v\u00e1lky). Katastrofick\u00e1 povode\u0148 ve Vanportu v roce 1948, kter\u00e1 tento bytov\u00fd projekt zni\u010dila, byla dal\u0161\u00edm zlomov\u00fdm bodem, kter\u00fd vedl k trval\u00fdm zm\u011bn\u00e1m v po\u010dtu obyvatel a bydlen\u00ed m\u011bsta. V posledn\u00edch desetilet\u00edch se portlandsk\u00e1 ekonomika posunula sm\u011brem k vysok\u00fdm technologi\u00edm a slu\u017eb\u00e1m a jej\u00ed kultura za\u010dala kl\u00e1st d\u016fraz na udr\u017eitelnost m\u011bst a um\u011bn\u00ed.<\/p>\n<h2>Kulturn\u00ed atmosf\u00e9ra<\/h2>\n<p>Portlandsk\u00fd m\u00edstn\u00ed charakter je eklektick\u00fd a hrd\u011b sv\u00e9r\u00e1zn\u00fd. M\u011bsto l\u00e1k\u00e1 lidi pro svou \u017eivou kulturn\u00ed sc\u00e9nu \u2013 v\u010detn\u011b \u0159emesln\u00fdch pivovar\u016f, st\u00e1nk\u016f s ob\u010derstven\u00edm, hudebn\u00edch festival\u016f a prosperuj\u00edc\u00ed um\u011bleck\u00e9 komunity. Angli\u010dtina je hlavn\u00edm jazykem (kter\u00fdm mluv\u00ed v\u011bt\u0161ina rodin), v imigrantsk\u00fdch \u010dtvrt\u00edch se pou\u017e\u00edv\u00e1 i \u0161pan\u011bl\u0161tina a r\u016fzn\u00e9 asijsk\u00e9 a tichomo\u0159sk\u00e9 jazyky. Obyvatelstvo je obecn\u011b progresivn\u00ed a r\u00e1do se v\u011bnuje p\u0159\u00edrod\u011b; mnoho obyvatel pravideln\u011b jezd\u00ed na kole nebo p\u011b\u0161ky. \u201eKeep Portland Weird\u201c \u2013 dnes ji\u017e slavn\u00e9 motto \u2013 odr\u00e1\u017e\u00ed komunitu, kter\u00e1 si cen\u00ed nez\u00e1visl\u00e9ho podnik\u00e1n\u00ed a alternativn\u00ed kultury. Portland je nap\u0159\u00edklad oslavov\u00e1n svou kulturou j\u00eddla s mno\u017estv\u00edm \u0161pi\u010dkov\u00fdch kucha\u0159\u016f, st\u00e1nk\u016f s ob\u010derstven\u00edm, trh\u016f a pivovar\u016f. Mezi ka\u017edoro\u010dn\u00ed akce pat\u0159\u00ed Portlandsk\u00fd festival r\u016f\u017e\u00ed (za\u010d\u00e1tek l\u00e9ta), Oregonsk\u00fd festival pivovarn\u00edk\u016f a \u010detn\u00e9 kulturn\u00ed festivaly, kter\u00e9 odr\u00e1\u017eej\u00ed jeho rozmanitost. \u017divot zde m\u00e1 obecn\u011b uvoln\u011bn\u00e9 tempo: soused\u00e9 si pov\u00eddaj\u00ed v kav\u00e1rn\u00e1ch, parky p\u016fsob\u00ed dob\u0159e vyu\u017e\u00edvan\u011b a ch\u016fze nebo j\u00edzda na kole jsou b\u011b\u017en\u00e9. Navzdory sv\u00e9 velikosti si Portland zachov\u00e1v\u00e1 ohniska sousedsk\u00e9ho tepla a p\u0159\u00e1telsk\u00e9 pohostinnosti. Jak poznamen\u00e1v\u00e1 jeden pr\u016fvodce: \u201eLid\u00e9 se hrnou do Portlandu kv\u016fli kousku jeho \u017eiv\u00e9 kultury \u2013 kv\u016fli j\u00eddlu a pivu, um\u011bn\u00ed, kulturn\u00edm komunit\u00e1m, festival\u016fm nebo no\u010dn\u00edmu \u017eivotu.\u201c<\/p>\n<h2><strong>Nejlep\u0161\u00ed atrakce<\/strong><\/h2>\n<ul>\n<li><strong>Washingtonsk\u00fd park<\/strong> \u2013 Rozlehl\u00fd zalesn\u011bn\u00fd park z\u00e1padn\u011b od centra m\u011bsta. Nach\u00e1z\u00ed se zde slavn\u00e1 Mezin\u00e1rodn\u00ed zahrada pro testov\u00e1n\u00ed r\u016f\u017e\u00ed a Portlandsk\u00e1 japonsk\u00e1 zahrada, ob\u011b renomovan\u00e9 zahrady, zoologick\u00e1 zahrada v Oregonu a arboretum Hoyt. N\u00e1v\u0161t\u011bvn\u00edci zde \u010dasto tr\u00e1v\u00ed cel\u00fd den mezi r\u016f\u017eov\u00fdmi z\u00e1hony, jez\u00edrky s koi kapry a stinn\u00fdmi stezkami.<\/li>\n<li><strong>Sout\u011bska \u0159eky Columbia<\/strong> \u2013 A\u010dkoli se nach\u00e1z\u00ed hned za m\u011bstem, sout\u011bska Columbia Gorge je jednodenn\u00ed v\u00fdlet, kter\u00fd mus\u00edte vid\u011bt. Malebn\u00e1 silnice vedouc\u00ed proti proudu sout\u011bsky nab\u00edz\u00ed dramatick\u00e9 vodop\u00e1dy (v\u010detn\u011b impozantn\u00edch Multnomah Falls) a vyhl\u00eddky na \u0159eku Columbia. \u010casto se zmi\u0148uje mezi nejlep\u0161\u00edmi v\u00fdlety do Portlandu.<\/li>\n<li><strong>Pittock\u016fv d\u016fm<\/strong> \u2013 Velkolep\u00e9 s\u00eddlo na kopci postaven\u00e9 v roce 1914 Henrym Pittockem (zakladatelem oregonsk\u00fdch novin). Zrekonstruovan\u00e9 a otev\u0159en\u00e9 jako muzeum nab\u00edz\u00ed panoramatick\u00fd v\u00fdhled na m\u011bsto a nahl\u00e9dnut\u00ed do portlandsk\u00e9 elity po\u010d\u00e1tku 20. stolet\u00ed. (P\u0159ed demolic\u00ed v 60. letech 20. stolet\u00ed ho zachr\u00e1nilo \u00fasil\u00ed komunity.)<\/li>\n<li><strong>Powellovo m\u011bsto knih<\/strong> \u2013 Nejv\u011bt\u0161\u00ed nez\u00e1visl\u00e9 knihkupectv\u00ed na sv\u011bt\u011b, kter\u00e9 zab\u00edr\u00e1 cel\u00fd m\u011bstsk\u00fd blok v centru Portlandu. V jeho reg\u00e1lech najdete p\u0159es milion pou\u017eit\u00fdch i nov\u00fdch knih. Najdete zde tak\u00e9 \u010dtec\u00ed koutky a kav\u00e1rnu. B\u011b\u017en\u00e9 jsou zde liter\u00e1rn\u00ed akce a besedy s autory.<\/li>\n<li><strong>\u010c\u00ednsk\u00e1 zahrada Lan Su<\/strong> \u2013 Klidn\u00e1, autentick\u00e1 zahrada v su-\u010dousk\u00e9m stylu ve star\u00e9 \u010d\u00ednsk\u00e9 \u010dtvrti. Postavena \u010d\u00ednsk\u00fdmi \u0159emesln\u00edky, nab\u00edz\u00ed klikat\u00e9 stezky, kryt\u00e9 pavilony a scen\u00e9rii s jez\u00edrkem a slou\u017e\u00ed jako klidn\u00e9 m\u00edsto k odpo\u010dinku uprost\u0159ed m\u011bsta.<\/li>\n<li><strong>Oregonsk\u00e9 muzeum v\u011bdy a pr\u016fmyslu (OMSI)<\/strong> \u2013 Interaktivn\u00ed v\u011bdeck\u00e9 muzeum na v\u00fdchodn\u00edm n\u00e1b\u0159e\u017e\u00ed. Mezi nejzaj\u00edmav\u011bj\u0161\u00ed pat\u0159\u00ed kino OMNIMAX, planet\u00e1rium a vy\u0159azen\u00e1 ponorka americk\u00e9ho n\u00e1mo\u0159nictva (USS Blueback), kterou si n\u00e1v\u0161t\u011bvn\u00edci mohou prohl\u00e9dnout. Je obl\u00edben\u00e9 u rodin pro sv\u00e9 interaktivn\u00ed expon\u00e1ty o energii, technologi\u00edch a p\u0159\u00edrodn\u00ed historii.<\/li>\n<li><strong>Portlandsk\u00fd sobotn\u00ed trh<\/strong> \u2013 Trh s um\u011bn\u00edm a \u0159emesly pod \u0161ir\u00fdm nebem v \u010d\u00ednsk\u00e9 \u010dtvrti Old Town, kter\u00fd prob\u00edh\u00e1 od jara do prosince. Byl zalo\u017een v roce 1974 a rozrostl se v jeden z nejv\u011bt\u0161\u00edch trh\u016f pod \u0161ir\u00fdm nebem v zemi. \u0158emesln\u00edci prod\u00e1vaj\u00ed ru\u010dn\u011b vyr\u00e1b\u011bn\u00e9 \u0161perky, \u0159emesln\u00e9 v\u00fdrobky, oble\u010den\u00ed a potraviny; ka\u017edoro\u010dn\u011b p\u0159il\u00e1k\u00e1 p\u0159es milion n\u00e1v\u0161t\u011bvn\u00edk\u016f.<\/li>\n<\/ul>\n<h2>Praktick\u00fd sn\u00edmek<\/h2>\n<ul>\n<li><strong>Jak se tam dostat:<\/strong> Hlavn\u00edm leti\u0161t\u011bm je mezin\u00e1rodn\u00ed leti\u0161t\u011b v Portlandu (PDX), odkud obsluhuj\u00ed p\u0159\u00edm\u00e1 spojen\u00ed do mnoha americk\u00fdch m\u011bst a mezin\u00e1rodn\u00edch destinac\u00ed. Z centra m\u011bsta zaji\u0161\u0165uje p\u0159\u00edm\u00e9 spojen\u00ed \u010dervenou linkou lehk\u00e9 \u017eeleznice MAX: jednosm\u011brn\u00e1 cesta na leti\u0161t\u011b trv\u00e1 p\u0159ibli\u017en\u011b 38 minut (j\u00edzdn\u00e9 2,80 USD). Na leti\u0161t\u011b se dostanete tak\u00e9 autobusy spole\u010dnosti TriMet. Vlakem spojuje Portland se Seattlem a Eugene linka Cascades spole\u010dnosti Amtrak. Hlavn\u00ed d\u00e1lnice (I-5 sever-jih, I-84 v\u00fdchod-z\u00e1pad, US 26) spojuj\u00ed m\u011bsto s region\u00e1ln\u00edmi destinacemi.<\/li>\n<li><strong>Doprava:<\/strong> Syst\u00e9m TriMet (lehk\u00e1 \u017eeleznice, tramvaje a autobusy) pokr\u00fdv\u00e1 v\u011bt\u0161inu Portlandu. Cyklistika je velmi obl\u00edben\u00e1; m\u011bsto je pravideln\u011b hodnoceno jako jedno z nejvhodn\u011bj\u0161\u00edch pro cyklisty v USA. Centrum je kompaktn\u00ed a vhodn\u00e9 pro p\u011b\u0161\u00ed (zejm\u00e9na Pioneer Courthouse Square a Pearl District). J\u00edzda autem je mo\u017en\u00e1, ale parkov\u00e1n\u00ed v ru\u0161n\u00fdch \u010dtvrt\u00edch m\u016f\u017ee b\u00fdt vz\u00e1cn\u00e9 nebo drah\u00e9. Mnoho obyvatel Portlandu pou\u017e\u00edv\u00e1 kartu Hop nebo mobiln\u00ed aplikaci k placen\u00ed j\u00edzdn\u00e9ho v autobusech a vlac\u00edch. Sd\u00edlen\u00e9 j\u00edzdy (Uber\/Lyft) jsou v\u0161udyp\u0159\u00edtomn\u00e9.<\/li>\n<li><strong>Z\u00e1kladn\u00ed tipy:<\/strong> M\u011bnou je americk\u00fd dolar. Hlavn\u00edm jazykem je angli\u010dtina (mnoho obyvatel mluv\u00ed tak\u00e9 \u0161pan\u011blsky, zejm\u00e9na v severov\u00fdchodn\u00edm Portlandu). V restaurac\u00edch a tax\u00edc\u00edch je obvykl\u00e9 d\u00e1vat spropitn\u00e9 ve v\u00fd\u0161i zhruba 15\u201320 % z \u00fa\u010dtu. Portland je obecn\u011b podle m\u011bstsk\u00fdch standard\u016f bezpe\u010dn\u00fd, ale je t\u0159eba dodr\u017eovat b\u011b\u017en\u00e1 m\u011bstsk\u00e1 opat\u0159en\u00ed (vyh\u00fdbat se opu\u0161t\u011bn\u00fdm oblastem v noci, chr\u00e1nit si cennosti). M\u00edstn\u00ed obyvatel\u00e9 si cen\u00ed zdvo\u0159ilosti a ohleduplnosti k \u017eivotn\u00edmu prost\u0159ed\u00ed; normou je le\u017e\u00e9rn\u00ed oble\u010den\u00ed.<a href=\"https:\/\/travelshelper.com\/cs\/destinace\/severni-amerika\/spojene-staty-americke\/berkeley-springs\/\" target=\"_self\" aria-labelledby=\"uael-post-8997\"><br \/>\n<\/a><\/li>\n<\/ul>","protected":false},"excerpt":{"rendered":"<p>Portland, zasazen\u00fd v idylick\u00e9 \u010d\u00e1sti severoz\u00e1padn\u00edho Pacifiku, je nejlidnat\u011bj\u0161\u00edm m\u011bstem v Oregonu, st\u00e1t\u011b USA. Toto energick\u00e9 m\u011bsto, z\u00e1m\u011brn\u011b um\u00edst\u011bn\u00e9 na severoz\u00e1pad\u011b st\u00e1tu, slou\u017e\u00ed jako m\u00edsto setk\u00e1v\u00e1n\u00ed \u0159ek Columbia a Willamette. Portland je s\u00eddlem okresu Multnomah, nejlidnat\u011bj\u0161\u00edho okresu v Oregonu, a proto zauj\u00edm\u00e1 nezastupiteln\u00e9 m\u00edsto v administrativn\u00edm a kulturn\u00edm r\u00e1mci st\u00e1tu. S populac\u00ed 652 503 obyvateli podle s\u010d\u00edt\u00e1n\u00ed lidu z roku 2020 je Portland 26. nejlidnat\u011bj\u0161\u00edm m\u011bstem ve Spojen\u00fdch st\u00e1tech, p\u0159i\u010dem\u017e Seattle je nejlidnat\u011bj\u0161\u00edm m\u011bstem severoz\u00e1padn\u00edho Pacifiku, a druh\u00fdm nejlidnat\u011bj\u0161\u00edm m\u011bstem na jeho z\u00e1padn\u00edm pob\u0159e\u017e\u00ed. Metropolitn\u00ed oblast Portlandu s t\u00e9m\u011b\u0159 2,5 miliony obyvatel se \u0159ad\u00ed na 25. m\u00edsto v po\u010dtu obyvatel ve Spojen\u00fdch st\u00e1tech. Metropolitn\u00ed oblast Portlandu je pozoruhodn\u011b domovem t\u00e9m\u011b\u0159 poloviny obyvatel Oregonu, co\u017e zd\u016fraz\u0148uje jej\u00ed centr\u00e1ln\u00ed centrum vlivu a d\u016fle\u017eitost aktivit.<\/p>","protected":false},"author":1,"featured_media":4170,"parent":8072,"menu_order":0,"comment_status":"closed","ping_status":"closed","template":"elementor_theme","meta":{"_eb_attr":"","footnotes":""},"class_list":["post-8341","page","type-page","status-publish","has-post-thumbnail"],"_links":{"self":[{"href":"https:\/\/travelshelper.com\/cs\/wp-json\/wp\/v2\/pages\/8341","targetHints":{"allow":["GET"]}}],"collection":[{"href":"https:\/\/travelshelper.com\/cs\/wp-json\/wp\/v2\/pages"}],"about":[{"href":"https:\/\/travelshelper.com\/cs\/wp-json\/wp\/v2\/types\/page"}],"author":[{"embeddable":true,"href":"https:\/\/travelshelper.com\/cs\/wp-json\/wp\/v2\/users\/1"}],"replies":[{"embeddable":true,"href":"https:\/\/travelshelper.com\/cs\/wp-json\/wp\/v2\/comments?post=8341"}],"version-history":[{"count":0,"href":"https:\/\/travelshelper.com\/cs\/wp-json\/wp\/v2\/pages\/8341\/revisions"}],"up":[{"embeddable":true,"href":"https:\/\/travelshelper.com\/cs\/wp-json\/wp\/v2\/pages\/8072"}],"wp:featuredmedia":[{"embeddable":true,"href":"https:\/\/travelshelper.com\/cs\/wp-json\/wp\/v2\/media\/4170"}],"wp:attachment":[{"href":"https:\/\/travelshelper.com\/cs\/wp-json\/wp\/v2\/media?parent=8341"}],"curies":[{"name":"wp","href":"https:\/\/api.w.org\/{rel}","templated":true}]}}