{"id":8325,"date":"2024-09-03T15:10:41","date_gmt":"2024-09-03T15:10:41","guid":{"rendered":"https:\/\/travelshelper.com\/staging\/?page_id=8325"},"modified":"2026-03-13T18:07:44","modified_gmt":"2026-03-13T18:07:44","slug":"phoenix","status":"publish","type":"page","link":"https:\/\/travelshelper.com\/cs\/destinations\/north-america\/united-states\/phoenix\/","title":{"rendered":"Phoenix"},"content":{"rendered":"<p>Phoenix je rozlehl\u00e9 hlavn\u00ed m\u011bsto Arizony a co do rozlohy jedno z nejv\u011bt\u0161\u00edch m\u011bst v USA. Podle s\u010d\u00edt\u00e1n\u00ed lidu z roku 2020 m\u011blo 1 608 139 obyvatel, co\u017e z n\u011bj \u010din\u00ed p\u00e1t\u00e9 nejv\u011bt\u0161\u00ed m\u011bsto v zemi a nejlidnat\u011bj\u0161\u00ed hlavn\u00ed m\u011bsto st\u00e1tu. Metropolitn\u00ed oblast Phoenixu (v\u010detn\u011b p\u0159edm\u011bst\u00ed jako Scottsdale a Mesa) m\u00e1 p\u0159es 5,2 milionu obyvatel a \u0159ad\u00ed se mezi deset nejlep\u0161\u00edch metropol\u00ed USA. Phoenix je rozmanit\u00fd: p\u0159ibli\u017en\u011b 42 % obyvatel jsou Hisp\u00e1nci\/Latinoameri\u010dan\u00e9, co\u017e odr\u00e1\u017e\u00ed jeho jihoz\u00e1padn\u00ed kulturu a bl\u00edzkost Mexika. Ve m\u011bst\u011b tak\u00e9 roste po\u010det Asiat\u016f, Afroameri\u010dan\u016f a p\u016fvodn\u00edch obyvatel Ameriky. Medi\u00e1n v\u011bku je kolem 35 let. Z ekonomick\u00e9ho hlediska je Phoenix siln\u00fd: ekonomika metropole (HDP) \u010dinila v roce 2023 p\u0159ibli\u017en\u011b 398 miliard dolar\u016f. Mezi kl\u00ed\u010dov\u00e1 odv\u011btv\u00ed pat\u0159\u00ed technologie, zdravotnictv\u00ed, vzd\u011bl\u00e1v\u00e1n\u00ed a stavebnictv\u00ed, kter\u00e9 jsou podporov\u00e1ny desetilet\u00edmi stabiln\u00edho r\u016fstu populace (v letech 1960\u20132000 dosahoval pr\u016fm\u011brn\u00e9ho ro\u010dn\u00edho r\u016fstu ~4 %).<\/p>\n<p>Phoenix le\u017e\u00ed v \u0161irok\u00e9m \u00fadol\u00ed \u0159eky Salt River (\u010dasto naz\u00fdvan\u00e9m \u201e\u00dadol\u00ed slunce\u201c) v jiho-centr\u00e1ln\u00ed Arizon\u011b. Le\u017e\u00ed v nadmo\u0159sk\u00e9 v\u00fd\u0161ce asi 326 metr\u016f a je obklopen pou\u0161tn\u00edmi a horsk\u00fdmi rezervacemi. Ter\u00e9n v m\u00edst\u011b, kde se t\u00e1hne m\u011bstsk\u00e1 s\u00ed\u0165, je rovinat\u00fd, p\u0159eru\u0161ovan\u00fd bl\u00edzk\u00fdmi kopci a horami, jako je hora Camelback a vrchol Piestewa (ty\u010d\u00edc\u00ed se p\u0159ibli\u017en\u011b 870 metr\u016f nad m\u011bstem) a South Mountain (jeden z nejv\u011bt\u0161\u00edch m\u011bstsk\u00fdch park\u016f na sv\u011bt\u011b). M\u011bsto je sou\u010d\u00e1st\u00ed Sonorsk\u00e9 pou\u0161t\u011b, kter\u00e1 se vyzna\u010duje kaktusy saguaro, mesquitov\u00fdmi stromy a kreosotov\u00fdmi k\u0159ovinami.<\/p>\n<p>Podneb\u00ed je pou\u0161tn\u00ed a such\u00e9. Phoenix je zn\u00e1m\u00fd hork\u00fdmi l\u00e9ty a m\u00edrn\u00fdmi zimami. Letn\u00ed denn\u00ed teploty \u010dasto p\u0159esahuj\u00ed 43 \u00b0C s n\u00edzkou vlhkost\u00ed vzduchu. Monzunov\u00e9 de\u0161t\u011b p\u0159ich\u00e1zej\u00ed v letn\u00edch odpoledn\u00edch hodin\u00e1ch, kr\u00e1tce ochlazuj\u00ed a vy\u017eivuj\u00ed vegetaci. Zimn\u00ed dny jsou slune\u010dn\u00e9 a tepl\u00e9 (15\u201322 \u00b0C), ale noci mohou b\u00fdt chladn\u00e9. Celkov\u011b m\u00e1 \u200b\u200bPhoenix asi 320 slune\u010dn\u00fdch dn\u016f v roce. Jeho such\u00e9 klima umo\u017e\u0148uje palm\u00e1m prosp\u00edvat (odtud n\u00e1zev) a poskytuje jasnou oblohu po cel\u00fd rok.<\/p>\n<p>P\u016fvod Phoenixu je na m\u011bsto na z\u00e1pad\u011b USA ne\u010dekan\u011b star\u00fd. V roce 1867 jej os\u00eddlil farm\u00e1\u0159 Jack Swilling, kter\u00fd vybudoval zavla\u017eovac\u00ed kan\u00e1ly (s vyu\u017eit\u00edm star\u00fdch tras kan\u00e1lu Hohokam) k obd\u011bl\u00e1v\u00e1n\u00ed p\u016fdy v pou\u0161ti. V roce 1881 se Phoenix stal m\u011bstem a v roce 1889 se stal \u00fazemn\u00edm centrem. Na za\u010d\u00e1tku 20. stolet\u00ed dominovalo zem\u011bd\u011blstv\u00ed (bavlna, citrusy, dobytek) \u2013 m\u00edstn\u011b zn\u00e1m\u00e9 jako \u201ep\u011bt C\u201c ekonomiky. P\u0159\u00edchod \u017eeleznice (1895) a zalo\u017een\u00ed leti\u0161t\u011b Sky Harbor (1928) podn\u00edtily r\u016fst.<\/p>\n<p>Druh\u00e1 sv\u011btov\u00e1 v\u00e1lka a zaveden\u00ed klimatizace prom\u011bnily Phoenix. Z mal\u00e9ho m\u011bsta se rozrostlo v modern\u00ed m\u011bsto. Vysp\u011bl\u00e9 technologick\u00e9 spole\u010dnosti a vojensk\u00e9 leteck\u00e9 z\u00e1kladny vyu\u017e\u00edvaly klimatu; pov\u00e1le\u010dn\u00ed veter\u00e1ni a imigranti budovali p\u0159edm\u011bstsk\u00e9 z\u00e1stavby. V 60. letech 20. stolet\u00ed byl Phoenix jedn\u00edm z nejrychleji rostouc\u00edch m\u011bst v USA. M\u011bsto hostilo pochod za ob\u010dansk\u00e1 pr\u00e1va v roce 1960 (v \u00fadol\u00ed se \u0159\u00edkalo Kennedyho \u201evyz\u00fdvav\u00e9 b\u00fd\u010d\u00ed Connor\u201c). Na konci 20. stolet\u00ed se v centru m\u011bsta objevily mrakodrapy a m\u011bsto p\u0159ijalo odv\u011btv\u00ed slu\u017eeb a technologi\u00ed. Dnes Phoenix vyva\u017euje tuto modernitu s hrdost\u00ed na sv\u00e9 d\u011bdictv\u00ed Divok\u00e9ho z\u00e1padu; historick\u00e9 parky zachov\u00e1vaj\u00ed poz\u016fstatky ran\u00fdch z\u00e1padn\u00edch vesnic a pam\u00e1tek p\u016fvodn\u00edch obyvatel Ameriky. Nap\u0159\u00edklad archeologick\u00e9 nalezi\u0161t\u011b Pueblo Grande v centru m\u011bsta obsahuje ruiny Hohokam, kter\u00e9 spojuj\u00ed dne\u0161n\u00ed Phoenix 2 000 let zp\u011bt.<\/p>\n<p>Phoenix je m\u011bstsk\u00e1 mozaika jihoz\u00e1padu. Dominuje zde angli\u010dtina, ale \u010dasto se objevuje i \u0161pan\u011bl\u0161tina. Charakter m\u011bsta kombinuje drsn\u00e9 ko\u0159eny z pohrani\u010d\u00ed s kosmopolitn\u00edm rozvojem. Ve Phoenixu je c\u00edtit pozitivn\u00ed p\u0159\u00edstup. M\u011bsto p\u0159itahuje nov\u011b p\u0159\u00edchoz\u00ed z cel\u00e9 Ameriky, co\u017e p\u0159isp\u00edv\u00e1 k uvoln\u011bn\u00e9, ale z\u00e1rove\u0148 podnikatelsk\u00e9 atmosf\u00e9\u0159e. Mezi obyvateli panuje nen\u00e1padn\u00e1 p\u0159\u00e1telskost \u2013 mo\u017en\u00e1 utv\u00e1\u0159en\u00e1 spole\u010dn\u00fdmi v\u00fdzvami pou\u0161tn\u00edho prost\u0159ed\u00ed.<\/p>\n<p>Architektonicky i kulturn\u011b \u010derp\u00e1 Phoenix ze sv\u00e9ho pou\u0161tn\u00edho prost\u0159ed\u00ed. Mnoho komunitn\u00edch akc\u00ed oslavuje d\u011bdictv\u00ed p\u016fvodn\u00edch obyvatel Ameriky a Mexi\u010dan\u016f. Nap\u0159\u00edklad Heardovo muzeum p\u0159edstavuje um\u011bn\u00ed p\u016fvodn\u00edch obyvatel Ameriky a p\u0159itahuje mnoho n\u00e1v\u0161t\u011bvn\u00edk\u016f. Ka\u017edoro\u010dn\u00ed festivaly, jako je golfov\u00fd turnaj Phoenix Open, filmov\u00fd festival ve Phoenixu a Charro Days\/D\u00eda de los Muertos, odr\u00e1\u017eej\u00ed m\u00edstn\u00ed z\u00e1jmy. Venkovn\u00ed \u017eivotn\u00ed styl je zde zp\u016fsobem \u017eivota: v\u00edkendy se \u010dasto to\u010d\u00ed kolem turistiky po horsk\u00fdch stezk\u00e1ch, kempov\u00e1n\u00ed v pou\u0161ti nebo hran\u00ed golfu. Navzdory sv\u00e9mu r\u016fstu se Phoenix m\u00edsty st\u00e1le zd\u00e1 b\u00fdt pohrani\u010dn\u00ed \u2013 m\u00e1 s\u00ed\u0165 v\u00edce\u00fa\u010delov\u00fdch kan\u00e1l\u016f (pro cyklistiku), n\u00e1kupn\u00ed centra pod \u0161ir\u00fdm nebem a ve\u0159ejn\u00e9 um\u011bn\u00ed v jihoz\u00e1padn\u00edm stylu. Siln\u011b se zde cen\u00ed i architektura: p\u0159\u00edtomnost Franka Lloyda Wrighta (prost\u0159ednictv\u00edm Taliesin West, jeho zimn\u00edho komplexu) dod\u00e1v\u00e1 n\u00e1dech vysok\u00e9ho designu. V \u010dtvrt\u00edch, jako je Downtown Roosevelt Row, lze nal\u00e9zt \u017eiv\u00e9 um\u011bleck\u00e9 \u010dtvrti s n\u00e1st\u011bnn\u00fdmi malbami a galeriemi.<\/p>\n<p>No\u010dn\u00ed sc\u00e9na ve Phoenixu tak\u00e9 p\u0159ekvapuje n\u00e1v\u0161t\u011bvn\u00edky: mini \u201eMelrose District\u201c na Camelback Road nab\u00edz\u00ed pivovary a mal\u00e9 kluby, zat\u00edmco Scottsdale (sousedn\u00ed m\u011bsto) m\u00e1 luxusn\u00ed no\u010dn\u00ed \u017eivot. Celkov\u00e9 tempo je v\u0161ak ve srovn\u00e1n\u00ed s v\u011bt\u0161\u00edmi m\u011bsty klidn\u00e9 \u2013 typick\u00fd ve\u010der m\u016f\u017ee skon\u010dit sledov\u00e1n\u00edm z\u00e1padu slunce v pou\u0161ti za siluetami saguar\u016f. Stru\u010dn\u011b \u0159e\u010deno, Phoenix p\u016fsob\u00ed jako modern\u00ed pou\u0161tn\u00ed m\u011bsto: p\u0159\u00e1telsk\u00e9, sluncem zalit\u00e9 a definovan\u00e9 pobytem v p\u0159\u00edrod\u011b, technologick\u00fdmi ambicemi a jihoz\u00e1padn\u00edm d\u011bdictv\u00edm.<\/p>\n<p>Atrakce Phoenixu se zam\u011b\u0159uj\u00ed na outdoorov\u00e9 dobrodru\u017estv\u00ed a pou\u0161tn\u00ed kulturu. Hlavn\u00ed z nich je Pou\u0161tn\u00ed botanick\u00e1 zahrada, \u017eivouc\u00ed muzeum such\u00fdch rostlin o rozloze 140 akr\u016f. Klikat\u00e9 stezky a pou\u0161tn\u00ed krajina t\u00e9to zahrady umo\u017e\u0148uj\u00ed n\u00e1v\u0161t\u011bvn\u00edk\u016fm obdivovat ob\u0159\u00ed saguaro, lesy cholla a rozkvetl\u00e9 pou\u0161tn\u00ed kv\u011btiny. Nedaleko se nach\u00e1z\u00ed park Papago, kter\u00fd nab\u00edz\u00ed snadn\u00e9 t\u00fary (t\u00fara Hole-in-the-Rock k p\u00edskovcov\u00e9 vyhl\u00eddce) a nach\u00e1z\u00ed se zde zoologick\u00e1 zahrada Phoenix a Japonsk\u00e1 zahrada p\u0159\u00e1telstv\u00ed.<\/p>\n<p>Pro \u00fachvatn\u00e9 v\u00fdhledy na m\u011bsto jsou ikonick\u00e9 stezky Echo nebo Cholla v Camelback Mountain \u2013 z t\u011bchto h\u0159eben\u016f je vid\u011bt cel\u00e9 \u00fadol\u00ed. Podobn\u011b South Mountain Park &amp; \u200b\u200bPreserve (jeden z nejv\u011bt\u0161\u00edch m\u011bstsk\u00fdch park\u016f na sv\u011bt\u011b) nab\u00edz\u00ed jak n\u00e1ro\u010dn\u00e9 t\u00fary, tak i malebn\u00e9 j\u00edzdy autem nad ji\u017en\u00ed stranou m\u011bsta. Celoro\u010dn\u00ed slunce a \u010dist\u00fd vzduch ve Phoenixu \u010din\u00ed tyto t\u00fary tam a zp\u011bt obohacuj\u00edc\u00edmi.<\/p>\n<p>Ve m\u011bst\u011b se nach\u00e1z\u00ed nep\u0159ebern\u00e9 mno\u017estv\u00ed kulturn\u00edch pam\u00e1tek. Heardovo muzeum je celost\u00e1tn\u011b proslul\u00e9 sv\u00fdm um\u011bn\u00edm a artefakty domorod\u00fdch Ameri\u010dan\u016f; ka\u017edoro\u010dn\u011b p\u0159il\u00e1k\u00e1 asi \u010dtvrt milionu n\u00e1v\u0161t\u011bvn\u00edk\u016f. Dal\u0161\u00edm unik\u00e1tn\u00edm muzeem je Muzeum hudebn\u00edch n\u00e1stroj\u016f (otev\u0159eno v roce 2010) \u2013 uchov\u00e1v\u00e1 p\u0159es 15 000 n\u00e1stroj\u016f z cel\u00e9ho sv\u011bta, co\u017e z n\u011bj \u010din\u00ed nejv\u011bt\u0161\u00ed sb\u00edrku sv\u00e9ho druhu na sv\u011bt\u011b. Milovn\u00edci historie nav\u0161t\u011bvuj\u00ed ruiny Pueblo Grande a Muzeum kapitolu v Arizon\u011b (s\u00eddl\u00ed v budov\u011b \u00fazemn\u00edho kapitolu z roku 1901). Milovn\u00edci um\u011bn\u00ed tr\u00e1v\u00ed \u010das ve Phoenix Art Museum (nejv\u011bt\u0161\u00ed sb\u00edrka vizu\u00e1ln\u00edho um\u011bn\u00ed na jihoz\u00e1pad\u011b) a zastavuj\u00ed se, aby si prohl\u00e9dli ve\u0159ejn\u00e9 um\u011bn\u00ed, jako je s\u00ed\u0165ov\u00e1 socha Janet Echelmanov\u00e9 \u201eHer Secret Is Patience\u201c nad parkem Civic Space Park.<\/p>\n<p>Sport a z\u00e1bava jsou tak\u00e9 hlavn\u00edmi atrakcemi. Velk\u00fdm l\u00e1kadlem jsou v sez\u00f3n\u011b t\u00fdmy MLB Diamondbacks z Phoenixu, NBA Suns a NFL Cardinals z NFL. Arizonsk\u00e9 v\u011bdeck\u00e9 centrum a D\u011btsk\u00e9 muzeum (jedno z nejlep\u0161\u00edch d\u011btsk\u00fdch muze\u00ed v zemi) bav\u00ed rodiny. Mezi sez\u00f3nn\u00ed akce pat\u0159\u00ed fotbalov\u00e9 z\u00e1pasy Fiesta Bowl, z\u00e1vody NASCAR na z\u00e1vodn\u00ed dr\u00e1ze Phoenix Raceway a golfov\u00fd turnaj Phoenix Open. Stru\u010dn\u011b \u0159e\u010deno, m\u00edsta, kter\u00e1 mus\u00edte ve Phoenixu vid\u011bt, zahrnuj\u00ed kombinaci pou\u0161tn\u00edch park\u016f, kulturn\u00edch instituc\u00ed a z\u00e1bavn\u00e9 rekreace: p\u0159edstavte si dopoledne v botanick\u00e9 zahrad\u011b, odpoledn\u00ed t\u00faru a ve\u010der ve st\u0159e\u0161n\u00edm baru s v\u00fdhledem na sv\u011btla m\u011bsta.<\/p>\n<p>Hlavn\u00ed leti\u0161t\u011b ve Phoenixu je Phoenix Sky Harbor International Airport (PHX), kter\u00e9 se nach\u00e1z\u00ed v centru m\u011bsta a obsluhuje v\u0161echny hlavn\u00ed leteck\u00e9 spole\u010dnosti. M\u00e1 p\u0159\u00edm\u00e9 spojen\u00ed s v\u011bt\u0161inou americk\u00fdch m\u011bst a n\u011bkolika mezin\u00e1rodn\u00edmi uzly. Sky Harbor pat\u0159\u00ed mezi nejru\u0161n\u011bj\u0161\u00ed leti\u0161t\u011b v zemi a nab\u00edz\u00ed rozs\u00e1hl\u00e9 z\u00e1zem\u00ed. M\u011bsto m\u00e1 nav\u00edc hlavn\u00ed mezist\u00e1tn\u00ed d\u00e1lnici (I-10) vedouc\u00ed ve sm\u011bru v\u00fdchod-z\u00e1pad a I-17 vedouc\u00ed ve sm\u011bru sever-jih a d\u00e1le d\u00e1lnice US 60 a 51 proch\u00e1zej\u00edc\u00ed m\u011bstem. Phoenix m\u00e1 vynikaj\u00edc\u00ed silni\u010dn\u00ed spojen\u00ed, ale \u0159idi\u010di by se m\u011bli p\u0159ipravit na hork\u00e9 po\u010das\u00ed a hust\u00fd provoz na d\u00e1lnic\u00edch v \u0161pi\u010dce (zejm\u00e9na dopravn\u00ed \u0161pi\u010dku na I-10). Pro cestuj\u00edc\u00ed vlakem m\u00e1 Amtrak stanici v centru m\u011bsta (Station at Phoenix) s linkami do Los Angeles a Chicaga, i kdy\u017e j\u00edzdn\u00ed \u0159\u00e1dy jsou omezen\u00e9. Do Phoenixu jezd\u00ed tak\u00e9 mezim\u011bstsk\u00e9 autobusy (Greyhound, Flixbus).<\/p>\n<p>Phoenix je velmi zam\u011b\u0159en\u00fd na automobily. M\u011bsto m\u00e1 rozlehlou rozlohu a ve\u0159ejn\u00e1 doprava je vzhledem k jeho velikosti omezen\u00e1. Valley Metro provozuje autobusy po cel\u00e9 metropolitn\u00ed oblasti a linku lehk\u00e9 \u017eeleznice proch\u00e1z\u00ed centrem m\u011bsta a st\u0159edn\u00ed \u010d\u00e1st\u00ed m\u011bsta. Lehk\u00e1 \u017eeleznice v sou\u010dasn\u00e9 dob\u011b pokr\u00fdv\u00e1 38 mil ze severn\u00edho Phoenixu p\u0159es centrum m\u011bsta do Mesy; pl\u00e1nuj\u00ed se dal\u0161\u00ed linky. M\u00e9n\u011b ne\u017e 4 % pracuj\u00edc\u00edch v\u0161ak vyu\u017e\u00edv\u00e1 ve\u0159ejnou dopravu, tak\u017ee v\u011bt\u0161ina n\u00e1v\u0161t\u011bvn\u00edk\u016f si pronaj\u00edm\u00e1 auta nebo vyu\u017e\u00edv\u00e1 sd\u00edlenou dopravu. N\u011bkter\u00e9 \u010dtvrti (Downtown, Encanto District, Roosevelt Row) jsou docela dob\u0159e dostupn\u00e9 p\u011b\u0161ky a mnoho hotel\u016f nab\u00edz\u00ed bezplatnou kyvadlovou dopravu k okoln\u00edm atrakc\u00edm. P\u0159i \u0159\u00edzen\u00ed bu\u010fte opatrn\u00ed na cyklisty a motocyklisty; ve Phoenixu jich je mnoho, zejm\u00e9na o v\u00edkendech.<\/p>\n<p>M\u011bnou jsou americk\u00e9 dolary a angli\u010dtina je prim\u00e1rn\u00ed (b\u011b\u017en\u00e1 je i \u0161pan\u011bl\u0161tina vzhledem k velk\u00e9 hisp\u00e1nsk\u00e9 komunit\u011b). Spropitn\u00e9 (15\u201320 %) je standardn\u00ed. Oble\u010den\u00ed by m\u011blo odr\u00e1\u017eet teplo: i v zim\u011b jsou pohodln\u00e9 lehk\u00e9 vrstvy; v l\u00e9t\u011b noste oble\u010den\u00ed s ochranou proti slunci, klobouk a slune\u010dn\u00ed br\u00fdle. Vezm\u011bte si s sebou opakovan\u011b pou\u017eitelnou l\u00e1hev na vodu \u2013 dehydratace je rizikem. Phoenix je v turistick\u00fdch a obchodn\u00edch oblastech pom\u011brn\u011b bezpe\u010dn\u00fd; \u010dtvrti d\u00e1le na jih nebo na z\u00e1pad od I-17 mohou b\u00fdt m\u00e9n\u011b bezpe\u010dn\u00e9, zejm\u00e9na po setm\u011bn\u00ed, tak\u017ee by se n\u00e1v\u0161t\u011bvn\u00edci m\u011bli zdr\u017eovat v ru\u0161n\u00fdch \u010d\u00e1stech m\u011bsta. V pou\u0161tn\u00edch parc\u00edch \u017eij\u00ed divok\u00e1 zv\u00ed\u0159ata (ch\u0159est\u00fd\u0161i, \u0161t\u00ed\u0159i) \u2013 p\u0159i kempov\u00e1n\u00ed vyt\u0159epejte boty a zkontrolujte podlahu stanu. Upozor\u0148ujeme tak\u00e9, \u017ee Arizona m\u00e1 p\u0159\u00edsn\u00e9 z\u00e1kony t\u00fdkaj\u00edc\u00ed se horka: nikdy nenech\u00e1vejte d\u011bti ani dom\u00e1c\u00ed mazl\u00ed\u010dky v zaparkovan\u00e9m aut\u011b. Phoenix m\u00e1 silnou automobilovou kulturu, ale pamatujte na ostatn\u00ed m\u00edstn\u00ed obyvatele na silnic\u00edch \u2013 v\u017edy dejte sign\u00e1l, povolte za\u0159azen\u00ed provozu a bu\u010fte obzvl\u00e1\u0161t\u011b opatrn\u00ed na klikat\u00fdch horsk\u00fdch silnic\u00edch, jako je South Mountain Drive. S t\u011bmito opat\u0159en\u00edmi n\u00e1v\u0161t\u011bvn\u00edci shledaj\u00ed Phoenix p\u0159\u00e1telsk\u00fdm a p\u0159\u00edmo\u010dar\u00fdm m\u011bstem k prozkoum\u00e1v\u00e1n\u00ed autem nebo p\u011b\u0161ky.<a href=\"https:\/\/travelshelper.com\/cs\/destinace\/severni-amerika\/spojene-staty-americke\/berkeley-springs\/\" target=\"_self\" aria-labelledby=\"uael-post-8997\"><br \/>\n<\/a><\/p>","protected":false},"excerpt":{"rendered":"<p>Phoenix je hlavn\u00ed a nejlidnat\u011bj\u0161\u00ed m\u011bsto americk\u00e9ho st\u00e1tu Arizona, kter\u00e9 se v roce 2020 py\u0161n\u00ed populac\u00ed 1 608 139 obyvatel. Je tak p\u00e1t\u00fdm nejlidnat\u011bj\u0161\u00edm m\u011bstem ve Spojen\u00fdch st\u00e1tech a nejlidnat\u011bj\u0161\u00edm hlavn\u00edm m\u011bstem st\u00e1tu v zemi. V\u00fdznam Phoenixu p\u0159esahuje hranice jeho obc\u00ed; je centrem metropolitn\u00ed oblasti Phoenix, n\u011bkdy zn\u00e1m\u00e9 jako \u00dadol\u00ed slunce. S t\u00e9m\u011b\u0159 4,85 miliony obyvatel je tato metropolitn\u00ed oblast v roce 2020 nejlidnat\u011bj\u0161\u00ed v jihoz\u00e1padn\u00edch Spojen\u00fdch st\u00e1tech. Je sou\u010d\u00e1st\u00ed nejv\u011bt\u0161\u00ed metropolitn\u00ed oblasti ve Spojen\u00fdch st\u00e1tech, \u00fadol\u00ed \u0159eky Salt a arizonsk\u00e9ho slune\u010dn\u00edho koridoru.<\/p>","protected":false},"author":1,"featured_media":4624,"parent":8072,"menu_order":0,"comment_status":"closed","ping_status":"closed","template":"elementor_theme","meta":{"_eb_attr":"","footnotes":""},"class_list":["post-8325","page","type-page","status-publish","has-post-thumbnail"],"_links":{"self":[{"href":"https:\/\/travelshelper.com\/cs\/wp-json\/wp\/v2\/pages\/8325","targetHints":{"allow":["GET"]}}],"collection":[{"href":"https:\/\/travelshelper.com\/cs\/wp-json\/wp\/v2\/pages"}],"about":[{"href":"https:\/\/travelshelper.com\/cs\/wp-json\/wp\/v2\/types\/page"}],"author":[{"embeddable":true,"href":"https:\/\/travelshelper.com\/cs\/wp-json\/wp\/v2\/users\/1"}],"replies":[{"embeddable":true,"href":"https:\/\/travelshelper.com\/cs\/wp-json\/wp\/v2\/comments?post=8325"}],"version-history":[{"count":0,"href":"https:\/\/travelshelper.com\/cs\/wp-json\/wp\/v2\/pages\/8325\/revisions"}],"up":[{"embeddable":true,"href":"https:\/\/travelshelper.com\/cs\/wp-json\/wp\/v2\/pages\/8072"}],"wp:featuredmedia":[{"embeddable":true,"href":"https:\/\/travelshelper.com\/cs\/wp-json\/wp\/v2\/media\/4624"}],"wp:attachment":[{"href":"https:\/\/travelshelper.com\/cs\/wp-json\/wp\/v2\/media?parent=8325"}],"curies":[{"name":"wp","href":"https:\/\/api.w.org\/{rel}","templated":true}]}}