{"id":8312,"date":"2024-09-03T14:51:45","date_gmt":"2024-09-03T14:51:45","guid":{"rendered":"https:\/\/travelshelper.com\/staging\/?page_id=8312"},"modified":"2026-03-13T18:08:17","modified_gmt":"2026-03-13T18:08:17","slug":"filadelfie","status":"publish","type":"page","link":"https:\/\/travelshelper.com\/cs\/destinations\/north-america\/united-states\/philadelphia\/","title":{"rendered":"Filadelfie"},"content":{"rendered":"<p>Filadelfie je v\u00fdznamn\u00e1 americk\u00e1 metropole s bohatou minulost\u00ed. V roce 2020 \u017eila 1 603 797 obyvatel, co\u017e z n\u00ed \u010din\u00ed \u0161est\u00e9 nejv\u011bt\u0161\u00ed m\u011bsto v USA. \u0160ir\u0161\u00ed metropolitn\u00ed oblast m\u00e1 p\u0159es 6,2 milionu obyvatel a zahrnuje v\u00fdchodn\u00ed Pensylv\u00e1nii, ji\u017en\u00ed New Jersey a Delaware. Filadelfsk\u00e1 ekonomika je zna\u010dn\u00e1: hrub\u00fd dom\u00e1c\u00ed produkt metropole v roce 2022 p\u0159ekro\u010dil 518 miliard dolar\u016f. M\u011bsto je rozmanit\u00e9: p\u0159ibli\u017en\u011b 39 % obyvatel se identifikuje jako \u010derno\u0161i\/Afroameri\u010dan\u00e9 a zhruba 15 % jako hisp\u00e1nci\/latinoameri\u010dan\u00e9. T\u00e9m\u011b\u0159 35 % dosp\u011bl\u00fdch m\u00e1 bakal\u00e1\u0159sk\u00fd titul nebo vy\u0161\u0161\u00ed, co\u017e odr\u00e1\u017e\u00ed mnoho vysok\u00fdch \u0161kol a univerzit ve m\u011bst\u011b. Medi\u00e1n p\u0159\u00edjmu dom\u00e1cnost\u00ed se pohybuje kolem 52 900 dolar\u016f, p\u0159i\u010dem\u017e p\u0159ibli\u017en\u011b 22,8 % obyvatel Filadelfie \u017eije pod hranic\u00ed chudoby.<\/p>\n<p>Filadelfsk\u00e1 ekonomika je ukotvena financemi, vzd\u011bl\u00e1v\u00e1n\u00edm a zdravotnictv\u00edm, s centry zam\u011bstnanosti v kampusu University City, centr\u00e1ln\u00ed obchodn\u00ed \u010dtvrt\u00ed a rostouc\u00edm technologick\u00fdm a startupov\u00fdm sektorem. Je tak\u00e9 centrem kultury a cestovn\u00edho ruchu; v roce 2016 m\u011bsto p\u0159il\u00e1kalo odhadem 42 milion\u016f dom\u00e1c\u00edch n\u00e1v\u0161t\u011bvn\u00edk\u016f. V posledn\u00edch letech zaznamenala Filadelfie po desetilet\u00edch poklesu m\u00edrn\u00fd n\u00e1r\u016fst populace \u2013 urbanist\u00e9 poznamen\u00e1vaj\u00ed, \u017ee jej\u00ed hustota m\u011bst a centr\u00e1ln\u00ed role na severov\u00fdchod\u011b j\u00ed d\u00e1vaj\u00ed trval\u00fd v\u00fdznam v pr\u016fmyslu a kultu\u0159e.<\/p>\n<p>Filadelfie se nach\u00e1z\u00ed ve st\u0159edoatlantick\u00e9 oblasti Spojen\u00fdch st\u00e1t\u016f v jihov\u00fdchodn\u00ed Pensylv\u00e1nii na b\u0159ehu \u0159eky Delaware. Nach\u00e1z\u00ed se asi 32 kilometr\u016f od Delaware Bay a 160 kilometr\u016f od Atlantsk\u00e9ho oce\u00e1nu, v \u0161irok\u00e9 pob\u0159e\u017en\u00ed rovin\u011b z\u00e1padn\u011b od atlantick\u00e9ho pob\u0159e\u017e\u00ed. Ter\u00e9n m\u011bsta je obecn\u011b rovinat\u00fd, ale z\u00e1padn\u011b od centra se zved\u00e1 do kopc\u016f, v\u010detn\u011b sout\u011bsky Wissahickon a nejvy\u0161\u0161\u00edho bodu Cobbs Creek Park (cca 147 metr\u016f). Na severoz\u00e1pad\u011b le\u017e\u00ed n\u00edzk\u00e9 poho\u0159\u00ed Pocono Mountains a na z\u00e1pad\u011b se za\u010d\u00edn\u00e1 zvedat Apala\u010dsk\u00e9 poho\u0159\u00ed.<\/p>\n<p>Klimaticky le\u017e\u00ed Filadelfie na okraji vlhk\u00e9ho subtropick\u00e9ho p\u00e1sma. L\u00e9ta jsou obvykle hork\u00e1 a vlhk\u00e1 s \u010dast\u00fdmi bou\u0159kami, zat\u00edmco zimy jsou m\u00edrn\u011b chladn\u00e9 s ob\u010dasn\u00fdm sn\u011b\u017een\u00edm. Podzim a jaro jsou obecn\u011b m\u00edrn\u00e9 a mohou b\u00fdt p\u0159\u00edjemn\u00e9, ale prom\u011bnliv\u00e9. M\u011bsto m\u00e1 p\u0159ibli\u017en\u011b 2 500 hodin slune\u010dn\u00edho svitu ro\u010dn\u011b. M\u011bstem prot\u00e9kaj\u00ed \u0159eky Delaware a Schuylkill a Fairmount Park na t\u011bchto b\u0159ez\u00edch je jedn\u00edm z nejv\u011bt\u0161\u00edch m\u011bstsk\u00fdch parkov\u00fdch syst\u00e9m\u016f v zemi. Poloha Filadelfie \u2013 velk\u00fd severov\u00fdchodn\u00ed \u0159\u00ed\u010dn\u00ed p\u0159\u00edstav a ran\u00e9 hlavn\u00ed m\u011bsto zem\u011b \u2013 z n\u00ed historicky ud\u011blala dopravn\u00ed k\u0159i\u017eovatku a dnes z\u016fst\u00e1v\u00e1 uzlem severov\u00fdchodn\u00edho koridoru spole\u010dnosti Amtrak a mezist\u00e1tn\u00edho d\u00e1lni\u010dn\u00edho syst\u00e9mu (I-95, I-76).<\/p>\n<p>Historie Filadelfie je pro Spojen\u00e9 st\u00e1ty z\u00e1sadn\u00ed. Filadelfie byla zalo\u017eena v roce 1682 anglick\u00fdm kvakerem Williamem Pennem a byla pl\u00e1nov\u00e1na jako \u201ezelen\u00e9 venkovsk\u00e9 m\u011bsto\u201c zn\u00e1m\u00e9 n\u00e1bo\u017eenskou toleranc\u00ed a uspo\u0159\u00e1dan\u00fdmi ulicemi. V koloni\u00e1ln\u00edch dob\u00e1ch se stala hlavn\u00edm m\u011bstem provincie Pensylv\u00e1nie. S rostouc\u00edm nap\u011bt\u00edm s Brit\u00e1ni\u00ed se Filadelfie stala epicentrem americk\u00e9 revoluce. M\u011bsto hostilo Prvn\u00ed a Druh\u00fd kontinent\u00e1ln\u00ed kongres a bylo m\u00edstem setk\u00e1n\u00ed Otc\u016f zakladatel\u016f n\u00e1roda. V \u010dervenci 1776 byla ve Filadelfsk\u00e9 Independence Hall projedn\u00e1na a p\u0159ijata Deklarace nez\u00e1vislosti. M\u011bsto kr\u00e1tce slou\u017eilo jako hlavn\u00ed m\u011bsto mlad\u00e9 republiky v 80. letech 18. stolet\u00ed a v roce 1787 zde byla seps\u00e1na a podeps\u00e1na \u00dastava USA.<\/p>\n<p>B\u011bhem 19. a po\u010d\u00e1tku 20. stolet\u00ed se Filadelfie rychle rozv\u00edjela jako pr\u016fmyslov\u00e9 a p\u0159\u00edstavn\u00ed m\u011bsto. Jej\u00ed bohatstv\u00ed z 19. stolet\u00ed je patrn\u00e9 ve viktori\u00e1nsk\u00fdch s\u00eddlech, m\u011bstsk\u00fdch pam\u00e1tk\u00e1ch a stromy lemovan\u00e9m bulv\u00e1ru zn\u00e1m\u00e9m jako Benjamin Franklin Parkway (vybudovan\u00e9m podle vzoru Champs-\u00c9lys\u00e9es). M\u011bsto bylo centrem textilu, tisku, stavby lod\u00ed a pozd\u011bji i manufaktury. Bylo tak\u00e9 centrem vzd\u011bl\u00e1v\u00e1n\u00ed a medic\u00edny (s\u00eddlily zde ran\u00e9 americk\u00e9 l\u00e9ka\u0159sk\u00e9 fakulty a nemocnice). V polovin\u011b 20. stolet\u00ed po\u010det obyvatel Filadelfie dos\u00e1hl vrcholu a pot\u00e9 poklesl s t\u00edm, jak se m\u011bnil pr\u016fmysl, ale jej\u00ed historick\u00e9 \u010dtvrti (Star\u00e9 M\u011bsto, n\u00e1m\u011bst\u00ed Rittenhouse) byly zachov\u00e1ny. Dnes Filadelfie ct\u00ed sv\u00e9 koloni\u00e1ln\u00ed d\u011bdictv\u00ed pam\u00e1tkami, jako je Liberty Bell a Independence Hall (ob\u011b pam\u00e1tky sv\u011btov\u00e9ho d\u011bdictv\u00ed UNESCO), a oslavuje toto d\u011bdictv\u00ed v n\u00e1rodn\u00edch muze\u00edch a na ka\u017edoro\u010dn\u00edch festivalech.<\/p>\n<p>Modern\u00ed Filadelfie je sm\u011bsic\u00ed \u010dtvrt\u00ed, z nich\u017e ka\u017ed\u00e1 m\u00e1 sv\u016fj vlastn\u00ed charakter. M\u011bsto formovalo v\u00edce ne\u017e tucet etnick\u00fdch skupin: ital\u0161t\u00ed Ameri\u010dan\u00e9 v ji\u017en\u00ed Filadelfii, Irov\u00e9 v severov\u00fdchodn\u00ed Filadelfii, \u017eidovsk\u00e9 komunity v z\u00e1padn\u00ed Filadelfii, velk\u00e9 \u010dtvrti s afroamerick\u00fdm d\u011bdictv\u00edm na severu a z\u00e1pad\u011b a \u017eiv\u00e1 portorick\u00e1\/latinskoamerick\u00e1 komunita v \u201eseverov\u00fdchodn\u00ed\u201c a jihoz\u00e1padn\u00ed \u010d\u00e1sti m\u011bsta. (Dnes je m\u011bsto zhruba z 41 % \u010dernoch\u016f, z 34 % b\u00edl\u00fdch a z 15 % hisp\u00e1nsk\u00fdch obyvatel.) Dominuje zde angli\u010dtina, ale \u0161pan\u011bl\u0161tina je \u0161iroce roz\u0161\u00ed\u0159en\u00e1 (v\u00edce ne\u017e 10 % obyvatel mluv\u00ed doma \u0161pan\u011blsky).<\/p>\n<p>Atmosf\u00e9ra m\u011bsta je drsn\u00e1 i v\u00e1\u0161niv\u00e1 z\u00e1rove\u0148. Filadelfijci jsou proslul\u00ed svou p\u0159\u00edmo\u010darost\u00ed \u2013 hrd\u00ed na odolnost sv\u00e9ho m\u011bsta. V ka\u017edodenn\u00edm \u017eivot\u011b \u010dlov\u011bk \u010dasto c\u00edt\u00ed p\u0159\u00e1telskou hou\u017eevnatost: m\u00edstn\u00ed hlasit\u011b fand\u00ed sv\u00fdm Eagles (NFL), Phillies (MLB), 76ers (NBA) a Flyers (NHL) a berou rivalitu (zejm\u00e9na se sousedn\u00edm New Yorkem a Washingtonem) s nadhledem. V ulic\u00edch m\u011bsta se lid\u00e9 proch\u00e1zej\u00ed s c\u00edlem; historick\u00e9 budovy z \u010derven\u00fdch cihel stoj\u00ed vedle modern\u00edch mrakodrap\u016f. Kultura j\u00eddla je z\u00e1kladn\u00edm kamenem ka\u017edodenn\u00edho \u017eivota. Obyvatel\u00e9 i n\u00e1v\u0161t\u011bvn\u00edci si dop\u0159\u00e1vaj\u00ed rychl\u00e9 ob\u010derstven\u00ed, jako jsou cheesesteaky, hoagie a m\u011bkk\u00e9 precl\u00edky ze st\u00e1nk\u016f na trhu. Trh Reading Terminal Market v centru m\u011bsta hu\u010d\u00ed eklektick\u00fdm davem, kter\u00fd si pochutn\u00e1v\u00e1 na ami\u0161sk\u00fdch kol\u00e1\u010d\u00edch, bl\u00edzkov\u00fdchodn\u00edm falafelu, indick\u00e9m kari nebo \u017eidovsk\u00fdch bagelech \u2013 to je pro gurm\u00e1ny nutnost. Um\u011bleck\u00e1 sc\u00e9na je siln\u00e1: Benjamin Franklin Parkway lemuj\u00ed v\u00fdznamn\u00e9 instituce, jako je Philadelphia Museum of Art (proslul\u00e9 sv\u00fdmi \u201eRocky steads\u201c), Barnes Foundation, Franklin Institute a nespo\u010det galeri\u00ed.<\/p>\n<p>Sousedsk\u00e9 festivaly a akce podtrhuj\u00ed rozmanitost m\u011bsta. V l\u00e9t\u011b se konaj\u00ed etnick\u00e9 pouli\u010dn\u00ed festivaly (Italsk\u00fd trh, Karibsk\u00fd J&#039;ouvert) a oslavy 4. \u010dervence na n\u00e1b\u0159e\u017e\u00ed \u0159eky Delaware. Ka\u017edoro\u010dn\u00ed pr\u016fvod Mummers Parade na Nov\u00fd rok (s ope\u0159en\u00fdmi kost\u00fdmy a pochoduj\u00edc\u00edmi kapelami) je typick\u00fdm p\u0159\u00edkladem Filadelfie. Navzdory sv\u00e9 velikosti si Filadelfie zachov\u00e1v\u00e1 siln\u00fd m\u00edstn\u00ed pocit: mal\u00e9 restaurace, holi\u010dstv\u00ed a n\u00e1st\u011bnn\u00e9 malby (m\u011bsto jich m\u00e1 doslova tis\u00edce). D\u00edky tepl\u00fdm l\u00e9t\u016fm a m\u00edrn\u00fdm jar\u016fm\/podzim\u016fm se velk\u00e1 \u010d\u00e1st spole\u010densk\u00e9ho \u017eivota odehr\u00e1v\u00e1 venku \u2013 na verand\u00e1ch, v hospod\u00e1ch a na slunn\u00fdch tr\u00e1vn\u00edc\u00edch park\u016f. P\u0159esto zde panuje i praktick\u00e1 pracovn\u00ed mor\u00e1lka, a to vzhledem k bohat\u00fdm pr\u016fmyslov\u00fdm ko\u0159en\u016fm m\u011bsta. Stru\u010dn\u011b \u0159e\u010deno, \u201eatmosf\u00e9ra\u201c Filadelfie je m\u011bstsk\u00e1 a historick\u00e1, m\u00eds\u00ed se starosv\u011btsk\u00e9 kouzlo s autenticitou d\u011blnick\u00e9ho pr\u016fmyslu.<\/p>\n<p>Filadelfie je bohat\u00e1 na pam\u00e1tky, kter\u00e9 se vztahuj\u00ed k jej\u00ed historii a kultu\u0159e. \u00dast\u0159edn\u00edm bodem je N\u00e1rodn\u00ed historick\u00fd park Independence ve Star\u00e9m M\u011bst\u011b. Zde stoj\u00ed Independence Hall a Zvon svobody, kde se shrom\u00e1\u017edili zakladatel\u00e9 n\u00e1roda. N\u00e1v\u0161t\u011bvn\u00edci si mohou prohl\u00e9dnout zasedac\u00ed m\u00edstnost, kde byla podeps\u00e1na Deklarace i \u00dastava. Nedaleko se nach\u00e1zej\u00ed pam\u00e1tky z koloni\u00e1ln\u00ed \u00e9ry, jako je Kongresov\u00e1 s\u00ed\u0148 a d\u016fm Betsy Rossov\u00e9, kter\u00e9 uchov\u00e1vaj\u00ed historii revoluce. Jen p\u00e1r blok\u016f odtud se nach\u00e1z\u00ed spousta modern\u00edch atrakc\u00ed.<\/p>\n<p>Na Benjamin Franklin Parkway \u2013 \u010dasto naz\u00fdvan\u00e9 \u201ePhilly&#039;s Museum Mile\u201c \u2013 se shlukuj\u00ed v\u00fdznamn\u00e9 kulturn\u00ed instituce. Nach\u00e1z\u00ed se zde Filadelfsk\u00e9 muzeum um\u011bn\u00ed (br\u00e1na k m\u011bstsk\u00fdm n\u00e1st\u011bnn\u00fdm maleb\u00e1m a domov slavn\u00e9 sochy Rockyho) a Barnesova nadace (proslul\u00e1 um\u011bleck\u00e1 sb\u00edrka). V\u011bdeck\u00e1 a historick\u00e1 muzea (Franklin\u016fv institut, N\u00e1rodn\u00ed \u00fastavn\u00ed centrum, nov\u00e9 Muzeum americk\u00e9 revoluce) poskytuj\u00ed vzd\u011bl\u00e1vac\u00ed atrakce. V t\u00e9to oblasti se tak\u00e9 nach\u00e1z\u00ed zrestaurovan\u00e1 v\u00fdchodn\u00ed st\u00e1tn\u00ed v\u011bznice (gotick\u00e1 z\u0159\u00edcenina v\u011bzen\u00ed), kter\u00e1 nab\u00edz\u00ed stra\u0161ideln\u00fd pohled na v\u011bzn\u011bn\u00ed v 19. stolet\u00ed. Pro milovn\u00edky j\u00eddla je nutnost\u00ed nav\u0161t\u00edvit Reading Terminal Market (kryt\u00fd potravinov\u00fd bazar s\u00eddl\u00edc\u00ed v \u017eelezni\u010dn\u00ed depu z 19. stolet\u00ed) \u2013 je \u0159azen mezi nejlep\u0161\u00ed potravinov\u00e9 trhy v Americe.<\/p>\n<p>Filadelfsk\u00e9 n\u00e1b\u0159e\u017e\u00ed se prom\u011bnilo v \u017eiv\u00e1 ve\u0159ejn\u00e1 prostranstv\u00ed. Park Spruce Street Harbor Park na \u0159ece Delaware nab\u00edz\u00ed houpac\u00ed s\u00edt\u011b, st\u00e1nky s ob\u010derstven\u00edm a letn\u00ed akce. Na \u0159ece Schuylkill l\u00e1k\u00e1 promen\u00e1da Schuylkill Banks a spou\u0161t\u011bc\u00ed m\u00edsta pro kajaky na \u0159ece Schuylkill Banks k odpo\u010dinku a relaxaci. Historick\u00fd park Fairmount (jeden z nejv\u011bt\u0161\u00edch m\u011bstsk\u00fdch park\u016f v zemi) se rozkl\u00e1d\u00e1 na kilometrech stezek, historick\u00fdch s\u00eddel (jako je d\u016fm Betsy Rossov\u00e9 a vod\u00e1rna Fairmount) a uzn\u00e1van\u00e9 filadelfsk\u00e9 zoo.<\/p>\n<p>Ka\u017edodenn\u00ed radosti jsou z\u00e1rove\u0148 atrakcemi: st\u00e1nek s grilovan\u00fdm cheesesteakem nebo v\u00fdloha peka\u0159e, barevn\u00e9 n\u00e1st\u011bnn\u00e9 malby namalovan\u00e9 na zdech \u010dtvrti (Philadelphia je proslul\u00e1 jako \u201ehlavn\u00ed m\u011bsto n\u00e1st\u011bnn\u00fdch malb\u201c sv\u011bta) nebo italsk\u00fd trh na Fourth Street (nejstar\u0161\u00ed venkovn\u00ed trh v Americe). Sportovn\u00ed fanou\u0161ci si mohou n\u00e1v\u0161t\u011bvu na\u010dasovat tak, aby se shodovala se z\u00e1pasem Eagles, Phillies nebo Sixers, aby si vychutnali m\u00edstn\u00ed atmosf\u00e9ru. V zim\u011b je Blue Cross RiverRink sez\u00f3nn\u00ed kluzi\u0161t\u011b u \u0159eky s oh\u0148ostrojem nad mostem Benjamina Franklina.<\/p>\n<p>Filadelfie je velmi dob\u0159e dostupn\u00e1. Jej\u00edm hlavn\u00edm leti\u0161t\u011bm je mezin\u00e1rodn\u00ed leti\u0161t\u011b Philadelphia (PHL), velk\u00e9 dopravn\u00ed centrum s mezin\u00e1rodn\u00edmi i vnitrost\u00e1tn\u00edmi lety. Vlakem je 30th Street Station hlavn\u00edm uzlem Amtraku ve m\u011bst\u011b, t\u0159et\u00edm nejru\u0161n\u011bj\u0161\u00edm v zemi, s \u010dast\u00fdmi spoji do New Yorku, Washingtonu a dal\u0161\u00edch oblast\u00ed. V bl\u00edzkosti m\u011bsta vedou mezist\u00e1tn\u00ed d\u00e1lnice I-95 (severov\u00fdchod-jihoz\u00e1pad) a I-76 (z\u00e1pad do Pittsburghu), ale pokud jedete autem, p\u0159ipravte se na dopravn\u00ed z\u00e1cpy ve m\u011bst\u011b a m\u00fdtn\u00e9 mosty. Pro region\u00e1ln\u00ed dopravu spojuj\u00ed Filadelfii s Atlantic City a m\u00edstn\u00edmi p\u0159edm\u011bst\u00edmi New Jersey vlaky PATCO Speedline (metro) a NJ Transit.<\/p>\n<p>Centrum Filadelfie (Center City) je kompaktn\u00ed a snadno dostupn\u00e9 p\u011b\u0161ky, s m\u0159\u00ed\u017ekou o\u010d\u00edslovan\u00fdch ulic a charakteristick\u00fdmi \u010dtvrt\u011bmi. Ve\u0159ejn\u00e1 doprava je rozs\u00e1hl\u00e1: SEPTA provozuje metro (linky Market-Frankford a Broad Street), trolejbusov\u00e9 linky, region\u00e1ln\u00ed vlaky a autobusy. Mnoho doj\u00ed\u017ed\u011bj\u00edc\u00edch se spol\u00e9h\u00e1 na SEPTA \u2013 t\u00e9m\u011b\u0159 24 % obyvatel Filadelfie vyu\u017e\u00edv\u00e1 ve\u0159ejnou dopravu do pr\u00e1ce. Tax\u00edky a sd\u00edlen\u00e1 doprava jsou v centru m\u011bsta b\u011b\u017en\u00e9 a dv\u011b trolejbusov\u00e9 linky vedou pobl\u00ed\u017e University City. Z Center City je v\u0161e snadno dostupn\u00e9 p\u011b\u0161ky nebo kr\u00e1tkou j\u00edzdou m\u011bstskou hromadnou dopravou.<\/p>\n<p>M\u011bnou jsou americk\u00e9 dolary a o\u010dek\u00e1v\u00e1 se spropitn\u00e9 (15\u201320 % v restaurac\u00edch s posezen\u00edm, 1\u20132 dolary za ta\u0161ku pro posl\u00ed\u010dky atd.). Hlavn\u00edmi jazyky jsou angli\u010dtina a \u0161pan\u011bl\u0161tina (\u0161pan\u011blsk\u00e9 n\u00e1pisy uvid\u00edte v mnoha obchodech a restaurac\u00edch). V konverzaci si obyvatel\u00e9 Filadelfie oce\u0148uj\u00ed p\u0159\u00edmo\u010darou p\u0159\u00e1telskost \u2013 rychl\u00e9 \u201eahoj\u201c nebo \u201ejak se m\u00e1\u0161?\u201c v\u016f\u010di ciz\u00edm lidem je typickou m\u00edstn\u00ed zdvo\u0159ilost\u00ed. Z hlediska bezpe\u010dnosti jsou turistick\u00e9 oblasti Filadelfie (Star\u00e9 M\u011bsto, Centrum m\u011bsta, Univerzitn\u00ed m\u011bsto) obecn\u011b bezpe\u010dn\u00e9 ve dne, ale v m\u00e9n\u011b p\u0159epln\u011bn\u00fdch z\u00f3n\u00e1ch bu\u010fte v noci opatrn\u00ed. V ru\u0161n\u00fdch stanic\u00edch SEPTA si d\u00e1vejte pozor na sv\u00e9 v\u011bci. Po\u010das\u00ed m\u016f\u017ee hr\u00e1t roli: sn\u00edh v zim\u011b m\u016f\u017ee kr\u00e1tce paralyzovat dopravu (co\u017e m\u016f\u017ee v\u00e9st k del\u0161\u00edmu \u010dasov\u00e9m omezen\u00ed), zat\u00edmco letn\u00ed bou\u0159kov\u00e9 povodn\u011b mohou naru\u0161it dopravu. Na ch\u016fzi po m\u011bstsk\u00fdch chodn\u00edc\u00edch se oble\u010dte pohodln\u011b (zejm\u00e9na v historick\u00fdch \u010dtvrt\u00edch s nerovn\u00fdmi cihlami nebo dla\u017eebn\u00edmi kostkami). L\u00e9to m\u016f\u017ee b\u00fdt hork\u00e9 a vlhk\u00e9, proto je vhodn\u00e9 m\u00edt lehk\u00e9 oble\u010den\u00ed a de\u0161tn\u00edk nebo pl\u00e1\u0161t\u011bnku. Stru\u010dn\u011b \u0159e\u010deno, Filadelfie je m\u011bsto, kter\u00e9 si n\u00e1v\u0161t\u011bvn\u00edk snadno u\u017e\u00edv\u00e1: po\u010d\u00edtejte s kombinac\u00ed prohl\u00eddek historie s pr\u016fvodcem a spont\u00e1nn\u00edho pozn\u00e1v\u00e1n\u00ed okol\u00ed.<a href=\"https:\/\/travelshelper.com\/cs\/destinace\/severni-amerika\/spojene-staty-americke\/berkeley-springs\/\" target=\"_self\" aria-labelledby=\"uael-post-8997\"><br \/>\n<\/a><\/p>","protected":false},"excerpt":{"rendered":"<p>Filadelfie \u2013 zn\u00e1m\u00e1 tak\u00e9 jako \u201ePhilly\u201c \u2013 s populac\u00ed 1 603 796 obyvatel je podle s\u010d\u00edt\u00e1n\u00ed lidu z roku 2020 \u0161est\u00fdm nejlidnat\u011bj\u0161\u00edm m\u011bstem ve Spojen\u00fdch st\u00e1tech a nejlidnat\u011bj\u0161\u00edm m\u011bstem v Pensylv\u00e1nii. Toto energick\u00e9 m\u011bsto je m\u011bstsk\u00fdm j\u00e1drem \u00fadol\u00ed Delaware, n\u011bkdy ozna\u010dovan\u00fdm jako metropolitn\u00ed region Filadelfie. Filadelfie je osm\u00fdm nejv\u011bt\u0161\u00edm m\u011bstem mezi americk\u00fdmi metropolitn\u00edmi oblastmi s 6,245 miliony obyvatel v metropolitn\u00ed statistick\u00e9 oblasti a 7,366 miliony v kombinovan\u00e9 statistick\u00e9 oblasti a je pulzuj\u00edc\u00edm centrem historie, kultury a aktivit.<\/p>","protected":false},"author":1,"featured_media":3027,"parent":8072,"menu_order":0,"comment_status":"closed","ping_status":"closed","template":"elementor_theme","meta":{"_eb_attr":"","footnotes":""},"class_list":["post-8312","page","type-page","status-publish","has-post-thumbnail"],"_links":{"self":[{"href":"https:\/\/travelshelper.com\/cs\/wp-json\/wp\/v2\/pages\/8312","targetHints":{"allow":["GET"]}}],"collection":[{"href":"https:\/\/travelshelper.com\/cs\/wp-json\/wp\/v2\/pages"}],"about":[{"href":"https:\/\/travelshelper.com\/cs\/wp-json\/wp\/v2\/types\/page"}],"author":[{"embeddable":true,"href":"https:\/\/travelshelper.com\/cs\/wp-json\/wp\/v2\/users\/1"}],"replies":[{"embeddable":true,"href":"https:\/\/travelshelper.com\/cs\/wp-json\/wp\/v2\/comments?post=8312"}],"version-history":[{"count":0,"href":"https:\/\/travelshelper.com\/cs\/wp-json\/wp\/v2\/pages\/8312\/revisions"}],"up":[{"embeddable":true,"href":"https:\/\/travelshelper.com\/cs\/wp-json\/wp\/v2\/pages\/8072"}],"wp:featuredmedia":[{"embeddable":true,"href":"https:\/\/travelshelper.com\/cs\/wp-json\/wp\/v2\/media\/3027"}],"wp:attachment":[{"href":"https:\/\/travelshelper.com\/cs\/wp-json\/wp\/v2\/media?parent=8312"}],"curies":[{"name":"wp","href":"https:\/\/api.w.org\/{rel}","templated":true}]}}