{"id":8297,"date":"2024-09-03T14:24:43","date_gmt":"2024-09-03T14:24:43","guid":{"rendered":"https:\/\/travelshelper.com\/staging\/?page_id=8297"},"modified":"2026-03-13T18:02:23","modified_gmt":"2026-03-13T18:02:23","slug":"new-orleans","status":"publish","type":"page","link":"https:\/\/travelshelper.com\/cs\/destinations\/north-america\/united-states\/new-orleans\/","title":{"rendered":"New Orleans"},"content":{"rendered":"<p>New Orleans, le\u017e\u00edc\u00ed na doln\u00edm toku \u0159eky Mississippi v jihov\u00fdchodn\u00ed Louisian\u011b, je dnes m\u011bstem s p\u0159ibli\u017en\u011b 380 000 obyvateli (s\u010d\u00edt\u00e1n\u00ed lidu z roku 2020), co\u017e z n\u011bj \u010din\u00ed nejv\u011bt\u0161\u00ed m\u011bsto v Louisian\u011b a kulturn\u00ed centrum americk\u00e9ho Jihu. V roce 2025 se odhaduje, \u017ee po\u010det obyvatel m\u011bsta je kolem 351 000, a to po desetilet\u00edch kol\u00eds\u00e1n\u00ed v d\u016fsledku migrace a p\u0159\u00edrodn\u00edch katastrof. Demografick\u00e9 slo\u017een\u00ed New Orleans je charakteristick\u00e9 \u2013 v\u011bt\u0161inovou komunitou je afroamerick\u00e1 komunita (podle posledn\u00edch odhad\u016f asi 55 % \u010dernoch\u016f) s v\u00fdznamn\u00fdm pod\u00edlem b\u00edl\u00fdch (kolem 32 %), hisp\u00e1nsk\u00fdch\/latinskoamerick\u00fdch a dal\u0161\u00edch men\u0161inov\u00fdch skupin. Jeho ekonomika je bohat\u011b diverzifikovan\u00e1: historicky postaven\u00e1 na p\u0159\u00edstavn\u00edm, ropn\u00e9m a petrochemick\u00e9m pr\u016fmyslu, dnes New Orleans prosperuje tak\u00e9 d\u00edky vysoko\u0161kolsk\u00e9mu vzd\u011bl\u00e1v\u00e1n\u00ed, zdravotnictv\u00ed a zejm\u00e9na cestovn\u00edmu ruchu a kreativn\u00edm sektor\u016fm. Samotn\u00fd cestovn\u00ed ruch ve skute\u010dnosti v roce 2017 vygeneroval ekonomick\u00fd dopad zhruba 5,5 miliardy dolar\u016f, co\u017e p\u0159edstavuje asi 40 % p\u0159\u00edjm\u016f m\u011bsta z dan\u011b z prodeje.<\/p>\n<p>New Orleans se t\u011b\u0161\u00ed m\u00edrn\u00e9mu subtropick\u00e9mu klimatu: sv\u011b\u017e\u00edm zim\u00e1m a dlouh\u00fdm, hork\u00fdm l\u00e9t\u016fm. Le\u017e\u00ed na \u00farovni hladiny mo\u0159e pod\u00e9l pob\u0159e\u017e\u00ed Mexick\u00e9ho z\u00e1livu \u2013 polovina m\u011bsta se nach\u00e1z\u00ed na \u00farovni hladiny mo\u0159e nebo pod n\u00ed a pro ochranu p\u0159ed povodn\u011bmi se spol\u00e9h\u00e1 na hr\u00e1ze a \u010derpadla. Ro\u010dn\u00ed sr\u00e1\u017eky jsou hojn\u00e9 (asi 122 cm za rok), dusn\u00e1 l\u00e9ta \u010dasto vytla\u010duj\u00ed rtu\u0165 nad 32 \u00b0C a zimy se obvykle dr\u017e\u00ed vysoko nad bodem mrazu (pr\u016fm\u011brn\u00e1 denn\u00ed teplota v lednu se pohybuje kolem 0,7 \u00b0C). Subtropick\u00e9 prost\u0159ed\u00ed m\u011bsta mu vyneslo p\u0159ezd\u00edvku \u201eM\u011bsto, na kter\u00e9 se zapomn\u011blo\u201c, co\u017e je odkaz na jeho tepl\u00e9 klima a pohodov\u00e9 tempo. Ba\u017einat\u00e9 z\u00e1livy, parky lemovan\u00e9 duby a duby porostl\u00e9 \u0161pan\u011blsk\u00fdm mechem jsou v\u0161udyp\u0159\u00edtomn\u00e9 v modern\u00ed krajin\u011b, a to i v dob\u011b, kdy se v centru m\u011bsta ty\u010d\u00ed mrakodrapy.<\/p>\n<p>New Orleans je kulturn\u00edm, ekonomick\u00fdm a akademick\u00fdm centrem Louisiany. Podle s\u010d\u00edt\u00e1n\u00ed lidu USA z roku 2020 \u010dinila jeho populace 383 997 obyvatel (v \u0161ir\u0161\u00ed metropolitn\u00ed oblasti New Orleans-Metairie p\u0159ibli\u017en\u011b 1 milion). V roce 2025 se p\u0159edpokl\u00e1d\u00e1, \u017ee tento po\u010det m\u00edrn\u011b poklesne na p\u0159ibli\u017en\u011b 351 000. Rasov\u00e9 slo\u017een\u00ed m\u011bsta je v\u011bt\u0161inou afroamerick\u00e9 (kolem 55 %), p\u0159i\u010dem\u017e b\u011blo\u0161i tvo\u0159\u00ed zhruba 32 %, Hisp\u00e1nci\/Latinoameri\u010dan\u00e9 ~5 %, Asiat\u00e9 2 % a zbytek tvo\u0159\u00ed domorod\u00ed Ameri\u010dan\u00e9 nebo lid\u00e9 s r\u016fznou rasou. Z ekonomick\u00e9ho hlediska New Orleans generuje ro\u010dn\u00ed hrub\u00fd metropolitn\u00ed produkt ve v\u00fd\u0161i p\u0159ibli\u017en\u011b 51 miliard dolar\u016f (\u00fadaje z roku 2023), co\u017e jej \u0159ad\u00ed mezi 25 nejv\u00fdznamn\u011bj\u0161\u00edch m\u011bstsk\u00fdch ekonomik v zemi. Wall Street sice dominuje New Yorku, ale New Orleans dominuje lodn\u00ed doprav\u011b na pob\u0159e\u017e\u00ed Mexick\u00e9ho z\u00e1livu: provozuje jeden z nejv\u011bt\u0161\u00edch n\u00e1mo\u0159n\u00edch p\u0159\u00edstav\u016f na sv\u011bt\u011b a je p\u0159edn\u00edm centrem rafinace ropy a petrochemick\u00e9 v\u00fdroby. M\u011bsto je tak\u00e9 centrem vzd\u011bl\u00e1v\u00e1n\u00ed a zdravotnictv\u00ed (s\u00eddl\u00ed zde instituce jako Tulane University a Ochsner Health) a rostouc\u00edm technologick\u00fdm centrem. Rozhoduj\u00edc\u00ed je, \u017ee pohostinstv\u00ed a kreativn\u00ed pr\u016fmysl jsou hlavn\u00edmi zam\u011bstnavateli; jen cestovn\u00ed ruch a kongresy ka\u017edoro\u010dn\u011b vyn\u00e1\u0161ej\u00ed miliony. Stru\u010dn\u011b \u0159e\u010deno, New Orleans je podle \u010d\u00edsel st\u0159edn\u011b velk\u00e9 m\u011bsto na jihu s nadm\u011brn\u00fdm ekonomick\u00fdm vlivem d\u00edky sv\u00fdm p\u0159\u00edstav\u016fm, energetick\u00e9mu a kulturn\u00edmu sektoru.<\/p>\n<p>M\u011bsto Crescent City le\u017e\u00ed v Severn\u00ed Americe, v srdci hlubok\u00e9ho Jihu. Geograficky se nach\u00e1z\u00ed na v\u00fdchodn\u00edm b\u0159ehu \u0159eky Mississippi, asi 145 kilometr\u016f proti proudu od Mexick\u00e9ho z\u00e1livu. Okol\u00ed je ploch\u00e1 pob\u0159e\u017en\u00ed n\u00ed\u017eina: ba\u017einy a \u0159\u00ed\u010dn\u00ed delta na jihu a mok\u0159ady na v\u00fdchod\u011b. Tento n\u00edzko polo\u017een\u00fd ter\u00e9n znamen\u00e1, \u017ee New Orleans le\u017e\u00ed p\u0159ev\u00e1\u017en\u011b na hladin\u011b mo\u0159e nebo pod n\u00ed, co\u017e si nut\u00ed k rozs\u00e1hl\u00e9mu syst\u00e9mu hr\u00e1z\u00ed. Na rozd\u00edl od Denveru na rovin\u011b nebo Denveru v hor\u00e1ch je New Orleans \u0159\u00ed\u010dn\u00edm m\u011bstem, formovan\u00fdm vodou ve v\u0161ech sm\u011brech: velkou \u0159ekou na z\u00e1pad\u011b, jezerem Pontchartrain na severu a z\u00e1livem na jihu. Jeden vtip \u0159\u00edk\u00e1, \u017ee \u201esed\u00ed na zemi, zav\u011b\u0161en\u00e9 na vod\u011b\u201c. Letn\u00ed horko je zm\u00edrn\u011bno v\u00e1nky z Mexick\u00e9ho z\u00e1livu a \u010detn\u00fdmi kan\u00e1ly; zimy jsou m\u00edrn\u00e9.<\/p>\n<p>Po\u010d\u00e1tky New Orleans sahaj\u00ed a\u017e do po\u010d\u00e1tku 18. stolet\u00ed. Francouz\u0161t\u00ed kolonist\u00e9 pod veden\u00edm Jeana-Baptisty Le Moyne de Bienville zalo\u017eili m\u011bsto v roce 1718 na p\u016flm\u011bs\u00edcovit\u00e9m ohybu \u0159eky Mississippi. Jeho honosn\u00e1 francouzsk\u00e1 architektura a n\u00e1zvy m\u00edst odr\u00e1\u017eej\u00ed tuto koloni\u00e1ln\u00ed minulost. V roce 1763, po sedmilet\u00e9 v\u00e1lce, Francie postoupila Louisianu (a New Orleans) \u0160pan\u011blsku, ne\u017e ji Napoleon v roce 1800 vr\u00e1til do francouzsk\u00fdch rukou. O pouh\u00e9 t\u0159i roky pozd\u011bji, v roce 1803, Spojen\u00e9 st\u00e1ty z\u00edskaly New Orleans v r\u00e1mci Louisiansk\u00e9 koup\u011b, \u010d\u00edm\u017e otev\u0159ely Mississippi americk\u00e9mu obchodu. New Orleans v p\u0159edv\u00e1le\u010dn\u00e9 \u00e9\u0159e prosperoval: do roku 1840 byl t\u0159et\u00edm nejv\u011bt\u0161\u00edm m\u011bstem v USA a nejv\u011bt\u0161\u00edm na cel\u00e9m Jihu. Jeho p\u0159\u00edstav se objemem produkce vyrovnal p\u0159\u00edstav\u016fm v Bostonu a Filadelfii a bavlna a cukr z n\u011bj ud\u011blaly bohat\u00e9, i kdy\u017e velmi stratifikovan\u00e9, m\u011bsto. Zlom nastal b\u011bhem v\u00e1lky v roce 1812. V lednu 1815 gener\u00e1l Andrew Jackson slavn\u011b vedl nest\u00e1rnou americkou arm\u00e1du k por\u00e1\u017ece Brit\u016f v bitv\u011b u New Orleans, \u010d\u00edm\u017e upevnil m\u00edsto m\u011bsta v americk\u00e9 historii.<\/p>\n<p>Po ob\u010dansk\u00e9 v\u00e1lce pro\u0161el New Orleans rekonstrukc\u00ed a Jimem Crowem a z\u016fstal \u017eiv\u00fdm obchodn\u00edm centrem a\u017e do 20. stolet\u00ed. Jazzov\u00e1 hudba se zde zrodila na po\u010d\u00e1tku 20. stolet\u00ed a ve 20. letech 20. stolet\u00ed se no\u010dn\u00ed \u017eivot ve Francouzsk\u00e9 \u010dtvrti stal legend\u00e1rn\u00edm. Na konci 20. stolet\u00ed m\u011bsto za\u017eilo boom i p\u00e1d. V roce 2005 hurik\u00e1n Katrina zasadil ni\u010divou r\u00e1nu. V\u011bt\u0161ina m\u011bsta byla zaplavena kv\u016fli protr\u017een\u00ed hr\u00e1z\u00ed, zahynulo p\u0159es 1 800 obyvatel a populace se propadla zhruba o polovinu. Obnova byla v n\u011bkter\u00fdch \u010d\u00e1stech dramatick\u00e1: centrum m\u011bsta a n\u011bkter\u00e9 \u010dtvrti byly znovu postaveny, zat\u00edmco jin\u00e9 st\u00e1le nesou jizvy. Dne\u0161n\u00ed New Orleans nese otisk v\u0161ech t\u011bchto epoch. Historick\u00e9 plakety lemuj\u00ed Jackson Square (z doby Bienvilleovy), ale v\u00fdlohy obchod\u016f tak\u00e9 inzeruj\u00ed energetick\u00e9 konzultanty a technologick\u00e9 startupy. Katastrofa hurik\u00e1nu Katrina z\u016fst\u00e1v\u00e1 ur\u010duj\u00edc\u00edm miln\u00edkem, ale stejn\u011b tak i obnova m\u011bsta, kter\u00e1 vyva\u017euje \u00factu k minulosti s modern\u00edm r\u016fstem.<\/p>\n<p>New Orleans m\u00e1 jedine\u010dnou kulturn\u00ed atmosf\u00e9ru \u2013 sm\u011bs francouzsk\u00fdch, \u0161pan\u011blsk\u00fdch, africk\u00fdch, karibsk\u00fdch a ji\u017eansk\u00fdch vliv\u016f. Jeho m\u00edstn\u00ed charakter je z\u0159ejm\u00fd v okam\u017eiku, kdy vystoup\u00edte z letadla nebo v\u00fdletn\u00ed lodi: francouzsk\u00e9 cedule s uli\u010dkami (nap\u0159. \u201eRue\u201c pro ulici), uvoln\u011bn\u00e1 n\u00e1lada a v\u0161udyp\u0159\u00edtomn\u00e1 hudba na chodn\u00edc\u00edch. Francouzsk\u00e9 a kreolsk\u00e9 d\u011bdictv\u00ed p\u0159etrv\u00e1v\u00e1 nejen v architektu\u0159e, ale i v \u017eiv\u00fdch tradic\u00edch. Francouzsky mluv\u010d\u00ed a louisiansk\u00e9 kreolsk\u00e9 dialekty jsou dnes vz\u00e1cn\u00e9, ale p\u00e1r star\u0161\u00edch lid\u00ed v t\u011bchto jazyc\u00edch st\u00e1le hovo\u0159\u00ed. \u010cast\u011bji je ka\u017edodenn\u00ed louisiansk\u00e1 angli\u010dtina oko\u0159en\u011bna cajunsk\u00fdmi a kreolsk\u00fdmi fr\u00e1zemi (\u201elagniappe\u201c, \u201elagniappe\u201c znamen\u00e1 \u201en\u011bco nav\u00edc\u201c atd.). M\u011bsto oslavilo sv\u00e9 dvoust\u00e9 v\u00fdro\u010d\u00ed v roce 2018 francouzsko-jidi\u0161 vesel\u00edm a uzn\u00e1v\u00e1 sv\u00e9 frankofonn\u00ed ko\u0159eny.<\/p>\n<p>V New Orleans vl\u00e1dnou tradice. Jak poeticky poznamen\u00e1v\u00e1 jeden pr\u016fvodce: \u201eNew Orleans je m\u011bstem zvyk\u016f, kter\u00e9 se vyvinuly v \u00factyhodn\u00e9 tradice.\u201c Ned\u011bln\u00ed \u010derven\u00e9 fazole, jazzov\u00e9 poh\u0159by a karnevalov\u00e9 ma\u0161kar\u00e1dy za\u010d\u00ednaly jako ka\u017edodenn\u00ed zvyky a staly se m\u011bstsk\u00fdmi dominantami. Nejv\u00fdrazn\u011bj\u0161\u00edm vyj\u00e1d\u0159en\u00edm tohoto d\u011bdictv\u00ed je ka\u017edoro\u010dn\u00ed sez\u00f3na pr\u016fvod\u016f Mardi Gras (karneval): t\u00fddny ma\u0161karn\u00edch ples\u016f a celono\u010dn\u00edch pr\u016fvod\u016f, kde kost\u00fdmovan\u00ed \u201ekrewes\u201c h\u00e1z\u00ed kor\u00e1lky ulicemi. Ale i mimo Mardi Gras je duch oslav neust\u00e1l\u00fd. Z klub\u016f na Frenchmen Street se ka\u017edou noc line \u017eiv\u00fd jazz a festivaly zapl\u0148uj\u00ed kalend\u00e1\u0159 po cel\u00fd rok \u2013 od festivalu Jazz &amp; Heritage ka\u017ed\u00e9 jaro p\u0159es Congo Square Rhythms v l\u00e9t\u011b a\u017e po festival French Quarter a nespo\u010det etnick\u00fdch pr\u016fvod\u016f.<\/p>\n<p>Ve srovn\u00e1n\u00ed s jin\u00fdmi velk\u00fdmi m\u011bsty p\u016fsob\u00ed tempo \u017eivota v New Orleans pomalu. M\u00edstn\u00ed obyvatel\u00e9 jsou hrd\u00ed na svou ji\u017eanskou pohostinnost a v\u0159elost. Cizinci je \u010dasto zdrav\u00ed \u00fasm\u011bvem nebo p\u0159\u00e1telsk\u00fdm \u201eJak se m\u00e1\u0161?\u201c \u2013 a to i v lah\u016fdk\u00e1\u0159stv\u00ed nebo v autoservisu. Jak poznamenal jeden n\u00e1v\u0161t\u011bvn\u00edk: \u201eObyvatel\u00e9 vyza\u0159uj\u00ed v\u0159elost a p\u0159\u00e1telskost,\u201c co\u017e je vlastnost p\u0159ipisovan\u00e1 k\u0159es\u0165ansk\u00e9 charit\u011b a starosv\u011btsk\u00e9mu kouzlu m\u011bsta. Kav\u00e1rny na Jackson Square se hem\u017e\u00ed venku a lid\u00e9 se tu le\u017e\u00e9rn\u011b zdr\u017euj\u00ed u caf\u00e9 au lait a beignets. Pouli\u010dn\u00ed hudebn\u00edci hraj\u00edc\u00ed na slunci jsou stejn\u011b b\u011b\u017en\u00ed jako pickupy na silnici. Pod touto dru\u017enost\u00ed se v\u0161ak skr\u00fdv\u00e1 bystr\u00fd vtip: obyvatel\u00e9 New Orleansu vtipkuj\u00ed, \u017ee m\u011bsto je tak pohodov\u00e9, \u017ee \u201ei hodiny jdou na \u010das\u201c.<\/p>\n<p>Navzdory tomuto kouzlu m\u00e1 \u017eivot zde i svou drsnou str\u00e1nku. M\u011bsto se dlouho pot\u00fdkalo s ekonomickou nerovnost\u00ed a kriminalitou. New Orleans se po cel\u00e1 desetilet\u00ed py\u0161n\u00ed jednou z nejvy\u0161\u0161\u00edch m\u011br vra\u017ed v Americe. Tato realita zm\u00edr\u0148uje jinak rozmarn\u00fd obraz. Za posledn\u00edch p\u011bt let m\u011bsto dos\u00e1hlo ur\u010dit\u00e9ho pokroku v oblasti ve\u0159ejn\u00e9 bezpe\u010dnosti; v polovin\u011b roku 2024 se hl\u00e1\u0161en\u00e1 kriminalita sn\u00ed\u017eila o 26 % ve srovn\u00e1n\u00ed s p\u0159edchoz\u00edm rokem. N\u00e1v\u0161t\u011bvn\u00edci jsou st\u00e1le varov\u00e1ni, aby byli ostra\u017eit\u00ed, zejm\u00e9na po setm\u011bn\u00ed. \u010cast\u011bji si v\u0161ak nov\u011b p\u0159\u00edchoz\u00ed vzpomene na laskav\u00e9 \u0159idi\u010de tramvaj\u00ed, sladkou v\u016fni magn\u00f3li\u00ed a nenucen\u00fd sm\u00edch lid\u00ed v Caf\u00e9 du Monde. V kone\u010dn\u00e9m d\u016fsledku je to \u201eatmosf\u00e9ra Francouzsk\u00e9 \u010dtvrti\u201c \u2013 p\u0159\u00e1telsk\u00e9 francouzsky mluv\u00edc\u00ed n\u00e1pisy Francouzsk\u00e9 \u010dtvrti na roz\u00edch ulic, \u010derven\u00e9 slune\u010dn\u00edky, kovan\u00e9 \u017eelezn\u00e9 balkony \u2013 co zanech\u00e1v\u00e1 trval\u00fd dojem.<\/p>\n<p>New Orleans nab\u00edz\u00ed ka\u017ed\u00e9mu cestovateli nep\u0159ebern\u00e9 mno\u017estv\u00ed pam\u00e1tek, kter\u00e9 nesm\u00ed chyb\u011bt. Hlavn\u00ed z nich je Francouzsk\u00e1 \u010dtvr\u0165, historick\u00e9 star\u00e9 m\u011bsto zalo\u017een\u00e9 v roce 1718. Jeho srdcem je Jackson Square \u2013 ve\u0159ejn\u00e9 n\u00e1m\u011bst\u00ed, kter\u00e9mu dominuje katedr\u00e1la sv. Ludv\u00edka z b\u00edl\u00e9ho kamene (nejstar\u0161\u00ed nep\u0159etr\u017eit\u011b aktivn\u00ed katolick\u00e1 katedr\u00e1la v USA). N\u00e1m\u011bst\u00ed a nedalekou Bourbon Street obklopuj\u00ed pastelov\u011b zbarven\u00e9 m\u011bstsk\u00e9 domy s zdoben\u00fdmi \u017eelezn\u00fdmi balkony ov\u011b\u0161en\u00fdmi kv\u011btinami. Zde se m\u016f\u017eete vydat na legend\u00e1rn\u00ed m\u00edsta: k kym\u00e1cej\u00edc\u00edm se hudebn\u00edk\u016fm na verand\u011b, soch\u00e1m, prodejc\u016fm pouli\u010dn\u00edho um\u011bn\u00ed a sv\u011btozn\u00e1m\u00e9 kav\u00e1rn\u011b Caf\u00e9 du Monde, kter\u00e1 pod\u00e1v\u00e1 pralinky a \u010dekankovou k\u00e1vu. Ve \u010dtvrti se tak\u00e9 nach\u00e1z\u00ed Preservation Hall, kde se konaj\u00ed ve\u010dern\u00ed akustick\u00e9 jazzov\u00e9 koncerty, a butiky na Royal Street, kde najdete staro\u017eitnosti a um\u011bn\u00ed.<\/p>\n<p>Za \u010dtvrt\u00ed Quarter se nach\u00e1z\u00ed spousta atrakc\u00ed. N\u00e1rodn\u00ed muzeum druh\u00e9 sv\u011btov\u00e9 v\u00e1lky ve Warehouse District se opakovan\u011b \u0159ad\u00ed mezi nejlep\u0161\u00ed americk\u00e1 muzea \u2013 pohlcuj\u00edc\u00ed expon\u00e1ty o vylod\u011bn\u00ed v Normandii, bitv\u011b u Midway a dal\u0161\u00edch m\u00edstech l\u00e1kaj\u00ed milovn\u00edky vojensk\u00e9 historie. Milovn\u00edky um\u011bn\u00ed zaujme New Orleans Museum of Art (NOMA) a p\u0159ilehl\u00e1 socha\u0159sk\u00e1 zahrada Sydney and Walda Besthoff v City Parku. Rodil\u00ed obyvatel\u00e9 Crescent City obdivuj\u00ed Audubon Park a zoologickou zahradu v centru m\u011bsta a dokonce i m\u00edstn\u00ed obl\u00edben\u00fd City Park s jeho starobyl\u00fdmi duby a botanick\u00fdmi zahradami. Pro panoramatickou z\u00e1bavu nab\u00edz\u00ed Steamboat Natchez na b\u0159ehu \u0159eky denn\u00ed plavby na kolesov\u00e9m kole kolem panoramatu m\u011bsta. Nenechte si uj\u00edt ani nadzemn\u00ed h\u0159bitovy (jako je St. Louis No.1) \u2013 tajupln\u00e1 \u201eM\u011bsta mrtv\u00fdch\u201c, kde zdoben\u00e1 mauzolea ukr\u00fdvaj\u00ed generace obyvatel New Orleans.<\/p>\n<p>Mezi klasick\u00e9 pam\u00e1tky pat\u0159\u00ed tak\u00e9 Zahradn\u00ed \u010dtvr\u0165, kter\u00e1 se nach\u00e1z\u00ed n\u011bkolik kilometr\u016f od centra m\u011bsta, kde se v ulic\u00edch st\u00edn\u011bn\u00fdch duby ty\u010d\u00ed honosn\u00e1 s\u00eddla z 19. stolet\u00ed. Historickou tramvaj\u00ed na St. Charles Avenue se m\u016f\u017eete sv\u00e9zt pod\u00e9l korun dub\u016f kolem Loyola University a\u017e k velkolep\u00fdm sloup\u016fm Tulane University. Kulturn\u011bji zam\u011b\u0159en\u00e9 zast\u00e1vky dopl\u0148uje Muzeum um\u011bn\u00ed a Pam\u00e1tn\u00edk Konfederace. Celkov\u011b zde panuje p\u0159\u00edjemn\u00e9 nap\u011bt\u00ed mezi opot\u0159ebovan\u00fdmi historick\u00fdmi \u010dtvrt\u011bmi (\u201eelegantn\u00ed elegance a jemn\u00fd \u00fapadek\u201c star\u00e9ho New Orleans) a revitalizovan\u00fdmi modern\u00edmi \u010dtvrt\u011bmi pln\u00fdmi galeri\u00ed a kav\u00e1ren. Ka\u017ed\u00fd kout nab\u00edz\u00ed ochutn\u00e1vku mnohovrstevnat\u00e9ho p\u0159\u00edb\u011bhu m\u011bsta: neonov\u00e9 bary na Bourbon Street vibruj\u00ed vedle francouzsko-koloni\u00e1ln\u00edch dom\u016f; n\u00edzk\u00e9 hr\u00e1ze p\u0159ipom\u00ednaj\u00ed, \u017ee mohutn\u00e1 \u0159eka a z\u00e1liv nejsou nikdy daleko.<\/p>\n<p>New Orleans m\u00e1 dobr\u00e9 dopravn\u00ed spojen\u00ed. Mezin\u00e1rodn\u00ed leti\u0161t\u011b Louise Armstronga v New Orleans (MSY) le\u017e\u00ed asi 18 km z\u00e1padn\u011b od centra m\u011bsta; obsluhuje des\u00edtky leteck\u00fdch spole\u010dnost\u00ed a p\u0159\u00edm\u00e9 linky do m\u011bst po cel\u00e9m sv\u011bt\u011b. Bl\u00ed\u017ee k n\u011bmu se nach\u00e1z\u00ed mal\u00e9 leti\u0161t\u011b Lakefront, kter\u00e9 nab\u00edz\u00ed omezen\u00e9 p\u0159\u00edm\u011bstsk\u00e9 lety. Sb\u00edhaj\u00ed se zde tak\u00e9 hlavn\u00ed d\u00e1lnice, co\u017e z n\u011bj \u010din\u00ed k\u0159i\u017eovatku pob\u0159e\u017e\u00ed Mexick\u00e9ho z\u00e1livu: Interstate 10 a 610 m\u011bsto ob\u00edhaj\u00ed, zat\u00edmco I-55 a I-59 vedou na sever. Linka Crescent spole\u010dnosti Amtrak (z New Yorku do New Orleans) p\u0159ij\u00ed\u017ed\u00ed denn\u011b na termin\u00e1l Union Passenger Terminal, kter\u00fd se nach\u00e1z\u00ed vedle tramvajov\u00fdch linek a autobusov\u00e9ho n\u00e1dra\u017e\u00ed. Autem se malebn\u00e9 trasy pod\u00e9l \u0159eky (US-61) nebo Mexick\u00e9ho z\u00e1livu (US-90) vyzna\u010duj\u00ed nezapomenuteln\u00fdmi j\u00edzdami.<\/p>\n<p>Jakmile se n\u00e1v\u0161t\u011bvn\u00edci dostanou do m\u011bsta, najdou si n\u011bkolik mo\u017enost\u00ed dopravy. Slavn\u00e9 zeleno\u010derven\u00e9 tramvaje proj\u00ed\u017ed\u011bj\u00ed kl\u00ed\u010dov\u00fdmi koridory \u2013 linkami Riverfront, Canal Street, St. Charles (do Garden District) a Rampart-St. Claude. Tyto okouzluj\u00edc\u00ed star\u00e9 tramvaje (n\u011bkter\u00e9 poch\u00e1zej\u00ed z 20. let 20. stolet\u00ed) nab\u00edzej\u00ed snadn\u00fd zp\u016fsob, jak si prohl\u00e9dnout pam\u00e1tky nad zem\u00ed. Komplexn\u00ed autobusov\u00fd syst\u00e9m (RTA) pokr\u00fdv\u00e1 v\u0161echny \u010dtvrti a modern\u00ed prodlou\u017een\u00ed tramvajov\u00e9 linky lehk\u00e9 \u017eeleznice (otev\u0159en\u00e9 v roce 2016) dosahuje a\u017e k Tulane Avenue. Tax\u00edky, slu\u017eby zap\u016fj\u010den\u00e9 j\u00edzdy a \u0159\u00ed\u010dn\u00ed trajekty (do Algiers Point p\u0159es Mississippi) jsou k dispozici v hojn\u00e9m po\u010dtu. V samotn\u00e9 Francouzsk\u00e9 \u010dtvrti se d\u00e1 snadno dostat p\u011b\u0161ky a do zna\u010dn\u00e9 m\u00edry je bez automobilov\u00e9 dopravy. Mnoho m\u00edstn\u00edch obyvatel i turist\u016f se po m\u011bst\u011b pohybuje p\u011b\u0161ky nebo na kole.<\/p>\n<p>M\u011bnou jsou americk\u00e9 dolary a angli\u010dtina se pou\u017e\u00edv\u00e1 v\u0161eobecn\u011b (a\u010dkoli mnoho j\u00eddeln\u00edch l\u00edstk\u016f st\u00e1le uv\u00e1d\u00ed pokrmy ve francouzsk\u00fdch n\u00e1zvech). Spropitn\u00e9 je zvykem \u2013 v restaurac\u00edch a barech se pohybuje kolem 15\u201320 %. Tempo m\u011bsta a dress code jsou neform\u00e1ln\u00ed; b\u011b\u017en\u00e9 oble\u010den\u00ed je v po\u0159\u00e1dku t\u00e9m\u011b\u0159 v\u0161ude (i kdy\u017e v luxusn\u00edch restaurac\u00edch m\u016f\u017ee b\u00fdt pro mu\u017ee vy\u017eadov\u00e1no sako). Obyvatel\u00e9 New Orleans r\u00e1di pozdrav\u00ed \u201eyou&#039;ll\u201c, tak\u017ee konverzace s p\u0159\u00e1telsk\u00fdm \u201ebonjour\u201c nebo \u201emerci\u201c (d\u00edky) je v\u017edy v\u00edt\u00e1na. Kulturn\u011b se zde lid\u00e9 pohybuj\u00ed pomalu \u2013 pokud sp\u011bch\u00e1te, napl\u00e1nujte si v\u00edce \u010dasu ne\u017e obvykle.<\/p>\n<p>New Orleans m\u011bl historicky vy\u0161\u0161\u00ed m\u00edru kriminality ne\u017e mnoho jin\u00fdch m\u011bst, ale podm\u00ednky se li\u0161\u00ed v jednotliv\u00fdch \u010dtvrt\u00edch. Nejv\u00edce turisticky nav\u0161t\u011bvovan\u00e9 oblasti (Francouzsk\u00e1 \u010dtvr\u0165, CBD, Zahradn\u00ed \u010dtvr\u0165) jsou ve dne obecn\u011b bezpe\u010dn\u00e9. N\u00e1v\u0161t\u011bvn\u00edci by m\u011bli v noci dodr\u017eovat b\u011b\u017en\u00e1 opat\u0159en\u00ed, z\u016fst\u00e1vat v osv\u011btlen\u00fdch prostor\u00e1ch a uchov\u00e1vat si sv\u00e9 v\u011bci v bezpe\u010d\u00ed. Policie v Nov\u00e9m Orleansu poznamen\u00e1v\u00e1, \u017ee celkov\u00e1 kriminalita v roce 2024 kles\u00e1. P\u0159edev\u0161\u00edm rozumn\u00e9 chov\u00e1n\u00ed cestovatel\u016f (nevystavov\u00e1n\u00ed cennost\u00ed, cestov\u00e1n\u00ed ve skupin\u00e1ch pokud mo\u017eno po setm\u011bn\u00ed) pom\u016f\u017ee zajistit p\u0159\u00edjemn\u00fd v\u00fdlet. Prvn\u00ed pomoc nebo policejn\u00ed pomoc je snadno dostupn\u00e1 v centru m\u011bsta. S ohledem na tato upozorn\u011bn\u00ed z\u016fst\u00e1v\u00e1 New Orleans p\u0159\u00edv\u011btiv\u00fdm m\u011bstem \u2013 m\u011bstem, kter\u00e9 odm\u011b\u0148uje otev\u0159en\u00e9ho n\u00e1v\u0161t\u011bvn\u00edka nezapomenutelnou hudbou, j\u00eddlem a ji\u017eanskou pohostinnost\u00ed.<a href=\"https:\/\/travelshelper.com\/cs\/destinace\/severni-amerika\/spojene-staty-americke\/berkeley-springs\/\" target=\"_self\" aria-labelledby=\"uael-post-8997\"><br \/>\n<\/a><\/p>","protected":false},"excerpt":{"rendered":"<p>New Orleans, \u010dasto ozna\u010dovan\u00fd jako NOLA nebo Big Easy, je konsolidovan\u00e9 m\u011bsto a farnost le\u017e\u00edc\u00ed pod\u00e9l \u0159eky Mississippi v jihov\u00fdchodn\u00ed \u010d\u00e1sti Louisiany. S po\u010dtem obyvatel 383 997 je toto m\u011bsto podle s\u010d\u00edt\u00e1n\u00ed lidu USA z roku 2020 nejlidnat\u011bj\u0161\u00edm v Louisian\u011b a na \u00fazem\u00ed Francouzsk\u00e9 Louisiany. Je t\u0159et\u00edm nejlidnat\u011bj\u0161\u00edm m\u011bstem na Hlubok\u00e9m jihu a dvan\u00e1ct\u00fdm nejlidnat\u011bj\u0161\u00edm m\u011bstem na jihov\u00fdchod\u011b Spojen\u00fdch st\u00e1t\u016f. Pro oblast pob\u0159e\u017e\u00ed Mexick\u00e9ho z\u00e1livu ve Spojen\u00fdch st\u00e1tech slou\u017e\u00ed New Orleans jako v\u00fdznamn\u00fd p\u0159\u00edstav a uzn\u00e1van\u00e9 obchodn\u00ed a ekonomick\u00e9 centrum.<\/p>","protected":false},"author":1,"featured_media":3170,"parent":8072,"menu_order":0,"comment_status":"closed","ping_status":"closed","template":"elementor_theme","meta":{"_eb_attr":"","footnotes":""},"class_list":["post-8297","page","type-page","status-publish","has-post-thumbnail"],"_links":{"self":[{"href":"https:\/\/travelshelper.com\/cs\/wp-json\/wp\/v2\/pages\/8297","targetHints":{"allow":["GET"]}}],"collection":[{"href":"https:\/\/travelshelper.com\/cs\/wp-json\/wp\/v2\/pages"}],"about":[{"href":"https:\/\/travelshelper.com\/cs\/wp-json\/wp\/v2\/types\/page"}],"author":[{"embeddable":true,"href":"https:\/\/travelshelper.com\/cs\/wp-json\/wp\/v2\/users\/1"}],"replies":[{"embeddable":true,"href":"https:\/\/travelshelper.com\/cs\/wp-json\/wp\/v2\/comments?post=8297"}],"version-history":[{"count":0,"href":"https:\/\/travelshelper.com\/cs\/wp-json\/wp\/v2\/pages\/8297\/revisions"}],"up":[{"embeddable":true,"href":"https:\/\/travelshelper.com\/cs\/wp-json\/wp\/v2\/pages\/8072"}],"wp:featuredmedia":[{"embeddable":true,"href":"https:\/\/travelshelper.com\/cs\/wp-json\/wp\/v2\/media\/3170"}],"wp:attachment":[{"href":"https:\/\/travelshelper.com\/cs\/wp-json\/wp\/v2\/media?parent=8297"}],"curies":[{"name":"wp","href":"https:\/\/api.w.org\/{rel}","templated":true}]}}