{"id":8250,"date":"2024-09-02T18:47:07","date_gmt":"2024-09-02T18:47:07","guid":{"rendered":"https:\/\/travelshelper.com\/staging\/?page_id=8250"},"modified":"2026-03-13T18:03:21","modified_gmt":"2026-03-13T18:03:21","slug":"myrtle-beach","status":"publish","type":"page","link":"https:\/\/travelshelper.com\/cs\/destinations\/north-america\/united-states\/myrtle-beach\/","title":{"rendered":"Myrtle Beach"},"content":{"rendered":"<p>Myrtle Beach je skromn\u00e9 \u200b\u200bpob\u0159e\u017en\u00ed m\u011bsto, jeho\u017e ekonomice a kultu\u0159e dominuje cestovn\u00ed ruch. Po\u010det obyvatel m\u011bsta roste; ned\u00e1vn\u00e9 odhady uv\u00e1d\u011bj\u00ed, \u017ee Myrtle Beach m\u011blo v roce 2025 p\u0159ibli\u017en\u011b 42 000 obyvatel, co\u017e je zhruba o 17 % v\u00edce ne\u017e v roce 2020. (V\u010detn\u011b bl\u00edzk\u00fdch p\u0159edm\u011bst\u00ed a neza\u010dlen\u011bn\u00fdch oblast\u00ed m\u00e1 metropolitn\u00ed oblast p\u0159ibli\u017en\u011b 250 000 obyvatel.) Medi\u00e1n p\u0159\u00edjmu dom\u00e1cnost\u00ed je p\u0159ibli\u017en\u011b 53 700 dolar\u016f \u2013 co\u017e se bl\u00ed\u017e\u00ed celost\u00e1tn\u00edmu medi\u00e1nu \u2013 a m\u00edra chudoby se pohybuje kolem 17 %. Obyvatelstvo je p\u0159ev\u00e1\u017en\u011b b\u00edl\u00e9 (asi 70 %), \u010derno\u0161i nebo Afroameri\u010dan\u00e9 tvo\u0159\u00ed zhruba 14 % a men\u0161\u00ed procenta tvo\u0159\u00ed ostatn\u00ed skupiny. M\u011bsto m\u00e1 relativn\u011b vysok\u00fd medi\u00e1n v\u011bku (47 let) kv\u016fli mnoha d\u016fchodc\u016fm a skute\u010dnosti, \u017ee sem mnoho rodin jezd\u00ed na dovolenou.<\/p>\n<p>Ekonomika Myrtle Beach se to\u010d\u00ed kolem pohostinstv\u00ed: hotely, golfov\u00e1 h\u0159i\u0161t\u011b, restaurace a z\u00e1bavn\u00ed komplexy. P\u0159\u00edjem na obyvatele je ni\u017e\u0161\u00ed (kolem 36 000 dolar\u016f) ne\u017e celost\u00e1tn\u00ed pr\u016fm\u011br, co\u017e odr\u00e1\u017e\u00ed sez\u00f3nn\u00ed trh pr\u00e1ce (zejm\u00e9na v l\u00e9t\u011b je zde p\u0159\u00edliv do\u010dasn\u00fdch pracovn\u00edk\u016f). Mezi hlavn\u00ed zam\u011bstnavatele pat\u0159\u00ed \u0159et\u011bzce pohostinstv\u00ed, syst\u00e9my zdravotn\u00ed p\u00e9\u010de a atrakce v oblasti Grand Strand. M\u011bsto ro\u010dn\u011b nav\u0161t\u00edv\u00ed p\u0159ibli\u017en\u011b 15 milion\u016f n\u00e1v\u0161t\u011bvn\u00edk\u016f, co\u017e z n\u011bj \u010din\u00ed jedno z nejnav\u0161t\u011bvovan\u011bj\u0161\u00edch pl\u00e1\u017eov\u00fdch m\u011bst na jihov\u00fdchod\u011b. Stru\u010dn\u011b \u0159e\u010deno, Myrtle Beach je podle \u010d\u00edsel mal\u00e9 m\u011bsto (cca 40 tis\u00edc obyvatel), kter\u00e9 za\u017e\u00edv\u00e1 stabiln\u00ed r\u016fst, s ekonomikou zam\u011b\u0159enou na pl\u00e1\u017ee a golf, p\u0159ev\u00e1\u017en\u011b b\u00edlou populac\u00ed a medi\u00e1nem p\u0159\u00edjm\u016f v rozmez\u00ed 50 tis\u00edc dolar\u016f.<\/p>\n<p>Myrtle Beach le\u017e\u00ed na centr\u00e1ln\u00edm \u00faseku Grand Strand mezi Severn\u00ed a Ji\u017en\u00ed Karol\u00ednou, co\u017e je \u00fasek atlantsk\u00e9ho pob\u0159e\u017e\u00ed. Geograficky se nach\u00e1z\u00ed v severov\u00fdchodn\u00ed Ji\u017en\u00ed Karol\u00edn\u011b (jihoatlantick\u00e1 oblast USA) a na v\u00fdchod\u011b je obr\u00e1cena k Atlantsk\u00e9mu oce\u00e1nu. Samotn\u00e9 m\u011bsto le\u017e\u00ed na bari\u00e9rov\u00fdch ostrovech odd\u011blen\u00fdch od pevniny pob\u0159e\u017en\u00ed vodn\u00ed cestou (od roku 1936). Ter\u00e9n tvo\u0159\u00ed ploch\u00e1 p\u00edse\u010dn\u00e1 pl\u00e1\u017e a duny, pod nimi\u017e se rozkl\u00e1daj\u00ed slaniska. Borovicov\u00e9 lesy a mok\u0159ady le\u017e\u00ed t\u011bsn\u011b ve vnitrozem\u00ed. Nejbli\u017e\u0161\u00ed metropolitn\u00ed oblasti jsou Wilmington v Severn\u00ed Karol\u00edn\u011b (115 km severov\u00fdchodn\u011b) a Charleston v Ji\u017en\u00ed Karol\u00edn\u011b (155 km jihoz\u00e1padn\u011b).<\/p>\n<p>Myrtle Beach m\u00e1 vlhk\u00e9 subtropick\u00e9 klima podobn\u00e9 ostatn\u00edm pob\u0159e\u017e\u00edm Karol\u00edny. L\u00e9ta jsou hork\u00e1 a velmi vlhk\u00e1; nejvy\u0161\u0161\u00ed teploty v \u010dervenci a srpnu se pr\u016fm\u011brn\u011b pohybuj\u00ed kolem 29 \u00b0C a \u010dasto stoupaj\u00ed a\u017e k 32 \u00b0C. M\u011bsto m\u00e1 ro\u010dn\u011b p\u0159ibli\u017en\u011b 135 cm sr\u00e1\u017eek, s letn\u00edmi bou\u0159kami b\u011b\u017en\u00fdmi. Zimy jsou m\u00edrn\u00e9: nejvy\u0161\u0161\u00ed teploty v lednu kolem 10 \u00b0C, nejni\u017e\u0161\u00ed teploty kolem 0 \u00b0C a ob\u010dasn\u00e9 m\u00edrn\u00e9 mrazy (ale sn\u011b\u017een\u00ed je velmi vz\u00e1cn\u00e9). Hurik\u00e1ny a tropick\u00e9 bou\u0159e mohou hrozit od \u010dervna do \u0159\u00edjna, a\u010dkoli bari\u00e9rov\u00e9 \u200b\u200bostrovy v regionu \u010dasto nab\u00edzej\u00ed ur\u010ditou ochranu; nicm\u00e9n\u011b n\u00e1v\u0161t\u011bvn\u00edci v sez\u00f3n\u011b hurik\u00e1n\u016f by m\u011bli sledovat p\u0159edpov\u011b\u010f po\u010das\u00ed. Celkov\u011b vzato, n\u00e1v\u0161t\u011bvn\u00edci shledaj\u00ed dlouh\u00e1 tepl\u00e1 l\u00e9ta ide\u00e1ln\u00edmi pro pl\u00e1\u017eov\u00e9 aktivity a velmi m\u00edrn\u00e9 zimy ide\u00e1ln\u00edmi pro golf a proch\u00e1zky mimo sez\u00f3nu.<\/p>\n<p>Modern\u00ed historie Myrtle Beach je \u00fazce spjata s rozvojem cestovn\u00edho ruchu na konci 19. a za\u010d\u00e1tku 20. stolet\u00ed. P\u0159edt\u00edm byla oblast \u0159\u00eddce os\u00eddlen\u00e1 (osady poch\u00e1zely z doby koloni\u00e1ln\u00edch pozemkov\u00fdch grant\u016f a v letech 18. a\u017e 19. stolet\u00ed se zde rozv\u00edjelo zem\u011bd\u011blstv\u00ed a lesnictv\u00ed). Zlom nastal kolem roku 1900, kdy byla k pob\u0159e\u017e\u00ed postavena \u017eeleznice Conway &amp; Seashore Railroad. V roce 1901 byl otev\u0159en p\u016fvodn\u00ed hotel Seaside Inn a m\u011bsto se za\u010dalo prezentovat jako letovisko. V sout\u011b\u017ei o pojmenov\u00e1n\u00ed inspiroval hojn\u00fd ke\u0159 voskov\u00e9 myrty n\u00e1zev \u201eMyrtle Beach\u201c a po\u0161ta obce tento n\u00e1zev p\u0159ijala. Myrtle Beach se v roce 1938 stalo m\u011bstem (a pozd\u011bji v roce 1957 m\u011bstem).<\/p>\n<p>Zpo\u010d\u00e1tku byl rozvoj pomal\u00fd. Na pob\u0159e\u017e\u00ed st\u00e1lo jen n\u011bkolik rekrea\u010dn\u00edch chat a pavilon (postaven\u00fd v roce 1901). Po druh\u00e9 sv\u011btov\u00e9 v\u00e1lce prudk\u00fd r\u016fst vyvolal prudk\u00fd n\u00e1r\u016fst cestov\u00e1n\u00ed za voln\u00fdm \u010dasem (a d\u00e1lni\u010dn\u00ed projekty prezidenta Eisenhowera). Ikonick\u00e1 promen\u00e1da a promen\u00e1da SkyWheel v Myrtle Beach se objevily mnohem pozd\u011bji (SkyWheel bylo otev\u0159eno v roce 2011), ale vzestup m\u011bsta jako rodinn\u00e9ho letoviska a golfov\u00e9 Mekky se upevnil v 70. a 80. letech 20. stolet\u00ed. Dnes je Myrtle Beach zn\u00e1m\u00e1 jako \u201erodinn\u00e1 pl\u00e1\u017e\u201c Severn\u00ed a Ji\u017en\u00ed Karol\u00edny s histori\u00ed neust\u00e1l\u00e9ho rozr\u016fst\u00e1n\u00ed z klidn\u00e9ho vlakov\u00e9ho n\u00e1dra\u017e\u00ed ve velk\u00fd z\u00e1bavn\u00ed komplex. Zakl\u00e1daj\u00edc\u00ed podnikatel\u00e9 a podporovatel\u00e9 z poloviny stolet\u00ed si p\u0159edstavovali pob\u0159e\u017en\u00ed cestovn\u00ed ruch a tato vize se poda\u0159ilo realizovat prost\u0159ednictv\u00edm hotel\u016f na pl\u00e1\u017ei, z\u00e1bavn\u00edch mol a rozlehl\u00fdch golfov\u00fdch h\u0159i\u0161\u0165.<\/p>\n<p>Kultura Myrtle Beach se definuje rodinnou z\u00e1bavou, ji\u017eanskou p\u0159\u00e1telskost\u00ed a atmosf\u00e9rou pr\u00e1zdninov\u00e9ho m\u011bsta. M\u00edstn\u00ed charakter je p\u0159ev\u00e1\u017en\u011b americk\u00fd (angli\u010dtina je prakticky v\u0161udyp\u0159\u00edtomn\u00e1 s n\u00e1dechem ji\u017eansk\u00e9ho p\u0159\u00edzvuku), s mal\u00fdmi vlivy d\u016fchodc\u016f ze severu a imigrant\u016f pracuj\u00edc\u00edch v pohostinstv\u00ed. Mezin\u00e1rodn\u00edch enkl\u00e1v je zde m\u00e1lo; jedn\u00e1 se o pevn\u011b venkovsko-ji\u017eanskou kulturu sm\u00edchanou s pohostinnost\u00ed resort\u016f.<\/p>\n<p>Tradice se to\u010d\u00ed kolem pl\u00e1\u017eov\u00e9ho odpo\u010dinku a z\u00e1bavy. P\u00edsek, slunce a \u010das str\u00e1ven\u00fd s rodinou tvo\u0159\u00ed j\u00e1dro ka\u017edodenn\u00edho \u017eivotn\u00edho stylu: m\u00edstn\u00ed r\u00e1na \u010dasto za\u010d\u00ednaj\u00ed b\u011bh\u00e1n\u00edm nebo ryba\u0159en\u00edm z mola a ve\u010dery mohou kon\u010dit oh\u0148ostrojem na promen\u00e1d\u011b. Tempo \u017eivota je uvoln\u011bn\u00e9 a rodinn\u00e9. Celoro\u010dn\u011b se ve m\u011bst\u011b konaj\u00ed komunitn\u00ed festivaly: nap\u0159\u00edklad Festival modr\u00fdch krab\u016f (\u0159\u00edjen) v nedalek\u00e9m Calabash oslavuje mo\u0159sk\u00e9 plody a Carolina Country Music Fest (\u010derven) p\u0159itahuje davy koncert\u016f. Kolem V\u00e1noc se m\u011bsto rozsv\u00edt\u00ed na sv\u00e1te\u010dn\u00ed pr\u016fvody a Zimn\u00ed \u0159\u00ed\u0161i div\u016f v Broadway at the Beach. Kulturn\u00ed st\u00e1lic\u00ed je tak\u00e9 golf; m\u00edstn\u00ed i turist\u00e9 hraj\u00ed na h\u0159i\u0161t\u00edch po cel\u00e9 jaro a podzim.<\/p>\n<p>V ka\u017edodenn\u00edm \u017eivot\u011b je p\u0159\u00e1telskost charakteristick\u00fdm znakem. M\u00edstn\u00ed obyvatel\u00e9 snadno v\u00edtaj\u00ed ciz\u00ed lidi a \u010dasto pracuj\u00ed v pohostinstv\u00ed \u2013 tak\u017ee obsluha je v\u0159el\u00e1 (n\u011bkdy i hlu\u010dn\u00e1). Komunity z doby turistick\u00e9ho ruchu zde \u010dasto disponuj\u00ed kulturou \u201eahoj\u201c a m\u00e1v\u00e1n\u00ed. Z\u00e1rove\u0148 zde panuje dom\u00e1c\u00ed kvalita: rodinn\u00e9 restaurace pod\u00e1vaj\u00ed krevety a krupici, z r\u00e1di\u00ed hraje surfa\u0159sk\u00e1 hudba a atrakce v aquaparku odr\u00e1\u017eej\u00ed karnevalovou atmosf\u00e9ru. Atmosf\u00e9ru Myrtle Beach lze tedy shrnout jako slune\u010dnou, veselou a neform\u00e1ln\u00ed \u2013 m\u00edsto, kde rodiny ve dne relaxuj\u00ed na p\u00edsku a v noci si u\u017e\u00edvaj\u00ed oh\u0148ostroj nebo koncert na pl\u00e1\u017ei.<\/p>\n<p>Hlavn\u00ed atrakce Myrtle Beach se nach\u00e1zej\u00ed p\u0159ev\u00e1\u017en\u011b v p\u0159\u00edrod\u011b a jsou vhodn\u00e9 pro rodiny s d\u011btmi. Hlavn\u00ed z nich je Boardwalk &amp; Promenade v centru Myrtle Beach, m\u00edli dlouh\u00e1 d\u0159ev\u011bn\u00e1 promen\u00e1da lemovan\u00e1 obchody, pas\u00e1\u017eemi a restauracemi. Hned vedle promen\u00e1dy stoj\u00ed SkyWheel, 60 metr\u016f dlouh\u00e9 rusk\u00e9 kolo, kter\u00e9 se otev\u00edr\u00e1 nad hlavou a nab\u00edz\u00ed panoramatick\u00fd v\u00fdhled na pob\u0159e\u017e\u00ed. Toto kolo bylo v roce 2010 p\u0159estav\u011bno v r\u00e1mci snahy m\u011bsta o\u017eivit centrum m\u011bsta na pl\u00e1\u017e\u00edch.<\/p>\n<p>Za promen\u00e1dou jsou hlavn\u00ed atrakc\u00ed samotn\u00e9 pl\u00e1\u017ee \u2013 96 kilometr\u016f souvisl\u00e9ho p\u00edse\u010dn\u00e9ho pob\u0159e\u017e\u00ed Atlantiku. Obl\u00edben\u00fdmi denn\u00edmi aktivitami jsou plav\u00e1n\u00ed, parasailing, j\u00edzda na vodn\u00edm sk\u00fatru a plavby pir\u00e1tskou lod\u00ed. Rodinn\u00e9 atrakce jsou zde hojn\u00e9: nap\u0159\u00edklad Ripleyho akv\u00e1rium v \u200b\u200bBroadway at the Beach a WonderWorks (naklon\u011bn\u00e9 v\u011bdeck\u00e9 muzeum) jsou velk\u00fdmi l\u00e1kadly. Broadway at the Beach je kompletn\u00ed z\u00e1bavn\u00ed komplex s obchody, restauracemi, no\u010dn\u00edm \u017eivotem a minigolfem \u2013 jako minim\u011bsto postaven\u00e9 kolem mal\u00e9ho jezera. Nedaleko se nach\u00e1z\u00ed Barefoot Landing (nad vodn\u00ed cestou) s divadly, restauracemi a celoro\u010dn\u011b otev\u0159enou sm\u011bsic\u00ed obchod\u016f. Mezi dal\u0161\u00ed zaj\u00edmavosti pat\u0159\u00ed aquapark Myrtle Waves, z\u00e1bavn\u00ed park Family Kingdom (klasick\u00e9 atrakce u mo\u0159e a horsk\u00e9 dr\u00e1hy) a Family Kingdom. Atrakcemi jsou tak\u00e9 golf a p\u0159\u00edroda: oblast lemuj\u00ed h\u0159i\u0161t\u011b (n\u011bkter\u00e1 navrhli legendy jako Tiger Woods) a st\u00e1tn\u00ed parky, jako je Myrtle Beach State Park, nab\u00edzej\u00ed stezky, promen\u00e1dy p\u0159es slaniska a historick\u00e9 molo. Stru\u010dn\u011b \u0159e\u010deno, Myrtle Beach mus\u00ed nav\u0161t\u00edvit svou pl\u00e1\u017e a promen\u00e1du \u200b\u200ba tak\u00e9 m\u00edsta pro rodiny s d\u011btmi, jako je SkyWheel a Ripley&#039;s Aquarium, kter\u00e1 jsou zt\u011blesn\u011bn\u00edm z\u00e1bavn\u00e9 a p\u0159\u00edmo\u0159sk\u00e9 kultury m\u011bsta.<\/p>\n<p>Nejbli\u017e\u0161\u00ed leti\u0161t\u011b je mezin\u00e1rodn\u00ed leti\u0161t\u011b Myrtle Beach (MYR), jen n\u011bkolik mil severoz\u00e1padn\u011b od m\u011bsta. MYR nab\u00edz\u00ed sez\u00f3nn\u00ed i celoro\u010dn\u00ed lety z mnoha americk\u00fdch m\u011bst. Mezi hlavn\u00ed bl\u00edzk\u00e9 leti\u0161t\u011b pat\u0159\u00ed Charleston (155 km jihoz\u00e1padn\u011b), Charlotte (270 km severoz\u00e1padn\u011b) a Raleigh-Durham (404 km severoz\u00e1padn\u011b). Autem je Myrtle Beach dostupn\u00e9 po d\u00e1lnici US Highway 17 z Wilmingtonu (severn\u011b) nebo Charlestonu (jih) a po d\u00e1lnici US 501 z d\u00e1lnice Interstate 95 ve vnitrozem\u00ed. Oblast obsluhuje tak\u00e9 autobus Greyhound.<\/p>\n<p>Auto je nejpohodln\u011bj\u0161\u00ed zp\u016fsob, jak prozkoumat okol\u00ed i mimo bezprost\u0159edn\u00ed pl\u00e1\u017e. Samotn\u00e9 m\u011bsto se snadno orientuje autem nebo bezplatn\u00fdm tramvaj\u00ed Coast RTA (kter\u00fd jezd\u00ed kolem centra m\u011bsta, Broadwaye a pl\u00e1\u017ee). Mnoho atrakc\u00ed se nach\u00e1z\u00ed pod\u00e9l nebo v bl\u00edzkosti d\u00e1lnice US 17 Business (\u201eKings Highway\u201c) nebo obchvatu Route 17; o letn\u00edch v\u00edkendech v\u0161ak m\u016f\u017ee b\u00fdt provoz hust\u00fd. Na kr\u00e1tk\u00e9 vzd\u00e1lenosti v centru m\u011bsta\/na pl\u00e1\u017ei jsou k dispozici taxi a sd\u00edlen\u00e1 doprava, ale pon\u011bkud omezen\u00e9. Kompaktn\u00ed centrum m\u011bsta a promen\u00e1da jsou docela snadno dostupn\u00e9 p\u011b\u0161ky a v\u011bt\u0161ina hotel\u016f se nach\u00e1z\u00ed v doch\u00e1zkov\u00e9 vzd\u00e1lenosti od pl\u00e1\u017ee nebo taveren.<\/p>\n<p>Pou\u017e\u00edvaj\u00ed se americk\u00e9 dolary a angli\u010dtina. V restaurac\u00edch je zvykem d\u00e1vat spropitn\u00e9 ve v\u00fd\u0161i 15\u201318 %. Oble\u010den\u00ed je extr\u00e9mn\u011b le\u017e\u00e9rn\u00ed (plavky, kra\u0165asy, tri\u010dka, \u017eabky). Pl\u00e1\u017eov\u00e1 etiketa \u0159\u00edk\u00e1, \u017ee v bl\u00edzkosti baz\u00e9n\u016f nebo promen\u00e1dy je t\u0159eba nosit plavky a p\u0159ehozy a v\u017edy si znovu nan\u00e9st opalovac\u00ed kr\u00e9m. D\u016fle\u017eit\u00e1 je ochrana p\u0159ed sluncem \u2013 slunce v Karol\u00edn\u011b m\u016f\u017ee rychle sp\u00e1lit \u2013 a koncem l\u00e9ta si d\u00e1vejte pozor na med\u00fazy. Voda m\u016f\u017ee m\u00edt siln\u00e9 vlnobit\u00ed; plavejte mezi plav\u010d\u00edky. Myrtle Beach je obecn\u011b bezpe\u010dn\u00e1, i kdy\u017e na p\u0159epln\u011bn\u00fdch pl\u00e1\u017e\u00edch nebo promen\u00e1d\u00e1ch m\u016f\u017ee doch\u00e1zet k drobn\u00fdm kr\u00e1de\u017e\u00edm. Uchov\u00e1vejte cennosti v aut\u011b mimo dohled a po setm\u011bn\u00ed se vyh\u00fdbejte neosv\u011btlen\u00fdm m\u00edst\u016fm. V l\u00e9t\u011b se m\u011bsto zaplavuje sez\u00f3nn\u00edmi n\u00e1v\u0161t\u011bvn\u00edky, tak\u017ee v hlavn\u00ed sez\u00f3n\u011b je ve m\u011bst\u011b velmi ru\u0161no; rezervujte si ubytov\u00e1n\u00ed a atrakce s dostate\u010dn\u00fdm p\u0159edstihem. Podzim (z\u00e1\u0159\u00ed\u2013listopad) a jaro jsou p\u0159\u00edjemn\u011b tepl\u00e9 a m\u00e9n\u011b p\u0159epln\u011bn\u00e9, tak\u017ee jsou ide\u00e1ln\u00ed pro klidn\u011bj\u0161\u00ed n\u00e1v\u0161t\u011bvu. A kone\u010dn\u011b, nezapome\u0148te, \u017ee obyvatel\u00e9 Jihu jsou zde zn\u00e1m\u00ed svou p\u0159\u00e1telskost\u00ed \u2013 jednoduch\u00e9 \u201eano, pan\u00ed\/pane\u201c a \u00fasm\u011bv v t\u00e9to zdvo\u0159il\u00e9 komunit\u011b hodn\u011b znamenaj\u00ed.<a href=\"https:\/\/travelshelper.com\/cs\/destinace\/severni-amerika\/spojene-staty-americke\/berkeley-springs\/\" target=\"_self\" aria-labelledby=\"uael-post-8997\"><br \/>\n<\/a><\/p>","protected":false},"excerpt":{"rendered":"<p>Myrtle Beach, letovisko na v\u00fdchodn\u00edm pob\u0159e\u017e\u00ed Spojen\u00fdch st\u00e1t\u016f, se nach\u00e1z\u00ed v okrese Horry v Ji\u017en\u00ed Karol\u00edn\u011b. Myrtle Beach je \u017eiv\u00e9 a ru\u0161n\u00e9 m\u00edsto uprost\u0159ed souvisl\u00e9ho 60 mil dlouh\u00e9ho \u00faseku pl\u00e1\u017ee zn\u00e1m\u00e9ho jako \u201eGrand Strand\u201c. S celoro\u010dn\u011b \u017eij\u00edc\u00edmi 35 682 obyvateli dle s\u010d\u00edt\u00e1n\u00ed lidu z roku 2020 se m\u011bsto \u0159ad\u00ed na 13. m\u00edsto mezi v\u0161emi m\u011bsty v Ji\u017en\u00ed Karol\u00edn\u011b.<\/p>","protected":false},"author":1,"featured_media":3259,"parent":8072,"menu_order":0,"comment_status":"closed","ping_status":"closed","template":"elementor_theme","meta":{"_eb_attr":"","footnotes":""},"class_list":["post-8250","page","type-page","status-publish","has-post-thumbnail"],"_links":{"self":[{"href":"https:\/\/travelshelper.com\/cs\/wp-json\/wp\/v2\/pages\/8250","targetHints":{"allow":["GET"]}}],"collection":[{"href":"https:\/\/travelshelper.com\/cs\/wp-json\/wp\/v2\/pages"}],"about":[{"href":"https:\/\/travelshelper.com\/cs\/wp-json\/wp\/v2\/types\/page"}],"author":[{"embeddable":true,"href":"https:\/\/travelshelper.com\/cs\/wp-json\/wp\/v2\/users\/1"}],"replies":[{"embeddable":true,"href":"https:\/\/travelshelper.com\/cs\/wp-json\/wp\/v2\/comments?post=8250"}],"version-history":[{"count":0,"href":"https:\/\/travelshelper.com\/cs\/wp-json\/wp\/v2\/pages\/8250\/revisions"}],"up":[{"embeddable":true,"href":"https:\/\/travelshelper.com\/cs\/wp-json\/wp\/v2\/pages\/8072"}],"wp:featuredmedia":[{"embeddable":true,"href":"https:\/\/travelshelper.com\/cs\/wp-json\/wp\/v2\/media\/3259"}],"wp:attachment":[{"href":"https:\/\/travelshelper.com\/cs\/wp-json\/wp\/v2\/media?parent=8250"}],"curies":[{"name":"wp","href":"https:\/\/api.w.org\/{rel}","templated":true}]}}