{"id":8219,"date":"2024-09-01T20:08:53","date_gmt":"2024-09-01T20:08:53","guid":{"rendered":"https:\/\/travelshelper.com\/staging\/?page_id=8219"},"modified":"2026-03-13T17:59:34","modified_gmt":"2026-03-13T17:59:34","slug":"miami-beach","status":"publish","type":"page","link":"https:\/\/travelshelper.com\/cs\/destinations\/north-america\/united-states\/miami-beach\/","title":{"rendered":"Miami Beach"},"content":{"rendered":"<p>Miami Beach je co do po\u010dtu obyvatel men\u0161\u00ed m\u011bsto, ale v cestovn\u00edm ruchu p\u0159ekon\u00e1v\u00e1 svou v\u00e1hu. Samotn\u00e9 m\u011bsto m\u011blo v roce 2025 p\u0159ibli\u017en\u011b 78 000 obyvatel, co\u017e je pokles oproti zhruba 82 000 v roce 2020. (Je fakticky sou\u010d\u00e1st\u00ed v\u011bt\u0161\u00ed metropolitn\u00ed oblasti Miami, kter\u00e1 m\u00e1 celkem p\u0159es 6 milion\u016f lid\u00ed.) Medi\u00e1n v\u011bku obyvatel Miami Beach se sp\u00ed\u0161e zvy\u0161uje \u2013 kolem 47 let \u2013 co\u017e odr\u00e1\u017e\u00ed jeho popularitu u d\u016fchodc\u016f a zimn\u00edch n\u00e1v\u0161t\u011bvn\u00edk\u016f, a\u010dkoli sez\u00f3nn\u00ed populace v zimn\u00edch m\u011bs\u00edc\u00edch roste s p\u0159\u00edvalem sn\u011bhu. Ekonomicky Miami Beach vzkv\u00e9t\u00e1 v oblasti nemovitost\u00ed a pohostinstv\u00ed: medi\u00e1n p\u0159\u00edjmu dom\u00e1cnost\u00ed je relativn\u011b vysok\u00fd (p\u0159ibli\u017en\u011b 67 000 dolar\u016f) d\u00edky bohat\u00fdm \u010dtvrt\u00edm a ekonomice \u0159\u00edzen\u00e9 letovisky. M\u00edra nezam\u011bstnanosti b\u00fdv\u00e1 n\u00edzk\u00e1, zat\u00edmco chudoba je v porovn\u00e1n\u00ed s n\u00e1rodn\u00edmi standardy n\u00edzk\u00e1 (~14 %). Rasov\u011b a etnicky je m\u011bsto pom\u011brn\u011b rozmanit\u00e9: p\u0159ibli\u017en\u011b 56 % se identifikuje jako b\u00edl\u00ed (nehisp\u00e1nsk\u00e9ho p\u016fvodu), s velk\u00fdmi hisp\u00e1nsk\u00fdmi\/latinoamerick\u00fdmi a dal\u0161\u00edmi men\u0161inov\u00fdmi komunitami. T\u00e9m\u011b\u0159 60 % obyvatel mluv\u00ed doma \u0161pan\u011blsky, co\u017e odr\u00e1\u017e\u00ed siln\u00fd vliv migrace z Latinsk\u00e9 Ameriky a Karibiku.<\/p>\n<p>Miami Beach je tropick\u00e9 letovisko le\u017e\u00edc\u00ed na \u0159et\u011bzci bari\u00e9rov\u00fdch ostrov\u016f pod\u00e9l atlantick\u00e9ho pob\u0159e\u017e\u00ed Floridy, v\u00fdchodn\u011b od pevninsk\u00e9ho m\u011bsta Miami. M\u011bsto se rozkl\u00e1d\u00e1 na ostrov\u011b Miami Beach (kde se nach\u00e1z\u00ed South Beach), Normandsk\u00fdch a Biskajsk\u00fdch ostrovech a men\u0161\u00edch ostrovech \u2013 v\u0161echny jsou od pevniny odd\u011bleny Biskajsk\u00fdm z\u00e1livem. Nach\u00e1z\u00ed se v ji\u017en\u00edm c\u00edpu Severn\u00ed Ameriky, v americk\u00e9m st\u00e1t\u011b Florida, a je proto pova\u017eov\u00e1no za sou\u010d\u00e1st jihov\u00fdchodn\u00edch Spojen\u00fdch st\u00e1t\u016f. Krajina je ploch\u00e1 a oce\u00e1nsk\u00e1, s kilometry p\u00edse\u010dn\u00fdch pl\u00e1\u017e\u00ed om\u00fdvan\u00fdch Atlantsk\u00fdm oce\u00e1nem na v\u00fdchod\u011b a z\u00e1tokami\/lagunami na z\u00e1pad\u011b. Nejsou zde \u017e\u00e1dn\u00e9 hory ani kopce \u2013 jen palmy, promen\u00e1dy lemovan\u00e9 palmami a slavn\u00e9 pastelov\u011b zbarven\u00e9 budovy ve stylu art deco v South Beach.<\/p>\n<p>Klima je skute\u010dn\u011b tropick\u00e9. Miami Beach m\u00e1 hork\u00e1, vlhk\u00e1 l\u00e9ta a m\u00edrn\u00e9, tepl\u00e9 zimy. Spad\u00e1 do z\u00f3ny \u201etropick\u00fdch monzun\u016f\u201c: l\u00e9to (kv\u011bten a\u017e \u0159\u00edjen) p\u0159in\u00e1\u0161\u00ed \u010dast\u00e9 odpoledn\u00ed de\u0161t\u011b a riziko hurik\u00e1n\u016f, s denn\u00edmi maximy \u010dasto nad 30 \u00b0C. Zimn\u00ed m\u011bs\u00edce jsou tepl\u00e9 (maxima v lednu se pohybuj\u00ed kolem 15 a\u017e 24 \u00b0C) a teploty z\u0159\u00eddka klesaj\u00ed pod 10 \u00b0C. Obdob\u00ed de\u0161\u0165\u016f vrchol\u00ed koncem l\u00e9ta a p\u0159isp\u00edv\u00e1 k pr\u016fm\u011brn\u00e9mu ro\u010dn\u00edmu \u00fahrnu sr\u00e1\u017eek kolem 135 cm, p\u0159i\u010dem\u017e \u010dervenec a z\u00e1\u0159\u00ed jsou obzvl\u00e1\u0161t\u011b vlhk\u00e9. Hurik\u00e1ny a tropick\u00e9 bou\u0159e mohou hrozit od \u010dervna do listopadu, tak\u017ee cestovatel\u00e9 v tomto obdob\u00ed by m\u011bli sledovat p\u0159edpov\u011bdi po\u010das\u00ed. Celkov\u011b je klima po cel\u00fd rok p\u0159\u00edzniv\u00e9 pro pl\u00e1\u017ee, ale v l\u00e9t\u011b je nezbytn\u00e1 ochrana p\u0159ed sluncem a lehk\u00e9 oble\u010den\u00ed, zat\u00edmco na chladn\u011bj\u0161\u00ed zimn\u00ed ve\u010dery posta\u010d\u00ed lehk\u00e1 bunda.<\/p>\n<p>Historie Miami Beach jako letoviska sah\u00e1 a\u017e do po\u010d\u00e1tku 20. stolet\u00ed. Ostrovy byly z velk\u00e9 \u010d\u00e1sti neobydlen\u00e9, dokud nebyla postavena prvn\u00ed hr\u00e1z. V roce 1913 za\u010dal rozvoj, kdy\u017e finan\u010dn\u00edk John S. Collins dokon\u010dil most Collins p\u0159es Biscayne Bay, v t\u00e9 dob\u011b nejdel\u0161\u00ed d\u0159ev\u011bn\u00fd most na sv\u011bt\u011b. Collins (a pozd\u011bji Carl Fisher, automobilov\u00fd magn\u00e1t a \u0161edes\u00e1tilet\u00fd developer) za\u010dali prod\u00e1vat pozemky a stav\u011bt hotely. M\u011bsto \u201eMiami Beach\u201c bylo ofici\u00e1ln\u011b zalo\u017eeno v roce 1915. Miami Beach se rozrostlo ve 20. letech 20. stolet\u00ed s floridsk\u00fdm pozemkov\u00fdm boomem; mnoho jeho ikonick\u00fdch hotel\u016f ve stylu art deco poch\u00e1z\u00ed z let 1923\u20131943. Obzvl\u00e1\u0161t\u011b pozoruhodn\u00e1 se stala historick\u00e1 \u010dtvr\u0165 Art Deco v South Beach \u2013 v roce 1979 byla dokonce zaps\u00e1na do N\u00e1rodn\u00edho registru historick\u00fdch m\u00edst USA jako nejv\u011bt\u0161\u00ed sb\u00edrka architektury ve stylu art deco na sv\u011bt\u011b.<\/p>\n<p>N\u00e1sleduj\u00edc\u00ed desetilet\u00ed byla sp\u00ed\u0161e vzh\u016fru a dol\u016f. V polovin\u011b stolet\u00ed se Miami Beach stalo obl\u00edben\u00fdm m\u00edstem pro d\u016fchodce a celebrity. V 60. a 70. letech 20. stolet\u00ed do\u0161lo k poklesu, proto\u017ee n\u011bkte\u0159\u00ed turist\u00e9 se p\u0159esunuli jinam, ale \u00fasil\u00ed o zachov\u00e1n\u00ed budov ve stylu art deco v 80. a 90. letech 20. stolet\u00ed podn\u00edtilo jeho o\u017eiven\u00ed. Dnes je Miami Beach sv\u011btov\u011b proslul\u00e9 jako m\u011bsto muze\u00ed ve stylu art deco a n\u011bkolikr\u00e1t se znovuobjevilo. Jeho ran\u00e1 historie \u2013 od kokosov\u00fdch h\u00e1j\u016f Collins a hotelu Flamingo (kolem roku 1920) a\u017e po dne\u0161n\u00ed ok\u00e1zal\u00e9 resorty \u2013 je d\u016fkazem trval\u00e9ho cestovn\u00edho ruchu a r\u016fstu poh\u00e1n\u011bn\u00e9ho nemovitostmi.<\/p>\n<p>Miami Beach je kosmopolitn\u00ed m\u011bsto, jak jen to jen americk\u00e9 m\u011bsto je mo\u017en\u00e9. Angli\u010dtina a \u0161pan\u011bl\u0161tina jsou b\u011b\u017enou z\u00e1le\u017eitost\u00ed; v\u00edce ne\u017e polovina populace mluv\u00ed doma \u0161pan\u011blsky. Kultura m\u011bsta je pulzuj\u00edc\u00ed sm\u011bsic\u00ed kub\u00e1nsk\u00fdch, haitsk\u00fdch, evropsk\u00fdch a americk\u00fdch vliv\u016f, kter\u00e9 jsou patrn\u00e9 v j\u00eddle, hudb\u011b a pouli\u010dn\u00edm \u017eivot\u011b. Jeho \u010dtvrti maj\u00ed osobit\u00fd charakter: elegantn\u00ed South Beach (SoBe) je zn\u00e1m\u00e1 pro okouzluj\u00edc\u00ed no\u010dn\u00ed kluby, latinskoamerick\u00e9 rytmy a velkou LGBT komunitu; Mid-Beach a North Beach maj\u00ed klidn\u011bj\u0161\u00ed, rodinnou reziden\u010dn\u00ed atmosf\u00e9ru.<\/p>\n<p>Tradi\u010dn\u011b se \u017eivot v Miami Beach to\u010d\u00ed kolem pl\u00e1\u017ee a no\u010dn\u00edho \u017eivota. South Beach je zejm\u00e9na proslul\u00fd svou 24hodinovou energi\u00ed: luxusn\u00edmi kluby, baz\u00e9nov\u00fdmi p\u00e1rty a akcemi pln\u00fdmi celebrit (p\u0159edstavte si tepl\u00e9 noci na Ocean Drive nebo Club Space). P\u0159es den je to r\u00e1j pro opalov\u00e1n\u00ed, vodn\u00ed sporty a le\u017e\u00e9rn\u00ed pl\u00e1\u017eov\u00fd \u017eivotn\u00ed styl. M\u00edstn\u00ed si u\u017e\u00edvaj\u00ed venkovn\u00ed fitness pod\u00e9l n\u00e1b\u0159e\u017en\u00edch stezek a m\u011bsto m\u00e1 v\u00fdznamnou m\u00f3dn\u00ed a um\u011bleckou sc\u00e9nu (nap\u0159\u00edklad Miami Beach host\u00ed ka\u017edoro\u010dn\u00ed veletrh sou\u010dasn\u00e9ho um\u011bn\u00ed Art Basel, kter\u00fd p\u0159itahuje mezin\u00e1rodn\u00ed davy). Festivaly odr\u00e1\u017eej\u00ed tuto sm\u011bsici \u2013 nap\u0159. Calle Ocho\/Carnaval Miami v Little Havan\u011b (b\u0159ezen) a Miami Beach Pride (b\u0159ezen) oslavuj\u00ed latinskoamerickou a LGBTQ kulturu, zat\u00edmco South Beach Food &amp; Wine Festival (\u00fanor) a Winter Music Conference (b\u0159ezen) p\u0159itahuj\u00ed davy lid\u00ed z cel\u00e9ho sv\u011bta, kte\u0159\u00ed se v\u011bnuj\u00ed kulin\u00e1\u0159stv\u00ed a tane\u010dn\u00ed hudb\u011b.<\/p>\n<p>V ka\u017edodenn\u00edm \u017eivot\u011b je Miami Beach dynamick\u00e9 a do jist\u00e9 m\u00edry okouzluj\u00edc\u00ed. Mnoho lid\u00ed pracuje v cestovn\u00edm ruchu a pohostinstv\u00ed nebo ve finan\u010dn\u00edm\/technologick\u00e9m sektoru v nedalek\u00e9m Miami. Je zde patrn\u00fd i podt\u00f3n le\u017e\u00e9rn\u00edho luxusu \u2013 od chodn\u00edk\u016f lemovan\u00fdch kav\u00e1rnami a\u017e po luxusn\u00ed butiky a kub\u00e1nsk\u00e9 kav\u00e1rny. Navzdory image ve\u010d\u00edrk\u016f si m\u00edstn\u00ed obyvatel\u00e9 zachov\u00e1vaj\u00ed siln\u00fd smysl pro komunitu: rodiny si u\u017e\u00edvaj\u00ed pl\u00e1\u017eov\u00e9 parky a kdy\u017e se lid\u00e9 zdrav\u00ed pod floridsk\u00fdm sluncem, panuje zde uvoln\u011bn\u00e1 a v\u0159el\u00e1 atmosf\u00e9ra. Stru\u010dn\u011b \u0159e\u010deno, atmosf\u00e9ra Miami Beach je elektrizuj\u00edc\u00ed, luxusn\u00ed a multikulturn\u00ed \u2013 je to p\u0159\u00edmo\u0159sk\u00e9 m\u011bsto, kde se latinskoamerick\u00e9 chut\u011b, sv\u011btov\u00ed um\u011blci a oce\u00e1nsk\u00fd \u017eivot plynule prol\u00ednaj\u00ed s ka\u017edodenn\u00ed rutinou.<\/p>\n<p>Miami Beach se py\u0161n\u00ed p\u0159ev\u00e1\u017en\u011b sv\u00fdmi pl\u00e1\u017eemi, architekturou a kulturn\u00ed sc\u00e9nou. Nejzn\u00e1m\u011bj\u0161\u00ed je South Beach (\u010dasto naz\u00fdvan\u00e1 SoBe), dvoum\u00edlov\u00fd \u00fasek pl\u00e1\u017ee s tyrkysov\u00fdm p\u0159\u00edbojem a b\u00edl\u00fdm p\u00edskem. Hlavn\u00edm l\u00e1kadlem je p\u0159ilehl\u00e1 \u010dtvr\u0165 Art Deco (rozprost\u00edraj\u00edc\u00ed se na Ocean Drive a Collins Avenue) \u2013 stovky z\u00e1\u0159iv\u011b pastelov\u00fdch hotel\u016f, apartm\u00e1n\u016f a pam\u00e1tek postaven\u00fdch ve 20. a 40. letech 20. stolet\u00ed. Prozkoum\u00e1n\u00ed t\u00e9to historick\u00e9 \u010dtvrti p\u011b\u0161ky nebo na kole (nap\u0159. na prohl\u00eddce Miami Beach Architectural District) je typick\u00fdm z\u00e1\u017eitkem.<\/p>\n<p>Mezi dal\u0161\u00ed m\u00edsta, kter\u00e1 mus\u00edte vid\u011bt, pat\u0159\u00ed Lincoln Road Mall, p\u011b\u0161\u00ed z\u00f3na pod \u0161ir\u00fdm nebem s obchody a restauracemi; muzeum Wolfsonian-FIU (muzeum designu ve stylu art deco v p\u0159estav\u011bn\u00e9m hotelu z 20. let 20. stolet\u00ed); Bass Museum of Art (sou\u010dasn\u00e9 um\u011bn\u00ed v neorenesan\u010dn\u00ed budov\u011b); a Pam\u00e1tn\u00edk holocaustu (pohybliv\u00e1 venkovn\u00ed socha). Pokud jde o p\u0159\u00edrodn\u00ed kr\u00e1sy, nav\u0161tivte Botanickou zahradu v Miami Beach a park South Pointe (na c\u00edpu South Beach s v\u00fdhledem na maj\u00e1k) jako klidn\u00e1 \u00fato\u010di\u0161t\u011b. \u017d\u00e1dn\u00fd popis by nebyl \u00fapln\u00fd bez promen\u00e1dy v Miami Beach Boardwalk, kter\u00e1 se t\u00e1hne pod\u00e9l p\u00edsku kilometry na sever. No\u010dn\u00ed \u017eivot a z\u00e1bavn\u00ed centra na neonem osv\u011btlen\u00fdch klubech na Ocean Drive a pr\u00e9miov\u00e9 st\u0159e\u0161n\u00ed bary.<\/p>\n<p>V nedalek\u00e9m okol\u00ed se nach\u00e1z\u00ed m\u011bs\u00ed\u010dn\u00ed trh Lincoln Road Market, kter\u00fd nab\u00edz\u00ed \u0159emesln\u00e9 v\u00fdrobky a m\u00edstn\u00ed j\u00eddlo. Pokud se vyd\u00e1te hned za hr\u00e1z, m\u016f\u017eete nav\u0161t\u00edvit muzeum Art Deco a kongresov\u00e9 centrum Miami Beach Convention Center (m\u00edsto kon\u00e1n\u00ed Art Basel). Stru\u010dn\u011b \u0159e\u010deno, m\u00edsta, kter\u00e1 mus\u00edte v Miami Beach vid\u011bt, spojuj\u00ed p\u0159\u00edmo\u0159skou dovolenou s um\u011bn\u00edm a designem \u2013 od pl\u00e1\u017e\u00ed pln\u00fdch slunce a\u017e po sv\u011btov\u00e9 um\u011bleck\u00e9 veletrhy \u2013 to v\u0161e odr\u00e1\u017e\u00ed kouzlo pl\u00e1\u017eov\u00e9ho m\u011bsta a jeho glob\u00e1ln\u00ed atmosf\u00e9ru.<\/p>\n<p>Samotn\u00e9 Miami Beach nem\u00e1 \u017e\u00e1dn\u00e9 komer\u010dn\u00ed leti\u0161t\u011b, ale je snadno dostupn\u00e9 p\u0159es mezin\u00e1rodn\u00ed leti\u0161t\u011b Miami (MIA), kter\u00e9 se nach\u00e1z\u00ed asi 20 km ve vnitrozem\u00ed Miami. MIA nab\u00edz\u00ed spoustu mezin\u00e1rodn\u00edch i vnitrost\u00e1tn\u00edch let\u016f. Leti\u0161t\u011b Fort Lauderdale-Hollywood (FLL) a Palm Beach (PBI) jsou tak\u00e9 vzd\u00e1len\u00e1 72\u2013113 km a lze je vyu\u017e\u00edt. Z leti\u0161t\u011b se m\u016f\u017eete do Miami Beach dostat tax\u00edkem, spoluj\u00edzdou nebo autobusem Metrobus\/Miami Beach Airport Flyer. Ostrovy s m\u011bstem Miami spojuj\u00ed hr\u00e1ze (Julia Tuttle a Venetian).<\/p>\n<p>V Miami Beach je auto voliteln\u00e9. South Beach je velmi dob\u0159e dostupn\u00e9 pro p\u011b\u0161\u00ed i cyklistick\u00e9 v\u00fdlety; bezplatn\u00e1 tramvajov\u00e1 doprava Miami Beach Trolley provozuje n\u011bkolik okru\u017en\u00edch tras (linky South Beach, Collins, Mid-Beach a North Beach). Syst\u00e9my Metrorail a Metrobus obsluhuj\u00ed pevninskou \u010d\u00e1st Miami a metrorail se spojuje s leti\u0161t\u011bm a centrem m\u011bsta. Pokud jedete autem, je obvykle pot\u0159eba parkovac\u00ed gar\u00e1\u017e a parkov\u00e1n\u00ed na ulici v SoBe m\u016f\u017ee b\u00fdt t\u011bsn\u00e9. Miami Beach obsluhuj\u00ed tak\u00e9 sd\u00edlen\u00e9 taxi (Uber\/Lyft) a autobusov\u00fd syst\u00e9m Miami-Dade. Obecn\u011b si napl\u00e1nujte p\u011b\u0161\u00ed turistiku nebo j\u00edzdu na kole v South Beach a p\u0159\u00edpadn\u011b si pronajm\u011bte auto na jednodenn\u00ed v\u00fdlety na sever do Palm Beach nebo na z\u00e1pad do Everglades.<\/p>\n<p>M\u011bnou jsou americk\u00e9 dolary; o\u010dek\u00e1v\u00e1 se spropitn\u00e9 (15\u201320 % v restaurac\u00edch\/barech). Angli\u010dtina a \u0161pan\u011bl\u0161tina jsou \u0161iroce srozumiteln\u00e9 (mnoho menu a cedul\u00ed je dvojjazy\u010dn\u00fdch). Oble\u010den\u00ed je velmi le\u017e\u00e9rn\u00ed; pl\u00e1\u017eov\u00e9 oble\u010den\u00ed, \u017eabky a kra\u0165asy jsou b\u011b\u017en\u00e9 p\u0159es den. M\u011bsto je v turistick\u00fdch oblastech bezpe\u010dn\u00e9, ale kaps\u00e1\u0159sk\u00e9 kr\u00e1de\u017ee se mohou vyskytovat \u2013 d\u00e1vejte si pozor na sv\u00e9 v\u011bci na pl\u00e1\u017ei a na p\u0159epln\u011bn\u00fdch teras\u00e1ch. Ochrana p\u0159ed sluncem (opalovac\u00ed kr\u00e9m, klobouky) je kv\u016fli siln\u00e9mu UV z\u00e1\u0159en\u00ed z\u00e1sadn\u00ed po cel\u00fd rok. Pokud nav\u0161t\u00edv\u00edte m\u011bsto v sez\u00f3n\u011b hurik\u00e1n\u016f (\u010derven\u2013listopad), v\u011bnujte pozornost varov\u00e1n\u00ed p\u0159ed po\u010das\u00edm (a\u010dkoli velk\u00e9 st\u00e1vky jsou vz\u00e1cn\u00e9). V hlavn\u00edm l\u00e9t\u011b se vyhn\u011bte odpoledn\u00edmu pobytu na pl\u00e1\u017ei (indexy teplot se mohou prudce zv\u00fd\u0161it) a zvolte m\u00edsto toho brzk\u00e1 r\u00e1na nebo pozdn\u00ed odpoledne. A kone\u010dn\u011b, zdvo\u0159ilost k m\u00edstn\u00edm obyvatel\u016fm a respektov\u00e1n\u00ed klidn\u00fdch hodin po 22:00 hodn\u011b pom\u016f\u017ee k tomu, abyste splynuli s komunitou milovn\u00edk\u016f pl\u00e1\u017e\u00ed a m\u00edstn\u00edch obyvatel.<a href=\"https:\/\/travelshelper.com\/cs\/destinace\/severni-amerika\/spojene-staty-americke\/berkeley-springs\/\" target=\"_self\" aria-labelledby=\"uael-post-8997\"><br \/>\n<\/a><\/p>","protected":false},"excerpt":{"rendered":"<p>Miami Beach, sou\u010d\u00e1st metropolitn\u00ed oblasti Miami v ji\u017en\u00ed Florid\u011b, je pob\u0159e\u017en\u00ed letovisko v okrese Miami-Dade na Florid\u011b a je to \u017eiv\u00e9 a energick\u00e9 m\u00edsto. Toto m\u011bsto se nach\u00e1z\u00ed na soustav\u011b p\u0159\u00edrodn\u00edch a um\u011bl\u00fdch bari\u00e9rov\u00fdch ostrov\u016f mezi klidn\u00fdm z\u00e1livem Biscayne Bay a velk\u00fdm Atlantsk\u00fdm oce\u00e1nem. Z\u00e1liv p\u0159irozen\u011b odd\u011bluje Miami Beach od pevninsk\u00e9ho m\u011bsta Miami. Mezi n\u011bkolika \u010dtvrt\u011bmi Miami Beach je nejzn\u00e1m\u011bj\u0161\u00ed South Beach o rozloze 6,5 km\u00b2. Spolu s centrem Miami a p\u0159\u00edstavem PortMiami tvo\u0159\u00ed South Beach aktivn\u00ed obchodn\u00ed centrum ji\u017en\u00ed Floridy.<\/p>","protected":false},"author":1,"featured_media":3272,"parent":8072,"menu_order":0,"comment_status":"closed","ping_status":"closed","template":"elementor_theme","meta":{"_eb_attr":"","footnotes":""},"class_list":["post-8219","page","type-page","status-publish","has-post-thumbnail"],"_links":{"self":[{"href":"https:\/\/travelshelper.com\/cs\/wp-json\/wp\/v2\/pages\/8219","targetHints":{"allow":["GET"]}}],"collection":[{"href":"https:\/\/travelshelper.com\/cs\/wp-json\/wp\/v2\/pages"}],"about":[{"href":"https:\/\/travelshelper.com\/cs\/wp-json\/wp\/v2\/types\/page"}],"author":[{"embeddable":true,"href":"https:\/\/travelshelper.com\/cs\/wp-json\/wp\/v2\/users\/1"}],"replies":[{"embeddable":true,"href":"https:\/\/travelshelper.com\/cs\/wp-json\/wp\/v2\/comments?post=8219"}],"version-history":[{"count":0,"href":"https:\/\/travelshelper.com\/cs\/wp-json\/wp\/v2\/pages\/8219\/revisions"}],"up":[{"embeddable":true,"href":"https:\/\/travelshelper.com\/cs\/wp-json\/wp\/v2\/pages\/8072"}],"wp:featuredmedia":[{"embeddable":true,"href":"https:\/\/travelshelper.com\/cs\/wp-json\/wp\/v2\/media\/3272"}],"wp:attachment":[{"href":"https:\/\/travelshelper.com\/cs\/wp-json\/wp\/v2\/media?parent=8219"}],"curies":[{"name":"wp","href":"https:\/\/api.w.org\/{rel}","templated":true}]}}