{"id":8139,"date":"2024-09-01T13:05:58","date_gmt":"2024-09-01T13:05:58","guid":{"rendered":"https:\/\/travelshelper.com\/staging\/?page_id=8139"},"modified":"2026-03-13T17:53:48","modified_gmt":"2026-03-13T17:53:48","slug":"kansas-city","status":"publish","type":"page","link":"https:\/\/travelshelper.com\/cs\/destinations\/north-america\/united-states\/kansas-city\/","title":{"rendered":"Kansas City"},"content":{"rendered":"<p>Kansas City se rozkl\u00e1d\u00e1 na hranici st\u00e1t\u016f Missouri a Kansas, ale zde se zam\u011b\u0159\u00edme na Kansas City v Missouri (\u010dasto jednodu\u0161e \u201eKansas City\u201c, populace ~500 000). Kansas City je v\u00fdznamn\u00e1 metropole St\u0159edoz\u00e1padu, historicky zn\u00e1m\u00e1 pro jazzovou hudbu, grilovanou kuchyni a s\u00ed\u0165 font\u00e1n \u2013 mimo jin\u00e9 kulturn\u00ed rysy. Dnes m\u00e1 Kansas City p\u0159ibli\u017en\u011b 508 000 obyvatel (odhad z roku 2023) a rozlehlou metropolitn\u00ed populaci zhruba 2,1 milionu. Le\u017e\u00ed v oblasti Great Plains na soutoku \u0159ek Missouri a Kansas (ji\u017en\u00ed Missouri). Samotn\u00e9 m\u011bsto le\u017e\u00ed p\u0159ev\u00e1\u017en\u011b na rovinat\u00e9m ter\u00e9nu se slavnou estetikou kamene a grilu v \u010dtvrt\u00edch, jako je Country Club Plaza (architektura inspirovan\u00e1 \u0161pan\u011bl\u0161tinou). Klima Kansas City je vlhk\u00e9 kontinent\u00e1ln\u00ed: hork\u00e1, vlhk\u00e1 l\u00e9ta (\u010dast\u00e9 bou\u0159ky) a chladn\u00e9, zasn\u011b\u017een\u00e9 zimy (s rizikem torn\u00e1d na ja\u0159e).<\/p>\n<p>Z ekonomick\u00e9ho hlediska m\u00e1 Kansas City \u0161irokou a diverzifikovanou z\u00e1kladnu. HDP metropolitn\u00ed oblasti \u010din\u00ed p\u0159ibli\u017en\u011b 146 miliard dolar\u016f. Mezi kl\u00ed\u010dov\u00e1 odv\u011btv\u00ed pat\u0159\u00ed biov\u011bdy (v\u00fdzkum v oblasti zdrav\u00ed zv\u00ed\u0159at\/farmaceutick\u00fd v\u00fdzkum \u2013 Kansas City je sv\u011btov\u00fdm l\u00eddrem se 113 969 pracovn\u00edky v oborech souvisej\u00edc\u00edch s biov\u011bdami) a robustn\u00ed technologick\u00fd sektor (v roce 2024 bylo v technologick\u00e9m sektoru zam\u011bstn\u00e1no p\u0159ibli\u017en\u011b 77 700 lid\u00ed). Logistika a distribuce jsou d\u00edky poloze Kansas City na \u201ek\u0159i\u017eovatce\u201c (hlavn\u00ed \u017eelezni\u010dn\u00ed stanice a mezist\u00e1tn\u00ed d\u00e1lnice) obrovsk\u00e9 a zam\u011bstn\u00e1vaj\u00ed p\u0159es 105 000 lid\u00ed. V\u00fdznamn\u00e9 jsou tak\u00e9 finan\u010dn\u00ed slu\u017eby a poji\u0161\u0165ovnictv\u00ed (p\u0159ibli\u017en\u011b 77 000 pracovn\u00edch m\u00edst). Sou\u010d\u00e1st\u00ed ekonomiky z\u016fst\u00e1v\u00e1 i v\u00fdroba (zejm\u00e9na zpracov\u00e1n\u00ed potravin, vzhledem k vazb\u00e1m Missouri na zem\u011bd\u011blstv\u00ed). Medi\u00e1n p\u0159\u00edjmu dom\u00e1cnost\u00ed v Kansas City v Missouri je zhruba 67 449 dolar\u016f (2023) s m\u00edrou chudoby kolem 14,6 %. V posledn\u00edch desetilet\u00edch Kansas City p\u0159itahuje jak firemn\u00ed s\u00eddla, tak i startupy, co\u017e odr\u00e1\u017e\u00ed jeho polohu v centr\u00e1ln\u00ed \u010d\u00e1sti USA a relativn\u011b n\u00edzk\u00e9 \u017eivotn\u00ed n\u00e1klady.<\/p>\n<h2>Kansas City v \u010d\u00edslech<\/h2>\n<p>V roce 2023 m\u011blo samotn\u00e9 m\u011bsto Kansas City v Missouri p\u0159ibli\u017en\u011b 508 233 obyvatel. Demografick\u00e9 slo\u017een\u00ed je r\u016fznorod\u00e9: p\u0159ibli\u017en\u011b 54,5 % b\u011bloch\u016f (nehisp\u00e1nsk\u00e9ho p\u016fvodu), 25,5 % Afroameri\u010dan\u016f a 12,3 % Hisp\u00e1nc\u016f nebo Latinoameri\u010dan\u016f. Zbytek tvo\u0159\u00ed Asiat\u00e9 a dal\u0161\u00ed etnick\u00e9 skupiny. Tato rozmanitost poh\u00e1n\u00ed \u017eivou multikulturn\u00ed sc\u00e9nu (v\u0161imn\u011bte si zna\u010dn\u00fdch hisp\u00e1nsk\u00fdch komunit na ji\u017en\u00ed a jihoz\u00e1padn\u00ed stran\u011b m\u011bsta). Medi\u00e1n v\u011bku obyvatel Kansas City se pohybuje kolem 35 let. Medi\u00e1n p\u0159\u00edjmu dom\u00e1cnost\u00ed (cca 67 000 USD) a hodnoty dom\u016f jsou skromn\u00e9 \u200b\u200b(pr\u016fm\u011brn\u00e1 hodnota dom\u016f se pohybuje kolem 200 000 USD, i kdy\u017e v n\u011bkter\u00fdch oblastech je mnohem vy\u0161\u0161\u00ed), co\u017e odr\u00e1\u017e\u00ed kontext St\u0159edoz\u00e1padu.<\/p>\n<p>Co se t\u00fd\u010de metropolitn\u00edho rozsahu, Kansas City je jednou z nejv\u011bt\u0161\u00edch americk\u00fdch metropol\u00ed: m\u00e1 p\u0159ibli\u017en\u011b 2,1 milionu obyvatel, co\u017e je 30. nejv\u011bt\u0161\u00ed v zemi (podle s\u010d\u00edt\u00e1n\u00ed lidu z roku 2020). \u0160ir\u0161\u00ed ekonomika metropolitn\u00ed oblasti se pohybuje kolem 146 miliard dolar\u016f (2019), co\u017e z n\u00ed \u010din\u00ed siln\u00e9 region\u00e1ln\u00ed centrum pro podnik\u00e1n\u00ed a kulturu v oblasti Plains a Ozarks. Na obyvatele m\u00e1 metropolitn\u00ed oblast vysokou m\u00edru pracovn\u00ed s\u00edly a v\u00fdznamnou korpor\u00e1tn\u00ed p\u0159\u00edtomnost. P\u0159isp\u00edvaj\u00ed k tomu i sporty a akce: profesion\u00e1ln\u00ed t\u00fdmy Kansas City (Chiefs z NFL, Royals z MLB, Sporting KC z MLS) p\u0159itahuj\u00ed n\u00e1rodn\u00ed pozornost a maj\u00ed ekonomick\u00fd dopad.<\/p>\n<h2>Um\u00edst\u011bn\u00ed<\/h2>\n<p>Kansas City ve st\u00e1t\u011b Missouri le\u017e\u00ed na hranici st\u00e1t\u016f Missouri a Kansas na americk\u00e9m St\u0159edoz\u00e1pad\u011b. Nach\u00e1z\u00ed se na soutoku \u0159eky Missouri (n\u011bkolik mil severn\u011b od centra m\u011bsta) a jej\u00edho p\u0159\u00edtoku, \u0159eky Kansas (prot\u00e9kaj\u00edc\u00ed kansaskou stranou). Krajina je tvo\u0159ena p\u0159ev\u00e1\u017en\u011b rovinami s m\u00edrn\u00fdmi zvln\u011bn\u00fdmi kopci; mezi pozoruhodn\u00e9 vy\u0161\u0161\u00ed body pat\u0159\u00ed Penn Valley a Swope Parks. Nadmo\u0159sk\u00e1 v\u00fd\u0161ka Kansas City je zhruba 260 m nad mo\u0159em.<\/p>\n<p>M\u011bsto je dopravn\u00ed k\u0159i\u017eovatkou: Interstate 70 vede v\u00fdchodoz\u00e1padn\u00edm sm\u011brem p\u0159es Kansas City a spojuje St. Louis (v\u00fdchod) a Denver (z\u00e1pad); Interstate 35 vede na sever sm\u011brem k Kansasu (do Des Moines) a na jih sm\u011brem k Oklahoma City; Interstate 29 sm\u011b\u0159uje na sever do Iowy. D\u00edky centr\u00e1ln\u00ed poloze m\u011bsta v USA je dojezdov\u00e1 vzd\u00e1lenost do v\u011bt\u0161iny Ameriky.<\/p>\n<p>Klima je kontinent\u00e1ln\u00ed: l\u00e9ta jsou hork\u00e1 a vlhk\u00e1 (pr\u016fm\u011brn\u00e9 \u010dervencov\u00e9 maxima kolem 32 \u00b0C s dusn\u00fdmi nocemi). Zimy jsou chladn\u00e9 (lednov\u00e9 maxima kolem 2 \u00b0C, minima kolem 10 \u00b0C, s ro\u010dn\u00ed sn\u011bhovou pokr\u00fdvkou asi 50 cm). Jaro a podzim jsou p\u0159echodn\u00e9, i kdy\u017e na ja\u0159e mohou ude\u0159it siln\u00e9 bou\u0159ky (a ob\u010das i torn\u00e1da). Venkovn\u00ed festivaly mohou b\u00fdt vystaveny n\u00e1hl\u00fdm zm\u011bn\u00e1m po\u010das\u00ed. Celkov\u011b m\u00e1 \u200b\u200bKansas City \u010dty\u0159i z\u0159eteln\u00e1 ro\u010dn\u00ed obdob\u00ed \u2013 faktor, kter\u00fd by n\u00e1v\u0161t\u011bvn\u00edci m\u011bli zv\u00e1\u017eit p\u0159i pl\u00e1nov\u00e1n\u00ed.<\/p>\n<h2>Historick\u00fd sn\u00edmek<\/h2>\n<p>Po\u010d\u00e1tky Kansas City sahaj\u00ed do expanze na z\u00e1pad v 19. stolet\u00ed. Za\u010dalo to jako \u0159\u00ed\u010dn\u00ed p\u0159\u00edstav (Westport Landing) na \u0159ece Missouri, pojmenovan\u00fd po \u0159ece Kansas (a nakonec po kmeni p\u016fvodn\u00edch obyvatel Ameriky). Po ob\u010dansk\u00e9 v\u00e1lce se rychle rozr\u016fstalo d\u00edky v\u00fdstavb\u011b \u017eeleznice a sv\u00e9 strategick\u00e9 poloze jako br\u00e1ny na Z\u00e1pad. V roce 1870 bylo Kansas City ji\u017e v\u00fdznamn\u00fdm m\u011bstem a na p\u0159elomu 20. stolet\u00ed se stalo kl\u00ed\u010dov\u00fdm centrem pro sklady skotu a balen\u00ed masa pro n\u00e1rod. B\u011bhem t\u00e9to \u00e9ry se Kansas City stalo tak\u00e9 d\u016fle\u017eit\u00fdm centrem jazzov\u00e9 hudby a afroamerick\u00e9 kultury (zejm\u00e9na v okrese 18. stolet\u00ed a Vine, kde vystupovaly legendy jako Charlie Parker a kde nyn\u00ed stoj\u00ed Muzeum baseballu \u010derno\u0161sk\u00fdch lig).<\/p>\n<p>B\u011bhem 20. stolet\u00ed se m\u011bsto konsolidovalo se sv\u00fdmi p\u0159edm\u011bst\u00edmi (40. a\u017e 60. l\u00e9ta 20. stolet\u00ed) a d\u00e1le se roz\u0161i\u0159ovalo. Slavn\u00e1 n\u00e1kupn\u00ed \u010dtvr\u0165 Country Club Plaza byla postavena v roce 1922 jako jedno z prvn\u00edch n\u00e1kupn\u00edch center zam\u011b\u0159en\u00fdch na automobily. Po ur\u010dit\u00e9m \u00fapadku v polovin\u011b stolet\u00ed za\u010dala v 90. letech 20. stolet\u00ed revitalizace s renovac\u00ed centra a nov\u00fdmi investicemi do kultury. V posledn\u00edch letech se Kansas City objevilo s novou siluetou modern\u00edch kancel\u00e1\u0159sk\u00fdch v\u011b\u017e\u00ed a hotel\u016f. (Jedn\u00edm z v\u00fdznamn\u00fdch developersk\u00fdch projekt\u016f bylo Kauffmanovo centrum pro performativn\u00ed um\u011bn\u00ed, otev\u0159en\u00e9 v roce 2011, kter\u00e9 zah\u00e1jilo dal\u0161\u00ed r\u016fst v centru m\u011bsta v oblasti Power &amp; Light District.) Dnes Kansas City ct\u00ed sv\u00e9 jazzov\u00e9 d\u011bdictv\u00ed (Americk\u00e9 jazzov\u00e9 muzeum), oslavuje sv\u00e9 sportovn\u00ed \u0161ampiony (v\u00edt\u011bzstv\u00ed v Super Bowlu, v\u00edt\u011bzstv\u00ed ve Sv\u011btov\u00e9 s\u00e9rii) a zachov\u00e1v\u00e1 si pohostinnost st\u0159edoz\u00e1padu. Historick\u00e9 vypr\u00e1v\u011bn\u00ed je tak p\u0159\u00edb\u011bhem o br\u00e1n\u011b do pohrani\u010d\u00ed, pulzuj\u00edc\u00edch kulturn\u00edch k\u0159i\u017eovatk\u00e1ch a odoln\u00e9 obnov\u011b m\u011bst.<\/p>\n<h2>Kulturn\u00ed atmosf\u00e9ra<\/h2>\n<p>Kansas City m\u00e1 silnou a osobitou kulturn\u00ed identitu. Jazzov\u00e1 hudba zde poprv\u00e9 vzkv\u00e9tala ve 20. a 30. letech 20. stolet\u00ed v klubech na 18. a Vine ulici a dodnes z\u016fst\u00e1v\u00e1 aktivn\u00ed tradic\u00ed. M\u011bsto ka\u017ed\u00fd ve\u010der podporuje des\u00edtky jazzov\u00fdch podnik\u016f, klub\u016f a jam session\u016f. Americk\u00e9 jazzov\u00e9 muzeum (v historick\u00e9 \u010dtvrti 18. a Vine) a ka\u017edoro\u010dn\u00ed letn\u00ed festival Kansas City Jazz &amp; Heritage Festival odr\u00e1\u017eej\u00ed tento odkaz.<\/p>\n<p>Stejn\u011b ikonick\u00e1 je i kultura grilov\u00e1n\u00ed v Kansas City: m\u011bsto tvrd\u00ed, \u017ee m\u00e1 p\u0159es 100 restaurac\u00ed s grilov\u00e1n\u00edm a m\u00edstn\u00ed berou pomalu uzen\u00e9 maso velmi v\u00e1\u017en\u011b. Najdete zde v\u0161echny slavn\u00e9 region\u00e1ln\u00ed styly (nap\u0159. ope\u010den\u00e9 konce, sladk\u00e1 om\u00e1\u010dka) a existuje dokonce i mobiln\u00ed aplikace \u201eKC BBQ Experience\u201c, kter\u00e1 hodnot\u00ed kucha\u0159e. Grilovac\u00ed podniky (jako Arthur Bryant&#039;s, Gates, Jack Stack) jsou kulin\u00e1\u0159sk\u00e9 pam\u00e1tky a \u010dasto se uv\u00e1d\u011bj\u00ed jako m\u00edsto, kter\u00e9 by n\u00e1v\u0161t\u011bvn\u00edci m\u011bli ochutnat.<\/p>\n<p>Dal\u0161\u00edm sv\u00e9r\u00e1zn\u00fdm znakem Kansas City jsou \u010detn\u00e9 font\u00e1ny. Kansas City, p\u0159ezd\u00edvan\u00e9 \u201eM\u011bsto font\u00e1n\u201c, m\u00e1 v\u00edce ne\u017e 200 okrasn\u00fdch font\u00e1n \u2013 celkem je druh\u00fdm nejv\u011bt\u0161\u00edm m\u011bstem hned po \u0158\u00edm\u011b. (Font\u00e1ny uvid\u00edte v parc\u00edch, na kruz\u00edch a na n\u00e1dvo\u0159\u00edch po cel\u00e9m m\u011bst\u011b.) Nejde jen o dekorace, ale o obl\u00edben\u00e9 m\u011bstsk\u00e9 symboly \u2013 ukazatel ob\u010dansk\u00e9 hrdosti Kansas City a d\u016frazu na ve\u0159ejn\u00e1 prostranstv\u00ed.<\/p>\n<p>Pokud jde o sport a festivaly, Kansas City projevuje silnou ob\u010danskou hrdost. Ned\u00e1vn\u00e9 tituly Kansas City Chiefs v NFL (sez\u00f3ny 2019 a 2022) znovu rozdm\u00fdchaly nad\u0161en\u00ed m\u011bsta; \u201eoslavy\u201c, jako jsou v\u00edt\u011bzn\u00e9 p\u0159ehl\u00eddky, se st\u00e1vaj\u00ed v\u00fdznamn\u00fdmi komunitn\u00edmi ud\u00e1lostmi. Kansas City Royals (MLB) a Sporting Kansas City (MLS) p\u0159itahuj\u00ed sv\u00e9 fanou\u0161ky. M\u011bsto tak\u00e9 po\u0159\u00e1d\u00e1 proslul\u00e9 akce: akci American Royal s chovem hospod\u00e1\u0159sk\u00fdch zv\u00ed\u0159at a rodeo (od roku 1899), obrovskou v\u00fdstavu dobytka konanou ka\u017ed\u00fd podzim, a pivn\u00ed festival Boulevardia, kter\u00fd odr\u00e1\u017e\u00ed rostouc\u00ed sc\u00e9nu \u0159emesln\u00fdch pivovar\u016f v Kansas City.<\/p>\n<p>K celkov\u00e9 atmosf\u00e9\u0159e p\u0159isp\u00edvaj\u00ed i r\u016fzn\u00e9 \u010dtvrti: \u010dtvrti Westport a River Market jsou zn\u00e1m\u00e9 no\u010dn\u00edm \u017eivotem a stravov\u00e1n\u00edm; v um\u011bleck\u00e9 \u010dtvrti Crossroads Arts District se nach\u00e1zej\u00ed galerie a um\u011bleck\u00e9 trhy First Friday; historick\u00e1 jazzov\u00e1 \u010dtvr\u0165 18th &amp; Vine (kde se tak\u00e9 nach\u00e1z\u00ed Muzeum baseballu \u010derno\u0161sk\u00e9 ligy) je kulturn\u00edm centrem jazzu a historie ob\u010dansk\u00fdch pr\u00e1v. Ve v\u0161ech \u010dtvrt\u00edch jsou m\u00edstn\u00ed obyvatel\u00e9 obecn\u011b skromn\u00ed a p\u0159\u00e1tel\u0161t\u00ed, co\u017e odr\u00e1\u017e\u00ed pohostinnost St\u0159edoz\u00e1padu. Angli\u010dtina je univerz\u00e1ln\u00ed, ale na ji\u017en\u00ed stran\u011b m\u011bsta \u010dasto usly\u0161\u00edte \u0161pan\u011bl\u0161tinu (v n\u011bkter\u00fdch \u0161kol\u00e1ch a podnic\u00edch). Celkov\u011b nab\u00edz\u00ed Kansas City v\u0159elou a energickou atmosf\u00e9ru \u2013 velkom\u011bsto co do velikosti, ale s dom\u00e1c\u00edm srdcem.<\/p>\n<h2>Nejlep\u0161\u00ed atrakce<\/h2>\n<p>Mezi atrakce Kansas City pat\u0159\u00ed kulturn\u00ed instituce, historie a z\u00e1bava. Mezi hlavn\u00ed l\u00e1kadla pat\u0159\u00ed:<\/p>\n<ul>\n<li><strong>N\u00e1rodn\u00ed muzeum a pam\u00e1tn\u00edk z prvn\u00ed sv\u011btov\u00e9 v\u00e1lky<\/strong> \u2013 Toto muzeum se nach\u00e1z\u00ed v centru m\u011bsta ve v\u011b\u017ei Pam\u00e1tn\u00edku svobody a je jedn\u00edm z nejkomplexn\u011bj\u0161\u00edch muze\u00ed prvn\u00ed sv\u011btov\u00e9 v\u00e1lky v zemi. Z pam\u011btn\u00ed v\u011b\u017ee se tak\u00e9 otev\u00edr\u00e1 panoramatick\u00fd v\u00fdhled na m\u011bsto.<\/li>\n<li><strong>Muzeum um\u011bn\u00ed Nelsona-Atkinse<\/strong> \u2013 Mezin\u00e1rodn\u011b uzn\u00e1van\u00e9 muzeum um\u011bn\u00ed (zn\u00e1m\u00e9 svou sochou \u0160ostakovi\u010de a venkovn\u00edmi \u201eSky Stations\u201c). Vstup je zdarma a muzejn\u00ed sb\u00edrka zahrnuje asijsk\u00e9 i sou\u010dasn\u00e9 um\u011bn\u00ed. (Neoklasicistn\u00ed budova a zrcadlov\u00e9 jez\u00edrko hotelu Nelson jsou samy o sob\u011b fotogenick\u00e9.)<\/li>\n<li><strong>Americk\u00e9 jazzov\u00e9 muzeum a muzeum baseballu \u010derno\u0161sk\u00fdch lig<\/strong> \u2013 Ob\u011b se nach\u00e1zej\u00ed v historick\u00e9 \u010dtvrti 18th &amp; Vine. Jazzov\u00e9 muzeum p\u0159edstavuje jazzovou historii Kansas City (s archivn\u00edmi nahr\u00e1vkami), zat\u00edmco Muzeum \u010derno\u0161sk\u00fdch lig zachycuje pr\u016fkopn\u00edky afroamerick\u00e9ho baseballu. (Tyto instituce zd\u016fraz\u0148uj\u00ed v\u00fdznamn\u00e9 kulturn\u00ed d\u011bdictv\u00ed Kansas City.)<\/li>\n<li><strong>N\u00e1m\u011bst\u00ed country klubu<\/strong> \u2013 Luxusn\u00ed venkovn\u00ed n\u00e1kupn\u00ed \u010dtvr\u0165 navr\u017een\u00e1 ve \u0161pan\u011blsk\u00e9m stylu s font\u00e1nami a ta\u0161kov\u00fdmi st\u0159echami. Je to obl\u00edben\u00e9 m\u00edsto pro nakupov\u00e1n\u00ed, stravov\u00e1n\u00ed a pozorov\u00e1n\u00ed lid\u00ed, zejm\u00e9na b\u011bhem ka\u017edoro\u010dn\u00edho ceremoni\u00e1lu rozsv\u011bcen\u00ed n\u00e1m\u011bst\u00ed na Den d\u00edk\u016fvzd\u00e1n\u00ed.<\/li>\n<li><strong>Hlavn\u00ed n\u00e1dra\u017e\u00ed a V\u011bdeck\u00e9 m\u011bsto<\/strong> \u2013 Historick\u00e9 n\u00e1dra\u017e\u00ed Union Station (postaven\u00e9 v roce 1914) je nyn\u00ed atrakc\u00ed pro rodiny s d\u011btmi s restauracemi, interaktivn\u00edm v\u011bdeck\u00fdm centrem (Science City) a ob\u010dasn\u00fdmi v\u00fdstavami. (Vhodn\u00e9 pro d\u011bti, ale zaj\u00edmav\u00e9 i pro dosp\u011bl\u00e9.)<\/li>\n<li><strong>Korunn\u00ed centrum<\/strong> \u2013 Crown Center, kter\u00fd se nach\u00e1z\u00ed hned vedle stanice Union Station, je v\u00edce\u00fa\u010delov\u00fd komplex s firemn\u00edm s\u00eddlem Hallmark, obchody a z\u00e1bavn\u00edm centrem Legoland Discovery Center \u2013 ide\u00e1ln\u00ed pro rodiny s d\u011btmi. Vedle n\u011bj se nach\u00e1z\u00ed\u2026 <strong>N\u00e1m\u011bst\u00ed Korunn\u00edho centra<\/strong> po\u0159\u00e1d\u00e1 sez\u00f3nn\u00ed akce (nap\u0159\u00edklad ka\u017edoro\u010dn\u00ed kluzi\u0161t\u011b).<\/li>\n<li><strong>Zoologick\u00e1 zahrada v Kansas City<\/strong> \u2013 Nach\u00e1z\u00ed se ve Swope Parku, jedn\u00e9 z nejlep\u0161\u00edch zoologick\u00fdch zahrad v zemi (vybudovan\u00e9 kolem 65akrov\u00e9ho jezera). Nab\u00edz\u00ed velkou africkou expozici se slony, \u017eirafami a velk\u00fdmi ko\u010dkami a tak\u00e9 Helzberg Penguin Plaza.<\/li>\n<li><strong>Autokino Boulevard<\/strong> \u2013 Klasick\u00e9 autokino, kter\u00e9 funguje od roku 1950. Toto nostalgick\u00e9 m\u00edsto je obl\u00edben\u00e9 u m\u00edstn\u00edch obyvatel pro letn\u00ed dvojprojekce pod hv\u011bzdami.<\/li>\n<li><strong>Socha\u0159sk\u00fd park a vodn\u00ed prvek Nelsona-Atkinse<\/strong> \u2013 Krom\u011b vnit\u0159n\u00edho muzea se v are\u00e1lu Nelsonu nach\u00e1z\u00ed venkovn\u00ed socha\u0159stv\u00ed a mohutn\u00e1 font\u00e1na, kter\u00e1 je v letn\u00edch ve\u010derech osv\u011btlena barevn\u00fdmi sv\u011btly.<\/li>\n<\/ul>\n<p>Mnoh\u00e9 z nich lze prozkoumat bezplatnou tramvaj\u00ed KC Streetcar do centra m\u011bsta (3,5 km dlouh\u00e1 tra\u0165, kter\u00e1 spojuje River Market p\u0159es centrum m\u011bsta s Union Station a Crossroads). Ned\u00e1vn\u00e1 revitalizace m\u011bstsk\u00e9ho centra Kansas City ve skute\u010dnosti zp\u0159\u00edstupnila centrum p\u011b\u0161ky d\u00edky nov\u00fdm restaurac\u00edm, pivovar\u016fm a ve\u0159ejn\u00e9mu um\u011bn\u00ed (oblast Boulevardia na bulv\u00e1ru a River Market). V\u0161echny tyto atrakce dohromady zd\u016fraz\u0148uj\u00ed kombinaci st\u0159edoz\u00e1padn\u00edho d\u011bdictv\u00ed (font\u00e1ny, grilov\u00e1n\u00ed, jazz) a velkom\u011bstsk\u00e9ho um\u011bn\u00ed a z\u00e1bavy.<\/p>\n<h2>Praktick\u00fd sn\u00edmek<\/h2>\n<p>Hlavn\u00ed leti\u0161t\u011b je Kansas City International Airport (MCI, \u010dasto ozna\u010dovan\u00e9 jako MCI \/ Kansas City), asi 24 km severoz\u00e1padn\u011b od centra m\u011bsta. MCI nab\u00edz\u00ed des\u00edtky vnitrost\u00e1tn\u00edch let\u016f (Chicago, Dallas, Denver, New York atd.) a n\u011bkolik mezin\u00e1rodn\u00edch linek (nap\u0159. do Lond\u00fdna nebo Mexico City). Pro ty, kte\u0159\u00ed p\u0159ijedou autem, je Kansas City snadno dostupn\u00e9 po d\u00e1lnic\u00edch I-35 a I-70. Pokud p\u0159ij\u00ed\u017ed\u00edte vlakem, stanice Amtrak v Kansas City (v Missouri) m\u00e1 denn\u00ed spojen\u00ed po lince Southwest Chief (trasa od pob\u0159e\u017e\u00ed k pob\u0159e\u017e\u00ed) \u2013 i kdy\u017e j\u00edzdn\u00ed \u0159\u00e1dy jsou omezen\u00e9. Region\u00e1ln\u00ed leti\u0161t\u011b (nap\u0159. Kansas City, leti\u0161t\u011b v Kansasu nebo Columbia Regional) jsou mnohem men\u0161\u00ed, tak\u017ee v\u011bt\u0161ina cestuj\u00edc\u00edch pou\u017e\u00edv\u00e1 MCI.<\/p>\n<p>Syst\u00e9m bezplatn\u00fdch tramvaj\u00ed (KC) v centru m\u011bsta umo\u017e\u0148uje pohodln\u00e9 cestov\u00e1n\u00ed po hlavn\u00ed ulici Main Street a Grand Blvd (z River Market do Crown Center\/Union Station) a, co je d\u016fle\u017eit\u00e9, j\u00edzdy jsou\u2026 <em>uvolnit<\/em> pro cestuj\u00edc\u00ed. (Tramvaj se prodlu\u017euje sm\u011brem na sever a do roku 2025 se napoj\u00ed na Westport a Country Club Plaza.) M\u011bsto nav\u00edc provozuje autobusovou s\u00ed\u0165 (RideKC), kter\u00e1 pokr\u00fdv\u00e1 i metro; rozr\u016fst\u00e1n\u00ed m\u011bst v\u0161ak znamen\u00e1, \u017ee v p\u0159\u00edm\u011bstsk\u00fdch oblastech a b\u011bhem \u0161pi\u010dky slu\u017eebn\u00edch cest se mnoho n\u00e1v\u0161t\u011bvn\u00edk\u016f spol\u00e9h\u00e1 na pronajat\u00e1 auta, sd\u00edlenou dopravu nebo taxi. K hlavn\u00edm atrakc\u00edm v centru m\u011bsta a na p\u0159edm\u011bst\u00edch (zoo, Crown Center) se nejl\u00e9pe dostanete autem. Centrum m\u011bsta a Crossroads jsou docela snadno dostupn\u00e9 p\u011b\u0161ky a cyklistika je obl\u00edben\u00e1 na n\u011bkolika stezk\u00e1ch.<\/p>\n<p>M\u011bnou je americk\u00fd dolar a hlavn\u00edm jazykem je angli\u010dtina (asi 12 % obyvatel jsou hisp\u00e1nsk\u00e9ho p\u016fvodu, tak\u017ee \u0161pan\u011bl\u0161tina je druh\u00fdm nejroz\u0161\u00ed\u0159en\u011bj\u0161\u00edm jazykem v regionu). Spropitn\u00e9 se \u0159\u00edd\u00ed americk\u00fdmi normami (15\u201320 % v restaurac\u00edch). \u0158idi\u010di v Kansas City dodr\u017euj\u00ed stejn\u00e1 pravidla silni\u010dn\u00edho provozu jako jinde v USA (\u0159\u00edzen\u00ed vpravo). Pozn\u00e1mka k bezpe\u010dnosti: Centrum Kansas City je obecn\u011b bezpe\u010dn\u00e9 b\u011bhem dne a brzy ve\u010der (s viditelnou policejn\u00ed p\u0159\u00edtomnost\u00ed v turistick\u00fdch z\u00f3n\u00e1ch), ale stejn\u011b jako v ka\u017ed\u00e9m velk\u00e9m m\u011bst\u011b byste si m\u011bli v noci d\u00e1vat pozor na okol\u00ed. Oblast \u0159eky Missouri se m\u016f\u017ee na ja\u0159e zaplavit, proto si p\u0159ed cestou do park\u016f u \u0159eky zkontrolujte sez\u00f3nn\u00ed varov\u00e1n\u00ed. Pokud jde o po\u010das\u00ed, sbalte si ro\u010dn\u00ed obdob\u00ed \u2013 v l\u00e9t\u011b mohou b\u00fdt bou\u0159ky, v zim\u011b m\u016f\u017ee doj\u00edt k n\u00e1mraze.<\/p>\n<p>Stru\u010dn\u011b \u0159e\u010deno, n\u00e1v\u0161t\u011bvn\u00edk Kansas City by m\u011bl o\u010dek\u00e1vat vybaven\u00ed velkom\u011bsta s praktickou atmosf\u00e9rou. Infrastruktura (silnice, hotelov\u00e9 \u0159et\u011bzce, restaurace) je modern\u00ed a p\u0159\u00e1telsk\u00e1 k n\u00e1v\u0161t\u011bvn\u00edk\u016fm. D\u016fraz na um\u011bn\u00ed a kuchyni znamen\u00e1, \u017ee zde snadno najdete mezin\u00e1rodn\u00ed j\u00eddlo i grilovac\u00ed podniky a k orientaci sta\u010d\u00ed mluvit anglicky. Oblast Kansas City m\u00e1 n\u011bkolik hlavn\u00edch n\u00e1kupn\u00edch a kulturn\u00edch \u010dtvrt\u00ed, tak\u017ee je vhodn\u00e9 pl\u00e1novat logistiku: nap\u0159\u00edklad Downtown, Country Club Plaza a Westport spolu nesoused\u00ed, proto po\u010d\u00edtejte s dobou j\u00edzdy nebo kyvadlovou dopravou mezi nimi. Obecn\u011b je v\u0161ak KCMO dob\u0159e organizovan\u00e9, p\u0159\u00e1telsk\u00e9 a m\u00e1 dostatek zna\u010den\u00ed v angli\u010dtin\u011b, tak\u017ee se cestovatel\u00e9 rychle c\u00edt\u00ed jako doma.<a href=\"https:\/\/travelshelper.com\/cs\/destinace\/severni-amerika\/spojene-staty-americke\/berkeley-springs\/\" target=\"_self\" aria-labelledby=\"uael-post-8997\"><br \/>\n<\/a><\/p>","protected":false},"excerpt":{"rendered":"<p>Kansas City, Missouri (\u010dasto zkr\u00e1cen\u011b KC nebo KCMO) je nejlidnat\u011bj\u0161\u00ed a nejrozlehlej\u0161\u00ed m\u011bsto ve st\u00e1t\u011b Missouri. A\u010dkoli jeho hranice zasahuj\u00ed do okres\u016f Clay, Platte a Cass, v\u011bt\u0161ina Kansas City se nach\u00e1z\u00ed v okrese Jackson. S t\u00e9m\u011b\u0159 2 392 035 obyvateli, kter\u00e9 se rozprost\u00edr\u00e1 pod\u00e9l st\u00e1tn\u00ed hranice Missouri a Kansasu, je toto m\u011bsto \u00fast\u0159edn\u00edm centrem metropolitn\u00ed oblasti Kansas City. Podle s\u010d\u00edt\u00e1n\u00ed lidu z roku 2020 m\u011blo Kansas City, \u0161est\u00e9 nejlidnat\u011bj\u0161\u00ed m\u011bsto na St\u0159edoz\u00e1pad\u011b a 37. nejlidnat\u011bj\u0161\u00ed m\u011bsto ve Spojen\u00fdch st\u00e1tech, 508 090 obyvatel.<\/p>","protected":false},"author":1,"featured_media":3057,"parent":8072,"menu_order":0,"comment_status":"closed","ping_status":"closed","template":"elementor_theme","meta":{"_eb_attr":"","footnotes":""},"class_list":["post-8139","page","type-page","status-publish","has-post-thumbnail"],"_links":{"self":[{"href":"https:\/\/travelshelper.com\/cs\/wp-json\/wp\/v2\/pages\/8139","targetHints":{"allow":["GET"]}}],"collection":[{"href":"https:\/\/travelshelper.com\/cs\/wp-json\/wp\/v2\/pages"}],"about":[{"href":"https:\/\/travelshelper.com\/cs\/wp-json\/wp\/v2\/types\/page"}],"author":[{"embeddable":true,"href":"https:\/\/travelshelper.com\/cs\/wp-json\/wp\/v2\/users\/1"}],"replies":[{"embeddable":true,"href":"https:\/\/travelshelper.com\/cs\/wp-json\/wp\/v2\/comments?post=8139"}],"version-history":[{"count":0,"href":"https:\/\/travelshelper.com\/cs\/wp-json\/wp\/v2\/pages\/8139\/revisions"}],"up":[{"embeddable":true,"href":"https:\/\/travelshelper.com\/cs\/wp-json\/wp\/v2\/pages\/8072"}],"wp:featuredmedia":[{"embeddable":true,"href":"https:\/\/travelshelper.com\/cs\/wp-json\/wp\/v2\/media\/3057"}],"wp:attachment":[{"href":"https:\/\/travelshelper.com\/cs\/wp-json\/wp\/v2\/media?parent=8139"}],"curies":[{"name":"wp","href":"https:\/\/api.w.org\/{rel}","templated":true}]}}