{"id":8116,"date":"2024-09-01T02:05:01","date_gmt":"2024-09-01T02:05:01","guid":{"rendered":"https:\/\/travelshelper.com\/staging\/?page_id=8116"},"modified":"2026-03-13T17:47:37","modified_gmt":"2026-03-13T17:47:37","slug":"indianapolis","status":"publish","type":"page","link":"https:\/\/travelshelper.com\/cs\/destinations\/north-america\/united-states\/indianapolis\/","title":{"rendered":"Indianapolis"},"content":{"rendered":"<p>Indianapolis, hlavn\u00ed a nejv\u011bt\u0161\u00ed m\u011bsto Indiany, je d\u016fle\u017eit\u00fdm centrem kultury a obchodu St\u0159edoz\u00e1padu. Indy, \u010dasto p\u0159ezd\u00edvan\u00e9 \u201eCircle City\u201c a \u201eCircle Roads of America\u201c, je m\u011bstsk\u00fdm srdcem st\u00e1tu s populac\u00ed p\u0159ibli\u017en\u011b 880 000 (s\u010d\u00edt\u00e1n\u00ed lidu z roku 2020) a metropolitn\u00ed oblast\u00ed s v\u00edce ne\u017e 2 miliony obyvatel. Le\u017e\u00ed na b\u0159ehu \u0159eky White River (na soutoku s Fall Creek) ve st\u0159edn\u00ed Indian\u011b. Dnes je Indianapolis v\u00fdznamn\u00fdm dopravn\u00edm a distribu\u010dn\u00edm centrem (silni\u010dn\u00ed, \u017eelezni\u010dn\u00ed a leteck\u00e9), le\u017e\u00edc\u00edm v \u00farodn\u00e9m kuku\u0159i\u010dn\u00e9m p\u00e1su s podneb\u00edm tepl\u00fdch, vlhk\u00fdch let a chladn\u00fdch zim. Jeho ekonomika je rozs\u00e1hl\u00e1: Indianapolis se \u0159ad\u00ed zhruba na 28. m\u00edsto v \u017eeb\u0159\u00ed\u010dku metropolitn\u00edch ekonomik USA, poh\u00e1n\u011bnou pr\u016fmyslov\u00fdmi odv\u011btv\u00edmi od farmaceutick\u00e9ho a automobilov\u00e9ho pr\u016fmyslu a\u017e po technologie a zdravotnictv\u00ed. V posledn\u00edch desetilet\u00edch se po\u010det obyvatel a vliv m\u011bsta v\u00fdrazn\u011b zv\u00fd\u0161ily a nyn\u00ed poh\u00e1n\u011bj\u00ed diverzifikovanou m\u00edstn\u00ed ekonomiku.<\/p>\n<h2>Indianapolis v \u010d\u00edslech<\/h2>\n<p>Samotn\u00fd Indianapolis (konsolidovan\u00e9 m\u011bsto-okres) m\u011bl podle s\u010d\u00edt\u00e1n\u00ed lidu z roku 2020 887 642 obyvatel. V posledn\u00edch letech se populace m\u011bsta stabilizovala pobl\u00ed\u017e t\u00e9to \u00farovn\u011b, zat\u00edmco \u0161ir\u0161\u00ed metropolitn\u00ed region Indianapolis p\u0159esahuje 2 miliony. Ekonomika metropole p\u0159esahuje 145 miliard dolar\u016f (\u00fadaje z roku 2019), co\u017e z n\u011bj \u010din\u00ed zhruba 28. nejv\u011bt\u0161\u00ed v zemi. Z hlediska rasy a etnick\u00e9ho p\u016fvodu je m\u011bsto st\u00e1le rozmanit\u011bj\u0161\u00ed. B\u00edl\u00ed nehisp\u00e1nsk\u00e9ho p\u016fvodu tvo\u0159\u00ed asi polovinu populace (p\u0159ibli\u017en\u011b 50\u201354 %), Afroameri\u010dan\u00e9 asi 28 % a zhruba 12\u201313 % obyvatel se identifikuje jako hisp\u00e1n\u0161t\u00ed nebo latinskoameri\u010dt\u00ed. P\u0159isp\u00edvaj\u00ed tak\u00e9 men\u0161\u00ed asijsk\u00e9 (kolem 4 %) a multirasov\u00e9 komunity. Medi\u00e1n v\u011bku je v polovin\u011b 35. let a medi\u00e1n p\u0159\u00edjmu dom\u00e1cnost\u00ed se pohybuje kolem 63 000 dolar\u016f. S m\u00edrou chudoby kolem 15 let je \u017eivotn\u00ed \u00farove\u0148 Indianapolisu zhruba v souladu s n\u00e1rodn\u00edmi normami (\u017eivotn\u00ed n\u00e1klady jsou asi o 7 % ni\u017e\u0161\u00ed ne\u017e celost\u00e1tn\u00ed pr\u016fm\u011br).<\/p>\n<p>Z ekonomick\u00e9ho hlediska se Indianapolis a jeho region vyzna\u010duj\u00ed kombinac\u00ed pokro\u010dil\u00e9 v\u00fdroby, biologick\u00fdch v\u011bd, logistiky a odv\u011btv\u00ed slu\u017eeb. M\u011bsto je s\u00eddlem mnoha spole\u010dnost\u00ed z \u017eeb\u0159\u00ed\u010dku Fortune 500 (zdravotnictv\u00ed, poji\u0161\u0165ovnictv\u00ed, l\u00e9\u010diva) a region je sv\u011btov\u00fdm l\u00eddrem v oblasti l\u00e9\u010div a zdrav\u00ed zv\u00ed\u0159at. (Nap\u0159\u00edklad pobl\u00ed\u017e s\u00eddl\u00ed spole\u010dnost Eli Lilly.) Mezi dal\u0161\u00ed v\u00fdznamn\u00e9 sektory pat\u0159\u00ed automobilov\u00fd a leteck\u00fd pr\u016fmysl, informa\u010dn\u00ed technologie a finance. Doprava je \u00fast\u0159edn\u00edm bodem: leti\u0161t\u011b, \u017eelezni\u010dn\u00ed stanice a d\u00e1lni\u010dn\u00ed k\u0159i\u017eovatky v Indianapolis slou\u017e\u00ed jako uzel pro oblast kuku\u0159i\u010dn\u00e9ho p\u00e1su (Cornum Belt). Jeden ned\u00e1vn\u00fd souhrn dokonce uv\u00e1d\u00ed, \u017ee ekonomika Indianapolisu je 28. nejv\u011bt\u0161\u00ed v USA s hlavn\u00ed koncentrac\u00ed pr\u016fmyslov\u00fdch odv\u011btv\u00ed \u201eod l\u00e9\u010div a dopravy a\u017e po technologie a zdravotnictv\u00ed\u201c. Zdravotnictv\u00ed je tak\u00e9 kl\u00ed\u010dov\u00fdm m\u00edstn\u00edm sektorem (s n\u011bkolika v\u00fdznamn\u00fdmi nemocni\u010dn\u00edmi syst\u00e9my a l\u00e9ka\u0159sk\u00fdm centrem Indiana University). Celkov\u011b se Indianapolis dnes py\u0161n\u00ed ekonomikou, kter\u00e1 kombinuje pr\u016fmyslov\u00e9 ko\u0159eny St\u0159edoz\u00e1padu (v\u00fdroba, logistika) s rostouc\u00edmi high-tech a v\u00fdzkumn\u00fdmi odv\u011btv\u00edmi.<\/p>\n<h2>Um\u00edst\u011bn\u00ed<\/h2>\n<p>Geograficky le\u017e\u00ed Indianapolis ve st\u0159edn\u00ed a v\u00fdchodn\u00ed \u010d\u00e1sti St\u0159edoz\u00e1padu Severn\u00ed Ameriky, ve st\u00e1t\u011b Indiana (St\u0159edoz\u00e1pad Spojen\u00fdch st\u00e1t\u016f). M\u011bsto je v podstat\u011b rovinat\u00e9 a\u017e m\u00edrn\u011b zvln\u011bn\u00e9 a je sou\u010d\u00e1st\u00ed rozlehl\u00e9 oblasti Velk\u00fdch jezer a kuku\u0159i\u010dn\u00e9ho p\u00e1su. Le\u017e\u00ed na \u0159ece White River (u \u00fast\u00ed Fall Creek) v centru okresu Marion. Okoln\u00ed krajina je tvo\u0159ena p\u0159ev\u00e1\u017en\u011b zem\u011bd\u011blskou p\u016fdou a m\u011bstskou z\u00e1stavbou, sp\u00ed\u0161e ne\u017e horami nebo mo\u0159sk\u00fdm pob\u0159e\u017e\u00edm. M\u011bsto se nach\u00e1z\u00ed asi 115 mil z\u00e1padn\u011b od Cincinnati a 170 mil severn\u011b od Louisville. Mezist\u00e1tn\u00ed d\u00e1lnice I-65, I-70 a I-74 se sb\u00edhaj\u00ed v centru m\u011bsta nebo v jeho bl\u00edzkosti, co\u017e z n\u011bj doslova d\u011bl\u00e1 \u201ek\u0159i\u017eovatku Ameriky\u201c.<\/p>\n<p>Indianapolis m\u00e1 vlhk\u00e9 kontinent\u00e1ln\u00ed klima (K\u00f6ppenovo klima). L\u00e9ta jsou tepl\u00e1 a\u017e hork\u00e1 a vlhk\u00e1, zimy chladn\u00e9 (\u010dasto zasn\u011b\u017een\u00e9) a sr\u00e1\u017eky jsou po cel\u00fd rok m\u00edrn\u00e9. Pr\u016fm\u011brn\u00e9 letn\u00ed maxima dosahuj\u00ed horn\u00edch hranic 30\u201335 \u00b0C s \u010dastou vlhkost\u00ed, zat\u00edmco zimn\u00ed minima mohou klesnout v pr\u016fm\u011bru pod \u20136 \u00b0C. Jaro a podzim jsou pom\u011brn\u011b m\u00edrn\u00e9, i kdy\u017e v p\u0159echodn\u00fdch m\u011bs\u00edc\u00edch se vyskytuj\u00ed bou\u0159ky a nep\u0159\u00edzniv\u00e9 po\u010das\u00ed (krupobit\u00ed, ob\u010dasn\u00e1 torn\u00e1da). M\u011bsto m\u00e1 z\u0159eteln\u011b st\u0159\u00eddav\u00e1 v\u0161echna \u010dty\u0159i ro\u010dn\u00ed obdob\u00ed s ro\u010dn\u00edm \u00fahrnem sr\u00e1\u017eek p\u0159ibli\u017en\u011b 1000 mm.<\/p>\n<h2>Historick\u00fd sn\u00edmek<\/h2>\n<p>Indianapolis byl z\u00e1m\u011brn\u011b zalo\u017een na po\u010d\u00e1tku 19. stolet\u00ed jako hlavn\u00ed m\u011bsto st\u00e1tu Indiana. V roce 1821 z\u00e1konod\u00e1rn\u00fd sbor st\u00e1tu Indiana um\u00edstil Indianapolis na \u00fazem\u00ed b\u00fdval\u00e9 zem\u011bd\u011blsk\u00e9 p\u016fdy indi\u00e1nsk\u00fdch obyvatel Delaware. M\u00edsto \u2013 vybran\u00e9 pro svou centr\u00e1ln\u00ed polohu v nov\u00e9m st\u00e1t\u011b \u2013 se v roce 1822 stalo s\u00eddlem okresu Marion a v roce 1825 bylo form\u00e1ln\u011b prohl\u00e1\u0161eno za hlavn\u00ed m\u011bsto Indiany. Po\u010d\u00e1te\u010dn\u00ed r\u016fst byl a\u017e do poloviny 19. stolet\u00ed pomal\u00fd, ale poloha m\u011bsta na st\u00e1tn\u00ed silnici (dokon\u010den\u00e1 do Indianapolisu v roce 1827) a pozd\u011bji p\u0159\u00edchod \u017eeleznice vyvolaly rozmach. Do roku 1861 se Indianapolis stal v\u00fdznamn\u00fdm \u017eelezni\u010dn\u00edm centrem a b\u011bhem ob\u010dansk\u00e9 v\u00e1lky se d\u00edky jeho \u017eelezni\u010dn\u00edm dep\u016fm stal kl\u00ed\u010dov\u00fdm logistick\u00fdm centrem Unie. V d\u016fsledku toho se mezi lety 1860 a 1870 po\u010det obyvatel m\u011bsta v\u00edce ne\u017e zdvojn\u00e1sobil.<\/p>\n<p>Na konci 19. a za\u010d\u00e1tku 20. stolet\u00ed se Indianapolis rychle industrializoval. Zako\u0159enila se nov\u00e1 odv\u011btv\u00ed, jako je zpracov\u00e1n\u00ed masa, kovod\u011bln\u00fd pr\u016fmysl a nakonec i v\u00fdroba automobil\u016f. Do roku 1890 m\u011bsto p\u0159ekro\u010dilo hranici 100 000 obyvatel. Jednou z v\u00fdznamn\u00fdch ud\u00e1lost\u00ed bylo otev\u0159en\u00ed z\u00e1vodn\u00ed dr\u00e1hy Indianapolis Motor Speedway v roce 1909 (na p\u0159edm\u011bst\u00ed Speedway); prvn\u00ed z\u00e1vod Indianapolis 500 se zde konal v roce 1911 a stal se ka\u017edoro\u010dn\u00ed tradic\u00ed a symbolem m\u011bsta.<\/p>\n<p>Kl\u00ed\u010dov\u00fd zlom nastal v roce 1970, kdy se m\u011bstsk\u00e1 samospr\u00e1va Indianapolisu a okresu Marion slou\u010dila pod iniciativu \u201eUnigov\u201c. T\u00edm se hranice Indianapolisu prakticky p\u0159es noc upevnily a do m\u011bstsk\u00e9 struktury se za\u010dlenila i odlehl\u00e1 m\u011bsta. Slou\u010den\u00ed m\u011bsta a okresu v\u00fdrazn\u011b roz\u0161\u00ed\u0159ilo jeho da\u0148ov\u00fd z\u00e1klad a administrativn\u00ed dosah (p\u0159i\u010dem\u017e n\u011bkter\u00e1 m\u011bsta, jako nap\u0159\u00edklad Lawrence a Beech Grove, si st\u00e1le zachovala ur\u010ditou autonomii). Na konci 20. stolet\u00ed se Indianapolis v\u011bdom\u011b ozna\u010dil za centrum amat\u00e9rsk\u00e9ho i profesion\u00e1ln\u00edho sportu \u2013 postavil stadion Lucas Oil Stadium (domov t\u00fdmu NFL Colts) a podpo\u0159il akce, jako jsou mistrovstv\u00ed NCAA \u2013 co\u017e stimulovalo hospod\u00e1\u0159sk\u00fd r\u016fst a cestovn\u00ed ruch.<\/p>\n<p>Dnes je d\u011bdictv\u00ed m\u011bsta z architektury 19. a po\u010d\u00e1tku 20. stolet\u00ed patrn\u00e9 v pam\u00e1tk\u00e1ch, jako je budova Indiana Statehouse (dokon\u010den\u00e1 v roce 1888) a pam\u00e1tn\u00edk voj\u00e1k\u016f a n\u00e1mo\u0159n\u00edk\u016f (odhalen\u00fd v roce 1902 na Monument Circle). Pevnost Fort Benjamin Harrison (zalo\u017een\u00e1 v roce 1903 v\u00fdchodn\u011b od m\u011bsta) a pam\u00e1tn\u00edky prvn\u00ed sv\u011btov\u00e9 v\u00e1lky (na n\u00e1m\u011bst\u00ed severn\u011b od centra m\u011bsta) odr\u00e1\u017eej\u00ed ob\u010dansk\u00fd rozvoj Indianapolisu. Celkov\u011b je historie Indianapolisu histori\u00ed rychl\u00e9ho r\u016fstu v 19. stolet\u00ed z pohrani\u010dn\u00edho m\u011bsta na modern\u00ed m\u011bsto, po n\u011bm\u017e n\u00e1sledovala expanze v polovin\u011b 20. stolet\u00ed a kulturn\u00ed posun na konci 20. stolet\u00ed sm\u011brem ke sportu, kongresov\u00e9mu podnik\u00e1n\u00ed a cestovn\u00edmu ruchu.<\/p>\n<h2>Kulturn\u00ed atmosf\u00e9ra<\/h2>\n<p>Indianapolis dnes spojuje pohostinnost st\u0159edoz\u00e1padu s p\u0159ekvapiv\u011b kosmopolitn\u00ed atmosf\u00e9rou, kter\u00e1 je pro tento region p\u0159ekvapiv\u011b kosmopolitn\u00ed. P\u0159evl\u00e1daj\u00edc\u00edm jazykem je americk\u00e1 angli\u010dtina a m\u011bsto bylo tradi\u010dn\u011b v\u011bt\u0161inou b\u00edl\u00e9; jak v\u0161ak bylo uvedeno v\u00fd\u0161e, afroamerick\u00e9 a hisp\u00e1nsk\u00e9 komunity jsou prominentn\u00ed a rostou. M\u00edstn\u00ed lid\u00e9 se \u010dasto ozna\u010duj\u00ed jako \u201eHoosiers\u201c (d\u00e9monymum st\u00e1tu) a jsou zn\u00e1m\u00ed sv\u00fdm p\u0159\u00e1telsk\u00fdm a praktick\u00fdm p\u0159\u00edstupem. \u010ctvr\u0165e maj\u00ed specifick\u00fd charakter: nap\u0159\u00edklad kulturn\u00edm centrem centra je Monument Circle (\u201eCircle City\u201c), ru\u0161n\u00e9 a z\u00e1rove\u0148 uvoln\u011bn\u00e9; Broad Ripple (na severu) je modern\u00ed a um\u011bleck\u00e1; \u010dtvr\u0165 Mass Ave (Massachusetts Avenue) v\u00fdchodn\u011b od centra je zn\u00e1m\u00e1 restauracemi a \u017eiv\u00fdmi divadly; a p\u0159edm\u011bstsk\u00e9 oblasti jako Carmel a Fishers lemuj\u00ed metro s atmosf\u00e9rou p\u0159edm\u011bstsk\u00e9 rodiny.<\/p>\n<p>Ka\u017edoro\u010dn\u00ed kulturn\u00ed akce odr\u00e1\u017eej\u00ed tradici i rozmanitost. Nejzn\u00e1m\u011bj\u0161\u00ed je kv\u011btnov\u00e1 z\u00e1vodn\u00ed sez\u00f3na, kter\u00e1 zahrnuje m\u011bs\u00ed\u010dn\u00ed festival 500 mil a vrchol\u00ed motoristick\u00fdm z\u00e1vodem Indianapolis 500 \u2013 celom\u011bstskou oslavou s pr\u016fvody a oh\u0148ostrojem. L\u00e9to p\u0159in\u00e1\u0161\u00ed Indiana State Fair (koncem \u010dervence) \u2013 jeden z nejv\u011bt\u0161\u00edch v regionu, kter\u00fd zahrnuje zem\u011bd\u011blsk\u00e9 v\u00fdstavy, promen\u00e1du, koncerty a sout\u011b\u017ee 4H. Pozdn\u00ed l\u00e9to zahrnuje tak\u00e9 Symphony on the Prairie a velk\u00fd oh\u0148ostroj ke 4. \u010dervenci (\u010dasto se kon\u00e1 na USS Indianapolis Memorial ve st\u00e1tn\u00edm parku White River). Na za\u010d\u00e1tku l\u00e9ta se v centru m\u011bsta konaj\u00ed Indy Jazz Fest a India fest, zat\u00edmco pozd\u011bji v l\u00e9t\u011b se kon\u00e1 Indiana Black Expo Summer Celebration (v\u00fdznamn\u00fd kulturn\u00ed festival). Podzim p\u0159id\u00e1v\u00e1 sousedsk\u00e9 festivaly (jako je Irvington Halloween Festival a r\u016fzn\u00e9 univerzitn\u00ed fotbalov\u00e9 akce na okoln\u00edch univerzit\u00e1ch). V zim\u011b sez\u00f3nu charakterizuje rozsv\u011bcov\u00e1n\u00ed strom\u016f a sv\u011bteln\u00e1 show v zoo v centru m\u011bsta.<\/p>\n<p>Sportovn\u00ed kultura je tak\u00e9 vetk\u00e1na do ka\u017edodenn\u00edho \u017eivota. V Indy p\u016fsob\u00ed profesion\u00e1ln\u00ed t\u00fdmy v n\u011bkolika v\u00fdznamn\u00fdch sportech: Indianapolis Colts z NFL (americk\u00fd fotbal) a Indiana Pacers z NBA (basketbal) hraj\u00ed na stadionech v centru m\u011bsta a oba p\u0159itahuj\u00ed v\u00e1\u0161niv\u00e9 fanou\u0161ky. Na ja\u0159e se zde konaj\u00ed univerzitn\u00ed sportovn\u00ed akce, kter\u00e9 zde p\u016fsob\u00ed s\u00eddlo NCAA; m\u011bsto tak\u00e9 \u010dasto host\u00ed olympijsk\u00e9 zkou\u0161ky a ar\u00e9nov\u00fd fotbal. Automobilov\u00e9 z\u00e1vody z\u016fst\u00e1vaj\u00ed legend\u00e1rn\u00ed (ka\u017edoro\u010dn\u00ed z\u00e1vod IndyCar p\u0159itahuje pozornost cel\u00e9ho sv\u011bta). Existuje zde tak\u00e9 siln\u00e1 b\u011b\u017eeck\u00e1 a cyklistick\u00e1 komunita, kterou podporuj\u00ed \u010detn\u00e9 parky a stezky (nap\u0159. Monon Trail).<\/p>\n<p>Kulin\u00e1\u0159sk\u00e1 a um\u011bleck\u00e1 sc\u00e9na v posledn\u00ed dob\u011b rozkv\u00e9t\u00e1. M\u011bsto si vydobylo pov\u011bst \u0159emesln\u00fdch pivovar\u016f a kreativn\u00ed gastronomie; mezi m\u00edstn\u00ed obl\u00edben\u00e9 pat\u0159\u00ed sendvi\u010de s vep\u0159ovou panenkou, cukrov\u00fd kr\u00e9mov\u00fd kol\u00e1\u010d Hoosier a o\u017eiven\u00e1 baskick\u00e1 kuchyn\u011b sv\u011btov\u00e9 \u00farovn\u011b v oblasti z\u00e1vodu Indy 500. Um\u011bleck\u00e9 organizace \u2013 od klasick\u00e9 (Indianapolis Symphony v divadle Hilbert Circle) a\u017e po sou\u010dasnou (Clowes Memorial Hall v kampusu Butler University) \u2013 p\u0159isp\u00edvaj\u00ed ke kulturn\u00edmu rytmu. Stru\u010dn\u011b \u0159e\u010deno, Indianapolis nab\u00edz\u00ed vyv\u00e1\u017eenou atmosf\u00e9ru \u201est\u0159edoz\u00e1padn\u00edho m\u011bsta\u201c: p\u0159\u00e1telskou a snadno dostupnou, s m\u011bstsk\u00fdmi vymo\u017eenostmi, jako jsou muzea a univerzity, ale nikdy nepostr\u00e1d\u00e1 teplo sv\u00e9ho rodn\u00e9ho m\u011bsta Hoosier.<\/p>\n<h2>Nejlep\u0161\u00ed atrakce<\/h2>\n<p>Indianapolis nab\u00edz\u00ed mnoho atrakc\u00ed pro n\u00e1v\u0161t\u011bvn\u00edky, od ikonick\u00fdch pam\u00e1tek a\u017e po vynikaj\u00edc\u00ed muzea. Mezi v\u00fdznamn\u00e9 pam\u00e1tky pat\u0159\u00ed:<\/p>\n<ul>\n<li><strong>D\u011btsk\u00e9 muzeum v Indianapolis<\/strong> \u2013 Nejv\u011bt\u0161\u00ed d\u011btsk\u00e9 muzeum na sv\u011bt\u011b (zal. 1926), interaktivn\u00ed muzeum, kter\u00e9 p\u0159itahuje rodiny z cel\u00e9 zem\u011b.<\/li>\n<li><strong>St\u00e1tn\u00ed park White River<\/strong> \u2013 Malebn\u00fd m\u011bstsk\u00fd park pod\u00e9l \u0159eky White River, kde se nach\u00e1z\u00ed zoologick\u00e1 zahrada v Indianapolis a Muzeum americk\u00fdch indi\u00e1n\u016f a z\u00e1padn\u00edho um\u011bn\u00ed Eiteljorg. V parku se tak\u00e9 nach\u00e1z\u00ed s\u00eddlo NCAA a jej\u00ed S\u00ed\u0148 \u0161ampion\u016f a nab\u00edz\u00ed stezky a zelen\u00e9 plochy na b\u0159ehu \u0159eky.<\/li>\n<li><strong>Indianapolis Motor Speedway (IMS)<\/strong> \u2013 Tato legend\u00e1rn\u00ed z\u00e1vodn\u00ed dr\u00e1ha (domov z\u00e1vodu Indianapolis 500) se nach\u00e1z\u00ed hned za m\u011bstem a nab\u00edz\u00ed prohl\u00eddky a p\u0159ilehl\u00e9 <strong>Muzeum S\u00edn\u011b sl\u00e1vy<\/strong> (p\u0159edstaven\u00ed historick\u00fdch z\u00e1vodn\u00edch voz\u016f). I fanou\u0161ci, kte\u0159\u00ed se nev\u011bnuj\u00ed z\u00e1vod\u011bn\u00ed, shled\u00e1vaj\u00ed historii motoristick\u00e9ho sportu poutavou.<\/li>\n<li><strong>Monument Circle a pam\u00e1tn\u00edk voj\u00e1k\u016f a n\u00e1mo\u0159n\u00edk\u016f<\/strong> \u2013 Centrum m\u011bsta, Monument Circle (dokon\u010deno v roce 1902), se py\u0161n\u00ed 284 stop vysok\u00fdm pam\u00e1tn\u00edkem voj\u00e1k\u016f a n\u00e1mo\u0159n\u00edk\u016f z Indiany. N\u00e1m\u011bst\u00ed kolem n\u011bj ct\u00ed v\u00e1le\u010dn\u00e9 veter\u00e1ny z Indiany a slou\u017e\u00ed jako \u00fast\u0159edn\u00ed m\u00edsto pro p\u0159ehl\u00eddky a shrom\u00e1\u017ed\u011bn\u00ed. Nedaleko se nach\u00e1z\u00ed Kapitol st\u00e1tu Indiana a n\u00e1m\u011bst\u00ed v\u00e1le\u010dn\u00e9ho pam\u00e1tn\u00edku (30. l\u00e9ta 20. stolet\u00ed), v\u0161echny postaven\u00e9 z m\u00edstn\u00edho v\u00e1pence a odr\u00e1\u017eej\u00edc\u00ed d\u011bdictv\u00ed m\u011bsta.<\/li>\n<li><strong>Muzeum um\u011bn\u00ed v Indianapolis (Newfields)<\/strong> \u2013 N\u011bkolik mil severn\u011b od centra m\u011bsta se nach\u00e1z\u00ed Newfields, v\u00fdznamn\u00e9 um\u011bleck\u00e9 muzeum s rozs\u00e1hl\u00fdmi zahradami. Jeho sb\u00edrka zahrnuje 5 000 let um\u011bn\u00ed a na jeho pozemku se nach\u00e1z\u00ed 100akrov\u00fd park a Lilly House.<\/li>\n<li><strong>Kulturn\u00ed stezka a um\u011bleck\u00e1 \u010dtvr\u0165 Mass Avenue<\/strong> \u2013 Indianapolis Cultural Trail je 13 km dlouh\u00e1 m\u011bstsk\u00e1 stezka pro p\u011b\u0161\u00ed a cyklisty, kter\u00e1 spojuje centra m\u011bsta. Pod\u00e9l n\u00ed se nach\u00e1z\u00ed \u010dtvr\u0165 Massachusetts Avenue (\u201eMass Ave\u201c) s divadly, galeriemi, butiky a restauracemi \u2013 odr\u00e1\u017eej\u00edc\u00edmi rozv\u00edjej\u00edc\u00ed se um\u011bleckou sc\u00e9nu Indianapolis.<\/li>\n<li><strong>St\u00e1tn\u00ed kapitol a rezidence guvern\u00e9ra<\/strong> \u2013 Elegantn\u00ed budova Statehouse v Indian\u011b (1888) je otev\u0159ena pro prohl\u00eddky. Nav\u0161tivte tak\u00e9 rezidenci guvern\u00e9ra (ofici\u00e1ln\u00ed s\u00eddlo) a zrekonstruovan\u00fd v\u00e1le\u010dn\u00fd pam\u00e1tn\u00edk v Indian\u011b (muzeum a zahrady z druh\u00e9 sv\u011btov\u00e9 v\u00e1lky).<\/li>\n<li><strong>Stadion Lucas Oil a stadion Gainbridge Fieldhouse<\/strong> \u2013 Pro sportovn\u00ed fanou\u0161ky nab\u00edz\u00ed sledov\u00e1n\u00ed z\u00e1pasu NFL (Colts) nebo NBA (Pacers\/Fever) typick\u00fd z\u00e1\u017eitek z Indy ve dvou nejmodern\u011bj\u0161\u00edch ar\u00e9n\u00e1ch (otev\u0159en\u00fdch v letech 2008 a 1999).<\/li>\n<\/ul>\n<p>Ka\u017ed\u00e1 z t\u011bchto atrakc\u00ed je snadno dostupn\u00e1 z centra m\u011bsta. Prohl\u00eddku pam\u00e1tek umoc\u0148uje p\u011b\u0161\u00ed z\u00f3na v centru m\u011bsta a \u010dast\u00e9 kulturn\u00ed akce (sez\u00f3nn\u00ed festivaly, venkovn\u00ed koncerty, farm\u00e1\u0159sk\u00e9 trhy). Mnoho n\u00e1v\u0161t\u011bvn\u00edk\u016f si jednodu\u0161e u\u017e\u00edv\u00e1 \u201eproch\u00e1zky po pam\u00e1tk\u00e1ch\u201c v centru m\u011bsta Circle, po nich\u017e n\u00e1sleduj\u00ed n\u00e1v\u0161t\u011bvy muze\u00ed nebo proch\u00e1zka ve st\u00e1tn\u00edm parku White River.<\/p>\n<h2>Praktick\u00fd sn\u00edmek<\/h2>\n<p>Hlavn\u00ed leteckou branou je mezin\u00e1rodn\u00ed leti\u0161t\u011b Indianapolis (IND), asi 24 km jihoz\u00e1padn\u011b od centra m\u011bsta. IND nab\u00edz\u00ed \u0159adu vnitrost\u00e1tn\u00edch spojen\u00ed (Atlanta, Chicago, Denver atd.) a n\u011bkolik mezin\u00e1rodn\u00edch tras. Do Indianapolisu nejezd\u00ed \u017e\u00e1dn\u00fd vlak Amtrak p\u0159\u00edmo; mezim\u011bstsk\u00e9 autobusy (Greyhound, Barons) p\u0159ij\u00ed\u017ed\u011bj\u00ed na intermod\u00e1ln\u00ed stanici m\u011bsta v centru m\u011bsta. Hlavn\u00ed d\u00e1lnice (I-65 z Chicaga\/Alabamy, I-70 z Ohia\/Kentucky, I-74 z Illinois) se sb\u00edhaj\u00ed do Indianapolisu, tak\u017ee je snadno dostupn\u00fd autem.<\/p>\n<p>Jakmile se ocitnete ve m\u011bst\u011b, centrum Indianapolisu je relativn\u011b kompaktn\u00ed. Obl\u00edben\u00fdm zp\u016fsobem, jak poznat oblast Circle a Canal, je p\u0159es l\u00e1vku a cyklostezku Joliet\u2013Indianapolis nebo v teplej\u0161\u00edch m\u011bs\u00edc\u00edch proj\u00ed\u017e\u010fka ko\u010d\u00e1rem ta\u017een\u00fdm ko\u0148mi. IndyGo, m\u011bstsk\u00fd provozovatel ve\u0159ejn\u00e9 dopravy, provozuje autobusov\u00e9 linky po cel\u00e9m m\u011bst\u011b a p\u0159edm\u011bst\u00ed (v\u011bt\u0161ina z nich vy\u017eaduje mal\u00e9 j\u00edzdn\u00e9; m\u011bjte na pam\u011bti, \u017ee rychlodr\u00e1ha Red Line je nov\u011bj\u0161\u00ed a \u010dast\u011bj\u0161\u00ed linka). Velk\u00e1 \u010d\u00e1st kultury a no\u010dn\u00edho \u017eivota Indianapolisu je v\u0161ak rozpt\u00fdlena, tak\u017ee mnoho n\u00e1v\u0161t\u011bvn\u00edk\u016f pro v\u011bt\u0161\u00ed pohodl\u00ed d\u00e1v\u00e1 p\u0159ednost tax\u00edk\u016fm nebo sd\u00edlen\u00e9 j\u00edzd\u011b (Uber\/Lyft). Parkov\u00e1n\u00ed je dostatek v centru m\u011bsta a na p\u0159edm\u011bstsk\u00fdch atrakc\u00edch (\u010dasto zdarma nebo za n\u00edzkou cenu). Kola a elektrick\u00e9 kolob\u011b\u017eky jsou obl\u00edben\u00e9 na zpevn\u011bn\u00fdch stezk\u00e1ch (jako je Monon Trail), zejm\u00e9na za p\u011bkn\u00e9ho po\u010das\u00ed.<\/p>\n<p>M\u011bnou jsou americk\u00e9 dolary. Spropitn\u00e9 je obvykl\u00e9 (v restaurac\u00edch nebo turistick\u00fdch slu\u017eb\u00e1ch asi 15\u201320 %). Anglicky se mluv\u00ed v\u0161eobecn\u011b, i kdy\u017e mezi m\u00edstn\u00edmi obyvateli usly\u0161\u00edte i \u0161pan\u011bl\u0161tinu nebo jin\u00e9 jazyky. Region je pro cestovatele obecn\u011b velmi bezpe\u010dn\u00fd; centrum m\u011bsta je o v\u00edkendech \u017eiv\u00e9 a\u017e do ve\u010dera, i kdy\u017e plat\u00ed obvykl\u00e1 m\u011bstsk\u00e1 opat\u0159en\u00ed proti drobn\u00fdm kr\u00e1de\u017e\u00edm. V\u011bt\u0161ina Ameri\u010dan\u016f \u0159\u00edd\u00ed po prav\u00e9 stran\u011b silnice a pou\u017e\u00edv\u00e1 120voltov\u00e9 elektrick\u00e9 z\u00e1suvky (z\u00e1str\u010dky typu A\/B). Pro cestuj\u00edc\u00ed ze Severn\u00ed Ameriky nebo Evropy nejsou vy\u017eadov\u00e1na \u017e\u00e1dn\u00e1 speci\u00e1ln\u00ed o\u010dkov\u00e1n\u00ed ani v\u00edza. Bezpe\u010dnostn\u00ed syst\u00e9m leti\u0161t\u011b vy\u017eaduje pro vnitrost\u00e1tn\u00ed lety pr\u016fkaz toto\u017enosti s fotografi\u00ed a plat\u00ed standardn\u00ed pravidla americk\u00e9ho TSA (limity tekutin atd.).<\/p>\n<p>Celkov\u011b vzato nab\u00edz\u00ed Indianapolis n\u00e1v\u0161t\u011bvn\u00edkovi, kter\u00fd p\u0159ij\u00ed\u017ed\u00ed poprv\u00e9, snadn\u00fd \u00favod do \u017eivota ve st\u0159edoz\u00e1padn\u00edch americk\u00fdch m\u011bstech: anglicky mluv\u00edc\u00ed m\u00edstn\u00ed obyvatel\u00e9, dobr\u00e9 silnice, p\u0159edv\u00eddateln\u00e9 po\u010das\u00ed a ve\u0161ker\u00e9 hlavn\u00ed modern\u00ed vymo\u017eenosti. N\u00e1v\u0161t\u011bvn\u00edci si mohou bezpe\u010dn\u011b u\u017e\u00edvat rozmanit\u00e9 m\u011bsto \u2013 od muze\u00ed sv\u011btov\u00e9 \u00farovn\u011b a\u017e po sousedsk\u00e9 festivaly \u2013 s jistotou, \u017ee v\u0161ude jsou slu\u017eby pro spot\u0159ebitele v americk\u00e9m stylu (kreditn\u00ed karty, bankomaty, l\u00e9k\u00e1rny). B\u011bhem jedin\u00e9 cesty si m\u016f\u017eete u\u017e\u00edt kulturu, architekturu a pohostinnost obyvatel Hoosieru v dob\u0159e organizovan\u00e9m m\u011bstsk\u00e9m prost\u0159ed\u00ed.<a href=\"https:\/\/travelshelper.com\/cs\/destinace\/severni-amerika\/spojene-staty-americke\/berkeley-springs\/\" target=\"_self\" aria-labelledby=\"uael-post-8997\"><br \/>\n<\/a><\/p>","protected":false},"excerpt":{"rendered":"<p>Indianapolis, b\u011b\u017en\u011b ozna\u010dovan\u00fd jako Indy, slou\u017e\u00ed jako hlavn\u00ed a nejlidnat\u011bj\u0161\u00ed m\u011bsto americk\u00e9ho st\u00e1tu Indiana a tak\u00e9 jako s\u00eddlo okresu Marion County. Indianapolis, kter\u00fd se nach\u00e1z\u00ed v centr\u00e1ln\u00ed, hlubok\u00e9 rovinat\u00e9 oblasti st\u00e1tu pod\u00e9l z\u00e1padn\u00edho ramene \u0159eky White River, p\u0159ijal ofici\u00e1ln\u00ed p\u0159ezd\u00edvku \u201eK\u0159i\u017eovatka Ameriky\u201c. Toto heslo vystihuje jak jeho historick\u00fd v\u00fdznam jako dopravn\u00edho uzlu, tak jeho relativn\u00ed bl\u00edzkost k dal\u0161\u00edm v\u00fdznamn\u00fdm severoamerick\u00fdm trh\u016fm.<\/p>","protected":false},"author":1,"featured_media":3199,"parent":8072,"menu_order":0,"comment_status":"closed","ping_status":"closed","template":"elementor_theme","meta":{"_eb_attr":"","footnotes":""},"class_list":["post-8116","page","type-page","status-publish","has-post-thumbnail"],"_links":{"self":[{"href":"https:\/\/travelshelper.com\/cs\/wp-json\/wp\/v2\/pages\/8116","targetHints":{"allow":["GET"]}}],"collection":[{"href":"https:\/\/travelshelper.com\/cs\/wp-json\/wp\/v2\/pages"}],"about":[{"href":"https:\/\/travelshelper.com\/cs\/wp-json\/wp\/v2\/types\/page"}],"author":[{"embeddable":true,"href":"https:\/\/travelshelper.com\/cs\/wp-json\/wp\/v2\/users\/1"}],"replies":[{"embeddable":true,"href":"https:\/\/travelshelper.com\/cs\/wp-json\/wp\/v2\/comments?post=8116"}],"version-history":[{"count":0,"href":"https:\/\/travelshelper.com\/cs\/wp-json\/wp\/v2\/pages\/8116\/revisions"}],"up":[{"embeddable":true,"href":"https:\/\/travelshelper.com\/cs\/wp-json\/wp\/v2\/pages\/8072"}],"wp:featuredmedia":[{"embeddable":true,"href":"https:\/\/travelshelper.com\/cs\/wp-json\/wp\/v2\/media\/3199"}],"wp:attachment":[{"href":"https:\/\/travelshelper.com\/cs\/wp-json\/wp\/v2\/media?parent=8116"}],"curies":[{"name":"wp","href":"https:\/\/api.w.org\/{rel}","templated":true}]}}