{"id":7755,"date":"2024-08-28T18:34:22","date_gmt":"2024-08-28T18:34:22","guid":{"rendered":"https:\/\/travelshelper.com\/staging\/?page_id=7755"},"modified":"2026-03-13T16:45:40","modified_gmt":"2026-03-13T16:45:40","slug":"haiti","status":"publish","type":"page","link":"https:\/\/travelshelper.com\/cs\/destinations\/north-america\/haiti\/","title":{"rendered":"Haiti"},"content":{"rendered":"<p>Haiti se prezentuje jako zem\u011b kontrast\u016f: n\u00e1rod s 11,4 miliony obyvatel (odhad z roku 2025) rozkl\u00e1daj\u00edc\u00ed se na 27 750 km\u00b2 hornat\u00e9ho ter\u00e9nu a pob\u0159e\u017en\u00edch pl\u00e1n\u00ed; zab\u00edr\u00e1 z\u00e1padn\u00ed t\u0159i osminy Hispanioly, le\u017e\u00edc\u00ed v\u00fdchodn\u011b od Kuby a Jamajky a ji\u017en\u011b od Baham. Port-au-Prince, jeho hlavn\u00ed a nejv\u011bt\u0161\u00ed m\u011bsto, je s\u00eddlem n\u00e1roda, jeho\u017e zhruba podkovovit\u00fd tvar mu prop\u016fj\u010duje ne\u00fam\u011brn\u011b dlouh\u00e9 pob\u0159e\u017e\u00ed o d\u00e9lce 1 771 km. V r\u00e1mci t\u00e9to kompaktn\u00ed rozlohy se Haiti jev\u00ed jako nejlidnat\u011bj\u0161\u00ed a nejdrsn\u011bj\u0161\u00ed zem\u011b Karibiku, jej\u00ed\u017e identitu formuje jak reli\u00e9f, tak historie. N\u00e1sleduj\u00edc\u00ed popis, \u010derpaj\u00edc\u00ed v\u00fdhradn\u011b z ofici\u00e1ln\u00edch z\u00e1znam\u016f, se sna\u017e\u00ed o integrovan\u00e9 pochopen\u00ed jeho reli\u00e9fu, klimatu, lidsk\u00e9 struktury a p\u0159etrv\u00e1vaj\u00edc\u00edch v\u00fdzev \u2013 pozorovan\u00fdch optikou cestovatele, kter\u00fd d\u016fv\u011brn\u011b zn\u00e1 ka\u017edou jeho konturu.<\/p>\n<p>Vnitrozem\u00ed Haiti, prudce se zvedaj\u00edc\u00ed z \u00fazk\u00fdch pob\u0159e\u017en\u00edch pl\u00e1n\u00ed, je mozaikou horsk\u00fdch p\u00e1sem a \u0159\u00ed\u010dn\u00edch \u00fadol\u00ed. Severoz\u00e1padn\u011b od \u0159eky Guayamouc se t\u00e1hne Massif du Nord, prodlou\u017een\u00ed Cordillera Central v Dominik\u00e1nsk\u00e9 republice, a kon\u010d\u00ed na \u0161pi\u010dce poloostrova. Pod n\u00edm le\u017e\u00ed Plaine du Nord, n\u00ed\u017einn\u00fd koridor obep\u00ednaj\u00edc\u00ed severn\u00ed hranici a Atlantik, kde se v ochran\u011b hor soust\u0159e\u010fuje os\u00eddlen\u00ed a obd\u011bl\u00e1v\u00e1n\u00ed p\u016fdy. Zde souhra nadmo\u0159sk\u00e9 v\u00fd\u0161ky a expozice ur\u010duje m\u00edstn\u00ed mikroklima: vlhkost se udr\u017euje na n\u00e1v\u011btrn\u00fdch svaz\u00edch, zat\u00edmco z\u00e1v\u011btrn\u00e1 \u00fadol\u00ed se rozpaluj\u00ed pod tropick\u00fdm sluncem.<\/p>\n<p>Centr\u00e1ln\u00ed Haiti se rozkl\u00e1d\u00e1 v \u0159ad\u011b n\u00e1horn\u00edch plo\u0161in a \u00fadol\u00ed. St\u0159edn\u00ed plo\u0161ina lemuje ob\u011b strany \u0159eky Guayamouc a sva\u017euje se od jihov\u00fdchodu k severoz\u00e1padu. Na jihoz\u00e1pad\u011b se ty\u010d\u00ed poho\u0159\u00ed Montagnes Noires, jeho\u017e podh\u016f\u0159\u00ed se sl\u00e9v\u00e1 se severn\u00edm masivem. Mezi t\u011bmito poho\u0159\u00edmi si n\u00e1rokuje p\u0159evahu Plaine de l&#039;Artibonite: je dostate\u010dn\u011b rozlehl\u00e1 na to, aby u\u017eivila hlavn\u00ed zem\u011bd\u011blskou produkci zem\u011b, a host\u00ed Riviere l&#039;Artibonite, nejdel\u0161\u00ed \u0159eku Haiti, kter\u00e1 te\u010de z Dominik\u00e1nsk\u00e9 republiky do z\u00e1livu Golfe de la Gon\u00e2ve. V polovin\u011b jej\u00edho toku se Lac de P\u00e9ligre \u2013 druh\u00e9 nejv\u011bt\u0161\u00ed jezero Haiti \u2013 objevilo a\u017e po v\u00fdstavb\u011b p\u0159ehrady v polovin\u011b dvac\u00e1t\u00e9ho stolet\u00ed, kter\u00e1 zm\u011bnila tvar \u00fadol\u00ed.<\/p>\n<p>Na jihu se rozkl\u00e1d\u00e1 oblast Xaragua, kter\u00e1 zahrnuje jak Plaine du Cul-de-Sac, tak i poloostrov Tiburon. Cul-de-Sac se nach\u00e1z\u00ed jako p\u0159irozen\u00e1 prohlube\u0148, jej\u00ed\u017e slan\u00e9 rybn\u00edky \u2013 Trou Ca\u00efman a v\u011bt\u0161\u00ed \u00c9tang Saumatre \u2013 odr\u00e1\u017eej\u00ed oblohu a slunce v zrcadlov\u00e9m klidu. Za nimi se od masivu Massif de la Selle na v\u00fdchod\u011b k masivu Massif de la Hotte na z\u00e1pad\u011b t\u00e1hne Cha\u00eene de la Selle a p\u0159eklenuje ji\u017en\u00ed p\u00e1te\u0159 ostrova. Ka\u017ed\u00fd h\u0159eben a \u00fadol\u00ed zde sv\u011bd\u010d\u00ed o tektonick\u00fdch ot\u0159esech, kter\u00e9 po tis\u00edcilet\u00ed formovaly profil Haiti.<\/p>\n<p>Pevninu Haiti lemuj\u00ed roztrou\u0161en\u00e9 ostrovy, kter\u00e9 si nesou svou vlastn\u00ed historii. Tortuga u severn\u00edho pob\u0159e\u017e\u00ed evokuje obrazy pir\u00e1t\u016f ze sedmn\u00e1ct\u00e9ho stolet\u00ed. Gon\u00e2ve, nejv\u011bt\u0161\u00ed z nich, se nach\u00e1z\u00ed v Gon\u00e2vsk\u00e9m z\u00e1livu a jeho venkovsk\u00e9 vesnice jsou s hlavn\u00edm m\u011bstem spojeny nebezpe\u010dn\u00fdmi n\u00e1mo\u0159n\u00edmi cestami. \u00cele \u00e0 Vache le\u017e\u00ed jihoz\u00e1padn\u011b od ostrova, zat\u00edmco Kajemit\u00e9 st\u0159e\u017e\u00ed severn\u00ed p\u0159\u00edstup k Pestelu. Dokonce i ostrov Navassa, \u010dty\u0159icet n\u00e1mo\u0159n\u00edch mil z\u00e1padn\u011b od J\u00e9r\u00e9mie, figuruje v \u00fazemn\u00edm rozp\u011bt\u00ed Haiti, a\u010dkoli je spravov\u00e1n Spojen\u00fdmi st\u00e1ty uprost\u0159ed trval\u00e9ho sporu.<\/p>\n<p>Haitsk\u00e9 klima se dr\u017e\u00ed tropick\u00fdch norem, kter\u00e9 jsou ovlivn\u011bny reli\u00e9fem. V Port-au-Prince se lednov\u00e9 teploty pohybuj\u00ed od 23 \u00b0C do 31 \u00b0C; v \u010dervenci dosahuj\u00ed minima 25 \u00b0C, maxima se bl\u00ed\u017e\u00ed 35 \u00b0C. Pr\u016fm\u011brn\u00fd ro\u010dn\u00ed \u00fahrn sr\u00e1\u017eek je 1 370 mm, koncentrovan\u00fdch ve dvou obdob\u00edch de\u0161\u0165\u016f \u2013 od dubna do \u010dervna a od \u0159\u00edjna do listopadu \u2013 zat\u00edmco obdob\u00ed sucha trv\u00e1 od listopadu do ledna. Tyto rytmy \u0159\u00edd\u00ed cykly obd\u011bl\u00e1v\u00e1n\u00ed p\u016fdy, z\u00e1sobov\u00e1n\u00ed vodou a lidsk\u00e9 \u010dinnosti.<\/p>\n<p>V\u00fdrazn\u00e9 jsou rozd\u00edly v sr\u00e1\u017ek\u00e1ch. N\u00ed\u017einy a severn\u00ed a v\u00fdchodn\u00ed horsk\u00e9 svahy za\u017e\u00edvaj\u00ed vydatn\u011bj\u0161\u00ed sr\u00e1\u017eky, co\u017e podporuje vznik ohnisek zelen\u011b. V jin\u00fdch oblastech se v\u0161ak nedostatek de\u0161\u0165\u016f stal opakuj\u00edc\u00ed se kriz\u00ed, proto\u017ee odles\u0148ov\u00e1n\u00ed urychluje odtok a naru\u0161uje zadr\u017eov\u00e1n\u00ed vody. Periodick\u00e1 sucha a z\u00e1plavy se tak st\u0159\u00eddaj\u00ed s hrozbou hurik\u00e1n\u016f, p\u0159i\u010dem\u017e dopad ka\u017ed\u00e9ho extr\u00e9mu je umocn\u011bn obna\u017een\u00fdmi svahy, kter\u00e9 nedok\u00e1\u017eou v\u00e1zat p\u016fdu a zpomalovat byst\u0159iny.<\/p>\n<p>Seismick\u00e9 ot\u0159esy podtrhuj\u00ed zranitelnost Haiti. Haiti se nach\u00e1z\u00ed pobl\u00ed\u017e hranice Severoamerick\u00e9 a Karibsk\u00e9 tektonick\u00e9 desky, tak\u017ee zem\u011bt\u0159esen\u00ed a bou\u0159kov\u00e9 vlny jsou zde zaznamen\u00e1v\u00e1ny jen s omezen\u00fdm varov\u00e1n\u00edm. Katastrofa v roce 2010 a doprovodn\u00e1 epidemie cholery uk\u00e1zaly k\u0159ehkost infrastruktury a ve\u0159ejn\u00e9ho zdrav\u00ed tv\u00e1\u0159\u00ed v tv\u00e1\u0159 p\u0159\u00edrodn\u00edm sil\u00e1m \u2013 p\u0159ipom\u00ednky toho, \u017ee geologick\u00fd kontext utv\u00e1\u0159\u00ed v\u00edce ne\u017e jen topografii.<\/p>\n<p>Demograficky m\u00e1 Haiti pr\u016fm\u011brnou populaci asi 350 osob na kilometr \u010dtvere\u010dn\u00ed, p\u0159i\u010dem\u017e nejvy\u0161\u0161\u00ed hustota obyvatelstva je v m\u011bstsk\u00fdch centrech, na pob\u0159e\u017en\u00edch pl\u00e1n\u00edch a v p\u0159\u00edstupn\u00fdch \u00fadol\u00edch. V roce 2018 se jeho populace odhadovala na p\u0159ibli\u017en\u011b 10,8 milionu; do poloviny roku 2025 ji ofici\u00e1ln\u00ed \u00fadaje uv\u00e1d\u011bj\u00ed na 11,4 milionu, p\u0159i\u010dem\u017e t\u00e9m\u011b\u0159 polovina z nich byla podle d\u0159\u00edv\u011bj\u0161\u00edch s\u010d\u00edt\u00e1n\u00ed lidu mlad\u0161\u00ed dvaceti let. Rychl\u00fd r\u016fst zat\u011b\u017euje zdroje v zemi, kde infrastruktura, vzd\u011bl\u00e1v\u00e1n\u00ed a zdravotnictv\u00ed jen s obt\u00ed\u017eemi dr\u017e\u00ed krok s v\u00fdvojem.<\/p>\n<p>Z ekonomick\u00e9ho hlediska z\u016fst\u00e1v\u00e1 Haiti jednou z nejchud\u0161\u00edch zem\u00ed v Americe. HDP na obyvatele se bl\u00ed\u017e\u00ed 1 800 USD, zat\u00edmco celkov\u00e1 produkce se bl\u00ed\u017e\u00ed 19,97 miliard\u00e1m USD (\u00fadaje z roku 2017). Jako platidlo ob\u00edh\u00e1 haitsk\u00fd gourde. Navzdory za\u010d\u00ednaj\u00edc\u00edmu rozvoji turistick\u00e9ho ruchu br\u00e1n\u00ed diverzifikaci p\u0159etrv\u00e1vaj\u00edc\u00ed korupce, politick\u00e1 nestabilita a nedostate\u010dn\u00e9 slu\u017eby. Vysok\u00e1 nezam\u011bstnanost a opakuj\u00edc\u00ed se emigrace podtrhuj\u00ed omezen\u00e9 dom\u00e1c\u00ed p\u0159\u00edle\u017eitosti.<\/p>\n<p>Zem\u011bt\u0159esen\u00ed v roce 2010 vyvolalo prudk\u00fd pokles obchodu; HDP m\u011b\u0159en\u00fd paritou kupn\u00ed s\u00edly klesl o 8 procent, z 12,15 miliardy USD na 11,18 miliardy USD. V tomto roce se Haiti um\u00edstilo na 145. m\u00edst\u011b ze 182 v indexu lidsk\u00e9ho rozvoje OSN, p\u0159i\u010dem\u017e v\u00edce ne\u017e 57 procent populace bylo deprivov\u00e1no v nejm\u00e9n\u011b t\u0159ech z\u00e1kladn\u00edch ukazatel\u00edch chudoby. Tato \u010d\u00edsla dokumentuj\u00ed zemi, kde r\u016fst a blahobyt zaost\u00e1vaj\u00ed za potenci\u00e1lem a jsou omezeny jak struktur\u00e1ln\u00edmi, tak cyklick\u00fdmi probl\u00e9my.<\/p>\n<p>Vl\u00e1da p\u0159esto ozna\u010dila cestovn\u00ed ruch za strategick\u00e9 odv\u011btv\u00ed. Pl\u00e1\u017ee s b\u00edl\u00fdm p\u00edskem, dramatick\u00e9 hory a jednotn\u00e9 tepl\u00e9 klima nab\u00edzej\u00ed atrakce, kter\u00e9 konkuruj\u00ed sousedn\u00edm destinac\u00edm. V roce 2014 Haiti p\u0159iv\u00edtalo 1,25 milionu n\u00e1v\u0161t\u011bvn\u00edk\u016f \u2013 v\u011bt\u0161ina z nich p\u0159ijela na v\u00fdletn\u00edch lod\u00edch \u2013 a vygenerovalo zhruba 200 milion\u016f americk\u00fdch dolar\u016f z p\u0159\u00edjm\u016f z cestovn\u00edho ruchu. Propaga\u010dn\u00ed \u00fasil\u00ed st\u00e1tu klade d\u016fraz na p\u0159\u00edrodn\u00ed a kulturn\u00ed d\u011bdictv\u00ed, a\u010dkoli glob\u00e1ln\u00ed vn\u00edm\u00e1n\u00ed nejistoty a nedostate\u010dn\u00e9ho rozvoje p\u0159\u00edliv turist\u016f zm\u00edr\u0148uje.<\/p>\n<p>N\u00e1sledovaly investice do infrastruktury pohostinstv\u00ed. Ve stejn\u00e9m roce byl v P\u00e9tion-Ville otev\u0159en hotel Best Western Premier spolu s p\u011btihv\u011bzdi\u010dkov\u00fdm hotelem Royal Oasis by Occidental a \u010dty\u0159hv\u011bzdi\u010dkov\u00fd hotel Marriott zah\u00e1jil provoz v Turgeau a Port-au-Prince. Dal\u0161\u00ed developersk\u00e9 projekty se objevily v Port-au-Prince, Les Cayes, Cap-Ha\u00eftien a Jacmelu. Expanze tohoto sektoru v\u0161ak z\u016fst\u00e1v\u00e1 v porovn\u00e1n\u00ed s potenci\u00e1lem krajiny pro krajinu m\u00edrn\u00e1 a zaost\u00e1v\u00e1 za region\u00e1ln\u00edmi konkurenty.<\/p>\n<p>Pozemn\u00ed doprava se spol\u00e9h\u00e1 na dv\u011b hlavn\u00ed d\u00e1lnice. Silnice \u010d. 1 odj\u00ed\u017ed\u00ed z Port-au-Prince, proch\u00e1z\u00ed Montrouis a Gona\u00efves a kon\u010d\u00ed v Cap-Ha\u00eftien na severu. Silnice \u010d. 2 spojuje hlavn\u00ed m\u011bsto s Les Cayes p\u0159es L\u00e9og\u00e2ne a Petit-Go\u00e2ve na jihu. Stav silnic je v\u0161ak obecn\u011b \u0161patn\u00fd, v\u00fdmoly a eroze \u010din\u00ed mnoho \u00fasek\u016f b\u011bhem siln\u00fdch de\u0161\u0165\u016f nepr\u016fjezdn\u00fdmi.<\/p>\n<p>N\u00e1mo\u0159n\u00ed za\u0159\u00edzen\u00ed se soust\u0159e\u010fuj\u00ed v mezin\u00e1rodn\u00edm p\u0159\u00edstavu Port-au-Prince, kter\u00fd \u2013 navzdory je\u0159\u00e1b\u016fm, velk\u00fdm kotvi\u0161t\u011bm a rozs\u00e1hl\u00fdm sklad\u016fm \u2013 z\u016fst\u00e1v\u00e1 nedostate\u010dn\u011b vyu\u017e\u00edv\u00e1n, mo\u017en\u00e1 kv\u016fli vysok\u00fdm poplatk\u016fm. Saint-Marc se stal preferovan\u00fdm vstupn\u00edm bodem pro spot\u0159ebn\u00ed zbo\u017e\u00ed, co\u017e odr\u00e1\u017e\u00ed logistick\u00e1 omezen\u00ed hlavn\u00edho m\u011bsta. D\u0159\u00edv\u011bj\u0161\u00ed \u017eelezni\u010dn\u00ed s\u00edt\u011b ch\u00e1traly a n\u00e1klady na jejich obnovu byly pova\u017eov\u00e1ny za ne\u00fanosn\u00e9. N\u00e1vrhy na \u017eeleznici \u201etrans-Hispaniola\u201c spojuj\u00edc\u00ed Haiti a Dominik\u00e1nskou republiku se objevily v roce 2018, ale \u010dekaj\u00ed na konkr\u00e9tn\u00ed pl\u00e1nov\u00e1n\u00ed.<\/p>\n<p>Leteck\u00e1 doprava se soust\u0159ed\u00ed na mezin\u00e1rodn\u00ed leti\u0161t\u011b Toussaint L&#039;Ouverture, kter\u00e9 se nach\u00e1z\u00ed deset kilometr\u016f severo-severov\u00fdchodn\u011b od Port-au-Prince v Tabarre. Toto leti\u0161t\u011b odbavuje v\u011bt\u0161inu provozu na trysk\u00e1\u010di, spolu s mezin\u00e1rodn\u00edm leti\u0161t\u011bm Cap-Ha\u00eftien, kter\u00e9 obsluhuje p\u0159\u00edlety ze severu. Men\u0161\u00ed leti\u0161t\u011b v Jacmelu, J\u00e9r\u00e9mie, Les Cayes a Port-de-Paix slou\u017e\u00ed region\u00e1ln\u00edm leteck\u00fdm spole\u010dnostem a soukrom\u00fdm letadl\u016fm. V kv\u011btnu 2024, po t\u0159ech m\u011bs\u00edc\u00edch uzav\u0159en\u00ed kv\u016fli n\u00e1sil\u00ed, se Toussaint L&#039;Ouverture znovu otev\u0159elo, aby zm\u00edrnilo nedostatek l\u00e9k\u016f a z\u00e1kladn\u00edch z\u00e1sob.<\/p>\n<p>Dopl\u0148kem form\u00e1ln\u00ed ve\u0159ejn\u00e9 dopravy jsou autobusy s ozna\u010den\u00edm \u201etap tap\u201c, kter\u00e9 proch\u00e1zej\u00ed m\u011bstsk\u00fdmi i venkovsk\u00fdmi trasami. Tyto pestrobarevn\u00e9 autobusy nebo pick-upy \u2013 pojmenovan\u00e9 podle klep\u00e1n\u00ed, kter\u00fdm cestuj\u00edc\u00ed signalizuj\u00ed zastaven\u00ed na kovov\u00e9 karoserii \u2013 funguj\u00ed jako sd\u00edlen\u00e1 taxi. Jsou v soukrom\u00e9m vlastnictv\u00ed a bohat\u011b zdoben\u00e9, jezd\u00ed po pevn\u00fdch link\u00e1ch a odj\u00ed\u017ed\u011bj\u00ed pouze tehdy, kdy\u017e jsou pln\u00e9, co\u017e cestuj\u00edc\u00edm nab\u00edz\u00ed pohodl\u00ed vystupov\u00e1n\u00ed kdykoli po cest\u011b.<\/p>\n<p>Pod t\u011bmito fyzick\u00fdmi syst\u00e9my se skr\u00fdv\u00e1 ekologick\u00e1 krize. Haiti z\u016fst\u00e1v\u00e1 nejv\u00edce odlesn\u011bn\u00fdm n\u00e1rodem Karibiku. Po\u017eadavky koloni\u00e1ln\u00ed \u00e9ry na monokulturu tr\u017en\u00edch plodin tento proces zah\u00e1jily; refundace Francii z devaten\u00e1ct\u00e9ho stolet\u00ed jej zhor\u0161ily a vedly k rozs\u00e1hl\u00e9mu k\u00e1cen\u00ed d\u0159eva. Dnes je produkce d\u0159ev\u011bn\u00e9ho uhl\u00ed pro va\u0159en\u00ed hlavn\u00edm d\u016fvodem \u00fabytku les\u016f. V\u00fdsledkem jsou obna\u017een\u00e9 horsk\u00e9 svahy, kter\u00e9 zesiluj\u00ed odtok bou\u0159kov\u00e9 vody a zvy\u0161uj\u00ed riziko povodn\u00ed, sesuv\u016f p\u016fdy a bahenn\u00edch proud\u016f.<\/p>\n<p>Haitsk\u00e1 krajina tak zt\u011bles\u0148uje odolnost i k\u0159ehkost. Jej\u00ed vrcholy a pl\u00e1n\u011b podporuj\u00ed zem\u011bd\u011blskou \u010dinnost a kulturn\u00ed \u017eivot, i kdy\u017e jsou vystaveny zranitelnosti v d\u016fsledku klimatu, geologie a lidsk\u00e9 \u010dinnosti. Projet touto zem\u00ed znamen\u00e1 b\u00fdt sv\u011bdkem souhry p\u016fdy a ob\u017eivy, historick\u00e9ho d\u011bdictv\u00ed a p\u0159\u00edrodn\u00edch imperativ\u016f. V t\u011bchto kontur\u00e1ch p\u0159etrv\u00e1v\u00e1 haitsk\u00fd p\u0159\u00edb\u011bh \u2013 vepsan\u00fd do kamene, p\u016fdy a mo\u0159e.<\/p>","protected":false},"excerpt":{"rendered":"<p>Republika Haiti zab\u00edr\u00e1 z\u00e1padn\u00ed t\u0159i osminy ostrova Hispaniola, kter\u00fd sd\u00edl\u00ed s Dominik\u00e1nskou republikou. Haiti le\u017e\u00ed v\u00fdchodn\u011b od Kuby a Jamajky a ji\u017en\u011b od Bahamsk\u00fdch ostrov\u016f a d\u00edky sv\u00e9 strategick\u00e9 poloze v\u00fdznamn\u011b ovlivnila jeho slo\u017eitou a zaj\u00edmavou historii.<\/p>","protected":false},"author":1,"featured_media":3558,"parent":24084,"menu_order":0,"comment_status":"closed","ping_status":"closed","template":"elementor_theme","meta":{"_eb_attr":"","footnotes":""},"class_list":["post-7755","page","type-page","status-publish","has-post-thumbnail"],"_links":{"self":[{"href":"https:\/\/travelshelper.com\/cs\/wp-json\/wp\/v2\/pages\/7755","targetHints":{"allow":["GET"]}}],"collection":[{"href":"https:\/\/travelshelper.com\/cs\/wp-json\/wp\/v2\/pages"}],"about":[{"href":"https:\/\/travelshelper.com\/cs\/wp-json\/wp\/v2\/types\/page"}],"author":[{"embeddable":true,"href":"https:\/\/travelshelper.com\/cs\/wp-json\/wp\/v2\/users\/1"}],"replies":[{"embeddable":true,"href":"https:\/\/travelshelper.com\/cs\/wp-json\/wp\/v2\/comments?post=7755"}],"version-history":[{"count":0,"href":"https:\/\/travelshelper.com\/cs\/wp-json\/wp\/v2\/pages\/7755\/revisions"}],"up":[{"embeddable":true,"href":"https:\/\/travelshelper.com\/cs\/wp-json\/wp\/v2\/pages\/24084"}],"wp:featuredmedia":[{"embeddable":true,"href":"https:\/\/travelshelper.com\/cs\/wp-json\/wp\/v2\/media\/3558"}],"wp:attachment":[{"href":"https:\/\/travelshelper.com\/cs\/wp-json\/wp\/v2\/media?parent=7755"}],"curies":[{"name":"wp","href":"https:\/\/api.w.org\/{rel}","templated":true}]}}