{"id":7331,"date":"2024-08-25T12:58:27","date_gmt":"2024-08-25T12:58:27","guid":{"rendered":"https:\/\/travelshelper.com\/staging\/?page_id=7331"},"modified":"2026-03-14T00:05:32","modified_gmt":"2026-03-14T00:05:32","slug":"guyana","status":"publish","type":"page","link":"https:\/\/travelshelper.com\/cs\/destinations\/south-america\/guyana\/","title":{"rendered":"Guyana"},"content":{"rendered":"<p>Guyana se t\u00e1hne pod\u00e9l severn\u00edho okraje Ji\u017en\u00ed Ameriky, jej\u00ed\u017e \u0161t\u00edhl\u00e9 pob\u0159e\u017e\u00ed se dot\u00fdk\u00e1 vln Atlantsk\u00e9ho oce\u00e1nu. S rozlohou 214 969 kilometr\u016f \u010dtvere\u010dn\u00edch se tento st\u00e1t \u0159ad\u00ed k t\u0159et\u00edm nejmen\u0161\u00edm na kontinentu, p\u0159esto mu jeho rozlehl\u00e9 plochy divo\u010diny d\u00e1vaj\u00ed jednu z nejni\u017e\u0161\u00edch hustot obyvatelstva na sv\u011bt\u011b. Hlavn\u00ed m\u011bsto Georgetown se ty\u010d\u00ed na v\u00fdchodn\u00edm b\u0159ehu \u0159eky Demerara \u2013 jeho pastelov\u00e9 fas\u00e1dy a koloni\u00e1ln\u00ed architektura odr\u00e1\u017eej\u00ed stalet\u00ed zm\u011bn, zat\u00edmco hukot obchodu a vl\u00e1dy pulzuje jeho ulicemi.<\/p>\n<p>Na z\u00e1pad\u011b prot\u00e9k\u00e1 \u0159eka Essequibo \u0161irok\u00fdmi koryty n\u00ed\u017einami, ne\u017e se vl\u00e9v\u00e1 do Atlantiku. Na jihu a jihoz\u00e1pad\u011b se k hranici Guyany p\u0159ibli\u017euj\u00ed rozlehl\u00e9 brazilsk\u00e9 lesy. Na v\u00fdchodn\u00edm svahu le\u017e\u00ed Surinam, zat\u00edmco Venezuela stoj\u00ed na str\u00e1\u017ei za ostnat\u00fdmi k\u0159ivkami \u0159eky Cuyuni. Tyto hranice umis\u0165uj\u00ed Guyanu do oblasti, kter\u00e1 se kdysi naz\u00fdvala Britsk\u00e1 Z\u00e1padn\u00ed Indie, \u017eiv\u00fd most mezi karibsk\u00fdm sv\u011btem a kontinent\u00e1ln\u00ed rozlohou.<\/p>\n<p>Nen\u00ed to v\u0161ak jen pob\u0159e\u017e\u00ed nebo hlavn\u00ed m\u011bsto, co toto m\u00edsto definuje. Ve vnitrozem\u00ed se ter\u00e9n zved\u00e1 do m\u00edrn\u00fdch kopc\u016f, pot\u00e9 do plo\u0161in prekambrijsk\u00fdch \u0161t\u00edtov\u00fdch hornin, \u201ezem\u011b mnoha vod\u201c. K\u0159i\u0161\u0165\u00e1lov\u011b \u010dist\u00e9 potoky vyty\u010duj\u00ed zlomov\u00e9 linie a vytv\u00e1\u0159ej\u00ed kask\u00e1dy, kde de\u0161\u0165ov\u00e1 voda po tis\u00edcilet\u00ed vydl\u00e1\u017edila cesty. Pob\u0159e\u017en\u00ed p\u00e1s, u\u017e\u0161\u00ed ne\u017e prst, nese r\u00fd\u017eov\u00e1 pole a cukrovarnick\u00e9 plant\u00e1\u017ee lemuj\u00edc\u00ed mangrovov\u00e9 ba\u017einy, zat\u00edmco za nimi se rozkl\u00e1d\u00e1 impozantn\u00ed zele\u0148 Amazonky \u2013 nejv\u011bt\u0161\u00edho tropick\u00e9ho de\u0161tn\u00e9ho pralesa na Zemi, kter\u00fd se rozprost\u00edr\u00e1 p\u0159es dv\u011b t\u0159etiny povrchu Guyany.<\/p>\n<p>Tato lesn\u00ed kol\u00e9bka pat\u0159\u00ed jak sv\u00fdm lidsk\u00fdm obyvatel\u016fm, tak i jagu\u00e1r\u016fm a \u010dern\u00fdm kajman\u016fm. Dev\u011bt domorod\u00fdch n\u00e1rod\u016f \u2013 Wai Wai, Macushi, Patamona, Lokono, Kalina, Wapishana, Pemon, Akawaio a Warao \u2013 \u017eije v t\u011bchto ekosyst\u00e9mech a v jejich r\u00e1mci. Dlouho p\u0159edt\u00edm, ne\u017e Evropan\u00e9 vpluli do \u00fast\u00ed guyansk\u00e9 \u0159eky, byli Lokono a Kalina hlavn\u00edmi spr\u00e1vci p\u016fdy. Jejich vesnice se shlukuj\u00ed pod\u00e9l b\u0159eh\u016f \u0159ek a m\u00fdtin, kde rybolov a p\u011bstov\u00e1n\u00ed manioku z\u016fst\u00e1vaj\u00ed nezbytn\u00e9 pro ka\u017edodenn\u00ed \u017eivot.<\/p>\n<p>\u00dastn\u00ed tradice hovo\u0159\u00ed o k\u00e1no\u00edch klouzaj\u00edc\u00edch po m\u011bs\u00ed\u010dn\u011b zalit\u00fdch kan\u00e1lech, o ryb\u00e1\u0159sk\u00fdch s\u00edt\u00edch vrhan\u00fdch s trp\u011blivost\u00ed a dovednost\u00ed. Jejich jazyky, kter\u00fdmi st\u00e1le mluv\u00ed star\u0161\u00ed lid\u00e9, nesou n\u00e1zvy m\u00edst star\u0161\u00ed ne\u017e koloni\u00e1ln\u00ed mapy \u2013 zna\u010dky skaln\u00edch v\u00fdchoz\u016f, skryt\u00fdch t\u016fn\u00ed nebo lovi\u0161\u0165. A\u010dkoli mision\u00e1\u0159sk\u00e9 stanice a n\u00e1rodn\u00ed politika zm\u011bnily aspekty domorod\u00e9 kultury, dne\u0161n\u00ed komunity prosazuj\u00ed pr\u00e1va na pozemkov\u00e9 vlastnictv\u00ed a o\u017eivuj\u00ed \u0159emesla, ob\u0159ady a p\u0159\u00edb\u011bhy, kter\u00fdm hroz\u00ed z\u00e1nik.<\/p>\n<p>Na po\u010d\u00e1tku 17. stolet\u00ed si nizozem\u0161t\u00ed obchodn\u00edci zalo\u017eili sv\u00e9 z\u00e1kladny pod\u00e9l \u0159ek Pomeroon a Berbice. Mezi indi\u00e1nsk\u00fdmi osadami st\u00e1ly d\u0159ev\u011bn\u00e9 pevnosti a sklady, kter\u00e9 sm\u011b\u0148ovaly wampum a pe\u0159\u00ed za tkan\u00e9 l\u00e1tky a \u017eelezn\u00e9 n\u00e1stroje. Koncem 18. stolet\u00ed Britov\u00e9 nahradili Nizozemce a slou\u010dili t\u0159i kolonie \u2013 Demeraru, Essequibo a Berbice \u2013 do Britsk\u00e9 Guyany. Pod koloni\u00e1ln\u00ed spr\u00e1vou se r\u00fd\u017eov\u00e1 pole a cukrov\u00e9 plant\u00e1\u017ee roz\u0161i\u0159ovaly do vnitrozem\u00ed, poh\u00e1n\u011bn\u00e9 zotro\u010den\u00fdmi Afri\u010dany a po zru\u0161en\u00ed p\u0159\u00edslu\u0161n\u00edk\u016f arm\u00e1dy i n\u00e1jemn\u00edmi d\u011bln\u00edky z Indie, \u010c\u00edny a Portugalska.<\/p>\n<p>\u017divot na plant\u00e1\u017e\u00edch ost\u0159e kontrastoval se \u017eivotem v indi\u00e1nsk\u00fdch vesnic\u00edch. Z cihlov\u00fdch kom\u00edn\u016f stoupal kou\u0159, hlasy dozorc\u016f se nesly p\u0159es pole a klap\u00e1n\u00ed \u0159eza\u010dek cukrov\u00e9 t\u0159tiny se m\u00edsilo s \u0159in\u010den\u00edm stroj\u016f. Za t\u011bmito m\u0159\u00ed\u017ekami \u0159\u00e1dk\u016f se v\u0161ak rozkl\u00e1daly lesy bez silnic a pl\u00e1n\u011b, kde se nad hlavou ty\u010dil mahagon a stromy. Tato dualita \u2013 intenzivn\u00ed obd\u011bl\u00e1v\u00e1n\u00ed p\u016fdy hrani\u010d\u00edc\u00ed s prastarou divo\u010dinou \u2013 formovala ekonomiku a kulturu Guyany po stalet\u00ed.<\/p>\n<p>26. kv\u011btna 1966 byla svr\u017eena britsk\u00e1 vlajka a nad Georgetownem se vznesla modrozelenob\u00edl\u00e1 vlajka nez\u00e1visl\u00e9 Guyany. O \u010dty\u0159i roky pozd\u011bji, v roce 1970, se zem\u011b stala republikou v r\u00e1mci Commonwealthu, \u010d\u00edm\u017e potvrdila samospr\u00e1vu a zachovala si vazby na spole\u010dn\u00e9 instituce britsk\u00e9 monarchie. D\u011bdictv\u00ed britsk\u00e9 nadvl\u00e1dy je st\u00e1le viditeln\u00e9: angli\u010dtina je ofici\u00e1ln\u00edm jazykem, soudn\u00ed syst\u00e9m se \u0159\u00edd\u00ed tradicemi zvykov\u00e9ho pr\u00e1va a kriketov\u00e1 h\u0159i\u0161t\u011b jsou st\u00e1le rozm\u00edst\u011bna v m\u011bstsk\u00fdch parc\u00edch.<\/p>\n<p>P\u0159esto vedle angli\u010dtiny, kterou pou\u017e\u00edv\u00e1 Queen, plyne ka\u017edodenn\u00ed \u0159e\u010d guayanskou kreol\u0161tinou \u2013 melodick\u00fdm jazykem zalo\u017een\u00fdm na angli\u010dtin\u011b, oko\u0159en\u011bn\u00fdm z\u00e1padoafrick\u00fdmi, indick\u00fdmi, holandsk\u00fdmi a domorod\u00fdmi kadencemi. Prol\u00edn\u00e1 se konverzac\u00ed na tr\u017ei\u0161t\u00edch i v ob\u00fdvac\u00edch pokoj\u00edch a vytv\u00e1\u0159\u00ed spole\u010dnou strukturu mezi lidmi indick\u00e9ho, africk\u00e9ho, \u010d\u00ednsk\u00e9ho, portugalsk\u00e9ho, evropsk\u00e9ho a sm\u00ed\u0161en\u00e9ho p\u016fvodu.<\/p>\n<p>Guyana zauj\u00edm\u00e1 vz\u00e1cn\u00e9 postaven\u00ed: je jedin\u00fdm jihoamerick\u00fdm n\u00e1rodem, kde se ze z\u00e1kona mluv\u00ed anglicky, a p\u0159esto je kulturn\u011b vetk\u00e1na do anglofonn\u00edho Karibiku. S\u00eddl\u00ed zde s\u00eddlo CARICOMu, Karibsk\u00e9ho spole\u010denstv\u00ed, kde se sch\u00e1zej\u00ed mal\u00e9 ostrovn\u00ed st\u00e1ty a kontinent\u00e1ln\u00ed soused\u00e9, aby sladily hospod\u00e1\u0159sk\u00e9 a soci\u00e1ln\u00ed politiky. V roce 2008 Guyana spoluzalo\u017eila Unii jihoamerick\u00fdch n\u00e1rod\u016f, \u010d\u00edm\u017e signalizovala z\u00e1vazek ke kontinent\u00e1ln\u00ed spolupr\u00e1ci v oblastech, jako je infrastruktura a ochrana \u017eivotn\u00edho prost\u0159ed\u00ed.<\/p>\n<p>Festivaly a j\u00eddlo odr\u00e1\u017eej\u00ed tuto dualitu. B\u011bhem Mashramani \u2013 p\u0159ipom\u00ednaj\u00edc\u00edho status republiky \u2013 se pouli\u010dn\u00ed pr\u016fvody hem\u017e\u00ed kapelami hraj\u00edc\u00edmi na ocelov\u00fdch p\u00e1nv\u00edch a tane\u010dn\u00edky v z\u00e1\u0159iv\u00fdch kost\u00fdmech. Na ja\u0159e Phagwah (neboli Holi) pokrop\u00ed m\u011bsta barevn\u00fdm pr\u00e1\u0161kem a sladkostmi, zat\u00edmco ve\u010dery Deepavali z\u00e1\u0159\u00ed \u0159adami hlin\u011bn\u00fdch lamp, kter\u00e9 ozna\u010duj\u00ed v\u00edt\u011bzstv\u00ed sv\u011btla nad temnotou. Ka\u017ed\u00e1 oslava nese otisk indick\u00fdch p\u0159ist\u011bhovalc\u016f, jejich\u017e r\u00fd\u017eov\u00e9 pokrmy ko\u0159en\u011bn\u00e9 kari a roti sd\u00edlej\u00ed stoly s du\u0161en\u00fdmi masami v pep\u0159ov\u00e9m hrnci a maniokov\u00fdm chlebem, \u010d\u00edm\u017e propojuj\u00ed tradice p\u0159edk\u016f.<\/p>\n<p>Zem\u011bd\u011blstv\u00ed, t\u011b\u017eba a lesnictv\u00ed tvo\u0159ily po v\u011bt\u0161inu 20. stolet\u00ed p\u00e1te\u0159 guyansk\u00e9 ekonomiky. Bauxitov\u00e9 lomy a zlat\u00e9 doly p\u0159in\u00e1\u0161ely p\u0159\u00edjmy z exportu, zat\u00edmco rozs\u00e1hl\u00e9 teakov\u00e9 a zelen\u00e9 lesy z\u00e1sobovaly trhy se d\u0159evem v zahrani\u010d\u00ed. P\u0159esto v roce 2017 \u017eilo 41 procent ob\u010dan\u016f pod hranic\u00ed chudoby, co\u017e p\u0159ipom\u00edn\u00e1 v\u00fdrazn\u00e9 nerovnosti navzdory bohatstv\u00ed zdroj\u016f.<\/p>\n<p>V roce 2015 odhalily seismick\u00e9 pr\u016fzkumy zna\u010dn\u00e9 z\u00e1soby ropy na mo\u0159i. Do roku 2019 se v Atlantiku objevily plo\u0161iny a v roce 2020 HDP zem\u011b vzrostl zhruba o 49 procent, co\u017e p\u0159edstavuje jeden z nejrychlej\u0161\u00edch r\u016fst\u016f na sv\u011bt\u011b. Ned\u00e1vn\u00e9 odhady uv\u00e1d\u011bj\u00ed t\u011b\u017eiteln\u00e9 z\u00e1soby na p\u0159ibli\u017en\u011b 11 miliard barel\u016f \u2013 co\u017e sta\u010d\u00ed k tomu, aby se Guyana do roku 2025 za\u0159adila mezi nejv\u011bt\u0161\u00ed producenty ropy na obyvatele. Od 70. let 20. stolet\u00ed p\u0159edstavuje nejv\u00fdznamn\u011bj\u0161\u00ed p\u0159\u00edr\u016fstek do sv\u011btov\u00fdch z\u00e1sob ropy, co\u017e m\u011bn\u00ed o\u010dek\u00e1v\u00e1n\u00ed ohledn\u011b vl\u00e1dn\u00edch p\u0159\u00edjm\u016f, zahrani\u010dn\u00edch investic a region\u00e1ln\u00ed geopolitiky.<\/p>\n<p>Siln\u00fd p\u0159\u00edslib ropy p\u0159ich\u00e1z\u00ed uprost\u0159ed nal\u00e9hav\u00fdch v\u00fdzev. Zpr\u00e1va Sv\u011btov\u00e9 banky z roku 2023 zaznamenala zlep\u0161en\u00ed indexu lidsk\u00e9ho rozvoje v Guyan\u011b od roku 2015 \u2013 co\u017e je zn\u00e1mkou lep\u0161\u00edch ukazatel\u016f zdrav\u00ed, vzd\u011bl\u00e1n\u00ed a p\u0159\u00edjm\u016f \u2013 p\u0159esto v mnoha komunit\u00e1ch p\u0159etrv\u00e1v\u00e1 chudoba. Rozd\u00edly mezi prosperuj\u00edc\u00edmi m\u011bstsk\u00fdmi centry, jako je Georgetown, a odlehl\u00fdmi vnitrozem\u00edmi se zv\u011bt\u0161uj\u00ed, proto\u017ee silnice, nemocnice a \u0161koly se pot\u00fdkaj\u00ed s t\u00edm, jak s t\u00edm dr\u017eet krok.<\/p>\n<p>Obavy o \u017eivotn\u00ed prost\u0159ed\u00ed jsou velmi z\u00e1va\u017en\u00e9. Vrtn\u00e9 pr\u00e1ce na mo\u0159i riskuj\u00ed \u00faniky ropy, kter\u00e9 by mohly zni\u010dit pob\u0159e\u017en\u00ed rybolov a kor\u00e1lov\u00e9 \u00fatesy, zat\u00edmco rozvoj na pevnin\u011b m\u016f\u017ee zasahovat do biotop\u016f de\u0161tn\u00fdch prales\u016f, kter\u00e9 poskytuj\u00ed \u00fato\u010di\u0161t\u011b jagu\u00e1\u0159\u016fm, harpyj\u00edm orl\u016fm a stovk\u00e1m druh\u016f orchidej\u00ed. Vl\u00e1da a mezin\u00e1rodn\u00ed partne\u0159i si toho v\u0161\u00edmaj\u00ed a za\u010dali vytv\u00e1\u0159et politiky pro udr\u017eitelnou t\u011b\u017ebu, sd\u00edlen\u00ed p\u0159\u00edjm\u016f a chr\u00e1n\u011bn\u00e9 z\u00f3ny. Silnice do vnitrozemsk\u00fdch zlat\u00fdch pol\u00ed jsou postaveny s protierozn\u00edmi opat\u0159en\u00edmi a pl\u00e1ny na z\u0159\u00edzen\u00ed st\u00e1tn\u00edho investi\u010dn\u00edho fondu maj\u00ed chr\u00e1nit budouc\u00ed generace p\u0159ed volatilitou ropn\u00fdch trh\u016f.<\/p>\n<p>Guyansk\u00e9 p\u0159\u00edrodn\u00ed bohatstv\u00ed \u2013 jej\u00ed vodop\u00e1dy, savany, hory podobn\u00e9 tepui a \u0159\u00ed\u010dn\u00ed s\u00edt\u011b \u2013 nab\u00edz\u00ed alternativu k t\u011b\u017eb\u011b zdroj\u016f. Provozovatel\u00e9 ekotour\u016f provedou n\u00e1v\u0161t\u011bvn\u00edky do Iwokramy, rezervace o rozloze 3 700 kilometr\u016f \u010dtvere\u010dn\u00edch, kde se potuluj\u00ed ob\u0159\u00ed mravene\u010dn\u00edci, a k vodop\u00e1d\u016fm Kaieteur, kde jedin\u00e1 kapka vody dopadne z v\u00fd\u0161ky 226 metr\u016f do nefritov\u011b zelen\u00e9ho jez\u00edrka. Ve\u010de\u0159e u t\u00e1bor\u00e1ku pod hv\u011bzdnou klenbou vyvol\u00e1vaj\u00ed tich\u00e9 rozhovory o ochran\u011b p\u0159\u00edrody, zat\u00edmco rann\u00ed t\u00fary odhaluj\u00ed hejna ibis\u016f \u0161arlatov\u00fdch, jak se krm\u00ed na b\u0159ez\u00edch \u0159ek.<\/p>\n<p>M\u00edstn\u00ed komunity st\u00e1le v\u00edce t\u011b\u017e\u00ed z p\u0159\u00edjm\u016f z cestovn\u00edho ruchu a nab\u00edzej\u00ed ubytov\u00e1n\u00ed v soukrom\u00ed a kulturn\u00ed workshopy, kde se sd\u00edlej\u00ed \u0159emesla a p\u0159\u00edb\u011bhy americk\u00fdch Indi\u00e1n\u016f. Tyto podniky poskytuj\u00ed hmatateln\u00e9 pob\u00eddky k ochran\u011b les\u016f a vodn\u00edch tok\u016f. Vzhledem k tomu, \u017ee Guyana objevuje nov\u00e9 zdroje p\u0159\u00edjm\u016f, ekoturistika vynik\u00e1 jako model vyv\u00e1\u017een\u00e9ho r\u016fstu \u2013 takov\u00e9ho, kter\u00fd si cen\u00ed nedot\u010den\u00fdch ekosyst\u00e9m\u016f stejn\u011b jako ekonomick\u00fdch zisk\u016f.<\/p>\n<p>Guayansk\u00e1 kultura nese otisk otroctv\u00ed, v\u00e1z\u00e1n\u00ed na n\u00e1jemn\u00ed smlouvy, migrace a v\u00fdm\u011bny. Zotro\u010den\u00ed Afri\u010dan\u00e9, vyko\u0159en\u011bn\u00ed z rozmanit\u00fdch z\u00e1padoafrick\u00fdch spole\u010dnost\u00ed, si v r\u00e1mci britsk\u00e9ho koloni\u00e1ln\u00edho r\u00e1mce vytvo\u0159ili nov\u00e9 vzorce v\u00edry a ritu\u00e1l\u016f. Jejich potomci dnes slav\u00ed k\u0159es\u0165ansk\u00e9 sv\u00e1tky a udr\u017euj\u00ed lidov\u00e9 p\u00edsn\u011b, kter\u00e9 odr\u00e1\u017eej\u00ed rytmy p\u0159edk\u016f. Indi\u010dt\u00ed d\u011bln\u00edci, kte\u0159\u00ed p\u0159i\u0161li na z\u00e1klad\u011b smlouvy po emancipaci, si s sebou p\u0159inesli hinduistick\u00e9 a muslimsk\u00e9 tradice, kter\u00e9 dodnes ozna\u010duj\u00ed kalend\u00e1\u0159, a jejich kuchyn\u011b se plnily dhalem a koz\u00edm masem na kari, pep\u0159enkem a ryb\u00edmi kol\u00e1\u010dky.<\/p>\n<p>\u010c\u00edn\u0161t\u00ed a portugal\u0161t\u00ed p\u0159ist\u011bhovalci, a\u010dkoli jich bylo m\u00e9n\u011b, zavedli kulin\u00e1\u0159sk\u00e9 a obchodn\u00ed praktiky, kter\u00e9 pronikly do m\u011bst a vesnic. Sm\u00ed\u0161en\u00e9 s\u0148atky a sd\u00edlen\u00e9 \u00fatrapy vedly ke vzniku komunit se sm\u00ed\u0161en\u00fdm d\u011bdictv\u00edm, kter\u00e9 st\u00edraj\u00ed \u00fahledn\u00e9 etnick\u00e9 hranice. V Georgetownu m\u016f\u017eete v okruhu n\u011bkolika blok\u016f narazit na sikhsk\u00fd chr\u00e1m, pentekost\u00e1ln\u00ed kostel a me\u0161itu \u2013 architekturu v\u00edry, kter\u00e1 pramen\u00ed z historie pohybu a adaptace.<\/p>\n<p>V mnoha ohledech se Guyana nach\u00e1z\u00ed na pomez\u00ed sv\u011bt\u016f: jihoamerick\u00e9 geografie a karibsk\u00e9 kultury, modern\u00edch ropn\u00fdch pol\u00ed a starobyl\u00fdch les\u016f, pob\u0159e\u017en\u00edch metropol\u00ed a vnitrozemsk\u00fdch vesnic. Jej\u00ed \u0161irok\u00e9 \u0159eky vedou jak k otev\u0159en\u00e9mu mo\u0159i, tak hluboko do divok\u00e9ho srdce kontinentu. Festivaly spojuj\u00ed chut\u011b a zvuky z Asie, Afriky a Evropy, zasazen\u00e9 do bubn\u016f, kter\u00e9 lze vysledovat a\u017e k Warao a Macushi.<\/p>\n<p>Pro \u010dten\u00e1\u0159e, kte\u0159\u00ed hledaj\u00ed up\u0159\u00edmn\u00fd portr\u00e9t t\u00e9to zem\u011b, se Guyana ne\u0159\u00edd\u00ed jednoduch\u00fdmi kontrasty. Nab\u00edz\u00ed prach savanov\u00fdch cest a t\u0159pyt korun de\u0161tn\u00fdch prales\u016f, hu\u010den\u00ed pob\u0159e\u017en\u00edch plo\u0161in a \u0161ust\u011bn\u00ed opadl\u00e9ho list\u00ed pod bos\u00fdma nohama. Jej\u00ed obyvatel\u00e9 \u2013 Indo-Guyan\u00e9, Afro-Guyan\u00e9, Indi\u00e1ni a dal\u0161\u00ed \u2013 si buduj\u00ed budoucnost, kter\u00e1 mus\u00ed ct\u00edt jak ekonomick\u00e9 sliby, tak ekologick\u00e9 limity.<\/p>\n<p>Na b\u0159ehu, kde mangrovy bojuj\u00ed s p\u0159\u00edlivem a odlivem, se na obzoru ty\u010d\u00ed ropn\u00e9 plo\u0161iny i ryb\u00e1\u0159sk\u00e9 lod\u011b. Ve vnitrozem\u00ed, kde se zelen\u00e9 st\u00edny m\u011bn\u00ed pod sluncem zalit\u00fdmi h\u0159ebeny hor, je sly\u0161et vol\u00e1n\u00ed v\u0159e\u0161\u0165an\u016f a sm\u00edch d\u011bt\u00ed b\u011bhaj\u00edc\u00edch po b\u0159ez\u00edch \u0159ek. To je Guyana: zem\u011b definovan\u00e1 vodou, lidmi a k\u0159ehkou rovnov\u00e1hou mezi pokrokem a zachov\u00e1n\u00edm.<\/p>","protected":false},"excerpt":{"rendered":"<p>Guyana, formally designated as the\u00a0Co-operative Republic of Guyana, is situated on the northern coastline of\u00a0South America.\u00a0Guyana, with one of the lowest population densities globally, encompasses a geographical area of 214,969 square kilometers, rendering it the third smallest sovereign state by size in continental\u00a0South America, behind\u00a0Uruguay\u00a0and\u00a0Suriname.\u00a0Georgetown, the capital city, is the largest urban center in the country and functions as the political and economic nucleus.<\/p>","protected":false},"author":1,"featured_media":3020,"parent":24096,"menu_order":0,"comment_status":"closed","ping_status":"closed","template":"elementor_theme","meta":{"_eb_attr":"","footnotes":""},"class_list":["post-7331","page","type-page","status-publish","has-post-thumbnail"],"_links":{"self":[{"href":"https:\/\/travelshelper.com\/cs\/wp-json\/wp\/v2\/pages\/7331","targetHints":{"allow":["GET"]}}],"collection":[{"href":"https:\/\/travelshelper.com\/cs\/wp-json\/wp\/v2\/pages"}],"about":[{"href":"https:\/\/travelshelper.com\/cs\/wp-json\/wp\/v2\/types\/page"}],"author":[{"embeddable":true,"href":"https:\/\/travelshelper.com\/cs\/wp-json\/wp\/v2\/users\/1"}],"replies":[{"embeddable":true,"href":"https:\/\/travelshelper.com\/cs\/wp-json\/wp\/v2\/comments?post=7331"}],"version-history":[{"count":0,"href":"https:\/\/travelshelper.com\/cs\/wp-json\/wp\/v2\/pages\/7331\/revisions"}],"up":[{"embeddable":true,"href":"https:\/\/travelshelper.com\/cs\/wp-json\/wp\/v2\/pages\/24096"}],"wp:featuredmedia":[{"embeddable":true,"href":"https:\/\/travelshelper.com\/cs\/wp-json\/wp\/v2\/media\/3020"}],"wp:attachment":[{"href":"https:\/\/travelshelper.com\/cs\/wp-json\/wp\/v2\/media?parent=7331"}],"curies":[{"name":"wp","href":"https:\/\/api.w.org\/{rel}","templated":true}]}}