{"id":7175,"date":"2024-08-22T21:13:46","date_gmt":"2024-08-22T21:13:46","guid":{"rendered":"https:\/\/travelshelper.com\/staging\/?page_id=7175"},"modified":"2026-03-14T00:29:05","modified_gmt":"2026-03-14T00:29:05","slug":"peru","status":"publish","type":"page","link":"https:\/\/travelshelper.com\/cs\/destinations\/south-america\/peru\/","title":{"rendered":"Peru"},"content":{"rendered":"<p>Peru zab\u00edr\u00e1 \u00fazk\u00fd p\u00e1s z\u00e1padn\u00ed Ji\u017en\u00ed Ameriky, kde se Tich\u00fd oce\u00e1n setk\u00e1v\u00e1 s ty\u010d\u00edc\u00edmi se andsk\u00fdmi vrcholky a rozlehlou amazonskou p\u00e1nv\u00ed. Jeho pevnina o rozloze 1 285 216 kilometr\u016f \u010dtvere\u010dn\u00edch se \u0159ad\u00ed na devaten\u00e1ct\u00e9 m\u00edsto mezi n\u00e1rody a na t\u0159et\u00ed m\u00edsto na kontinentu. Na severu hranice dot\u00fdk\u00e1 Ekv\u00e1doru a Kolumbie; v\u00fdchodn\u00ed hranice se setk\u00e1v\u00e1 s Braz\u00edli\u00ed; Bol\u00edvie le\u017e\u00ed na jihov\u00fdchod\u011b; Chile ohrani\u010duje jih; zat\u00edmco Tich\u00fd oce\u00e1n om\u00fdv\u00e1 jeho z\u00e1padn\u00ed pob\u0159e\u017e\u00ed. V Lim\u011b, hlavn\u00edm m\u011bst\u011b a hlavn\u00edm p\u0159\u00edstavu, \u017eije t\u00e9m\u011b\u0159 t\u0159etina populace zem\u011b, kter\u00e1 m\u00e1 p\u0159es 32 milion\u016f obyvatel.<\/p>\n<p>Pozoruhodn\u00fdm rysem Peru je jeho ekologick\u00e1 rozmanitost. Pod\u00e9l such\u00e9ho litor\u00e1lu se od hranic s Chile a\u017e po hranici s Ekv\u00e1dorem t\u00e1hnou \u00fazk\u00e9 pob\u0159e\u017en\u00ed roviny protkan\u00e9 \u0159\u00ed\u010dn\u00edmi \u00fadol\u00edmi. Za t\u011bmito rovinami se prudce zved\u00e1 andsk\u00e9 poho\u0159\u00ed: vrcholy jako Huascar\u00e1n (6 768 metr\u016f) p\u0159edepisuj\u00ed \u0159adu klimatick\u00fdch podm\u00ednek a stanovi\u0161\u0165. Za vyso\u010dinou, kde se na n\u00e1horn\u00ed plo\u0161in\u011b Altiplano nach\u00e1zej\u00ed jezera, jako je Titicaca, ter\u00e9n kles\u00e1 do amazonsk\u00e9 p\u00e1nve, zalesn\u011bn\u00e9 oblasti, kter\u00e1 pokr\u00fdv\u00e1 t\u00e9m\u011b\u0159 \u0161edes\u00e1t procent \u00fazem\u00ed a vy\u017eivuje \u0159\u00ed\u010dn\u00ed syst\u00e9m, jeho\u017e hlavn\u00ed tepna \u2013 celosv\u011btov\u011b zn\u00e1m\u00e1 jako \u0159eka Amazonka \u2013 pramen\u00ed v peru\u00e1nsk\u00fdch hranic\u00edch.<\/p>\n<p>Peru\u00e1nsk\u00e9 vodn\u00ed toky se d\u011bl\u00ed do t\u0159\u00ed hlavn\u00edch povod\u00ed. Potoky tekouc\u00ed na z\u00e1pad do Pacifiku b\u00fdvaj\u00ed strm\u00e9 a sez\u00f3nn\u00ed; ty, kter\u00e9 te\u010dou na v\u00fdchod do Amazonie, zv\u011bt\u0161uj\u00ed sv\u016fj objem a d\u00e9lku a po vyv\u011br\u00e1n\u00ed z hor vytv\u00e1\u0159ej\u00ed m\u00edrn\u00e9 koryta; men\u0161\u00ed skupina \u0159ek se vl\u00e9v\u00e1 do jezera Titicaca. Mezi nejdel\u0161\u00ed pat\u0159\u00ed Ucayali, Mara\u00f1\u00f3n a Huallaga. Tyto \u0159eky spolu s t\u00e9m\u011b\u0159 pades\u00e1ti mal\u00fdmi pob\u0159e\u017en\u00edmi povod\u00edmi z\u00e1sobuj\u00ed zemi asi \u010dty\u0159mi procenty sv\u011btov\u00e9 sladk\u00e9 vody.<\/p>\n<p>Klima zem\u011b odr\u00e1\u017e\u00ed jej\u00ed rozmanitou topografii. Pob\u0159e\u017en\u00ed oblasti se vyzna\u010duj\u00ed m\u00edrn\u00fdmi teplotami, n\u00edzk\u00fdm mno\u017estv\u00edm sr\u00e1\u017eek a vysokou vlhkost\u00ed vzduchu. V hor\u00e1ch \u010dasto pr\u0161\u00ed v l\u00e9t\u011b, zat\u00edmco teploty s nadmo\u0159skou v\u00fd\u0161kou klesaj\u00ed a\u017e do trval\u00e9ho sn\u011bhu na nejvy\u0161\u0161\u00edch vrcholech. Oblast Amazonie se vyzna\u010duje siln\u00fdmi tropick\u00fdmi de\u0161ti a trvale tepl\u00fdmi podm\u00ednkami, a\u010dkoli jej\u00ed ji\u017en\u00ed konec m\u00e1 chladn\u011bj\u0161\u00ed zimy a v\u00fdrazn\u00e9 obdob\u00ed sucha. Oce\u00e1nsk\u00e9 proudy \u2013 studen\u00fd Humboldt\u016fv proud a tepl\u00fd El Ni\u00f1o \u2013 d\u00e1le m\u011bn\u00ed m\u00edstn\u00ed po\u010das\u00ed a vytv\u00e1\u0159ej\u00ed mikroklima pod\u00e9l pob\u0159e\u017e\u00ed.<\/p>\n<p>Lidsk\u00e1 historie Peru trv\u00e1 v\u00edce ne\u017e dvan\u00e1ct tis\u00edcilet\u00ed. Kultura Caral-Supe, kter\u00e1 vzkv\u00e9tala ji\u017e v des\u00e1t\u00e9m tis\u00edcilet\u00ed p\u0159. n. l., p\u0159edstavuje jedno z nejstar\u0161\u00edch center organizovan\u00e9ho os\u00eddlen\u00ed v Americe. N\u00e1sledn\u00e9 spole\u010dnosti \u2013 jako nap\u0159\u00edklad Nazca, Wari a Tiwanaku \u2013 si v pr\u016fb\u011bhu tis\u00edcilet\u00ed vyvinuly osobit\u00e9 um\u011bn\u00ed a spole\u010densk\u00e9 syst\u00e9my. Do patn\u00e1ct\u00e9ho stolet\u00ed dalo kr\u00e1lovstv\u00ed Cusco vzniknout Inck\u00e9 \u0159\u00ed\u0161i, kter\u00e1 se na sv\u00e9m vrcholu rozkl\u00e1dala od dne\u0161n\u00edho Ekv\u00e1doru a\u017e po st\u0159edn\u00ed Chile a p\u0159edstavovala nejv\u011bt\u0161\u00ed politick\u00fd celek v p\u0159edkolumbovsk\u00e9 Americe.<\/p>\n<p>\u0160pan\u011blsk\u00e9 s\u00edly dorazily na po\u010d\u00e1tku \u0161estn\u00e1ct\u00e9ho stolet\u00ed. Po vojensk\u00fdch ta\u017een\u00edch veden\u00fdch Franciscem Pizarrem \u0160pan\u011bl\u00e9 zavedli koloni\u00e1ln\u00ed vl\u00e1du a v roce 1542 zalo\u017eili m\u00edstokr\u00e1lovstv\u00ed Peru s Limou jako hlavn\u00edm m\u011bstem. Toto m\u011bsto se brzy stalo centrem spr\u00e1vy, obchodu a vysoko\u0161kolsk\u00e9ho vzd\u011bl\u00e1v\u00e1n\u00ed; N\u00e1rodn\u00ed univerzita v San Marcos, zalo\u017een\u00e1 v roce 1551, se py\u0161n\u00ed pov\u011bst\u00ed nejstar\u0161\u00ed ofici\u00e1ln\u011b uznan\u00e9 univerzity v Americe.<\/p>\n<p>Po t\u00e9m\u011b\u0159 t\u0159ech stolet\u00edch koloni\u00e1ln\u00ed spr\u00e1vy vyhl\u00e1silo Peru 28. \u010dervence 1821 nez\u00e1vislost. Vojensk\u00e9 \u00fasil\u00ed osobnost\u00ed, jako byli Jos\u00e9 de San Mart\u00edn, Sim\u00f3n Bol\u00edvar a Bernardo O&#039;Higgins, vyvrcholilo bitvou u Ayacucha 9. prosince 1824, kter\u00e1 zpe\u010detila osvobozen\u00ed od \u0160pan\u011blska. N\u00e1sleduj\u00edc\u00ed devaten\u00e1ct\u00e9 stolet\u00ed bylo v\u011bnov\u00e1no obdob\u00edm politick\u00fdch turbulenc\u00ed prokl\u00e1dan\u00fdch ekonomick\u00fdm rozmachem \u2013 zejm\u00e9na obchodu s guanem, kter\u00fd financoval infrastrukturu, ale tak\u00e9 zasel sem\u00ednka diplomatick\u00e9ho konfliktu, kter\u00fd propukl ve v\u00e1lce v Pacifiku (1879\u20131884).<\/p>\n<p>Dvac\u00e1t\u00e9 stolet\u00ed p\u0159ineslo dal\u0161\u00ed v\u00fdkyvy. Vnit\u0159n\u00ed spory \u2013 poznamenan\u00e9 konfrontacemi mezi st\u00e1tn\u00edmi silami a ozbrojen\u00fdmi povst\u00e1n\u00edmi \u2013 se st\u0159\u00eddaly s f\u00e1zemi r\u016fstu. V 90. letech 20. stolet\u00ed usnadnil vzestup Alberta Fujimoriho pl\u00e1n vnit\u0159n\u00ed bezpe\u010dnosti zn\u00e1m\u00fd jako Plan Verde. Jeho administrativa, ovlivn\u011bn\u00e1 neoliber\u00e1ln\u00edmi politick\u00fdmi r\u00e1mci, urychlila ekonomickou liberalizaci a z\u00e1rove\u0148 vl\u00e1dla prost\u0159ednictv\u00edm mimo\u0159\u00e1dn\u00fdch opat\u0159en\u00ed po boku poradce Vladimira Montesinose. Takzvan\u00e1 dek\u00e1da expanze v prvn\u00edm desetilet\u00ed 21. stolet\u00ed dos\u00e1hla v\u00fdrazn\u00e9ho sn\u00ed\u017een\u00ed chudoby; p\u0159esto se v prvn\u00edm desetilet\u00ed 21. stolet\u00ed objevily struktur\u00e1ln\u00ed slabiny. Politick\u00e9 spory dos\u00e1hly vrcholu b\u011bhem krize COVID-19 a p\u0159edznamen\u00e1valy rozs\u00e1hl\u00e9 soci\u00e1ln\u00ed nepokoje od roku 2022.<\/p>\n<p>Peru dnes funguje jako reprezentativn\u00ed demokratick\u00e1 republika. Jeho \u00fazem\u00ed se d\u011bl\u00ed na dvacet p\u011bt region\u016f: dvacet \u010dty\u0159i departement\u016f plus \u00fastavn\u00ed provincii Callao a nez\u00e1vislou provincii Lima. Region\u00e1ln\u00ed vl\u00e1dy, veden\u00e9 volen\u00fdmi guvern\u00e9ry a radami, kter\u00e9 slou\u017e\u00ed na \u010dty\u0159let\u00e9 funk\u010dn\u00ed obdob\u00ed bez mo\u017enosti okam\u017eit\u00e9ho znovuzvolen\u00ed, dohl\u00ed\u017eej\u00ed na rozpo\u010dty, ve\u0159ejn\u00e9 investice a rozvojov\u00e9 iniciativy. Provin\u010dn\u00ed spr\u00e1vy \u2013 jako nap\u0159\u00edklad spr\u00e1va Limy \u2013 se skl\u00e1daj\u00ed z m\u011bstsk\u00fdch rad v \u010dele se starosty. Metropolitn\u00ed oblasti, zejm\u00e9na rozlehl\u00e1 m\u011bstsk\u00e1 \u010d\u00e1st Limy, kter\u00e1 se \u0159ad\u00ed na sedm\u00e9 m\u00edsto mezi americk\u00fdmi metropolemi, se p\u0159ekr\u00fdvaj\u00ed s n\u011bkolika okresy.<\/p>\n<p>Hospod\u00e1\u0159sk\u00e1 aktivita se op\u00edr\u00e1 o t\u011b\u017ebu, v\u00fdrobu, zem\u011bd\u011blstv\u00ed a rybolov, zat\u00edmco mezi rozv\u00edjej\u00edc\u00ed se odv\u011btv\u00ed pat\u0159\u00ed telekomunikace a biotechnologie. Pod hlavi\u010dkou Pacifick\u00fdch pum \u2013 sdru\u017een\u00ed ekonomik tichomo\u0159sk\u00e9ho pob\u0159e\u017e\u00ed \u2013 Peru zaznamenalo trvalou makroekonomickou stabilitu a otev\u0159enost v\u016f\u010di mezin\u00e1rodn\u00edmu obchodu. Udr\u017euje si \u010dlenstv\u00ed ve f\u00f3rech, jako je Asia-Pacific Economic Cooperation, Pacific Alliance a Komplexn\u00ed a progresivn\u00ed dohoda o transpacifick\u00e9m partnerstv\u00ed. Peru se v roce 2024 um\u00edstilo na 48. m\u00edst\u011b podle parity kupn\u00ed s\u00edly s klasifikac\u00ed vy\u0161\u0161\u00edho st\u0159edn\u00edho p\u0159\u00edjmu a HDI kolem 0,767. Sn\u00ed\u017eilo extr\u00e9mn\u00ed chudobu, ale z\u00e1rove\u0148 se pot\u00fdk\u00e1 s nerovnost\u00ed. Inflace dos\u00e1hla v roce 2023 8,6 procenta a nezam\u011bstnanost se pohybuje kolem \u010dty\u0159 procent.<\/p>\n<p>Dopravn\u00ed infrastruktura se rozprost\u00edr\u00e1 p\u0159es silni\u010dn\u00ed s\u00ed\u0165 o d\u00e9lce p\u0159ibli\u017en\u011b 175 589 kilometr\u016f, z nich\u017e zhruba dvacet dev\u011bt tis\u00edc je zpevn\u011bn\u00fdch. Hlavn\u00ed tepny \u2013 Panamerick\u00e1 a Mezioce\u00e1nsk\u00e1 d\u00e1lnice \u2013 spojuj\u00ed pob\u0159e\u017e\u00ed s vnitrozemsk\u00fdmi oblastmi a sousedn\u00edmi zem\u011bmi. \u017deleznice z\u016fst\u00e1vaj\u00ed omezen\u00e9, celkem \u010d\u00edtaj\u00ed necel\u00e9 dva tis\u00edce kilometr\u016f. Mezin\u00e1rodn\u00ed doprava se spol\u00e9h\u00e1 na leti\u0161t\u011b v Lim\u011b, Cuscu a Arequip\u011b. Mezin\u00e1rodn\u00ed leti\u0161t\u011b Jorge Ch\u00e1veze roz\u0161i\u0159uje svou ranvej, termin\u00e1l a podp\u016frn\u00e1 za\u0159\u00edzen\u00ed do podoby \u201eLeti\u0161tn\u00edho m\u011bsta\u201c, kter\u00e9 bude do konce roku 2024 schopno odbavit \u010dty\u0159icet milion\u016f cestuj\u00edc\u00edch ro\u010dn\u011b. V hor\u00e1ch nahrad\u00ed nov\u00e9 mezin\u00e1rodn\u00ed leti\u0161t\u011b Chinchero za\u0159\u00edzen\u00ed Velasco Astete v Cuscu a nab\u00eddne p\u0159\u00edm\u00e9 mezin\u00e1rodn\u00ed spojen\u00ed bez tranzitu p\u0159es Limu.<\/p>\n<p>N\u00e1mo\u0159n\u00ed obchod se soust\u0159e\u010fuje na p\u0159\u00edstavy, jako je Callao, s pokra\u010duj\u00edc\u00edm rozvojem p\u0159\u00edstavn\u00edho termin\u00e1lu Chancay \u2013 spole\u010dn\u00e9ho \u010d\u00ednsko-peru\u00e1nsk\u00e9ho podniku, kter\u00fd by se m\u011bl st\u00e1t nejv\u011bt\u0161\u00edm v Latinsk\u00e9 Americe. Vnitrozemsk\u00e9 vodn\u00ed cesty, v\u010detn\u011b tras po Amazonce a jezern\u00edch tras na Titicace, dopl\u0148uj\u00ed p\u0159epravu sypk\u00e9ho n\u00e1kladu a cestuj\u00edc\u00edch.<\/p>\n<p>Cestovn\u00ed ruch p\u0159edstavuje t\u0159et\u00ed nejv\u011bt\u0161\u00ed pr\u016fmysl v zemi po rybolovu a t\u011b\u017eb\u011b. N\u00e1v\u0161t\u011bvn\u00edci projevuj\u00ed vysokou spokojenost, studie uv\u00e1d\u011bj\u00ed m\u00edru spokojenosti p\u0159esahuj\u00edc\u00ed devades\u00e1t procent. Po\u010det p\u0159\u00edjezd\u016f se v posledn\u00edch letech ka\u017edoro\u010dn\u011b zv\u00fd\u0161il p\u0159ibli\u017en\u011b o dvacet p\u011bt procent, co\u017e p\u0159edstavuje p\u0159ibli\u017en\u011b sedm procent HDP a vytv\u00e1\u0159\u00ed t\u00e9m\u011b\u0159 p\u016fl milionu p\u0159\u00edm\u00fdch pracovn\u00edch m\u00edst. Na politiku dohl\u00ed\u017e\u00ed Komise pro podporu peru\u00e1nsk\u00e9ho exportu a cestovn\u00edho ruchu, zat\u00edmco iniciativa Marca Per\u00fa uv\u00e1d\u00ed na trh n\u00e1rodn\u00ed produkty v oblasti exportu, cestovn\u00edho ruchu a investic.<\/p>\n<p>Turistick\u00e9 okruhy se zhruba d\u011bl\u00ed na ji\u017en\u00ed trasu \u2013 spojuj\u00edc\u00ed Limu, Icu, Nazcu, Arequipu, Puno, Cusco a Posv\u00e1tn\u00e9 \u00fadol\u00ed vrchol\u00edc\u00ed v Machu Picchu \u2013 a Callej\u00f3n de Huaylas v \u00c1ncashi, proslul\u00e9 zem\u011bd\u011blstv\u00edm ve vysok\u00fdch nadmo\u0159sk\u00fdch v\u00fd\u0161k\u00e1ch a rozv\u00edjej\u00edc\u00ed se horskou kuchyn\u00ed. Dal\u0161\u00ed v\u00fdlety prozkoum\u00e1vaj\u00ed \u00fadol\u00ed Mantaro a Tarma, Trujillo s jeho nep\u00e1lenou citadelou Chan Chan, l\u00e1ze\u0148sk\u00e9 m\u011bsto Huanchaco a br\u00e1ny do d\u017eungle, jako jsou Iquitos a Puerto Maldonado. Peru host\u00ed \u010dtrn\u00e1ct pam\u00e1tek sv\u011btov\u00e9ho d\u011bdictv\u00ed UNESCO a jeden\u00e1ct n\u00e1rodn\u00edch park\u016f, z nich\u017e ka\u017ed\u00fd chr\u00e1n\u00ed aspekty biodiverzity a kulturn\u00edho d\u011bdictv\u00ed.<\/p>\n<p>Demograficky \u017eilo v Peru podle projekc\u00ed z roku 2022 p\u0159ibli\u017en\u011b 33,4 milionu obyvatel, co\u017e odpov\u00edd\u00e1 hustot\u011b zalidn\u011bn\u00ed bl\u00edzk\u00e9 26 osob\u00e1m na kilometr \u010dtvere\u010dn\u00ed. Obyvatel\u00e9 pob\u0159e\u017e\u00ed tvo\u0159\u00ed t\u00e9m\u011b\u0159 \u0161edes\u00e1t procent populace, dvacet sedm procent \u017eije v horsk\u00fdch oblastech a \u010dtrn\u00e1ct procent v d\u017eungli. Urbanizace stabiln\u011b roste; do roku 2020 \u017eilo ve m\u011bstech osmdes\u00e1t procent obyvatel. Tempo r\u016fstu kleslo z 2,6 procenta v roce 1950 na p\u0159ibli\u017en\u011b 1,1 procenta dnes, co\u017e p\u0159edpokl\u00e1d\u00e1, \u017ee populace do poloviny stolet\u00ed dos\u00e1hne t\u00e9m\u011b\u0159 \u010dty\u0159iceti dvou milion\u016f obyvatel. Etnick\u00e9 slo\u017een\u00ed odr\u00e1\u017e\u00ed stalet\u00ed vz\u00e1jemn\u00e9 v\u00fdm\u011bny mezi indi\u00e1nsk\u00fdmi, evropsk\u00fdmi, africk\u00fdmi a asijsk\u00fdmi liniemi. \u0160pan\u011bl\u0161tina slou\u017e\u00ed jako p\u0159evl\u00e1daj\u00edc\u00ed jazyk, a\u010dkoli ke\u010du\u00e1n\u0161tina, aym\u00e1r\u0161tina a dal\u0161\u00ed domorod\u00e9 jazyky z\u016fst\u00e1vaj\u00ed v mnoha komunit\u00e1ch d\u016fle\u017eit\u00e9.<\/p>\n<p>Peru\u00e1nsk\u00fd kulturn\u00ed projev \u010derp\u00e1 z tis\u00edcilet\u00ed \u0159emesel a um\u011bn\u00ed. P\u0159edinck\u00e1 keramika, textil a metalurgie stanovily technick\u00e9 standardy, kter\u00e9 Inkov\u00e9 zdokonalili monument\u00e1ln\u00ed architekturou, zejm\u00e9na terasami a kamenn\u00fdm zdivem Machu Picchu. Koloni\u00e1ln\u00ed nadvl\u00e1da zavedla barokn\u00ed estetiku, patrnou v andsk\u00fdch kostelech a malb\u00e1ch cuscosk\u00e9 \u0161koly. Um\u011bleck\u00e9 inovace se po z\u00edsk\u00e1n\u00ed nez\u00e1vislosti zpomalily, ale znovu se objevily ve dvac\u00e1t\u00e9m stolet\u00ed s hnut\u00edm indigenismo a n\u00e1sledn\u00fdmi pluralitn\u00edmi proudy, kter\u00e9 m\u00edsily glob\u00e1ln\u00ed a m\u00edstn\u00ed vlivy.<\/p>\n<p>Kuchyn\u011b zt\u011bles\u0148uje prol\u00edn\u00e1n\u00ed zem\u011bpisn\u00fdch oblast\u00ed a n\u00e1rod\u016f. Mezi z\u00e1kladn\u00ed potraviny pat\u0159\u00ed \u0159ada p\u016fvodn\u00edch hl\u00edz \u2013 v\u00edce ne\u017e t\u0159i tis\u00edce odr\u016fd brambor \u2013 spolu s kuku\u0159ic\u00ed, quinou, r\u00fd\u017e\u00ed a lu\u0161t\u011bninami. \u0160pan\u011blsk\u00e9, africk\u00e9, \u010d\u00ednsk\u00e9, japonsk\u00e9 a dal\u0161\u00ed p\u0159ist\u011bhovaleck\u00e9 tradice se spojily s domorod\u00fdmi zvyklostmi a vznikly pokrmy, jako jsou anticuchos, ceviche a pachamanca. Limsk\u00e1 restaurace Central Restaurante pod veden\u00edm \u0161\u00e9fkucha\u0159e Gast\u00f3na Acuria je p\u0159\u00edkladem n\u00e1rodn\u00ed kuchyn\u011b t\u00edm, \u017ee v promy\u0161len\u011b sestaven\u00fdch menu prezentuje sez\u00f3nn\u00ed suroviny z pob\u0159e\u017e\u00ed, vyso\u010diny a d\u017eungle.<\/p>\n<p>Peru p\u0159edstavuje komplexn\u00ed souhru \u017eivotn\u00edho prost\u0159ed\u00ed, historie a kultury. Jeho pob\u0159e\u017e\u00ed, hory a lesy z\u016fst\u00e1vaj\u00ed d\u011bji\u0161t\u011bm b\u00e1d\u00e1n\u00ed pro v\u011bdce, n\u00e1v\u0161t\u011bvn\u00edky i podniky. Uprost\u0159ed p\u0159etrv\u00e1vaj\u00edc\u00edch probl\u00e9m\u016f s nerovnost\u00ed a spr\u00e1vou v\u011bc\u00ed ve\u0159ejn\u00fdch vrstven\u011b d\u011bdictv\u00ed a zdrojov\u00e1 z\u00e1kladna n\u00e1roda i nad\u00e1le ovliv\u0148uj\u00ed jeho sm\u011br.<\/p>","protected":false},"excerpt":{"rendered":"<p>Peru, a country tucked away on South America&#8217;s western coast, is a tribute to both the diversity of human culture and the wonders of nature. Covering 1,285,216 square kilometers and with a population of more than 32 million, this nation offers researchers and visitors a unique mix of ancient history, cultural variety, and natural beauties.<\/p>","protected":false},"author":1,"featured_media":4270,"parent":24096,"menu_order":0,"comment_status":"closed","ping_status":"closed","template":"elementor_theme","meta":{"_eb_attr":"","footnotes":""},"class_list":["post-7175","page","type-page","status-publish","has-post-thumbnail"],"_links":{"self":[{"href":"https:\/\/travelshelper.com\/cs\/wp-json\/wp\/v2\/pages\/7175","targetHints":{"allow":["GET"]}}],"collection":[{"href":"https:\/\/travelshelper.com\/cs\/wp-json\/wp\/v2\/pages"}],"about":[{"href":"https:\/\/travelshelper.com\/cs\/wp-json\/wp\/v2\/types\/page"}],"author":[{"embeddable":true,"href":"https:\/\/travelshelper.com\/cs\/wp-json\/wp\/v2\/users\/1"}],"replies":[{"embeddable":true,"href":"https:\/\/travelshelper.com\/cs\/wp-json\/wp\/v2\/comments?post=7175"}],"version-history":[{"count":0,"href":"https:\/\/travelshelper.com\/cs\/wp-json\/wp\/v2\/pages\/7175\/revisions"}],"up":[{"embeddable":true,"href":"https:\/\/travelshelper.com\/cs\/wp-json\/wp\/v2\/pages\/24096"}],"wp:featuredmedia":[{"embeddable":true,"href":"https:\/\/travelshelper.com\/cs\/wp-json\/wp\/v2\/media\/4270"}],"wp:attachment":[{"href":"https:\/\/travelshelper.com\/cs\/wp-json\/wp\/v2\/media?parent=7175"}],"curies":[{"name":"wp","href":"https:\/\/api.w.org\/{rel}","templated":true}]}}