{"id":6705,"date":"2024-08-19T09:41:47","date_gmt":"2024-08-19T09:41:47","guid":{"rendered":"https:\/\/travelshelper.com\/staging\/?page_id=6705"},"modified":"2026-03-14T00:18:05","modified_gmt":"2026-03-14T00:18:05","slug":"uruguay","status":"publish","type":"page","link":"https:\/\/travelshelper.com\/cs\/destinations\/south-america\/uruguay\/","title":{"rendered":"Uruguay"},"content":{"rendered":"<p>Uruguay zauj\u00edm\u00e1 \u00fazk\u00fd p\u00e1s \u00fazem\u00ed mezi \u0159ekou R\u00edo de la Plata na jihu a zvln\u011bn\u00fdmi n\u00edzk\u00fdmi kopci Cuchillas na severu. S rozlohou zhruba 176 215 kilometr\u016f \u010dtvere\u010dn\u00edch z\u016fst\u00e1v\u00e1 druh\u00fdm nejmen\u0161\u00edm nez\u00e1visl\u00fdm st\u00e1tem na jihoamerick\u00e9 pevnin\u011b. Montevideo, jeho hlavn\u00ed p\u0159\u00edstav, kotv\u00ed na ji\u017en\u00edm pob\u0159e\u017e\u00ed a p\u0159itahuje t\u00e9m\u011b\u0159 dva miliony obyvatel do metropolitn\u00ed mozaiky, kter\u00e1 zahrnuje star\u00e1 opevn\u011bn\u00ed, modernistick\u00e9 bulv\u00e1ry a klidn\u00e9 obytn\u00e9 \u010dtvrti. Za t\u00edmto m\u011bstsk\u00fdm srdcem \u017eije p\u0159ibli\u017en\u011b 3,4 milionu obyvatel rozpt\u00fdlen\u00fdch po \u00farodn\u00fdch pastvin\u00e1ch, \u0159\u00ed\u010dn\u00edch n\u00ed\u017ein\u00e1ch a ob\u010dasn\u00fdch zalesn\u011bn\u00fdch kopc\u00edch.<\/p>\n<p>Geografie se odv\u00edj\u00ed v m\u00edrn\u00fdch kontur\u00e1ch. \u017d\u00e1dn\u00e9 poho\u0159\u00ed nerozd\u011bluje krajinu; m\u00edsto toho se zde ty\u010d\u00ed n\u00edzk\u00e9 kopce do skromn\u00fdch v\u00fd\u0161ek, p\u0159i\u010dem\u017e nejvy\u0161\u0161\u00ed bod \u2013 Cerro Catedral \u2013 dosahuje 514 metr\u016f nad mo\u0159em. Tyto kopce sd\u00edlej\u00ed sc\u00e9nu s m\u0159\u00ed\u017ekou vodn\u00edch tok\u016f. \u0158eka Uruguay, kter\u00e1 vymezuje z\u00e1padn\u00ed hranici, se v jihoz\u00e1padn\u00edm rohu vl\u00e9v\u00e1 do \u00fast\u00ed R\u00edo de la Plata. Ve vnitrozem\u00ed prot\u00edn\u00e1 zemi \u0159eka R\u00edo Negro, jej\u00ed\u017e tok byl v roce 1945 zastaven a vytvo\u0159ila n\u00e1dr\u017e Rinc\u00f3n del Bonete. Pod\u00e9l pob\u0159e\u017e\u00ed Atlantiku podporuje \u0159ada lagun a mok\u0159ad\u016f rozmanit\u00fd ekosyst\u00e9m zn\u00e1m\u00fd jako uruguaysk\u00e1 savana. Deset n\u00e1rodn\u00edch park\u016f chr\u00e1n\u00ed \u00faseky mok\u0159ad\u016f, pahorkatin a lu\u017en\u00edch les\u016f, a\u010dkoli skromn\u00e9 \u200b\u200bsk\u00f3re Indexu integrity lesn\u00ed krajiny nazna\u010duje, \u017ee velk\u00e1 \u010d\u00e1st p\u016fvodn\u00edho stromov\u00e9ho porostu ustoupila pastvin\u00e1m.<\/p>\n<p>Uruguay, le\u017e\u00edc\u00ed zcela ji\u017en\u011b od obratn\u00edku Kozoroha, m\u00e1 jednotn\u011b m\u00edrn\u00e9 klima. L\u00e9to trv\u00e1 od prosince do b\u0159ezna a je zm\u00edr\u0148ov\u00e1no atlantick\u00fdm v\u00e1nkem, zat\u00edmco zimy trvaj\u00ed od \u010dervna do z\u00e1\u0159\u00ed s ka\u017edoro\u010dn\u00edmi mrazy, ale z\u0159\u00eddka kdy doch\u00e1z\u00ed k siln\u00e9mu chladu. Sr\u00e1\u017eky se rovnom\u011brn\u011b rozkl\u00e1daj\u00ed po cel\u00fd rok; ob\u010das se p\u0159es otev\u0159en\u00e9 pl\u00e1n\u011b p\u0159ehnaly bou\u0159e, kter\u00e9 s sebou p\u0159inesly vich\u0159ice, krupobit\u00ed nebo vz\u00e1cn\u011b torn\u00e1da. V \u00fadol\u00edch \u0159ek a na pob\u0159e\u017en\u00ed n\u00ed\u017ein\u011b se usazuj\u00ed mlhy; vlhkost vzduchu z\u016fst\u00e1v\u00e1 vysok\u00e1.<\/p>\n<p>Lidsk\u00e1 p\u0159\u00edtomnost zde sah\u00e1 v\u00edce ne\u017e 13 000 let do minulosti, kdy se nap\u0159\u00ed\u010d pl\u00e1n\u011bmi proh\u00e1n\u011bly loveck\u00e9 a sb\u011bra\u010dsk\u00e9 houfy. V p\u0159edve\u010der p\u0159\u00edchodu Evropan\u016f vl\u00e1dli v dne\u0161n\u00ed st\u0159edn\u00ed Uruguayi kmene Charr\u00fa\u00e1, na severu se nach\u00e1zely komunity Guaran\u00ed a pod\u00e9l vodn\u00edch tok\u016f kmene Chan\u00e1. Portugal\u0161t\u00ed osadn\u00edci zalo\u017eili v roce 1680 na b\u0159ehu \u0159eky R\u00edo de la Plata m\u011bsto Colonia do Sacramento, co\u017e vedlo \u0161pan\u011blsk\u00e9 guvern\u00e9ry k zalo\u017een\u00ed Montevidea je\u0161t\u011b p\u0159ed polovinou stolet\u00ed.<\/p>\n<p>Na po\u010d\u00e1tku devaten\u00e1ct\u00e9ho stolet\u00ed se tyto koloni\u00e1ln\u00ed z\u00e1kladny staly d\u011bji\u0161t\u011bm soupe\u0159\u00edc\u00edch n\u00e1rok\u016f \u0160pan\u011blska, Portugalska a pozd\u011bji vznikaj\u00edc\u00edch republik Argentiny a Braz\u00edlie. Mezi lety 1811 a 1828 vyvrcholil \u010dty\u0159strann\u00fd souboj nez\u00e1vislost\u00ed Uruguaye. Nov\u00fd st\u00e1t v\u0161ak z\u016fstal a\u017e do poloviny stolet\u00ed vystaven zahrani\u010dn\u00edmu vlivu a intervenc\u00edm. V n\u00e1sleduj\u00edc\u00edch desetilet\u00edch polo\u017eila \u0159ada soci\u00e1ln\u00edch a ekonomick\u00fdch reforem z\u00e1klady pro komplexn\u00ed syst\u00e9m soci\u00e1ln\u00edho zabezpe\u010den\u00ed. Ve\u0159ejn\u00e9 vzd\u011bl\u00e1v\u00e1n\u00ed, ochrana pracovn\u00edk\u016f a penzijn\u00ed programy se zako\u0159enily mezi 80. a 20. l\u00e9ty 19. stolet\u00ed. Pozorovatel\u00e9 t\u00e9 doby p\u0159irovn\u00e1vali spole\u010densk\u00fd r\u00e1mec ke \u0161v\u00fdcarsk\u00e9mu, co\u017e Uruguayi prop\u016fj\u010dilo p\u0159\u00edvlastek \u201e\u0160v\u00fdcarsko Ameriky\u201c.<\/p>\n<p>Tato trajektorie se na konci dvac\u00e1t\u00e9ho stolet\u00ed zm\u011bnila. Hospod\u00e1\u0159sk\u00e9 krize v 60. letech 20. stolet\u00ed se shodovaly s aktivitou m\u011bstsk\u00fdch guerill, co\u017e vedlo k st\u00e1tn\u00edmu p\u0159evratu v roce 1973. Ob\u010dansko-vojensk\u00e1 spr\u00e1va zavedla p\u0159\u00edsn\u00e9 kontroly a\u017e do roku 1985. Od obnoven\u00ed \u00fastavn\u00edho \u0159\u00e1du Uruguay upevnil demokratick\u00e9 instituce. Prezident slou\u017e\u00ed jako hlava st\u00e1tu i hlava vl\u00e1dy. V indexu demokracie \u010dasopisu Economist z roku 2023 se Uruguay za\u0159adil mezi n\u011bkolik m\u00e1lo zem\u00ed klasifikovan\u00fdch jako pln\u011b demokracie. Zem\u011b si tak\u00e9 vede siln\u011b v hodnocen\u00ed transparentnosti vl\u00e1dy, ekonomick\u00e9 svobody a soci\u00e1ln\u00edho pokroku.<\/p>\n<p>Pr\u00e1vn\u00ed reformy v posledn\u00edch letech odr\u00e1\u017eej\u00ed uv\u00e1\u017een\u00fd p\u0159\u00edstup k soci\u00e1ln\u00ed politice. Uruguay se stal prvn\u00edm n\u00e1rodem, kter\u00fd zavedl regulovan\u00fd r\u00e1mec pro produkci, distribuci a u\u017e\u00edv\u00e1n\u00ed konop\u00ed. Pr\u00e1vo na man\u017eelstv\u00ed osob stejn\u00e9ho pohlav\u00ed a pr\u00e1vo na potrat dos\u00e1hly schv\u00e1len\u00ed a implementace v parlamentu, co\u017e zemi postavilo do pop\u0159ed\u00ed ob\u010dansk\u00fdch svobod v regionu.<\/p>\n<p>Administrativn\u00ed moc rozd\u011bluje zemi do devaten\u00e1cti department\u016f. Ka\u017ed\u00fd department vol\u00ed superintendenta, kter\u00fd dohl\u00ed\u017e\u00ed na v\u00fdkonn\u00e9 funkce, a department\u00e1ln\u00ed radu pro legislativn\u00ed z\u00e1le\u017eitosti. Tato struktura kop\u00edruje n\u00e1rodn\u00ed d\u011blbu moci na region\u00e1ln\u00ed \u00farovni. Takov\u00e1 decentralizace podporuje m\u00edstn\u00ed spr\u00e1vu v m\u011bstsk\u00fdch centrech, na pastvin\u00e1ch a v pob\u0159e\u017en\u00edch letovisc\u00edch.<\/p>\n<p>Cestovn\u00ed ruch se stal rostouc\u00edm ekonomick\u00fdm sektorem. V roce 2012 se pod\u00edlel na HDP p\u0159ibli\u017en\u011b 9 procenty a vytv\u00e1\u0159el t\u00e9m\u011b\u0159 97 000 pracovn\u00edch m\u00edst; do roku 2023 dorazilo t\u00e9m\u011b\u0159 3,8 milionu n\u00e1v\u0161t\u011bvn\u00edk\u016f, v\u011bt\u0161inou ze sousedn\u00ed Argentiny a Braz\u00edlie, n\u00e1sledovan\u00fdch men\u0161\u00edmi kontingenty z Chile, Paraguaye, Spojen\u00fdch st\u00e1t\u016f a Evropy. Obnoven\u00e1 koloni\u00e1ln\u00ed \u010dtvr\u0165 Colonia del Sacramento l\u00e1k\u00e1 cestovatele sv\u00fdmi kamenn\u00fdmi ulicemi, hradbami z kalikantu a st\u00ednem \u0161pan\u011blsk\u00fdch opevn\u011bn\u00ed z devaten\u00e1ct\u00e9ho stolet\u00ed. V Montevideu se mezi kulturn\u00ed itiner\u00e1\u0159e vyzna\u010duje galerie Jos\u00e9 Gurviche, muzeum Torres Garc\u00edi \u2013 kde jsou vystavena d\u00edla modernistick\u00e9ho mal\u00ed\u0159e Joaqu\u00edna Torrese Garc\u00edi \u2013 a Estadio Centenario, stadion, kter\u00fd v roce 1930 hostil prvn\u00ed fin\u00e1le mistrovstv\u00ed sv\u011bta ve fotbale FIFA.<\/p>\n<p>D\u00e1le na v\u00fdchod se na \u00fazk\u00e9m poloostrov\u011b mezi klidn\u00fdmi vodami z\u00e1livu Mansa a otev\u0159en\u00fdm oce\u00e1nem pob\u0159e\u017e\u00ed Brava rozkl\u00e1d\u00e1 Punta del Este. Luxusn\u00ed s\u00eddla a modern\u00ed galerie odkazuj\u00ed na voln\u00fd \u010das 21. stolet\u00ed; v\u00edkendov\u00e9 davy se sb\u00edhaj\u00ed do p\u0159\u00edstavu, k maj\u00e1ku a na rozlehlou pl\u00e1\u017e Playa Brava. Bl\u00edzk\u00e1 letoviska \u2013 La Barra a Jos\u00e9 Ignacio \u2013 nab\u00edzej\u00ed klidn\u011bj\u0161\u00ed p\u00edse\u010dn\u00e9 pl\u00e1\u017ee a \u0159adu pl\u00e1\u017e\u00ed lemovan\u00fdch dunami. Mezin\u00e1rodn\u00ed leti\u0161t\u011b Punta del Este, slavnostn\u011b otev\u0159en\u00e9 v roce 1997 a navr\u017een\u00e9 Carlosem Ottem, slou\u017e\u00ed jako druh\u00e9 nejru\u0161n\u011bj\u0161\u00ed leti\u0161t\u011b v zemi.<\/p>\n<p>V centru n\u00e1mo\u0159n\u00edho obchodu odbavuje p\u0159\u00edstav Montevideo ro\u010dn\u011b v\u00edce ne\u017e 1,1 milionu kontejner\u016f a jeho n\u00e1b\u0159e\u017e\u00ed pojmou lod\u011b s ponorem a\u017e 14 metr\u016f. Je\u0159\u00e1by zvedaj\u00ed n\u00e1klad rychlost\u00ed osmdes\u00e1ti a\u017e sto pohyb\u016f za hodinu. D\u00e1le proti proudu \u0159eky funguje Nueva Palmira jako p\u0159ekladi\u0161t\u011b region\u00e1ln\u00edho zbo\u017e\u00ed, kter\u00e9 spojuje st\u00e1tn\u00ed i soukrom\u00e1 za\u0159\u00edzen\u00ed.<\/p>\n<p>Leteck\u00e1 doprava se tak\u00e9 soust\u0159ed\u00ed na mezin\u00e1rodn\u00ed leti\u0161t\u011b Carrasco, kter\u00e9 bylo poprv\u00e9 otev\u0159eno v roce 1947 a modernizov\u00e1no v roce 2009 v r\u00e1mci roz\u0161\u00ed\u0159en\u00ed za 165 milion\u016f americk\u00fdch dolar\u016f od architekt\u016f Rafael Vi\u00f1oly. Jeho termin\u00e1l pro cestuj\u00edc\u00ed, hala ze sv\u011btla a skla, odbav\u00ed ro\u010dn\u011b a\u017e 4,5 milionu cestuj\u00edc\u00edch. A\u017e do sv\u00e9ho rozpu\u0161t\u011bn\u00ed zde s\u00eddlila uruguaysk\u00e1 vlajkov\u00e1 leteck\u00e1 spole\u010dnost PLUNA.<\/p>\n<p>Demografie Uruguaye odr\u00e1\u017e\u00ed vlny migrace. S\u010d\u00edt\u00e1n\u00ed lidu z roku 2023 zjistilo, \u017ee zhruba 85 procent obyvatel se identifikuje jako b\u011blo\u0161i, co\u017e je \u010d\u00edslo formovan\u00e9 imigrac\u00ed ze \u0160pan\u011blska, It\u00e1lie, N\u011bmecka, Francie a Brit\u00e1nie v devaten\u00e1ct\u00e9m a na po\u010d\u00e1tku dvac\u00e1t\u00e9ho stolet\u00ed. Komunita potomk\u016f afroamerick\u00fdch n\u00e1rod\u016f p\u0159ivezen\u00fdch b\u011bhem koloni\u00e1ln\u00ed \u00e9ry tvo\u0159\u00ed asi 5 procent populace. Men\u0161\u00ed skupiny japonsk\u00e9ho p\u016fvodu a komunity sm\u00ed\u0161en\u00e9ho d\u011bdictv\u00ed dopl\u0148uj\u00ed spole\u010denskou mozaiku podobnou sousedn\u00edm provinci\u00edm Argentiny a ji\u017en\u00ed Braz\u00edlie.<\/p>\n<p>\u0160pan\u011bl\u0161tina funguje jako n\u00e1rodn\u00ed jazyk, jej\u00ed uruguaysk\u00e1 varianta se oh\u00fdb\u00e1 pomoc\u00ed vzor\u016f Rioplatense, konjugac\u00ed voseo a posun\u016f v \u0159e\u010di ye\u00edsmo. Italsk\u00e9 dialekty prostupuj\u00ed m\u00edstn\u00edm slangem, zat\u00edmco v pohrani\u010dn\u00edch departmentech koluje portugalsko-\u0161pan\u011blsk\u00fd hybrid bez form\u00e1ln\u00ed kodifikace. V\u00fduka angli\u010dtiny je prominentn\u011b zastoupena ve \u0161koln\u00edch osnov\u00e1ch a p\u0159ipravuje Uruguayce na obchod a diplomacii.<\/p>\n<p>Kulturn\u00ed \u017eivot nese otisk evropsk\u00fdch um\u011bleck\u00fdch proud\u016f a m\u00edstn\u00edho \u00e9tosu formovan\u00e9ho gau\u010di. Farm\u00e1\u0159sk\u00e9 tradice ovliv\u0148uj\u00ed folkl\u00f3r, literaturu a v\u00fdtvarn\u00e9 um\u011bn\u00ed a uct\u00edvaj\u00ed osam\u011bl\u00e9ho jezdce, kter\u00fd kdysi proch\u00e1zel pampami a hledal dobytek. V m\u011bstsk\u00e9m i venkovsk\u00e9m prost\u0159ed\u00ed se festivaly p\u0159ipom\u00ednaj\u00ed sez\u00f3nn\u00ed pracovn\u00ed cykly, n\u00e1bo\u017eensk\u00e9 ob\u0159ady a komplexn\u00ed d\u011bdictv\u00ed n\u00e1roda.<\/p>\n<p>V\u00fdvoj Uruguaye v pr\u016fb\u011bhu t\u0159\u00ed stolet\u00ed ukazuje stabiln\u00ed vrstven\u00ed lidsk\u00e9ho \u00fasil\u00ed na otev\u0159en\u00e9m ter\u00e9nu. Od obydl\u00ed ran\u00fdch lovc\u016f a sb\u011bra\u010d\u016f a\u017e po s\u00ed\u0165 ulic Montevidea, od koloni\u00e1ln\u00edch osad a\u017e po modern\u00ed leti\u0161t\u011b, zem\u011b p\u0159edstavuje studii m\u011b\u0159en\u00fdch zm\u011bn. Jej\u00ed m\u00edrn\u00e9 roviny nesou stopy spole\u010densk\u00e9ho pokroku, politick\u00e9 transformace a kulturn\u00ed v\u00fdm\u011bny. Ekonomika a \u017eivotn\u00ed prost\u0159ed\u00ed zde z\u016fst\u00e1vaj\u00ed propojeny, spr\u00e1va v\u011bc\u00ed ve\u0159ejn\u00fdch spo\u010d\u00edv\u00e1 na m\u00edstn\u00ed a n\u00e1rodn\u00ed \u00fa\u010dasti a d\u011bdictv\u00ed rovin a p\u0159\u00edstav\u016f p\u0159etrv\u00e1v\u00e1 v ka\u017edodenn\u00edm pohybu jej\u00edch obyvatel.<\/p>","protected":false},"excerpt":{"rendered":"<p>Uruguay, a small but intriguing nation situated between Brazil and Argentina, frequently goes unnoticed by many travelers. This nation offers a unique mix of natural, historical, and cultural aspects that could challenge those of its more well-known neighbors. Beyond its breathtaking beaches and mesmerizing sunsets, Uruguay offers a convincing case for investigation marked by its outstanding coastline, energetic metropolitan centers, and rich agricultural areas.<\/p>","protected":false},"author":1,"featured_media":4280,"parent":24096,"menu_order":0,"comment_status":"closed","ping_status":"closed","template":"elementor_theme","meta":{"_eb_attr":"","footnotes":""},"class_list":["post-6705","page","type-page","status-publish","has-post-thumbnail"],"_links":{"self":[{"href":"https:\/\/travelshelper.com\/cs\/wp-json\/wp\/v2\/pages\/6705","targetHints":{"allow":["GET"]}}],"collection":[{"href":"https:\/\/travelshelper.com\/cs\/wp-json\/wp\/v2\/pages"}],"about":[{"href":"https:\/\/travelshelper.com\/cs\/wp-json\/wp\/v2\/types\/page"}],"author":[{"embeddable":true,"href":"https:\/\/travelshelper.com\/cs\/wp-json\/wp\/v2\/users\/1"}],"replies":[{"embeddable":true,"href":"https:\/\/travelshelper.com\/cs\/wp-json\/wp\/v2\/comments?post=6705"}],"version-history":[{"count":0,"href":"https:\/\/travelshelper.com\/cs\/wp-json\/wp\/v2\/pages\/6705\/revisions"}],"up":[{"embeddable":true,"href":"https:\/\/travelshelper.com\/cs\/wp-json\/wp\/v2\/pages\/24096"}],"wp:featuredmedia":[{"embeddable":true,"href":"https:\/\/travelshelper.com\/cs\/wp-json\/wp\/v2\/media\/4280"}],"wp:attachment":[{"href":"https:\/\/travelshelper.com\/cs\/wp-json\/wp\/v2\/media?parent=6705"}],"curies":[{"name":"wp","href":"https:\/\/api.w.org\/{rel}","templated":true}]}}