{"id":35488,"date":"2024-11-30T23:23:21","date_gmt":"2024-11-30T23:23:21","guid":{"rendered":"https:\/\/travelshelper.com\/staging\/?page_id=35488"},"modified":"2026-03-11T02:09:40","modified_gmt":"2026-03-11T02:09:40","slug":"zustante-v-bezpeci-a-zdravi-v-bahrajnu","status":"publish","type":"page","link":"https:\/\/travelshelper.com\/cs\/destinations\/asia\/bahrain\/stay-safe-healthy-in-bahrain\/","title":{"rendered":"Z\u016fsta\u0148te v Bahrajnu v bezpe\u010d\u00ed a zdrav\u00ed"},"content":{"rendered":"<h2 class=\"wp-block-heading\">Z\u016fsta\u0148te v bezpe\u010d\u00ed v Bahrajnu<\/h2>\n\n\n\n<p>Bahrajn m\u011bl v roce 2011 t\u00e9m\u011b\u0159 ob\u010danskou v\u00e1lku se stovkami ob\u011bt\u00ed, stovkami zran\u011bn\u00ed a zna\u010dn\u00fdm po\u010dtem aktivist\u016f a l\u00e9ka\u0159\u016f uv\u011bzn\u011bn\u00fdch a mu\u010den\u00fdch. P\u0159esto\u017ee byly obrovsk\u00e9 protesty nemilosrdn\u011b potla\u010deny, prost\u0159ed\u00ed z\u016fst\u00e1v\u00e1 nest\u00e1l\u00e9 a ka\u017edou chv\u00edli m\u016f\u017ee doj\u00edt k protest\u016fm, nepokoj\u016fm a zab\u00edjen\u00ed policist\u016f. Cestovatel\u00e9 by se m\u011bli vyh\u00fdbat venkovsk\u00fdm oblastem a komunit\u00e1m na severoz\u00e1pad\u011b zem\u011b. K velk\u00fdm protest\u016fm m\u016f\u017ee doj\u00edt ka\u017edou chv\u00edli, a p\u0159esto\u017ee se ob\u010das mohou st\u00e1t n\u00e1siln\u00fdmi, jen z\u0159\u00eddka jsou protiz\u00e1padn\u00ed. Vyhn\u011bte se m\u00edst\u016fm, kde se zd\u00e1, \u017ee se shroma\u017e\u010fuj\u00ed velk\u00e9 skupiny jednotlivc\u016f.<\/p>\n\n\n\n<p>V Bahrajnu je pr\u016fm\u011brn\u00fd v\u00fdskyt soci\u00e1ln\u00ed kriminality n\u00edzk\u00fd, zat\u00edmco n\u00e1siln\u00e1 kriminalita je neobvykl\u00e1. K loupe\u017e\u00edm, kr\u00e1de\u017e\u00edm a kr\u00e1de\u017e\u00edm p\u0159esto doch\u00e1z\u00ed. Men\u0161\u00ed trestn\u00e9 \u010diny, jako jsou kr\u00e1de\u017ee portfolia a kr\u00e1de\u017ee portfoli\u00ed, byly zaznamen\u00e1ny, zejm\u00e9na ve star\u00fdch tr\u017en\u00edch \u010dtvrt\u00edch zn\u00e1m\u00fdch jako souks. No\u010dn\u00ed kluby ve v\u011bt\u0161in\u011b hotel\u016f nav\u0161t\u011bvuj\u00ed n\u011bkte\u0159\u00ed o\u0161kliv\u00ed jedinci. Navzdory tomu, \u017ee hotely maj\u00ed zavedena dostate\u010dn\u00e1 bezpe\u010dnostn\u00ed opat\u0159en\u00ed, v\u010detn\u011b kamer, vyskytly se p\u0159\u00edpady, kdy si n\u00e1v\u0161t\u011bvn\u00edci vzali jejich pokoje.<\/p>\n\n\n\n<p>Pokud jste na Exhibition Avenue (pobl\u00ed\u017e Hoory), bu\u010fte opatrn\u00ed, proto\u017ee d\u00e1my mohou m\u00edt nep\u0159\u00edjemn\u00e1 setk\u00e1n\u00ed s (p\u0159edev\u0161\u00edm) opil\u00fdmi Sa\u00fady. Je dobr\u00e9 m\u00edt s sebou chlapa, pokud tam p\u016fjdete (hlavn\u011b v noci).<\/p>\n\n\n\n<h3 class=\"wp-block-heading\">Zlo\u010din<\/h3>\n\n\n\n<p>V Bahrajnu \u017eije p\u0159ibli\u017en\u011b 4 000 britsk\u00fdch ob\u010dan\u016f a dal\u0161\u00ed tis\u00edce jich ro\u010dn\u011b nav\u0161t\u00edv\u00ed. V\u011bt\u0161ina n\u00e1v\u0161t\u011bv je bez incident\u016f. Navzdory tomu, \u017ee kriminalita je ve v\u011bt\u0161in\u011b region\u016f vz\u00e1cn\u00e1, m\u011bli by turist\u00e9 db\u00e1t opatrnosti, v\u010detn\u011b vyu\u017e\u00edv\u00e1n\u00ed prov\u011b\u0159en\u00fdch taxislu\u017eeb.<\/p>\n\n\n\n<h3 class=\"wp-block-heading\">Drogy<\/h3>\n\n\n\n<p>I stopov\u00e1 mno\u017estv\u00ed neleg\u00e1ln\u00edch l\u00e1tek jsou absolutn\u011b omezena. I kdy\u017e proch\u00e1z\u00edte leti\u0161t\u011bm z jedn\u00e9 zem\u011b do druh\u00e9, konzumace nebo p\u0159eprava neleg\u00e1ln\u00edch narkotik m\u016f\u017ee v\u00e9st k uv\u011bzn\u011bn\u00ed a vyho\u0161t\u011bn\u00ed. N\u00e1kup nebo prodej neleg\u00e1ln\u00edch drog a narkotik je z\u00e1va\u017en\u00fdm trestn\u00fdm \u010dinem, za kter\u00fd hroz\u00ed a\u017e do\u017eivot\u00ed.<\/p>\n\n\n\n<p>N\u011bkter\u00e9 kosmetick\u00e9 p\u0159edm\u011bty a n\u00e1pln\u011b do elektronick\u00fdch cigaret mohou v Bahrajnu obsahovat zak\u00e1zan\u00e9 l\u00e1tky, jako je CBD olej.<\/p>\n\n\n\n<p>Pokud u\u017e\u00edv\u00e1te l\u00e9ky na p\u0159edpis, je moudr\u00e9 nosit s sebou dopis od l\u00e9ka\u0159e. Pokud m\u00e1te v \u00famyslu dov\u00e9zt l\u00e9ky na p\u0159edpis do Bahrajnu, m\u016f\u017eete b\u00fdt po\u017e\u00e1d\u00e1ni o p\u0159edchoz\u00ed povolen\u00ed od \u00fa\u0159ad\u016f. P\u0159ed cestou byste m\u011bli kontaktovat nejbli\u017e\u0161\u00ed bahrajnsk\u00e9 velvyslanectv\u00ed nebo konzul\u00e1t.<\/p>\n\n\n\n<h3 class=\"wp-block-heading\">Alkohol<\/h3>\n\n\n\n<p>Alkohol je leg\u00e1ln\u00ed v Bahrajnu, kde je \u0159ada bar\u016f, licencovan\u00fdch restaurac\u00ed a nelicencovan\u00fdch m\u00edst; chov\u00e1n\u00ed v opilosti na ve\u0159ejnosti nebo \u0159\u00edzen\u00ed pod vlivem alkoholu je v\u0161ak nez\u00e1konn\u00e9, v d\u016fsledku \u010deho\u017e hroz\u00ed pachateli pokuta, uv\u011bzn\u011bn\u00ed a\/nebo vyho\u0161t\u011bn\u00ed, jako\u017e i odebr\u00e1n\u00ed \u0159idi\u010dsk\u00e9ho opr\u00e1vn\u011bn\u00ed. Fyzick\u00e9 napad\u00e1n\u00ed a ni\u010den\u00ed ve\u0159ejn\u00e9ho majetku pod vlivem alkoholu je trestn\u00fd \u010din, kter\u00fd m\u016f\u017ee v\u00e9st k uv\u011bzn\u011bn\u00ed.<\/p>\n\n\n\n<h3 class=\"wp-block-heading\">\u0158\u00edzen\u00ed<\/h3>\n\n\n\n<p>V Bahrajnu plat\u00ed nulov\u00e1 tolerance k \u0159\u00edzen\u00ed pod vlivem alkoholu. Pokud v\u00e1s p\u0159istihnou i se stopov\u00fdm mno\u017estv\u00edm alkoholu ve va\u0161em syst\u00e9mu, m\u016f\u017eete \u010delit obvin\u011bn\u00ed a uv\u011bzn\u011bn\u00ed. Poru\u0161en\u00ed z\u00e1kona, p\u0159ekra\u010dov\u00e1n\u00ed rychlosti, z\u00e1vod\u011bn\u00ed, sk\u00e1k\u00e1n\u00ed do j\u00edzdn\u00edho pruhu a pou\u017e\u00edv\u00e1n\u00ed mobiln\u00edch telefon\u016f p\u0159i \u0159\u00edzen\u00ed mohou v\u00e9st k vysok\u00fdm pokut\u00e1m. Na silnic\u00edch a d\u00e1lnic\u00edch je velk\u00e9 mno\u017estv\u00ed rychlostn\u00edch kamer. Pou\u017e\u00edv\u00e1n\u00ed bezpe\u010dnostn\u00edch p\u00e1s\u016f je povinn\u00e9. V p\u0159\u00edpad\u011b, \u017ee tak neu\u010din\u00ed, m\u016f\u017ee b\u00fdt ulo\u017eena pokuta.<\/p>\n\n\n\n<p><strong>Dopravn\u00ed z\u00e1kony<\/strong><\/p>\n\n\n\n<ul class=\"wp-block-list\">\n<li>Doprava se pohybuje vpravo.<\/li>\n\n\n\n<li>Na kruhov\u00fdch objezdech (kruhov\u00e9 objezdy) maj\u00ed auta v kruhov\u00e9m objezdu p\u0159ednost p\u0159ed t\u011bmi, kte\u0159\u00ed se pokou\u0161ej\u00ed vjet.<\/li>\n\n\n\n<li>\u0158idi\u010di \u010dasto p\u0159ekra\u010duj\u00ed rychlost navzdory p\u0159\u00edsn\u00fdm trest\u016fm, v\u010detn\u011b pokut a mo\u017en\u00e9ho v\u011bzen\u00ed.<\/li>\n\n\n\n<li>Policie m\u016f\u017ee zadr\u017eet \u0159idi\u010de za dopravn\u00ed p\u0159estupky.<\/li>\n\n\n\n<li>Je nez\u00e1konn\u00e9 pou\u017e\u00edvat mobiln\u00ed telefon p\u0159i \u0159\u00edzen\u00ed, i kdy\u017e je to velmi b\u011b\u017en\u00e9.<\/li>\n\n\n\n<li>\u0158idi\u010di jsou povinni pou\u017e\u00edvat bezpe\u010dnostn\u00ed p\u00e1sy.<\/li>\n\n\n\n<li>Doprava je o v\u00edkendech zhu\u0161t\u011bn\u011bj\u0161\u00ed s p\u0159\u00edlivem vozidel ze sousedn\u00edch zem\u00ed.<\/li>\n<\/ul>\n\n\n\n<h3 class=\"wp-block-heading\">Dress code<\/h3>\n\n\n\n<p>Bahrajnci se obvykle obl\u00e9kaj\u00ed konzervativn\u011b v tradi\u010dn\u00edm od\u011bvu a mohou b\u00fdt na\u0161tvan\u00ed, kdy\u017e se ostatn\u00ed obl\u00e9kaj\u00ed \u0161patn\u011b nebo v rozporu s isl\u00e1msk\u00fdmi normami.<\/p>\n\n\n\n<p>Na ve\u0159ejn\u00fdch m\u00edstech, jako jsou n\u00e1kupn\u00ed centra, restaurace a parky, se doporu\u010duje vhodn\u00e9 oble\u010den\u00ed. Oble\u010den\u00ed nesm\u00ed b\u00fdt pr\u016fsvitn\u00e9, neslu\u0161n\u011b odhalovat \u010d\u00e1sti t\u011bla nebo zobrazovat nep\u0159\u00edjemn\u00e9 obr\u00e1zky nebo zpr\u00e1vy. Pokud nav\u0161t\u00edv\u00edte jedno z t\u011bchto m\u00edst nedostate\u010dn\u011b oble\u010deni, m\u016f\u017eete b\u00fdt po\u017e\u00e1d\u00e1ni, abyste ode\u0161li (v\u011bt\u0161ina v\u011bt\u0161\u00edch n\u00e1kupn\u00edch center m\u00e1 cedule s upozorn\u011bn\u00edm, \u017ee je t\u0159eba nosit slu\u0161n\u00e9 oble\u010den\u00ed). Jak\u00e1koli nahota je p\u0159\u00edsn\u011b zak\u00e1z\u00e1na, dokonce i opalov\u00e1n\u00ed bez topu. B\u011bhem m\u011bs\u00edce ramad\u00e1nu, kdy je podporov\u00e1na pokora, jsou tyto z\u00e1sady dodr\u017eov\u00e1ny je\u0161t\u011b p\u0159\u00edsn\u011bji.<\/p>\n\n\n\n<h3 class=\"wp-block-heading\">N\u00e1bo\u017eenstv\u00ed<\/h3>\n\n\n\n<p>V Bahrajnu je isl\u00e1msk\u00e9 n\u00e1bo\u017eensk\u00e9 p\u0159esv\u011bd\u010den\u00ed vysoce uct\u00edvan\u00e9. Jak\u00e9koli nerespektov\u00e1n\u00ed n\u00e1bo\u017eensk\u00fdch my\u0161lenek nebo praktik je pova\u017eov\u00e1no za extr\u00e9mn\u011b neuctiv\u00e9 a pravd\u011bpodobn\u011b povede k vysok\u00e9 pokut\u011b a\/nebo uv\u011bzn\u011bn\u00ed. Ostatn\u00ed n\u00e1bo\u017eenstv\u00ed jsou respektov\u00e1na a mohou b\u00fdt v Bahrajnu voln\u011b praktikov\u00e1na. Dodr\u017eujte n\u011bkolik jednoduch\u00fdch z\u00e1sad respektov\u00e1n\u00ed:<\/p>\n\n\n\n<p>Muslimov\u00e9 prov\u00e1d\u011bj\u00ed p\u011bt denn\u00edch modliteb. V\u0161imnete si, \u017ee me\u0161ity pou\u017e\u00edvaj\u00ed reproduktory ke svol\u00e1v\u00e1n\u00ed v\u011b\u0159\u00edc\u00edch k modlitb\u011b. Uv\u011bdomte si, \u017ee auta, kter\u00e1 nejsou bl\u00edzko me\u0161ity, mohou zastavit na odstavn\u00e9m m\u00edst\u011b a diskr\u00e9tn\u011b se pomodlit.<\/p>\n\n\n\n<p>Muslimov\u00e9 se b\u011bhem svat\u00e9ho m\u011bs\u00edce ramad\u00e1nu post\u00ed od \u00fasvitu do z\u00e1padu slunce. B\u011bhem m\u011bs\u00edce ramad\u00e1nu je j\u00eddlo, pit\u00ed, kou\u0159en\u00ed, hran\u00ed hlasit\u00e9 hudby a tanec na ve\u0159ejnosti b\u011bhem denn\u00edch hodin zak\u00e1z\u00e1no a trest\u00e1no z\u00e1konem, a to i pro nemuslimy.<\/p>\n\n\n\n<h3 class=\"wp-block-heading\">Klima a p\u0159\u00edrodn\u00ed katastrofy<\/h3>\n\n\n\n<p>Bahrajn m\u00e1 \u010dasto extr\u00e9mn\u011b vysok\u00e9 teploty. Od \u010dervna do srpna se teploty mohou pohybovat nad 50\u00b0C.<\/p>\n\n\n\n<p>Abyste se vyhnuli \u00fapalu a dehydrataci:<\/p>\n\n\n\n<ul class=\"wp-block-list\">\n<li>pijte hodn\u011b vody<\/li>\n\n\n\n<li>vyhn\u011bte se dlouh\u00e9mu pobytu v horku<\/li>\n<\/ul>\n\n\n\n<p>P\u00edse\u010dn\u00e9 a prachov\u00e9 bou\u0159e se vyskytuj\u00ed \u010dasto.<\/p>\n\n\n\n<h3 class=\"wp-block-heading\">Uk\u00e1zky<\/h3>\n\n\n\n<p>Mo\u017en\u00e9 jsou ob\u010dasn\u00e9 demonstrace a protesty. To m\u016f\u017ee zahrnovat pokusy o p\u0159eru\u0161en\u00ed dopravy a tak\u00e9 nepokoje ve venkovsk\u00fdch oblastech a v bl\u00edzkosti hospod\u00e1\u0159sk\u00fdch center. Z\u0159\u00eddka to vede k lokalizovan\u00fdm konflikt\u016fm mezi vl\u00e1dn\u00edmi bezpe\u010dnostn\u00edmi silami a demonstranty. V\u00fdro\u010d\u00ed kl\u00ed\u010dov\u00fdch ud\u00e1lost\u00ed v Bahrajnu p\u0159\u00edle\u017eitostn\u011b zvy\u0161uj\u00ed pravd\u011bpodobnost spont\u00e1nn\u00edch demonstrac\u00ed. V minulosti se srovnateln\u00e9 p\u0159\u00edpady vyskytly v Sitra, Bani Jamra, Karbabad, Saar, Karzakan, Budaiya Highway a sousedn\u00edch vesnic\u00edch.<\/p>\n\n\n\n<p>I kdy\u017e dosud nedo\u0161lo k \u017e\u00e1dn\u00fdm p\u0159\u00edm\u00fdm v\u00fdhr\u016f\u017ek\u00e1m nebo \u00fatok\u016fm proti britsk\u00fdm st\u00e1tn\u00edm p\u0159\u00edslu\u0161n\u00edk\u016fm, m\u011bli byste b\u00fdt opatrn\u00ed, dodr\u017eovat rady m\u00edstn\u00edch \u00fa\u0159ad\u016f a db\u00e1t na sv\u00e9 okol\u00ed, a\u0165 jste kdekoli na ostrov\u011b.<\/p>\n\n\n\n<p>Ohro\u017eeni jsou ti, kte\u0159\u00ed se mohou omylem ocitnout v bl\u00edzkosti n\u00e1siln\u00e9ho shrom\u00e1\u017ed\u011bn\u00ed.<\/p>\n\n\n\n<p>Pokud se setk\u00e1te s velk\u00fdm ve\u0159ejn\u00fdm shrom\u00e1\u017ed\u011bn\u00edm nebo demonstrac\u00ed, mus\u00edte oblast rychle evakuovat. Pokud zpozorujete podez\u0159el\u00fd p\u0159edm\u011bt, nep\u0159ibli\u017eujte se k n\u011bmu ani se k n\u011bmu nedot\u00fdkejte. Odejd\u011bte a vyto\u010dte 999 nebo policejn\u00ed t\u00eds\u0148ovou linku 8000 8008.<\/p>\n\n\n\n<p>B\u011bhem denn\u00edho sv\u011btla je cestov\u00e1n\u00ed po hlavn\u00edch d\u00e1lnic\u00edch \u010dasto spo\u0159\u00e1dan\u00e9. Existuje n\u011bkolik policejn\u00edch kontroln\u00edch stanovi\u0161\u0165.<\/p>\n\n\n\n<p>B\u011bhem demonstrac\u00ed se mohou silnice st\u00e1t nepr\u016fjezdn\u00e9, co\u017e si vy\u017e\u00e1d\u00e1 obj\u00ed\u017e\u010fky. Ty v\u00e1s mohou p\u0159esm\u011brovat p\u0159es nezn\u00e1m\u00e9 \u00fazem\u00ed. M\u011bli byste se sezn\u00e1mit s jin\u00fdmi cestami.<\/p>\n\n\n\n<p>M\u00edstn\u00ed ve\u0159ejn\u00e9 m\u00edn\u011bn\u00ed v regionu je nad\u00e1le ovliv\u0148ov\u00e1no region\u00e1ln\u00edm v\u00fdvojem. Mus\u00edte si b\u00fdt v\u011bdomi m\u00edstn\u00ed citlivosti t\u00fdkaj\u00edc\u00ed se t\u011bchto z\u00e1le\u017eitost\u00ed. Sledujte novinky a uv\u011bdomte si m\u00edstn\u00ed a region\u00e1ln\u00ed v\u00fdvoj, kter\u00fd m\u016f\u017ee vyvolat nepokoje ve\u0159ejnosti.<\/p>\n\n\n\n<p>Ministerstvo vnitra vydalo p\u0159ipomenut\u00ed, \u017ee v\u0161ichni obyvatel\u00e9 a host\u00e9 jsou povinni nosit pr\u016fkaz s fotografi\u00ed. Pokuta a\u017e do v\u00fd\u0161e 300 BHD m\u016f\u017ee b\u00fdt ulo\u017eena, pokud nem\u016f\u017eete na \u017e\u00e1dost \u010dlena bahrajnsk\u00e9 vl\u00e1dy p\u0159edlo\u017eit pr\u016fkaz toto\u017enosti s fotografi\u00ed, jak to vy\u017eaduje bahrajnsk\u00e1 legislativa.<\/p>\n\n\n\n<h2 class=\"wp-block-heading\">Z\u016fsta\u0148te zdrav\u00ed v Bahrajnu<\/h2>\n\n\n\n<p>Ujist\u011bte se, \u017ee pijete hodn\u011b vody. Od dubna do srpna m\u016f\u017ee b\u00fdt extr\u00e9mn\u011b horko (a\u017e 50 stup\u0148\u016f Celsia) a vlhk\u00e9. Chra\u0148te se p\u0159ed sluncem pomoc\u00ed de\u0161tn\u00edku. Z\u016fstat hydratovan\u00fd je z\u00e1sadn\u00ed, zvl\u00e1\u0161t\u011b pokud jste cel\u00fd den venku. Balen\u00e1 voda je k dispozici ke koupi za extr\u00e9mn\u011b n\u00edzk\u00e9 ceny t\u00e9m\u011b\u0159 v\u0161ude ve m\u011bst\u011b, z \u201echlad\u00edren\u201c a mal\u00fdch restaurac\u00ed.<\/p>\n\n\n\n<p>Mal\u00e9 chlazen\u00e9 lahve prod\u00e1vaj\u00ed pouli\u010dn\u00ed prodava\u010di na trhu, ale mo\u017en\u00e1 utrat\u00edte v\u00edc, ne\u017e stoj\u00ed lahev. Pokud chcete z\u016fstat v Bahrajnu del\u0161\u00ed dobu, m\u016f\u017eete si za\u0159\u00eddit m\u00edstn\u00ed Cold Shop, kter\u00fd v\u00e1m doru\u010d\u00ed balenou vodu do va\u0161eho bytu, nebo se p\u0159ihl\u00e1sit k dod\u00e1vce vody prost\u0159ednictv\u00edm n\u011bkter\u00e9ho z mnoha podnik\u016f na ostrov\u011b. Mnoho mraz\u00edren (stejn\u011b jako n\u011bkter\u00e9 hotely) doveze sv\u00e9 zbo\u017e\u00ed (nebo j\u00eddlo) do va\u0161eho hotelu nebo bytu zdarma.<\/p>\n\n\n\n<h3 class=\"wp-block-heading\">COVID 19<\/h3>\n\n\n\n<p>Ve ve\u0159ejn\u00fdch prostor\u00e1ch neexistuj\u00ed \u017e\u00e1dn\u00e1 omezen\u00ed COVID-19 a v\u0161echny podniky, v\u010detn\u011b obchod\u016f, bank a restaurac\u00ed, funguj\u00ed jako obvykle. Masky jsou voliteln\u00e9 ve vnit\u0159n\u00edch i venkovn\u00edch prostor\u00e1ch (krom\u011b zdravotnick\u00fdch za\u0159\u00edzen\u00ed).<\/p>\n\n\n\n<p>Neexistuj\u00ed \u017e\u00e1dn\u00e1 omezen\u00ed souvisej\u00edc\u00ed s COVID-19 na dostupnost ubytov\u00e1n\u00ed a za\u0159\u00edzen\u00ed, v\u010detn\u011b hotel\u016f a soukrom\u00fdch pron\u00e1jm\u016f.<\/p>\n\n\n\n<p>Pokud se domn\u00edv\u00e1te, \u017ee poci\u0165ujete p\u0159\u00edznaky COVID-19, m\u011bli byste zavolat na m\u00edstn\u00ed horkou linku 444 a \u0159\u00eddit se radami \u00fa\u0159ad\u016f. V p\u0159\u00edpad\u011b obecn\u00fdch dotaz\u016f ohledn\u011b COVID-19 v Bahrajnu kontaktujte ministerstvo zdravotnictv\u00ed na adrese covid19@moh.gov.bh. Ti, kte\u0159\u00ed maj\u00ed pozitivn\u00ed test na COVID-19, budou kontaktov\u00e1ni \u00fa\u0159ady prost\u0159ednictv\u00edm aplikace \u201eBeAware\u201c a budou povinni se izolovat doma nebo v hotelu po dobu 7 dn\u016f (pokud jsou pln\u011b o\u010dkovan\u00ed) nebo 10 dn\u016f (pokud nejsou o\u010dkovan\u00ed) od data n\u00e1kazy. Z\u00edsk\u00e1n\u00edm negativn\u00edho v\u00fdsledku PCR ze soukrom\u00e9 nemocnice m\u016f\u017ee b\u00fdt obdob\u00ed samoizolace ukon\u010deno d\u0159\u00edve. V p\u0159\u00edpad\u011b pot\u0159eby bude terapie COVID-19 poskytnuta zdarma.<\/p>","protected":false},"excerpt":{"rendered":"<p>Bahrajn m\u011bl v roce 2011 t\u00e9m\u011b\u0159 ob\u010danskou v\u00e1lku se stovkami ob\u011bt\u00ed, stovkami zran\u011bn\u00ed a zna\u010dn\u00fdm po\u010dtem aktivist\u016f a l\u00e9ka\u0159\u016f uv\u011bzn\u011bn\u00fdch a mu\u010den\u00fdch. P\u0159esto\u017ee byly obrovsk\u00e9 protesty nemilosrdn\u011b potla\u010deny, prost\u0159ed\u00ed z\u016fst\u00e1v\u00e1 nest\u00e1l\u00e9 a ka\u017edou chv\u00edli m\u016f\u017ee doj\u00edt k protest\u016fm, nepokoj\u016fm a zab\u00edjen\u00ed policist\u016f. Cestovatel\u00e9 by se m\u011bli vyh\u00fdbat venkovsk\u00fdm oblastem a komunit\u00e1m na severoz\u00e1pad\u011b zem\u011b. K velk\u00fdm protest\u016fm m\u016f\u017ee doj\u00edt ka\u017edou chv\u00edli, a p\u0159esto\u017ee se ob\u010das mohou st\u00e1t n\u00e1siln\u00fdmi, jen z\u0159\u00eddka jsou protiz\u00e1padn\u00ed. Vyhn\u011bte se m\u00edst\u016fm, kde se zd\u00e1, \u017ee se shroma\u017e\u010fuj\u00ed velk\u00e9 skupiny jednotlivc\u016f.<\/p>","protected":false},"author":1,"featured_media":35491,"parent":35335,"menu_order":0,"comment_status":"closed","ping_status":"closed","template":"elementor_theme","meta":{"_eb_attr":"","footnotes":""},"class_list":["post-35488","page","type-page","status-publish","has-post-thumbnail"],"_links":{"self":[{"href":"https:\/\/travelshelper.com\/cs\/wp-json\/wp\/v2\/pages\/35488","targetHints":{"allow":["GET"]}}],"collection":[{"href":"https:\/\/travelshelper.com\/cs\/wp-json\/wp\/v2\/pages"}],"about":[{"href":"https:\/\/travelshelper.com\/cs\/wp-json\/wp\/v2\/types\/page"}],"author":[{"embeddable":true,"href":"https:\/\/travelshelper.com\/cs\/wp-json\/wp\/v2\/users\/1"}],"replies":[{"embeddable":true,"href":"https:\/\/travelshelper.com\/cs\/wp-json\/wp\/v2\/comments?post=35488"}],"version-history":[{"count":0,"href":"https:\/\/travelshelper.com\/cs\/wp-json\/wp\/v2\/pages\/35488\/revisions"}],"up":[{"embeddable":true,"href":"https:\/\/travelshelper.com\/cs\/wp-json\/wp\/v2\/pages\/35335"}],"wp:featuredmedia":[{"embeddable":true,"href":"https:\/\/travelshelper.com\/cs\/wp-json\/wp\/v2\/media\/35491"}],"wp:attachment":[{"href":"https:\/\/travelshelper.com\/cs\/wp-json\/wp\/v2\/media?parent=35488"}],"curies":[{"name":"wp","href":"https:\/\/api.w.org\/{rel}","templated":true}]}}