{"id":35452,"date":"2024-11-30T22:41:22","date_gmt":"2024-11-30T22:41:22","guid":{"rendered":"https:\/\/travelshelper.com\/staging\/?page_id=35452"},"modified":"2026-03-11T02:11:40","modified_gmt":"2026-03-11T02:11:40","slug":"nocni-zivot-v-bahrajnu","status":"publish","type":"page","link":"https:\/\/travelshelper.com\/cs\/destinations\/asia\/bahrain\/nightlife-in-bahrain\/","title":{"rendered":"No\u010dn\u00ed \u017eivot v Bahrajnu"},"content":{"rendered":"<p>Bahrajnsk\u00fd no\u010dn\u00ed \u017eivot je pom\u011brn\u011b dob\u0159e rozvinut\u00fd, co\u017e je p\u0159ekvapiv\u00e9. Je to d\u00e1no p\u0159edev\u0161\u00edm toleranc\u00ed vl\u00e1dy a velk\u00fdm po\u010dtem cizinc\u016f \u017eij\u00edc\u00edch v zemi. Bahrajn je \u010dasto ozna\u010dov\u00e1n jako \u201eHavaj Bl\u00edzk\u00e9ho v\u00fdchodu\u201c. Po z\u00e1padu slunce najde z\u00e1bavu ka\u017ed\u00fd. Po cel\u00e9 zemi jsou diskot\u00e9ky, karaoke bary a kluby s \u017eivou hudbou.<\/p>\n\n\n\n<p>Adliya je zn\u00e1m\u00e1 p\u0159edev\u0161\u00edm sv\u00fdm no\u010dn\u00edm \u017eivotem. Toto je Man\u00e1m\u016fv \u010desk\u00fd okres. Luxusn\u00ed hotely poskytuj\u00ed n\u011bkolik mo\u017enost\u00ed pro ve\u010dern\u00ed z\u00e1bavu. Alkohol je povolen po cel\u00e9 zemi, dokonce i v klubech. To p\u0159itahuje turisty ze sousedn\u00edch konzervativn\u011bj\u0161\u00edch arabsk\u00fdch zem\u00ed.<\/p>\n\n\n\n<h2 class=\"wp-block-heading\">Bary a kluby v Bahrajnu<\/h2>\n\n\n\n<p>Proto\u017ee prakticky v\u0161echna licencovan\u00e1 za\u0159\u00edzen\u00ed mus\u00ed b\u00fdt p\u0159idru\u017eena ke \u010dty\u0159- a p\u011btihv\u011bzdi\u010dkov\u00fdm hotel\u016fm, nen\u00ed v Man\u00e1m\u011b \u017e\u00e1dn\u00e1 z\u0159eteln\u00e1 \u010dtvr\u0165 no\u010dn\u00edho \u017eivota; sp\u00ed\u0161e je zde m\u0159\u00ed\u017ekov\u00e1 distribuce m\u00edst po cel\u00e9m m\u011bst\u011b. Jakmile bar u\u017e n\u011bjakou dobu funguje, z\u00edsk\u00e1 si mezi m\u00edstn\u00edmi reputaci a mnoho z nich se stane zn\u00e1m\u00fdmi podniky po cel\u00fdch st\u00e1tech Persk\u00e9ho z\u00e1livu. Jedn\u00edm z takov\u00fdch za\u0159\u00edzen\u00ed je Sherlock Holmes (Hotel Gulf, Manama), tematick\u00fd bar s v\u00fdznamnou histori\u00ed. A\u010dkoli je to docela pohodln\u00e9, nedok\u00e1zalo se zbavit sv\u00e9ho tradi\u010dn\u00edho vzhledu lond\u00fdnsk\u00e9 hospody a v\u011bt\u0161inu v\u00edkend\u016f m\u00e1 \u017eivou hudbu, kter\u00e1 je obvykle pln\u00e1 \u0161tamgast\u016f; nicm\u00e9n\u011b v\u00edkendy v Bahrajnu mohou b\u00fdt tak\u00e9 extr\u00e9mn\u011b p\u0159epln\u011bn\u00e9.<\/p>\n\n\n\n<p>Trader Vic&#039;s (Le Meridien, Manama) se nach\u00e1z\u00ed v bl\u00edzkosti jedn\u00e9 z pl\u00e1\u017e\u00ed Manama a nab\u00edz\u00ed rozs\u00e1hl\u00fd v\u00fdhled na z\u00e1liv z pohodl\u00ed sv\u00e9ho klimatizovan\u00e9ho interi\u00e9ru. Je proslul\u00fd sv\u00fdmi koktejly inspirovan\u00fdmi ji\u017en\u00edmi mo\u0159i a pod\u00e1van\u00fdmi v kr\u00e1sn\u00fdch hrnc\u00edch, d\u00edky \u010demu\u017e je jedn\u00edm z nejv\u011bt\u0161\u00edch m\u00edst m\u011bsta pro z\u00e1pad slunce. Warbler Club (Baisan Hotel, Manama) je dal\u0161\u00ed za\u0159\u00edzen\u00ed, kter\u00e9 nab\u00edz\u00ed pravidelnou \u017eivou hudbu, atraktivn\u00ed dav a vynikaj\u00edc\u00ed barov\u00e9 j\u00eddlo. Toto je jedno z nejlep\u0161\u00edch m\u00edst v Bahrajnu pro sportovn\u00ed fanou\u0161ky, kde si mohou vychutnat drink, proto\u017ee je zde spousta velk\u00fdch televizor\u016f nalad\u011bn\u00fdch na v\u0161echny hry.<\/p>\n\n\n\n<h3 class=\"wp-block-heading\">Downtown Bar<\/h3>\n\n\n\n<p><em>Adresa: 1507 King Faisal Highway, Manama \u2013 Otev\u00edrac\u00ed doba: Denn\u011b: 16:00\u20132:00<\/em><\/p>\n\n\n\n<p>Downtown, \u010d\u00e1st hotelu Intercontinental Regency Hotel, je obl\u00edben\u00fdm m\u00edstem m\u00edstn\u00edch a turist\u016f a p\u0159itahuje velk\u00e9 davy lid\u00ed, zejm\u00e9na v noci s \u017eivou hudbou. P\u0159edstavuj\u00ed m\u00edstn\u00ed kapely, ve\u010dery s otev\u0159en\u00fdm mikrofonem a jam sessions a ve st\u0159edu je Ladies&#039; Night.<\/p>\n\n\n\n<h3 class=\"wp-block-heading\">JJ&#039;s Irish Pub<\/h3>\n\n\n\n<p><em>Adresa: Block 326, Al Qudaibiya, Manama<\/em><\/p>\n\n\n\n<p>JJ&#039;s bar je velk\u00fd podnik s p\u0159\u00edjemn\u00fdm prost\u0159ed\u00edm a \u0161irokou nab\u00eddkou to\u010den\u00fdch piv. Existuje mnoho t\u00fddenn\u00edch aktivit, v\u010detn\u011b karaoke, hospodsk\u00fdch kv\u00edz\u016f, d\u00e1msk\u00e9ho ve\u010dera a \u017eiv\u00e9 hudby dom\u00e1c\u00ed kapely The Noise.<\/p>\n\n\n\n<h3 class=\"wp-block-heading\">P\u011bnice<\/h3>\n\n\n\n<p><em>Adresa: Block 320, Manama \u2013 Otev\u00edrac\u00ed doba: Denn\u011b: 12:00-2:00<\/em><\/p>\n\n\n\n<p>The Warbler, prominentn\u00ed sportovn\u00ed hospoda v britsk\u00e9m stylu, kter\u00e1 t\u00e9m\u011b\u0159 ka\u017ed\u00fd ve\u010der po\u0159\u00e1d\u00e1 akce, se nach\u00e1z\u00ed v hotelu Baisan International. K dispozici je tanec, \u017eiv\u00e1 hudba, p\u0159enosy v\u00fdznamn\u00fdch sportovn\u00edch ud\u00e1lost\u00ed, \u00fatern\u00ed D\u00e1msk\u00e1 noc a pln\u011b z\u00e1soben\u00e1 kuchyn\u011b s nab\u00eddkou r\u016fzn\u00fdch j\u00eddel.<\/p>\n\n\n\n<h3 class=\"wp-block-heading\">P\u011bnice<\/h3>\n\n\n\n<p><em>Adresa: Block 320, Manama \u2013 Otev\u00edrac\u00ed doba: Denn\u011b: 12:00-2:00<\/em><\/p>\n\n\n\n<p>The Warbler, prominentn\u00ed sportovn\u00ed hospoda v britsk\u00e9m stylu, kter\u00e1 t\u00e9m\u011b\u0159 ka\u017ed\u00fd ve\u010der po\u0159\u00e1d\u00e1 akce, se nach\u00e1z\u00ed v hotelu Baisan International. K dispozici je tanec, \u017eiv\u00e1 hudba, p\u0159enosy v\u00fdznamn\u00fdch sportovn\u00edch ud\u00e1lost\u00ed, \u00fatern\u00ed D\u00e1msk\u00e1 noc a pln\u011b z\u00e1soben\u00e1 kuchyn\u011b s nab\u00eddkou r\u016fzn\u00fdch j\u00eddel.<\/p>\n\n\n\n<h2 class=\"wp-block-heading\">Stravov\u00e1n\u00ed a kuchyn\u011b v Bahrajnu<\/h2>\n\n\n\n<p>V Bahrajnu se cena a kvalita potravin zna\u010dn\u011b li\u0161\u00ed. Pokud se nec\u00edt\u00edte na vyhazov\u00e1n\u00ed spousty pen\u011bz, m\u016f\u017eete si vybrat z r\u016fzn\u00fdch hotel\u016f, kter\u00e9 spadaj\u00ed do \u0161irok\u00e9 \u0161k\u00e1ly cen. Bydlen\u00ed v zahrani\u010d\u00ed znamen\u00e1 hodn\u011b stravov\u00e1n\u00ed mimo domov, tak\u017ee se nev\u00e1hejte zeptat kohokoli na aktu\u00e1ln\u00ed n\u00e1pady; obvykle r\u00e1di pomohou. V Man\u00e1m\u011b m\u00e1 \u00fastn\u00ed pod\u00e1n\u00ed velk\u00fd vliv.<\/p>\n\n\n\n<p>Adilya, Mezzaluna (3808 Road, Manama) je poklad v centru restaura\u010dn\u00ed \u010dtvrti a jedna z nejobl\u00edben\u011bj\u0161\u00edch restaurac\u00ed v Manama, tak\u017ee si nezapome\u0148te rezervovat rezervace s dostate\u010dn\u00fdm p\u0159edstihem. Francouzsk\u00fd \u0161\u00e9fkucha\u0159 v Mezzalun\u011b p\u0159ipravuje \u0161irokou \u0161k\u00e1lu mezin\u00e1rodn\u00edch j\u00eddel a v\u0159ele doporu\u010dujeme steaky z \u017eeb\u00edra. Restaurace se nach\u00e1z\u00ed ve star\u00e9m bahrajnsk\u00e9m s\u00eddle s odpov\u00eddaj\u00edc\u00ed v\u00fdzdobou.<\/p>\n\n\n\n<p>Mezit\u00edm se Jim&#039;s (Usama bin Zaid Avenue, Manama) stal expat instituc\u00ed, kter\u00e1 je zn\u00e1m\u00e1 sv\u00fdmi ru\u010dn\u011b vyr\u00e1b\u011bn\u00fdmi \u010dokol\u00e1dov\u00fdmi vodkami i sv\u00fdmi kompletn\u00edmi irsk\u00fdmi sn\u00eddan\u011bmi pod\u00e1van\u00fdmi v okouzluj\u00edc\u00edm prost\u0159ed\u00ed chaty. Vzhledem k Jimov\u011b v\u0159elosti a smyslu pro humor bude tato restaurace v Bahrajnu pravd\u011bpodobn\u011b extr\u00e9mn\u011b p\u0159epln\u011bn\u00e1, proto si rezervujte p\u0159edem.<\/p>\n\n\n\n<p>M\u00f3dn\u00ed Casa Blu v arabsk\u00e9m stylu (Sheikh Isa Avenue, Manama) zdob\u00ed star\u00e9 psac\u00ed stroje, po\u0161kozen\u00e9 star\u00e9 pokladny, luxusn\u00ed pohovky a \u017eiv\u00fd hip-hop, to v\u0161e p\u0159isp\u00edv\u00e1 k atmosf\u00e9\u0159e restaurace. Kuchyn\u011b je stejn\u011b skv\u011bl\u00e1 jako atmosf\u00e9ra.<\/p>\n\n\n\n<h2 class=\"wp-block-heading\">Kde j\u00edst a p\u00edt v Bahrajnu<\/h2>\n\n\n\n<p>Jak se slu\u0161\u00ed jeho pov\u011bsti jedin\u00e9ho st\u00e1tu Persk\u00e9ho z\u00e1livu, kde lze leg\u00e1ln\u011b zakoupit alkohol, je Bahrajnsk\u00e1 sc\u00e9na stravov\u00e1n\u00ed a no\u010dn\u00edho \u017eivota obl\u00edben\u00e1 mezi m\u00edstn\u00edmi expaty a sa\u00fadskoarabsk\u00fdmi turisty.<\/p>\n\n\n\n<p>V Manam\u011b p\u0159evl\u00e1daj\u00ed sportovn\u00ed bary a irsk\u00e1 restaurace JJ&#039;s je jednou z nejv\u011bt\u0161\u00edch. Bizarre Lounge v Le M\u00e9ridien a Casa Bar &amp; Terrace v Mercure Grand Seef jsou dva z nejlep\u0161\u00edch bar\u016f a no\u010dn\u00edch klub\u016f mezi luxusn\u00edmi hotely v t\u00e9to oblasti. Ibrida v hotelu Ramee Grand a Club XS v hotelu Ramee Rose jsou obl\u00edben\u00e9 no\u010dn\u00ed kluby. Ve v\u011bt\u0161in\u011b p\u0159edn\u00edch no\u010dn\u00edch klub\u016f se ve v\u0161edn\u00ed dny po\u0159\u00e1daj\u00ed propagace drink\u016f happy hour a d\u00e1msk\u00e9 ve\u010dery.<\/p>\n\n\n\n<h3 class=\"wp-block-heading\">Pozdn\u00ed sn\u00eddan\u011b<\/h3>\n\n\n\n<p>Vzhledem k tomu, \u017ee akce na trati neza\u010d\u00edn\u00e1 a\u017e pozd\u011bji, pro\u010d neza\u010d\u00edt sv\u016fj den s tradic\u00ed obl\u00edben\u00e9 lokality. P\u0159epychov\u00e9 brunche \u201eall you can eat\u201c se pod\u00e1vaj\u00ed v bezpo\u010dtu restaurac\u00ed po cel\u00e9 Man\u00e1m\u011b, zejm\u00e9na ve \u0161pi\u010dkov\u00fdch hotelech, jako je Le M\u00e9ridien &amp; Ritz Carlton. Nejobl\u00edben\u011bj\u0161\u00edmi dny jsou p\u00e1tky a soboty. Zaplat\u00edte pevnou \u010d\u00e1stku (norm\u00e1ln\u011b 20\u201340 BHD \/ 50\u2013100 USD) za v\u0161echno j\u00eddlo a pit\u00ed, kter\u00e9 zvl\u00e1dnete za 3\u20134 hodiny. Pokud na p\u0159\u00ed\u0161t\u00ed rok doraz\u00edte brzy, mnoho restaurac\u00ed bude 17. b\u0159ezna slavit Den svat\u00e9ho Patrika speci\u00e1ln\u00edmi tematick\u00fdmi akcemi.<\/p>\n\n\n\n<h3 class=\"wp-block-heading\">Bufet<\/h3>\n\n\n\n<p>Krom\u011b brunche nab\u00edz\u00ed n\u011bkolik nejlep\u0161\u00edch m\u011bstsk\u00fdch hotel\u016f a restaurac\u00ed b\u011bhem t\u00fddne, zejm\u00e9na od st\u0159edy do p\u00e1tku, bufety typu \u201ev\u0161e, co m\u016f\u017ee\u0161 j\u00edst\u201c. Mezi obl\u00edben\u00e9 bufety pat\u0159\u00ed tematick\u00e9 ve\u010dery v Crowne Plaza, indick\u00e1 kuchyn\u011b ve \u010dtvrtek a p\u00e1tek v restauraci Lanterns a plody mo\u0159e ve \u010dtvrtek ve\u010der v Le M\u00e9ridien.<\/p>\n\n\n\n<h3 class=\"wp-block-heading\">Spravedlnost<\/h3>\n\n\n\n<p>Mnoho z nejlep\u0161\u00edch restaurac\u00ed Manama se nach\u00e1z\u00ed ve \u010dtvrti Adliya. Mezi obl\u00edben\u00e9 kav\u00e1rny pat\u0159\u00ed Coco&#039;s, kter\u00e1 pod\u00e1v\u00e1 tradi\u010dn\u00ed americkou kuchyni, a Caf\u00e9 Lilou s pa\u0159\u00ed\u017esk\u00fdm n\u00e1dechem. Rasoi by Vineet pod\u00e1v\u00e1 n\u011bkter\u00e9 z nejlep\u0161\u00edch indick\u00fdch j\u00eddel v Manama; Nedalek\u00e1 restaurace Polo Gastropub v Palace Boutique Hotel nab\u00edz\u00ed chutn\u00e9 hamburgery a \u017eivou hudbu a The Meat Company pod\u00e1v\u00e1 prvot\u0159\u00eddn\u00ed steaky.<\/p>\n\n\n\n<h3 class=\"wp-block-heading\">Bahrajnsk\u00e1 kuchyn\u011b<\/h3>\n\n\n\n<p>Neopou\u0161t\u011bjte Man\u00e1mu, ani\u017e byste sn\u011bdli lahodnou m\u00edstn\u00ed kuchyni. Mezi obl\u00edben\u00e9 recepty pat\u0159\u00ed machboos (vo\u0148av\u00e1 r\u00fd\u017ee s p\u0159\u00edchut\u00ed masa), grilovan\u00e9 maso s khubusem (m\u011bkk\u00fd chl\u00e9b), nasheef (bramborov\u00fd a masov\u00fd gul\u00e1\u0161) a luqaimat (sladk\u00e9 knedl\u00edky). Haji Gahwa je pouli\u010dn\u00ed kav\u00e1rna v Manama Souk, kter\u00e1 nab\u00edz\u00ed vynikaj\u00edc\u00ed a levn\u00e1 dom\u00e1c\u00ed j\u00eddla, zat\u00edmco Basta 23 v Riyadat Mall nab\u00edz\u00ed modern\u00ed pohled na tradi\u010dn\u00ed m\u00edstn\u00ed kuchyni.<\/p>","protected":false},"excerpt":{"rendered":"<p>Bahrajnsk\u00fd no\u010dn\u00ed \u017eivot je pom\u011brn\u011b dob\u0159e rozvinut\u00fd, co\u017e je p\u0159ekvapiv\u00e9. Je to d\u00e1no p\u0159edev\u0161\u00edm toleranc\u00ed vl\u00e1dy a velk\u00fdm po\u010dtem cizinc\u016f \u017eij\u00edc\u00edch v zemi. Bahrajn je \u010dasto ozna\u010dov\u00e1n jako \u201eHavaj Bl\u00edzk\u00e9ho v\u00fdchodu\u201c. Po z\u00e1padu slunce najde z\u00e1bavu ka\u017ed\u00fd. Po cel\u00e9 zemi jsou diskot\u00e9ky, karaoke bary a kluby s \u017eivou hudbou.<\/p>","protected":false},"author":1,"featured_media":35455,"parent":35335,"menu_order":0,"comment_status":"closed","ping_status":"closed","template":"elementor_theme","meta":{"_eb_attr":"","footnotes":""},"class_list":["post-35452","page","type-page","status-publish","has-post-thumbnail"],"_links":{"self":[{"href":"https:\/\/travelshelper.com\/cs\/wp-json\/wp\/v2\/pages\/35452","targetHints":{"allow":["GET"]}}],"collection":[{"href":"https:\/\/travelshelper.com\/cs\/wp-json\/wp\/v2\/pages"}],"about":[{"href":"https:\/\/travelshelper.com\/cs\/wp-json\/wp\/v2\/types\/page"}],"author":[{"embeddable":true,"href":"https:\/\/travelshelper.com\/cs\/wp-json\/wp\/v2\/users\/1"}],"replies":[{"embeddable":true,"href":"https:\/\/travelshelper.com\/cs\/wp-json\/wp\/v2\/comments?post=35452"}],"version-history":[{"count":0,"href":"https:\/\/travelshelper.com\/cs\/wp-json\/wp\/v2\/pages\/35452\/revisions"}],"up":[{"embeddable":true,"href":"https:\/\/travelshelper.com\/cs\/wp-json\/wp\/v2\/pages\/35335"}],"wp:featuredmedia":[{"embeddable":true,"href":"https:\/\/travelshelper.com\/cs\/wp-json\/wp\/v2\/media\/35455"}],"wp:attachment":[{"href":"https:\/\/travelshelper.com\/cs\/wp-json\/wp\/v2\/media?parent=35452"}],"curies":[{"name":"wp","href":"https:\/\/api.w.org\/{rel}","templated":true}]}}