{"id":35412,"date":"2024-11-30T21:37:11","date_gmt":"2024-11-30T21:37:11","guid":{"rendered":"https:\/\/travelshelper.com\/staging\/?page_id=35412"},"modified":"2026-03-11T02:09:09","modified_gmt":"2026-03-11T02:09:09","slug":"co-delat-v-bahrajnu","status":"publish","type":"page","link":"https:\/\/travelshelper.com\/cs\/destinations\/asia\/bahrain\/things-to-do-in-bahrain\/","title":{"rendered":"Co d\u011blat v Bahrajnu"},"content":{"rendered":"<p>Z\u00e1vod Formule 1 Grand Prix Bahrajnu, kter\u00fd se kon\u00e1 v dubnu na Bahrain International Circuit, je nejv\u00fdznamn\u011bj\u0161\u00ed ka\u017edoro\u010dn\u00ed ud\u00e1lost\u00ed v Bahrajnu. Pl\u00e1nujte dop\u0159edu, proto\u017ee vstupenky jsou vyprod\u00e1ny a n\u00e1klady na hotel raketov\u011b vzrostly. Obvykle jsou prvn\u00ed rezervace zp\u016fsobil\u00e9 pro slevy v rozmez\u00ed od 10 do 20 procent. V z\u00e1vislosti na tribun\u011b stoj\u00ed vstupenky kdekoli mezi 150 a 60 BD.<\/p>\n\n\n\n<p>Pot\u00e1p\u011bn\u00ed je v Bahrajnu st\u00e1le obl\u00edben\u011bj\u0161\u00ed. Nach\u00e1z\u00ed se zde mnoho pot\u00e1p\u011b\u010dsk\u00fdch center. Tepl\u00e9 pob\u0159e\u017en\u00ed vody se hem\u017e\u00ed vodn\u00edm \u017eivotem. \u017dije zde kolem 400 druh\u016f ryb. Existuje tak\u00e9 n\u011bkolik stovek druh\u016f kor\u00e1l\u016f, kter\u00e9 podporuj\u00ed mo\u0159sk\u00fd \u017eivot. Severn\u00ed vody podporuj\u00ed v\u011bt\u0161\u00ed biologickou rozmanitost. Na jihu Spojen\u00fdch st\u00e1t\u016f se v\u0161ak kapust\u0148\u00e1ci vyskytuj\u00ed. B\u011b\u017en\u00e9 je tak\u00e9 rec-pot\u00e1p\u011bn\u00ed, odvozen\u00e9 od fr\u00e1ze \u201eztroskot\u00e1n\u00ed\u201c. U pob\u0159e\u017e\u00ed jsou \u010detn\u00e9 vraky z r\u016fzn\u00fdch \u010dasov\u00fdch obdob\u00ed. Na severu je nav\u00edc popul\u00e1rn\u00ed drift diving. Toto je p\u0159\u00edklad sou\u010dasn\u00e9ho pot\u00e1p\u011bn\u00ed. P\u0159evl\u00e1d\u00e1 tak\u00e9 lov perel a sb\u011br hub.<\/p>\n\n\n\n<p>Perly vyroben\u00e9 v Bahrajnu jsou nejkvalitn\u011bj\u0161\u00ed na sv\u011bt\u011b. Pravd\u011bpodobnost objeven\u00ed \u00fast\u0159ice obsahuj\u00edc\u00ed perlu je velmi vysok\u00e1. P\u0159ibli\u017en\u011b 1 ze 100. M\u016f\u017eete si ponechat celou ko\u0159ist. Vysok\u00e1 teplota vody (20 \u00b0C) umo\u017e\u0148uje i v zim\u011b pot\u00e1p\u011bn\u00ed po cel\u00fd rok. Optim\u00e1ln\u00edm obdob\u00edm pro tuto \u010dinnost je v\u0161ak \u010derven a\u017e z\u00e1\u0159\u00ed. V sou\u010dasn\u00e9 dob\u011b nejsou \u017e\u00e1dn\u00e9 v\u00fdznamn\u00e9 proudy. V Bahrajnu jsou k dispozici \u0161koly surfov\u00e1n\u00ed. Pob\u0159e\u017e\u00ed a pov\u011btrnostn\u00ed podm\u00ednky jsou pro tuto aktivitu ide\u00e1ln\u00ed. Nejhez\u010d\u00ed lokality jsou na severu, bl\u00edzko hlavn\u00edho m\u011bsta. Dal\u0161\u00edm obl\u00edben\u00fdm sportem je kitesurfing.<\/p>\n\n\n\n<p>Bahrajn byl po cel\u00e9 v\u011bky \u00fast\u0159edn\u00edm bodem Bl\u00edzk\u00e9ho v\u00fdchodu. Je marn\u00e9 nav\u0161t\u011bvovat zemi, pokud netou\u017e\u00edte vid\u011bt alespo\u0148 jedno z kulturn\u00edch bohatstv\u00ed Kr\u00e1lovstv\u00ed. N\u00e1dhern\u00e9 Bahrajnsk\u00e9 n\u00e1rodn\u00ed muzeum je vynikaj\u00edc\u00edm v\u00fdchoz\u00edm bodem pro dobrodruhy. M\u016f\u017eete tak\u00e9 nav\u0161t\u00edvit Muharraqovo perlov\u00e9 d\u011bdictv\u00ed. Obsahuje n\u011bkolik b\u00fdval\u00fdch kr\u00e1lovsk\u00fdch s\u00eddel a obchodn\u00edch za\u0159\u00edzen\u00ed.<\/p>\n\n\n\n<p>Bahrajn nab\u00edz\u00ed vz\u00e1cnou p\u0159\u00edle\u017eitost projet se na \u010distokrevn\u00fdch arabsk\u00fdch kon\u00edch. Jedn\u00e1 se o jedno z nejstar\u0161\u00edch plemen kon\u00ed chovan\u00fdch na Arabsk\u00e9m poloostrov\u011b mezi \u010dtvrt\u00fdm a \u0161est\u00fdm stolet\u00edm. Maj\u00ed m\u00edrn\u00e9 tempo r\u016fstu, p\u0159esto jsou neuv\u011b\u0159iteln\u011b p\u016fvabn\u00e9 a kr\u00e1sn\u00e9. Pod\u00e9l pob\u0159e\u017e\u00ed a v pou\u0161ti nab\u00edz\u00ed j\u00edzdu na koni mno\u017estv\u00ed st\u00e1j\u00ed a jezdeck\u00fdch za\u0159\u00edzen\u00ed. Pro milovn\u00edky rychlosti m\u016f\u017ee pou\u0161\u0165 projet d\u017e\u00edpem. To je mo\u017en\u00e9 jako spolujezdec i jako \u0159idi\u010d. Bez proj\u00ed\u017e\u010fky na velbloudu nen\u00ed v\u00fdlet do \u017e\u00e1dn\u00e9 arabsk\u00e9 zem\u011b \u00fapln\u00fd. V Bahrajnu je to tak\u00e9 obl\u00edben\u00e1 forma z\u00e1bavy. M\u016f\u017eete se nap\u0159\u00edklad projet na velbloudu ke slavn\u00e9mu Stromu \u017eivota.<\/p>\n\n\n\n<p>Glamping v pou\u0161ti je velmi neobvykl\u00e1 m\u00edstn\u00ed aktivita. Slovo se skl\u00e1d\u00e1 ze dvou zd\u00e1nliv\u011b protich\u016fdn\u00fdch pojm\u016f: \u201ekemping\u201c a \u201eokouzluj\u00edc\u00ed\u201c. V kr\u00e1sn\u00e9m stanu s Wi-Fi, luxusn\u00edm n\u00e1bytkem a matracemi se ka\u017ed\u00fd m\u016f\u017ee c\u00edtit jako Lawrence z Ar\u00e1bie. Tyto slu\u017eby nab\u00edz\u00ed n\u011bkolik podnik\u016f v r\u016fzn\u00fdch oblastech. Turist\u016fm jsou k dispozici koupelny, d\u011btsk\u00e1 h\u0159i\u0161t\u011b a televize. Tato slu\u017eba je velmi obl\u00edben\u00e1. Proto je t\u0159eba prov\u00e9st rezervaci p\u0159edem. Od listopadu do b\u0159ezna je optim\u00e1ln\u00ed doba pro glamping.<\/p>\n\n\n\n<p>V Bahrajnu jsou turistika a trekking neobvykl\u00e9 aktivity. Ostrovy jsou t\u00e9m\u011b\u0159 na \u00farovni. Vrchol je pouh\u00fdch 122 metr\u016f nad mo\u0159em. D\u00e9lka pob\u0159e\u017e\u00ed je v\u0161ak 160 kilometr\u016f. Proto se trekking skl\u00e1d\u00e1 z pob\u0159e\u017en\u00edch t\u00far. Krom\u011b toho existuj\u00ed trasy na severu, v bl\u00edzkosti Al Qurayyah. Li\u0161\u00ed se \u00farovn\u00ed slo\u017eitosti. Kolem Madnat Isa je v\u00edce cest. V Kr\u00e1lovstv\u00ed nejsou \u017e\u00e1dn\u00e9 skute\u010dn\u00e9 hory ani kopce. Obl\u00edben\u00e1 v\u0161ak z\u016fst\u00e1v\u00e1 horsk\u00e1 kola. Manama je dostupn\u00e1 na horsk\u00fdch kolech pro jednodenn\u00ed v\u00fdlety. Hlavn\u00ed m\u011bsto nab\u00edz\u00ed slu\u017eby p\u016fj\u010dovny vybaven\u00ed.<\/p>\n\n\n\n<p>Tepl\u00e9, m\u011blk\u00e9 pob\u0159e\u017en\u00ed vody se hem\u017e\u00ed rybami. \u017dije zde asi 300 druh\u016f ryb. Ryba\u0159en\u00ed je popul\u00e1rn\u00ed mezi domorodci a cizinci v Bahrajnu. Najdete zde papou\u0161ky, skal\u00e1ry, kanice, Barakudy, klauny a dal\u0161\u00ed tvory tropick\u00fdch \u00fates\u016f. Hotely a turistick\u00e9 firmy pl\u00e1nuj\u00ed ryb\u00e1\u0159sk\u00e9 v\u00fdlety. Existuje jen m\u00e1lo pl\u00e1\u017e\u00ed, kde se lze v\u011bnovat venkovn\u00edm aktivit\u00e1m. Jsou v\u0161ak vynikaj\u00edc\u00ed: \u0161irok\u00e9, prostorn\u00e9, s jemn\u00fdm p\u00edskem a po\u017eadovanou infrastrukturou. Nem\u011bli byste zneu\u017e\u00edvat shov\u00edvavosti m\u00edstn\u00edch obyvatel Bahrajnu k turist\u016fm. Na ve\u0159ejn\u00fdch pl\u00e1\u017e\u00edch, kter\u00e9 nevlastn\u00ed hotely, byste nem\u011bli nosit plavky s p\u0159\u00edli\u0161 n\u00edzk\u00fdmi z\u00e1dy. Mu\u017e\u016fm se nedoporu\u010duje nosit kr\u00e1tk\u00e9 plavky. Plavky by se m\u011bly nosit s \u0161ortkami.<\/p>\n\n\n\n<p>Bahrain Al Beach je obl\u00edben\u00e1 rodinn\u00e1 dovolen\u00e1, zejm\u00e9na pro mal\u00e9 d\u011bti. Pl\u00e1\u017e Amwaj v Bahrajnu je p\u011bkn\u00fdm m\u00edstem pro kitesurfing. Obl\u00edben\u00fd je tak\u00e9 mezi vodn\u00edmi ly\u017ea\u0159i. Ostatn\u00ed cestovatel\u00e9 mohou tuto oblast pova\u017eovat za pon\u011bkud bou\u0159livou. Bahrajnsk\u00e1 pevnost Arad je mal\u00e1 pl\u00e1\u017e, kter\u00e1 se nach\u00e1z\u00ed v bl\u00edzkosti starov\u011bk\u00e9 pevnosti. Mezi obl\u00edben\u00e9 aktivity pat\u0159\u00ed pikniky, turistika a pl\u00e1\u017eov\u00e9 hry. P\u0159i z\u00e1padu slunce poskytuje pl\u00e1\u017e Bahrain Hidd velkolepou perspektivu Man\u00e1my. Krom\u011b toho jsou pl\u00e1\u017eov\u00e9 pikniky \u010dast\u011bj\u0161\u00ed ne\u017e plav\u00e1n\u00ed. Bahrain Jazair je mezi m\u00edstn\u00edmi vyhl\u00e1\u0161en\u00e1 jeden kilometr dlouh\u00e1 pl\u00e1\u017e. Zde je pro d\u011bti spousta z\u00e1bavy. Na pl\u00e1\u017ei je k dispozici n\u011bkolik p\u016fj\u010doven vybaven\u00ed. Bahrain Karbabad je kr\u00e1sn\u00e1 lokalita pobl\u00ed\u017e pevnosti Bahrajn.<\/p>\n\n\n\n<p>Odpov\u011bd\u00ed Bahrajnsk\u00e9ho kr\u00e1lovstv\u00ed na ochranu p\u0159\u00edrody na Bl\u00edzk\u00e9m v\u00fdchod\u011b bylo z\u0159\u00edzen\u00ed p\u0159\u00edrodn\u00edho parku Al Areen. Doufalo se, \u017ee z\u0159\u00edzen\u00ed takov\u00e9 rezervy napom\u016f\u017ee prov\u00e1d\u011bn\u00ed podobn\u00fdch iniciativ v jin\u00fdch zem\u00edch regionu. P\u0159\u00edrodn\u00ed rezervace byla postavena k ochran\u011b vz\u00e1cn\u00fdch arabsk\u00fdch zv\u00ed\u0159at, jako je Oryx, Adax a Gazelle Reem. Je to skv\u011bl\u00e9 pro milovn\u00edky zv\u00ed\u0159at a rodiny. M\u016f\u017eete ji prozkoumat a pozorovat stvo\u0159en\u00ed v jejich p\u0159irozen\u00e9m prost\u0159ed\u00ed. Turist\u00e9 si zde budou moci u\u017e\u00edt pou\u010dn\u00fd voln\u00fd \u010das a zajezdit si na vynikaj\u00edc\u00edch kon\u00edch.<\/p>\n\n\n\n<p>V hotelu Ramee Rose se nach\u00e1z\u00ed jeden z nejlep\u0161\u00edch no\u010dn\u00edch klub\u016f v Bahrajnu. Tane\u010dn\u00ed parket b\u00fdv\u00e1 o v\u00edkendech p\u0159epln\u011bn\u00fd. L\u00e1kadlem pro ve\u0159ejnost jsou bezplatn\u00e9 n\u00e1poje pro \u017eeny a roz\u0161\u00ed\u0159en\u00e9 \u201ehappy hours\u201c pro hosty. Turist\u00e9 se mohou vy\u0159\u00e1dit na diskot\u00e9k\u00e1ch s jasn\u00fdm neonem. Klub Ramee Grand je epicentrem no\u010dn\u00edho \u017eivota v Bahrajnu. St\u00e1v\u00e1 se st\u00e1le obl\u00edben\u011bj\u0161\u00ed destinac\u00ed pro no\u010dn\u00ed odpo\u010dinek expat\u016f.<\/p>\n\n\n\n<p>No\u010dn\u00ed \u017eivot v zemi nab\u00edz\u00ed pro ka\u017ed\u00e9ho n\u011bco. Ostrov se nach\u00e1z\u00ed u v\u00fdchodn\u00edho pob\u0159e\u017e\u00ed Sa\u00fadsk\u00e9 Ar\u00e1bie. D\u00edky tomu je hotspot pro cestovatele ze Spojen\u00fdch st\u00e1t\u016f, Evropy a St\u0159edn\u00edho v\u00fdchodu. Sa\u00fadsk\u00e1 m\u011bsta v\u010detn\u011b Dhahranu a al-Khobaru se nach\u00e1zej\u00ed v bl\u00edzkosti velitelsk\u00e9ho \u00fa\u0159adu kr\u00e1le Fahda, kter\u00fd spojuje Sa\u00fadskou Ar\u00e1bii s Bahrajnem. To usnad\u0148uje dostupnost ostrova. St\u00e1t spojuje kluby a hospody, kter\u00e9 odr\u00e1\u017eej\u00ed r\u016fzn\u00e9 n\u00e1rodnosti regionu. Nav\u00edc je ostrov obl\u00edben\u00fd u turist\u016f, proto\u017ee je zde povolen alkohol.<\/p>\n\n\n\n<p>Kulturn\u00ed jaro je velmi hojn\u011b nav\u0161t\u011bvovanou akc\u00ed. Host\u00e9 ze zahrani\u010d\u00ed se budou moci z\u00fa\u010dastnit n\u00e1rodn\u00ed hudby. Na ostrov\u011b se po celou tuto dobu konaj\u00ed tane\u010dn\u00ed festivaly. Ve\u010der mohou host\u00e9 sout\u011b\u017eit o nejlep\u0161\u00edho zp\u011bv\u00e1ka nebo interpreta latinskoamerick\u00fdch tanc\u016f. Jedn\u00e1 se o nej\u017eiv\u011bj\u0161\u00ed kulturn\u00ed oslavu v oblasti Persk\u00e9ho z\u00e1livu. V pr\u016fb\u011bhu m\u011bs\u00edce slav\u00ed um\u011blci, um\u011blci a auto\u0159i z cel\u00e9ho sv\u011bta spole\u010dn\u011b v\u0161echny kulturn\u00ed sv\u00e1tky. Tradi\u010dn\u011b je rozvrh tak nabit\u00fd, \u017ee si \u00fa\u010dastn\u00edci mus\u00ed rezervovat m\u00edsta m\u011bs\u00edce p\u0159edem.<\/p>\n\n\n\n<h2 class=\"wp-block-heading\">Park Adhari<\/h2>\n\n\n\n<p><em>Ain Adhari Road Blok 388 Budova 111 Bahrajnsk\u00e9 kr\u00e1lovstv\u00ed<\/em><\/p>\n\n\n\n<p>Adhari Park je z\u00e1bavn\u00ed park v Bahrajnsk\u00e9m kr\u00e1lovstv\u00ed, jeho\u017e centrem je prastar\u00fd sladkovodn\u00ed pramen Ain Adari.<\/p>\n\n\n\n<p>Adhari Park je zbrusu nov\u00e1 turistick\u00e1 destinace v Bahrajnu, kter\u00e1 se nach\u00e1z\u00ed v bl\u00edzkosti n\u00e1rodn\u00edho parku Adhari. Jeho c\u00edlem je b\u00fdt rodinnou atrakc\u00ed \u010d\u00edslo jedna v GCC s 38 vzru\u0161uj\u00edc\u00edmi venkovn\u00edmi a vnit\u0159n\u00edmi atrakcemi pro lidi v\u0161ech v\u011bkov\u00fdch kategori\u00ed, rodinn\u00fdm z\u00e1bavn\u00edm centrem, 10 prodejnami j\u00eddla ve Food Court, Dine in a Restaurant, Coffee Shops a mnoha dal\u0161\u00edmi.<\/p>\n\n\n\n<h2 class=\"wp-block-heading\">P\u0159\u00edrodn\u00ed park a rezervace Al Areen<\/h2>\n\n\n\n<p><em>PO Box 28690, Bahrajnsk\u00e9 kr\u00e1lovstv\u00ed<\/em><\/p>\n\n\n\n<p>V bahrajnsk\u00e9 rezervaci Al Areen Wildlife Reserve jsou rostlinn\u00e9 a \u017eivo\u010di\u0161n\u00e9 druhy chr\u00e1n\u011bny a p\u011bstov\u00e1ny ji\u017e v\u00edce ne\u017e t\u0159i desetilet\u00ed. Pozorujte r\u016fzn\u00e1 zv\u00ed\u0159ata, pt\u00e1ky a pou\u0161tn\u00ed rostliny v jejich p\u0159irozen\u00e9m prost\u0159ed\u00ed. Projd\u011bte se parkem a p\u0159ibli\u017ete se k voln\u011b pob\u00edhaj\u00edc\u00edm p\u016fvodn\u00edm pt\u00e1k\u016fm. Nebo se vydejte na v\u00fdlet autobusem a dozv\u00edte se o v\u0161ech vystaven\u00fdch druz\u00edch, v\u010detn\u011b arabsk\u00e9ho leoparda, p\u0161trosa, arabsk\u00e9 gazely, p\u0159\u00edmoro\u017ece a mnoha dal\u0161\u00edch!<\/p>\n\n\n\n<h2 class=\"wp-block-heading\">Mezin\u00e1rodn\u00ed okruh v Bahrajnu<\/h2>\n\n\n\n<p><em>Gate 255, Gulf of Bahrain Avenue, Umm Jidar 1062, Sakhir, Bahrain<\/em><\/p>\n\n\n\n<p>Bahrain International Circuit (BIC) je nejmodern\u011bj\u0161\u00ed d\u011bji\u0161t\u011b motoristick\u00e9ho sportu, kter\u00e9 se nach\u00e1z\u00ed v srdci pou\u0161t\u011b Sakhir. Kurz navrhl renomovan\u00fd n\u011bmeck\u00fd in\u017een\u00fdr Hermann Tilke a zahrnuje mnoho m\u00edstn\u00edch kulturn\u00edch prvk\u016f.<\/p>\n\n\n\n<p>V\u00fdstavba kompletn\u00edho za\u0159\u00edzen\u00ed trvala m\u00e9n\u011b ne\u017e 18 m\u011bs\u00edc\u016f, co\u017e st\u00e1lo kolem 150 milion\u016f dolar\u016f a vy\u017eadovalo v\u00fdznamnou iniciativu k rozvoji oblasti.<\/p>\n\n\n\n<p>BIC m\u00e1 v\u00edce uspo\u0159\u00e1d\u00e1n\u00ed trat\u00ed s certifikac\u00ed FIA ne\u017e jak\u00e9koli jin\u00e9 za\u0159\u00edzen\u00ed na sv\u011bt\u011b. To umo\u017e\u0148uje, aby se tra\u0165 p\u0159izp\u016fsobila r\u016fzn\u00fdm automobilov\u00fdm z\u00e1vod\u016fm. Na trati Grand Prix o d\u00e9lce 5 412 metr\u016f se \u010dasto konaj\u00ed mezin\u00e1rodn\u00ed sout\u011b\u017ee, jako je Grand Prix formule 1 Gulf Air Bahrain, mistrovstv\u00ed sv\u011bta FIA ve vytrvalostn\u00edm z\u00e1vod\u011b \u0161est hodin v Bahrajnu, z\u00e1vody s\u00e9rie GP2 a Porsche Mobil 1 Supercup.<\/p>\n\n\n\n<h2 class=\"wp-block-heading\">Gravitace<\/h2>\n\n\n\n<p><em>Budova 234, Avenue 62, Zallaq 1058 Bahrain<\/em><\/p>\n\n\n\n<p>Prvn\u00ed indoor skydiving v Bahrajnu.<\/p>\n\n\n\n<p>Pocitu voln\u00e9ho p\u00e1du v jednom z nejvy\u0161\u0161\u00edch aerodynamick\u00fdch tunel\u016f, vytvo\u0159en\u00e9m z tvrzen\u00e9ho skla a m\u011b\u0159\u00edc\u00edm 12 metr\u016f na v\u00fd\u0161ku, nelze odolat.<\/p>\n\n\n\n<p>Nasko\u010dte, jako byste sk\u00e1kali z letadla, ale bez pad\u00e1ku a dokonce bez n\u00e1stupu do letadla! Ka\u017ed\u00fd si m\u016f\u017ee u\u017e\u00edt tento z\u00e1\u017eitek z letu s t\u011blem, krom\u011b t\u011bch, kte\u0159\u00ed nejsou ochotni vydat se na cestu, kter\u00e1 zm\u011bn\u00ed \u017eivot.<\/p>\n\n\n\n<p>M\u016f\u017eeme zajistit, \u017ee budete m\u00edt \u00fa\u017easn\u00fd a nev\u0161edn\u00ed z\u00e1\u017eitek.<\/p>\n\n\n\n<h2 class=\"wp-block-heading\">ostrovy Dar<\/h2>\n\n\n\n<p><em>1005 Ryb\u00e1\u0159sk\u00fd p\u0159\u00edstav Sitra, Sitra, Bahrajnsk\u00e9 kr\u00e1lovstv\u00ed<\/em><\/p>\n\n\n\n<p>Pl\u00e1\u017eov\u00e9 letovisko na ostrov\u011b Al Dar nab\u00edz\u00ed pravideln\u00e9 exkurze s pot\u00e1p\u011bn\u00edm perel a plavby na ostrov Jarada, kde se m\u016f\u017eete opalovat sami na kosi b\u00edl\u00e9ho p\u00edsku a houpat se v jeho nedot\u010den\u00fdch vod\u00e1ch. Krom\u011b perel je mo\u017en\u00e9 pozorovat a\u017e 30 druh\u016f kor\u00e1l\u016f a p\u0159es 200 druh\u016f ryb. Pozorov\u00e1n\u00ed delf\u00edn\u016f mezi r\u016fzn\u00fdmi bl\u00edzk\u00fdmi kor\u00e1lov\u00fdmi \u00fatesy je dal\u0161\u00ed obl\u00edbenou \u010dinnost\u00ed a nejlep\u0161\u00ed \u010das na jejich pozorov\u00e1n\u00ed je p\u0159i v\u00fdchodu nebo z\u00e1padu slunce.<\/p>\n\n\n\n<p>Jednodenn\u00ed v\u00fdlet k perlov\u00fdm \u00fates\u016fm je docela p\u0159\u00edjemn\u00fd. Ud\u011blejte si v\u00fdlet na dhow pro autenti\u010dt\u011bj\u0161\u00ed z\u00e1\u017eitek. M\u016f\u017eete si objednat arabskou kuchyni a pot\u00e1p\u011b\u010di perel v\u00e1s budou obdarov\u00e1vat n\u00e1mo\u0159nick\u00fdmi p\u0159\u00edb\u011bhy.<\/p>\n\n\n\n<p>Milovn\u00edci divok\u00e9 zv\u011b\u0159e se mus\u00ed vydat na 45minutovou plavbu trajektem z mola Al Dur na ostrov Hawar. Ostrovy Hawar jsou pova\u017eov\u00e1ny za mezin\u00e1rodn\u011b v\u00fdznamnou p\u0159\u00edrodn\u00ed rezervaci a d\u00edky sv\u00e9 poloze v centru jejich migra\u010dn\u00ed trasy nab\u00edzej\u00ed \u010distou pl\u00e1\u017e a mo\u017enost pozorovat delf\u00edny a neobvykl\u00e9 pt\u00e1ky.<\/p>\n\n\n\n<h2 class=\"wp-block-heading\">Havarsk\u00e9 ostrovy<\/h2>\n\n\n\n<p><em>Havarsk\u00e9 ostrovy<\/em><\/p>\n\n\n\n<p>Bahrajn ovl\u00e1d\u00e1 Hawarsk\u00e9 ostrovy, souostrov\u00ed pust\u00fdch ostrov\u016f v Bahrajnsk\u00e9m z\u00e1livu v Arabsk\u00e9m z\u00e1livu. Milovn\u00edci divok\u00e9 zv\u011b\u0159e se mus\u00ed vydat na 45minutovou plavbu trajektem z mola Al Dar na ostrov Hawar.<\/p>\n\n\n\n<p>Ostrovy Hawar jsou pova\u017eov\u00e1ny za mezin\u00e1rodn\u011b v\u00fdznamn\u00e9 p\u0159\u00edrodn\u00ed \u00fato\u010di\u0161t\u011b, kter\u00e9 poskytuje nedot\u010den\u00e9 pl\u00e1\u017ee a p\u0159\u00edle\u017eitost pozorovat delf\u00edny a neobvykl\u00e9 druhy uprost\u0159ed jejich migra\u010dn\u00ed trasy.<\/p>\n\n\n\n<h2 class=\"wp-block-heading\">Karting (BIKC)<\/h2>\n\n\n\n<p><em>Gate 255, Gulf of Bahrain Avenue, Umm Jidar 1062<\/em><\/p>\n\n\n\n<p>Bahrain International Karting Circuit (BIKC) je nejmodern\u011bj\u0161\u00ed za\u0159\u00edzen\u00ed sv\u011btov\u00e9 t\u0159\u00eddy, kter\u00e9 se star\u00e1 o z\u00e1kladn\u00ed \u00farove\u0148 motorsportu. Na BIKC z\u00e1vodn\u00edci z\u00edt\u0159ka poprv\u00e9 okus\u00ed opravdovou z\u00e1vodn\u00ed ext\u00e1zi. BIKC odpov\u00edd\u00e1 nejvy\u0161\u0161\u00edm mezin\u00e1rodn\u00edm specifikac\u00edm. Je schopen po\u0159\u00e1dat mezin\u00e1rodn\u00ed mistrovstv\u00ed sv\u011bta v automobilov\u00e9m pr\u016fmyslu (CIK-FIA). V roce 2012 se BIKC stal prvn\u00ed motok\u00e1rovou dr\u00e1hou na sv\u011bt\u011b, kter\u00e1 hostila akci na \u00farovni mistrovstv\u00ed sv\u011bta.<\/p>\n\n\n\n<p>CIK Track m\u011b\u0159\u00ed na d\u00e9lku 1 414 kilometr\u016f a m\u00e1 14 zat\u00e1\u010dek. Tam se m\u011blo konat Mistrovstv\u00ed sv\u011bta a Academy Trophy CIK-FIA hr\u00e1\u010d\u016f do 18 let, kter\u00e9 se poprv\u00e9 konalo v Bahrajnu v roce 2012, a nejnov\u011bj\u0161\u00ed mistrovstv\u00ed sv\u011bta CIK-FIA. BIKC nab\u00edz\u00ed pro nad\u0161en\u00e9 kartery a korporace celou \u0159adu aktivit pro proch\u00e1zky a budov\u00e1n\u00ed firemn\u00edch t\u00fdm\u016f, v\u010detn\u011b z\u00e1\u017eitk\u016f Grand Prix a Endurance inspirovan\u00fdch formul\u00ed 1. Tra\u0165 je vybavena 200-luxov\u00fdmi reflektory, co\u017e umo\u017e\u0148uje po\u0159\u00e1d\u00e1n\u00ed i no\u010dn\u00edch z\u00e1vod\u016f.<\/p>\n\n\n\n<h2 class=\"wp-block-heading\">Ztracen\u00fd r\u00e1j Dilmun<\/h2>\n\n\n\n<p><em>Gate 255, Gulf of Bahrain Avenue, Umm Jidar 1062<\/em><\/p>\n\n\n\n<p>Lost Paradise of Dilmun je v sou\u010dasn\u00e9 dob\u011b nejv\u011bt\u0161\u00ed vodn\u00ed park v Bahrajnu s celkovou plochou kolem 77 000 metr\u016f \u010dtvere\u010dn\u00edch, zastav\u011bnou plochou p\u0159ibli\u017en\u011b 45 000 metr\u016f \u010dtvere\u010dn\u00edch a p\u0159ibli\u017en\u011b 20 000 metr\u016f \u010dtvere\u010dn\u00edch. Ka\u017ed\u00e1 \u010d\u00e1st parku je zam\u011b\u0159ena na historii dilmunsk\u00e9ho obdob\u00ed, jak ukazuj\u00ed v\u00fdrazn\u00e9 kamenn\u00e9 sochy a architektura parku. V\u00edce ne\u017e 18 skluzavek a atrakc\u00ed je dokonale integrov\u00e1no a vytv\u00e1\u0159\u00ed pou\u0161tn\u00ed o\u00e1zu a zahradu sn\u016f, kterou si host\u00e9 mohou u\u017e\u00edvat.<\/p>\n\n\n\n<h2 class=\"wp-block-heading\">Pl\u00e1\u017e Marassi<\/h2>\n\n\n\n<p><em>M\u011bsto Al Muharraq<\/em><\/p>\n\n\n\n<p>Dva kilometry pl\u00e1\u017e\u00ed s b\u00edl\u00fdm p\u00edskem tvo\u0159\u00ed Marassi Beach, venkovn\u00ed atrakce \u017eivotn\u00edho stylu. Je to prvn\u00ed food truck court v Bahrajnu, kter\u00fd nab\u00edz\u00ed mezin\u00e1rodn\u00ed a m\u00edstn\u00ed chut\u011b od nez\u00e1visl\u00fdch podnikatel\u016f. Pl\u00e1\u017e Marassi m\u00e1 krom\u011b d\u011btsk\u00e9ho h\u0159i\u0161t\u011b a b\u011b\u017eeck\u00e9 stezky u vody i d\u011btsk\u00e9 h\u0159i\u0161t\u011b.<\/p>\n\n\n\n<p>\u010casto jsou ohla\u0161ov\u00e1ny \u010detn\u00e9 v\u00edkendov\u00e9 akce, jako jsou pop-up trhy, venkovn\u00ed filmy a hry pro d\u011bti. V\u0161echny slu\u017eby a vybaven\u00ed na pl\u00e1\u017ei Marassi jsou t\u00e9 nejlep\u0161\u00ed kvality a \u010distoty a denn\u00ed vstupn\u00e9 pro dosp\u011bl\u00e9 je 2 BD. Tato platba je \u010d\u00e1ste\u010dn\u011b splatn\u00e1 za leh\u00e1tka, slune\u010dn\u00edky a ru\u010dn\u00edky.<\/p>\n\n\n\n<h2 class=\"wp-block-heading\">Kr\u00e1lovsk\u00fd golfov\u00fd klub<\/h2>\n\n\n\n<p><em>Al Muaskar Highway Riffa, Bahrajn<\/em><\/p>\n\n\n\n<p>Dva kilometry pl\u00e1\u017e\u00ed s b\u00edl\u00fdm p\u00edskem tvo\u0159\u00ed Marassi Beach, venkovn\u00ed atrakce \u017eivotn\u00edho stylu. Je to prvn\u00ed food truck court v Bahrajnu, kter\u00fd nab\u00edz\u00ed mezin\u00e1rodn\u00ed a m\u00edstn\u00ed chut\u011b od nez\u00e1visl\u00fdch podnikatel\u016f. Pl\u00e1\u017e Marassi m\u00e1 krom\u011b d\u011btsk\u00e9ho h\u0159i\u0161t\u011b a b\u011b\u017eeck\u00e9 stezky u vody i d\u011btsk\u00e9 h\u0159i\u0161t\u011b.<\/p>\n\n\n\n<p>\u010casto jsou ohla\u0161ov\u00e1ny \u010detn\u00e9 v\u00edkendov\u00e9 akce, jako jsou pop-up trhy, venkovn\u00ed filmy a hry pro d\u011bti. V\u0161echny slu\u017eby a vybaven\u00ed na pl\u00e1\u017ei Marassi jsou t\u00e9 nejlep\u0161\u00ed kvality a \u010distoty a denn\u00ed vstupn\u00e9 pro dosp\u011bl\u00e9 je 2 BD. Tato platba je \u010d\u00e1ste\u010dn\u011b splatn\u00e1 za leh\u00e1tka, slune\u010dn\u00edky a ru\u010dn\u00edky.<\/p>","protected":false},"excerpt":{"rendered":"<p>Z\u00e1vod Formule 1 Grand Prix Bahrajnu, kter\u00fd se kon\u00e1 v dubnu na Bahrain International Circuit, je nejv\u00fdznamn\u011bj\u0161\u00ed ka\u017edoro\u010dn\u00ed ud\u00e1lost\u00ed v Bahrajnu. Pl\u00e1nujte dop\u0159edu, proto\u017ee vstupenky jsou vyprod\u00e1ny a n\u00e1klady na hotel raketov\u011b vzrostly. Obvykle jsou prvn\u00ed rezervace zp\u016fsobil\u00e9 pro slevy v rozmez\u00ed od 10 do 20 procent. V z\u00e1vislosti na tribun\u011b stoj\u00ed vstupenky kdekoli mezi 150 a 60 BD.<\/p>","protected":false},"author":1,"featured_media":35414,"parent":35335,"menu_order":0,"comment_status":"closed","ping_status":"closed","template":"elementor_theme","meta":{"_eb_attr":"","footnotes":""},"class_list":["post-35412","page","type-page","status-publish","has-post-thumbnail"],"_links":{"self":[{"href":"https:\/\/travelshelper.com\/cs\/wp-json\/wp\/v2\/pages\/35412","targetHints":{"allow":["GET"]}}],"collection":[{"href":"https:\/\/travelshelper.com\/cs\/wp-json\/wp\/v2\/pages"}],"about":[{"href":"https:\/\/travelshelper.com\/cs\/wp-json\/wp\/v2\/types\/page"}],"author":[{"embeddable":true,"href":"https:\/\/travelshelper.com\/cs\/wp-json\/wp\/v2\/users\/1"}],"replies":[{"embeddable":true,"href":"https:\/\/travelshelper.com\/cs\/wp-json\/wp\/v2\/comments?post=35412"}],"version-history":[{"count":0,"href":"https:\/\/travelshelper.com\/cs\/wp-json\/wp\/v2\/pages\/35412\/revisions"}],"up":[{"embeddable":true,"href":"https:\/\/travelshelper.com\/cs\/wp-json\/wp\/v2\/pages\/35335"}],"wp:featuredmedia":[{"embeddable":true,"href":"https:\/\/travelshelper.com\/cs\/wp-json\/wp\/v2\/media\/35414"}],"wp:attachment":[{"href":"https:\/\/travelshelper.com\/cs\/wp-json\/wp\/v2\/media?parent=35412"}],"curies":[{"name":"wp","href":"https:\/\/api.w.org\/{rel}","templated":true}]}}