{"id":35405,"date":"2024-11-30T21:18:48","date_gmt":"2024-11-30T21:18:48","guid":{"rendered":"https:\/\/travelshelper.com\/staging\/?page_id=35405"},"modified":"2026-03-11T02:08:23","modified_gmt":"2026-03-11T02:08:23","slug":"co-videt-v-bahrajnu","status":"publish","type":"page","link":"https:\/\/travelshelper.com\/cs\/destinations\/asia\/bahrain\/things-to-see-in-bahrain\/","title":{"rendered":"Co vid\u011bt v Bahrajnu"},"content":{"rendered":"<p>Bahrajn je ostrovn\u00ed st\u00e1t s bohatou histori\u00ed, kter\u00e1 trv\u00e1 tis\u00edce let a nab\u00edz\u00ed jedine\u010dnou sm\u011bs kulturn\u00edch v\u00fdlet\u016f, z\u00e1bavy a rekreace. V regionu existoval prvn\u00ed st\u00e1t ji\u017e ve t\u0159et\u00edm tis\u00edcilet\u00ed p\u0159ed na\u0161\u00edm letopo\u010dtem. V r\u016fzn\u00fdch obdob\u00edch historie zem\u011b pat\u0159ila kr\u00e1lovstv\u00ed Sassanid, arabsk\u00e9mu chal\u00edf\u00e1tu, Portugalsku a \u00cdr\u00e1nu. N\u00e1rod byl po ur\u010ditou dobu pod britsk\u00fdm protektor\u00e1tem. V\u0161echny tyto historick\u00e9 f\u00e1ze se podepsaly na krajin\u011b zem\u011b. Proto je zde mnoho zaj\u00edmav\u00fdch m\u00edst.<\/p>\n\n\n\n<p>Podle \u010detn\u00fdch archeolog\u016f na ostrovech kdysi s\u00eddlil st\u00e1t Dilmun. Sumerov\u00e9 si mysleli, \u017ee toto je p\u016fvod civilizace. Qal&#039;at al-Bahrain je m\u00edsto, kde se nach\u00e1zej\u00ed zbytky t\u00e9to starov\u011bk\u00e9 kultury. V\u011bdci objevili t\u00e9m\u011b\u0159 4000 let star\u00e9 ulice, chr\u00e1my, obchody a pal\u00e1ce poh\u0159ben\u00e9 pod \u010detn\u00fdmi kulturn\u00edmi vrstvami, v\u010detn\u011b portugalsk\u00e9ho hradu. Dnes v\u00fdkop pokra\u010duje. Dnes je p\u0159\u00edstupn\u00e1 zhruba \u010dtvrtina kraje. Na vrcholu kopce stoj\u00ed portugalsk\u00fd hrad zvan\u00fd Qal&#039;at al-Burtughal. Poch\u00e1z\u00ed ze sedmn\u00e1ct\u00e9ho stolet\u00ed. Opevn\u011bn\u00ed je st\u00e1le v p\u016fvodn\u00edm stavu.<\/p>\n\n\n\n<p>Na severu se nach\u00e1z\u00ed n\u011bkolik oblast\u00ed obsahuj\u00edc\u00edch rozs\u00e1hl\u00e9 nekropole civilizace Umm Al Nar z doby bronzov\u00e9. Jedn\u00e1 se o nejv\u011bt\u0161\u00ed starov\u011bk\u00e9 nekropole, kter\u00e9 p\u0159e\u017eily a\u017e do sou\u010dasnosti. Kamenn\u00e9 hrobky maj\u00ed pr\u016fm\u011br 4,5 a\u017e 9 metr\u016f a v\u00fd\u0161ku 1-2 metry. V hrobk\u00e1ch byla objevena keramika, kamenn\u00e9 nebo gran\u00e1tov\u00e9 pe\u010deti, zbran\u011b a kost\u011bn\u00e9 artefakty. V\u00edce ne\u017e sto tis\u00edc t\u011bchto hrobek se nach\u00e1z\u00ed na \u00fazem\u00ed Bahrajnu. Chr\u00e1m Manama Saar a p\u0159ilehl\u00e9 hrobky jsou ze stejn\u00e9ho historick\u00e9ho obdob\u00ed.<\/p>\n\n\n\n<p>Portugalci tak\u00e9 postavili pevnost Abu Mahir. Je to jedna z \u0159ady opevn\u011bn\u00ed chr\u00e1n\u00edc\u00edch n\u00e1mo\u0159n\u00ed obchodn\u00ed cesty. Opevn\u011bn\u00ed je ve \u0161patn\u00e9m stavu. Muzeum je v\u0161ak p\u0159\u00edstupn\u00e9 v jeho are\u00e1lu. Krom\u011b historie stavby se m\u016f\u017eete tak\u00e9 sezn\u00e1mit s histori\u00ed t\u011b\u017eby perel v Bahrajnu.<\/p>\n\n\n\n<p>Shajarat al-Hayat, \u010dasto zn\u00e1m\u00fd jako Strom \u017eivota, je p\u0159ibli\u017en\u011b 400 let star\u00fd strom. Je p\u0159ekvapiv\u00e9, \u017ee roste samostatn\u011b v pou\u0161ti. M\u00edsto p\u0159er\u016fstaj\u00ed \u010detn\u00e9 p\u0159\u00edb\u011bhy a domn\u011bnky. Je pova\u017eov\u00e1n za posledn\u00ed strom v zahrad\u011b Eden. Nav\u00edc se p\u0159edpokl\u00e1d\u00e1, \u017ee podzemn\u00ed \u0159eka vy\u017eivuje sv\u00e9 ko\u0159eny. Strom pat\u0159\u00ed do poddruhu Mimosa druhu Prosopis cineraria. Tyto stromy mohou tolerovat teploty a\u017e 50 stup\u0148\u016f Fahrenheita, ani\u017e by vy\u017eadovaly velk\u00e9 mno\u017estv\u00ed vody. Dok\u00e1\u017ee p\u0159e\u017e\u00edt i ve slan\u00fdch p\u016fd\u00e1ch. Jeho ko\u0159eny sahaj\u00ed do velk\u00fdch hloubek (des\u00edtky metr\u016f) a dok\u00e1\u017eou absorbovat i to nejmen\u0161\u00ed mno\u017estv\u00ed vody. Listy absorbuj\u00ed vlhkost ze sv\u00e9ho okol\u00ed.<\/p>\n\n\n\n<p>Pevnost Arad byla postavena v 15. stolet\u00ed na obranu ostrova Muharraq. Byl postaven ve stylu arabsk\u00e9ho opevn\u011bn\u00ed. Pevnost je \u010dtvercov\u00e1 a kompaktn\u00ed. Na jeho \u010dty\u0159ech roz\u00edch jsou v\u00e1lcovit\u00e9 v\u011b\u017ee. Pevnost se v\u00fdborn\u011b hodila pro pob\u0159e\u017en\u00ed obranu a pozorov\u00e1n\u00ed. Ned\u00e1vno prob\u011bhla rozs\u00e1hl\u00e1 rekonstrukce. V noci je historick\u00e9 opevn\u011bn\u00ed osv\u011btleno. Je to \u00fachvatn\u00fd pohled. Pevnost Riffa byla postavena v roce 1812 Nicm\u00e9n\u011b n\u011bkte\u0159\u00ed archeologov\u00e9 datuj\u00ed jej\u00ed zalo\u017een\u00ed do sedmn\u00e1ct\u00e9ho stolet\u00ed. Citadela byla domem \u0161ejka Salmana bin Ahmeda. Byly tam um\u00edst\u011bny dal\u0161\u00ed vl\u00e1dn\u00ed agentury. V pevnosti se narodil Isa ibn Ali Al Khalifa, jeden z bahrajnsk\u00fdch vl\u00e1dc\u016f.<\/p>\n\n\n\n<p>Rezidence Isa ibn Ali Al Khalifa je skv\u011bl\u00fdm p\u0159\u00edkladem kr\u00e1lovsk\u00e9 rezidence. Je vyrobena klasick\u00fdm arabsk\u00fdm zp\u016fsobem. Rezidence je vybavena chladic\u00edm syst\u00e9mem. Jedn\u00e1 se o v\u011btrnou v\u011b\u017e, kter\u00e1 z\u00e1sobovala budovu studen\u00fdm vzduchem. V\u011b\u017e byla na zimu odstavena. Oblouky, d\u0159ev\u011bn\u00fd n\u00e1bytek, dve\u0159e, stropy a vitr\u00e1\u017ee zdob\u00ed interi\u00e9ry.<\/p>\n\n\n\n<p>Me\u0161ita al-Fatih pat\u0159\u00ed mezi nejv\u011bt\u0161\u00ed na sv\u011bt\u011b. Prim\u00e1rn\u00ed kopule je slo\u017eena ze skeln\u00fdch vl\u00e1ken. Je to skute\u010dn\u00e9 in\u017een\u00fdrsk\u00e9 mistrovsk\u00e9 d\u00edlo. Konstrukce je modern\u00ed. V roce 1987 byla jeho stavba dokon\u010dena. V p\u00e1tek (muslimsk\u00fd sv\u00e1tek) a jin\u00fdch n\u00e1bo\u017eensk\u00fdch sv\u00e1tc\u00edch je vstup zablokov\u00e1n. Me\u0161ita Al-Chamis je nejstar\u0161\u00ed n\u00e1bo\u017eenskou stavbou v zemi. P\u0159edpokl\u00e1d\u00e1 se, \u017ee prvn\u00ed k\u00e1men z\u00e1klad\u016f chr\u00e1mu byl um\u00edst\u011bn v sedm\u00e9m stolet\u00ed. Me\u0161ita byla n\u011bkolikr\u00e1t renovov\u00e1na. Nejstar\u0161\u00ed jeho sou\u010d\u00e1sti poch\u00e1zej\u00ed ze \u010dtrn\u00e1ct\u00e9ho stolet\u00ed. Jako mihr\u00e1b je pou\u017eita deska z 12. stolet\u00ed (v\u00fdklenek ozna\u010duj\u00edc\u00ed sm\u011br, kde se nach\u00e1z\u00ed Mekka).<\/p>\n\n\n\n<p>Little India je \u010dtvr\u0165 v Man\u00e1m\u011b, kter\u00e1 p\u0159ipom\u00edn\u00e1 Dill\u00ed v\u00edce ne\u017e hlavn\u00ed m\u011bsto Bahrajnu. Zde se nach\u00e1z\u00ed Kri\u0161n\u016fv chr\u00e1m. Je star\u0161\u00ed ne\u017e dv\u011b st\u011b let. Existuje mnoho staro\u017eitn\u00fdch d\u0159ev\u011bn\u00fdch dom\u016f z indick\u00e9ho d\u0159eva, obchody se suven\u00fdry a kav\u00e1rny. Mini ka\u0148ony v Al-Bahar jsou p\u0159\u00edrodn\u00ed atrakc\u00ed. \u00da\u017easn\u011b tvarovan\u00e9 zlat\u00e9 skaln\u00ed \u00fatvary, kter\u00e9 poskytuj\u00ed zimn\u00ed stanovi\u0161t\u011b mnoha pt\u00e1k\u016fm.<\/p>\n\n\n\n<p>Wahooo pat\u0159\u00ed mezi nejinovativn\u011bj\u0161\u00ed a sou\u010dasn\u00e9 vodn\u00ed parky na St\u0159edn\u00edm v\u00fdchod\u011b. Jeho rozloha p\u0159esahuje 15 000 metr\u016f \u010dtvere\u010dn\u00edch. D\u00edky hr\u00e1m, j\u00edzd\u00e1m, skluzavk\u00e1m a baz\u00e9n\u016fm p\u0159itahuje vodn\u00ed park miliony lid\u00ed. Styl designu vodn\u00edho parku je \u201esubtropick\u00fd r\u00e1j\u201c. V jeho st\u0159edu je kotv\u00edc\u00ed \u0161kuner. Je to skv\u011bl\u00e9 m\u00edsto pro lidi v\u0161ech v\u011bkov\u00fdch kategori\u00ed. V parku se kon\u00e1 30 % venkovn\u00edch a 70 % vnit\u0159n\u00edch akc\u00ed. To zaji\u0161\u0165uje p\u0159\u00edjemnou n\u00e1v\u0161t\u011bvu bez ohledu na po\u010das\u00ed. Krom\u011b toho, vzhledem k tomu, \u017ee se aquapark nach\u00e1z\u00ed v centru m\u011bsta, se host\u00e9 budou moci proch\u00e1zet po mnoha obchodech. Budete m\u00edt mo\u017enost v\u011bnovat p\u00e1r hodin nakupov\u00e1n\u00ed nebo stolov\u00e1n\u00ed v restauraci s region\u00e1ln\u00ed kuchyn\u00ed.<\/p>\n\n\n\n<p>Pta\u010d\u00ed kr\u00e1lovstv\u00ed Asie je ojedin\u011ble spravovan\u00e9 stanovi\u0161t\u011b. \u017dije zde p\u0159es sedmdes\u00e1t pta\u010d\u00edch druh\u016f z cel\u00e9ho sv\u011bta. Je zde 500 zam\u011bstnanc\u016f. N\u011bkter\u00e9 z t\u011bchto druh\u016f jsou ohro\u017een\u00e9. Aby se napomohlo jejich ochran\u011b, jsou pe\u010dliv\u011b produkov\u00e1ny a chov\u00e1ny v zajet\u00ed v Pta\u010d\u00ed \u0159\u00ed\u0161i Asie. Prost\u0159ed\u00ed bylo vyvinuto nejen proto, aby zaujalo a pobavilo celou rodinu, ale tak\u00e9 aby poskytlo d\u011btem a jejich rodi\u010d\u016fm vzd\u011bl\u00e1vac\u00ed typ u\u010den\u00ed. P\u0159i toulk\u00e1ch t\u011bmito labyrinty budou moci turist\u00e9 po\u0159izovat n\u00e1dhern\u00e9 fotografie a za\u017e\u00edt n\u00e1dhern\u00e9 emoce.<\/p>\n\n\n\n<h2 class=\"wp-block-heading\">Pevnosti v Bahrajnu<\/h2>\n\n\n\n<h3 class=\"wp-block-heading\">Pevnost Arad<\/h3>\n\n\n\n<p><em>Pevnost Arad, silnice \u010d. 4233, Arad, Bahrajn<\/em><\/p>\n\n\n\n<p>Pevnost Arad je uk\u00e1zkov\u00fdm p\u0159\u00edkladem om\u00e1nsk\u00e9 vojensk\u00e9 v\u00fdstavby od konce 15. stolet\u00ed do za\u010d\u00e1tku 16. stolet\u00ed. Tato pevnost hr\u00e1la v\u00fdznamnou roli v obran\u011b Bahrajnu proti n\u00e1jezdn\u00edk\u016fm po cel\u00e1 stalet\u00ed, i kdy\u017e nen\u00ed jasn\u00e9, kdy byla postavena. Pevnost, kter\u00e1 byla obnovena v 80. letech 20. stolet\u00ed v\u00fdhradn\u011b z p\u016fvodn\u00edch materi\u00e1l\u016f, je v noci atraktivn\u011b osv\u011btlena a pravideln\u011b se zde konaj\u00ed slavnosti.<\/p>\n\n\n\n<h3 class=\"wp-block-heading\">Bahrajnsk\u00e1 pevnost a muzeum<\/h3>\n\n\n\n<p><em>Seef Area Karbabad, Capital Governorate<\/em><\/p>\n\n\n\n<p>Bahrajnsk\u00e1 pevnost nebo \u201eQal&#039;at al-Bahrain\u201c, kter\u00e1 se nach\u00e1z\u00ed v Seefu a d\u0159\u00edve zn\u00e1m\u00e1 jako Portugal Port, m\u00e1 rozlohu 180 000 \u010dtvere\u010dn\u00edch stop. Od roku 2300 p\u0159ed na\u0161\u00edm letopo\u010dtem do 16. stolet\u00ed byla pevnost os\u00eddlena. Pevnost se nach\u00e1zela v hlavn\u00edm m\u011bst\u011b civilizace Dilmun a byla pojmenov\u00e1na po Qal&#039;at al-Burtughal.<\/p>\n\n\n\n<p>Vykopan\u00e9 m\u00edsto pevnosti ukazuje, \u017ee slou\u017eila obytn\u00fdm, ve\u0159ejn\u00fdm, obchodn\u00edm, n\u00e1bo\u017eensk\u00fdm a vojensk\u00fdm funkc\u00edm. Archeologick\u00e9 vykop\u00e1vky odhalily n\u011bkolik n\u00e1stroj\u016f a artefakt\u016f, v\u010detn\u011b pe\u010det\u00ed Dilmun Stamp, ryb\u00e1\u0159sk\u00e9ho vybaven\u00ed a plavidel na va\u0159en\u00ed a p\u0159epravu potravin z Om\u00e1nu a Mezopot\u00e1mie. Bahrajnsk\u00e1 pevnost, jedna ze t\u0159\u00ed pam\u00e1tek sv\u011btov\u00e9ho d\u011bdictv\u00ed UNESCO v Bahrajnu, je impozantn\u00ed stavbou, kter\u00e1 ct\u00ed hluboce zako\u0159en\u011bnou historii Bahrajnu.<\/p>\n\n\n\n<h3 class=\"wp-block-heading\">Pevnost Sheikh Salman Bin Ahmed Al Fateh<\/h3>\n\n\n\n<p><em>Pevnost Sheikh Salman Bin Ahmed Al Fateh, silnice \u010d. 368, Riffa<\/em><\/p>\n\n\n\n<p>D\u00edky sv\u00e9 pozici v Riff\u011b je pevnost Sheikh Salman bin Ahmed Al-Fateh zn\u00e1m\u00e1 tak\u00e9 jako pevnost Riffa. Toto historick\u00e9 m\u00edsto poskytuje sv\u011bdectv\u00ed o jednom z nejd\u016fle\u017eit\u011bj\u0161\u00edch okam\u017eik\u016f v historii Bahrajnu; Al Khalifas, bahrajnsk\u00e1 vl\u00e1dnouc\u00ed rodina, je pam\u00e1tn\u011b ulo\u017eena v jeho n\u00e1dhern\u00e9 architektu\u0159e.<\/p>\n\n\n\n<p>Dozv\u00edte se o rodin\u011b Al Khalifa prost\u0159ednictv\u00edm pe\u010dliv\u011b vybran\u00fdch v\u00fdstav s jejich rodokmenem, osobn\u00edmi p\u0159edm\u011bty a obl\u00edben\u00fdmi kratochv\u00edlemi. V pevnosti se nav\u00edc nach\u00e1z\u00ed kav\u00e1rna Saffron Caf\u00e9 s v\u00fdhledem na malebn\u00e9 \u00fadol\u00ed Al-Haniniya.<\/p>\n\n\n\n<h2 class=\"wp-block-heading\">Muzea v Bahrajnu<\/h2>\n\n\n\n<h3 class=\"wp-block-heading\">Bahrajnsk\u00e9 n\u00e1rodn\u00ed muzeum<\/h3>\n\n\n\n<p>15. prosince 1988 bylo Bahrajnsk\u00e9 n\u00e1rodn\u00ed muzeum slavnostn\u011b otev\u0159eno zesnul\u00fdm Am\u00edrem, JS Shaikh Isa Bin Salman Al-Khalifa. Bylo pova\u017eov\u00e1no za jedno z nejpresti\u017en\u011bj\u0161\u00edch muze\u00ed sv\u00e9ho druhu v oblasti Persk\u00e9ho z\u00e1livu. Bahrajnsk\u00e9 n\u00e1rodn\u00ed muzeum je v sou\u010dasnosti jednou z nejv\u00fdznamn\u011bj\u0161\u00edch kulturn\u00edch pam\u00e1tek ostrova.<\/p>\n\n\n\n<p>V\u00fdjime\u010dn\u00e1 budova, kterou navrhli a navrhli Krohn a Hartvig Rasmussen, m\u00e1 exteri\u00e9r z b\u00edl\u00e9ho travertinov\u00e9ho mramoru a je strategicky um\u00edst\u011bna na um\u011bl\u00e9m poloostrov\u011b s v\u00fdhledem na ostrov Muharraq. Are\u00e1l muzea tvo\u0159\u00ed dv\u011b propojen\u00e9 budovy o celkov\u00e9 podlahov\u00e9 plo\u0161e zhruba 20 000 metr\u016f \u010dtvere\u010dn\u00edch. Hlavn\u00ed struktura obsahuje st\u00e1lou v\u00fdstavn\u00ed plochu, do\u010dasn\u00e9 v\u00fdstavn\u00ed s\u00edn\u011b, um\u011bleckou galerii, p\u0159edn\u00e1\u0161kov\u00fd s\u00e1l, kav\u00e1rnu a obchod se suven\u00fdry. V administrativn\u00ed budov\u011b se nach\u00e1z\u00ed administrativn\u00ed kancel\u00e1\u0159e, kur\u00e1torsk\u00e9 badatelny, konzerv\u00e1torsk\u00e9 laborato\u0159e, v\u00fdstavn\u00ed a sb\u00edrkov\u00e9 prostory.<\/p>\n\n\n\n<p>V muzeu je uchov\u00e1no 6000 let historie Bahrajnu. Hrobov\u00e9 s\u00edn\u011b, Dilmun, Tylos a isl\u00e1m, zvyky a tradice, tradi\u010dn\u00ed obchody a \u0159emesla a dokumenty a rukopisy o\u017eivuj\u00ed historii Bahrajnu. Velk\u00e9 foyer umo\u017e\u0148uje vstup do v\u00fdstavn\u00edch m\u00edstnost\u00ed v p\u0159\u00edzem\u00ed a prvn\u00edm pat\u0159e, kter\u00e9 se nach\u00e1zej\u00ed v p\u0159\u00edzem\u00ed a v prvn\u00edm pat\u0159e. Foyer je obrovsk\u00fd dramatick\u00fd prostor zd\u016frazn\u011bn\u00fd p\u0159irozen\u00fdm sv\u011btlem a nab\u00edz\u00ed v\u00fdstavu \u201eInvestice do kultury\u201c.<\/p>\n\n\n\n<h2 class=\"wp-block-heading\">Me\u0161ity v Bahrajnu<\/h2>\n\n\n\n<h3 class=\"wp-block-heading\">Velk\u00e1 me\u0161ita Al Fateh<\/h3>\n\n\n\n<p><em>Velk\u00e1 me\u0161ita Al Fateh, Awal Avenue Corner Al Fatih Highway<\/em><\/p>\n\n\n\n<p>Velk\u00e1 me\u0161ita Al Fateh je nejv\u011bt\u0161\u00ed me\u0161ita v Bahrajnu a jedna z nejv\u011bt\u0161\u00edch na sv\u011bt\u011b. Byl postaven v roce 1987 pod sponzorstv\u00edm zesnul\u00e9ho \u0161ejka Isa bin Salmana Al Khalifa a dostal jm\u00e9no Ahmed Al Fateh. Me\u0161ita pojme a\u017e 7 000 v\u011b\u0159\u00edc\u00edch a je zakon\u010dena nejv\u011bt\u0161\u00ed sklolamin\u00e1tovou kupol\u00ed na sv\u011bt\u011b. Jeho st\u011bny jsou n\u00e1dhern\u011b zdobeny kufickou kaligrafi\u00ed.<\/p>\n\n\n\n<h3 class=\"wp-block-heading\">Me\u0161ita Al Khamis<\/h3>\n\n\n\n<p><em>Bilad Al Qadim, d\u00e1lnice Sheikh Salman<\/em><\/p>\n\n\n\n<p>Me\u0161ita Al Khamis, postaven\u00e1 v roce 692 na\u0161eho letopo\u010dtu, je jednou z nejstar\u0161\u00edch me\u0161it v arabsk\u00e9m sv\u011bt\u011b. P\u0159estav\u011bn\u00fd ve 14. a 15. stolet\u00ed, jeho zalo\u017een\u00ed se datuje do 11. stolet\u00ed.<\/p>\n\n\n\n<p>B\u011bhem jeho opravy byly do historick\u00e9 isl\u00e1msk\u00e9 struktury p\u0159id\u00e1ny identick\u00e9 dvoj\u010de minarety, tak\u017ee je okam\u017eit\u011b identifikovateln\u00e9.<\/p>\n\n\n\n<h3 class=\"wp-block-heading\">N\u00e1vnada al-Kor\u00e1n<\/h3>\n\n\n\n<p><em>Budova \u010d. 17, silnice \u010d. 1901, diplomatick\u00e1 oblast, Manama.<\/em><\/p>\n\n\n\n<p>V tomto presti\u017en\u00edm muzeu se v budov\u011b zdoben\u00e9 arabsk\u00fdm p\u00edsmem nach\u00e1z\u00ed velk\u00e1 sb\u00edrka kor\u00e1nov\u00fdch rukopis\u016f a p\u00edsem poch\u00e1zej\u00edc\u00edch ze sedm\u00e9ho stolet\u00ed. Existuje n\u011bkolik kopi\u00ed Kor\u00e1nu, kter\u00e9 jsou samy o sob\u011b um\u011bleck\u00fdmi d\u00edly. N\u011bkter\u00e9 men\u0161\u00ed kopie jsou dostate\u010dn\u011b mal\u00e9, aby se ve\u0161ly do dlan\u011b, a kor\u00e1nsk\u00e9 fr\u00e1ze byly dokonce vyryty na zrnka r\u00fd\u017ee. Krom\u011b sv\u00e9 v\u00fdznamn\u00e9 historick\u00e9 sb\u00edrky se ve v\u00fdstavn\u00edm prostoru Bait al Quran \u010dasto konaj\u00ed r\u016fzn\u00e9 um\u011bleck\u00e9 v\u00fdstavy, stejn\u011b jako mal\u00e1 me\u0161ita, v\u00fdznamn\u00e1 knihovna a vzd\u011bl\u00e1vac\u00ed za\u0159\u00edzen\u00ed pro isl\u00e1mskou v\u00fduku.<\/p>\n\n\n\n<h2 class=\"wp-block-heading\">Parky v Bahrajnu<\/h2>\n\n\n\n<p>Bahrajn je pro glob\u00e1ln\u00ed komunitu novou zku\u0161enost\u00ed. Fr\u00e1ze \u201ezem\u011b kontrast\u016f\u201c m\u016f\u017ee b\u00fdt nadu\u017e\u00edvan\u00e1. Cestovatel\u00e9 v\u0161ak pova\u017euj\u00ed n\u00e1rod za jedine\u010dnou perlu uprost\u0159ed oce\u00e1n\u016f. Proti bez\u00fat\u011b\u0161n\u00e9mu m\u011bs\u00ed\u010dn\u00edmu prost\u0159ed\u00ed, kter\u00e9 je pro velbloud\u00ed z\u00e1vody pohostinn\u011bj\u0161\u00ed ne\u017e dob\u0159e vylad\u011bn\u00e9 automobily pln\u00e9 nejmodern\u011bj\u0161\u00edch technologi\u00ed, je velkolep\u00fd krajinn\u00fd design architektonickou silou. Zem\u011b m\u00e1 rozlohu 700 kilometr\u016f \u010dtvere\u010dn\u00edch. M\u00e1 asi 161 kilometr\u016f pob\u0159e\u017e\u00ed. Mezi nejv\u011bt\u0161\u00ed ostrovy pat\u0159\u00ed Muharraq, Sitrah, Umm a Nasan a Hawar Group.<\/p>\n\n\n\n<p>Bahrajn je \u010dasto ozna\u010dov\u00e1n jako \u201ebr\u00e1na do Persk\u00e9ho z\u00e1livu\u201c, co\u017e je patrn\u00e9 na rozmanitosti a toleranci obyvatelstva. \u00da\u0159edn\u00edm jazykem je zde arab\u0161tina. Angli\u010dtina se v\u0161ak \u010dasto pou\u017e\u00edv\u00e1 v podnik\u00e1n\u00ed a ve \u0161kol\u00e1ch je vy\u017eadov\u00e1na. Vzhledem k vysok\u00e9mu po\u010dtu expat\u016f \u017eij\u00edc\u00edch v Bahrajnu se na tradi\u010dn\u00edch i modern\u00edch trz\u00edch mluv\u00ed jin\u00fdmi jazyky, jako je per\u0161tina a urd\u0161tina. Geologov\u00e9 objevili ropu v roce 1932. Bylo to poprv\u00e9, co bylo na arabsk\u00e9 stran\u011b Persk\u00e9ho z\u00e1livu objeveno \u201e\u010dern\u00e9 zlato\u201c.<\/p>\n\n\n\n<p>Kdysi byl mal\u00fd ostrov sv\u011b\u017e\u00ed, \u00farodnou a zelenaj\u00edc\u00ed se svatyn\u00ed. Z\u00e1kladem n\u00e1roda bylo jeho bohatstv\u00ed pramen\u016f, z nich\u017e n\u011bkolik st\u00e1le existuje na m\u00edst\u011b starov\u011bk\u00e9 civilizace Dilmun, proslul\u00e9 sv\u00fdmi rostlinn\u00fdmi produkty a zem\u011bd\u011blskou odbornost\u00ed. Urbanizace a rekultivace po mnoho generac\u00ed vedly k tomu, \u017ee se zem\u011b st\u00e1le v\u00edce podobala sv\u00fdm soused\u016fm z Persk\u00e9ho z\u00e1livu: vyprahl\u00e1, nevhodn\u00e1 pro produkci v\u011bt\u0161iny zem\u011bd\u011blsk\u00fdch plodin.<\/p>\n\n\n\n<p>Park prince Khalifa Bin Salmana je n\u00e1dhern\u00fd. Na jeho pozemku se nach\u00e1z\u00ed jezero, stezky, restaurace, obchodn\u00ed centra, soukrom\u00e9 rekrea\u010dn\u00ed prostory a mno\u017estv\u00ed vegetace. Tento park o rozloze 80 tis\u00edc metr\u016f \u010dtvere\u010dn\u00edch vznikl n\u00e1kladem asi \u0161est milion\u016f din\u00e1r\u016f. Je to jeden z nejv\u011bt\u0161\u00edch park\u016f v Bahrajnu. V parku si tak\u00e9 m\u016f\u017eete p\u016fj\u010dit brusle, \u0161lapadla a kola. K vybaven\u00ed hotelu pat\u0159\u00ed h\u0159i\u0161t\u011b, atrakce a herna se vzdu\u0161n\u00fdm hokejem. Naj\u00edst se m\u016f\u017eete v Chai &amp; Chapati nebo v restauraci Koffiatto ve v\u011b\u017ei s 360stup\u0148ov\u00fdm v\u00fdhledem na jezero.<\/p>\n\n\n\n<p>Bahrajnsk\u00e1 l\u00e9ta jsou obzvl\u00e1\u0161t\u011b hork\u00e1. Zimn\u00ed teploty m\u00e1lokdy klesnou pod 17 stup\u0148\u016f Celsia. Nepr\u0161\u00ed zde \u010dasto. Padaj\u00ed p\u0159edev\u0161\u00edm v zim\u011b. V t\u00e9to oblasti je m\u00e1lo \u00farodn\u00fdch p\u016fd. Pouze 8 % p\u016fdy je vyu\u017e\u00edv\u00e1no pro zem\u011bd\u011blsk\u00e9 \u00fa\u010dely. I zde je probl\u00e9m se sladkou vodou. Vegetace a divok\u00e1 zv\u011b\u0159 na ostrovech nejsou nijak zvl\u00e1\u0161\u0165 bohat\u00e9. Existuje 195 druh\u016f rostlin, 17 druh\u016f savc\u016f, 14 druh\u016f plaz\u016f a jeden druh oboj\u017eiveln\u00edk\u016f. Zde tr\u00e1v\u00ed zimu mnoho st\u011bhovav\u00fdch pt\u00e1k\u016f. N\u011bkter\u00e9 druhy pt\u00e1k\u016f hn\u00edzd\u00ed na ostrovech. \u010cetn\u00e9 bahrajnsk\u00e9 druhy rostlin jsou dob\u0159e p\u0159izp\u016fsobeny pou\u0161tn\u00edm a slan\u00fdm p\u016fd\u00e1m. Jsou schopny \u010derpat vodu z obrovsk\u00fdch hloubek a absorbovat vzdu\u0161nou vlhkost. Ostrovy ob\u00fdv\u00e1 jen m\u00e1lo obrovsk\u00fdch zv\u00ed\u0159at. Mezi nimi je i gazela p\u00edse\u010dn\u00e1. Vyskytuj\u00ed se zde tak\u00e9 je\u017eovky p\u00edse\u010dn\u00e9, zaj\u00edci arab\u0161t\u00ed a mangusty indick\u00e9. Pou\u0161t\u011b jsou domovem r\u016fzn\u00fdch druh\u016f netop\u00fdr\u016f.<\/p>\n\n\n\n<p>Bahrajn je jednou z m\u00e1la zem\u00ed Persk\u00e9ho z\u00e1livu, kter\u00e9 se zab\u00fdvaj\u00ed ochranou \u017eivotn\u00edho prost\u0159ed\u00ed. Al Areen Wildlife Park byl zalo\u017een v roce 1976 na ochranu jedine\u010dn\u00e9 biodiverzity regionu. Krom\u011b p\u016fvodn\u00edch rostlin a zv\u00ed\u0159at Bahrajnu zde \u017eij\u00ed tak\u00e9 z\u00e1stupci fauny Afriky a Asie. V parku je v\u00edce ne\u017e 100 000 druh\u016f rostlin, 45 druh\u016f zv\u00ed\u0159at a 82 druh\u016f pt\u00e1k\u016f. \u010cetn\u00e9 druhy jsou ohro\u017eeny. Tento seznam zahrnuje arabsk\u00fd oryx, jihoafrick\u00fd gepard, stepn\u00ed varan, persk\u00e1 gazela, sk\u00e1kavka a africk\u00fd divok\u00fd pes. Politika parku up\u0159ednost\u0148uje zachov\u00e1n\u00ed unik\u00e1tn\u00edch druh\u016f, rekreaci ohro\u017een\u00fdch populac\u00ed zv\u00ed\u0159at a chov zv\u00ed\u0159at v zajet\u00ed. \u010c\u00e1st parku je p\u0159\u00edstupn\u00e1 ve\u0159ejnosti. Ro\u010dn\u011b ho nav\u0161t\u00edv\u00ed p\u0159ibli\u017en\u011b 200 000 n\u00e1v\u0161t\u011bvn\u00edk\u016f. Rekrea\u010dn\u00ed are\u00e1l je ve\u0159ejnosti nep\u0159\u00edstupn\u00fd. Je nav\u0161t\u011bvov\u00e1n veterin\u00e1\u0159i, person\u00e1lem parku a \u0159adou odborn\u00edk\u016f.<\/p>\n\n\n\n<p>Tubli Bay se nach\u00e1z\u00ed mezi ostrovy Bahrajn a Sitrah ve v\u00fdchodn\u00ed \u010d\u00e1sti zem\u011b. Zde se nach\u00e1z\u00ed ostrov Nabih Saleh. Z\u00e1toka je zn\u00e1m\u00e1 sv\u00fdm bohat\u00fdm mo\u0159sk\u00fdm \u017eivotem a populac\u00ed pt\u00e1k\u016f. Jeho okraje lemuj\u00ed mangrovy. Z\u00e1toka poskytuje prostor pro t\u0159en\u00ed mnoha druh\u016f ryb a krevet. P\u0159ezimuje zde n\u011bkolik druh\u016f pt\u00e1k\u016f. Kv\u016fli zne\u010di\u0161t\u011bn\u00ed a \u0161kodliv\u00fdm pr\u016fmyslov\u00fdm d\u016fsledk\u016fm se mno\u017estv\u00ed rezervy drasticky sn\u00ed\u017eilo. Od roku 1997 v\u0161ak bylo vynalo\u017eeno \u00fasil\u00ed na zachov\u00e1n\u00ed charakteristick\u00e9ho ekosyst\u00e9mu regionu.<\/p>\n\n\n\n<p>V Persk\u00e9m z\u00e1livu se nach\u00e1z\u00ed souostrov\u00ed Hawar. Ostrovy jsou t\u00e9m\u011b\u0159 vylidn\u011bn\u00e9. Kdysi tuto oblast ob\u00fdval kmen bedu\u00edn\u016f. Dnes jsou v\u0161ak jejich vesnice opu\u0161t\u011bn\u00e9. Na ostrovech z\u016fstala jen policejn\u00ed stanice a hotel. Je vy\u017eadov\u00e1n zvl\u00e1\u0161tn\u00ed ryb\u00e1\u0159sk\u00fd l\u00edstek. Ostrovy jsou domovem n\u011bkolika druh\u016f pt\u00e1k\u016f. Hn\u00edzd\u00ed zde vz\u00e1cn\u00fd druh kormor\u00e1n\u016f. Na ostrovech zimuje p\u0159es \u0161edes\u00e1t druh\u016f st\u011bhovav\u00fdch pt\u00e1k\u016f. Tito pt\u00e1ci migruj\u00ed na sv\u00e1 hn\u00edzdi\u0161t\u011b na ja\u0159e. Hn\u00edzd\u00edc\u00ed pt\u00e1ci se vracej\u00ed do sv\u00fdch hn\u00edzd. Zde lze nal\u00e9zt unik\u00e1tn\u00ed tvory v\u010detn\u011b oryxe arabsk\u00e9ho a pou\u0161tn\u00ed gazely. V bl\u00edzkosti ostrov\u016f ob\u00fdv\u00e1 vodu v\u00fdznamn\u00e1 kolonie dugong\u016f. Od roku 1997 je \u00fazem\u00ed pod st\u00e1tn\u00ed ochranou.<\/p>\n\n\n\n<p>Arabsk\u00fd z\u00e1liv je chr\u00e1n\u011bn\u00e1 oblast. Ned\u00e1vno byla zalo\u017eena na ostrov\u011b Muharraq pobl\u00ed\u017e m\u011bsta Arad. Jeho \u00fa\u010delem je zachovat jedine\u010dn\u00fd mo\u0159sk\u00fd ekosyst\u00e9m regionu. Delf\u00edni a svi\u0148uchy obvykle ob\u00fdvaj\u00ed vody pobl\u00ed\u017e Bahrajnu. Zde je m\u00e9n\u011b pravd\u011bpodobn\u00e9, \u017ee naraz\u00edte na velryby a kosatky. Dugongov\u00e9 (mo\u0159sk\u00e9 kr\u00e1vy) jsou \u010dasto pozorov\u00e1ny v pob\u0159e\u017en\u00edch oblastech. Jedn\u00e1 se o nejzvl\u00e1\u0161tn\u011bj\u0161\u00ed mo\u0159sk\u00e9 savce. Ve vod\u00e1ch Persk\u00e9ho z\u00e1livu \u017eije kolem 700 druh\u016f ryb. P\u0159es 80 procent z nich ob\u00fdv\u00e1 \u00fatesy, zejm\u00e9na kor\u00e1lov\u00e9. V Arabsk\u00e9m z\u00e1livu \u017eije t\u0159icet druh\u016f \u017eralok\u016f. 16 je pova\u017eov\u00e1no za ohro\u017een\u00e9. V bahrajnsk\u00fdch vod\u00e1ch je objeveno v\u00edce perlov\u00fdch \u00fast\u0159ic ne\u017e kdekoli jinde. Proto je t\u011b\u017eba perel v tomto regionu velmi zaveden\u00e1.<\/p>\n\n\n\n<p>Ostrov Umm a Nasan je ve vlastnictv\u00ed Koruny. Oblast je pro b\u011b\u017en\u00e9 lidi zak\u00e1z\u00e1na. Ostrov m\u00e1 malou populaci koz se \u0161roubovit\u00fdmi rohy. Mal\u00e1 komunita se nach\u00e1z\u00ed na z\u00e1padn\u00edm b\u0159ehu. \u017dije zde n\u011bkolik nom\u00e1dsk\u00fdch rodin. Staraj\u00ed se o jeleny a gazely \u017eij\u00edc\u00ed na ostrov\u011b. V posledn\u00edch letech m\u011bl provoz pr\u016fmyslov\u00fdch jednotek a odsolovac\u00edch za\u0159\u00edzen\u00ed zna\u010dn\u00fd negativn\u00ed dopad na mo\u0159sk\u00e9 druhy u pob\u0159e\u017e\u00ed. Vl\u00e1da podnik\u00e1 kroky k zachov\u00e1n\u00ed charakteristick\u00e9 povahy ostrov\u016f a pob\u0159e\u017en\u00edch vodn\u00edch cest.<\/p>","protected":false},"excerpt":{"rendered":"<p>Bahrajn je ostrovn\u00ed st\u00e1t s bohatou histori\u00ed, kter\u00e1 trv\u00e1 tis\u00edce let a nab\u00edz\u00ed jedine\u010dnou sm\u011bs kulturn\u00edch v\u00fdlet\u016f, z\u00e1bavy a rekreace. V regionu existoval prvn\u00ed st\u00e1t ji\u017e ve t\u0159et\u00edm tis\u00edcilet\u00ed p\u0159ed na\u0161\u00edm letopo\u010dtem. V r\u016fzn\u00fdch obdob\u00edch historie zem\u011b pat\u0159ila kr\u00e1lovstv\u00ed Sassanid, arabsk\u00e9mu chal\u00edf\u00e1tu, Portugalsku a \u00cdr\u00e1nu. N\u00e1rod byl po ur\u010ditou dobu pod britsk\u00fdm protektor\u00e1tem. V\u0161echny tyto historick\u00e9 f\u00e1ze se podepsaly na krajin\u011b zem\u011b. Proto je zde mnoho zaj\u00edmav\u00fdch m\u00edst.<\/p>","protected":false},"author":1,"featured_media":35408,"parent":35335,"menu_order":0,"comment_status":"closed","ping_status":"closed","template":"elementor_theme","meta":{"_eb_attr":"","footnotes":""},"class_list":["post-35405","page","type-page","status-publish","has-post-thumbnail"],"_links":{"self":[{"href":"https:\/\/travelshelper.com\/cs\/wp-json\/wp\/v2\/pages\/35405","targetHints":{"allow":["GET"]}}],"collection":[{"href":"https:\/\/travelshelper.com\/cs\/wp-json\/wp\/v2\/pages"}],"about":[{"href":"https:\/\/travelshelper.com\/cs\/wp-json\/wp\/v2\/types\/page"}],"author":[{"embeddable":true,"href":"https:\/\/travelshelper.com\/cs\/wp-json\/wp\/v2\/users\/1"}],"replies":[{"embeddable":true,"href":"https:\/\/travelshelper.com\/cs\/wp-json\/wp\/v2\/comments?post=35405"}],"version-history":[{"count":0,"href":"https:\/\/travelshelper.com\/cs\/wp-json\/wp\/v2\/pages\/35405\/revisions"}],"up":[{"embeddable":true,"href":"https:\/\/travelshelper.com\/cs\/wp-json\/wp\/v2\/pages\/35335"}],"wp:featuredmedia":[{"embeddable":true,"href":"https:\/\/travelshelper.com\/cs\/wp-json\/wp\/v2\/media\/35408"}],"wp:attachment":[{"href":"https:\/\/travelshelper.com\/cs\/wp-json\/wp\/v2\/media?parent=35405"}],"curies":[{"name":"wp","href":"https:\/\/api.w.org\/{rel}","templated":true}]}}