{"id":17293,"date":"2024-09-26T00:14:10","date_gmt":"2024-09-26T00:14:10","guid":{"rendered":"https:\/\/travelshelper.com\/staging\/?page_id=17293"},"modified":"2026-03-12T22:52:27","modified_gmt":"2026-03-12T22:52:27","slug":"dolenjske-toplice","status":"publish","type":"page","link":"https:\/\/travelshelper.com\/cs\/destinations\/europe\/slovenia\/dolenjske-toplice\/","title":{"rendered":"Dolenjske Toplice"},"content":{"rendered":"<p>Dolenjske Toplice, osada s p\u0159ibli\u017en\u011b dev\u00edti sty obyvateli, le\u017e\u00edc\u00ed v jihov\u00fdchodn\u00edm Slovinsku nedaleko m\u011bsta Novo Mesto, slou\u017e\u00ed jako administrativn\u00ed centrum stejnojmenn\u00e9 obce. M\u011bsto le\u017e\u00ed v tradi\u010dn\u00edm regionu Doln\u00ed Kra\u0148sko a od slovinsk\u00fdch spr\u00e1vn\u00edch reforem je sou\u010d\u00e1st\u00ed statistick\u00e9ho regionu Jihov\u00fdchodn\u00ed Slovinsko. M\u011bsto se rozkl\u00e1d\u00e1 na b\u0159ez\u00edch \u0159eky Su\u0161ice, jej\u00ed\u017e vody se vl\u00e9vaj\u00ed do \u0159eky Krky asi dva kilometry severn\u011bji. Je proslul\u00e9 p\u0159edev\u0161\u00edm sv\u00fdmi term\u00e1ln\u00edmi l\u00e1zn\u011bmi, jejich\u017e po\u010d\u00e1tky sahaj\u00ed a\u017e do roku 1658 pod z\u00e1\u0161titou hrabat Auersperg\u016f.<\/p>\n<p>Z pohledu cestovatele p\u0159ij\u00ed\u017ed\u011bj\u00edc\u00edho na m\u00edrn\u011b zvln\u011bn\u00e9 kopce, kter\u00e9 tvo\u0159\u00ed kol\u00e9bku Dolenjskih Toplic, se osada jev\u00ed jako propleten\u00e1 kol\u00e1\u017e pastelov\u011b zbarven\u00fdch fas\u00e1d a zelen\u00fdch b\u0159ehov\u00fdch koridor\u016f: \u0159eka Su\u0161ica l\u00edn\u011b prot\u00e9k\u00e1 st\u0159edem obce, jej\u00ed\u017e vlnky odr\u00e1\u017eej\u00ed stalet\u00ed lidsk\u00e9ho os\u00eddlen\u00ed a geologick\u00fdch intrik. Pozemky pod Dolenjskimi Toplicemi, le\u017e\u00edc\u00ed na n\u011bkolika tektonick\u00fdch zlomech, umo\u017e\u0148uj\u00ed meteorick\u00fdm vod\u00e1m pronikat hluboko do zemsk\u00e9 k\u016fry, kde akumuluj\u00ed teplo, ne\u017e znovu vystoup\u00ed na povrch jako miner\u00e1ln\u00ed prameny, jejich\u017e l\u00e9\u010div\u00e1 pov\u011bst sah\u00e1 a\u017e do an\u00e1l\u016f m\u00edstn\u00ed pam\u011bti. A\u010dkoli se proudy na prvn\u00ed pohled zdaj\u00ed b\u00fdt nen\u00e1padn\u00e9, tato podzemn\u00ed alchymie dala m\u011bstu raison d&#039;\u00eatre \u2013 d\u016fvod existence, kter\u00fd formoval nejen jeho ekonomiku, ale i samotnou identitu v prom\u011bnliv\u00fdch historick\u00fdch vln\u00e1ch.<\/p>\n<p>Historick\u00e9 z\u00e1znamy poskytuj\u00ed dal\u0161\u00ed informace o vyv\u00edjej\u00edc\u00edch se n\u00e1zvech m\u011bsta: poprv\u00e9 zaznamenan\u00e1 jako \u201eTopliz\u201c v roce 1228 a pozd\u011bji jako \u201eToplicz\u201c v roce 1328, osada nesla jednoduch\u00e9 slovinsk\u00e9 podstatn\u00e9 jm\u00e9no pro \u201ehork\u00fd pramen\u201c, co\u017e sv\u011bd\u010d\u00ed jak o p\u0159\u00edrodn\u00edch jevech v jej\u00edm j\u00e1dru, tak o jazykov\u00fdch proudech dan\u00e9 doby. Za habsbursk\u00e9 nadvl\u00e1dy se za\u010dal pou\u017e\u00edvat n\u011bmeck\u00fd n\u00e1zev \u201eT\u00f6plitz\u201c, lidov\u00e1 paralela, kter\u00e1 p\u0159etrv\u00e1vala a\u017e do poloviny 20. stolet\u00ed. V roce 1953 byl v r\u00e1mci \u0161ir\u0161\u00ed pov\u00e1le\u010dn\u00e9 standardizace slovinsk\u00fdch toponym n\u00e1zev form\u00e1ln\u011b zm\u011bn\u011bn z Toplice na Dolenjske Toplice \u2013 toto ozna\u010den\u00ed sou\u010dasn\u011b potvrdilo dolnokra\u0148sk\u00e9 d\u011bdictv\u00ed osady a odli\u0161ilo ji od ostatn\u00edch podobn\u011b pojmenovan\u00fdch lokalit. B\u011bhem ka\u017ed\u00e9 nomin\u00e1ln\u00ed transformace z\u016fst\u00e1vala podstata m\u011bsta nem\u011bnn\u00e1: \u00fast\u0159edn\u00ed bod geoterm\u00e1ln\u00ed vitality zakotven\u00fd v \u0161ir\u0161\u00edch kontur\u00e1ch slovinsk\u00e9 kulturn\u00ed a p\u0159\u00edrodn\u00ed historie.<\/p>\n<p>Form\u00e1ln\u00ed zalo\u017een\u00ed term\u00e1ln\u00edch l\u00e1zn\u00ed v roce 1658 znamenalo rozhoduj\u00edc\u00ed bod v historii m\u011bsta, nebo\u0165 pr\u00e1v\u011b tehdy hrabata Auersperg, p\u0159itahov\u00e1na jak empirick\u00fdm p\u0159esv\u011bd\u010den\u00edm, tak p\u0159\u00edslibem \u0161lechtick\u00e9ho patron\u00e1tu, dala na m\u00edst\u011b vyv\u011braj\u00edc\u00edch pramen\u016f vybudovat prvn\u00ed l\u00e1ze\u0148sk\u00e9 domy. Jejich \u00fasil\u00ed zah\u00e1jilo nep\u0159etr\u017eitou tradici wellness, kter\u00e1 v pr\u016fb\u011bhu n\u00e1sleduj\u00edc\u00edch stalet\u00ed nashrom\u00e1\u017edila vrstvy architektonick\u00e9ho, v\u011bdeck\u00e9ho a spole\u010densk\u00e9ho v\u00fdznamu. P\u016fvodn\u00ed stavby, na tehdej\u0161\u00ed pom\u011bry skromn\u00e9, poskytovaly n\u00e1v\u0161t\u011bvn\u00edk\u016fm z\u00e1kladn\u00ed pono\u0159en\u00ed do l\u00e9\u010div\u00fdch vod; p\u0159esto byl princip jasn\u00fd i v t\u00e9 ran\u00e9 dob\u011b: podzemn\u00ed teplo, filtrovan\u00e9 skrz vrstvy nasycen\u00e9 miner\u00e1ly, dod\u00e1valo regenera\u010dn\u00ed vlastnosti, kter\u00e9 m\u00edstn\u00ed obyvatel\u00e9 dlouho ctili.<\/p>\n<p>Koncem osmn\u00e1ct\u00e9ho a za\u010d\u00e1tkem devaten\u00e1ct\u00e9ho stolet\u00ed za\u017e\u00edvaly Dolenjske Toplice postupn\u00fd r\u016fst, proto\u017ee se l\u00e1ze\u0148sk\u00e9 praktiky p\u0159esunuly z oblasti kl\u00e1\u0161tern\u00edho a aristokratick\u00e9ho \u00fato\u010di\u0161t\u011b do sf\u00e9ry zdravotn\u00ed turistiky. Osv\u00edcensk\u00fd l\u00e9ka\u0159i a p\u0159\u00edrodn\u00ed filozofov\u00e9 konali pout\u011b k pramen\u016fm, p\u0159itahov\u00e1ni trakt\u00e1ty vychvaluj\u00edc\u00edmi l\u00e9\u010div\u00e9 \u00fa\u010dinky hydroterapie. V\u00fdsledn\u00e1 popt\u00e1vka urychlila roz\u0161i\u0159ov\u00e1n\u00ed spole\u010dn\u00fdch za\u0159\u00edzen\u00ed a postupn\u00fd n\u00e1r\u016fst ubytov\u00e1n\u00ed pro nemocn\u00e9, volno\u010dasov\u00e9 i ty, kte\u0159\u00ed hledaj\u00ed preventivn\u00ed odpo\u010dinek. Pr\u00e1v\u011b v tomto obdob\u00ed se roz\u0161\u00ed\u0159ila architektonick\u00e1 slovn\u00ed z\u00e1soba m\u011bsta \u2013 klasick\u00e9 portiky a symetrick\u00e9 fas\u00e1dy se objevovaly v reakci na roz\u0161i\u0159uj\u00edc\u00ed se klientelu \u2013 v\u017edy v\u0161ak bez zast\u00edn\u011bn\u00ed lidov\u00fdch tradic, kter\u00e9 jim p\u0159edch\u00e1zely.<\/p>\n<p>Koncem devaten\u00e1ct\u00e9ho stolet\u00ed, kdy \u017eeleznice vyty\u010dila nov\u00e9 tepny nap\u0159\u00ed\u010d habsbursk\u00fdmi panstv\u00edmi, se Dolenjske Toplice ocitly p\u0159ipojeny k \u0161ir\u0161\u00ed evropsk\u00e9 s\u00edti wellness destinac\u00ed, a to i p\u0159esto, \u017ee si zachovaly sv\u016fj jedine\u010dn\u00fd charakter. Parn\u00ed lokomotivy vyv\u00e1\u017eely cestovatele, jejich\u017e cesty se t\u00e1hly p\u0159es provincie a \u0159\u00ed\u0161e; tito cestovatel\u00e9, kte\u0159\u00ed urazili velk\u00e9 vzd\u00e1lenosti, hledali pohodl\u00ed ve stejn\u00fdch tepl\u00fdch vod\u00e1ch, kter\u00e9 po generace \u017eivily jejich slovinsk\u00e9 hostitele. Uprost\u0159ed tohoto kosmopolitn\u00edho p\u0159\u00edlivu a odlivu p\u011bstovala osada noblesn\u00ed rytmus \u2013 jej\u00ed bulv\u00e1ry lemovaly ka\u0161tany, promen\u00e1da osv\u011btlen\u00e1 zdoben\u00fdmi lampami a l\u00e1ze\u0148sk\u00e1 za\u0159\u00edzen\u00ed spravovan\u00e1 l\u00e9ka\u0159i, kte\u0159\u00ed kombinovali empirick\u00e9 pozorov\u00e1n\u00ed s trval\u00fdmi tradicemi m\u00edstn\u00edch l\u00e9\u010ditel\u016f.<\/p>\n<p>Dvac\u00e1t\u00e9 stolet\u00ed s sebou p\u0159ineslo seismick\u00e9 politick\u00e9 transformace, od rozpadu \u0159\u00ed\u0161\u00ed a\u017e po ot\u0159esy glob\u00e1ln\u00edch konflikt\u016f. Navzdory t\u011bmto peripeti\u00edm z\u016fstaly l\u00e1zn\u011b ekonomickou kotvou m\u011bsta a jejich term\u00e1ln\u00ed prameny st\u00e1l\u00fdm zdrojem \u00fat\u011bchy i ob\u017eivy. S p\u0159ejmenov\u00e1n\u00edm na Dolenjske Toplice v roce 1953 p\u0159ijala komunita obnoven\u00e9ho ducha slovinsk\u00e9 suverenity, a to i p\u0159esto, \u017ee p\u0159izp\u016fsobila svou infrastrukturu po\u017eadavk\u016fm modern\u00edho cestovn\u00edho ruchu. Vznikly hotely r\u016fzn\u00e9ho rozsahu, kter\u00e9 nab\u00edzely ubytov\u00e1n\u00ed od intimn\u00edch penzion\u016f a\u017e po v\u011bt\u0161\u00ed za\u0159\u00edzen\u00ed s bohat\u0161\u00edm vybaven\u00edm; l\u00e9\u010debn\u00e9 re\u017eimy se st\u00e1le v\u00edce kodifikovaly v r\u00e1mci l\u00e9ka\u0159sk\u00e9 v\u011bdy a do konce dvac\u00e1t\u00e9ho stolet\u00ed se l\u00e1ze\u0148sk\u00fd komplex vyvinul v mnohostrann\u00fd podnik zahrnuj\u00edc\u00ed hotelov\u00e9 slu\u017eby, wellness procedury a specializovan\u00e9 baz\u00e9ny.<\/p>\n<p>Dnes p\u0159edstavuje l\u00e1ze\u0148sk\u00fd komplex hlavn\u00ed komer\u010dn\u00ed aktivitu osady, jeho\u017e architektura je harmonick\u00fdm propojen\u00edm sou\u010dasn\u00e9ho designu a tradi\u010dn\u00edch motiv\u016f. Hotely stoj\u00ed v jemn\u00e9 linii s tokem \u0159eky, jejich\u017e fas\u00e1dy odr\u00e1\u017eej\u00ed tlumen\u00e9 odst\u00edny okoln\u00edch les\u016f. Uvnit\u0159 se nach\u00e1z\u00ed modern\u00ed wellness centrum, kter\u00e9 nab\u00edz\u00ed \u0159adu terapi\u00ed: hydromas\u00e1\u017ee, miner\u00e1ln\u00ed z\u00e1baly a fyzioterapeutick\u00e9 procedury, v\u0161echny odvozuj\u00ed svou \u00fa\u010dinnost ze stejn\u00e9ho geoterm\u00e1ln\u00edho zdroje, kter\u00fd poprv\u00e9 p\u0159il\u00e1kal hrabata Auerspergy. Baz\u00e9ny \u2013 n\u011bkter\u00e9 venkovn\u00ed, jin\u00e9 kryt\u00e9 pod sklen\u011bn\u00fdmi pavilony \u2013 l\u00e1kaj\u00ed k odpo\u010dinku i rehabilitaci: rodiny se v poledne koupaj\u00ed ve vla\u017en\u00e9 vod\u011b, zat\u00edmco rekonvalescenti absolvuj\u00ed p\u0159edepsan\u00e9 vodn\u00ed cvi\u010den\u00ed pod klenut\u00fdmi stropy. Tato synergie tradice a inovac\u00ed pos\u00edlila pov\u011bst Dolenjskih Toplic jako p\u0159edn\u00ed slovinsk\u00e9 destinace zdravotn\u00ed turistiky, m\u00edsta, kde se snoub\u00ed empirick\u00e1 d\u016fslednost a osv\u011bd\u010den\u00e1 praxe.<\/p>\n<p>Vitalita m\u011bsta v\u0161ak p\u0159esahuje jeho l\u00e1ze\u0148skou ekonomiku. Architektonick\u00e9 a kulturn\u00ed d\u011bdictv\u00ed rezonuje uli\u010dkami a spole\u010dn\u00fdmi prostory, p\u0159i\u010dem\u017e \u017e\u00e1dn\u00fd z nich nen\u00ed evokuj\u00edc\u00ed v\u00edce ne\u017e farn\u00ed kostel zasv\u011bcen\u00fd svat\u00e9 Ann\u011b. P\u016fvodn\u011b postaven\u00fd v gotick\u00e9m slohu \u2013 jeho op\u011brn\u00e9 zdi a lancetov\u00e1 okna sv\u011bd\u010d\u00ed o st\u0159edov\u011bk\u00e9m c\u00edrkevn\u00edm \u0159emesln\u00e9m um\u011bn\u00ed \u2013 pro\u0161el kostel na konci sedmn\u00e1ct\u00e9ho stolet\u00ed barokn\u00ed p\u0159estavbou, kter\u00e1 z\u00edskala zdoben\u00e9 olt\u00e1\u0159n\u00ed obrazy a propracovan\u011bj\u0161\u00ed prostorovou organizaci. Jako sou\u010d\u00e1st \u0159\u00edmskokatolick\u00e9 diec\u00e9ze Novo Mesto je centrem nejen v\u011b\u0159\u00edc\u00edch Dolenjske Toplice, ale i v\u011b\u0159\u00edc\u00edch z okoln\u00edch venkovsk\u00fdch farnost\u00ed Soteska, Ko\u010devske Poljane a Ur\u0161na Sela. A\u010dkoli tyto odlehl\u00e9 komunity \u010dasto trp\u00ed nedostatkem m\u00edstn\u00edch duchovn\u00edch, farnost Dolenjske Toplice roz\u0161i\u0159uje sv\u016fj pastora\u010dn\u00ed dosah i za hranice obce a nab\u00edz\u00ed sv\u00e1tostnou p\u00e9\u010di a liturgick\u00e9 slu\u017eby, kter\u00e9 spojuj\u00ed region v jednotnou duchovn\u00ed strukturu.<\/p>","protected":false},"excerpt":{"rendered":"<p>Dolenjske Toplice, malebn\u00e9 m\u011bste\u010dko nedaleko Novo Mesto na jihu Slovinska, m\u00e1 kolem 900 obyvatel. Tato mal\u00e1 vesni\u010dka, zastr\u010den\u00e1 pod\u00e9l \u0159eky Su\u0161ica, je hlavn\u00edm m\u011bstem obce Dolenjske Toplice. Zn\u00e1m\u00e9 jsou jeho hork\u00e9 koupele, kter\u00e9 l\u00e1kaj\u00ed hosty ji\u017e l\u00e9ta.<\/p>","protected":false},"author":1,"featured_media":17465,"parent":13345,"menu_order":0,"comment_status":"closed","ping_status":"closed","template":"elementor_theme","meta":{"_eb_attr":"","footnotes":""},"class_list":["post-17293","page","type-page","status-publish","has-post-thumbnail"],"_links":{"self":[{"href":"https:\/\/travelshelper.com\/cs\/wp-json\/wp\/v2\/pages\/17293","targetHints":{"allow":["GET"]}}],"collection":[{"href":"https:\/\/travelshelper.com\/cs\/wp-json\/wp\/v2\/pages"}],"about":[{"href":"https:\/\/travelshelper.com\/cs\/wp-json\/wp\/v2\/types\/page"}],"author":[{"embeddable":true,"href":"https:\/\/travelshelper.com\/cs\/wp-json\/wp\/v2\/users\/1"}],"replies":[{"embeddable":true,"href":"https:\/\/travelshelper.com\/cs\/wp-json\/wp\/v2\/comments?post=17293"}],"version-history":[{"count":0,"href":"https:\/\/travelshelper.com\/cs\/wp-json\/wp\/v2\/pages\/17293\/revisions"}],"up":[{"embeddable":true,"href":"https:\/\/travelshelper.com\/cs\/wp-json\/wp\/v2\/pages\/13345"}],"wp:featuredmedia":[{"embeddable":true,"href":"https:\/\/travelshelper.com\/cs\/wp-json\/wp\/v2\/media\/17465"}],"wp:attachment":[{"href":"https:\/\/travelshelper.com\/cs\/wp-json\/wp\/v2\/media?parent=17293"}],"curies":[{"name":"wp","href":"https:\/\/api.w.org\/{rel}","templated":true}]}}