{"id":17275,"date":"2024-09-25T23:51:48","date_gmt":"2024-09-25T23:51:48","guid":{"rendered":"https:\/\/travelshelper.com\/staging\/?page_id=17275"},"modified":"2026-03-12T22:42:32","modified_gmt":"2026-03-12T22:42:32","slug":"sliac","status":"publish","type":"page","link":"https:\/\/travelshelper.com\/cs\/destinations\/europe\/slovakia\/sliac\/","title":{"rendered":"Slia\u010d"},"content":{"rendered":"<p>Slia\u010d, diskr\u00e9tn\u00ed klenot zasazen\u00fd v srdci st\u0159edn\u00edho Slovenska, je kompaktn\u00ed l\u00e1ze\u0148sk\u00e9 m\u011bsto s necel\u00fdmi p\u011bti tis\u00edci obyvateli (4 986 v roce 2018) le\u017e\u00edc\u00ed pod\u00e9l m\u00edrn\u00e9ho toku \u0159eky Hron, asi \u010dty\u0159i kilometry severn\u011b od historick\u00e9ho m\u011bsta Zvolen a stejn\u011b vzd\u00e1len\u00e9 od region\u00e1ln\u00edho centra Bansk\u00e9 Bystrice. M\u011bsto zab\u00edr\u00e1 skromnou \u010d\u00e1st Zvolensk\u00e9 kotliny a zahrnuje rovinat\u00e9 oblasti b\u00fdval\u00fdch vesnic H\u00e1jniky a Ryb\u00e1re, stejn\u011b jako zvln\u011bn\u00fd v\u00fdchodn\u00ed h\u0159eben zn\u00e1m\u00fd jako K\u00fapele, jeho\u017e samotn\u00fd n\u00e1zev \u2013 odvozen\u00fd od slovensk\u00e9ho slova slatina, co\u017e znamen\u00e1 miner\u00e1ln\u00ed nebo kysel\u00fd pramen \u2013 s k\u0159i\u0161\u0165\u00e1lovou jasnost\u00ed vypov\u00edd\u00e1 o jeho raison d&#039;\u00eatre.<\/p>\n<p>V panoramatick\u00e9m z\u00e1b\u011bru hlubok\u00fdch \u010das\u016f nese ter\u00e9n Slia\u010de otisk lidsk\u00e9ho os\u00eddlen\u00ed sahaj\u00edc\u00edho p\u0159es dv\u011b tis\u00edcilet\u00ed p\u0159ed na\u0161\u00edm letopo\u010dtem, jak nazna\u010duj\u00ed archeologick\u00e9 stopy ran\u00e9ho agr\u00e1rn\u00edho \u017eivota; slovan\u0161t\u00ed osadn\u00edci se zde usadili ji\u017e v \u0161est\u00e9m stolet\u00ed na\u0161eho letopo\u010dtu a polo\u017eili z\u00e1klady pro komunity, kter\u00e9 budou o stalet\u00ed pozd\u011bji zaznamen\u00e1ny ve st\u0159edov\u011bk\u00fdch listin\u00e1ch. Prvn\u00ed dolo\u017een\u00e1 zm\u00ednka o sakr\u00e1ln\u00ed budov\u011b v oblasti, kter\u00e1 se pozd\u011bji stala okresem H\u00e1jniky, poch\u00e1z\u00ed z roku 1263, kdy \u00fazem\u00ed spadalo pod jurisdikci Uhersk\u00e9ho kr\u00e1lovstv\u00ed; tento ran\u011b gotick\u00fd kostel sv. Mikul\u00e1\u0161e s polygon\u00e1ln\u011b ukon\u010den\u00fdm presbyt\u00e1\u0159em a mohutnou v\u011b\u017e\u00ed \u2013 postaven\u00fd v prvn\u00ed \u010dtvrtin\u011b \u010dtrn\u00e1ct\u00e9ho stolet\u00ed \u2013 pro\u0161el postupn\u00fdmi architektonick\u00fdmi palimpsesty, od pozdn\u011b gotick\u00e9 klenby z patn\u00e1ct\u00e9ho stolet\u00ed a\u017e po p\u0159\u00edstavbu voln\u011b stoj\u00edc\u00ed zvonice v roce 1804, kter\u00e1 je cihlovou a d\u0159ev\u011bnou konstrukc\u00ed a dodnes dotv\u00e1\u0159\u00ed siluetu obce.<\/p>\n<p>Za vl\u00e1dy kr\u00e1le B\u00e9ly IV. bylo nedalek\u00e9 m\u011bsto Zvolen pov\u00fd\u0161eno na svobodn\u00e9 kr\u00e1lovsk\u00e9 m\u011bsto a p\u0159i vymezen\u00ed jeho \u00fazemn\u00edch hranic byly ji\u017e v roce 1244 zaznamen\u00e1ny miner\u00e1ln\u00ed prameny Slia\u010de, kter\u00e9 p\u0159edznamen\u00e1valy balneologick\u00e9 d\u011bdictv\u00ed, je\u017e bude toto m\u00edsto definovat po stalet\u00ed. Do roku 1657 byly zah\u00e1jeny form\u00e1ln\u00ed l\u00e9\u010debn\u00e9 aktivity, kter\u00e9 p\u0159itahovaly proud n\u00e1v\u0161t\u011bvn\u00edk\u016f hledaj\u00edc\u00edch \u00falevu od r\u016fzn\u00fdch neduh\u016f, zat\u00edmco vody \u2013 charakterizovan\u00e9 v\u00fdjime\u010dn\u00fdm obsahem oxidu uhli\u010dit\u00e9ho p\u0159esahuj\u00edc\u00edm 98 procent a vz\u00e1cnou izotermickou teplotou 33,2 \u00b0C \u2013 si za\u010daly z\u00edsk\u00e1vat v\u011bhlas mezi l\u00e9ka\u0159i Uhersk\u00e9ho kr\u00e1lovstv\u00ed.<\/p>\n<p>V\u00fdvoj m\u011bsta v devaten\u00e1ct\u00e9m stolet\u00ed byl neodd\u011bliteln\u011b spjat s prosperuj\u00edc\u00edmi l\u00e1ze\u0148sk\u00fdmi za\u0159\u00edzen\u00edmi, kter\u00e1 se ujala kl\u00ed\u010dov\u00e9 role v region\u00e1ln\u00ed zdravotn\u00ed turistice; \u0159ada elegantn\u00edch budov a l\u00e1ze\u0148sk\u00fdch pavilon\u016f \u2013 postaven\u00fdch v klasick\u00e9m stylu dan\u00e9 doby \u2013 sv\u011bd\u010d\u00ed o rozv\u00edjej\u00edc\u00ed se kulturn\u00ed presti\u017ei Slia\u010de, jeho\u017e pov\u011bst p\u0159itahovala takov\u00e9 v\u00fdznamn\u00e9 osobnosti, jako byl ma\u010farsk\u00fd revolucion\u00e1\u0159 Lajos Kossuth, \u010desk\u00e1 spisovatelka Bo\u017eena N\u011bmcov\u00e1 a v meziv\u00e1le\u010dn\u00e9m obdob\u00ed filozof a st\u00e1tn\u00edk T. G. Masaryk, kte\u0159\u00ed oba vyzdvihovali l\u00e9\u010div\u00e9 vlastnosti pramen\u016f ve v\u00fdroc\u00edch, kter\u00e9 rezonovaly po cel\u00e9 st\u0159edn\u00ed Evrop\u011b.<\/p>\n<p>Bou\u0159liv\u00e9 dvac\u00e1t\u00e9 stolet\u00ed p\u0159ineslo jak rozvrat, tak i p\u0159em\u011bnu. S rozpadem Rakousko-Uherska v roce 1918 byl Slia\u010d za\u010dlen\u011bn do nov\u011b nez\u00e1visl\u00e9ho \u010ceskoslovenska; v letech 1939 a\u017e 1945 pro\u0161el dal\u0161\u00ed rekonfigurac\u00ed jako sou\u010d\u00e1st v\u00e1le\u010dn\u00e9 Slovensk\u00e9 republiky, b\u011bhem n\u00ed\u017e byl poklidn\u00fd ritu\u00e1l l\u00e1zn\u00ed do\u010dasn\u011b pod\u0159\u00edzen po\u017eadavk\u016fm spr\u00e1vy spojen\u00e9 s mocnostmi Osy. L\u00e1ze\u0148sk\u00e1 infrastruktura v\u0161ak z\u016fstala dostate\u010dn\u011b neporu\u0161en\u00e1, aby mohla v pov\u00e1le\u010dn\u00e9m obdob\u00ed obnovit provoz, a to i p\u0159esto, \u017ee okoln\u00ed krajina byla poznamen\u00e1na \u0161ir\u0161\u00edmi politick\u00fdmi zlomov\u00fdmi liniemi rod\u00edc\u00edho se socialistick\u00e9ho st\u00e1tu.<\/p>\n<p>Snad nejdramati\u010dt\u011bj\u0161\u00ed kapitola modern\u00edho p\u0159\u00edb\u011bhu Slia\u010de se odehr\u00e1la b\u011bhem Slovensk\u00e9ho n\u00e1rodn\u00edho povst\u00e1n\u00ed v roce 1944, kdy nedalek\u00e9 leti\u0161t\u011b \u2013 dlouho zn\u00e1m\u00e9 pod m\u00edstn\u00edm ozna\u010den\u00edm Letisko Tri Duby \u2013 z\u00edskalo strategick\u00fd v\u00fdznam jako opera\u010dn\u00ed z\u00e1kladna i m\u00edsto pro leteck\u00e9 z\u00e1sobovac\u00ed mise; povstaleck\u00e1 nemocnice postaven\u00e1 v samotn\u00e9m m\u011bst\u011b se stala symbolem odporu a jej\u00ed do\u010dasn\u00e1 odd\u011blen\u00ed sv\u011bd\u010dila o odhodl\u00e1n\u00ed slovensk\u00fdch partyz\u00e1n\u016f v boji proti okupa\u010dn\u00edm sil\u00e1m.<\/p>\n<p>V n\u00e1sleduj\u00edc\u00edch desetilet\u00edch vrhala sov\u011btsk\u00e1 p\u0159\u00edtomnost na Slia\u010d dlouh\u00fd st\u00edn. V letech 1968 a\u017e 1991 se ve m\u011bst\u011b a jeho okol\u00ed nach\u00e1zela \u0159ada vojensk\u00fdch za\u0159\u00edzen\u00ed \u2013 od radiotechnick\u00fdch stanic a leteck\u00fdch kas\u00e1ren a\u017e po muni\u010dn\u00ed sklady a zam\u011b\u0159ova\u010d v nedalek\u00e9m Bad\u00edn\u011b \u2013 zat\u00edmco l\u00e1zn\u011b a civiln\u00ed \u010dtvrti slou\u017eily jako obytn\u00e9 enkl\u00e1vy pro sov\u011btsk\u00e9 d\u016fstojn\u00edky. A\u017e v \u010dervnu 2016 \u2013 zhruba \u010dtvrtstolet\u00ed po p\u00e1du \u017eelezn\u00e9 opony \u2013 prezident Andrej Kiska slavnostn\u011b odhalil prvn\u00ed pam\u00e1tn\u00edk na Slovensku na pam\u00e1tku odchodu sov\u011btsk\u00fdch vojsk, ocelovou vlajku s \u010dasov\u00fdm harmonogramem, kter\u00e1 se nach\u00e1zela pr\u00e1v\u011b na s\u00eddli\u0161ti, kter\u00e9 kdysi tito d\u016fstojn\u00edci ob\u00fdvali.<\/p>\n<p>Uprost\u0159ed t\u011bchto geopolitick\u00fdch podt\u00f3n\u016f pro\u0161la ob\u010dansk\u00e1 identita Slia\u010de form\u00e1ln\u00ed konsolidac\u00ed: v roce 1959 administrativn\u00ed slou\u010den\u00ed obc\u00ed H\u00e1jniky, Ryb\u00e1re a l\u00e1ze\u0148sk\u00e9ho okresu Slia\u010d-K\u00fapele prop\u016fj\u010dilo obci jej\u00ed sou\u010dasn\u00fd n\u00e1zev, zat\u00edmco dal\u0161\u00ed p\u0159ipojen\u00ed obce Sampor v roce 1979 roz\u0161\u00ed\u0159ilo jej\u00ed jurisdikci. Archeologov\u00e9 pozd\u011bji v okrese Sampor objevili z\u00e1klady kdysi zapomenut\u00e9 gotick\u00e9 kaple zasv\u011bcen\u00e9 sv. Michaelu Archand\u011blovi \u2013 ozv\u011bnu st\u0159edov\u011bku, kter\u00e1 podtrhla hloubku a kontinuitu os\u00eddlen\u00ed nap\u0159\u00ed\u010d po sob\u011b jdouc\u00edmi epochami.<\/p>\n<p>Samotn\u00e9 leti\u0161t\u011b \u2013 po sv\u00e9m znovuotev\u0159en\u00ed pro civiln\u00ed provoz 16. \u010dervna 2011 p\u0159ejmenovan\u00e9 na leti\u0161t\u011b Slia\u010d \u2013 nad\u00e1le pln\u00ed dvoj\u00ed vojenskou a komer\u010dn\u00ed roli. P\u016fsob\u00ed po boku taktick\u00e9ho k\u0159\u00eddla gener\u00e1lmajora Otto Smika a v dob\u011b psan\u00ed tohoto textu proch\u00e1z\u00ed v letech 2021 a\u017e 2023 komplexn\u00ed rekonstrukc\u00ed sv\u00fdch vojensk\u00fdch za\u0159\u00edzen\u00ed, kter\u00e1 do\u010dasn\u011b znemo\u017enila provoz osobn\u00ed dopravy. Jeho ranveje lemovan\u00e9 starobyl\u00fdmi duby, kter\u00e9 mu daly jeho p\u016fvodn\u00ed n\u00e1zev, slou\u017e\u00ed jako \u017eivou p\u0159ipom\u00ednka strategick\u00e9ho propojen\u00ed m\u011bsta s terapeutick\u00fdm \u00fato\u010di\u0161t\u011bm a v\u00e1le\u010dnou nal\u00e9havost\u00ed.<\/p>\n<p>L\u00e1zn\u011b Slia\u010d si dnes zachov\u00e1vaj\u00ed sv\u00e9 jedine\u010dn\u00e9 postaven\u00ed na Slovensku jako jedin\u00e9 za\u0159\u00edzen\u00ed v\u011bnuj\u00edc\u00ed se l\u00e9\u010db\u011b kardiovaskul\u00e1rn\u00edch onemocn\u011bn\u00ed. Jejich p\u0159\u00edrodn\u00ed voda bohat\u00e1 na CO\u2082 se vyu\u017e\u00edv\u00e1 k uhli\u010dit\u00e9 terapii, kter\u00e1 vyu\u017e\u00edv\u00e1 vnit\u0159n\u00ed vlastnosti miner\u00e1ln\u00edch pramen\u016f bez z\u00e1vislosti na synteticky vyroben\u00fdch plynech \u2013 co\u017e je praxe, kter\u00e1 nem\u00e1 mezi ostatn\u00edmi l\u00e1zn\u011bmi v zemi obdoby. Pacienti a host\u00e9 si mohou vybrat z v\u00edce ne\u017e \u010dty\u0159iceti p\u011bti r\u016fzn\u00fdch procedur \u2013 od balneoterapie a hydroterapie a\u017e po fyzioterapii a elektrol\u00e9\u010dbu \u2013 s obzvl\u00e1\u0161t\u011b specifickou nab\u00eddkou, jako jsou vodn\u00ed uhli\u010dit\u00e9 koupele, plynov\u00e9 uhli\u010dit\u00e9 koupele a plynov\u00e9 injekce, kter\u00e9 vyu\u017e\u00edvaj\u00ed zdroj zemn\u00edho plynu v prameni.<\/p>\n<p>Okoln\u00ed klima s p\u0159\u00edznivou nadmo\u0159skou v\u00fd\u0161kou a pr\u016fm\u011brnou ro\u010dn\u00ed teplotou p\u0159ibli\u017en\u011b 8,2 \u00b0C d\u00e1le zvy\u0161uje atraktivitu l\u00e1zn\u00ed, zat\u00edmco otev\u0159en\u00e9 v\u00fdhledy na Zvolenskou kotlinu poskytuj\u00ed vizu\u00e1ln\u00ed klid v souladu s l\u00e9\u010debn\u00fdmi aktivitami v l\u00e9\u010debn\u00e1ch. Silni\u010dn\u00ed a \u017eelezni\u010dn\u00ed tepny \u2013 v\u010detn\u011b d\u00e1lnice I\/69 spojuj\u00edc\u00ed Kov\u00e1\u010dovou a Banskou Bystrici a hlavn\u00ed \u017eelezni\u010dn\u00ed trati Zvolen\u2013Vr\u00fatky, kter\u00e1 kon\u010d\u00ed v r\u00e1mci m\u011bsta \u2013 zaji\u0161\u0165uj\u00ed, \u017ee Slia\u010d z\u016fst\u00e1v\u00e1 dostupn\u00fd pro m\u00edstn\u00ed i zahrani\u010dn\u00ed n\u00e1v\u0161t\u011bvn\u00edky, kte\u0159\u00ed hledaj\u00ed jeho l\u00e9\u010div\u00e9 vody.<\/p>\n<p>Demograficky je obyvatelstvo m\u011bsta drtiv\u011b slovensk\u00e9 \u2013 96,1 % podle s\u010d\u00edt\u00e1n\u00ed lidu z roku 2001, s \u010deskou men\u0161inou 2,3 \u200b\u200b% \u2013 zat\u00edmco n\u00e1bo\u017eensk\u00e1 p\u0159\u00edslu\u0161nost je rozd\u011blena mezi \u0159\u00edmsk\u00e9 katol\u00edky (46,1 %), stoupence luter\u00e1nsk\u00e9ho vyzn\u00e1n\u00ed (22,1 %) a zna\u010dn\u00fd pod\u00edl (26,7 %) se k \u017e\u00e1dn\u00e9mu n\u00e1bo\u017eensk\u00e9mu vyzn\u00e1n\u00ed nehl\u00e1s\u00ed. Souhra t\u011bchto kulturn\u00edch a duchovn\u00edch identit vn\u00e1\u0161\u00ed do Slia\u010de soci\u00e1ln\u00ed tapiserii, kter\u00e1 sice skromn\u00e9ho rozsahu, ale odr\u00e1\u017e\u00ed \u0161ir\u0161\u00ed vzorce \u017eivota ve st\u0159edn\u00edm Slovensku.<\/p>\n<p>Architektonick\u00e9 d\u011bdictv\u00ed je v centrech obc\u00ed st\u00e1le hmatateln\u00e9: kostel sv. Mikul\u00e1\u0161e v H\u00e1jnik\u00e1ch stoj\u00ed na sv\u00e9m vyv\u00fd\u0161en\u00e9m m\u00edst\u011b, jeho opevn\u011bn\u00ed \u2013 postaven\u00e9 b\u011bhem obdob\u00ed osmansk\u00e9ho ohro\u017een\u00ed \u2013 a po\u0161kozen\u00ed z roku 1627 sv\u011bd\u010d\u00ed o vrtochech pohrani\u010dn\u00edho \u017eivota; n\u00e1sledn\u00e9 zaklenut\u00ed lodi v roce 1688 s pou\u017eit\u00edm centr\u00e1ln\u00edho pil\u00ed\u0159e a pozd\u011bj\u0161\u00ed p\u0159\u00edstavba kaple podtrhuj\u00ed kontinuum spole\u010dn\u00e9 zbo\u017enosti, kter\u00e9 p\u0159etrv\u00e1v\u00e1 dodnes.<\/p>\n<p>Navzdory sv\u00fdm klidn\u00fdm proporc\u00edm tvo\u0159\u00ed historick\u00e9 a geografick\u00e9 h\u0159ebeny Slia\u010de vrstevnat\u00fd palimpsest: starobyl\u00e9 prameny, z\u00e1klady st\u0159edov\u011bk\u00fdch kostel\u016f, l\u00e1ze\u0148sk\u00e9 pavilony z 19. stolet\u00ed, v\u00e1le\u010dn\u00e9 leti\u0161t\u011b a modern\u00ed leti\u0161t\u011b \u2013 to v\u0161e spl\u00fdv\u00e1 a definuje m\u00edsto, kde po stalet\u00ed koexistovaly l\u00e9\u010debn\u00e9 tradice a strategick\u00fd v\u00fdznam. Jeho kompaktn\u00ed m\u011bstsk\u00e1 struktury, prost\u00e9 ok\u00e1zalosti, ale bohat\u00e9 na narativn\u00ed hloubku, nab\u00edz\u00ed pohlcuj\u00edc\u00ed setk\u00e1n\u00ed s komplexn\u00edm d\u011bdictv\u00edm st\u0159edn\u00ed Evropy.<\/p>\n<p>V tomto prol\u00edn\u00e1n\u00ed \u010dasov\u00fdch vrstev \u2013 kde prehistorick\u00e1 os\u00eddlen\u00ed ustupuj\u00ed st\u0159edov\u011bk\u00fdm farnostem, kde se habsbursk\u00e1 l\u00e1ze\u0148sk\u00e1 kultura setk\u00e1v\u00e1 s totalitn\u00edmi pravidly dvac\u00e1t\u00e9ho stolet\u00ed a kde se postsocialistick\u00e9 obrozen\u00ed odehr\u00e1v\u00e1 vedle neochv\u011bjn\u00fdch miner\u00e1ln\u00edch pramen\u016f \u2013 se Slia\u010d jev\u00ed jako m\u00edsto trval\u00e9 kontinuity. Jeho vody st\u00e1le vyv\u011braj\u00ed z hlubok\u00fdch zvodn\u011bl\u00fdch vrstev a jejich uhl\u00edkem nasycen\u00e9 proudy udr\u017euj\u00ed tradici l\u00e9\u010den\u00ed; jeho dr\u00e1hy se t\u00e1hnou vp\u0159ed, jak k nebi, tak k neust\u00e1le se vyv\u00edjej\u00edc\u00edm kontur\u00e1m slovensk\u00e9 identity.<\/p>\n<p>Slia\u010d tak stoj\u00ed jako p\u0159\u00edklad m\u00edsta, kter\u00e9 se sice m\u011b\u0159\u00ed kilometry a obyvateli, ale je rozlehl\u00e9 sv\u00fdmi ozv\u011bnami minulosti a p\u0159\u00edslibem budoucnosti \u2013 l\u00e1ze\u0148sk\u00e9ho m\u011bsta, jeho\u017e samotn\u00fd n\u00e1zev evokuje d\u00e1rce \u017eivota, miner\u00e1ln\u00ed pramen, a jeho\u017e p\u0159\u00edb\u011bh je utk\u00e1n ze z\u00e1klad\u016f lidsk\u00e9ho \u00fasil\u00ed nap\u0159\u00ed\u010d tis\u00edcilet\u00edmi.<\/p>","protected":false},"excerpt":{"rendered":"<p>Slia\u010d, mal\u00e9 l\u00e1ze\u0148sk\u00e9 m\u011bste\u010dko na b\u0159ez\u00edch \u0159eky Hron, je zastr\u010den\u00e9 v bukolick\u00e9m prost\u0159ed\u00ed st\u0159edn\u00edho Slovenska. Tato mal\u00e1, ale v\u00fdznamn\u00e1 lokalita s m\u00e9n\u011b ne\u017e 5 000 obyvateli se nach\u00e1z\u00ed mezi v\u011bt\u0161\u00edm m\u011bstem Bansk\u00e1 Bystrica a Zvolenem. Slia\u010d je pozoruhodn\u00fdm m\u00edstem pro ka\u017ed\u00e9ho, kdo hled\u00e1 jak odpo\u010dinek, tak pohled do bohat\u00e9 minulosti Slovenska, proto\u017ee jeho strategick\u00e1 poloha a charakteristick\u00e9 rysy definovaly jeho identitu v pr\u016fb\u011bhu historie.<\/p>","protected":false},"author":1,"featured_media":17535,"parent":13300,"menu_order":0,"comment_status":"closed","ping_status":"closed","template":"elementor_theme","meta":{"_eb_attr":"","footnotes":""},"class_list":["post-17275","page","type-page","status-publish","has-post-thumbnail"],"_links":{"self":[{"href":"https:\/\/travelshelper.com\/cs\/wp-json\/wp\/v2\/pages\/17275","targetHints":{"allow":["GET"]}}],"collection":[{"href":"https:\/\/travelshelper.com\/cs\/wp-json\/wp\/v2\/pages"}],"about":[{"href":"https:\/\/travelshelper.com\/cs\/wp-json\/wp\/v2\/types\/page"}],"author":[{"embeddable":true,"href":"https:\/\/travelshelper.com\/cs\/wp-json\/wp\/v2\/users\/1"}],"replies":[{"embeddable":true,"href":"https:\/\/travelshelper.com\/cs\/wp-json\/wp\/v2\/comments?post=17275"}],"version-history":[{"count":0,"href":"https:\/\/travelshelper.com\/cs\/wp-json\/wp\/v2\/pages\/17275\/revisions"}],"up":[{"embeddable":true,"href":"https:\/\/travelshelper.com\/cs\/wp-json\/wp\/v2\/pages\/13300"}],"wp:featuredmedia":[{"embeddable":true,"href":"https:\/\/travelshelper.com\/cs\/wp-json\/wp\/v2\/media\/17535"}],"wp:attachment":[{"href":"https:\/\/travelshelper.com\/cs\/wp-json\/wp\/v2\/media?parent=17275"}],"curies":[{"name":"wp","href":"https:\/\/api.w.org\/{rel}","templated":true}]}}