{"id":17244,"date":"2024-09-25T23:20:32","date_gmt":"2024-09-25T23:20:32","guid":{"rendered":"https:\/\/travelshelper.com\/staging\/?page_id=17244"},"modified":"2026-03-12T22:34:39","modified_gmt":"2026-03-12T22:34:39","slug":"dudince","status":"publish","type":"page","link":"https:\/\/travelshelper.com\/cs\/destinations\/europe\/slovakia\/dudince\/","title":{"rendered":"Dudince"},"content":{"rendered":"<p>Dudince, nejmen\u0161\u00ed m\u011bsto na Slovensku, m\u00e1 p\u0159ibli\u017en\u011b 1 400 obyvatel a zauj\u00edm\u00e1 kompaktn\u00ed rozlohu 140 metr\u016f nad mo\u0159em v Banskobystrick\u00e9m kraji na jihu Slovenska. Nach\u00e1z\u00ed se v podh\u016f\u0159\u00ed Krupinsk\u00e9 n\u00ed\u017einy \u2013 sou\u010d\u00e1sti vnit\u0159n\u00edch Z\u00e1padn\u00edch Karpat \u2013 a rozkl\u00e1d\u00e1 se v \u00fadol\u00ed \u0159eky \u0160tiavnice, asi 27 kilometr\u016f jihoz\u00e1padn\u011b od Krupiny a 15 kilometr\u016f severn\u011b od \u0160ah. Skromn\u00e1 rozloha m\u011bsta sv\u011bd\u010d\u00ed o jeho v\u00fdznamu jako l\u00e1ze\u0148sk\u00e9 destinace, jej\u00ed\u017e pov\u011bst je zalo\u017eena na term\u00e1ln\u00edch pramenech bohat\u00fdch na miner\u00e1ly, kter\u00e9 p\u0159itahuj\u00ed n\u00e1v\u0161t\u011bvn\u00edky ji\u017e od starov\u011bku. Dudince se vyzna\u010duj\u00ed tepl\u00fdm a stabiln\u00edm klimatem a svou polohou v srdci vina\u0159sk\u00e9 oblasti Stredoslovensko s vinicemi lemuj\u00edc\u00edmi jej\u00ed okraj, co\u017e p\u0159edstavuje z\u00e1kladn\u00ed kontext pro pochopen\u00ed jejich trval\u00e9ho kouzla.<\/p>\n<p>Archeologick\u00e9 n\u00e1lezy odhaluj\u00ed lidskou p\u0159\u00edtomnost v oblasti ji\u017e od neolitu a nejstar\u0161\u00ed zn\u00e1m\u00e1 p\u00edsemn\u00e1 zm\u00ednka o os\u00eddlen\u00ed poch\u00e1z\u00ed z roku 1284 pod n\u00e1zvem Dyud. Do roku 1551 zdokumentovan\u00e9 zdroje poprv\u00e9 zmi\u0148uj\u00ed existenci term\u00e1ln\u00edch pramen\u016f, av\u0161ak p\u016fvod pramen\u016f sah\u00e1 mnohem d\u00e1le v \u010dase: geologick\u00e9 a hydrologick\u00e9 vzorce nazna\u010duj\u00ed, \u017ee \u0158\u00edman\u00e9 tyto vody znali \u2013 a pravd\u011bpodobn\u011b je vyu\u017e\u00edvali \u2013 p\u0159ed v\u00edce ne\u017e dv\u011bma tis\u00edcilet\u00edmi. Travertinov\u00e1 lo\u017eiska v Dudinc\u00edch a okol\u00ed jsou tich\u00fdm sv\u011bdectv\u00edm o t\u00e9to dob\u011b: v are\u00e1lu modern\u00edch l\u00e1zn\u00ed lze st\u00e1le spat\u0159it \u0159\u00edmsk\u00e9 l\u00e1zn\u011b, shluk asi t\u0159iceti dvou vytesan\u00fdch baz\u00e9n\u016f vytesan\u00fdch p\u0159\u00edmo do travertinu, kde voda kdysi tryskala z hlavn\u00edho baz\u00e9nu a kask\u00e1dovit\u011b se sl\u00e9vala do po sob\u011b jdouc\u00edch n\u00e1dr\u017e\u00ed. M\u00edstn\u00ed tradice prav\u00ed, \u017ee spodn\u00ed baz\u00e9ny byly vyhrazeny pro \u0159adov\u00e9 legion\u00e1\u0159e, zat\u00edmco ty v\u00fd\u0161e na svahu slou\u017eily velitel\u016fm. O stalet\u00ed pozd\u011bji fungovaly jako konopn\u00e9 l\u00e1zn\u011b, p\u0159esto jejich kamenn\u00e9 zdi st\u00e1le \u0161eptaj\u00ed o ru\u010dn\u00ed pr\u00e1ci prvn\u00edch osadn\u00edk\u016f.<\/p>\n<p>Geologick\u00fd charakter dudinsk\u00fdch pramen\u016f je komplexn\u00ed i blahod\u00e1rn\u00fd. Vody jsou klasifikov\u00e1ny jako hydrogenuhli\u010ditanovo-chloridov\u00e9, sodno-v\u00e1penat\u00e9, uhli\u010dit\u00e9, sirn\u00e9 a m\u00edrn\u011b hypotonick\u00e9, vyv\u011braj\u00ed se st\u00e1lou teplotou 28 a\u017e 28,5 stup\u0148\u016f Celsia. V polovin\u011b osmn\u00e1ct\u00e9ho stolet\u00ed je profesor Heinrich Johan von Crantz citoval ve sv\u00e9m pojedn\u00e1n\u00ed o l\u00e9\u010div\u00fdch pramenech z roku 1777, co\u017e znamenalo jejich prvn\u00ed form\u00e1ln\u00ed za\u0159azen\u00ed do evropsk\u00e9 l\u00e9ka\u0159sk\u00e9 literatury. Kolem roku 1890 provedl V\u00edde\u0148sk\u00fd geografick\u00fd \u00fastav prvn\u00ed pr\u016fzkumy, n\u00e1sledovan\u00fd badateli z B\u00e1\u0148sko-geologick\u00e9ho \u00fastavu; jejich pr\u00e1ce vyvrcholila dekretem z 23. ledna 1894, kter\u00fd ofici\u00e1ln\u011b uznal prameny za l\u00e9\u010div\u00e9 a prohl\u00e1sil ter\u00e9n kolem vrchu Gestenec za chr\u00e1n\u011bnou z\u00f3nu. Tato rozhodnut\u00ed polo\u017eila z\u00e1klady pro rozvoj Dudinc\u016f jako l\u00e9\u010debn\u00e9ho centra.<\/p>\n<p>Na p\u0159elomu dvac\u00e1t\u00e9ho stolet\u00ed se podnikatel\u00e9 sna\u017eili toto ozna\u010den\u00ed vyu\u017e\u00edt. V roce 1900 nechal Hugo Oberndorff, majitel pramen\u016f, zprovoznit prvn\u00ed otev\u0159en\u00e9 l\u00e1zn\u011b ve v\u00fdchodn\u00edm syst\u00e9mu pramen\u016f pro sv\u016fj osobn\u00ed okruh; ty byly uzav\u0159eny v roce 1935, ale p\u0159edstavovaly kl\u00ed\u010dov\u00fd moment v prom\u011bn\u011b m\u011bsta. V roce 1907 instalovala spole\u010dnost Filip Gutmann and Company prvn\u00ed l\u00e1zn\u011b v z\u00e1padn\u00edm syst\u00e9mu pramen\u016f, za\u0159\u00edzen\u00ed vytesan\u00e9 do travertinu na v\u00fdchodn\u00edm \u00fapat\u00ed l\u00e1zn\u00ed. Po Gutmannov\u011b p\u016fsoben\u00ed p\u0159e\u0161ly prameny od roku 1916 do rukou Kolomana Br\u00e1zzaye z Budape\u0161ti, kter\u00fd na ja\u0159e 1918 vyvrtal vrt, kter\u00fd nazval Velk\u00fdmi l\u00e1zn\u011bmi. Kdy\u017e Br\u00e1zzay v roce 1921 p\u0159estal platit n\u00e1jemn\u00e9, p\u0159evedl zb\u00fdvaj\u00edc\u00ed n\u00e1jemn\u00ed pr\u00e1va \u2013 poch\u00e1zej\u00edc\u00ed od Oberndorffa a trvaj\u00edc\u00ed pades\u00e1t jedna let \u2013 na J\u00faliuse Unterbergera ze \u0160ah, kter\u00fd spravoval prameny a\u017e do politick\u00fdch ot\u0159es\u016f v\u00edde\u0148sk\u00e9 arbitr\u00e1\u017ee 2. listopadu 1938. Vzhledem k tomu, \u017ee Dudince z\u016fstaly na slovensk\u00e9m \u00fazem\u00ed a \u0160ahy p\u0159ipadly Ma\u010farsku, evropsk\u00e1 trajektorie m\u011bsta se sto\u010dila do nejist\u00fdch let druh\u00e9 sv\u011btov\u00e9 v\u00e1lky.<\/p>\n<p>V\u00e1lka zp\u016fsobila l\u00e1ze\u0148sk\u00fdm za\u0159\u00edzen\u00edm zna\u010dn\u00e9 \u0161kody, p\u0159esto v pov\u00e1le\u010dn\u00e9m obdob\u00ed rychle za\u010daly pr\u00e1ce na obnov\u011b. Zn\u00e1rodn\u011bn\u00ed v roce 1948 zah\u00e1jilo f\u00e1zi \u00fa\u010delov\u00e9 v\u00fdstavby. V letech 1953 a\u017e 1956 byl proveden hydrogeologick\u00fd pr\u016fzkum s c\u00edlem zajistit vydatn\u011bj\u0161\u00ed dod\u00e1vky l\u00e9\u010div\u00e9 vody. V z\u00e1padn\u00ed skupin\u011b pramen\u016f p\u0159iv\u00e1d\u011bl do l\u00e1zn\u00ed \u010derstv\u00fd a vydatn\u00fd tok vrt S-3; v letech 1957 a\u017e 1958 architekti postavili cihlovou vstupn\u00ed budovu pro koupali\u0161t\u011b a roz\u0161\u00ed\u0159ili v\u011bt\u0161\u00ed baz\u00e9n, i kdy\u017e byl mal\u00fd baz\u00e9n zn\u00e1m\u00fd jako Kis B\u00fad\u00f4s vy\u0159azen z provozu. Z\u00e1v\u011bre\u010dn\u00e9 komplexn\u00ed hodnocen\u00ed \u2013 proveden\u00e9 t\u00fdmem profesora Ing. Dr. Oty Hynieho z Univerzity Karlovy v Praze v letech 1953 a\u017e 1958 \u2013 zmapovalo slo\u017een\u00ed a kvalitu vody a potvrdilo jej\u00ed potenci\u00e1l pro \u0161irok\u00e9 terapeutick\u00e9 vyu\u017eit\u00ed.<\/p>\n<p>L\u00e1ze\u0148sk\u00e1 l\u00e9\u010dba v Dudinc\u00edch se zam\u011b\u0159uje p\u0159edev\u0161\u00edm na kardiovaskul\u00e1rn\u00ed a pohybov\u00fd syst\u00e9m, revmatick\u00e9 onemocn\u011bn\u00ed, hypertenzi, dermatologick\u00e9 probl\u00e9my a n\u011bkter\u00e9 gynekologick\u00e9 a tr\u00e1vic\u00ed pot\u00ed\u017ee. Tepl\u00e1 miner\u00e1ln\u00ed voda, bohat\u00e1 na v\u00e1pn\u00edk, sod\u00edk, hydrogenuhli\u010ditan, chlorid a slou\u010deniny s\u00edry, m\u00e1 vazodilata\u010dn\u00ed \u00fa\u010dinky a podporuje ob\u011bhovou stabilitu. Od kv\u011btna do z\u00e1\u0159\u00ed m\u011bsto otev\u00edr\u00e1 ve\u0159ejn\u00e9 koupali\u0161t\u011b nap\u00e1jen\u00e9 t\u011bmito miner\u00e1ln\u00edmi prameny, kter\u00e9 umo\u017e\u0148uje obyvatel\u016fm i n\u00e1v\u0161t\u011bvn\u00edk\u016fm pono\u0159it se do vody, jej\u00ed\u017e uklid\u0148uj\u00edc\u00ed vlastnosti p\u0159in\u00e1\u0161ej\u00ed m\u011b\u0159iteln\u00e9 v\u00fdhody pro rehabilitaci i relaxaci.<\/p>\n<p>Krom\u011b hydrologick\u00e9ho d\u011bdictv\u00ed t\u011b\u017e\u00ed Dudince ze geografick\u00e9ho spojen\u00ed t\u0159\u00ed odli\u0161n\u00fdch reli\u00e9f\u016f: \u0160tiavnick\u00fdch vrch\u016f na severoz\u00e1pad\u011b, Krupinsk\u00e9 n\u00ed\u017einy, kter\u00e1 se m\u00edrn\u011b zved\u00e1 na severov\u00fdchod\u011b, a Podunaj\u00ed, kter\u00e1 se rozkl\u00e1d\u00e1 na jihu. Potok \u0160tiavnica prot\u00e9k\u00e1 m\u011bstem a dod\u00e1v\u00e1 mu klidnou, rytmickou atmosf\u00e9ru, kter\u00e1 o\u017eivuje jak Star\u00e9 Dudince \u2013 p\u016fvodn\u00ed vesnici na prav\u00e9m b\u0159ehu potoka \u2013 tak Nov\u00e9 Dudince, kter\u00e9 se roz\u0161\u00ed\u0159ily kolem \u017eelezni\u010dn\u00ed trati na z\u00e1pad\u011b. Za kolejemi le\u017e\u00ed Merovce, d\u0159\u00edve samostatn\u00e1 obec p\u0159ipojen\u00e1 v roce 1960; zachovala si vlastn\u00ed \u0159\u00edmskokatolick\u00fd kostel Panny Marie M\u00edru, postaven\u00fd v roce 1994, a evangelick\u00fd kostel z roku 1996.<\/p>\n<p>Pl\u00e1n m\u011bsta je kompaktn\u00ed a z\u00e1rove\u0148 \u00fa\u010deln\u00fd. Star\u00e9 Dudince se nach\u00e1zej\u00ed pod\u00e9l hlavn\u00ed silnice a nab\u00edzej\u00ed pohled na lidov\u00e1 kamenn\u00e1 a \u0161tukov\u00e1 obydl\u00ed, kter\u00e1 odkazuj\u00ed na st\u0159edov\u011bk\u00e9 p\u0159edch\u016fdce. Nov\u00e9 Dudince se rozkl\u00e1daj\u00ed mezi potokem a \u017eelezni\u010dn\u00ed trat\u00ed Zvolen\u2013\u010cata, jejich\u017e nov\u011bj\u0161\u00ed stavby odr\u00e1\u017eej\u00ed pokroky v pl\u00e1nov\u00e1n\u00ed l\u00e1ze\u0148sk\u00fdch m\u011bst ve dvac\u00e1t\u00e9m stolet\u00ed. Merovce, kdysi odlehl\u00e1 osada, nyn\u00ed spl\u00fdvaj\u00ed s hranic\u00ed obce Dudince a jejich dva modern\u00ed kostely slou\u017e\u00ed mal\u00e9mu, ale oddan\u00e9mu sboru.<\/p>\n<p>Dopravn\u00ed spojen\u00ed posiluje dostupnost Dudince. M\u011bstem prot\u00ednaj\u00ed d\u00e1lnice I\/66 a E77, kter\u00e9 vedou region\u00e1ln\u00ed dopravu sm\u011brem na Ma\u010farsko a st\u0159edn\u00ed Slovensko. Pl\u00e1ny po\u010d\u00edtaj\u00ed s rychlostn\u00ed silnic\u00ed R3, kter\u00e1 by m\u011bla obch\u00e1zet okraj m\u011bsta, odklonit tranzitn\u00ed dopravu a propojit se s R7 a vytvo\u0159it tak vysokorychlostn\u00ed koridor. \u017delezni\u010dn\u00ed doprava na trati Zvolen\u2013\u010cata p\u0159edstavuje klidnou alternativu k d\u00e1lnic\u00edm a zast\u00e1vky na m\u011bstsk\u00e9m n\u00e1dra\u017e\u00ed zaji\u0161\u0165uj\u00ed st\u00e1l\u00fd p\u0159\u00edsun cestuj\u00edc\u00edch. Souhra silni\u010dn\u00ed a \u017eelezni\u010dn\u00ed dopravy je z\u00e1kladem m\u00edstn\u00ed ekonomiky i p\u0159\u00edlivu l\u00e1ze\u0148sk\u00fdch n\u00e1v\u0161t\u011bvn\u00edk\u016f.<\/p>\n<p>Demograficky si Dudince udr\u017eely pozoruhodn\u011b stabiln\u00ed populaci. S\u010d\u00edt\u00e1n\u00ed lidu z roku 2001 zaznamenalo 1 500 obyvatel, z nich\u017e 95,67 procenta se identifikovalo jako Slov\u00e1ci, 3,53 procenta jako Ma\u010fa\u0159i a 0,20 procenta jako Romov\u00e9. N\u00e1bo\u017eensk\u00e1 p\u0159\u00edslu\u0161nost se s 55,67 procenty p\u0159ikl\u00e1n\u011bla k \u0159\u00edmsk\u00e9mu katolicismu, p\u0159i\u010dem\u017e luter\u00e1ni tvo\u0159ili 28,93 procenta a ti, kte\u0159\u00ed se nehl\u00e1s\u00ed k \u017e\u00e1dn\u00e9mu n\u00e1bo\u017eenstv\u00ed, tvo\u0159ili 11,27 procenta. A\u010dkoli velikost m\u011bsta vylu\u010duje statistickou dynamiku v\u011bt\u0161\u00edch center, tato \u010d\u00edsla podtrhuj\u00ed komunitu charakterizovanou relativn\u00ed homogenitou a tradi\u010dn\u00edmi n\u00e1bo\u017eensk\u00fdmi praktikami.<\/p>\n<p>Klimatologicky pat\u0159\u00ed Dudince k jednomu z nejni\u017e\u0161\u00edch teplotn\u00edch p\u00e1sem Slovenska, p\u0159esto se paradoxn\u011b t\u011b\u0161\u00ed nejv\u011bt\u0161\u00edmu po\u010dtu slune\u010dn\u00fdch dn\u016f ro\u010dn\u011b v zemi. Podle \u0161v\u00fdcarsk\u00e9 klimatick\u00e9 klasifikace m\u00e1 jejich atmosf\u00e9ra sedativn\u00ed a uklid\u0148uj\u00edc\u00ed vliv, co\u017e je obzvl\u00e1\u0161t\u011b vhodn\u00e9 pro rekonvalescenci a \u0161etrnou rehabilitaci. Absence pr\u016fmyslov\u00fdch emis\u00ed \u2013 d\u00edky odlehl\u00e9mu, zalesn\u011bn\u00e9mu prost\u0159ed\u00ed \u2013 a ochrann\u00e9 objet\u00ed okoln\u00edch kopc\u016f vytv\u00e1\u0159ej\u00ed prost\u0159ed\u00ed s v\u00fdjime\u010dnou \u010distotou ovzdu\u0161\u00ed.<\/p>\n<p>Propojen\u00ed kompaktn\u00ed m\u011bstsk\u00e9 krajiny Dudince s vln\u00edc\u00edmi se vinicemi a vzd\u00e1len\u00fdmi vrcholky l\u00e1k\u00e1 k rozmanit\u00fdm v\u00fdlet\u016fm. M\u016f\u017eete se vydat do Bansk\u00e9 \u0160tiavnice, jej\u00ed\u017e propracovan\u011b zachovan\u00e1 hornick\u00e1 architektura si zaslou\u017e\u00ed zaps\u00e1n\u00ed na seznam sv\u011btov\u00e9ho d\u011bdictv\u00ed UNESCO. Zvolen le\u017e\u00ed v dosahu, jeho\u017e hrad ze 13. stolet\u00ed ve sv. Antonu ukr\u00fdv\u00e1 mal\u00e9 loveck\u00e9 muzeum. Na v\u00fdchod\u011b se nach\u00e1zej\u00ed \u0160ia a Brhlovce, kter\u00e9 nab\u00edzej\u00ed kuri\u00f3zn\u00ed pod\u00edvanou na obydl\u00ed troglodyt\u016f vytesan\u00e1 do p\u00edskovcov\u00fdch skal. Ambici\u00f3zn\u011bj\u0161\u00ed cestovatel\u00e9 podnikaj\u00ed jednodenn\u00ed v\u00fdlety do V\u00eddn\u011b nebo Budape\u0161ti, kde p\u0159ekra\u010duj\u00ed st\u00e1tn\u00ed hranice za m\u00e9n\u011b ne\u017e dv\u011b hodiny; jin\u00ed se vyd\u00e1vaj\u00ed na sever do N\u00edzk\u00fdch a Vysok\u00fdch Tater, srdce Slovenska na Alp\u00e1ch.<\/p>\n<p>O n\u011bco bl\u00ed\u017ee se v Rykyn\u010dic\u00edch odehr\u00e1vaj\u00ed degusta\u010dn\u00ed z\u00e1jezdy v\u00edn mezi sklepn\u00edmi uli\u010dkami, doprov\u00e1zen\u00e9 kulturn\u00edmi programy, kter\u00e9 p\u0159edstavuj\u00ed region\u00e1ln\u00ed lidov\u00e9 tradice. Ti, kte\u0159\u00ed hledaj\u00ed term\u00e1ln\u00ed rozmanitost, mohou nav\u0161t\u00edvit nedalekou Podh\u00e1jskou, kde celoro\u010dn\u011b otev\u0159en\u00fd term\u00e1ln\u00ed koupali\u0161t\u011b dopl\u0148uje sez\u00f3nn\u00ed baz\u00e9n v Dudinc\u00edch. B\u011bhem t\u011bchto v\u00fdlet\u016f n\u00e1v\u0161t\u011bvn\u00edci nahl\u00e9dnou do \u0161\u00ed\u0159e kulturn\u00edho, p\u0159\u00edrodn\u00edho a historick\u00e9ho bohatstv\u00ed, kter\u00e9 se sb\u00edh\u00e1 v tomto kout\u011b st\u0159edn\u00ed Evropy.<\/p>\n<p>Sportovn\u00ed ud\u00e1losti byly protkan\u00e9 ned\u00e1vnou histori\u00ed Dudinec, zejm\u00e9na Evropsk\u00fd poh\u00e1r v ch\u016fzi 2013. Sout\u011b\u017e p\u0159il\u00e1kala elitn\u00ed sportovce z cel\u00e9ho kontinentu, kte\u0159\u00ed \u0161li po trati vinouc\u00ed se m\u011bstsk\u00fdmi ulicemi, kolem fas\u00e1d l\u00e1ze\u0148sk\u00fdch hotel\u016f a pod\u00e9l b\u0159eh\u016f \u0160tiavnice. Tato ud\u00e1lost zd\u016fraznila schopnost Dudince po\u0159\u00e1dat mezin\u00e1rodn\u00ed setk\u00e1n\u00ed a vyu\u017e\u00edt svou ubytovac\u00ed infrastrukturu a klidn\u00e9 prost\u0159ed\u00ed k ubytov\u00e1n\u00ed z\u00e1vodn\u00edk\u016f i div\u00e1k\u016f.<\/p>\n<p>Navzdory sv\u00e9 skromn\u00e9 \u200b\u200brozloze si Dudince dlouhodob\u011b p\u011bstuj\u00ed identitu, kter\u00e1 p\u0159esahuje jejich demografick\u00e9 hranice. St\u0159edoslovensk\u00e1 vina\u0159sk\u00e1 oblast ji obklopuje vina\u0159skou tradic\u00ed sahaj\u00edc\u00ed a\u017e do st\u0159edov\u011bku, zat\u00edmco travertinov\u00e9 terasy a term\u00e1ln\u00ed prameny vypov\u00eddaj\u00ed o hlub\u0161\u00ed geologick\u00e9 minulosti. Vrstven\u00ed \u0159\u00edmsk\u00fdch otisk\u016f, st\u0159edov\u011bk\u00e9 s\u00eddeln\u00ed struktury, v\u011bdeck\u00e9 pr\u016fzkumy 19. stolet\u00ed a st\u00e1tem \u0159\u00edzen\u00fd rozvoj 20. stolet\u00ed daly vzniknout m\u011bstu, jeho\u017e charakter je jedine\u010dn\u00fd a z\u00e1rove\u0148 reprezentativn\u00ed pro st\u0159edoevropskou l\u00e1ze\u0148skou kulturu.<\/p>\n<p>P\u0159i proch\u00e1zce po hlavn\u00ed promen\u00e1d\u011b naraz\u00edte na l\u00e1ze\u0148sk\u00e9 hotely, jejich\u017e fas\u00e1dy kombinuj\u00ed ornamenty z po\u010d\u00e1tku dvac\u00e1t\u00e9ho stolet\u00ed s stroh\u00fdmi pov\u00e1le\u010dn\u00fdmi p\u0159\u00edstavbami. Dla\u017eba, vylo\u017een\u00e1 m\u00edstn\u00edm kamenem, odr\u00e1\u017e\u00ed travertin pod prameny. D\u0159ev\u011bn\u00e9 lavi\u010dky ve st\u00ednu lip a ak\u00e1ci\u00ed vyb\u00edzej\u00ed k zamy\u0161len\u00ed a odpo\u010dinku; jejich opot\u0159ebovan\u00e9 povrchy nesou stopy generac\u00ed n\u00e1v\u0161t\u011bvn\u00edk\u016f, kte\u0159\u00ed se mezi procedurami zastavovali. L\u00e1ze\u0148\u0161t\u00ed l\u00e9ka\u0159i v b\u00edl\u00fdch pl\u00e1\u0161t\u00edch konzultuj\u00ed s pacienty ve sv\u011btle zalit\u00fdch klinik\u00e1ch a p\u0159edepisuj\u00ed jim koupele, z\u00e1baly a jemn\u00e9 cvi\u010den\u00ed. Na druh\u00e9 stran\u011b \u0159eky se po ni\u017e\u0161\u00edch svaz\u00edch t\u00e1hnou vinice, jejich\u017e \u0159ady se s trp\u011blivou pravidelnost\u00ed p\u0159ikl\u00e1n\u011bj\u00ed ke slunci.<\/p>\n<p>Ve Star\u00fdch Dudinc\u00edch se z mal\u00fdch pek\u00e1ren line v\u016fn\u011b \u017eita a km\u00ednu; kav\u00e1rny nal\u00e9vaj\u00ed tmavou, ho\u0159kosladkou k\u00e1vu do porcel\u00e1nov\u00fdch \u0161\u00e1lk\u016f. Nov\u00e9 Dudince naopak p\u016fsob\u00ed elegantn\u011bji, jejich obd\u00e9ln\u00edkov\u00e9 bytov\u00e9 domy a budovy souvisej\u00edc\u00ed s l\u00e1ze\u0148sk\u00fdmi slu\u017ebami jsou uspo\u0159\u00e1d\u00e1ny s funk\u010dn\u00ed preciznost\u00ed. Zde je c\u00edtit otisk pl\u00e1nov\u00e1n\u00ed z \u00e9ry socialismu propojen\u00fd s pot\u0159ebami l\u00e1ze\u0148sk\u00e9ho m\u011bsta: rovn\u00e9 chodby lemuj\u00ed terapeutick\u00e9 m\u00edstnosti a \u0161ir\u0161\u00ed okna r\u00e1muj\u00ed z\u00e1blesky vzd\u00e1len\u00fdch hor. Merovce, a\u010dkoli jsou klidn\u011bj\u0161\u00ed, vyza\u0159uj\u00ed pastora\u010dn\u00ed kouzlo: d\u011bti si hraj\u00ed na travnat\u00fdch cesti\u010dk\u00e1ch pod v\u011b\u017eemi dvou modern\u00edch kostel\u016f, jejich\u017e zvonice se ty\u010d\u00ed nad \u00fahledn\u00fdmi zahradami.<\/p>\n<p>V zim\u011b, kdy\u017e kopce popr\u00e1\u0161\u00ed sn\u00edh a vzduch se zost\u0159\u00ed do k\u0159i\u0161\u0165\u00e1lov\u00e9 \u010distoty, se teplo miner\u00e1ln\u00ed vody jev\u00ed o to l\u00e1kav\u011bj\u0161\u00ed. Z venkovn\u00edch baz\u00e9n\u016f stoup\u00e1 p\u00e1ra, kter\u00e1 se vzn\u00e1\u0161\u00ed nad koupaj\u00edc\u00edmi se jako p\u0159\u00edzra\u010dn\u00e9 \u00faponky, a za chladn\u00e9ho \u00fasvitu prvn\u00ed slune\u010dn\u00ed paprsky zlat\u00ed okoln\u00ed vinice. I v mimosez\u00f3nn\u00edch m\u011bs\u00edc\u00edch si Dudince zachov\u00e1vaj\u00ed tlumenou vitalitu: m\u00edstn\u00ed kav\u00e1rny pod\u00e1vaj\u00ed hork\u00e9 bylinn\u00e9 n\u00e1levy, star\u0161\u00ed obyvatel\u00e9 se sch\u00e1zej\u00ed na n\u00e1m\u011bst\u00ed, aby si vym\u011bnili novinky, a n\u011bkolik otu\u017eil\u00fdch n\u00e1v\u0161t\u011bvn\u00edk\u016f se \u00fa\u010dastn\u00ed individu\u00e1ln\u00edch pitn\u00fdch k\u00far a v p\u0159edem stanoven\u00fdch intervalech pop\u00edjej\u00ed balenou vodu.<\/p>\n<p>Dokon\u010den\u00ed rychlostn\u00edch silnic R3 a R7 slibuje do budoucna novou podobu spojen\u00ed Dudince s Bratislavou, Budape\u0161t\u00ed a dal\u0161\u00edmi oblastmi. Tranzitn\u00ed doprava ustoup\u00ed z centra m\u011bsta, co\u017e zlep\u0161\u00ed kvalitu ovzdu\u0161\u00ed a zklidn\u00ed ulice, zat\u00edmco nov\u00e9 k\u0159i\u017eovatky mohou stimulovat m\u00edrn\u00fd hospod\u00e1\u0159sk\u00fd r\u016fst. V\u00fdzvou v\u0161ak bude zachovat k\u0159ehkou rovnov\u00e1hu mezi klidem a slu\u017ebami m\u011bsta a zajistit, aby jeho raison d&#039;\u00eatre \u2013 terapeutick\u00fd odpo\u010dinek \u2013 z\u016fstal na prvn\u00edm m\u00edst\u011b uprost\u0159ed infrastrukturn\u00edch zm\u011bn.<\/p>\n<p>B\u011bhem sv\u00e9 v\u00edce ne\u017e sedmi stolet\u00ed zdokumentovan\u00e9 historie se Dudince propl\u00e9taly m\u011bn\u00edc\u00edmi se politick\u00fdmi hranicemi, ekonomick\u00fdmi re\u017eimy a v\u011bdeck\u00fdmi paradigmaty. Od Dyuda v roce 1284 a\u017e po dne\u0161n\u00ed l\u00e1ze\u0148sk\u00e9 m\u011bsto byla jeho identita utv\u00e1\u0159ena vodou, kter\u00e1 vyv\u011br\u00e1 z hlubin, v\u00e1pencem, kter\u00fd se hromad\u00ed na starobyl\u00fdch korytech \u0159ek, a lidskou vynal\u00e9zavost\u00ed, kter\u00e1 rozpoznala terapeutick\u00fd potenci\u00e1l v p\u0159\u00edrodn\u00edch darech. Odkaz profesora von Crantze, Oberndorffa a Gutmanna, Br\u00e1zzaye a Unterbergera z\u016fst\u00e1v\u00e1 vyryt do kamenn\u00fdch zd\u00ed l\u00e1zn\u00ed, do dekret\u016f chr\u00e1n\u00edc\u00edch svahy nap\u00e1jen\u00e9 prameny a do pokra\u010duj\u00edc\u00edho kouzla dudinsk\u00fdch miner\u00e1ln\u00edch vod.<\/p>\n<p>V kone\u010dn\u00e9m d\u016fsledku se Dudince jev\u00ed jako mikrokosmos st\u0159edoevropsk\u00e9 l\u00e1ze\u0148sk\u00e9 kultury, kde se geologick\u00e1 n\u00e1hoda prot\u00edn\u00e1 s historickou nahodilost\u00ed a kde kompaktn\u00ed komunita udr\u017euje tradice pohostinnosti a l\u00e9\u010den\u00ed. Jeho mal\u00e1 populace zast\u00edr\u00e1 \u0161\u00ed\u0159i jeho p\u0159\u00ednosu pro zdravotn\u00ed turistiku a jeho roli v evropsk\u00e9m p\u0159\u00edb\u011bhu terapeutick\u00e9ho cestov\u00e1n\u00ed. Pro ty, kte\u0159\u00ed hledaj\u00ed m\u00edsto, kde kadence p\u0159\u00edrodn\u00edho rytmu \u2013 \u0159eky, vinn\u00e9 r\u00e9vy, p\u00e1ry \u2013 \u0159\u00edd\u00ed den, Dudince nab\u00edzej\u00ed setk\u00e1n\u00ed s osv\u011bd\u010den\u00fdmi l\u00e9\u010div\u00fdmi prost\u0159edky a pohlcuj\u00edc\u00ed z\u00e1\u017eitek z m\u00edsta, kter\u00e9 p\u0159esahuje v\u0161ednost.<\/p>","protected":false},"excerpt":{"rendered":"<p>Dudince na ji\u017en\u00edm Slovensku zt\u011bles\u0148uj\u00ed kulturn\u00ed odkaz zem\u011b a p\u0159\u00edrodn\u00ed kr\u00e1sy. S pouh\u00fdmi 1 400 obyvateli je toto mal\u00e9 l\u00e1ze\u0148sk\u00e9 m\u011bsto zn\u00e1m\u00e9 jako nejmen\u0161\u00ed m\u011bsto na Slovensku. Dudince jsou i p\u0159es sv\u00e9 mal\u00e9 rozm\u011bry vyhled\u00e1van\u00fdm \u00fato\u010di\u0161t\u011bm pro ty, kte\u0159\u00ed hledaj\u00ed relaxaci a na\u010derp\u00e1n\u00ed nov\u00fdch sil, d\u00edky sv\u00e9 vynikaj\u00edc\u00ed miner\u00e1ln\u00ed vod\u011b, l\u00e9\u010div\u00fdm term\u00e1ln\u00edm pramen\u016fm a prvot\u0159\u00eddn\u00edm l\u00e1zn\u00edm.<\/p>","protected":false},"author":1,"featured_media":17590,"parent":13300,"menu_order":0,"comment_status":"closed","ping_status":"closed","template":"elementor_theme","meta":{"_eb_attr":"","footnotes":""},"class_list":["post-17244","page","type-page","status-publish","has-post-thumbnail"],"_links":{"self":[{"href":"https:\/\/travelshelper.com\/cs\/wp-json\/wp\/v2\/pages\/17244","targetHints":{"allow":["GET"]}}],"collection":[{"href":"https:\/\/travelshelper.com\/cs\/wp-json\/wp\/v2\/pages"}],"about":[{"href":"https:\/\/travelshelper.com\/cs\/wp-json\/wp\/v2\/types\/page"}],"author":[{"embeddable":true,"href":"https:\/\/travelshelper.com\/cs\/wp-json\/wp\/v2\/users\/1"}],"replies":[{"embeddable":true,"href":"https:\/\/travelshelper.com\/cs\/wp-json\/wp\/v2\/comments?post=17244"}],"version-history":[{"count":0,"href":"https:\/\/travelshelper.com\/cs\/wp-json\/wp\/v2\/pages\/17244\/revisions"}],"up":[{"embeddable":true,"href":"https:\/\/travelshelper.com\/cs\/wp-json\/wp\/v2\/pages\/13300"}],"wp:featuredmedia":[{"embeddable":true,"href":"https:\/\/travelshelper.com\/cs\/wp-json\/wp\/v2\/media\/17590"}],"wp:attachment":[{"href":"https:\/\/travelshelper.com\/cs\/wp-json\/wp\/v2\/media?parent=17244"}],"curies":[{"name":"wp","href":"https:\/\/api.w.org\/{rel}","templated":true}]}}