{"id":17035,"date":"2024-09-25T12:28:10","date_gmt":"2024-09-25T12:28:10","guid":{"rendered":"https:\/\/travelshelper.com\/staging\/?page_id=17035"},"modified":"2026-03-12T21:02:12","modified_gmt":"2026-03-12T21:02:12","slug":"baile-tusnad","status":"publish","type":"page","link":"https:\/\/travelshelper.com\/cs\/destinations\/europe\/romania\/baile-tusnad\/","title":{"rendered":"B\u0103ile Tu\u0161nad"},"content":{"rendered":"<p>B\u0103ile Tu\u015fnad le\u017e\u00ed na soutoku hor a \u00fadol\u00ed a jeho samotn\u00e1 existence je formov\u00e1na neust\u00e1l\u00fdm tokem miner\u00e1ln\u00edch pramen\u016f a mnohovrstevnatou transylv\u00e1nskou histori\u00ed. S 1 372 obyvateli v roce 2021 se vyzna\u010duje t\u00edm, \u017ee je nejmen\u0161\u00edm rumunsk\u00fdm m\u011bstem podle po\u010dtu obyvatel, p\u0159esto m\u00e1 ohlas daleko p\u0159esahuj\u00edc\u00ed jeho demografickou stopu. Osada se nach\u00e1z\u00ed v nadmo\u0159sk\u00e9 v\u00fd\u0161ce 650 metr\u016f v ji\u017en\u00edm c\u00edpu Ciucsk\u00e9 n\u00ed\u017einy a rozkl\u00e1d\u00e1 se mezi poho\u0159\u00edmi Harghita a Bodoc, obep\u00ednaj\u00edc\u00edmi klikat\u00fd tok \u0159eky Olt. B\u0103ile Tu\u015fnad, kter\u00e9mu pat\u0159\u00ed i nedalek\u00e1 vesnice Carpitus, se prezentuje nejen jako geografick\u00fd celek, ale i jako \u017eivouc\u00ed \u00falo\u017ei\u0161t\u011b l\u00e1ze\u0148sk\u00fdch tradic, geologick\u00fdch z\u00e1zrak\u016f a kulturn\u00ed kontinuity.<\/p>\n<p>Obrysy miner\u00e1ln\u00edho d\u011bdictv\u00ed B\u0103ile Tu\u015fnad se postupn\u011b vyno\u0159ovaly z m\u00edstn\u00ed pam\u011bti do form\u00e1ln\u00edho uzn\u00e1n\u00ed na po\u010d\u00e1tku devaten\u00e1ct\u00e9ho stolet\u00ed. P\u00edsemn\u00e9 z\u00e1znamy hovo\u0159\u00ed o pramenit\u00fdch vod\u00e1ch v oblasti Tu\u015fnad ji\u017e v osmn\u00e1ct\u00e9m stolet\u00ed, ale teprve v roce 1842 se tato f\u00e1ma prom\u011bnila v legendu, kdy\u017e syn past\u00fd\u0159e \u00fadajn\u011b na\u0161el \u00falevu od tvrdohlav\u00e9 vyr\u00e1\u017eky po pono\u0159en\u00ed do jednoho z pramen\u016f. Takov\u00e9 p\u0159\u00edb\u011bhy, vypr\u00e1v\u011bn\u00e9 v lidov\u00e9m jazyce Sekul\u016f, poprv\u00e9 podn\u00edtily m\u00edstn\u00ed zv\u011bdavost k organizovan\u00e9mu \u00fasil\u00ed. Do roku 1845 byla zalo\u017eena spole\u010dnost s v\u00fdslovn\u00fdm c\u00edlem vyu\u017e\u00edt sedm r\u016fzn\u00fdch pramen\u016f, jejich\u017e perliv\u00e9 vody, uhli\u010dit\u00e9 podzemn\u00edmi procesy, obsahovaly komplexn\u00ed chemii sod\u00edku, hydrogenuhli\u010ditanu, chloru a stopov\u00fdch \u017eelezit\u00fdch prvk\u016f. Tato ran\u00e1 investice do hydroterapie p\u0159edv\u00eddala v\u011bdeck\u00fd p\u0159\u00edstup, ale nebyla imunn\u00ed v\u016f\u010di politick\u00fdm k\u0159e\u010d\u00edm. \u0160arv\u00e1tky b\u011bhem revoluc\u00ed v letech 1848\u20131849 srovnaly vznikaj\u00edc\u00ed l\u00e1ze\u0148skou stanici v trosky, jen aby c\u00edsa\u0159 Franti\u0161ek Josef osobn\u011b na\u0159\u00eddil jej\u00ed rekonstrukci b\u011bhem sv\u00e9 n\u00e1v\u0161t\u011bvy v roce 1852 a potvrdil tak c\u00edsa\u0159sk\u00e9 povolen\u00ed k tomuto nov\u011b vznikaj\u00edc\u00edmu l\u00e1ze\u0148sk\u00e9mu m\u011bstu.<\/p>\n<p>V desetilet\u00ed n\u00e1sleduj\u00edc\u00edm po roce 1860 se B\u0103ile Tu\u015fnad urychlen\u011b bl\u00ed\u017eil ke sv\u00e9 modern\u00ed identit\u011b. Pramen Mikes, pojmenovan\u00fd po hrab\u011bti Benedekovi Mikesovi \u2013 p\u0159edsedovi l\u00e1ze\u0148sk\u00e9ho v\u00fdboru \u2013 se stal prvn\u00edm, kter\u00fd podstoupil chemickou anal\u00fdzu, kterou financoval s\u00e1m Mikes. Tento okam\u017eik znamenal p\u0159echod od lidov\u00fdch tradic k laboratorn\u00edmu zkoum\u00e1n\u00ed, a tak miner\u00e1ln\u00ed vody Tu\u015fnadu z\u00edskaly pov\u011bst zalo\u017eenou na empirick\u00e9m m\u011b\u0159en\u00ed. Otev\u0159en\u00ed l\u00e9\u010debn\u00e9ho centra Stef\u00e1nia v roce 1890, kter\u00e9 navrhl B\u00e9la Kuklai a pozd\u011bji bylo zn\u00e1m\u00e9 jednodu\u0161e jako \u201eSf\u00e2nta Ana\u201c, institucionalizovalo terapeutickou praxi. Zde pacienti dost\u00e1vali l\u00e9\u010dbu kardiovaskul\u00e1rn\u00edch onemocn\u011bn\u00ed, poruch nervov\u00e9ho syst\u00e9mu, tr\u00e1vic\u00edch pot\u00ed\u017e\u00ed a endokrinn\u00edch poruch, to v\u0161e podpo\u0159en\u00e9 re\u017eimem uhli\u010dit\u00fdch koupel\u00ed, galvanick\u00fdmi a paraf\u00ednov\u00fdmi terapiemi, manu\u00e1ln\u00ed reflexn\u00ed mas\u00e1\u017e\u00ed a c\u00edlen\u00fdm pit\u00edm miner\u00e1ln\u00ed vody.<\/p>\n<p>V\u00fdstavba um\u011bl\u00e9ho jezera Ciuca\u015f v roce 1900 p\u0159inesla do m\u011bstsk\u00e9 scen\u00e9rie nov\u00fd prvek, kter\u00fd pozd\u011bji zast\u00ednil p\u0159\u00edrodn\u00ed z\u00e1zrak jezera Sf\u00e2nta Ana. Toto smaragdov\u011b zbarven\u00e9 jezero, kter\u00e9 vzniklo v sope\u010dn\u00e9m kr\u00e1teru v nadmo\u0159sk\u00e9 v\u00fd\u0161ce 950 metr\u016f a le\u017e\u00ed pouh\u00e9 dva kilometry jihov\u00fdchodn\u011b, je v Rumunsku jedine\u010dn\u00e9. Jeho vznik \u2013 z magmatick\u00e9 komory do vodou napln\u011bn\u00e9 p\u00e1nve \u2013 dod\u00e1v\u00e1 krajin\u011b geologickou osobitost a l\u00e1k\u00e1 n\u00e1v\u0161t\u011bvn\u00edky jak sv\u00fdm zrcadl\u00edc\u00edm povrchem, tak i vz\u00e1cn\u00fdmi rostlinn\u00fdmi spole\u010denstvy zachovan\u00fdmi v sousedn\u00edm Tinovul Mohos, ra\u0161elini\u0161ti bohat\u00e9m na ra\u0161elin\u00edk, kter\u00e9 je vyhl\u00e1\u0161eno p\u0159\u00edrodn\u00ed rezervac\u00ed.<\/p>\n<p>B\u011bhem konce devaten\u00e1ct\u00e9ho a za\u010d\u00e1tku dvac\u00e1t\u00e9ho stolet\u00ed se identita B\u0103ile Tu\u015fnad prol\u00ednala s m\u011bn\u00edc\u00edmi se politick\u00fdmi geografiemi. Nach\u00e1zelo se v Sekelsk\u00e9 zemi historick\u00e9 Transylv\u00e1nie a bylo sou\u010d\u00e1st\u00ed okresu Cs\u00edksz\u00e9k pod Ma\u010farskem, dokud jej spr\u00e1vn\u00ed reformy z roku 1876 neza\u0159adily do \u017eupy Cs\u00edk. Po prvn\u00ed sv\u011btov\u00e9 v\u00e1lce, a konkr\u00e9tn\u011b po spojen\u00ed Transylv\u00e1nie s Rumunskem v prosinci 1918, byla spr\u00e1vn\u00ed pravomoc p\u0159evedena do Bukure\u0161ti. Ma\u010farsko-rumunsk\u00fd konflikt v letech 1918\u20131919 znovu potvrdil rumunskou spr\u00e1vu a Trianonsk\u00e1 smlouva z roku 1920 tyto zm\u011bny ratifikovala a v meziv\u00e1le\u010dn\u00e9m obdob\u00ed za\u0159adila B\u0103ile Tu\u015fnad do \u017eupy Ciuc. Druh\u00e1 v\u00edde\u0148sk\u00e1 arbitr\u00e1\u017e z roku 1940 tuto trajektorii zvr\u00e1tila a severn\u00ed Transylv\u00e1nii vr\u00e1tila pod ma\u010farskou spr\u00e1vu a\u017e do konce roku 1944, kdy \u00fazem\u00ed osvobodily postupuj\u00edc\u00ed rumunsk\u00e9 a sov\u011btsk\u00e9 s\u00edly. Sov\u011btsk\u00e1 vojensk\u00e1 spr\u00e1va p\u0159etrv\u00e1vala a\u017e do 9. b\u0159ezna 1945, pot\u00e9 m\u011bsto op\u011bt spadalo pod rumunskou jurisdikci. Pov\u00e1le\u010dn\u00e1 reorganizace um\u00edstila B\u0103ile Tu\u015fnad v letech 1952 a\u017e 1960 do Ma\u010farsk\u00e9 autonomn\u00ed oblasti a n\u00e1sledn\u011b do Mure\u0219-Magyarsk\u00e9 autonomn\u00ed oblasti a\u017e do jej\u00edho rozpu\u0161t\u011bn\u00ed v roce 1968. Od tohoto roku je m\u011bsto spravov\u00e1no jako sou\u010d\u00e1st Harghitsk\u00e9 \u017eupy.<\/p>\n<p>Demografick\u00e9 posuny v posledn\u00edch desetilet\u00edch odr\u00e1\u017eej\u00ed \u0161ir\u0161\u00ed vzorce vylid\u0148ov\u00e1n\u00ed venkova a etnick\u00e9 kontinuity. S\u010d\u00edt\u00e1n\u00ed lidu z roku 2011 zaznamenalo 1 617 obyvatel, z nich\u017e 90,3 % tvo\u0159ili sekel\u0161t\u00ed Ma\u010fa\u0159i, spolu s komunitami etnick\u00fdch Rumun\u016f (6,9 %) a Rom\u016f (2,6 %). Do roku 2021 se po\u010det obyvatel sn\u00ed\u017eil na 1 372, etnick\u00e9 slo\u017een\u00ed v\u0161ak z\u016fstalo drtiv\u011b ma\u010farsk\u00e9. Konfesn\u00ed profil d\u00e1le podtrhuje historickou p\u0159\u00edslu\u0161nost: \u0159\u00edm\u0161t\u00ed katol\u00edci tvo\u0159\u00ed t\u0159i \u010dtvrtiny v\u011b\u0159\u00edc\u00edch, zbytek tvo\u0159\u00ed pravoslavn\u00ed, reformovan\u00ed, sv\u011bdkov\u00e9 Jehovovi a dal\u0161\u00ed denominace, zat\u00edmco \u010d\u00e1st obyvatel se rozhodla nehl\u00e1sit se k n\u00e1bo\u017eensk\u00e9 identit\u011b.<\/p>\n<p>I p\u0159es tuto demografickou situaci si l\u00e1ze\u0148sk\u00e9 m\u011bsto nad\u00e1le prosazuje svou p\u0159\u00edrodn\u00ed a kulturn\u00ed atraktivitu. Terapeutick\u00e9 indikace pro n\u00e1v\u0161t\u011bvn\u00edky zahrnuj\u00ed \u0159adu onemocn\u011bn\u00ed, zejm\u00e9na kardiovaskul\u00e1rn\u00ed onemocn\u011bn\u00ed \u2013 zotaven\u00ed po infarktu, hypertenzi a chlopenn\u00ed poruchy \u2013 a tak\u00e9 neurovegetativn\u00ed syndromy, chronick\u00e9 poruchy tr\u00e1ven\u00ed a m\u00edrn\u00e9 endokrinn\u00ed nerovnov\u00e1hy, jako je hypertyre\u00f3za. L\u00e9\u010dba zahrnuje r\u016fzn\u00e9 metody, kter\u00e9 kombinuj\u00ed hydroterapii \u2013 v perliv\u00e9, \u017eelezit\u00e9 a hypotonick\u00e9 vod\u011b s teplotou 7 a\u017e 14 stup\u0148\u016f Celsia \u2013 s elektrick\u00fdmi proudy, magnetoterapi\u00ed, paraf\u00ednov\u00fdmi aplikacemi, bylinn\u00fdmi n\u00e1levy a manu\u00e1ln\u00ed reflexologi\u00ed. Subalp\u00ednsk\u00e9 klima, charakterizovan\u00e9 pr\u016fm\u011brnou ro\u010dn\u00ed teplotou osm stup\u0148\u016f Celsia, epizodick\u00fdmi chladn\u00fdmi zimami, omezenou obla\u010dnost\u00ed a vzduchem obohacen\u00fdm o prysky\u0159i\u010dn\u00e9 aerosoly a negativn\u00ed ionty, tyto intervence dopl\u0148uje a nab\u00edz\u00ed tonizuj\u00edc\u00ed bioklima, kter\u00e9 m\u011bsto propaguje jako p\u0159\u00edzniv\u00e9 pro fyzick\u00e9 a intelektu\u00e1ln\u00ed omlazen\u00ed.<\/p>\n<p>Krom\u011b terapeutick\u00e9 infrastruktury nab\u00edz\u00ed okoln\u00ed krajina \u0159adu atrakc\u00ed, kter\u00e9 roz\u0161i\u0159uj\u00ed z\u00e1\u017eitek n\u00e1v\u0161t\u011bvn\u00edka. V nadmo\u0159sk\u00e9 v\u00fd\u0161ce 701 metr\u016f se nach\u00e1z\u00ed v\u011b\u017e Apor, kter\u00e1 nab\u00edz\u00ed panoramatick\u00e9 v\u00fdhledy; byla poprv\u00e9 postavena v roce 1883 a pe\u010dliv\u011b zrestaurov\u00e1na v roce 2008 a je sv\u011bdectv\u00edm o romantismu devaten\u00e1ct\u00e9ho stolet\u00ed a sou\u010dasn\u00e9 ochran\u011b pam\u00e1tek. Nedaleko se nach\u00e1z\u00ed Sokol\u00ed sk\u00e1la, kter\u00e1 sv\u011bd\u010d\u00ed o ornitologick\u00e9m bohatstv\u00ed regionu, zat\u00edmco sope\u010dn\u00e1 p\u00e1nev jezera Sf\u00e2nta Ana z\u016fst\u00e1v\u00e1 klenotem p\u0159\u00edrodn\u00edch div\u016f. Mechov\u00e9 ra\u0161elini\u0161t\u011b, neboli Tinovul Mohos, chr\u00e1n\u00ed vz\u00e1cn\u00e9 c\u00e9vnat\u00e9 rostliny a druhy ra\u0161elin\u00edku a jeho m\u011bkk\u00e9 humbuky vyb\u00edzej\u00ed k opatrn\u00e9mu prozkoum\u00e1v\u00e1n\u00ed po promen\u00e1d\u00e1ch. V okruhu t\u0159iceti a\u017e \u010dty\u0159iceti kilometr\u016f se nach\u00e1zej\u00ed etnografick\u00e1 a n\u00e1bo\u017eensk\u00e1 m\u00edsta: pevnost Miko v Miercurea Ciuc je domovem etnografick\u00e9ho muzea; franti\u0161k\u00e1nsk\u00fd kl\u00e1\u0161ter v \u015eumuleu Ciuc uchov\u00e1v\u00e1 jedny z m\u00e1la gotick\u00fdch varhan v Transylv\u00e1nii; pam\u00e1tn\u00edk Szekler v Siculeni p\u0159ipom\u00edn\u00e1 m\u00edstn\u00ed d\u011bdictv\u00ed; Odorheiu Secuiesc nab\u00edz\u00ed ruiny pevnosti ze \u0161estn\u00e1ct\u00e9ho stolet\u00ed; a kostel Sf\u00e2ntu Gheorghe p\u0159edstavuje gotickou architekturu ve sv\u00e9m reformovan\u00e9m kostele spolu s n\u00e1rodn\u00edm muzeem um\u011bn\u00ed a etnografie.<\/p>\n<p>Kulturn\u00ed kalend\u00e1\u0159 prol\u00edn\u00e1 sez\u00f3nn\u00ed rytmy folkl\u00f3rn\u00edmi festivaly a pr\u016fvody. Ka\u017ed\u00fd \u010derven se kon\u00e1 festival p\u00edsn\u00ed, tanc\u016f a kroj\u016f Balvanyos, kter\u00fd o\u017eivuje tradi\u010dn\u00ed choreografii a od\u011bvy, zat\u00edmco v \u010dervenci se kon\u00e1 folkl\u00f3rn\u00ed festival v pevnosti Ica v obci Cernat. V prosinci maskovan\u00fd pr\u016fvod Cernatu p\u0159ipom\u00edn\u00e1 p\u0159edk\u0159es\u0165ansk\u00e9 zvyky prost\u0159ednictv\u00edm propracovan\u00fdch kost\u00fdm\u016f a ritu\u00e1ln\u00edch p\u0159edstaven\u00ed. \u0158emesln\u00e9 tradice p\u0159etrv\u00e1vaj\u00ed v d\u00edln\u00e1ch, kter\u00e9 vyr\u00e1b\u011bj\u00ed korundov\u00e9 \u0161perky, keramiku malovanou modr\u00fdmi a zelen\u00fdmi kv\u011btinov\u00fdmi motivy a prout\u011bn\u00e9 v\u00fdrobky, p\u0159i\u010dem\u017e ka\u017ed\u00fd p\u0159edm\u011bt odr\u00e1\u017e\u00ed \u0159emeslnou linii regionu.<\/p>\n<p>Gastronomick\u00e1 nab\u00eddka odr\u00e1\u017e\u00ed prol\u00edn\u00e1n\u00ed ma\u010farsk\u00fdch a rumunsk\u00fdch kulin\u00e1\u0159sk\u00fdch zvyklost\u00ed. Km\u00ednov\u00e1 pol\u00e9vka se pod\u00e1v\u00e1 s p\u00e1\u0159en\u00fdm km\u00ednem, n\u00e1sledovan\u00e1 paprik\u00e1\u0161em a gul\u00e1\u0161em, kter\u00e9 kombinuj\u00ed uzenou papriku s pomalu du\u0161en\u00fdm masem. Musaka a pog\u0103ci zdob\u00ed st\u016fl, zat\u00edmco k\u00fcrt\u0151skal\u00e1cs \u2013 v\u00e1le\u010dky z t\u011bsta karamelizovan\u00e9 na uhl\u00edc\u00edch \u2013 v\u016fn\u011b vanilky a sko\u0159ice. Pol\u00e9vka z b\u00edl\u00e9ho zel\u00ed s zakysanou smetanou a pln\u011bn\u00fdmi houbami je p\u0159\u00edkladem m\u00edstn\u00edch produkt\u016f uprost\u0159ed horsk\u00fdch pastvin.<\/p>\n<p>P\u0159\u00edstup do B\u0103ile Tu\u015fnad je i nad\u00e1le snadn\u00fd, a\u0165 u\u017e po silnici nebo \u017eeleznici. D\u00e1lnice DN 12 vede z Bra\u015fova p\u0159es Sf\u00e2ntu Gheorghe do Miercurea Ciuc a d\u00e1le, co\u017e nab\u00edz\u00ed cestu dlouhou 67 kilometr\u016f z Bra\u015fova, 37 kilometr\u016f ze Sf\u00e2ntu Gheorghe a 32 kilometr\u016f z Miercurea Ciuc. Vedlej\u0161\u00ed trasa z Bac\u0103u p\u0159es Com\u0103ne\u015fti se napojuje v Miercurea Ciuc na DN 12A. Hlavn\u00ed \u017eelezni\u010dn\u00ed tra\u0165 spojuje Bukure\u0161\u0165 s Baia Mare, p\u0159i\u010dem\u017e spoje zastavuj\u00ed ve stanici B\u0103ile Tu\u015fnad, a\u010dkoli \u010detnost j\u00edzdn\u00edch \u0159\u00e1d\u016f odr\u00e1\u017e\u00ed skromnou velikost m\u011bsta.<\/p>\n<p>P\u0159\u00edb\u011bh B\u0103ile Tu\u015fnad je neodd\u011bliteln\u011b spjat s \u017eivoty t\u011bch, kte\u0159\u00ed formovali jeho instituce. Iosif Blaga (1864\u20131937) se jako prezident postavil do \u010dela L\u00e1ze\u0148sk\u00e9 spole\u010dnosti a \u0159\u00eddil jej\u00ed ran\u00fd rozvoj, a Mihai \u015eerban (1877\u20131947) zalo\u017eil prvn\u00ed rumunsk\u00fd pravoslavn\u00fd kostel ve m\u011bst\u011b, \u010d\u00edm\u017e roz\u0161\u00ed\u0159il kulturn\u00ed a duchovn\u00ed dimenze komunity zako\u0159en\u011bn\u00e9 v sekulsk\u00fdch ma\u010farsk\u00fdch tradic\u00edch. Jejich odkaz p\u0159etrv\u00e1v\u00e1 v dochovan\u00fdch budov\u00e1ch a v ritu\u00e1lech bohoslu\u017eeb a wellness, kter\u00e9 i nad\u00e1le definuj\u00ed ka\u017edodenn\u00ed \u017eivot.<\/p>\n<p>Stru\u010dn\u011b \u0159e\u010deno, B\u0103ile Tu\u015fnad nab\u00edz\u00ed v\u00edce ne\u017e jen \u00fato\u010di\u0161t\u011b pro odpo\u010dinek nebo l\u00e9\u010dbu; p\u0159edstavuje ucelen\u00fd portr\u00e9t lidsk\u00e9ho zapojen\u00ed do \u017eivotn\u00edho prost\u0159ed\u00ed, v\u011bdy a tradice. Popula\u010dn\u00ed \u010d\u00edsla, etnick\u00e9 pom\u011bry a n\u00e1bo\u017eensk\u00e1 p\u0159\u00edslu\u0161nost ilustruj\u00ed stabiln\u00ed i vyv\u00edjej\u00edc\u00ed se komunitu. Miner\u00e1ln\u00ed prameny, ukol\u00e9ban\u00e9 sope\u010dnou topografi\u00ed, poskytuj\u00ed z\u00e1kladn\u00ed k\u00e1men pro terapie, kter\u00e9 spojuj\u00ed empirickou anal\u00fdzu se staletou prax\u00ed. Bioklima, skv\u011ble vylad\u011bn\u00e9 nadmo\u0159skou v\u00fd\u0161kou a lesn\u00edm porostem, podporuje fyzick\u00e9 zotaven\u00ed a z\u00e1rove\u0148 vyb\u00edz\u00ed ke kontemplaci. Okoln\u00ed v\u011b\u017ee, jezera a sout\u011bsky roz\u0161i\u0159uj\u00ed p\u0159\u00edb\u011bh do oblasti p\u0159\u00edrodn\u00ed historie, zat\u00edmco festivaly, \u0159emesla a kulin\u00e1\u0159sk\u00e9 ritu\u00e1ly udr\u017euj\u00ed kulturn\u00ed kontinuitu. Trval\u00e1 \u0159ada politick\u00fdch zm\u011bn \u2013 habsbursk\u00e9 dekrety, smlouvy dvac\u00e1t\u00e9ho stolet\u00ed, autonomn\u00ed regiony a modern\u00ed hrabstv\u00ed \u2013 vdechuje m\u011bstsk\u00e9 krajin\u011b palimpsest autority a identity. P\u0159esto i p\u0159es ka\u017edou transformaci z\u016fst\u00e1v\u00e1 tok vody konstantn\u00ed, nit spojuj\u00edc\u00ed past\u00fd\u0159sk\u00e9 p\u0159\u00edb\u011bhy s laboratorn\u00edmi zpr\u00e1vami, c\u00edsa\u0159sk\u00e9 edikty se sou\u010dasn\u00fdmi wellness protokoly. Pr\u00e1v\u011b v t\u00e9to st\u00e1losti, prostupuj\u00edc\u00ed v\u00e1pencem i lidskou pam\u011bt\u00ed, odhaluje B\u0103ile Tu\u015fnad sv\u016fj z\u00e1kladn\u00ed charakter: m\u00edsto, kde se sb\u00edh\u00e1 jemn\u00e1 chemie zem\u011b a v\u011bdom\u00e1 praxe p\u00e9\u010de a zve ka\u017ed\u00e9ho n\u00e1v\u0161t\u011bvn\u00edka k \u00fa\u010dasti na dialogu mezi p\u0159\u00edrodou, histori\u00ed a zdrav\u00edm.<\/p>","protected":false},"excerpt":{"rendered":"<p>B\u0103ile Tu\u0219nad, malebn\u00e9 m\u011bste\u010dko uhn\u00edzd\u011bn\u00e9 ve v\u00fdchodn\u00ed \u010d\u00e1sti Transylv\u00e1nie v Rumunsku, se m\u016f\u017ee pochlubit populac\u00ed 1 372 od roku 2021, co\u017e z n\u011bj \u010din\u00ed nejmen\u0161\u00ed m\u011bsto v zemi podle po\u010dtu obyvatel. Toto mal\u00e9 m\u011bste\u010dko, uhn\u00edzd\u011bn\u00e9 mezi horami Harghita a Bodoc v \u00fadol\u00ed \u0159eky Olt, ve v\u00fd\u0161ce 650 metr\u016f v ji\u017en\u00edch \u010d\u00e1stech prol\u00e1kliny Ciuc, je opravdu kr\u00e1sn\u00e9.<\/p>","protected":false},"author":1,"featured_media":17485,"parent":11908,"menu_order":0,"comment_status":"closed","ping_status":"closed","template":"elementor_theme","meta":{"_eb_attr":"","footnotes":""},"class_list":["post-17035","page","type-page","status-publish","has-post-thumbnail"],"_links":{"self":[{"href":"https:\/\/travelshelper.com\/cs\/wp-json\/wp\/v2\/pages\/17035","targetHints":{"allow":["GET"]}}],"collection":[{"href":"https:\/\/travelshelper.com\/cs\/wp-json\/wp\/v2\/pages"}],"about":[{"href":"https:\/\/travelshelper.com\/cs\/wp-json\/wp\/v2\/types\/page"}],"author":[{"embeddable":true,"href":"https:\/\/travelshelper.com\/cs\/wp-json\/wp\/v2\/users\/1"}],"replies":[{"embeddable":true,"href":"https:\/\/travelshelper.com\/cs\/wp-json\/wp\/v2\/comments?post=17035"}],"version-history":[{"count":0,"href":"https:\/\/travelshelper.com\/cs\/wp-json\/wp\/v2\/pages\/17035\/revisions"}],"up":[{"embeddable":true,"href":"https:\/\/travelshelper.com\/cs\/wp-json\/wp\/v2\/pages\/11908"}],"wp:featuredmedia":[{"embeddable":true,"href":"https:\/\/travelshelper.com\/cs\/wp-json\/wp\/v2\/media\/17485"}],"wp:attachment":[{"href":"https:\/\/travelshelper.com\/cs\/wp-json\/wp\/v2\/media?parent=17035"}],"curies":[{"name":"wp","href":"https:\/\/api.w.org\/{rel}","templated":true}]}}