{"id":17029,"date":"2024-09-25T12:20:47","date_gmt":"2024-09-25T12:20:47","guid":{"rendered":"https:\/\/travelshelper.com\/staging\/?page_id=17029"},"modified":"2026-03-12T21:02:17","modified_gmt":"2026-03-12T21:02:17","slug":"herkulovy-lazne","status":"publish","type":"page","link":"https:\/\/travelshelper.com\/cs\/destinations\/europe\/romania\/baile-herculane\/","title":{"rendered":"Herkulovy L\u00e1zn\u011b"},"content":{"rendered":"<p>B\u0103ile Herculane le\u017e\u00ed v nadmo\u0159sk\u00e9 v\u00fd\u0161ce 168 metr\u016f v \u00fadol\u00ed \u0159eky Cerna, zasazen\u00e9 mezi poho\u0159\u00ed Mehedinti na v\u00fdchod\u011b a poho\u0159\u00ed Cerna na z\u00e1pad\u011b. Toto rumunsk\u00e9 ban\u00e1tsk\u00e9 l\u00e1ze\u0148sk\u00e9 m\u011bsto s 3 787 obyvateli spravuje vesnici Pecini\u015fca. Jeho skromn\u00e1 velikost skr\u00fdv\u00e1 historii nep\u0159etr\u017eit\u00e9ho lidsk\u00e9ho os\u00eddlen\u00ed, kter\u00e1 sah\u00e1 a\u017e do paleolitu. Trval\u00e9 kouzlo B\u0103ile Herculane pramen\u00ed z vody, kter\u00e1 vyv\u011br\u00e1 o teplot\u011b 38 \u00b0C a\u017e 60 \u00b0C a je napln\u011bna s\u00edrou, v\u00e1pn\u00edkem, sod\u00edkem a stopov\u00fdmi prvky, o nich\u017e se \u0159\u00edk\u00e1, \u017ee maj\u00ed terapeutick\u00e9 \u00fa\u010dinky. Ve sv\u00e9 kompaktn\u00ed rozloze m\u011bsto zt\u011bles\u0148uje tis\u00edcilet\u00ed lidsk\u00e9ho \u00fasil\u00ed, imperi\u00e1ln\u00edch ambic\u00ed a modern\u00ed p\u0159estavby.<\/p>\n<p>Archeologick\u00e9 v\u00fdzkumy v Pe\u015ftera Ho\u0219ilor \u2013 \u201eJeskyni zlod\u011bj\u016f\u201c \u2013 odhalily po sob\u011b jdouc\u00ed vrstvy os\u00eddlen\u00ed. Artefakty z mousteri\u00e9nu sv\u011bd\u010d\u00ed o p\u0159\u00edtomnosti neandrt\u00e1lc\u016f, zat\u00edmco soubory z pozdn\u00edho epigravettienu hovo\u0159\u00ed o mezolitick\u00e9 kontinuit\u011b. Pozd\u011bj\u0161\u00ed neolitick\u00e9 n\u00e1lezy poukazuj\u00ed na usazen\u00e9 agr\u00e1rn\u00ed komunity, kter\u00e9 v \u00fadol\u00ed Cerny vid\u011bly jak \u00fato\u010di\u0161t\u011b, tak i zdroj. Tento hlubok\u00fd prehistorick\u00fd p\u016fvod p\u0159ipravuje p\u016fdu pro \u0159\u00edmsk\u00e9 p\u0159ivlastn\u011bn\u00ed si tohoto m\u00edsta, kdy\u017e jej pok\u0159tili Ad Aquas Herculis. Podle legendy se zde Herkules zastavil, aby se koupal; \u0158\u00edman\u00e9 tento m\u00fdtus p\u0159ijali a postavili propracovan\u00e9 l\u00e1ze\u0148sk\u00e9 komplexy zdoben\u00e9 \u0161esti sochami poloboha. Bronzov\u00e1 replika jedn\u00e9 takov\u00e9 sochy, odlit\u00e1 v roce 1874, dodnes dominuje Herkulovu n\u00e1m\u011bst\u00ed.<\/p>\n<p>\u0158\u00edmsk\u00e9 term\u00e1ln\u00ed instalace, poprv\u00e9 zmapovan\u00e9 v roce 1774, odhaluj\u00ed soubor jeden\u00e1cti m\u00edstnost\u00ed uspo\u0159\u00e1dan\u00fdch kolem dvou hlavn\u00edch baz\u00e9n\u016f. Kruhov\u00fd piscine o pr\u016fm\u011bru p\u011bti metr\u016f sestupoval po stup\u0148ovit\u00fdch schodech k jeho podlaze; za n\u00edm se nach\u00e1zela obd\u00e9ln\u00edkov\u00e1 n\u00e1dr\u017e o rozm\u011brech 8 kr\u00e1t 4,2 metru. Na strm\u00e9m b\u0159ehu \u0159eky se v p\u011bti pomocn\u00fdch budov\u00e1ch nach\u00e1zely dal\u0161\u00ed prameny. Architektonick\u00e1 stopa sahala a\u017e k amfite\u00e1tru \u2013 dnes ztroskotan\u00e9mu \u2013 kter\u00fd se nach\u00e1zel asi 43 metr\u016f od lev\u00e9ho b\u0159ehu \u0159eky s vn\u011bj\u0161\u00edm pr\u016fm\u011brem 47,4 metru. Rakou\u0161t\u00ed pl\u00e1nova\u010di v pozd\u011bj\u0161\u00edch stolet\u00edch tyto poz\u016fstatky zachovali jejich za\u010dlen\u011bn\u00edm do terasovit\u00e9ho parku, jeho\u017e p\u0159\u00edmo\u010dar\u00fd tr\u00e1vn\u00edk a promen\u00e1dy ukotvuj\u00ed centrum m\u011bsta.<\/p>\n<p>C\u00edsa\u0159sk\u00e9 boje a vojensk\u00e9 nepokoje se podepsaly i na B\u0103ile Herculane. V l\u00e9t\u011b roku 1788, po rakousk\u00e9m \u00fapadku u Mehadie, se osmansk\u00e9 s\u00edly 7. z\u00e1\u0159\u00ed zmocnily m\u011bsta a zatla\u010dily na Caransebe\u015f. O jeden\u00e1ct m\u011bs\u00edc\u016f pozd\u011bji, koncem z\u00e1\u0159\u00ed 1789, Raku\u0161an\u00e9 znovu z\u00edskali kontrolu. Ani jedna z \u0159\u00ed\u0161\u00ed neot\u00e1lela dostate\u010dn\u011b dlouho na to, aby postavila nov\u00e9 pam\u00e1tn\u00edky, ale st\u0159et zbran\u00ed podtrhl strategickou d\u016fle\u017eitost cernsk\u00e9ho koridoru. N\u00e1sleduj\u00edc\u00ed stalet\u00ed byla sv\u011bdkem investic Habsburk\u016f do l\u00e1zn\u00ed, p\u0159esto\u017ee m\u00edstn\u00ed pravoslavn\u00e9 a \u0159\u00edmskokatolick\u00e9 kongregace vybudovaly trval\u00e9 n\u00e1bo\u017eensk\u00e9 opory na jejich okraj\u00edch.<\/p>\n<p>Klimaticky se B\u0103ile Herculane \u0159ad\u00ed mezi vlhk\u00e9 kontinent\u00e1ln\u00ed oblasti se subst\u0159edomo\u0159sk\u00fdmi sklony. Zimy jsou chladn\u00e9, ale zm\u00edr\u0148ovan\u00e9 intramont\u00e1nn\u00ed n\u00ed\u017einou, l\u00e9ta tepl\u00e1, ale m\u00edrn\u011bn\u00e1 nadmo\u0159skou v\u00fd\u0161kou. Sr\u00e1\u017eky jsou rozlo\u017eeny relativn\u011b rovnom\u011brn\u011b po cel\u00fd rok a udr\u017euj\u00ed jak hust\u00e9 lesy na p\u0159ilehl\u00fdch svaz\u00edch, tak i b\u0159ehov\u00fd ekosyst\u00e9m pod\u00e9l \u0159eky Cerna. Atmosf\u00e9rick\u00e1 ionizace, jev p\u0159ipisovan\u00fd interakci vodn\u00ed p\u00e1ry s miner\u00e1ln\u00edmi prameny, p\u0159isp\u00edv\u00e1 k modern\u00edmu p\u016fsoben\u00ed l\u00e1zn\u00ed, spolu s vyh\u0159\u00edvan\u00fdmi koupelemi bohat\u00fdmi na radioizotopy.<\/p>\n<p>V\u00fdchodo\u0159\u00edmsk\u00fd odkaz, znovu potvrzen\u00fd rakousko-uhersk\u00fdmi architekty, p\u0159inesl m\u011bstskou podobu, kter\u00e1 p\u0159etrv\u00e1v\u00e1 i p\u0159es to, \u017ee ka\u017ed\u00e1 \u00e9ra zanechala sv\u00e9 stopy. V meziv\u00e1le\u010dn\u00e9m obdob\u00ed signalizovalo otev\u0159en\u00ed hotelu H Cerna v roce 1930 o\u017eiven\u00ed z\u00e1padoevropsk\u00e9 popularity. V n\u00e1sleduj\u00edc\u00edch komunistick\u00fdch desetilet\u00edch byly postaveny v\u00fd\u0161kov\u00e9 betonov\u00e9 hotely \u2013 mimo jin\u00e9 Roman, Hercules A a B, Afrodita, Minerva a Diana \u2013 kter\u00e9 se ty\u010dily nad historick\u00fdmi kopulemi a kolon\u00e1dami. Tyto monolitick\u00e9 stavby, symbolick\u00e9 pro masovou turistiku 60. let 20. stolet\u00ed, ubytov\u00e1valy tov\u00e1rn\u00ed d\u011bln\u00edky a d\u016fchodce na st\u00e1tem dotovan\u00fdch l\u00e9\u010debn\u00fdch pobytech. Jejich om\u0161el\u00e9 fas\u00e1dy nyn\u00ed zdob\u00ed \u00fadol\u00ed a p\u0159ipom\u00ednaj\u00ed dobu, kdy kolektivn\u00ed l\u00e1ze\u0148sk\u00e9 k\u00fary zast\u00ednily individu\u00e1ln\u00ed voln\u00fd \u010das.<\/p>\n<p>Privatizace po roce 1989 zp\u016fsobila rozdvojenou krajinu. Pod\u00e9l b\u0159eh\u016f \u0159eky se objevila vlna soukrom\u00fdch penzion\u016f a butikov\u00fdch hotel\u016f s terasami s v\u00fdhledem na \u010dist\u00fd proud \u010cern\u00e9. P\u0159esto mnoho l\u00e1zn\u00ed z rakousko-uhersk\u00e9 \u00e9ry ch\u00e1tralo v d\u016fsledku zanedb\u00e1v\u00e1n\u00ed a \u0161patn\u00e9ho hospoda\u0159en\u00ed. V reakci na to m\u00edstn\u00ed aktivist\u00e9 koncem roku 2010 zalo\u017eili projekt Herculane, jeho\u017e c\u00edlem je stabilizovat a obnovit historick\u00e9 struktury. Jejich pr\u00e1ce za\u010dala zastavovat ch\u00e1tr\u00e1n\u00ed, o\u017eivovat neoklasicistn\u00ed fas\u00e1dy a posilovat z\u00e1klady pro budouc\u00ed ochranu pam\u00e1tek.<\/p>\n<p>Pov\u011bst B\u0103ile Herculane jako nejstar\u0161\u00edho l\u00e1ze\u0148sk\u00e9ho st\u0159ediska v Rumunsku nespo\u010d\u00edv\u00e1 jen v legend\u011b. Pat\u0159\u00ed mezi nejuzn\u00e1van\u011bj\u0161\u00ed st\u00e1l\u00e9 l\u00e1ze\u0148sk\u00e9 destinace ve v\u00fdchodn\u00ed Evrop\u011b. Nab\u00eddka terapi\u00ed zahrnuje term\u00e1ln\u00ed koupele, aerosolov\u00e9 inhalace, elektroterapii, fyzioterapeutick\u00e9 programy a paraf\u00ednovo-sapropelov\u00e9 bahenn\u00ed z\u00e1baly. Mofety \u2013 l\u00e9\u010debn\u00e9 komory, kter\u00e9 uvol\u0148uj\u00ed oxid uhli\u010dit\u00fd \u2013 se nach\u00e1zej\u00ed vedle saun a kryoterapeutick\u00fdch za\u0159\u00edzen\u00ed. V hydrokinetoterapeutick\u00fdch baz\u00e9nech se prov\u00e1d\u011bj\u00ed vodn\u00ed cvi\u010den\u00ed s pr\u016fvodcem, zat\u00edmco reflexologie a akupunkturn\u00ed sezen\u00ed \u0159e\u0161\u00ed neurologick\u00e9, dermatologick\u00e9 a d\u011btsk\u00e9 nemoci. Kardiovaskul\u00e1rn\u00ed rehabilitace sd\u00edl\u00ed prostor s osteopatick\u00fdmi a revmatologick\u00fdmi protokoly. Integrace t\u011bchto modalit odr\u00e1\u017e\u00ed jak miner\u00e1ln\u00ed bohatstv\u00ed pramen\u016f, tak i l\u00e9ka\u0159sk\u00e9 tradice, kter\u00e9 se kolem nich vytvo\u0159ily.<\/p>\n<p>P\u0159\u00edrodn\u00ed v\u00fdlety se nach\u00e1zej\u00ed na okraj\u00edch obd\u011bl\u00e1van\u00e9ho ter\u00e9nu. Stezky z letoviska pronikaj\u00ed p\u0159\u00edrodn\u00ed rezervac\u00ed Domogled\u2013Cara\u015f Gorge, kde se nad p\u0159\u00edtokem Nery ty\u010d\u00ed v\u00e1pencov\u00e9 \u00fatesy. Beu\u0219ni\u021bsk\u00e9 vodop\u00e1dy sestupuj\u00ed v s\u00e9rii stup\u0148\u016f, ne\u017e se \u0159\u00edt\u00ed do k\u0159i\u0161\u0165\u00e1lov\u00fdch jez\u00edrek. Ban\u00e1tsk\u00e1 sfinga, bludn\u00fd balvan vytesan\u00fd tis\u00edcilet\u00edmi mrazu, sleduje \u00fadol\u00ed jako tich\u00fd str\u00e1\u017ece. \u010e\u00e1blovo jezero, vznikl\u00e9 sesuvem p\u016fdy, vypl\u0148uje prohlube\u0148 smaragdovou vodou, jej\u00ed\u017e hloubka je op\u0159edena m\u00fdty. Ban\u00e1tsk\u00fd Semmering, ran\u00e1 \u017eelezni\u010dn\u00ed tra\u0165 vinouc\u00ed se hranolov\u00fdmi lesy a viadukty, evokuje pracovit\u00e9ho ducha 19. stolet\u00ed. Jeskyn\u011b Comarnic nab\u00edz\u00ed speleot\u00e9my, kter\u00e9 se t\u0159pyt\u00ed ve sv\u011btle pochodn\u00ed. Ka\u017ed\u00e9 m\u00edsto se nach\u00e1z\u00ed v okruhu p\u016fl dne cesty, co\u017e roz\u0161i\u0159uje terapeutick\u00fd p\u0159\u00edslib l\u00e1zn\u00ed do \u0159\u00ed\u0161e \u00fachvatn\u00e9 p\u0159\u00edrody.<\/p>\n<p>C\u00edrkevn\u00ed architektura dod\u00e1v\u00e1 m\u011bstu duchovn\u00ed rozm\u011br. Rumunsk\u00fd pravoslavn\u00fd kostel Prom\u011bn\u011bn\u00ed P\u00e1n\u011b se nach\u00e1z\u00ed na m\u00edst\u011b, kter\u00e9 v roce 1799 vysv\u011btil arcikn\u011bz Nicolae Stoica de Ha\u0163eg. Pozemek, ozna\u010den\u00fd d\u0159ev\u011bn\u00fdm k\u0159\u00ed\u017eem, za\u010dal svou p\u0159em\u011bnu na z\u00e1klad\u011b smluvn\u00ed dohody 12. z\u00e1\u0159\u00ed t\u00e9ho\u017e roku. \u0158emesln\u00edk Lorentz Seewald z Or\u015fovy dokon\u010dil kamenick\u00e9 pr\u00e1ce do 6. srpna 1804, \u010d\u00edm\u017e slavnost Prom\u011bn\u011bn\u00ed P\u00e1n\u011b prohl\u00e1sil za patron\u00e1t kostela. Nedaleko se nach\u00e1z\u00ed \u0159\u00edmskokatolick\u00e1 kaple Nanebevzet\u00ed Panny Marie, dokon\u010den\u00e1 v roce 1838, s i\u00f3nsk\u00fdmi sloupy pod \u0161t\u00edtem s vyryt\u00fdm datem vysv\u011bcen\u00ed. Za n\u00ed se ty\u010d\u00ed \u0161t\u00edhl\u00e1 zvonice, ke kter\u00e9 vede to\u010dit\u00e9 schodi\u0161t\u011b vytesan\u00e9 do lesn\u00edho svahu.<\/p>\n<p>Demografie odr\u00e1\u017e\u00ed jak trendy vylid\u0148ov\u00e1n\u00ed, tak i p\u0159etrv\u00e1vaj\u00edc\u00ed kulturn\u00ed kontury. Mezi s\u010d\u00edt\u00e1n\u00edmi lidu v letech 2011 a 2021 se po\u010det obyvatel sn\u00ed\u017eil z 5 008 na 3 787. Etnick\u00e9 slo\u017een\u00ed zaznamen\u00e1v\u00e1 83,81 procenta Rumun\u016f, 1,66 procenta Rom\u016f a 13,97 procenta neur\u010den\u00fdch. Z hlediska vyzn\u00e1n\u00ed se 82,31 procenta identifikuje jako pravoslavn\u00ed a 1,85 procenta jako \u0159\u00edm\u0161t\u00ed katol\u00edci, p\u0159i\u010dem\u017e 14,47 procenta se k vyzn\u00e1n\u00ed nehl\u00e1s\u00ed. Tato \u010d\u00edsla podtrhuj\u00ed dvoj\u00ed tlak na venkovskou migraci a tah obyvatel do m\u011bstsk\u00fdch center, a to i p\u0159esto, \u017ee reinvestice l\u00e1zn\u00ed nab\u00edzej\u00ed nov\u00e9 m\u00edstn\u00ed p\u0159\u00edle\u017eitosti v oblasti pohostinstv\u00ed a slu\u017eeb.<\/p>\n<p>Po ned\u00e1vn\u00fdch vylep\u0161en\u00edch infrastruktury n\u00e1sledovalo ekonomick\u00e9 o\u017eiven\u00ed. Silni\u010dn\u00ed s\u00ed\u0165 spojuj\u00edc\u00ed B\u0103ile Herculane s Re\u015fi\u0163ou a Drobetou-Turnu Severin byla obnovena, co\u017e zkr\u00e1tilo cestovn\u00ed dobu pro turisty z regionu. Vodn\u00ed elektr\u00e1rna na kone\u010dn\u00e9 stanici Cerna dod\u00e1v\u00e1 elekt\u0159inu do m\u011bstsk\u00e9 s\u00edt\u011b a umo\u017e\u0148uje regulovan\u00e9 \u0159\u00ed\u010dn\u00ed toky, kter\u00e9 stabilizuj\u00ed vodn\u00ed prost\u0159ed\u00ed. \u0160irokop\u00e1smov\u00fd internet se nyn\u00ed roz\u0161i\u0159uje i do okrajov\u00fdch osad, co\u017e usnad\u0148uje pr\u00e1ci na d\u00e1lku a p\u0159itahuje mlad\u0161\u00ed populaci. Zako\u0159enily se mal\u00e9 podniky v oblasti obchodu, \u0159emesel a gastronomie, kter\u00e9 nab\u00edzej\u00ed region\u00e1ln\u00ed s\u00fdry, uzenou \u0161unku, \u0159emesln\u00e9 lihoviny a pe\u010divo, je\u017e m\u00eds\u00ed ban\u00e1tsk\u00e9 vlivy s transylv\u00e1nsk\u00fdmi tradicemi.<\/p>\n<p>Strategick\u00e1 bl\u00edzkost st\u00e1tn\u00edch hranic \u2013 osm kilometr\u016f od \u017eupy Mehedinti a 25 kilometr\u016f od Srbska \u2013 stav\u00ed B\u0103ile Herculane na k\u0159i\u017eovatku kultur. N\u00e1v\u0161t\u011bvn\u00edci z Teme\u0161v\u00e1ru, B\u011blehradu a Z\u00e1h\u0159ebu se sj\u00ed\u017ed\u011bj\u00ed k jeho pramen\u016fm, p\u0159itahov\u00e1ni p\u0159\u00edslibem rekonvalescence zasazen\u00e9 do krajiny formovan\u00e9 tektonikou a \u010dasem. M\u00edstn\u00ed pr\u016fvodci, prodchnut\u00ed rumunsk\u00fdm i ma\u010farsk\u00fdm d\u011bdictv\u00edm, s nad\u0161en\u00edm vypr\u00e1v\u011bj\u00ed legendy o Herkulovi a l\u00ed\u010d\u00ed osmansko-rakousk\u00e9 konfrontace. Takov\u00e9 vypr\u00e1v\u011bn\u00ed, v\u011bdeck\u00e9 i anekdotick\u00e9 z\u00e1rove\u0148, sv\u011bd\u010d\u00ed o mnohostrann\u00e9 identit\u011b m\u011bsta.<\/p>\n<p>Modern\u00ed investice dodr\u017euj\u00ed p\u0159\u00edsn\u00e9 standardy ochrany p\u0159\u00edrody. Nov\u00e9 hotely pou\u017e\u00edvaj\u00ed materi\u00e1ly s n\u00edzk\u00fdm dopadem na \u017eivotn\u00ed prost\u0159ed\u00ed a za\u010dle\u0148uj\u00ed zelen\u00e9 st\u0159echy, aby ladily s okoln\u00edmi lesy. Penziony zrekonstruovan\u00e9 v dobov\u00e9m stylu vyu\u017e\u00edvaj\u00ed tepelnou izolaci, kter\u00e1 v zim\u011b sni\u017euje spot\u0159ebu energie. Stavebn\u00ed hore\u010dku v soukrom\u00e9m sektoru zm\u00edrnily m\u011bstsk\u00e9 p\u0159edpisy, kter\u00e9 chr\u00e1n\u00ed v\u00fdhledy na kl\u00ed\u010dov\u00e9 pam\u00e1tky a zakazuj\u00ed nadrozm\u011brn\u00e9 betonov\u00e9 bloky. Krajin\u00e1\u0159\u0161t\u00ed architekti znovu os\u00e1zeli terasy p\u016fvodn\u00ed fl\u00f3rou \u2013 bukem, habrem a dubem \u2013 a obnovili tak koridory biodiverzity pro endemickou faunu.<\/p>\n<p>S \u00fastupem pandemie koronaviru na za\u010d\u00e1tku 2020. let zaznamenalo B\u0103ile Herculane n\u00e1r\u016fst dom\u00e1c\u00edho cestovn\u00edho ruchu. Rumunsk\u00e9 rodiny, kter\u00e9 dbaly na sv\u00e9 zdrav\u00ed, i s\u00f3lov\u00ed cestovatel\u00e9 vyhled\u00e1vali kombinaci v\u00fdhod miner\u00e1ln\u00edho pono\u0159en\u00ed a horsk\u00e9ho vzduchu. Kulturn\u00ed festivaly po\u0159\u00e1dan\u00e9 nevl\u00e1dn\u00edmi organizacemi, na kter\u00fdch se konaly komorn\u00ed hudebn\u00ed vystoupen\u00ed v ruin\u00e1ch amfite\u00e1tru, vyu\u017e\u00edvaly akustiky a atmosf\u00e9ry m\u011bsta. Do\u010dasn\u00e9 v\u00fdstavy \u0159\u00edmsk\u00fdch artefakt\u016f zap\u016fj\u010den\u00fdch z n\u00e1rodn\u00edch muze\u00ed vzd\u011bl\u00e1valy mlad\u0161\u00ed generace o klasick\u00e9m odkazu tohoto m\u00edsta. Nyn\u00ed se ka\u017edoro\u010dn\u011b kon\u00e1 letn\u00ed akademie pro studenty l\u00e1ze\u0148sk\u00e9 medic\u00edny, kter\u00e1 p\u0159itahuje instruktory z Bukure\u0161ti a V\u00eddn\u011b.<\/p>\n<p>P\u0159\u00edslib B\u0103ile Herculane spo\u010d\u00edv\u00e1 v rovnov\u00e1ze mezi lidsk\u00fdmi aspiracemi a geologick\u00fdmi dary. Vody, kter\u00e9 kdysi uklid\u0148ovaly \u0159\u00edmsk\u00e9 legie, i nad\u00e1le p\u0159itahuj\u00ed n\u00e1v\u0161t\u011bvn\u00edky 21. stolet\u00ed. Kamenn\u00e9 sochy Herkula zt\u011bles\u0148uj\u00ed mytickou rezonanci, kter\u00e1 p\u0159esahuje epochy, zat\u00edmco term\u00e1ln\u00ed baz\u00e9ny modern\u00edho designu slou\u017e\u00ed k rehabilitaci zalo\u017een\u00e9 na d\u016fkazech. Horsk\u00e9 svahy obklopuj\u00ed m\u011bsto jako ochrann\u00e9 pa\u017ee, jejich\u017e h\u0159ebeny se oz\u00fdvaj\u00ed prehistorick\u00fdmi kroky. Prot\u00edn\u00e1 se zde minulost i sou\u010dasnost, kde se klid mal\u00e9ho m\u011bsta ustupuje proudu uzdravov\u00e1n\u00ed a historie.<\/p>\n<p>P\u0159\u00edb\u011bh B\u0103ile Herculane z\u016fst\u00e1v\u00e1 nepopsan\u00fd i mimo jeho vy\u0161lapan\u00e9 stezky, proto\u017ee m\u011bsto se vyv\u00edj\u00ed v dialogu se sv\u00fdmi prameny a kameny. Ka\u017ed\u00e1 epocha vepsala nov\u00e9 kapitoly: prehistorick\u00e1 ohni\u0161t\u011b, \u0159\u00edmsk\u00e9 l\u00e1zn\u011b, habsbursk\u00e9 zahrady, socialistick\u00e9 mrakodrapy a postkomunistick\u00e1 panstv\u00ed. P\u0159esto \u0159eka Cerna p\u0159etrv\u00e1v\u00e1 a neust\u00e1le si raz\u00ed cestu skrz sk\u00e1lu a pam\u011b\u0165. Vstup do B\u0103ile Herculane znamen\u00e1 vstoupit do \u017eivouc\u00ed palimpsestu evropsk\u00e9 l\u00e1ze\u0148sk\u00e9 kultury \u2013 trval\u00e9ho sv\u011bdectv\u00ed o souh\u0159e legendy, v\u011bdy a prost\u00e9 lidsk\u00e9 touhy po obnov\u011b.<\/p>","protected":false},"excerpt":{"rendered":"<p>B\u0103ile Herculane, l\u00e1ze\u0148sk\u00e9 m\u011bsto le\u017e\u00edc\u00ed v \u00fadol\u00ed \u0159eky Cerna v rumunsk\u00e9m Ban\u00e1tu, m\u00e1 v sou\u010dasnosti 3 787 obyvatel. Toto okouzluj\u00edc\u00ed m\u011bsto, posazen\u00e9 mezi poho\u0159\u00edm Mehedin\u021bi na v\u00fdchod\u011b a poho\u0159\u00edm Cerna na z\u00e1pad\u011b, je ve v\u00fd\u0161ce 168 metr\u016f (551 stop).<\/p>","protected":false},"author":1,"featured_media":17482,"parent":11908,"menu_order":0,"comment_status":"closed","ping_status":"closed","template":"elementor_theme","meta":{"_eb_attr":"","footnotes":""},"class_list":["post-17029","page","type-page","status-publish","has-post-thumbnail"],"_links":{"self":[{"href":"https:\/\/travelshelper.com\/cs\/wp-json\/wp\/v2\/pages\/17029","targetHints":{"allow":["GET"]}}],"collection":[{"href":"https:\/\/travelshelper.com\/cs\/wp-json\/wp\/v2\/pages"}],"about":[{"href":"https:\/\/travelshelper.com\/cs\/wp-json\/wp\/v2\/types\/page"}],"author":[{"embeddable":true,"href":"https:\/\/travelshelper.com\/cs\/wp-json\/wp\/v2\/users\/1"}],"replies":[{"embeddable":true,"href":"https:\/\/travelshelper.com\/cs\/wp-json\/wp\/v2\/comments?post=17029"}],"version-history":[{"count":0,"href":"https:\/\/travelshelper.com\/cs\/wp-json\/wp\/v2\/pages\/17029\/revisions"}],"up":[{"embeddable":true,"href":"https:\/\/travelshelper.com\/cs\/wp-json\/wp\/v2\/pages\/11908"}],"wp:featuredmedia":[{"embeddable":true,"href":"https:\/\/travelshelper.com\/cs\/wp-json\/wp\/v2\/media\/17482"}],"wp:attachment":[{"href":"https:\/\/travelshelper.com\/cs\/wp-json\/wp\/v2\/media?parent=17029"}],"curies":[{"name":"wp","href":"https:\/\/api.w.org\/{rel}","templated":true}]}}