{"id":17023,"date":"2024-09-25T11:55:36","date_gmt":"2024-09-25T11:55:36","guid":{"rendered":"https:\/\/travelshelper.com\/staging\/?page_id=17023"},"modified":"2026-03-12T21:04:19","modified_gmt":"2026-03-12T21:04:19","slug":"baile-govora","status":"publish","type":"page","link":"https:\/\/travelshelper.com\/cs\/destinations\/europe\/romania\/baile-govora\/","title":{"rendered":"B\u0103ile Govora"},"content":{"rendered":"<p>B\u0103ile Govora, mal\u00e9 m\u011bsto s 2 158 obyvateli v dob\u011b s\u010d\u00edt\u00e1n\u00ed lidu v roce 2021, le\u017e\u00ed v jiho-centr\u00e1ln\u00ed \u010d\u00e1sti rumunsk\u00e9ho regionu Oltenia v \u017eup\u011b V\u00e2lcea. Jeho skromn\u00e1 rozloha zahrnuje i jednotliv\u00e9 vesnice Cur\u0103turile, G\u0103teje\u015fti a Prajila. Tato lokalita, jej\u00ed\u017e n\u00e1zev poch\u00e1z\u00ed z thr\u00e1cko-d\u00e1ck\u00e9ho v\u00fdrazu pro \u201e\u00fadol\u00ed s mnoha prameny\u201c, se nach\u00e1z\u00ed pod\u00e9l silnice DN67, kter\u00e1 spojuje R\u00e2mnicu V\u00e2lcea, Horezu a T\u00e2rgu Jiu a je ji\u017e t\u00e9m\u011b\u0159 stolet\u00ed a p\u016fl d\u016fkazem l\u00e9\u010div\u00e9ho potenci\u00e1lu miner\u00e1ln\u00edch vod a trvalosti kulturn\u00edho d\u011bdictv\u00ed.<\/p>\n<p>P\u0159\u00edb\u011bh B\u0103ile Govora neza\u010d\u00edn\u00e1 v s\u00edn\u00edch velk\u00fdch architekt\u016f, ale v rukou m\u00edstn\u00edho roln\u00edka Gheorghe Ciurey, jeho\u017e nen\u00e1padn\u00e9 vykop\u00e1n\u00ed studny v roce 1876 p\u0159ineslo to, co nazval \u201eho\u0159\u00edc\u00ed vodou\u201c, m\u00edstn\u011b zn\u00e1mou jako t\u011b\u017ek\u00e1 ropa. Vedle t\u00e9to surov\u00e9 tekutiny se objevila slan\u00e1 voda, nevhodn\u00e1 k pit\u00ed, ale zlov\u011bstn\u00e1. To, co se zpo\u010d\u00e1tku jevilo jako n\u00e1hodn\u00fd n\u00e1lez, se pozd\u011bji stalo z\u00e1kladem pro geologick\u00e9 pr\u016fzkumy, kter\u00e9 odhalily jodizovan\u00e9, slan\u00e9 prameny a sapropelick\u00e9 bahno s jasn\u00fdm terapeutick\u00fdm potenci\u00e1lem. Vojensk\u00fd l\u00e9ka\u0159 Zorileanu si uv\u011bdomil potenci\u00e1l t\u011bchto zdroj\u016f a prosazoval jejich vyu\u017eit\u00ed k l\u00e9\u010db\u011b revmatick\u00fdch onemocn\u011bn\u00ed, \u010d\u00edm\u017e poskytl profesion\u00e1ln\u00ed uzn\u00e1n\u00ed komunit\u011b, kter\u00e1 dosud nebyla zb\u011bhl\u00e1 ve form\u00e1ln\u00ed v\u011bd\u011b balneologie.<\/p>\n<p>A\u010dkoli l\u00e9\u010dba v Govo\u0159e za\u010dala v roce 1879, prvn\u00ed za\u0159\u00edzen\u00ed byla stroh\u00e1. Pacienti se koupali v d\u0159ev\u011bn\u00fdch k\u00e1d\u00edch neboli \u201ecopai\u201c, um\u00edst\u011bn\u00fdch v pr\u00e1zdn\u00fdch cel\u00e1ch nedalek\u00e9ho kl\u00e1\u0161tera Govora, asi \u0161est kilometr\u016f od zdroje. Miner\u00e1ln\u00ed voda byla p\u0159epravov\u00e1na na vozech ta\u017een\u00fdch zv\u00ed\u0159aty ve velk\u00fdch sudech zn\u00e1m\u00fdch jako \u201e\u0161akali\u201c po bl\u00e1tiv\u00fdch cest\u00e1ch. Tento z\u00e1kladn\u00ed l\u00e9\u010debn\u00fd \u0159et\u011bzec slou\u017eil jako tav\u00edc\u00ed kel\u00edmek, v n\u011bm\u017e se ukovala budoucnost m\u011bsta. V roce 1887 vyrostla specializovan\u00e1 l\u00e1ze\u0148sk\u00e1 budova s \u200b\u200bdvaceti dev\u00edti kabinami vybaven\u00fdmi pro hork\u00e9 koupele; p\u0159edstavovala rozhoduj\u00edc\u00ed posun od improvizovan\u00fdch l\u00e9\u010debn\u00fdch postup\u016f k organizovan\u00fdm terapi\u00edm. A\u017e v roce 1910, s otev\u0159en\u00edm hotelu Palace, v\u0161ak B\u0103ile Govora z\u00edskala svou skute\u010dnou identitu modern\u00edho resortu. Design hotelu, kter\u00fd zaji\u0161\u0165oval, aby ka\u017ed\u00fd pokoj denn\u011b dost\u00e1val alespo\u0148 jednu hodinu p\u0159\u00edm\u00e9ho slune\u010dn\u00edho sv\u011btla, vedl k m\u00edstn\u00edmu vtipu, \u017ee v Govo\u0159e se \u201eslunce pronaj\u00edm\u00e1 na hodinu\u201c. Krom\u011b ubytov\u00e1n\u00ed pro hosty poskytovalo teplou vodu po cel\u00fd rok komplexn\u00ed l\u00e9\u010debn\u00e9 centrum vybaven\u00e9 litinov\u00fdmi vanami a tepelnou elektr\u00e1rnou, co\u017e byl charakteristick\u00fd znak tehdej\u0161\u00ed vynal\u00e9zavosti.<\/p>\n<p>S hotelem Palace jako\u017eto vzorem se v n\u00e1sleduj\u00edc\u00edch desetilet\u00edch postupn\u011b shlukovaly hostince, penziony a l\u00e9\u010debn\u00e1 za\u0159\u00edzen\u00ed kolem pramen\u016f. Do poloviny 20. stolet\u00ed tento r\u016fst prom\u011bnil osadu z l\u00e1ze\u0148sk\u00e9 vesnice v m\u011bsto s dostate\u010dn\u00fdm ob\u010dansk\u00fdm a ekonomick\u00fdm postaven\u00edm, aby po 50. letech 20. stolet\u00ed z\u00edskalo status m\u011bsta. N\u00e1v\u0161t\u011bvn\u00edci sem p\u0159ich\u00e1zeli kv\u016fli jodizovan\u00e9 vod\u011b, kter\u00e1 slibovala \u00falevu od revmatismu a dal\u0161\u00edch neduh\u016f, a kv\u016fli hust\u00e9mu organick\u00e9mu bahnu, o kter\u00e9m se \u0159\u00edkalo, \u017ee zm\u00edr\u0148uje bolesti kloub\u016f a z\u00e1n\u011bty. \u017divot m\u011bsta formovaly sez\u00f3nn\u00ed rytmy: teplej\u0161\u00ed m\u011bs\u00edce p\u0159iv\u00e1d\u011bly davy turist\u016f, kte\u0159\u00ed hledali zdrav\u00ed, zat\u00edmco zimn\u00ed chlad zd\u016fraz\u0148oval d\u016fle\u017eitost st\u00e1l\u00e9ho tepla term\u00e1ln\u00ed elektr\u00e1rny.<\/p>\n<p>Demograficky B\u0103ile Govora odr\u00e1\u017e\u00ed p\u0159ev\u00e1\u017en\u011b rumunskou identitu. S\u010d\u00edt\u00e1n\u00ed lidu z roku 2021 zaznamenalo 88,00 procent obyvatel jako etnick\u00e9 Rumuny, 0,23 procenta jako p\u0159\u00edslu\u0161n\u00edky jin\u00fdch skupin a 11,77 procenta, jejich\u017e etnick\u00e1 p\u0159\u00edslu\u0161nost nebyla zaznamen\u00e1na. V ot\u00e1zk\u00e1ch v\u00edry je m\u011bsto podobn\u011b homogenn\u00ed: pravoslavn\u00ed k\u0159es\u0165an\u00e9 tvo\u0159\u00ed 87,26 procenta populace, ostatn\u00ed vyzn\u00e1n\u00ed pouh\u00fdch 0,51 procenta a 12,23 procenta je nehl\u00e1\u0161en\u00fdch. Tato \u010d\u00edsla, z\u00edskan\u00e1 z posledn\u00edho s\u010d\u00edt\u00e1n\u00ed lidu, nazna\u010duj\u00ed m\u00edrn\u00fd pokles populace od roku 2011, kdy zde \u017eilo 2 449 obyvatel. Tento pokles poukazuje na \u0161ir\u0161\u00ed demografick\u00e9 posuny ve venkovsk\u00fdch a malom\u011bstsk\u00fdch oblastech Rumunska, kter\u00e9 jsou zp\u016fsobeny migrac\u00ed do m\u011bst a m\u011bn\u00edc\u00ed se porodnost\u00ed.<\/p>\n<p>Spr\u00e1va v\u011bc\u00ed ve\u0159ejn\u00fdch v B\u0103ile Govora se dr\u017e\u00ed rumunsk\u00e9ho modelu m\u00edstn\u00ed spr\u00e1vy: volen\u00fd starosta a jeden\u00e1cti\u010dlenn\u00e1 obecn\u00ed rada dohl\u00ed\u017eej\u00ed na z\u00e1le\u017eitosti m\u011bsta. Od roku 2000 zast\u00e1v\u00e1 starostovsk\u00e9 k\u0159eslo Mihai Mateescu ze Soci\u00e1ln\u011b demokratick\u00e9 strany, jeho\u017e v\u00edcen\u00e1sobn\u00e9 funk\u010dn\u00ed obdob\u00ed sv\u011bd\u010d\u00ed o politick\u00e9 kontinuit\u011b v r\u00e1mci obce. M\u00edstn\u00ed volby v roce 2024 vedly k rovnom\u011brn\u00e9mu rozd\u011blen\u00ed rady mezi N\u00e1rodn\u011b liber\u00e1ln\u00ed stranu a Soci\u00e1ln\u011b demokratickou stranu, p\u0159i\u010dem\u017e ka\u017ed\u00e1 z nich m\u00e1 \u010dty\u0159i k\u0159esla. Zb\u00fdvaj\u00edc\u00ed t\u0159i k\u0159esla obsadili z\u00e1stupci identifikovan\u00ed jako Zotica Nicolae a Mathew Constantine \u2013 pravd\u011bpodobn\u011b nez\u00e1visl\u00ed nebo \u010dlenov\u00e9 m\u00edstn\u00edch politick\u00fdch formac\u00ed \u2013 a jeden \u010dlen Aliance pro jednotu Rumun\u016f, co\u017e odr\u00e1\u017e\u00ed pluralismus, kter\u00fd charakterizuje i mal\u00e9 politick\u00e9 subjekty.<\/p>\n<p>Turistick\u00e1 infrastruktura m\u011bsta, a\u010dkoli je \u00factyhodn\u00e1, za\u017eila obdob\u00ed dynamiky i \u00fatlumu. Zhruba pades\u00e1t let p\u0159ed koncem 80. let 20. stolet\u00ed byly v\u00fdznamn\u00e9 investice do nov\u00fdch l\u00e1ze\u0148sko-turistick\u00fdch objekt\u016f vz\u00e1cn\u00e9. Tuto stagnaci p\u0159eru\u0161ila pouze v\u00fdstavba hotelov\u00e9ho komplexu pro \u010dleny odbor\u016f, kter\u00fd byl postaven v posledn\u00edch letech komunistick\u00e9ho obdob\u00ed. Tento komplex, pozoruhodn\u00fd sv\u00fdmi modern\u00edmi l\u00e9\u010debn\u00fdmi za\u0159\u00edzen\u00edmi a roz\u0161\u00ed\u0159enou ubytovac\u00ed kapacitou, vnesl do rekrea\u010dn\u00edho sektoru Govory novou vitalitu. V postkomunistick\u00e9 \u00e9\u0159e se snahy o rekonstrukci star\u0161\u00edch budov a zaveden\u00ed modern\u00edch wellness slu\u017eeb setkaly se sm\u00ed\u0161en\u00fdm \u00fasp\u011bchem, \u010dasto omezen\u00fdm ekonomickou realitou a nutnost\u00ed zachovat historickou architekturu.<\/p>\n<p>Kulturn\u00ed a historick\u00e9 pam\u00e1tky obohacuj\u00ed d\u011bdictv\u00ed m\u011bsta i za jeho l\u00e9\u010div\u00fdmi vodami. Kl\u00e1\u0161ter Govora, zalo\u017een\u00fd na po\u010d\u00e1tku patn\u00e1ct\u00e9ho stolet\u00ed kn\u00ed\u017eetem Radu Velik\u00fdm, stoj\u00ed jako trval\u00fd pomn\u00edk st\u0159edov\u011bk\u00e9 vala\u0161sk\u00e9 zbo\u017enosti a mecen\u00e1\u0161stv\u00ed. Jeho architektonick\u00e1 struktura, opakovan\u011b restaurovan\u00e1 \u2013 nejv\u00fdznamn\u011bj\u0161\u00ed pod z\u00e1\u0161titou Constantina Br\u00e2ncoveanu na konci sedmn\u00e1ct\u00e9ho a za\u010d\u00e1tku osmn\u00e1ct\u00e9ho stolet\u00ed \u2013 m\u00eds\u00ed byzantsk\u00e9 a m\u00edstn\u00ed motivy. Kl\u00e1\u0161ter, kter\u00fd nen\u00ed jen modlitebnou, zauj\u00edm\u00e1 v an\u00e1lech rumunsk\u00e9 intelektu\u00e1ln\u00ed historie jedine\u010dn\u00e9 m\u00edsto. V roce 1640 Matei Basarab zavedl v jeho zdech prvn\u00ed vala\u0161sk\u00fd tiska\u0159sk\u00fd lis a vytvo\u0159il \u201ePravila de la Govora\u201c, prvn\u00ed z\u00e1kon\u00edk v rumunsk\u00e9m jazyce. Tato kodifikace, kter\u00e1 vy\u0161la z tiska\u0159sk\u00e9ho stroje v Govo\u0159e, dodala rumunsk\u00e9 lidov\u00e9 \u0159e\u010di p\u0159esnost i presti\u017e a stanovila jazykov\u00fd a pr\u00e1vn\u00ed standard, kter\u00fdm se po generace \u0159\u00eddila spr\u00e1va regionu a jeho spisovatel\u00e9. Mezi n\u00e1sledn\u00e9 tisky pat\u0159ila d\u00edla Antima Ivirsk\u00e9ho, metropolity, jeho\u017e p\u0159eklady a teologick\u00e9 p\u0159\u00edsp\u011bvky d\u00e1le obohatily soubor rumunsk\u00fdch literatur.<\/p>\n<p>N\u011bkolik kilometr\u016f od Govory stoj\u00ed kl\u00e1\u0161ter Dintr-un Lemn, \u00fadajn\u011b zalo\u017een\u00fd v \u0161estn\u00e1ct\u00e9m nebo sedmn\u00e1ct\u00e9m stolet\u00ed. Jeho samotn\u00fd n\u00e1zev \u2013 \u201eZ jedin\u00e9ho stromu\u201c \u2013 evokuje legend\u00e1rn\u00ed p\u016fvod zaznamenan\u00fd Pavlem Aleppsk\u00fdm, kdy osam\u011bl\u00fd dub \u00fadajn\u011b poskytl d\u0159evo pro jeho kostel. A\u010dkoli je Dintr-un Lemn men\u0161\u00ed a m\u00e9n\u011b zdobn\u00fd ne\u017e kl\u00e1\u0161ter Govora, p\u0159itahuje poutn\u00edky i u\u010dence, kte\u0159\u00ed jsou zv\u011bdav\u00ed sledovat souhru v\u00edry, folkl\u00f3ru a architektury, kterou zt\u011bles\u0148uje.<\/p>\n<p>Tato kl\u00e1\u0161tern\u00ed centra spole\u010dn\u011b zakotvuj\u00ed B\u0103ile Govora v \u0161ir\u0161\u00edm kontextu vala\u0161sk\u00e9 historie a propojuj\u00ed modern\u00ed terapeutickou roli m\u011bsta se stalet\u00edmi n\u00e1bo\u017eensk\u00e9, kulturn\u00ed a intelektu\u00e1ln\u00ed \u010dinnosti. Tato dvoj\u00ed identita \u2013 l\u00e1ze\u0148sk\u00e9ho m\u011bsta a str\u00e1\u017ece d\u011bdictv\u00ed \u2013 definuje p\u0159ita\u017elivost Govory. N\u00e1v\u0161t\u011bvn\u00edci, kte\u0159\u00ed hledaj\u00ed l\u00e9\u010dbu osteoartikul\u00e1rn\u00edch a dal\u0161\u00edch chronick\u00fdch onemocn\u011bn\u00ed, nach\u00e1zej\u00ed v pramenech zaveden\u00fd re\u017eim, ale ti, kte\u0159\u00ed maj\u00ed cit pro historii, se ve st\u0159edov\u011bk\u00fdch kl\u00e1\u0161terech setk\u00e1vaj\u00ed s oknem do formativn\u00edch epoch rumunsk\u00e9 st\u00e1tnosti a spirituality.<\/p>\n<p>Jednotliv\u00e9 vesnice m\u011bsta \u2013 Cur\u0103turile, G\u0103teje\u015fti a Prajila \u2013 p\u0159isp\u00edvaj\u00ed k celkov\u00e9mu p\u0159\u00edb\u011bhu vrstvami m\u00edstn\u00edch tradic. Tyto osady si zachov\u00e1vaj\u00ed poz\u016fstatky venkovsk\u00e9ho \u017eivota, od mal\u00fdch farem a\u017e po lidovou jihorumunskou architekturu, a udr\u017euj\u00ed rytmy sklizn\u011b a n\u00e1bo\u017eensk\u00fdch slavnost\u00ed, kter\u00e9 prol\u00ednaj\u00ed kalend\u00e1\u0159. Prajila jako administrativn\u00ed centrum s\u00eddl\u00ed obecn\u00ed \u00fa\u0159ady a slou\u017e\u00ed jako centrum ve\u0159ejn\u00fdch slu\u017eeb, zat\u00edmco Cur\u0103turile a G\u0103teje\u015fti si zachov\u00e1vaj\u00ed klidn\u011bj\u0161\u00ed, obytnou atmosf\u00e9ru. Spole\u010dn\u011b tvo\u0159\u00ed souhv\u011bzd\u00ed komunit, jejich\u017e osudy jsou propojeny s p\u0159\u00edlivem a odlivem l\u00e1ze\u0148sk\u00e9 turistiky.<\/p>\n<p>Navzdory sv\u00e9 skromn\u00e9 \u200b\u200brozloze si B\u0103ile Govora podma\u0148uje p\u0159edstavivost jako mikrokosmos rumunsk\u00e9 odolnosti. Jej\u00ed vody, zrozen\u00e9 z hluboko zako\u0159en\u011bn\u00fdch geologick\u00fdch sil, p\u0159itahuj\u00ed obyvatele i n\u00e1v\u0161t\u011bvn\u00edky ji\u017e t\u00e9m\u011b\u0159 sto pades\u00e1t let. Jej\u00ed kl\u00e1\u0161tery, postaven\u00e9 v minul\u00fdch stalet\u00edch, nad\u00e1le inspiruj\u00ed k oddanosti a vzd\u011blanosti. Jej\u00ed politick\u00e9 instituce odr\u00e1\u017eej\u00ed vyv\u00e1\u017een\u00fd pluralismus sou\u010dasn\u00e9 m\u00edstn\u00ed samospr\u00e1vy. A jej\u00ed demografick\u00fd profil, a\u010dkoli se m\u011bn\u00ed, z\u016fst\u00e1v\u00e1 p\u0159ev\u00e1\u017en\u011b rumunsk\u00fd a pravoslavn\u00fd, co\u017e potvrzuje kulturn\u00ed kontinuitu, i kdy\u017e nov\u00e9 generace zva\u017euj\u00ed ekonomick\u00e9 p\u0159\u00edle\u017eitosti oproti m\u00edstn\u00edm vazb\u00e1m.<\/p>\n<p>\u010cistic\u00ed pr\u016fzra\u010dnost vod Govory \u2013 tepl\u00fdch na dotek, bohat\u00fdch na j\u00f3d a slan\u00e9 chuti \u2013 se uk\u00e1zala jako neochv\u011bjn\u00fd l\u00e9k na revmatick\u00e9 bolesti a dal\u0161\u00ed chronick\u00e1 onemocn\u011bn\u00ed. Hust\u00e9, tmav\u00e9 sapropelick\u00e9 bahno, pe\u010dliv\u011b sb\u00edran\u00e9 a aplikovan\u00e9, poskytuje dopl\u0148kovou terapii, kter\u00e1 dopl\u0148uje hydroterapii. V posledn\u00edch desetilet\u00edch zavedli odborn\u00edci fyzik\u00e1ln\u00ed medic\u00edny a rehabilitace mas\u00e1\u017ee, fyzioterapii a elektroterapii, kter\u00e9 dopl\u0148uj\u00ed tradi\u010dn\u00ed l\u00e9\u010debn\u00e9 postupy. Takov\u00e1 integrace modern\u00edch technik s osv\u011bd\u010den\u00fdmi p\u0159\u00edrodn\u00edmi zdroji je p\u0159\u00edkladem z\u00e1vazku m\u011bsta k ochran\u011b p\u0159\u00edrody i inovac\u00edm.<\/p>\n<p>Z\u00e1rove\u0148 finan\u010dn\u00ed a logistick\u00e9 v\u00fdzvy spojen\u00e9 s \u00fadr\u017ebou budov z po\u010d\u00e1tku dvac\u00e1t\u00e9ho stolet\u00ed, z nich\u017e n\u011bkter\u00e9 jsou pam\u00e1tkov\u011b chr\u00e1n\u011bn\u00fdmi objekty, vy\u017eaduj\u00ed pe\u010dliv\u00e9 hospoda\u0159en\u00ed. Hotel Palace se sv\u00fdmi sluncem zalit\u00fdmi pokoji z\u016fst\u00e1v\u00e1 cen\u011bn\u00fdm architektonick\u00fdm p\u0159\u00edkladem, p\u0159esto vy\u017eaduje neust\u00e1l\u00e9 investice, aby spl\u0148oval sou\u010dasn\u00e9 bezpe\u010dnostn\u00ed a komfortn\u00ed standardy. M\u00edstn\u00ed \u00fa\u0159ady a soukrom\u00ed investo\u0159i se ob\u010das rozch\u00e1zeli v priorit\u00e1ch pro renovaci a komercializaci, co\u017e odr\u00e1\u017e\u00ed \u0161ir\u0161\u00ed nap\u011bt\u00ed mezi hospod\u00e1\u0159sk\u00fdm rozvojem a ochranou kulturn\u00edho d\u011bdictv\u00ed.<\/p>\n<p>Spole\u010densk\u00e9 festivaly a vzpom\u00ednkov\u00e9 oslavy poskytuj\u00ed momenty sd\u00edlen\u00e9 identity. Na ja\u0159e p\u0159in\u00e1\u0161ej\u00ed sv\u00e1tky svat\u00fdch spojen\u00e9 s hus\u00edm krokem zakladatel\u016f kl\u00e1\u0161ter\u016f na n\u00e1dvo\u0159\u00ed kl\u00e1\u0161tera pr\u016fvody a liturgick\u00e9 ob\u0159ady. V l\u00e9t\u011b p\u0159itahuj\u00ed koncerty byzantsk\u00fdch chor\u00e1l\u016f a lidov\u00e9 hudby publikum z R\u00e2mnicu V\u00e2lcea i z okol\u00ed. Na podzim se ve vesnic\u00edch konaj\u00ed oslavy sklizn\u011b, kde se m\u00edstn\u00ed produkty \u2013 jablka, \u0161vestky na \u0163uic\u0103, med \u2013 dost\u00e1vaj\u00ed na tr\u017en\u00ed st\u00e1nky a ke stol\u016fm host\u016f. Zimn\u00ed bohoslu\u017eby, konan\u00e9 p\u0159i sv\u00ed\u010dk\u00e1ch pod klenut\u00fdmi stropy, evokuj\u00ed tichou vzne\u0161enost doby, kdy modlitba a tisk koexistovaly v kamenn\u00fdch zdech.<\/p>\n<p>P\u0159\u00edb\u011bh B\u0103ile Govory je p\u0159\u00edb\u011bhem neust\u00e1l\u00e9 obnovy. Od n\u00e1hodn\u00e9ho setk\u00e1n\u00ed s ho\u0159\u00edc\u00ed vodou v roce 1876 a\u017e po sofistikovan\u00e9 rehabilita\u010dn\u00ed re\u017eimy sou\u010dasnosti m\u011bsto p\u0159izp\u016fsobilo sv\u00e9 p\u0159\u00edrodn\u00ed dary vyv\u00edjej\u00edc\u00edmu se l\u00e9ka\u0159sk\u00e9mu ch\u00e1p\u00e1n\u00ed a spole\u010densk\u00fdm pot\u0159eb\u00e1m. \u0158ada d\u0159ev\u011bn\u00fdch k\u00e1d\u00ed v kl\u00e1\u0161tern\u00edch cel\u00e1ch ustoupila specializovan\u00fdm l\u00e9\u010debn\u00fdm centr\u016fm; skromn\u00e9 \u200b\u200bvoz\u00edky nalo\u017een\u00e9 sudy ustoupily modern\u00edmu potrub\u00ed a tepeln\u00fdm stanic\u00edm. P\u0159esto v ka\u017ed\u00e9 f\u00e1zi z\u016fstal hlavn\u00ed impuls stejn\u00fd: v\u00edra v regenera\u010dn\u00ed s\u00edlu samotn\u00e9 Zem\u011b.<\/p>\n<p>S t\u00edm, jak Rumunsko vyty\u010duje svou cestu v \u0161ir\u0161\u00edm evropsk\u00e9m kontextu, nab\u00fdvaj\u00ed mal\u00e1 m\u011bsta jako Govora obnoven\u00e9ho v\u00fdznamu. Zt\u011bles\u0148uj\u00ed holistick\u00fd model cestovn\u00edho ruchu \u2013 takov\u00fd, kter\u00fd integruje zdrav\u00ed, historii a komunitu v prost\u0159ed\u00ed formovan\u00e9m stalet\u00edmi lidsk\u00e9ho \u00fasil\u00ed. B\u0103ile Govora nab\u00edz\u00ed pou\u010dn\u00fd p\u0159\u00edklad tvorby m\u00edsta zako\u0159en\u011bn\u00e9ho jak v geologii, tak v genealogii jak pro badatele balneologie, tak pro poutn\u00edky kultury.<\/p>\n<p>V \u00fadol\u00ed, kde se sb\u00edh\u00e1 mnoho pramen\u016f, se sou\u010dasnost prol\u00edn\u00e1 s minulost\u00ed. Obyvatel\u00e9 Govory, a\u0165 u\u017e jsou to dlouhodob\u00ed obyvatel\u00e9, nebo ti, kte\u0159\u00ed se sem p\u0159ij\u00ed\u017ed\u011bj\u00ed \u201evyl\u00e9vat\u201c, se pod\u00edlej\u00ed na kontinuu, kter\u00e9 zahrnuje rolnickou vynal\u00e9zavost, vojensko-l\u00e9ka\u0159sk\u00e9 doporu\u010den\u00ed, kl\u00e1\u0161tern\u00ed vzd\u011blanost a modern\u00ed m\u011bstskou spr\u00e1vu. Jejich m\u011bsto je projevem neust\u00e1l\u00e9ho dialogu mezi hlubok\u00fdmi p\u0159\u00edrodn\u00edmi rezervo\u00e1ry a lidsk\u00fdmi aspiracemi. V jazyce sv\u00e9ho thr\u00e1cko-d\u00e1ck\u00e9ho n\u00e1zvu stoj\u00ed jako prohlube\u0148 \u2013 \u00fadol\u00ed \u2013 ale tak\u00e9 jako pramen vitality, kde \u010dasem prov\u011b\u0159en\u00e9 prvky nad\u00e1le l\u00e9\u010d\u00ed a inspiruj\u00ed.<\/p>","protected":false},"excerpt":{"rendered":"<p>B\u0103ile Govora, le\u017e\u00edc\u00ed v kraji V\u00e2lcea, Rumunsko, je l\u00e1ze\u0148sk\u00e9 m\u011bsto pozoruhodn\u00e9 sv\u00fdm historick\u00fdm v\u00fdznamem a l\u00e9\u010debn\u00fdmi vlastnostmi. Tato mal\u00e1 m\u011bstsk\u00e1 vesni\u010dka v historick\u00e9 oblasti Oltenia, kter\u00e1 se nach\u00e1z\u00ed z\u00e1padn\u011b od \u0159eky Olt a asi 20 kilometr\u016f jihoz\u00e1padn\u011b od R\u00e2mnicu V\u00e2lcea, zaznamenala st\u00e1l\u00fd r\u016fst od sv\u00fdch po\u010d\u00e1tk\u016f jako l\u00e1ze\u0148sk\u00e9 letovisko na konci 19. stolet\u00ed. M\u011bsto je zn\u00e1m\u00e9 jak pro milovn\u00edky historie, tak pro ty, kte\u0159\u00ed hledaj\u00ed zdrav\u00ed, d\u00edky zvl\u00e1\u0161tn\u00ed kombinaci p\u0159\u00edrodn\u00edch l\u00e9\u010div\u00fdch vlastnost\u00ed a kulturn\u00ed hodnoty.<\/p>","protected":false},"author":1,"featured_media":17588,"parent":11908,"menu_order":0,"comment_status":"closed","ping_status":"closed","template":"elementor_theme","meta":{"_eb_attr":"","footnotes":""},"class_list":["post-17023","page","type-page","status-publish","has-post-thumbnail"],"_links":{"self":[{"href":"https:\/\/travelshelper.com\/cs\/wp-json\/wp\/v2\/pages\/17023","targetHints":{"allow":["GET"]}}],"collection":[{"href":"https:\/\/travelshelper.com\/cs\/wp-json\/wp\/v2\/pages"}],"about":[{"href":"https:\/\/travelshelper.com\/cs\/wp-json\/wp\/v2\/types\/page"}],"author":[{"embeddable":true,"href":"https:\/\/travelshelper.com\/cs\/wp-json\/wp\/v2\/users\/1"}],"replies":[{"embeddable":true,"href":"https:\/\/travelshelper.com\/cs\/wp-json\/wp\/v2\/comments?post=17023"}],"version-history":[{"count":0,"href":"https:\/\/travelshelper.com\/cs\/wp-json\/wp\/v2\/pages\/17023\/revisions"}],"up":[{"embeddable":true,"href":"https:\/\/travelshelper.com\/cs\/wp-json\/wp\/v2\/pages\/11908"}],"wp:featuredmedia":[{"embeddable":true,"href":"https:\/\/travelshelper.com\/cs\/wp-json\/wp\/v2\/media\/17588"}],"wp:attachment":[{"href":"https:\/\/travelshelper.com\/cs\/wp-json\/wp\/v2\/media?parent=17023"}],"curies":[{"name":"wp","href":"https:\/\/api.w.org\/{rel}","templated":true}]}}