{"id":17017,"date":"2024-09-25T11:36:59","date_gmt":"2024-09-25T11:36:59","guid":{"rendered":"https:\/\/travelshelper.com\/staging\/?page_id=17017"},"modified":"2026-03-12T21:04:52","modified_gmt":"2026-03-12T21:04:52","slug":"baile-felix","status":"publish","type":"page","link":"https:\/\/travelshelper.com\/cs\/destinations\/europe\/romania\/baile-felix\/","title":{"rendered":"B\u0103ile Felix"},"content":{"rendered":"<p>B\u0103ile Felix, vesnice v obci S\u00e2nmartin v \u017eup\u011b Bihor v regionu Cri\u0219ana v Rumunsku, le\u017e\u00ed p\u0159ibli\u017en\u011b deset kilometr\u016f ji\u017en\u011b od obce Oradea a je pova\u017eov\u00e1na za nejv\u011bt\u0161\u00ed st\u00e1l\u00e9 l\u00e1ze\u0148sk\u00e9 st\u0159edisko v zemi s v\u00edce ne\u017e 7 000 ubytovac\u00edmi m\u00edsty a term\u00e1ln\u00edmi prameny s teplotami od 20 \u00b0C do 49 \u00b0C.<\/p>\n<p>Od sv\u00fdch prvn\u00edch staveb postaven\u00fdch mezi lety 1711 a 1721 a\u017e po sv\u00e9 sou\u010dasn\u00e9 postaven\u00ed centra l\u00e9ka\u0159sk\u00e9 rehabilitace a rekrea\u010dn\u00ed turistiky se B\u0103ile Felix vydala cestou definovanou d\u016fsledn\u00fdm empirick\u00fdm pozorov\u00e1n\u00edm a neust\u00e1lou adaptac\u00ed. Samotn\u00fd n\u00e1zev vzd\u00e1v\u00e1 hold Felixu Helcherovi, moravsk\u00e9mu mnichovi z osmn\u00e1ct\u00e9ho stolet\u00ed, kter\u00fd p\u016fsobil v kl\u00e1\u0161te\u0159e Klosterbruck a spravoval panstv\u00ed S\u00e2nmartin a dohl\u00ed\u017eel na prvn\u00ed soust\u0159ed\u011bn\u00fd rozvoj l\u00e1ze\u0148sk\u00fdch za\u0159\u00edzen\u00ed pod ma\u010farsk\u00fdm ozna\u010den\u00edm F\u00e9lixf\u00fcrd\u0151. V pr\u016fb\u011bhu t\u0159\u00ed stolet\u00ed se zem\u011bpisn\u00e9 sou\u0159adnice obce \u2013 zasazen\u00e9 do m\u00edrn\u011b zvln\u011bn\u00e9 krajiny b\u0159ezov\u00fdch a dubov\u00fdch les\u016f asi dvacet dva kilometr\u016f jihov\u00fdchodn\u011b od hrani\u010dn\u00edho p\u0159echodu Bor\u015f \u2013 uk\u00e1zaly jako konstantn\u00ed, a to i p\u0159esto, \u017ee spole\u010densk\u00e9, politick\u00e9 a v\u011bdeck\u00e9 proudy transformovaly kontury jej\u00edho zastav\u011bn\u00e9ho prost\u0159ed\u00ed a terapeutick\u00e9 nab\u00eddky.<\/p>\n<p>V prvn\u00edch desetilet\u00edch osmn\u00e1ct\u00e9ho stolet\u00ed, kdy Helcher \u0159\u00eddil v\u00fdstavbu prvn\u00edch koupac\u00edch pavilon\u016f, byl hlavn\u00ed atrakc\u00ed \u010dir\u00fd z\u00e1zrak vody, jej\u00ed\u017e vyv\u011braj\u00edc\u00ed teplo vzdorovalo sez\u00f3nn\u00edm okoln\u00edm teplot\u00e1m. Zat\u00edmco m\u00edstn\u00ed legendy datuj\u00ed objeven\u00ed pramen\u016f do roku 1000 nebo 1200, opatrn\u011bj\u0161\u00ed badatel\u00e9 umis\u0165uj\u00ed jejich form\u00e1ln\u00ed vyu\u017e\u00edv\u00e1n\u00ed kolem roku 1700, kdy prvn\u00ed z\u00e1kladn\u00ed za\u0159\u00edzen\u00ed ustoupila v polovin\u011b 20. let 18. stolet\u00ed spole\u010dn\u00fdm l\u00e1zn\u00edm schopn\u00fdm ubytovat prosebn\u00edky hledaj\u00edc\u00ed \u00falevu od chronick\u00fdch nemoc\u00ed. Zru\u0161en\u00ed kl\u00e1\u0161tern\u00edch pozemk\u016f v r\u00e1mci komunistick\u00e9 zn\u00e1rodn\u011bn\u00ed v roce 1948 omezilo p\u0159\u00edmou spr\u00e1vu lokality premonstr\u00e1tsk\u00fdm \u0159\u00e1dem, ale nemohlo uhasit \u0161ir\u0161\u00ed imperativ l\u00e9ka\u0159sk\u00e9 v\u011bdy, kter\u00e1 do t\u00e9 doby p\u0159ijala miner\u00e1ln\u011b bohat\u00e9 vody.<\/p>\n<p>Charakteristick\u00fdm znakem B\u0103ile Felix z\u016fst\u00e1vaj\u00ed term\u00e1ln\u00ed prameny bohat\u00e9 na oligometalick\u00e9, hydrogenuhli\u010ditany, v\u00e1pn\u00edk a sod\u00edk, jejich\u017e terapeutick\u00fd potenci\u00e1l byl ov\u011b\u0159en postupn\u00fdmi vlnami l\u00e9ka\u0159\u016f. V roce 1885 nov\u00fd pramen s vodou o teplot\u011b 49 \u00b0C roz\u0161\u00ed\u0159il reperto\u00e1r l\u00e1zn\u00ed a potvrdil jeho pov\u011bst i za hranicemi regionu. Internist\u00e9 za\u010dali doporu\u010dovat specifick\u00e9 re\u017eimy pro pacienty trp\u00edc\u00ed revmatickou polyartritidou, revmatoidn\u00ed spondylitidou, degenerativn\u00edmi onemocn\u011bn\u00edmi kloub\u016f a neuralgiemi. Mezi pacienty l\u00e1zn\u00ed se v\u00fdznamn\u011b vyskytovaly tak\u00e9 centr\u00e1ln\u00ed a perifern\u00ed neurologick\u00e9 onemocn\u011bn\u00ed, gynekologick\u00e9 poruchy, posttraumatick\u00e1 rekonvalescence a vybran\u00e1 endokrinn\u00ed onemocn\u011bn\u00ed. Metodologick\u00fd arzen\u00e1l kombinoval elektroterapii, hydroterapii, pod\u00e1v\u00e1n\u00ed aerosol\u016f, paraf\u00ednov\u00e9 z\u00e1baly a c\u00edlen\u00e9 mas\u00e1\u017ee, to v\u0161e pod dohledem st\u00e1le sofistikovan\u011bj\u0161\u00ed l\u00e9ka\u0159sk\u00e9 z\u00e1kladny.<\/p>\n<p>Soub\u011b\u017en\u011b se sv\u00fdm terapeutick\u00fdm posl\u00e1n\u00edm B\u0103ile Felix rozv\u00edjel vybaven\u00ed zam\u011b\u0159en\u00e9 na relaxa\u010dn\u00ed turistiku. S\u00ed\u0165 hotel\u016f, penzion\u016f a soukrom\u00fdch vil nyn\u00ed nab\u00edz\u00ed v\u00edce ne\u017e 7 000 ubytovac\u00edch m\u00edst, dopln\u011bn\u00fdch kryt\u00fdmi i venkovn\u00edmi baz\u00e9ny. M\u00edrn\u00e9 kontinent\u00e1ln\u00ed klima, p\u0159eru\u0161ovan\u00e9 m\u00edrn\u00fdmi l\u00e9ty a zimami chr\u00e1n\u011bn\u00fdmi listnat\u00fdmi lesy, dod\u00e1v\u00e1 m\u00edstu atmosf\u00e9ru trval\u00e9 m\u00edrnosti. Toto klima \u017eiv\u00ed subtropick\u00e9 lekn\u00edny \u2013 Nymphaea lotus thermalis \u2013 poz\u016fstatek z t\u0159etihor, kter\u00e9 vzkv\u00e9taj\u00ed v jezerech letoviska. N\u00e1v\u0161t\u011bvn\u00edci se s t\u011bmito kv\u011bty setk\u00e1vaj\u00ed spolu s \u017eelvami, exotick\u00fdmi rybami a dal\u0161\u00edmi tvory, kte\u0159\u00ed odr\u00e1\u017eej\u00ed jedine\u010dn\u00e9 mikroklima a vysok\u00fd obsah miner\u00e1l\u016f v term\u00e1ln\u00edch vod\u00e1ch.<\/p>\n<p>Na v\u00fdchod\u011b se nach\u00e1z\u00ed p\u0159\u00edrodn\u00ed rezervace \u201eP\u00e2r\u00e2ul Pe\u0163a\u201c v sousedn\u00edm B\u0103ile 1 Mai, kter\u00e1 nab\u00edz\u00ed vz\u00e1cn\u00fd pohled na t\u0159i chr\u00e1n\u011bn\u00e9 druhy: hlem\u00fd\u017e\u010fa Melanopsis parreyssi, terci\u00e1rn\u00edho reliktu, kter\u00fd odolal n\u00e1sledn\u00fdm zaledn\u011bn\u00edm; hlem\u00fd\u017e\u010fa Scardinus racovitzae, hovorov\u011b zn\u00e1m\u00e9ho jako \u201eRo\u0219ioara lui Racovi\u021b\u0103\u201c po rumunsk\u00e9m p\u0159\u00edrodov\u011bdci, kter\u00fd jej poprv\u00e9 popsal; a hlem\u00fd\u017e\u010fa Nymphaea lotus thermalis, jeho\u017e evropsk\u00fd are\u00e1l roz\u0161\u00ed\u0159en\u00ed je omezen na tuto enkl\u00e1vu. Vodn\u00ed ekosyst\u00e9m rezervace slou\u017e\u00ed jako \u017eivouc\u00ed laborato\u0159, kter\u00e1 propojuje biologii ochrany p\u0159\u00edrody, geologii a klimatologii.<\/p>\n<p>Rekrea\u010dn\u00ed mo\u017enosti v B\u0103ile Felix zahrnuj\u00ed historick\u00e9 i sou\u010dasn\u00e9 z\u00e1\u017eitky. Term\u00e1ln\u00ed baz\u00e9n Apollo, slavnostn\u011b otev\u0159en\u00fd v roce 1900, zachov\u00e1v\u00e1 charakter l\u00e1ze\u0148sk\u00e9 architektury a kultury spole\u010dn\u00fdch koupel\u00ed z po\u010d\u00e1tku dvac\u00e1t\u00e9ho stolet\u00ed. Soused\u00edc\u00ed stavby \u2013 kryt\u00fd aquapark v B\u0103ile Felix a baz\u00e9n s vlnami v B\u0103ile 1 Mai, oslavovan\u00fd jako nejstar\u0161\u00ed takov\u00e9 za\u0159\u00edzen\u00ed v Rumunsku s v\u00edce ne\u017e stoletou histori\u00ed provozu \u2013 uspokojuj\u00ed touhy n\u00e1v\u0161t\u011bvn\u00edk\u016f, kte\u0159\u00ed hledaj\u00ed aktivn\u00ed vodn\u00ed odpo\u010dinek spolu s terapeutick\u00fdm pono\u0159en\u00edm. Jemn\u00e9 vln\u011bn\u00ed baz\u00e9nu s vlnami jemn\u011b vzd\u00e1v\u00e1 hold plynul\u00fdm k\u0159ivk\u00e1m bl\u00edzk\u00fdch term\u00e1ln\u00edch jezer a posiluje dvoj\u00ed identitu resortu jako l\u00e9\u010debn\u00e9ho centra i m\u00edsta odpo\u010dinku.<\/p>\n<p>Okoln\u00ed vesnice nab\u00edzej\u00ed \u0159adu c\u00edrkevn\u00edch staveb od st\u0159edov\u011bku po modern\u00ed obdob\u00ed, kter\u00e9 je\u0161t\u011b v\u00edce p\u0159itahuj\u00ed ty, kter\u00e9 l\u00e1k\u00e1 historie a architektonick\u00e9 d\u011bdictv\u00ed. Kaple Haieu, kosteln\u00ed s\u00ed\u0148 ze 14. stolet\u00ed, v sob\u011b spojuje rom\u00e1nsk\u00e9, cisterci\u00e1ck\u00e9 a gotick\u00e9 prvky v jednotn\u00e9m p\u016fdorysu. V roce 1977 pro\u0161la rekonstrukc\u00ed, aby se zachovala jej\u00ed stroh\u00e1 kamenn\u00e1 klenba a lancetov\u00e1 okna. N\u011bkolik kilometr\u016f odtud stoj\u00ed budova Sanifarm, kdysi sou\u010d\u00e1st kl\u00e1\u0161tern\u00edho \u0159\u00e1du sv. Vincence ze 17. stolet\u00ed, nyn\u00ed obdivovan\u00e1 pro sv\u00e9 barokn\u00ed fas\u00e1dy. V Ront\u0103u je pravoslavn\u00fd kostel z 15. stolet\u00ed centrem venkovsk\u00e9 osady, zat\u00edmco v Haieu se nach\u00e1zej\u00ed \u0159\u00edmskokatolick\u00e9 i \u0159eckokatolick\u00e9 svatyn\u011b r\u016fzn\u00e9ho p\u016fvodu. D\u0159ev\u011bn\u00fd kostel v Brusturi a \u0159eckokatolick\u00fd kostel v B\u0103ile Felix z 19. stolet\u00ed d\u00e1le diverzifikuj\u00ed c\u00edrkevn\u00ed reperto\u00e1r regionu.<\/p>\n<p>Geologick\u00e9 jevy p\u0159itahuj\u00ed pozornost v\u011bdc\u016f i laik\u016f. Na v\u00e1pencov\u00fdch svaz\u00edch Dealul \u015eomleului se krasov\u00e1 \u0161achta, b\u011b\u017en\u011b naz\u00fdvan\u00e1 Betfia Chasm nebo v m\u00edstn\u00edm \u017eargonu \u201ekr\u00e1ter Betfia\u201c, no\u0159\u00ed do hloubky osmdes\u00e1ti \u0161esti metr\u016f s t\u00e9m\u011b\u0159 svisl\u00fdm osmdes\u00e1ti\u0161estimetrov\u00fdm poklesem, kter\u00fd vrchol\u00ed podzemn\u00ed komorou. Tento \u00fatvar je p\u0159\u00edkladem rozpustn\u00e9ho skaln\u00edho podlo\u017e\u00ed a podzemn\u00edch dren\u00e1\u017en\u00edch syst\u00e9m\u016f regionu, kter\u00e9 formovaly jak chemii vody, tak speleologick\u00e9 formace v \u0161ir\u0161\u00edm poho\u0159\u00ed Apuseni.<\/p>\n<p>Za hranicemi B\u0103ile Felix se organizovan\u00e9 v\u00fdlety vyd\u00e1vaj\u00ed do jeskyn\u011b Ur\u0219ilor v Chi\u0219c\u0103u, jedin\u00e9ho speleologick\u00e9ho nalezi\u0161t\u011b v Rumunsku vybaven\u00e9ho podle mezin\u00e1rodn\u00edch standard\u016f a zn\u00e1m\u00e9ho mimo\u0159\u00e1dnou koncentrac\u00ed fosili\u00ed Ursus spelaeus. Paleontologov\u00e9 i paleontologov\u00e9 studuj\u00ed toto spole\u010denstvo, aby z\u00edskali poznatky o pleistoc\u00e9nn\u00ed megafaun\u011b, a to i b\u011bhem ch\u016fz\u00ed turist\u016f po upraven\u00fdch stezk\u00e1ch osv\u011btlen\u00fdch m\u011bkk\u00fdm elektrick\u00fdm osv\u011btlen\u00edm. Chladn\u00fd interi\u00e9r jeskyn\u011b a st\u011bny pln\u00e9 fosili\u00ed poskytuj\u00ed dojemn\u00fd kontrapunkt k povrchov\u00e9mu sv\u011btlu term\u00e1ln\u00edho tepla a kultivovan\u00e9 relaxace.<\/p>\n<p>Dvac\u00e1t\u00e9 stolet\u00ed p\u0159ineslo jak \u00fapadek, tak i obnovu. Po zn\u00e1rodn\u011bn\u00ed kl\u00e1\u0161tern\u00edch pozemk\u016f v roce 1948 st\u00e1t v\u011bnoval prost\u0159edky na v\u00fdstavbu rekrea\u010dn\u00edch za\u0159\u00edzen\u00ed, mezi nimi\u017e bylo i jedno spojen\u00e9 se Securitate. Soukrom\u00e9 vlastnictv\u00ed b\u00fdval\u00fdch kl\u00e1\u0161tern\u00edch statk\u016f z\u016fst\u00e1v\u00e1 p\u0159edm\u011btem c\u00edrkevn\u00edch n\u00e1rok\u016f premonstr\u00e1tsk\u00e9ho \u0159\u00e1du. Po politick\u00fdch zm\u011bn\u00e1ch v roce 1989 vstoupilo B\u0103ile Felix do obdob\u00ed rychl\u00e9ho rozvoje: rozmno\u017eily se penziony nab\u00edzej\u00edc\u00ed komfort mezin\u00e1rodn\u00ed \u00farovn\u011b a v reakci na rostouc\u00ed dom\u00e1c\u00ed i zahrani\u010dn\u00ed popt\u00e1vku se roz\u0161\u00ed\u0159ilo soukrom\u00e9 ubytov\u00e1n\u00ed. Ztr\u00e1ta osobn\u00ed \u017eelezni\u010dn\u00ed dopravy v roce 2014 nijak nesn\u00ed\u017eila p\u0159ita\u017elivost letoviska, proto\u017ee v\u011bt\u0161ina n\u00e1v\u0161t\u011bvn\u00edk\u016f p\u0159ij\u00ed\u017ed\u00ed po silnici z Oradey nebo p\u0159es hrani\u010dn\u00ed p\u0159echod Bor\u015f.<\/p>\n<p>B\u011bhem sv\u00e9ho v\u00fdvoje si B\u0103ile Felix udr\u017eoval k\u0159ehkou rovnov\u00e1hu mezi empirickou v\u011bdou a \u017eivotn\u00ed zku\u0161enost\u00ed. Skromn\u00fd shluk pavilon\u016f z osmn\u00e1ct\u00e9ho stolet\u00ed ustoupil modern\u00edm zdravotnick\u00fdm centr\u016fm s diagnostick\u00fdm vybaven\u00edm, elektrostatick\u00fdmi koupelnami, m\u00edstnostmi pro paraf\u00ednov\u00e9 z\u00e1baly a aerosolov\u00fdmi sk\u0159\u00edn\u011bmi, z\u00e1kladn\u00ed princip v\u0161ak z\u016fst\u00e1v\u00e1 nezm\u011bn\u011bn: n\u011bkter\u00e9 nemoci reaguj\u00ed na kontrolovan\u00e9 vystaven\u00ed teplu nasycen\u00e9mu miner\u00e1ly a pono\u0159en\u00ed do vody. Publikace v rumunsk\u00fdch i mezin\u00e1rodn\u00edch l\u00e9ka\u0159sk\u00fdch \u010dasopisech dokumentuj\u00ed \u00fa\u010dinnost l\u00e9\u010dby z\u00e1n\u011btliv\u00e9ho revmatismu, neuralgie, posttraumatick\u00e9 ztuhlosti a vybran\u00fdch gynekologick\u00fdch onemocn\u011bn\u00ed. Sapropelick\u00e9 bahno, extrahovan\u00e9 z term\u00e1ln\u00edch jezern\u00edch dna, dopl\u0148uje hydroterapii t\u00edm, \u017ee dod\u00e1v\u00e1 jemnozrnn\u00e9 j\u00edly bohat\u00e9 na organick\u00e9 l\u00e1tky, jejich\u017e protiz\u00e1n\u011btliv\u00e9 vlastnosti jsou ji\u017e dlouho zn\u00e1m\u00e9 v m\u00edstn\u00edm lidov\u00e9m l\u00e9\u010ditelstv\u00ed.<\/p>\n<p>Zat\u00edmco hlavn\u00ed klientelu nad\u00e1le tvo\u0159\u00ed pacienti podstupuj\u00edc\u00ed n\u011bkolikat\u00fddenn\u00ed k\u00fary p\u0159edepsan\u00e9 internisty, rostouc\u00ed segment p\u0159ich\u00e1z\u00ed bez l\u00e9ka\u0159sk\u00e9ho doporu\u010den\u00ed, l\u00e1k\u00e1ni p\u0159\u00edslibem odpo\u010dinku na \u010dist\u00e9m vzduchu, v les\u00edch m\u00edrn\u00e9ho p\u00e1sma a tepl\u00fdch vod\u00e1ch. Subtropick\u00e9 lekn\u00edny se vzn\u00e1\u0161ej\u00ed nad klidn\u00fdmi t\u016fn\u011bmi; \u017ealostn\u00fd \u0159ev volavky m\u016f\u017ee prolomit rann\u00ed ticho; ob\u010das se hejna st\u011bhovav\u00fdch pt\u00e1k\u016f zastav\u00ed b\u011bhem sez\u00f3nn\u00edch cest. Rekrea\u010dn\u00ed turistick\u00e9 stezky se vine dubov\u00fdmi a bukov\u00fdmi h\u00e1ji, kde stalet\u00e9 exempl\u00e1\u0159e stoj\u00ed jako ti\u0161\u00ed sv\u011bdci odv\u00edjej\u00edc\u00edho se p\u0159\u00edb\u011bhu vesnice.<\/p>\n<p>M\u00edstn\u00ed \u00fa\u0159ady a podnikatel\u00e9 se sna\u017e\u00ed integrovat udr\u017eitelnost do prob\u00edhaj\u00edc\u00edho rozvoje. Technologie \u0161et\u0159\u00edc\u00ed vodou, kontrolovan\u00e1 t\u011b\u017eba geoterm\u00e1ln\u00edch zdroj\u016f a ochrana biotopu Nymphaea lotus thermalis odr\u00e1\u017eej\u00ed pov\u011bdom\u00ed o tom, \u017ee \u017eivotaschopnost resortu z\u00e1vis\u00ed na zachov\u00e1n\u00ed p\u0159\u00edrodn\u00edch zdroj\u016f, kter\u00e9 p\u0159ed stalet\u00edmi p\u0159itahovaly Felixe Helchera. Vzd\u011bl\u00e1vac\u00ed panely pod\u00e9l jezern\u00edch promen\u00e1d vysv\u011btluj\u00ed ekologii term\u00e1ln\u00edch vod a souhru mezi ob\u011bhem podzemn\u00ed vody a povrchov\u00fdmi prameny. Takov\u00e1 opat\u0159en\u00ed podporuj\u00ed u n\u00e1v\u0161t\u011bvn\u00edk\u016f pocit zodpov\u011bdnosti a posiluj\u00ed n\u00e1rok resortu na autoritu v l\u00e9ka\u0159sk\u00e9 a environment\u00e1ln\u00ed sf\u00e9\u0159e.<\/p>\n<p>B\u0103ile Felix ve sv\u00e9 podstat\u011b p\u0159edstavuje synt\u00e9zu osv\u011bd\u010den\u00e9 tradice a postupn\u00e9 inovace. Nikdy neaspirovalo na rozsah \u010dernomo\u0159sk\u00fdch letovisek, ale ve sv\u00e9 oblasti zast\u00ednilo ve\u0161kerou dom\u00e1c\u00ed konkurenci. Jeho ubytov\u00e1n\u00ed, a\u0165 u\u017e v honosn\u00fdch l\u00e1ze\u0148sk\u00fdch hotelech nebo v rodinn\u00fdch penzionech a vil\u00e1ch, sd\u00edl\u00ed nevyslovenou smlouvu: nab\u00edzet p\u0159\u00e1telskou pohostinnost, ani\u017e by se uchylovalo k ok\u00e1zalosti. Vstupn\u00e9 do baz\u00e9nu Apollo si zachov\u00e1v\u00e1 skromn\u00e9 \u200b\u200bceny z d\u0159\u00edv\u011bj\u0161\u00ed \u00e9ry; soukrom\u00e9 l\u00e1ze\u0148sk\u00e9 apartm\u00e1ny koexistuj\u00ed se spole\u010dn\u00fdmi koupelnami.<\/p>\n<p>Kumulativn\u00ed efekt stalet\u00ed lidsk\u00fdch z\u00e1sah\u016f, v\u011bdeck\u00e9ho b\u00e1d\u00e1n\u00ed, architektonick\u00e9ho designu a p\u00e9\u010de o krajinu je m\u00edstem, kter\u00e9 se br\u00e1n\u00ed povrchn\u00ed kategorizaci. Je to z\u00e1rove\u0148 l\u00e9\u010debn\u00e1 enkl\u00e1va, p\u0159\u00edrodn\u00ed rezervace, \u017eivouc\u00ed muzeum l\u00e1ze\u0148sk\u00e9 kultury a m\u00edsto ka\u017edodenn\u00edho venkovsk\u00e9ho \u017eivota. Vesni\u010dan\u00e9 nad\u00e1le obd\u011bl\u00e1vaj\u00ed mal\u00e9 parcely, staraj\u00ed se o sady a skl\u00edzej\u00ed houby v podzimn\u00edch les\u00edch. Tr\u017en\u00ed dny v Oradei l\u00e1kaj\u00ed prodejce medu, s\u00fdr\u016f a ru\u010dn\u011b tkan\u00fdch textili\u00ed; n\u011bkte\u0159\u00ed z\u00e1kazn\u00edci se cestou do B\u0103ile Felix zastavuj\u00ed, aby nalo\u017eili truhly region\u00e1ln\u00edmi produkty.<\/p>\n<p>Za soumraku, kdy zalesn\u011bn\u00e9 svahy nab\u00fdvaj\u00ed hlub\u0161\u00edch odst\u00edn\u016f a p\u00e1ra stoup\u00e1 v m\u011bkk\u00fdch z\u00e1voj\u00edch nad term\u00e1ln\u00edmi baz\u00e9ny, se v resortu rozj\u00edm\u00e1 atmosf\u00e9ra tich\u00e9ho rozj\u00edm\u00e1n\u00ed. Koupaj\u00edc\u00ed se vych\u00e1zej\u00ed z kryt\u00fdch aquapark\u016f, sed\u00ed na kamenn\u00fdch lavic\u00edch a nech\u00e1vaj\u00ed teplou p\u00e1ru kondenzovat na sv\u00e9 k\u016f\u017ei. Rodiny se shroma\u017e\u010fuj\u00ed na b\u0159ez\u00edch jezer, aby sledovaly, jak lekn\u00edny rozv\u00edraj\u00ed sv\u00e9 okv\u011btn\u00ed l\u00edstky. Historici se zastavuj\u00ed p\u0159ed dve\u0159mi kapl\u00ed a p\u0159em\u00fd\u0161lej\u00ed o rom\u00e1nsk\u00fdch oblouc\u00edch. P\u0159\u00edrodov\u011bdci se kr\u010d\u00ed u ba\u017einat\u00fdch okraj\u016f a na\u010drt\u00e1vaj\u00ed jedine\u010dn\u00fd profil hlem\u00fd\u017ed\u011b Melanopsis. V t\u011bchto chv\u00edl\u00edch B\u0103ile Felix odhaluje jeho podstatu: soutok lidsk\u00e9ho b\u00e1d\u00e1n\u00ed a p\u0159\u00edrodn\u00edho procesu, stavbu postavenou nikoli z mramoru nebo oceli, ale z vody, miner\u00e1l\u016f a pam\u011bti.<\/p>\n<p>B\u011bhem v\u00edce ne\u017e t\u0159\u00ed stolet\u00ed se vesnice vyrovn\u00e1vala s m\u011bn\u00edc\u00edmi se politick\u00fdmi re\u017eimy, v\u011bdeck\u00fdmi paradigmaty a turistick\u00fdmi o\u010dek\u00e1v\u00e1n\u00edmi. Jej\u00ed p\u0159\u00edb\u011bh zahrnuje moravsk\u00e9 mnichy, hydrogeology devaten\u00e1ct\u00e9ho stolet\u00ed, st\u00e1tn\u00ed pl\u00e1nova\u010de dvac\u00e1t\u00e9ho stolet\u00ed a podnikatele jednadvac\u00e1t\u00e9ho stolet\u00ed. P\u0159esto z\u016fst\u00e1v\u00e1 z\u00e1kladn\u00ed my\u0161lenka nem\u011bnn\u00e1: pochopen\u00ed, \u017ee term\u00e1ln\u00ed prameny \u2013 dary podzemn\u00ed geologie \u2013 lze vyu\u017e\u00edvat s p\u0159esnost\u00ed, p\u00e9\u010d\u00ed a respektem, co\u017e p\u0159in\u00e1\u0161\u00ed v\u00fdhody od fyziologick\u00e9 \u00falevy a\u017e po \u010dist\u00e9 pot\u011b\u0161en\u00ed z pono\u0159en\u00ed. V tomto ohledu je B\u0103ile Felix d\u016fkazem trval\u00e9 schopnosti m\u00edsta utv\u00e1\u0159et a b\u00fdt utv\u00e1\u0159eno lidsk\u00fdmi touhami. Je to kapitola v p\u0159\u00edb\u011bhu zdravotn\u00ed turistiky, psan\u00e9ho v term\u00e1ln\u00edch vod\u00e1ch, or\u00e1movan\u00e9ho zalesn\u011bn\u00fdmi kopci a udr\u017eovan\u00e9ho d\u016fslednou souhrou zku\u0161enost\u00ed, odbornosti, autoritativy a d\u016fv\u011bryhodnosti.<\/p>","protected":false},"excerpt":{"rendered":"<p>B\u0103ile Felix, kter\u00fd se nach\u00e1z\u00ed v obci S\u00e2nmartin v okrese Bihor v Rumunsku, je uzn\u00e1v\u00e1n jako nejv\u011bt\u0161\u00ed st\u00e1l\u00e9 l\u00e1ze\u0148sk\u00e9 st\u0159edisko v zemi, podporovan\u00e9 m\u00edstn\u00edmi obyvateli. Tato malebn\u00e1 lokalita, kter\u00e1 se nach\u00e1z\u00ed asi 10 kilometr\u016f ji\u017en\u011b od m\u011bsta Oradea, si vybudovala pozoruhodnou pozici v rumunsk\u00e9m turistick\u00e9m sektoru, hned za pob\u0159e\u017e\u00edm \u010cern\u00e9ho mo\u0159e v ubytovac\u00ed kapacit\u011b.<\/p>","protected":false},"author":1,"featured_media":17487,"parent":11908,"menu_order":0,"comment_status":"closed","ping_status":"closed","template":"elementor_theme","meta":{"_eb_attr":"","footnotes":""},"class_list":["post-17017","page","type-page","status-publish","has-post-thumbnail"],"_links":{"self":[{"href":"https:\/\/travelshelper.com\/cs\/wp-json\/wp\/v2\/pages\/17017","targetHints":{"allow":["GET"]}}],"collection":[{"href":"https:\/\/travelshelper.com\/cs\/wp-json\/wp\/v2\/pages"}],"about":[{"href":"https:\/\/travelshelper.com\/cs\/wp-json\/wp\/v2\/types\/page"}],"author":[{"embeddable":true,"href":"https:\/\/travelshelper.com\/cs\/wp-json\/wp\/v2\/users\/1"}],"replies":[{"embeddable":true,"href":"https:\/\/travelshelper.com\/cs\/wp-json\/wp\/v2\/comments?post=17017"}],"version-history":[{"count":0,"href":"https:\/\/travelshelper.com\/cs\/wp-json\/wp\/v2\/pages\/17017\/revisions"}],"up":[{"embeddable":true,"href":"https:\/\/travelshelper.com\/cs\/wp-json\/wp\/v2\/pages\/11908"}],"wp:featuredmedia":[{"embeddable":true,"href":"https:\/\/travelshelper.com\/cs\/wp-json\/wp\/v2\/media\/17487"}],"wp:attachment":[{"href":"https:\/\/travelshelper.com\/cs\/wp-json\/wp\/v2\/media?parent=17017"}],"curies":[{"name":"wp","href":"https:\/\/api.w.org\/{rel}","templated":true}]}}