{"id":17002,"date":"2024-09-25T11:16:38","date_gmt":"2024-09-25T11:16:38","guid":{"rendered":"https:\/\/travelshelper.com\/staging\/?page_id=17002"},"modified":"2026-03-12T19:44:11","modified_gmt":"2026-03-12T19:44:11","slug":"pedras-salgadas","status":"publish","type":"page","link":"https:\/\/travelshelper.com\/cs\/destinations\/europe\/portugal\/pedras-salgadas\/","title":{"rendered":"Pedras Salgadas"},"content":{"rendered":"<p>Pedras Salgadas se ty\u010d\u00ed v z\u00e1hybech severn\u00edho Portugalska jako m\u00edsto, kde se pomal\u00e1 alchymie Zem\u011b sbli\u017euje s lidskou vynal\u00e9zavost\u00ed. Nach\u00e1z\u00ed se na izolovan\u00e9 n\u00e1horn\u00ed plo\u0161in\u011b v nadmo\u0159sk\u00e9 v\u00fd\u0161ce 1 263 metr\u016f a rozkl\u00e1d\u00e1 se na dvaceti hektarech, kter\u00e9 prol\u00edn\u00e1 osm kilometr\u016f klikat\u00fdch stezek. Le\u017e\u00ed pouhou hodinu a deset minut j\u00edzdy od Porta, p\u0159esto p\u016fsob\u00ed zvl\u00e1\u0161tn\u011b odtr\u017een\u011b od rytm\u016f m\u011bstsk\u00e9ho \u017eivota. Zde, v regionu proslul\u00e9m sv\u00fdm nedot\u010den\u00fdm vzduchem a panoramatick\u00fdmi v\u00fdhledy, se odkaz zrozen\u00fd v devaten\u00e1ct\u00e9m stolet\u00ed odv\u00edj\u00ed prost\u0159ednictv\u00edm modern\u00edch l\u00e1zn\u00ed a p\u0159\u00edrodn\u00edho parku a zna\u010dky miner\u00e1ln\u00ed vody, jej\u00ed\u017e \u0161um\u011bn\u00ed si vyslou\u017eilo celosv\u011btov\u00e9 uzn\u00e1n\u00ed. Pedras Salgadas nen\u00ed jen destinace; je trval\u00fdm d\u016fkazem regenera\u010dn\u00ed synergie mezi d\u011bdictv\u00edm a inovac\u00ed, kde se samotn\u00fd \u010das st\u00e1v\u00e1 sou\u010d\u00e1st\u00ed wellness.<\/p>\n<p>Od okam\u017eiku, kdy se \u010dlov\u011bk p\u0159ibl\u00ed\u017e\u00ed ke vchodu do parku, ter\u00e9n \u2013 pokryt\u00fd duby a ka\u0161tany \u2013 evokuje pocit \u00facty. Stezky se jemn\u011b klikat\u00ed mezi zrestaurovan\u00fdmi budovami z devaten\u00e1ct\u00e9ho stolet\u00ed a modern\u00edmi, ekologicky citliv\u00fdmi ubytov\u00e1n\u00edmi a zvou n\u00e1v\u0161t\u011bvn\u00edky do sv\u011bta klidu a m\u00edru. Samotn\u00fd design ubytov\u00e1n\u00ed vyjad\u0159uje hlubokou \u00factu k m\u00edstu. \u0160estn\u00e1ct eko-dom\u016f vyu\u017e\u00edv\u00e1 b\u0159idlici a m\u00edstn\u00ed d\u0159evo, kter\u00e9 spl\u00fdvaj\u00ed s lesn\u00ed p\u016fdou, a ka\u017ed\u00fd d\u016fm nab\u00edz\u00ed diskr\u00e9tn\u00ed v\u00fdhled na okoln\u00ed les. N\u011bkter\u00e9 z t\u011bchto staveb pojmou a\u017e \u0161est host\u016f, tak\u017ee jsou vhodn\u00e9 pro rodiny s d\u011btmi nebo mal\u00e9 firemn\u00ed pobyty, zat\u00edmco stromov\u00e9 domy od Lu\u00edse Rebela de Andrade se ty\u010d\u00ed mezi v\u011btvemi jako pocta d\u011btsk\u00fdm p\u0159edstav\u00e1m zjemn\u011bn\u00fdm architektonickou p\u0159esnost\u00ed. Ka\u017ed\u00fd tr\u00e1m a tabulka odr\u00e1\u017e\u00ed z\u00e1m\u011brnou volbu: ct\u00edt charakter krajiny, sp\u00ed\u0161e ne\u017e ji vnucovat.<\/p>\n<p>V srdci t\u00e9to stromov\u00e9 \u0159\u00ed\u0161e stoj\u00ed term\u00e1ln\u00ed l\u00e1zn\u011b, pavilon nov\u011b zrekonstruovan\u00fd \u00c1lvarem Sizou Vieirou, kter\u00fd propojuje devaten\u00e1ct\u00e9 stolet\u00ed se sou\u010dasnost\u00ed. Zde voda vyv\u011br\u00e1 ze samotn\u00e9ho zdroje, kter\u00fd dal Pedras Salgadas jeho jm\u00e9no, bohat\u00e1 na v\u00e1pn\u00edk, ho\u0159\u010d\u00edk, hydrogenuhli\u010ditan a \u0159adu stopov\u00fdch prvk\u016f absorbovan\u00fdch po desetilet\u00ed podzemn\u00edho pr\u016fchodu. Jak d\u00e9\u0161\u0165 filtruje \u017eulov\u00fdmi puklinami do hloubky dosahuj\u00edc\u00ed tis\u00edce metr\u016f, z\u00edsk\u00e1v\u00e1 jak sv\u00e9 miner\u00e1ln\u00ed bohatstv\u00ed, tak i p\u0159irozenou \u0161umivost. Kdy\u017e se znovu vyno\u0159\u00ed, ka\u017ed\u00e1 kapka nese otisk geologick\u00e9ho \u010dasu a tlaku a poskytuje koupaj\u00edc\u00edm se sled terapeutick\u00fdch z\u00e1\u017eitk\u016f \u2013 od hydromas\u00e1\u017en\u00edch v\u00fdklenk\u016f a Vichyho sprch a\u017e po term\u00e1ln\u00ed z\u00e1baly \u2013 ka\u017ed\u00fd kalibrovan\u00fd k uklidn\u011bn\u00ed sval\u016f a zti\u0161en\u00ed mysli. Kryt\u00e9 baz\u00e9ny, sauny a hammamy dotv\u00e1\u0159ej\u00ed okruh, kter\u00fd odkazuje na starobyl\u00e9 ko\u0159eny l\u00e1ze\u0148sk\u00e9 kultury stejn\u011b jako na preciznost sou\u010dasn\u00e9 wellness v\u011bdy.<\/p>\n<p>Pedras Salgadas se v\u0161ak neomezuje pouze na pasivn\u00ed odpo\u010dinek. Lesn\u00ed koruny ustupuj\u00ed s\u00edti stezek, kde se prol\u00edn\u00e1 p\u011b\u0161\u00ed turistika a cyklistika a vedou objevitele ke skryt\u00fdm pramen\u016fm a vyhl\u00eddkov\u00fdm m\u00edst\u016fm. Stromolezeck\u00e9 instalace, koncipovan\u00e9 tak, aby byly n\u00e1ro\u010dn\u00e9, ale z\u00e1rove\u0148 z\u016fstaly v harmonii s listov\u00edm, koexistuj\u00ed s tenisov\u00fdm kurtem a jezdeck\u00fdm centrem, kter\u00e9 je proslul\u00e9 sv\u00fdmi st\u00e1jemi a j\u00edzd\u00e1rnami. D\u011bti najdou sv\u00e9 \u00fato\u010di\u0161t\u011b na venkovn\u00edm h\u0159i\u0161ti a v d\u011btsk\u00e9m klubu, zat\u00edmco komplex se dv\u011bma baz\u00e9ny se samostatn\u00fdmi z\u00f3nami pro dosp\u011bl\u00e9 a mlad\u00e9 hosty vyb\u00edz\u00ed ke spole\u010dn\u00fdm chvilk\u00e1m sm\u00edchu pod \u0161ir\u00fdm nebem. Kulturn\u00ed zv\u011bdavost nach\u00e1z\u00ed sv\u00e9 uplatn\u011bn\u00ed v Muzeu z\u00e1\u017eitk\u016f Pedras, interaktivn\u00ed v\u00fdstav\u011b, kter\u00e1 mapuje cestu podzemn\u00ed vody, v\u00fdvoj parku a ritu\u00e1ly zdrav\u00ed, kter\u00e9 sem p\u0159itahuj\u00ed poutn\u00edky ji\u017e v\u00edce ne\u017e 150 let.<\/p>\n<p>J\u00eddla v restauraci Casa de Ch\u00e1 \u2013 Restaurante podtrhuj\u00ed z\u00e1vazek k region\u00e1ln\u00edm surovin\u00e1m a promy\u0161len\u00e9 prezentaci. Ve\u010dery v Baru Avelames se mohou odehr\u00e1vat u hry kule\u010dn\u00edku nebo stoln\u00edho fotbalu, tich\u00e9ho prom\u00edt\u00e1n\u00ed filmu nebo jen u tich\u00e9ho \u0161um\u011bn\u00ed konverzace pod sv\u011btlem luceren. Obchodn\u00ed setk\u00e1n\u00ed i rodinn\u00e9 oslavy se konaj\u00ed ve flexibiln\u00edch prostor\u00e1ch, kter\u00e9 mohou pojmout dvacet p\u011bt a\u017e t\u0159i sta pades\u00e1t host\u016f a nab\u00edzej\u00ed audiovizu\u00e1ln\u00ed podporu a catering na m\u00edru. Pro podporu p\u0159\u00edm\u00e9ho zapojen\u00ed zahrnuj\u00ed rezervace proveden\u00e9 prost\u0159ednictv\u00edm ofici\u00e1ln\u00edch kan\u00e1l\u016f parkov\u00e1n\u00ed, sn\u00eddani a bezdr\u00e1tov\u00fd internet, co\u017e je \u00facta k pot\u0159eb\u00e1m modern\u00edho cestovatele a p\u0159ipom\u00ednka toho, \u017ee luxus \u010dasto spo\u010d\u00edv\u00e1 v bezprobl\u00e9mov\u00e9m spojen\u00ed mal\u00fdch vymo\u017eenost\u00ed.<\/p>\n<p>Takov\u00e1 pozornost k detailu rezonuje v hlasech t\u011bch, kte\u0159\u00ed t\u011bmito cestami pro\u0161li. Ov\u011b\u0159en\u00e9 recenze host\u016f dosahuj\u00ed pr\u016fm\u011brn\u00e9ho hodnocen\u00ed 8,6 z 10 na z\u00e1klad\u011b sedmi set dvaceti t\u0159\u00ed hodnocen\u00ed, p\u0159i\u010dem\u017e zvl\u00e1\u0161tn\u00ed pochvalu si zaslou\u017e\u00ed v\u0159elost person\u00e1lu \u2013 zam\u011bstnanci dost\u00e1vaj\u00ed pozoruhodn\u00fdch 9,4 \u2013 a d\u00e1le pohodl\u00ed (9,0), polohu (9,1), \u010distotu (8,9) a dostupnost (9,0). N\u00e1v\u0161t\u011bvn\u00edci hovo\u0159\u00ed o \u201edomech uprost\u0159ed p\u0159\u00edrody\u201c a \u201e\u00fa\u017easn\u00fdch l\u00e1zn\u00edch\u201c, kter\u00e9 podporuj\u00ed samotu i spole\u010denskou atmosf\u00e9ru. Up\u0159\u00edmn\u00e1 hodnocen\u00ed v\u0161ak tak\u00e9 zd\u016fraz\u0148uj\u00ed p\u0159\u00edle\u017eitosti: n\u011bkte\u0159\u00ed host\u00e9 poznamen\u00e1vaj\u00ed, \u017ee n\u011bkter\u00e9 term\u00e1ln\u00ed prameny z\u016fst\u00e1vaj\u00ed v zim\u011b uzav\u0159eny, a nazna\u010duj\u00ed, \u017ee rekonstrukce star\u00e9 hotelov\u00e9 budovy by pos\u00edlila historick\u00e9 kontinuum parku. Sk\u00f3re pom\u011bru ceny a kvality 7,5 nazna\u010duje vn\u00edm\u00e1n\u00ed pr\u00e9miov\u00fdch cen a vyz\u00fdv\u00e1 veden\u00ed, aby zv\u00e1\u017eilo inkluzivn\u011bj\u0161\u00ed bal\u00ed\u010dky nebo sez\u00f3nn\u00ed akce, aby p\u0159esn\u011bji sladilo cenu se z\u00e1\u017eitkem.<\/p>\n<p>Zat\u00edmco l\u00e1zn\u011b a parky charakterizuje modern\u00ed luxus, \u00c1gua das Pedras p\u0159in\u00e1\u0161\u00ed stejn\u00e9ho ducha autenticity na stoly a reg\u00e1ly obchod\u016f po cel\u00e9m sv\u011bt\u011b. Zrodila se tam, kde de\u0161\u0165ov\u00e1 voda dopadne na nezne\u010di\u0161t\u011bn\u00e9 dno \u00fadol\u00ed v nadmo\u0159sk\u00e9 v\u00fd\u0161ce 580 metr\u016f, a zahajuje podzemn\u00ed cestu, kter\u00e1 m\u016f\u017ee trvat cel\u00e1 desetilet\u00ed. B\u011bhem sv\u00e9ho sestupu skrz rozpukanou \u017eulu vodu prom\u00edt\u00e1 uhli\u010dit\u00fd plyn z hlubin zem\u011b a vytv\u00e1\u0159\u00ed do n\u00ed bublinky, kter\u00e9 stoupaj\u00ed p\u0159irozen\u011b, nikoli um\u011bl\u00fdmi procesy. Po vyno\u0159en\u00ed je voda sv\u011b\u017e\u00ed a sametov\u00e1, jej\u00ed miner\u00e1ln\u00ed profil j\u00ed dod\u00e1v\u00e1 charakteristick\u00fd pocit v \u00fastech a pov\u011bst mezi znalci p\u0159irozen\u011b perliv\u00fdch pramen\u016f.<\/p>\n<p>Komer\u010dn\u00ed p\u0159\u00edb\u011bh \u00c1gua das Pedras za\u010dal v roce 1871 form\u00e1ln\u00edm vyu\u017e\u00edv\u00e1n\u00edm term\u00e1ln\u00edch pramen\u016f a o dva roky pozd\u011bji dos\u00e1hl prvn\u00edho mezin\u00e1rodn\u00edho publika ocen\u011bn\u00edm na Mezin\u00e1rodn\u00ed v\u00fdstav\u011b ve V\u00eddni. St\u00e1\u010dec\u00ed infrastruktura se objevila v roce 1893, p\u016fvodn\u011b pro l\u00e9\u010debn\u00e9 re\u017eimy, jeliko\u017e klini\u010dt\u00ed \u0159editel\u00e9 do roku 1907 kodifikovali pravidla u\u017e\u00edv\u00e1n\u00ed. Kr\u00e1lovsk\u00e9 n\u00e1v\u0161t\u011bvy kr\u00e1lovny Marie II., infanta Augusta a kr\u00e1le-man\u017eela Fernanda v roce 1884 prop\u016fj\u010dily pramen\u016fm kr\u00e1lovskou presti\u017e, p\u0159i\u010dem\u017e druh\u00fd jmenovan\u00fd byl dokonce pojmenov\u00e1n na jeho po\u010dest. Takov\u00e1 p\u0159\u00edze\u0148 pov\u00fd\u0161ila postaven\u00ed pramen\u016f mezi evropskou elitou a vytvo\u0159ila vzor presti\u017ee, kter\u00fd si zna\u010dka udr\u017euje dodnes.<\/p>\n<p>V pr\u016fb\u011bhu dvac\u00e1t\u00e9ho stolet\u00ed se zna\u010dka \u00c1gua das Pedras vyrovn\u00e1vala s promy\u0161len\u00fdm marketingem a zm\u011bnami ve vkusu spot\u0159ebitel\u016f. Slogan z roku 1970 \u2013 \u201eV\u0161echny hodiny jsou vhodn\u00e9 k pit\u00ed \u00c1gua das Pedras\u201c \u2013 vedl k \u0161ir\u0161\u00edmu p\u0159ijet\u00ed i mimo r\u00e1mec l\u00e9\u010debn\u00fdch mez\u00ed, zat\u00edmco slavnostn\u00ed otev\u0159en\u00ed high-tech st\u00e1\u010d\u00edrny v roce 1994 zajistilo kapacitu pro glob\u00e1ln\u00ed distribuci. Kampan\u011b na po\u010d\u00e1tku jednadvac\u00e1t\u00e9ho stolet\u00ed \u2013 \u201eV rovnov\u00e1ze\u201c, \u201eP\u0159in\u00e1\u0161\u00ed v\u00e1m p\u0159\u00edroda\u201c a \u201eVoda se \u017eivotem\u201c, v \u010dele s here\u010dkou Danielou Ruah \u2013 odkazovaly na rozv\u00edjej\u00edc\u00ed se wellness hnut\u00ed. Miln\u00edky, jako byla limitovan\u00e1 edice lahv\u00ed u p\u0159\u00edle\u017eitosti 150. v\u00fdro\u010d\u00ed v roce 2021 a z\u00e1\u017eitkov\u00e9 atrakce \u2013 otev\u0159en\u00ed parku v roce 2012 a muzeum z\u00e1\u017eitk\u016f Pedras v roce 2018 \u2013 prom\u011bnily zna\u010dku z komodity v \u017eivotn\u00ed styl a vyzvaly spot\u0159ebitele, aby se do p\u0159\u00edb\u011bhu zapojili, a ne aby z n\u011bj jen usrk\u00e1vali.<\/p>\n<p>Nap\u0159\u00ed\u010d ro\u010dn\u00edmi obdob\u00edmi udr\u017euje souhra vody a lesa, d\u011bdictv\u00ed a designu kouzlo Pedras Salgadas. Jeho p\u016fvodn\u00ed kamenn\u00e9 chaty a fas\u00e1dy pansk\u00fdch dom\u016f z\u016fst\u00e1vaj\u00ed jako p\u0159ipom\u00ednky minul\u00fdch dob, jejich om\u0161el\u00e9 zdi kontrastuj\u00ed s \u010dist\u00fdmi liniemi d\u0159ev\u011bn\u00fdch bungalov\u016f a pavilon\u016f se sklen\u011bn\u00fdmi st\u011bnami. Udr\u017eiteln\u00e9 postupy \u2013 zachycov\u00e1n\u00ed de\u0161\u0165ov\u00e9 vody, sol\u00e1rn\u00ed panely a geoterm\u00e1ln\u00ed vyt\u00e1p\u011bn\u00ed \u2013 koexistuj\u00ed s \u00fasil\u00edm o ochranu p\u016fvodn\u00ed fl\u00f3ry a fauny, co\u017e zaji\u0161\u0165uje, \u017ee budoucnost parku je stejn\u011b jist\u00e1 jako jeho bohat\u00e1 minulost. Iniciativa veden\u00ed s n\u00e1zvem Giving Back, zah\u00e1jen\u00e1 v roce 2019, sm\u011b\u0159uje \u010d\u00e1st v\u00fdt\u011b\u017eku do m\u00edstn\u00edch environment\u00e1ln\u00edch a soci\u00e1ln\u00edch projekt\u016f, zat\u00edmco \u00e9tos \u201eNechte p\u0159\u00edrodu, a\u0165 se o v\u00e1s postar\u00e1\u201c, zaveden\u00fd v roce 2020, zd\u016fraz\u0148uje filozofii, v n\u00ed\u017e je lidsk\u00fd blahobyt neodd\u011bliteln\u00fd od zdrav\u00ed ekosyst\u00e9mu.<\/p>\n<p>Pedras Salgadas v kone\u010dn\u00e9m d\u016fsledku p\u0159edstavuje vzor toho, jak se kulturn\u00ed d\u011bdictv\u00ed a sou\u010dasn\u00e1 p\u00e9\u010de mohou spojit a vy\u017eivovat t\u011blo i ducha. Jeho miner\u00e1ln\u00ed vody, pomalu protla\u010dovan\u00e9 hlubinami zem\u011b po cel\u00e9 \u017eivoty, odr\u00e1\u017eej\u00ed vlastn\u00ed zr\u00e1n\u00ed za\u0159\u00edzen\u00ed \u2013 od kr\u00e1lovsk\u00e9ho \u00fato\u010di\u0161t\u011b k modern\u00ed wellness destinaci. A\u0165 u\u017e host vyhled\u00e1v\u00e1 soun\u00e1le\u017eitost lesn\u00edch cest, regenera\u010dn\u00ed kol\u00e9bku term\u00e1ln\u00edch l\u00e1zn\u00ed, prost\u00e9 pot\u011b\u0161en\u00ed ze sklenky perliv\u00e9 pramenit\u00e9 vody nebo spole\u010dn\u00fd sm\u00edch rodinn\u00fdch setk\u00e1n\u00ed, Pedras Salgadas nab\u00edz\u00ed trval\u00fd dialog mezi minulost\u00ed a p\u0159\u00edtomnost\u00ed. V tomto rozhovoru ka\u017ed\u00fd krok po stezk\u00e1ch lemovan\u00fdch mechem a ka\u017ed\u00fd dou\u0161ek p\u0159irozen\u011b perliv\u00e9 vody potvrzuje starod\u00e1vnou pravdu: \u017ee na\u0161e nejcenn\u011bj\u0161\u00ed zdroje proud\u00ed pod povrchem a \u010dekaj\u00ed na promy\u0161len\u00e9 hospoda\u0159en\u00ed, kter\u00e9 je vynese na sv\u011btlo.<\/p>","protected":false},"excerpt":{"rendered":"<p>Pedras Salgadas, mal\u00e9 l\u00e1ze\u0148sk\u00e9 m\u011bsto le\u017e\u00edc\u00ed v okrese Vila Real v severn\u00edm Portugalsku, m\u00e1 omezen\u00fd po\u010det obyvatel, co\u017e zvy\u0161uje jeho klidn\u00e9 prost\u0159ed\u00ed. Asi 37 kilometr\u016f severn\u011b od okresn\u00edho \u0159editelstv\u00ed si toto m\u011bste\u010dko z\u00edskalo uzn\u00e1n\u00ed pro sv\u00e9 unik\u00e1tn\u00ed miner\u00e1ln\u00ed prameny, kter\u00e9 dnes ur\u010duj\u00ed jeho charakter a ekonomiku.<\/p>","protected":false},"author":1,"featured_media":17474,"parent":12065,"menu_order":0,"comment_status":"closed","ping_status":"closed","template":"elementor_theme","meta":{"_eb_attr":"","footnotes":""},"class_list":["post-17002","page","type-page","status-publish","has-post-thumbnail"],"_links":{"self":[{"href":"https:\/\/travelshelper.com\/cs\/wp-json\/wp\/v2\/pages\/17002","targetHints":{"allow":["GET"]}}],"collection":[{"href":"https:\/\/travelshelper.com\/cs\/wp-json\/wp\/v2\/pages"}],"about":[{"href":"https:\/\/travelshelper.com\/cs\/wp-json\/wp\/v2\/types\/page"}],"author":[{"embeddable":true,"href":"https:\/\/travelshelper.com\/cs\/wp-json\/wp\/v2\/users\/1"}],"replies":[{"embeddable":true,"href":"https:\/\/travelshelper.com\/cs\/wp-json\/wp\/v2\/comments?post=17002"}],"version-history":[{"count":0,"href":"https:\/\/travelshelper.com\/cs\/wp-json\/wp\/v2\/pages\/17002\/revisions"}],"up":[{"embeddable":true,"href":"https:\/\/travelshelper.com\/cs\/wp-json\/wp\/v2\/pages\/12065"}],"wp:featuredmedia":[{"embeddable":true,"href":"https:\/\/travelshelper.com\/cs\/wp-json\/wp\/v2\/media\/17474"}],"wp:attachment":[{"href":"https:\/\/travelshelper.com\/cs\/wp-json\/wp\/v2\/media?parent=17002"}],"curies":[{"name":"wp","href":"https:\/\/api.w.org\/{rel}","templated":true}]}}