{"id":16989,"date":"2024-09-24T16:50:33","date_gmt":"2024-09-24T16:50:33","guid":{"rendered":"https:\/\/travelshelper.com\/staging\/?page_id=16989"},"modified":"2026-03-12T19:43:13","modified_gmt":"2026-03-12T19:43:13","slug":"serra-de-monchique","status":"publish","type":"page","link":"https:\/\/travelshelper.com\/cs\/destinations\/europe\/portugal\/serra-de-monchique\/","title":{"rendered":"Serra de Monchique"},"content":{"rendered":"<p>Serra de Monchique se prudce zved\u00e1 z zvln\u011bn\u00fdch pl\u00e1n\u00ed z\u00e1padn\u00edho Algarve, kompaktn\u00edho horsk\u00e9ho \u0159et\u011bzce le\u017e\u00edc\u00edho zhruba dvacet kilometr\u016f ve vnitrozem\u00ed, kter\u00fd se p\u0159esto \u0159ad\u00ed mezi nejv\u00fdznamn\u011bj\u0161\u00ed vrcholy ji\u017en\u00edho Portugalska. Jeho nejvy\u0161\u0161\u00ed vrchol, F\u00f3ia, dosahuje 902 metr\u016f nad mo\u0159em a le\u017e\u00ed v nadmo\u0159sk\u00e9 v\u00fd\u0161ce 172,69 kilometru, co\u017e z n\u011bj \u010din\u00ed nejvy\u0161\u0161\u00ed bod Algarve a jeden z nejosam\u011blej\u0161\u00edch vrchol\u016f Portugalska. Druh\u00fd nejvy\u0161\u0161\u00ed bod, Picota, dosahuje 774 metr\u016f, co\u017e dod\u00e1v\u00e1 hloubce skromn\u00e9mu, ale pozoruhodn\u00e9mu profilu poho\u0159\u00ed. Roztrou\u0161en\u00e1 po jeho svaz\u00edch a \u00fadol\u00edch si mal\u00e1, rozpt\u00fdlen\u00e1 populace udr\u017euje stalet\u00ed star\u00e1 pouta k tomuto ter\u00e9nu, kde se geografie, geologie, fl\u00f3ra a fauna prol\u00ednaj\u00ed a vytv\u00e1\u0159ej\u00ed m\u00edsto s jedine\u010dn\u00fdm charakterem.<\/p>\n<p>Status poho\u0159\u00ed jako nejjihoz\u00e1padn\u011bj\u0161\u00edho horsk\u00e9ho p\u00e1su Pyrenejsk\u00e9ho poloostrova podtrhuje jeho jedine\u010dnou identitu. Zde se s nadmo\u0159skou v\u00fd\u0161kou sb\u00edh\u00e1 m\u00edrn\u00fd vliv Atlantiku. P\u0159evl\u00e1daj\u00ed vlhk\u00e9 subtropick\u00e9 podm\u00ednky s pr\u016fm\u011brn\u00fdmi ro\u010dn\u00edmi sr\u00e1\u017ekami mezi 1 000 a 2 000 milimetry. M\u00edrn\u00e9 teploty a dostatek vlhkosti udr\u017euj\u00ed bujnou vegetaci, kter\u00e1 je typi\u010dt\u011bj\u0161\u00ed pro m\u00edrn\u00e9 oblasti ne\u017e pro b\u011b\u017en\u011b such\u00e9 prost\u0159ed\u00ed Algarve. Dub monchique a dub lesn\u00ed se da\u0159\u00ed vedle druh\u016f, kter\u00e9 se vyskytuj\u00ed jen z\u0159\u00eddka tak daleko na jihu \u2013 ka\u0161tany, portugalsk\u00e9 duby a mohutn\u00fd dub roble zdob\u00ed svahy a evokuj\u00ed zalesn\u011bnou \u0159\u00ed\u0161i v kontrastu s n\u00ed\u017einami.<\/p>\n<p>Tyto lesy v\u0161ak byly lidskou \u010dinnost\u00ed hluboce pozm\u011bn\u011bny. V polovin\u011b 70. let 20. stolet\u00ed byly rozs\u00e1hl\u00e9 plochy p\u016fvodn\u00edch les\u016f p\u0159em\u011bn\u011bny na plant\u00e1\u017ee eukalyptu, borovice a ak\u00e1tu. A\u010dkoli tyto rychle rostouc\u00ed stromy podporuj\u00ed komer\u010dn\u00ed c\u00edle a pr\u016fmysl celul\u00f3zy, vyb\u00edraj\u00ed si vysokou ekologickou da\u0148: vy\u010derp\u00e1vaj\u00ed z\u00e1soby podzemn\u00ed vody, potla\u010duj\u00ed biodiverzitu podrostu a vytv\u00e1\u0159ej\u00ed prost\u0159ed\u00ed, ve kter\u00e9m kdysi trval\u00e9 potoky po v\u011bt\u0161inu roku vysychaj\u00ed. P\u0159echod od p\u016fvodn\u00edch les\u016f k lesnictv\u00ed zam\u011b\u0159en\u00e9mu na tr\u017en\u00ed plodiny naru\u0161il rovnov\u00e1hu, kter\u00e1 udr\u017eovala fl\u00f3ru i faunu, a endemick\u00e9 druhy se tak staly zraniteln\u00fdmi a m\u00edstn\u00ed vodn\u00ed toky se zmen\u0161ily.<\/p>\n<p>Mezi komunitami, kter\u00e9 tyto kopce \u017eiv\u00ed, prop\u016fj\u010duje Monchique sv\u00e9 jm\u00e9no cel\u00e9mu poho\u0159\u00ed. M\u011bsto, zasazen\u00e9 uprost\u0159ed zelen\u00fdch svah\u016f, je d\u016fkazem trval\u00e9 kulturn\u00ed kontinuity. Jeho \u00fazk\u00e9 uli\u010dky, ob\u00edlen\u00e9 fas\u00e1dy a \u017eulou dl\u00e1\u017ed\u011bn\u00e1 n\u00e1m\u011bst\u00ed sv\u011bd\u010d\u00ed o generac\u00edch, kter\u00e9 se \u017eivily zem\u011bd\u011blstv\u00edm, lesnictv\u00edm a l\u00e9\u010div\u00fdmi vodami t\u011bchto hor. Nedaleko se nach\u00e1z\u00ed l\u00e1ze\u0148sk\u00e9 m\u011bsto Caldas de Monchique, kter\u00e9 vyu\u017e\u00edv\u00e1 geoterm\u00e1ln\u00edch pramen\u016f, o nich\u017e se \u0159\u00edk\u00e1, \u017ee maj\u00ed l\u00e9\u010div\u00e9 vlastnosti. Kaple, zasazen\u00e1 do porost\u016f magn\u00f3lie \u2013 mezi nimi\u017e se nach\u00e1z\u00ed i ta nejv\u011bt\u0161\u00ed v Evrop\u011b \u2013 m\u00e1 v\u00fdhled na term\u00e1ln\u00ed komplex a park s bujnou vegetac\u00ed, kter\u00e1 se da\u0159\u00ed d\u00edky vlhkosti i \u00farodn\u00fdm p\u016fd\u00e1m poch\u00e1zej\u00edc\u00edm z magmatick\u00e9 horniny.<\/p>\n<p>Tyto p\u016fdy vd\u011b\u010d\u00ed za svou bohatost foyaitu, m\u00edstn\u00ed odr\u016fd\u011b nefelinick\u00e9ho syenitu pojmenovan\u00e9 podle typov\u00e9 lokality ve F\u00f3ii. Serra de Monchique je sou\u010d\u00e1st\u00ed pozdn\u011b k\u0159\u00eddov\u00e9 ibersk\u00e9 alkalick\u00e9 magmatick\u00e9 provincie, geologick\u00e9 provincie, kter\u00e1 spojuje pevninsk\u00e9 intruze s pob\u0159e\u017en\u00edmi \u00fatvary, jako je podmo\u0159sk\u00e1 hora Mount Ormonde v Gorringe Bank. Samotn\u00e1 intruze Monchique se rozkl\u00e1d\u00e1 na plo\u0161e p\u0159ibli\u017en\u011b 63 kilometr\u016f \u010dtvere\u010dn\u00edch a je \u010dtvrt\u00fdm nejv\u011bt\u0161\u00edm dosud zdokumentovan\u00fdm miaskitick\u00fdm nefelinicko-syenitick\u00fdm t\u011blesem. Jej\u00ed \u0161iroce lakolitick\u00e1 forma se odvozuje od jej\u00edho hladk\u00e9ho kontaktu s obklopuj\u00edc\u00ed formac\u00ed Breijera, kde se v rozeklan\u00fdch v\u00fdchozech vyno\u0159uj\u00ed psamit, b\u0159idlice a sl\u00edn.<\/p>\n<p>V j\u00e1dru poho\u0159\u00ed se pegmatity podobn\u00e9ho foyaitov\u00e9ho slo\u017een\u00ed objevuj\u00ed na dvou odli\u0161n\u00fdch lokalit\u00e1ch, zat\u00edmco p\u0159idru\u017een\u00fd roj lamprofyr\u016f a pikrit\u016f vy\u010dn\u00edv\u00e1 t\u00e9m\u011b\u0159 t\u0159i kilometry od F\u00f3ie. Tyto \u00fatvary nab\u00edzej\u00ed pohled na plutonick\u00e9 a vulkanick\u00e9 s\u00edly, kter\u00e9 formovaly skaln\u00ed podlo\u017e\u00ed regionu b\u011bhem ub\u00fdvaj\u00edc\u00ed k\u0159\u00eddy. Na z\u00e1pad\u011b vytes\u00e1v\u00e1 \u010dlenit\u00fd reli\u00e9f formace Breijera dramatick\u00e9 rokle a strm\u00e9 ka\u0148ony, jejich\u017e hol\u00e9 vrstvy psamitu a sl\u00ednu ost\u0159e kontrastuj\u00ed s hlad\u0161\u00edmi svahy syenitov\u00fdch hor.<\/p>\n<p>Z hydrologick\u00e9ho hlediska slou\u017e\u00ed Serra de Monchique jako zdroj n\u011bkolika hlavn\u00edch \u0159ek Algarve. Ribeira de Seixe, Ribeira de Aljezur (zn\u00e1m\u00e1 tak\u00e9 jako da Cerca) a Ribeira de Odi\u00e1xere, spolu s men\u0161\u00edmi potoky, jako jsou Ribeira de Monchique a Ribeira de Boina, v\u0161echny pramen\u00ed v jej\u00edch vrchovin\u00e1ch. Tyto vodn\u00ed toky nejen zavla\u017euj\u00ed zem\u011bd\u011blstv\u00ed v doln\u00edch toc\u00edch, ale tak\u00e9 vy\u017eivuj\u00ed b\u0159ehov\u00e9 ekosyst\u00e9my. Historicky mnoho z t\u011bchto potok\u016f teklo celoro\u010dn\u011b; od intenzifikace p\u011bstov\u00e1n\u00ed eukalypt\u016f v roce 1976 v\u0161ak \u010dasto vysychaj\u00ed a region\u00e1ln\u00ed hladina podzemn\u00ed vody vykazuje v\u00fdrazn\u00fd pokles, co\u017e ohro\u017euje jak lidsk\u00e9, tak ekologick\u00e9 komunity.<\/p>\n<p>Serra de Monchique chr\u00e1n\u00ed fl\u00f3ru a faunu, kter\u00e9 jsou z hlediska ochrany velmi d\u016fle\u017eit\u00e9. Orel b\u011blohlav\u00fd, majest\u00e1tn\u00ed drav\u00fd pt\u00e1k, jeho\u017e loveck\u00fd are\u00e1l kdysi zahrnoval velkou \u010d\u00e1st ji\u017en\u00ed Evropy, nyn\u00ed \u010del\u00ed lok\u00e1ln\u00edmu vyhuben\u00ed, proto\u017ee ub\u00fdv\u00e1 vhodn\u00fdch hn\u00edzdi\u0161\u0165 a ko\u0159ist se st\u00e1v\u00e1 vz\u00e1cnou. Podobn\u011b ohro\u017een je ibersk\u00fd smaragdov\u00fd je\u0161t\u011br, jasn\u011b zbarven\u00fd \u0161upinovit\u00fd druh, kter\u00fd je z\u00e1visl\u00fd na chladn\u011bj\u0161\u00edm a vlh\u010d\u00edm mikroklimatu zalesn\u011bn\u00fdch svah\u016f poho\u0159\u00ed. Oba druhy, mimo jin\u00e9, jsou chr\u00e1n\u011bny sm\u011brnicemi Evropsk\u00e9 unie a oblast je ozna\u010dena jako lokalita Natura 2000 PTCON0037, kter\u00e1 je zaps\u00e1na jako zvl\u00e1\u0161t\u011b chr\u00e1n\u011bn\u00e1 oblast pro pt\u00e1ky a lokalita v\u00fdznamn\u00e1 pro Spole\u010denstv\u00ed z hlediska biotop\u016f.<\/p>\n<p>A\u010dkoli ozna\u010den\u00ed Natura 2000 poskytuje pr\u00e1vn\u00ed r\u00e1mec pro ochranu p\u0159\u00edrody, efektivn\u00ed spr\u00e1va z\u016fst\u00e1v\u00e1 velkou v\u00fdzvou. Hydrologick\u00fd stres zp\u016fsoben\u00fd nep\u016fvodn\u00edmi plant\u00e1\u017eemi nad\u00e1le podkop\u00e1v\u00e1 pob\u0159e\u017en\u00ed koridory. Vy\u010derp\u00e1v\u00e1n\u00ed podzemn\u00edch vod zvy\u0161uje riziko lesn\u00edch po\u017e\u00e1r\u016f a sni\u017euje \u00farodnost p\u016fdy. Inherentn\u00ed odolnost dubu monchiquesk\u00e9ho a dubu letn\u00edho, spolu s oblastmi ka\u0161tann\u00edku a portugalsk\u00e9ho dubu, v\u0161ak nab\u00edz\u00ed z\u00e1klad, na kter\u00e9m by se mohlo stav\u011bt \u00fasil\u00ed o obnovu. M\u00edstn\u00ed iniciativy na nahrazen\u00ed eukalyptov\u00fdch porost\u016f p\u016fvodn\u00edmi druhy a na zalesn\u011bn\u00ed pob\u0159e\u017en\u00edch ochrann\u00fdch p\u00e1s\u016f sice za\u010daly, ale pokrok je jen postupn\u00fd.<\/p>\n<p>Navzdory t\u011bmto tlak\u016fm si Serra de Monchique zachov\u00e1v\u00e1 t\u00e9m\u011b\u0159 hmatateln\u00fd pocit m\u00edsta. Jeho vrcholy nab\u00edzej\u00ed panoramatick\u00e9 v\u00fdhledy na Atlantik a pob\u0159e\u017en\u00ed pl\u00e1n\u011b Algarve; za \u00fasvitu se v \u00fadol\u00edch \u010dasto shlukuje mlha, kter\u00e1 scen\u00e9rii dod\u00e1v\u00e1 tichou vzne\u0161enost. Ty\u010d\u00edc\u00ed se magn\u00f3lie Caldas de Monchique stoj\u00ed jako tich\u00fd sv\u011bdek prol\u00edn\u00e1n\u00ed geologie, klimatu a lidsk\u00fdch d\u011bjin. Pod jeho v\u011btvemi p\u0159itahuj\u00ed miner\u00e1ln\u00ed prameny n\u00e1v\u0161t\u011bvn\u00edky od starov\u011bku, jejich\u017e voda vyv\u011br\u00e1 z rozpukan\u00e9 horniny zah\u0159\u00e1t\u00e9 v hloubce.<\/p>\n<p>Vitalita tohoto regionu z\u00e1vis\u00ed na rovnov\u00e1ze mezi vyu\u017eit\u00edm a ochranou p\u0159\u00edrody. \u00darodn\u00e9 p\u016fdy \u2013 \u017eiven\u00e9 vlhk\u00fdmi subtropick\u00fdmi de\u0161ti a nerostn\u00fdm bohatstv\u00edm foyaitu \u2013 podporuj\u00ed jak tradi\u010dn\u00ed sady, tak rozv\u00edjej\u00edc\u00ed se zem\u011bd\u011blstv\u00ed s n\u00edzk\u00fdm dopadem na \u017eivotn\u00ed prost\u0159ed\u00ed. Agrolesn\u00ed modely, kter\u00e9 prokl\u00e1daj\u00ed p\u016fvodn\u00ed duby s ovocn\u00fdmi stromy a olivovn\u00edky, slibuj\u00ed udr\u017eitelnost ob\u017eivy a z\u00e1rove\u0148 zvy\u0161uj\u00ed biodiverzitu. S r\u016fstem cestovn\u00edho ruchu zam\u011b\u0159en\u00e9ho na p\u0159\u00edrodu a wellness \u010del\u00ed z\u00fa\u010dastn\u011bn\u00e9 strany \u00fakolu p\u0159ij\u00edmat n\u00e1v\u0161t\u011bvn\u00edky, ani\u017e by naru\u0161ily samotn\u00e9 vlastnosti, kter\u00e9 hory o\u017eivuj\u00ed.<\/p>\n<p>Serra de Monchique ve sv\u00e9m j\u00e1dru zt\u011bles\u0148uje souhru p\u0159\u00edrodn\u00edch sil a lidsk\u00e9ho \u00fasil\u00ed. Jej\u00ed \u017eulov\u00e9 stezky a stinn\u00e9 chodn\u00edky sleduj\u00ed stezky vyhlouben\u00e9 geologick\u00fdmi ot\u0159esy, ale z\u00e1rove\u0148 sleduj\u00ed stopy generac\u00ed, kter\u00e9 t\u011b\u017eily d\u0159evo, obd\u011bl\u00e1valy vinice a hledaly \u00fat\u011bchu v term\u00e1ln\u00edch baz\u00e9nech. \u0158eky, kter\u00e9 zde pramen\u00ed, nesou p\u0159\u00edb\u011bh t\u011bchto v\u00fd\u0161in do rovin a spojuj\u00ed vrchoviny s pob\u0159e\u017e\u00edm. V\u00fdzvou do budoucna je zachov\u00e1n\u00ed integrity geologie, hydrologie a ekologie a z\u00e1rove\u0148 udr\u017een\u00ed kulturn\u00edch tradic, kter\u00e9 prop\u016fj\u010duj\u00ed poho\u0159\u00ed jeho identitu.<\/p>\n<p>Vl\u00e1kna sope\u010dn\u00e9 historie, lesn\u00ed ekologie a lidsk\u00e9ho os\u00eddlen\u00ed jsou neodd\u011bliteln\u00e1. Zachov\u00e1n\u00ed jedine\u010dn\u00fdch ekosyst\u00e9m\u016f \u2013 od ka\u0161tanov\u00fdch h\u00e1j\u016f a\u017e po hn\u00edzdi\u0161t\u011b orl\u016f \u2013 vy\u017eaduje z\u00e1vazek k odvr\u00e1cen\u00ed \u0161kodliv\u00e9ho vyu\u017e\u00edv\u00e1n\u00ed p\u016fdy a k p\u00e9\u010di o p\u016fvodn\u00ed lesy. Propojen\u00edm ochrany p\u0159\u00edrody s udr\u017eiteln\u00fdmi zdroji ob\u017eivy a v\u011bdom\u00fdm cestovn\u00edm ruchem m\u016f\u017ee region zachovat sv\u00e9 lesy ve vlhk\u00e9m podneb\u00ed, trval\u00e9 potoky a term\u00e1ln\u00ed prameny. T\u00edm se zajist\u00ed, \u017ee vrcholy F\u00f3ia a Picota z\u016fstanou nejen geologick\u00fdmi pam\u00e1tkami, ale i \u017eivou krajinou, kde se nad\u00e1le odv\u00edj\u00ed hlubok\u00fd \u010das p\u0159\u00edrody a lidsk\u00e9 d\u011bjiny.<\/p>","protected":false},"excerpt":{"rendered":"<p>Serra de Monchique je prominentn\u00ed poho\u0159\u00ed nach\u00e1zej\u00edc\u00ed se v z\u00e1padn\u00ed oblasti Algarve v Portugalsku, p\u0159ibli\u017en\u011b 20 kilometr\u016f ve vnitrozem\u00ed od pob\u0159e\u017e\u00ed. Na jihoz\u00e1pad\u011b Pyrenejsk\u00e9ho poloostrova tvo\u0159\u00ed tento \u00fa\u017easn\u00fd geologick\u00fd \u00fatvar \u2013 domov pro malou populaci rozpt\u00fdlenou po jeho svaz\u00edch a \u00fadol\u00edch \u2013 p\u0159\u00edrodn\u00ed pam\u00e1tku.<\/p>","protected":false},"author":1,"featured_media":17473,"parent":12065,"menu_order":0,"comment_status":"closed","ping_status":"closed","template":"elementor_theme","meta":{"_eb_attr":"","footnotes":""},"class_list":["post-16989","page","type-page","status-publish","has-post-thumbnail"],"_links":{"self":[{"href":"https:\/\/travelshelper.com\/cs\/wp-json\/wp\/v2\/pages\/16989","targetHints":{"allow":["GET"]}}],"collection":[{"href":"https:\/\/travelshelper.com\/cs\/wp-json\/wp\/v2\/pages"}],"about":[{"href":"https:\/\/travelshelper.com\/cs\/wp-json\/wp\/v2\/types\/page"}],"author":[{"embeddable":true,"href":"https:\/\/travelshelper.com\/cs\/wp-json\/wp\/v2\/users\/1"}],"replies":[{"embeddable":true,"href":"https:\/\/travelshelper.com\/cs\/wp-json\/wp\/v2\/comments?post=16989"}],"version-history":[{"count":0,"href":"https:\/\/travelshelper.com\/cs\/wp-json\/wp\/v2\/pages\/16989\/revisions"}],"up":[{"embeddable":true,"href":"https:\/\/travelshelper.com\/cs\/wp-json\/wp\/v2\/pages\/12065"}],"wp:featuredmedia":[{"embeddable":true,"href":"https:\/\/travelshelper.com\/cs\/wp-json\/wp\/v2\/media\/17473"}],"wp:attachment":[{"href":"https:\/\/travelshelper.com\/cs\/wp-json\/wp\/v2\/media?parent=16989"}],"curies":[{"name":"wp","href":"https:\/\/api.w.org\/{rel}","templated":true}]}}