{"id":16909,"date":"2024-09-24T13:14:14","date_gmt":"2024-09-24T13:14:14","guid":{"rendered":"https:\/\/travelshelper.com\/staging\/?page_id=16909"},"modified":"2026-03-12T19:32:20","modified_gmt":"2026-03-12T19:32:20","slug":"jelenia-gora","status":"publish","type":"page","link":"https:\/\/travelshelper.com\/cs\/destinations\/europe\/poland\/jelenia-gora\/","title":{"rendered":"Jelenia G\u00f3ra"},"content":{"rendered":"<p>Jelenia G\u00f3ra, m\u011bsto s 77 366 obyvateli (v roce 2021), se nach\u00e1z\u00ed v severn\u00ed kotlin\u011b Jelen\u00ed hory v jihoz\u00e1padn\u00edm Polsku, le\u017e\u00edc\u00ed v Dolnoslezsk\u00e9m vojvodstv\u00ed a st\u00edn\u011bn\u00e9 h\u0159ebenem Krkono\u0161 pod\u00e9l \u010desk\u00fdch hranic. Toto historick\u00e9 os\u00eddlen\u00ed, jeho\u017e po\u010d\u00e1tky sahaj\u00ed a\u017e do des\u00e1t\u00e9ho stolet\u00ed a form\u00e1ln\u011b zalo\u017een\u00e9 v roce 1288, p\u0159itahuje pozornost jak jako s\u00eddlo Krkono\u0161sk\u00e9ho okresu, tak jako samostatn\u00e1 m\u011bstsk\u00e1 gmina. Jeho okol\u00ed zahrnuje \u00factyhodnou l\u00e1ze\u0148skou oblast Cieplice \u015al\u0105skie-Zdr\u00f3j a zelen\u00e9 parky, kter\u00e9 dohromady tvo\u0159\u00ed jednu z nejcenn\u011bj\u0161\u00edch rekrea\u010dn\u00edch oblast\u00ed Polska.<\/p>\n<p>Od prvn\u00edch zm\u00ednek o lesn\u00edch m\u00fdtin\u00e1ch a skromn\u00e9 \u200b\u200bzem\u011bd\u011blsk\u00e9 osad\u011b se Jelen\u00ed Hora vyno\u0159ovala na k\u0159i\u017eovatce st\u0159edov\u011bk\u00fdch obchodn\u00edch cest spojuj\u00edc\u00edch Svatou \u0159\u00ed\u0161i \u0159\u00edmskou a \u010cechy s v\u00fdchodn\u00ed Evropou. Tyto obchodn\u00ed tepny poskytovaly privilegia, kter\u00e1 v pozdn\u00edm st\u0159edov\u011bku podporovala prosperuj\u00edc\u00ed tkalcovsk\u00fd a t\u011b\u017eebn\u00ed pr\u016fmysl. Obchodn\u00ed karavany nalo\u017een\u00e9 l\u00e1tkami a rudou formovaly ekonomiku m\u011bsta a podn\u00edtily stavbu opevn\u011bn\u00fdch bran, jako je nap\u0159\u00edklad Wojanowsk\u00e1 v\u011b\u017e a br\u00e1na, jej\u00ed\u017e st\u0159edov\u011bk\u00e1 ba\u0161ta kdysi regulovala pr\u016fjezd do Wojanowa. A\u010dkoli prudk\u00e1 bou\u0159e v roce 1480 srazila jej\u00ed v\u011b\u017e a poh\u0159bila p\u011bt du\u0161\u00ed pod troskami, rekonstrukce rychle obnovila jej\u00ed siluetu, korunovanou lucernovou kupol\u00ed a hodinami. Jej\u00ed pil\u00ed\u0159e zdob\u00ed heraldick\u00e9 znaky \u2013 prusk\u00fd, slezsk\u00fd a m\u011bstsk\u00fd. Br\u00e1na, demontovan\u00e1 v roce 1869, aby slou\u017eila jako vojensk\u00e1 kas\u00e1rna, byla po restaurov\u00e1n\u00ed v roce 1998 vr\u00e1cena na sv\u00e9 p\u016fvodn\u00ed m\u00edsto a dodnes stoj\u00ed jako jedin\u00fd p\u0159e\u017eiv\u0161\u00ed obrann\u00fd okruh m\u011bsta a je sv\u011bdkem stalet\u00ed konflikt\u016f a obnovy.<\/p>\n<p>Jelen\u00ed Hora se s p\u0159\u00edlivy a odlivy evropsk\u00fdch d\u011bjin st\u0159\u00eddav\u011b rozv\u00edjela. M\u011bsto p\u0159e\u017eilo pusto\u0161en\u00ed t\u0159icetilet\u00e9 v\u00e1lky a b\u011bhem slezsk\u00fdch v\u00e1lek se jeho strategick\u00fd v\u00fdznam znovu probudil. Na\u0161t\u011bst\u00ed jeho historick\u00e9 j\u00e1dro p\u0159e\u017eilo druhou sv\u011btovou v\u00e1lku z velk\u00e9 \u010d\u00e1sti neporu\u0161en\u00e9, i kdy\u017e se jeho populace pod vlivem nucen\u00fdch prac\u00ed a p\u0159\u00edlivu uprchl\u00edk\u016f zv\u00fd\u0161ila z p\u0159ibli\u017en\u011b 35 000 na 140 000. Po roce 1945 odchod n\u011bmeck\u00fdch obyvatel na z\u00e1klad\u011b Postupimsk\u00e9 dohody sn\u00ed\u017eil po\u010det obyvatel na 39 000. N\u00e1sledn\u00e9 roz\u0161\u00ed\u0159en\u00ed v roce 1975, kter\u00e9 anektovalo okoln\u00ed m\u011bsta \u2013 zejm\u00e9na l\u00e1ze\u0148skou osadu Cieplice \u2013 zv\u00fd\u0161ilo celkov\u00fd po\u010det obyvatel na 80 000, p\u0159i\u010dem\u017e toto \u010d\u00edslo dos\u00e1hlo vrcholu v roce 1996 na 93 570, ne\u017e postupn\u011b kleslo na 75 794 v roce 2022.<\/p>\n<p>Architektonick\u00fdm srdcem m\u011bsta z\u016fst\u00e1v\u00e1 jeho tr\u017ei\u0161t\u011b, kde barokn\u00ed \u010din\u017eovn\u00ed domy lemuj\u00ed ark\u00e1dov\u00e9 ulice a sb\u00edhaj\u00ed se k honosn\u00e9 radnici postaven\u00e9 v letech 1744 a\u017e 1749. N\u00e1m\u011bst\u00ed, p\u016fvodn\u011b obklopen\u00e9 obchodn\u00edmi st\u00e1nky, sloupov\u00e9 fas\u00e1dy p\u0159ipom\u00ednaj\u00ed \u00e9ru rozs\u00e1hl\u00e9ho obchodu, kterou p\u0159ipom\u00edn\u00e1 font\u00e1na zakon\u010den\u00e1 sochou Neptuna, \u0159\u00edmsk\u00e9ho boha mo\u0159e, evokuj\u00edc\u00ed kdysi pulzuj\u00edc\u00ed z\u00e1mo\u0159sk\u00fd obchod Jelen\u00ed Hory. Sousedn\u00ed budovy \u2013 hovorov\u011b naz\u00fdvan\u00e9 Sedm dom\u016f \u2013 byly na po\u010d\u00e1tku dvac\u00e1t\u00e9ho stolet\u00ed za\u010dlen\u011bny do radnice, \u010d\u00edm\u017e se zv\u011bt\u0161ily m\u011bstsk\u00e9 s\u00edn\u011b uvnit\u0159 zd\u00ed prodchnut\u00fdch provin\u010dn\u00ed vzne\u0161enost\u00ed.<\/p>\n<p>Za tr\u017ei\u0161t\u011bm stoj\u00ed bazilika sv. Erasma a sv. Pankratia jako sv\u011bdectv\u00ed o \u010dty\u0159ech stalet\u00edch oddanosti. Tato trojlodn\u00ed kamenn\u00e1 stavba, zalo\u017een\u00e1 ve \u010dtrn\u00e1ct\u00e9m stolet\u00ed a p\u0159estav\u011bn\u00e1 v patn\u00e1ct\u00e9m, se ty\u010d\u00ed pod ty\u010d\u00edc\u00ed se v\u011b\u017e\u00ed. Jej\u00ed ji\u017en\u00ed port\u00e1l, vytesan\u00fd s gotickou preciznost\u00ed, l\u00e1k\u00e1 k prozkoum\u00e1n\u00ed jemn\u00fdch kru\u017eeb a plastik. Uvnit\u0159 lad\u00ed renesan\u010dn\u00ed a barokn\u00ed dopl\u0148ky s stroh\u00fdmi klenbami. Dv\u011b hrobov\u00e9 kaple ze sedmn\u00e1ct\u00e9ho a osmn\u00e1ct\u00e9ho stolet\u00ed prot\u00ednaj\u00ed boky lodi, jejich\u017e st\u011bny jsou zdobeny v\u00edce ne\u017e dvaceti epitafy a n\u00e1hrobky. Kazatelna, vytesan\u00e1 v \u0161estn\u00e1ct\u00e9m stolet\u00ed, a intarzovan\u00e9 ch\u00f3rov\u00e9 lavice p\u0159edch\u00e1zej\u00ed honosn\u00e9mu olt\u00e1\u0159i z osmn\u00e1ct\u00e9ho stolet\u00ed, kter\u00fd dominuje presbyt\u00e1\u0159i, zat\u00edmco italsk\u00e9 barokn\u00ed varhany od Adama Caspariniho napl\u0148uj\u00ed prostor zvu\u010dn\u00fdmi hymny. Zven\u010d\u00ed dominuje kosteln\u00ed okrsek mari\u00e1nsk\u00fd sloup a socha sv. Jana Nepomuck\u00e9ho, kter\u00e9 sv\u011bd\u010d\u00ed o zbo\u017en\u00e9m \u017eivot\u011b v\u011b\u0159\u00edc\u00edch Jelen\u00ed Hory nap\u0159\u00ed\u010d stalet\u00edmi.<\/p>\n<p>Na jihu vyrostl mezi lety 1709 a 1718 kostel Pov\u00fd\u0161en\u00ed svat\u00e9ho K\u0159\u00ed\u017ee, kter\u00fd byl v\u00fdsledkem slibu dan\u00e9ho slezsk\u00fdm protestant\u016fm v r\u00e1mci Altranstadtsk\u00e9 dohody a financov\u00e1n katolick\u00fdm c\u00edsa\u0159em Rakouska. Tato kupolovit\u00e1 k\u0159\u00ed\u017eov\u00e1 stavba, navr\u017een\u00e1 Martinem Frantzem z Tallinnu, se podob\u00e1 sv\u00e9mu stockholmsk\u00e9mu prot\u011bj\u0161ku, kostelu sv. Kate\u0159iny, a v t\u0159\u00edpatrov\u00e9m matroneu pojme p\u0159es dva tis\u00edce v\u011b\u0159\u00edc\u00edch. Jej\u00ed stroh\u00fd exteri\u00e9r p\u0159ech\u00e1z\u00ed do bohat\u011b malovan\u00e9ho interi\u00e9ru, kde se na st\u011bn\u00e1ch a stropech prol\u00ednaj\u00ed v\u00fdjevy z obou z\u00e1kon\u016f. Monument\u00e1ln\u00ed varhann\u00ed a olt\u00e1\u0159n\u00ed jednotka, zav\u011b\u0161en\u00e9 nad lod\u00ed kostela, spl\u00fdvaj\u00ed v rozlehlou architektonickou plastiku, kter\u00e1 zt\u011bles\u0148uje barokn\u00ed synt\u00e9zu um\u011bn\u00ed a v\u00edry.<\/p>\n<p>Cieplice Slezsk\u00e9-Zdr\u00f3j, dnes okres Jelen\u00ed Hory, sah\u00e1 a\u017e do t\u0159in\u00e1ct\u00e9ho stolet\u00ed, kdy cisterci\u00e1\u010dt\u00ed mni\u0161i poprv\u00e9 zdokumentovali zdej\u0161\u00ed term\u00e1ln\u00ed prameny. V \u0161estn\u00e1ct\u00e9m stolet\u00ed p\u0159itahovaly vody bohat\u00e9 na s\u00edru a k\u0159em\u00edk, vyv\u011braj\u00edc\u00ed s teplotami bl\u00ed\u017e\u00edc\u00edmi se devades\u00e1ti stup\u0148\u016fm Celsia, kr\u00e1lovskou rodinu a inteligenci, od Marie Kazim\u00edry Lujzy de La Grange d&#039;Arquien a\u017e po kn\u00ed\u017eete Jakuba Ludv\u00edka Sobiesk\u00e9ho. Tyto l\u00e9\u010div\u00e9 prameny daly vzniknout hydroterapii, inhalaci a fototerapii. Parky \u2013 zejm\u00e9na Zdrojowy a Norsk\u00fd park \u2013 poskytovaly promen\u00e1dy pro rekonvalescenci. Prvn\u00ed z nich, zalo\u017een\u00fd v roce 1796, pozd\u011bji za rodiny Schaffgotsch\u016f p\u0159ijal principy anglick\u00fdch zahrad. Druh\u00fd, pok\u0159t\u011bn\u00fd v roce 1909 podle d\u0159ev\u011bn\u00e9ho pavilonu p\u0159ipom\u00ednaj\u00edc\u00edho vikingsk\u00e9 \u0159emeslo, roz\u0161\u00ed\u0159il zelenou n\u00e1ru\u010d l\u00e1zn\u00ed.<\/p>\n<p>V t\u011bchto zahrad\u00e1ch stoj\u00ed Galerie a Zdrojowy Animation Theatre, kter\u00e9 v letech 1797 a\u017e 1800 navrhl Carl Gottlieb Geissler. Jeho neoklasicistn\u00ed fas\u00e1da skr\u00fdv\u00e1 koncertn\u00ed s\u00e1l, \u010d\u00edt\u00e1rnu a doutn\u00edkov\u00fd salonek, prostory, kter\u00e9 kdysi hostily kulturn\u00ed \u017eivot mezin\u00e1rodn\u00ed klientely. Schaffgotschov\u00e9 v roce 1836 p\u0159istavili specializovan\u00e9 divadlo s balkony pro dv\u011b st\u011b sedmdes\u00e1t n\u00e1v\u0161t\u011bvn\u00edk\u016f. Tyto stavby dohromady osv\u011btluj\u00ed dvoj\u00ed identitu Cieplic jako l\u00e9\u010debn\u00e9ho centra a spole\u010densk\u00e9ho salonu.<\/p>\n<p>Sobiesz\u00f3w, dal\u0161\u00ed okres, se rozkl\u00e1d\u00e1 na b\u0159ehu potoka Wrzos\u00f3wka na \u00fapat\u00ed hory Chojnik. Od \u010dtrn\u00e1ct\u00e9ho stolet\u00ed a\u017e do roku 1945 spravovala obec rod Schaffgotsch\u016f, jej\u00ed\u017e n\u00e1zev prozrazuje jej\u00ed slovansk\u00e9 ko\u0159eny. Dnes zde s\u00eddl\u00ed s\u00eddlo Krkono\u0161sk\u00e9ho n\u00e1rodn\u00edho parku, centrum pro turisty m\u00ed\u0159\u00edc\u00ed na zdol\u00e1van\u00e9 stezky v Krkono\u0161\u00edch a na vrchol Chojniku, porostl\u00fd z\u0159\u00edceninami. Samotn\u00fd hrad korunuje \u00fates \u010dty\u0159icet p\u011bt metr\u016f nad \u00fadol\u00edm Pekel a jeho z\u0159\u00edceniny shl\u00ed\u017eej\u00ed na p\u0159\u00edrodn\u00ed rezervaci, kter\u00e1 chr\u00e1n\u00ed p\u0159\u00edrodn\u00ed i architektonick\u00e9 d\u011bdictv\u00ed. Ka\u017ed\u00e9 l\u00e9to se br\u00e1na hradu st\u00e1v\u00e1 d\u011bji\u0161t\u011bm turnaje Chojnick\u00e1 zlat\u00e1 \u0161\u00edpka, kde modern\u00ed rekonstruktori v krou\u017ekov\u00fdch brn\u011bn\u00edch soupe\u0159\u00ed s ku\u0161emi o symbolickou \u0161\u00edpku a \u0159emesln\u00edci p\u0159edv\u00e1d\u011bj\u00ed st\u0159edov\u011bk\u00e1 \u0159emesla uprost\u0159ed zch\u00e1tral\u00fdch hradeb pevnosti.<\/p>\n<p>Jagni\u0105tk\u00f3w, za\u010dlen\u011bn\u00fd do Jelen\u00ed Hory teprve v roce 1998, zauj\u00edm\u00e1 nejv\u00fd\u0161e polo\u017eenou \u010d\u00e1st m\u011bsta. Zalo\u017een byl v roce 1651 \u010desk\u00fdmi uprchl\u00edky a dodnes je v\u00fdchoz\u00edm bodem pro horsk\u00e9 stezky, kam se lze dostat kloubov\u00fdmi m\u011bstsk\u00fdmi autobusy. Jeho kostel Bo\u017e\u00edho milosrdenstv\u00ed, dokon\u010den\u00fd v letech 1980 a\u017e 1986, si vyp\u016fj\u010duje prvky z podhalansk\u00e9ho lidov\u00e9ho jazyka, jeho d\u0159ev\u011bn\u00e9 st\u0159echy odr\u00e1\u017eej\u00ed tatransk\u00e9 podh\u016f\u0159\u00ed a harmonizuj\u00ed s okoln\u00edmi jedlov\u00fdmi lesy. Nedaleko se pod \u00fatesy ruly a k\u0159emence sva\u017euje ledovcov\u00fd kar zn\u00e1m\u00fd jako Jagni\u0105tkowsk\u00fd \u010dern\u00fd kotel, kter\u00fd je sv\u011bdectv\u00edm o pleistoc\u00e9nn\u00edm socha\u0159stv\u00ed regionu a objektem v\u011bdeck\u00e9ho i estetick\u00e9ho z\u00e1jmu.<\/p>\n<p>Klima Jelen\u00ed Hory osciluje mezi oce\u00e1nsk\u00fdm a vlhk\u00fdm kontinent\u00e1ln\u00edm typem, s m\u00edrn\u00fdmi l\u00e9ty a zimami, kter\u00e9 se pohybuj\u00ed bl\u00edzko bodu mrazu, a jsou formov\u00e1ny orografick\u00fdm zdvihem hor z okoln\u00edch poho\u0159\u00ed. Historicky demografick\u00e9 slo\u017een\u00ed odr\u00e1\u017eelo geopolitick\u00e9 posuny regionu. S\u010d\u00edt\u00e1n\u00ed lidu ze 16. stolet\u00ed zaznamenalo 3 500 du\u0161\u00ed; do konce 18. stolet\u00ed se populace zv\u00fd\u0161ila na 6 000. Na za\u010d\u00e1tku 20. stolet\u00ed do\u0161lo k expanzi na 20 000 a do roku 1939 m\u011blo m\u011bsto v\u00edce ne\u017e 35 000 obyvatel. Mimo\u0159\u00e1dn\u00fd p\u0159\u00edliv 140 000 obyvatel b\u011bhem v\u00e1lky podtrhuje v\u00e1le\u010dn\u00e9 po\u017eadavky m\u011bsta a do\u010dasnou povahu nucen\u011b pracuj\u00edc\u00edch obyvatel.<\/p>\n<p>Dopravn\u00ed tepny propojuj\u00ed Jelen\u00ed Horu s n\u00e1rodn\u00edmi i mezin\u00e1rodn\u00edmi s\u00edt\u011bmi. Silnice \u010d\u00edslo 5, sou\u010d\u00e1st evropsk\u00e9 trasy E65, spojuje m\u011bsto s Vratislav\u00ed, Poznan\u00ed a baltsk\u00fdmi p\u0159\u00edstavy a pokra\u010duje na sever do Skandin\u00e1vie prost\u0159ednictv\u00edm trajekt\u016f. Provin\u010dn\u00ed silnice se paprskovit\u011b t\u00e1hnou do Zho\u0159elce, Legnice, Wa\u0142brzychu a Kowar. Obchvat Maciejowy, dokon\u010den\u00fd na ja\u0159e 2019, zm\u00edrnil dopravn\u00ed z\u00e1cpy t\u00edm, \u017ee p\u0159esm\u011broval tranzitn\u00ed dopravu p\u011bt kilometr\u016f na v\u00fdchod. P\u0159es \u0159eky B\u00f3br a Kamienna a jejich p\u0159\u00edtoky se klene v\u00edce ne\u017e sto most\u016f, kter\u00e9 propl\u00e9taj\u00ed s\u00ed\u0165 viadukt\u016f, je\u017e sv\u011bd\u010d\u00ed o geologii b\u0159eh\u016f m\u011bsta.<\/p>\n<p>\u017deleznice dos\u00e1hla Jelen\u00ed Hory v roce 1866 se Slezskou horskou dr\u00e1hou, kter\u00e1 byla sou\u010d\u00e1st\u00ed velkolep\u00e9 vize spojuj\u00edc\u00ed Berl\u00edn a V\u00edde\u0148. Do roku 1880 se trat\u011b prodlou\u017eily do Walbrzychu a Kladska s odbo\u010dkami do Kowar, Piechowic a Szklarsk\u00e9 Por\u0119by. Elektrifikace za\u010dala v roce 1916, ale byla zru\u0161ena v roce 1945 a obnovena a\u017e v 60. letech 20. stolet\u00ed a v roce 1986. Parn\u00ed osobn\u00ed doprava p\u0159etrv\u00e1vala a\u017e do roku 1984. Zanedb\u00e1v\u00e1n\u00ed na konci dvac\u00e1t\u00e9ho stolet\u00ed vyneslo hlavn\u00ed trati p\u0159ezd\u00edvku \u201etechnick\u00e1 smrt\u201c, proto\u017ee rychlostn\u00ed omezen\u00ed klesla na dvacet kilometr\u016f za hodinu a dopravci autokar\u016f od\u010derp\u00e1vali doj\u00ed\u017ed\u011bj\u00edc\u00ed. Obnovovac\u00ed projekty po roce 2007 o\u017eivily koridor Vratislav\u2013Jelen\u00ed Hora a vr\u00e1tily cestuj\u00edc\u00ed na koleje. Do roku 2020 obsluhovaly hlavn\u00ed n\u00e1dra\u017e\u00ed vysokorychlostn\u00ed linky Intercity Pendolino a TLK, dopln\u011bn\u00e9 region\u00e1ln\u00edmi linkami Koleje Dolno\u015bl\u0105skie a integrovan\u00fdmi autobusov\u00fdmi spoji do horsk\u00fdch st\u0159edisek.<\/p>\n<p>M\u011bstsk\u00e1 tramvaj, kter\u00e1 jezdila v letech 1897 a\u017e 1969, t\u00e9m\u011b\u0159 zmizela. Jej\u00ed p\u016fvodn\u00ed trasu ozna\u010duj\u00ed fragmenty trati a pam\u011btn\u00ed deska pobl\u00ed\u017e radnice. Jeden zachoval\u00fd vag\u00f3n stoj\u00ed na str\u00e1\u017ei u severn\u00edho vchodu a slou\u017e\u00ed jako st\u00e1nek se suven\u00fdry, zat\u00edmco dal\u0161\u00ed dva stoj\u00ed v depu na ulici Wolno\u015bci a na autobusov\u00e9m termin\u00e1lu v Podg\u00f3rzyn\u011b jako n\u011bm\u00ed sv\u011bdci doby, kdy po n\u00e1m\u011bst\u00ed jezdily elektrick\u00e9 vozy.<\/p>\n<p>Ve\u0159ejnou dopravu ve m\u011bst\u011b tvo\u0159\u00ed dvacet \u0161est autobusov\u00fdch linek, v\u010detn\u011b dvou no\u010dn\u00edch, kter\u00e9 spravuje M\u011bstsk\u00fd dopravn\u00ed podnik. Od roku 2000 nahrazuje b\u00fdval\u00fd st\u00e1tn\u00ed autobusov\u00fd podnik PKS \u201eTour\u201c, kter\u00fd nab\u00edz\u00ed region\u00e1ln\u00ed autobusov\u00e9 spojen\u00ed do Karpacze, Szklarsk\u00e9 Por\u0119by a d\u00e1le a provozuje modern\u00ed stanici soused\u00edc\u00ed s n\u00e1kupn\u00edm centrem Nowy Rynek. J\u00edzdenky EURO-NYSA platn\u00e9 p\u0159es hranice umo\u017e\u0148uj\u00ed bezprobl\u00e9mov\u00e9 cestov\u00e1n\u00ed do \u010cesk\u00e9 republiky vlakem i autobusem, co\u017e podtrhuje roli Jelen\u00ed Hory jako\u017eto centra p\u0159eshrani\u010dn\u00ed mobility.<\/p>\n<p>Jelen\u00ed Hora s kamenn\u00fdmi v\u011b\u017eemi, term\u00e1ln\u00edmi prameny a zelen\u00fdmi svahy shrnuje slo\u017eitost slezsk\u00e9ho d\u011bdictv\u00ed. St\u0159edov\u011bk\u00e9 br\u00e1ny a barokn\u00ed fas\u00e1dy p\u0159e\u017e\u00edvaj\u00ed uprost\u0159ed \u0161um\u011bn\u00ed horsk\u00fdch potok\u016f, zat\u00edmco l\u00e1ze\u0148sk\u00e9 pavilony a promen\u00e1dn\u00ed galerie p\u0159ipom\u00ednaj\u00ed epochy \u0161lechtick\u00e9ho mecen\u00e1\u0161stv\u00ed i prolet\u00e1\u0159sk\u00e9ho \u00fato\u010di\u0161t\u011b. Identita m\u011bsta je utk\u00e1na z nit\u00ed obchodu, konflikt\u016f a rekonvalescence: je to m\u00edsto, kde se \u017eulov\u00e9 \u0161t\u00edty sb\u00edhaj\u00ed s gotick\u00fdmi port\u00e1ly, kde parky lemovan\u00e9 cedry hrani\u010d\u00ed s jantarov\u011b zbarven\u00fdmi font\u00e1nami a kde ka\u017ed\u00e9 ro\u010dn\u00ed obdob\u00ed obnovuje jak krajinu, tak i rozv\u00edjej\u00edc\u00ed se p\u0159\u00edb\u011bh.<\/p>\n<p>Vypr\u00e1v\u011bn\u00ed o m\u011bst\u011b nen\u00ed \u00fapln\u00e9 bez zm\u00ednky o p\u0159\u00edlivech a odlivech jeho obyvatel \u2013 mikrokosmu st\u0159edoevropsk\u00fdch d\u011bjin. Ze st\u0159edov\u011bk\u00e9ho tr\u017en\u00edho m\u011bsta s t\u0159emi tis\u00edci du\u0161emi se rozrostlo v centrum \u0159emesln\u00e9ho pr\u016fmyslu, rozr\u016fstalo se pod pruskou a rakouskou nadvl\u00e1dou a p\u0159e\u010dkalo bou\u0159liv\u00e9 ud\u00e1losti modern\u00edch v\u00e1lek a etnick\u00fdch ot\u0159es\u016f. Jeho pov\u00e1le\u010dn\u00e1 p\u0159estavba integrovala l\u00e1ze\u0148sk\u00e1 m\u011bsta, horsk\u00e9 osady a zelen\u00e1 \u00fadol\u00ed do jednotn\u00e9 obce, a to i p\u0159es postupn\u00fd \u00fastup demografick\u00fdch proud\u016f. Dnes Jelen\u00ed Hora stoj\u00ed na k\u0159i\u017eovatce d\u011bdictv\u00ed a modernity, jej\u00edmi ulicemi se oz\u00fdvaj\u00ed kroky poutn\u00edk\u016f, turist\u016f i doj\u00ed\u017ed\u011bj\u00edc\u00edch.<\/p>\n<p>Souhra kamene a vody, alpsk\u00fdch h\u0159eben\u016f a term\u00e1ln\u00edch pramen\u016f definuje jak urbanistick\u00fd pl\u00e1n, tak i z\u00e1\u017eitek n\u00e1v\u0161t\u011bvn\u00edka. Cieplice st\u00e1le bublaj\u00ed sirn\u00e9 studny ve st\u00ednu starobyl\u00fdch park\u016f. S\u00eddlo Krkono\u0161sk\u00e9ho n\u00e1rodn\u00edho parku v Sobiesz\u00f3w\u011b vys\u00edl\u00e1 str\u00e1\u017ece a v\u00fdzkumn\u00edky do horsk\u00fdch hn\u00edzd. Jagni\u0105tk\u00f3wsk\u00fd d\u0159ev\u011bn\u00fd kostel a ledovcov\u00fd kotel spojuj\u00ed pasteveckou tradici s geologick\u00fdm z\u00e1zrakem. V\u0161echny cesty \u2013 a\u0165 u\u017e jde o dl\u00e1\u017ed\u011bn\u00e9 bulv\u00e1ry, \u00fazk\u00e9 lesn\u00ed stezky nebo zrestaurovan\u00e9 \u017eelezni\u010dn\u00ed trat\u011b \u2013 vedou zp\u011bt na tr\u017ei\u0161t\u011b, do m\u011bstsk\u00e9ho srdce, kde Neptun sleduje starobylou obchodn\u00ed cestu, kter\u00e1 je nyn\u00ed znovu vyu\u017eita pro cestovatele, kte\u0159\u00ed hledaj\u00ed smysl, nikoli zbo\u017e\u00ed.<\/p>\n<p>V Jelen\u00ed Ho\u0159e nejsou d\u011bjiny statick\u00fdm obrazem, ale \u017eivouc\u00edm kontinuem, v n\u011bm\u017e ka\u017ed\u00fd kamenn\u00fd port\u00e1l, ka\u017ed\u00fd zur\u010d\u00edc\u00ed vodn\u00ed tok a ka\u017ed\u00e1 ozv\u011bna v barokn\u00ed lodi vypr\u00e1v\u00ed kapitolu o odolnosti. Je to m\u011bsto, kter\u00e9 odm\u00edt\u00e1 b\u00fdt pouhou pohlednic\u00ed a vy\u017eaduje m\u00edsto toho odm\u011b\u0159en\u00fd pohled, kontemplativn\u00ed tempo a ocen\u011bn\u00ed jemn\u00e9 vzne\u0161enosti. Zde se sb\u00edh\u00e1 odkaz kopc\u016f stra\u0161ideln\u00fdch jelen\u016f a odkaz lidsk\u00e9ho \u00fasil\u00ed a zvou ty, kte\u0159\u00ed se zastav\u00ed a naslouchaj\u00ed kadenci stalet\u00ed nesen\u00fdch krkono\u0161sk\u00fdm v\u00e1nkem.<\/p>","protected":false},"excerpt":{"rendered":"<p>Jelenia G\u00f3ra, historick\u00e9 m\u011bsto nach\u00e1zej\u00edc\u00ed se v jihoz\u00e1padn\u00edm Polsku, m\u011blo v roce 2021 p\u0159ibli\u017en\u011b 77 366 obyvatel. Tento m\u011bstsk\u00fd poklad, kter\u00fd se nach\u00e1z\u00ed v severn\u00edm \u00fadol\u00ed Jelenia G\u00f3ra a ohrani\u010den\u00fd \u00fachvatn\u00fdm poho\u0159\u00edm Krkono\u0161e pod\u00e9l polsko-\u010desk\u00e9 hranice, le\u017e\u00ed uvnit\u0159 Dolnoslezsk\u00e9ho vojvodstv\u00ed. Spolu s bohatou histori\u00ed a kulturn\u00edm v\u00fdznamem se m\u011bsto d\u00edky strategick\u00e9 poloze stalo jedn\u00edm z nejvyhled\u00e1van\u011bj\u0161\u00edch m\u00edst pro voln\u00fd \u010das a rekreaci v Polsku.<\/p>","protected":false},"author":1,"featured_media":17475,"parent":12137,"menu_order":0,"comment_status":"closed","ping_status":"closed","template":"elementor_theme","meta":{"_eb_attr":"","footnotes":""},"class_list":["post-16909","page","type-page","status-publish","has-post-thumbnail"],"_links":{"self":[{"href":"https:\/\/travelshelper.com\/cs\/wp-json\/wp\/v2\/pages\/16909","targetHints":{"allow":["GET"]}}],"collection":[{"href":"https:\/\/travelshelper.com\/cs\/wp-json\/wp\/v2\/pages"}],"about":[{"href":"https:\/\/travelshelper.com\/cs\/wp-json\/wp\/v2\/types\/page"}],"author":[{"embeddable":true,"href":"https:\/\/travelshelper.com\/cs\/wp-json\/wp\/v2\/users\/1"}],"replies":[{"embeddable":true,"href":"https:\/\/travelshelper.com\/cs\/wp-json\/wp\/v2\/comments?post=16909"}],"version-history":[{"count":0,"href":"https:\/\/travelshelper.com\/cs\/wp-json\/wp\/v2\/pages\/16909\/revisions"}],"up":[{"embeddable":true,"href":"https:\/\/travelshelper.com\/cs\/wp-json\/wp\/v2\/pages\/12137"}],"wp:featuredmedia":[{"embeddable":true,"href":"https:\/\/travelshelper.com\/cs\/wp-json\/wp\/v2\/media\/17475"}],"wp:attachment":[{"href":"https:\/\/travelshelper.com\/cs\/wp-json\/wp\/v2\/media?parent=16909"}],"curies":[{"name":"wp","href":"https:\/\/api.w.org\/{rel}","templated":true}]}}