{"id":16682,"date":"2024-09-23T17:08:58","date_gmt":"2024-09-23T17:08:58","guid":{"rendered":"https:\/\/travelshelper.com\/staging\/?page_id=16682"},"modified":"2026-03-12T00:35:46","modified_gmt":"2026-03-12T00:35:46","slug":"bad-salzuflen","status":"publish","type":"page","link":"https:\/\/travelshelper.com\/cs\/destinations\/europe\/germany\/bad-salzuflen\/","title":{"rendered":"Bad Salzuflen"},"content":{"rendered":"<p>Bad Salzuflen, m\u011bsto s 52 121 obyvateli (konec roku 2013), se rozkl\u00e1d\u00e1 na ov\u00e1ln\u00e9m \u00fazem\u00ed o rozloze 100,06 km\u00b2 na v\u00fdchodn\u00edm okraji Ravensbersk\u00e9 p\u00e1nve v Severn\u00edm Por\u00fdn\u00ed-Vestf\u00e1lsku v N\u011bmecku. Le\u017e\u00ed na soutoku \u0159ek Salze (m\u00edstn\u011b naz\u00fdvan\u00e9 Bega) a Werre, zhruba t\u0159in\u00e1ct kilometr\u016f od v\u00fdchodu na z\u00e1pad a jeden\u00e1ct kilometr\u016f od severu na jih. Jeho sm\u011bs hust\u011b os\u00eddlen\u00fdch jader a okoln\u00edch venkovsk\u00fdch oblast\u00ed, protkan\u00e1 lesy ty\u010d\u00edc\u00edmi se do v\u00fd\u0161ky 250 metr\u016f a n\u00ed\u017einami v nadmo\u0159sk\u00e9 v\u00fd\u0161ce 70 metr\u016f, poskytuje ekologickou rozmanitost i pocit intimn\u00edho rozsahu. Bad Salzuflen, kter\u00fd je od roku 2008 uzn\u00e1v\u00e1n jako sou\u010d\u00e1st p\u0159\u00edrodn\u00edho parku Teutobursk\u00fd les\/Eggegebirge, nese p\u0159ezd\u00edvku \u201en\u011bmeck\u00e1 l\u00e9\u010div\u00e1 zahrada\u201c, co\u017e sv\u011bd\u010d\u00ed o jeho slan\u00fdch pramenech a stalet\u00e9 l\u00e1ze\u0148sk\u00e9 tradici.<\/p>\n<p>Podrobn\u00e1 geologick\u00e1 stavba m\u011bsta odhaluje p\u016fvod jeho l\u00e9\u010div\u00fdch vod. Podkladov\u00e9 vrstvy z t\u0159etihor jsou rozl\u00e1m\u00e1ny druhohorn\u00edmi zlomov\u00fdmi bloky. V t\u011bchto pr\u016fse\u010d\u00edc\u00edch vyv\u011braj\u00ed slan\u00e9 prameny, kter\u00e9 d\u00e1vaj\u00ed vzniknout hn\u011bd\u00fdm p\u016fd\u00e1m podzol a stagnosol, je\u017e pokr\u00fdvaj\u00ed z\u00e1plavov\u00e9 oblasti \u0159ek Werre a Salze. Voda vyv\u011br\u00e1 z hloubky bl\u00ed\u017e\u00edc\u00ed se kilometru a jej\u00ed miner\u00e1ly bohat\u00e1 solanka se historicky t\u011b\u017eila ve st\u0159edov\u011bk\u00fdch soln\u00fdch d\u00edln\u00e1ch zvan\u00fdch Salzhof \u2013 dodnes p\u0159ipom\u00ednan\u00fdch m\u011bstsk\u00fdm erbem. Tento geologick\u00fd dar formoval jak ekonomiku, tak identitu Bad Salzuflen a p\u0159itahoval obchodn\u00edky, l\u00e9\u010ditele a l\u00e9ka\u0159e po v\u00edce ne\u017e tis\u00edcilet\u00ed.<\/p>\n<p>Osada se v z\u00e1znamech poprv\u00e9 objevuje jako Uflon v jeden\u00e1ct\u00e9m stolet\u00ed, co\u017e ve starohornon\u011bmeck\u00e9m jazyce znamen\u00e1 \u201eles\u201c. S rostouc\u00ed lukrativnost\u00ed t\u011b\u017eby soli se n\u00e1zev vyv\u00edjel p\u0159es Uflen, Mitteluflen a Dorf Uflen, a\u017e se nakonec zm\u011bnil na Salzuflen \u2013 \u201esoln\u00e9 l\u00e1zn\u011b v lese\u201c. Hrabata ze Sternbergu pov\u00fd\u0161ila osadu na m\u011bsto a opevnila ji kruhovou zd\u00ed, kterou prot\u00ednaly \u010dty\u0159i br\u00e1ny, z nich\u017e ka\u017ed\u00e1 sm\u011b\u0159ovala do sousedn\u00edch vesnic nebo m\u011bst: Schliepsteiner sm\u011brem k Exteru, He\u00dfkamper k W\u00fcstenu, Arminius sm\u011brem ke Schotmaru a na z\u00e1pad\u011b Herfordsk\u00e1 br\u00e1na, kdysi lemovan\u00e1 t\u0159\u00edv\u011b\u017eovou Katzenturm, kter\u00e1 se dochovala dodnes. Obchod s takzvan\u00fdm b\u00edl\u00fdm zlatem m\u011bsto obohatil a financoval n\u00e1dhern\u00e9 renesan\u010dn\u00ed B\u00fcrgerh\u00e4user a radnici postavenou v letech 1545\u201347; nejstar\u0161\u00ed dochovanou stavbou je v\u0161ak t\u0159\u00edpatrov\u00fd Traufenbau z roku 1520.<\/p>\n<p>V\u00fdvoj Bad Salzuflenu v l\u00e1ze\u0148sk\u00e9 st\u0159edisko za\u010dal v\u00e1\u017en\u011b zalo\u017een\u00edm st\u00e1tn\u00edch l\u00e1zn\u00ed pod kr\u00e1lovskou patron\u00e1c\u00ed, co\u017e upevnilo jeho pov\u011bst l\u00e1zn\u00ed s l\u00e9\u010div\u00fdmi vlastnostmi. T\u0159i soln\u00e9, t\u0159i term\u00e1ln\u00ed a t\u0159i pitn\u00e9 prameny prop\u016fj\u010dily m\u00edstu status st\u00e1tn\u00edch l\u00e1zn\u00ed Lippischer. A\u010dkoli \u201ekr\u00e1lovsk\u00e9 Solebady\u201c byly zalo\u017eeny v devaten\u00e1ct\u00e9m stolet\u00ed, m\u011bsto ofici\u00e1ln\u011b z\u00edskalo p\u0159edponu \u201eBad\u201c a\u017e 14. dubna 1914. Nov\u00e9 l\u00e1ze\u0148sk\u00e9 zahrady vyrostly kolem Gradierwerke \u2013 d\u0159ev\u011bn\u00fdch m\u0159\u00ed\u017e\u00ed, po kter\u00fdch st\u00e9k\u00e1 solanka, a t\u00edm nasycuje vzduch soln\u00fdmi aerosoly. Shroma\u017e\u010fovali se zde n\u00e1v\u0161t\u011bvn\u00edci hledaj\u00edc\u00ed \u00falevu od d\u00fdchac\u00edch pot\u00ed\u017e\u00ed a d\u00fdchali mikroklima, kter\u00e9 proplachuje a zklid\u0148uje sliznice.<\/p>\n<p>S t\u00edm, jak se industrializace \u0161\u00ed\u0159ila po cel\u00e9 Evrop\u011b, Bad Salzuflen vyu\u017eil sv\u00e9 strategick\u00e9, i kdy\u017e nen\u00e1padn\u00e9 polohy. V roce 1850 zalo\u017eil Henry Salomon Hoffmann \u0161krob\u00e1rny Hoffmann, kter\u00e9 se staly nejv\u011bt\u0161\u00edm producentem \u0161krobu v Evrop\u011b. Na p\u0159elomu dvac\u00e1t\u00e9ho stolet\u00ed pracovalo v z\u00e1vod\u011b na dne\u0161n\u00ed Hoffmannstra\u00dfe p\u0159ibli\u017en\u011b 1200 zam\u011bstnanc\u016f. V roce 1981 p\u0159e\u0161lo vlastnictv\u00ed na spole\u010dnost Ciba-Geigy a pot\u00e9 na britskou spole\u010dnost Reckitt &amp; Colman, kter\u00e1 v roce 1990 ukon\u010dila m\u00edstn\u00ed v\u00fdrobu. Navzdory t\u011bmto transformac\u00edm z\u016fstal sektor l\u00e1ze\u0148stv\u00ed a pohostinstv\u00ed pil\u00ed\u0159em ekonomiky a jeho hostince a hotely obsluhovaly st\u00e1l\u00fd p\u0159\u00edliv host\u016f hledaj\u00edc\u00edch zdrav\u00ed.<\/p>\n<p>M\u011bstsk\u00e9 uspo\u0159\u00e1d\u00e1n\u00ed rozd\u011bluje Bad Salzuflen na dvan\u00e1ct okres\u016f: hlavn\u00ed m\u011bsto a jeden\u00e1ct p\u0159ilehl\u00fdch oblast\u00ed \u2013 Biemsen-Ahmsen; Ehrsen-Breden; Grastrup-H\u00f6lsen (s H\u00f6lserheide); Holzhausen (se Sylbachem); Lockhausen; Papenhausen (s Volkhausenem); Retzen; Schotmar; Werl-Aspe (s Knetterheide); W\u00fclfer-Bexten; a rozs\u00e1hl\u00fd W\u00fcsten, kter\u00fd zahrnuje vesnice jako Frettholz a Pillenbruch. \u010cty\u0159i sektory \u2013 Bad Salzuflen (19 700 obyvatel), Schotmar (8 900), Werl-Aspe (7 500) a W\u00fcsten (4 000) \u2013 p\u0159edstavuj\u00ed zhruba sedmdes\u00e1t p\u011bt procent populace. Souvisl\u00e1 zastav\u011bn\u00e1 oblast spojuje p\u011bt centr\u00e1ln\u00edch okres\u016f a odr\u00e1\u017e\u00ed r\u016fst m\u011bst, kter\u00fd v\u0161ak st\u00e1le nepohlcuje bl\u00edzk\u00e9 Lemgo, Lage, Leopoldsh\u00f6he, Bielefeld nebo Herford.<\/p>\n<p>Klima m\u011bsta odpov\u00edd\u00e1 pln\u011b vlhk\u00e9mu m\u00edrn\u00e9mu re\u017eimu st\u0159edn\u00ed Evropy s vrcholem sr\u00e1\u017eek v l\u00e9t\u011b. Pr\u016fm\u011brn\u00e1 ro\u010dn\u00ed teplota 9,3 \u00b0C odpov\u00edd\u00e1 zem\u011bpisn\u00e9 \u0161\u00ed\u0159ce a nadmo\u0159sk\u00e9 v\u00fd\u0161ce, zat\u00edmco 743 mm sr\u00e1\u017eek p\u0159ekra\u010duje severon\u011bmeck\u00fd pr\u016fm\u011br (640 mm) a celost\u00e1tn\u00ed hodnotu (690 mm), p\u0159esto z\u016fst\u00e1v\u00e1 m\u00edrn\u011b pod Lippeho 877 mm d\u00edky de\u0161\u0165ov\u00e9mu st\u00ednu vrhan\u00e9mu Teutobursk\u00fdm lesem. Tyto podm\u00ednky vy\u017eivuj\u00ed sm\u00ed\u0161en\u00e9 listnat\u00e9 lesy, bujn\u00e9 parky a zem\u011bd\u011blsk\u00e1 pole, kter\u00e1 obklopuj\u00ed m\u011bstsk\u00e9 j\u00e1dro.<\/p>\n<p>Ulice a n\u00e1m\u011bst\u00ed Bad Salzuflenu prostupuje gobel\u00edn n\u00e1bo\u017eensk\u00e9ho d\u011bdictv\u00ed. Evangelick\u00fd reformovan\u00fd kostel sv. Kili\u00e1na ve Schotmaru zauj\u00edm\u00e1 m\u00edsto bohoslu\u017eeb z doby kolem roku 800 n. l., jeho novogotick\u00fd halov\u00fd kostel a osmibok\u00e1 lucerna p\u0159ipom\u00ednaj\u00ed stalet\u00ed oddanosti. Ve star\u00e9m m\u011bst\u011b byl reformovan\u00fd m\u011bstsk\u00fd kostel na Hallenbrink zrekonstruov\u00e1n po po\u017e\u00e1ru v osmn\u00e1ct\u00e9m stolet\u00ed a pozd\u011bji v roce 1892 roz\u0161\u00ed\u0159en; jeho kazatelna z roku 1765 od Heinricha Kampa Meyera z\u016fst\u00e1v\u00e1 cenn\u00fdm artefaktem. Novorom\u00e1nsk\u00fd evangelick\u00fd luter\u00e1nsk\u00fd kostel Vykupitele, vysv\u011bcen\u00fd v roce 1892 a roz\u0161\u00ed\u0159en\u00fd v letech 1909 a 1939, sv\u011bd\u010d\u00ed o architektonick\u00e9m o\u017eiven\u00ed t\u00e9to doby. Pov\u00e1le\u010dn\u00e1 rekonstrukce p\u0159inesla katolick\u00fd kostel Panny Marie (1956\u201359), zasv\u011bcen\u00fd jako \u201eMarie, Panna Maria, Kr\u00e1lovna m\u00edru\u201c, zat\u00edmco modernismus z poloviny 60. let 20. stolet\u00ed definuje evangelick\u00fd luter\u00e1nsk\u00fd kostel Vzk\u0159\u00ed\u0161en\u00ed, vysv\u011bcen\u00fd na Jubil\u00e1rn\u00ed ned\u011bli 1966. Jeho interi\u00e9ry o\u017eivily um\u011bleck\u00e9 d\u00edla Hanse-Helmutha a Margarete von Rath a slou\u017e\u00ed jak luter\u00e1nsk\u00fdm, tak reformovan\u00fdm sbor\u016fm. Mozaiku vyzn\u00e1n\u00ed dopl\u0148uje skromn\u00e1 \u0159\u00edmskokatolick\u00e1 komunita a men\u0161\u00ed baptistick\u00e9, metodistick\u00e9, mennonitsk\u00e9, novoapo\u0161tolsk\u00e9, adventistick\u00e9 a muslimsk\u00e9 shrom\u00e1\u017ed\u011bn\u00ed. Podle s\u010d\u00edt\u00e1n\u00ed lidu z roku 2011 pat\u0159\u00ed 54,5 procenta obyvatel k evangelick\u00e9 c\u00edrkvi a 11,6 procenta k \u0159\u00edmskokatolick\u00e9 c\u00edrkvi, p\u0159i\u010dem\u017e jedna t\u0159etina je nep\u0159\u00edslu\u0161n\u00e1 nebo se hl\u00e1s\u00ed k jin\u00fdm denominac\u00edm.<\/p>\n<p>Bohat\u00fd kulturn\u00ed \u017eivot se odehr\u00e1v\u00e1 na jevi\u0161ti i pod \u0161ir\u00fdm nebem. L\u00e1zn\u011b a m\u011bstsk\u00e9 divadlo s kapacitou 498 m\u00edst host\u00ed z\u00e1jezdn\u00ed spole\u010dnosti, jako je Staatsensemble Detmold. Soused\u00edc\u00ed L\u00e1zn\u011b a rozlehl\u00fd Landschaftspark, zalo\u017een\u00fd v roce 1907, se rozkl\u00e1daj\u00ed na plo\u0161e p\u0159ibli\u017en\u011b 120 akr\u016f tr\u00e1vn\u00edk\u016f, vzrostl\u00fdch strom\u016f a pe\u010dliv\u011b upraven\u00fdch kv\u011btinov\u00fdch z\u00e1hon\u016f. L\u00e1zn\u011b, do kter\u00fdch se vstupuje branou v L\u00e1zn\u00edch Kurgastzentrum, vedou pod\u00e9l \u0159eky Salze k velk\u00e9mu jezeru, kde se nad lod\u011bmi k pron\u00e1jmu klene font\u00e1na; za nimi stoupaj\u00ed lesn\u00ed stezky na kopce Vierenberg a Loose k dv\u011bma Bismarckov\u00fdm v\u011b\u017e\u00edm, kter\u00e9 p\u0159ipom\u00ednaj\u00ed n\u00e1rodn\u00ed jednotu. Centr\u00e1ln\u011b v parku se nach\u00e1z\u00ed term\u00e1ln\u00ed font\u00e1na Leopold, jej\u00ed\u017e st\u0159echa v \u0159eck\u00e9m stylu chr\u00e1n\u00ed stejnojmennou bublinu, kter\u00e1 byla v roce 1906 vykop\u00e1na do hloubky 534 metr\u016f. Ve Schotmaru nab\u00edz\u00ed panstv\u00ed Stietencron upravenou zahradu mezi star\u00fdmi stromy.<\/p>\n<p>Sportovn\u00ed \u017eivot vzkv\u00e9t\u00e1 na komunitn\u00ed \u00farovni. SG Knetterheide\/Schotmar sout\u011b\u017e\u00ed v \u017eensk\u00fdch region\u00e1ln\u00edch h\u00e1zenk\u00e1\u0159sk\u00fdch lig\u00e1ch, zat\u00edmco stoln\u00ed tenisov\u00e9 t\u00fdmy TuS Bexterhagen a SC Bad Salzuflen se \u00fa\u010dastn\u00ed celost\u00e1tn\u00edch sout\u011b\u017e\u00ed. Fotbalist\u00e9 SC Bad Salzuflen sout\u011b\u017e\u00ed v Landeslize od sez\u00f3ny 2008\/09. Mezi ka\u017edoro\u010dn\u00ed akce pat\u0159\u00ed Bad-Salzuflen Marathon, kter\u00fd se poprv\u00e9 b\u011b\u017eel v roce 1993 posledn\u00ed sobotu v \u00fanoru; Kili\u00e1nov festival ka\u017ed\u00fd \u0159\u00edjen na po\u010dest Schotmarova svat\u00e9ho Kili\u00e1na; Salzsiederfest v kv\u011btnu, oslavuj\u00edc\u00ed starov\u011bk\u00e9 soln\u00e9 d\u011bln\u00edky; a v\u00e1no\u010dn\u00ed trh Weihnachtstraum na Salzhofu a v ulic\u00edch na konci roku.<\/p>\n<p>Dopravn\u00ed infrastruktura spojuje Bad Salzuflen s regionem. M\u011bstem prot\u00edn\u00e1 Bundesstra\u00dfe 239, zat\u00edmco d\u00e1lnice A 2 (E 34) je p\u0159\u00edstupn\u00e1 na k\u0159i\u017eovatk\u00e1ch 28 a 29. V 80. letech 20. stolet\u00ed zm\u00edrnil dopravn\u00ed z\u00e1cpy v centru m\u011bsta \u010dty\u0159proul\u00fd viadukt p\u0159es \u0159eky Bega a Werre. Na kone\u010dn\u00e9 stanici \u201eAm Markt\u201c se sb\u00edhaj\u00ed \u010dty\u0159i m\u00edstn\u00ed autobusov\u00e9 linky, kter\u00e9 provozuje spole\u010dnost Bad Salzuflen GmbH, dce\u0159in\u00e1 spole\u010dnost Stadtwerke, a kter\u00e9 poskytuj\u00ed hodinov\u00e9 spojen\u00ed v r\u00e1mci m\u011bsta a ve v\u0161edn\u00ed dny do Bielefeldu, Herfordu, Lemga, Oerlinghausenu a Vlotho-Exteru. Turist\u00e9 mohou l\u00e1ze\u0148skou \u010dtvrt\u00ed projet vlakem Pauline. Od roku 1881 spojuje Bad Salzuflen \u017eeleznice Herford\u2013Altenbeken (Regionalbahn 72) s Herfordem, Lage, Detmoldem, Altenbekenem a Paderbornem a zastavuje tak\u00e9 ve Schotmaru a Sylbachu. Cyklist\u00e9 se vyd\u00e1vaj\u00ed po d\u00e1lkov\u00fdch tras\u00e1ch, jako je Wellness Radweg a cyklostezka Weser-Lippe, zat\u00edmco m\u00edstn\u00ed cesty se vine krajin\u00e1\u0159sk\u00fdm parkem a pod\u00e9l \u0159eky Werre a\u017e do Herfordu.<\/p>\n<p>Hospod\u00e1\u0159sk\u00e1 aktivita se soust\u0159e\u010fuje na zdravotnictv\u00ed, pohostinstv\u00ed a lehk\u00fd pr\u016fmysl. Hotelov\u00fd \u0159et\u011bzec Maritim, druh\u00fd nejv\u011bt\u0161\u00ed v N\u011bmecku, zde provozuje konferen\u010dn\u00ed centrum. Mezi zdravotnick\u00e1 za\u0159\u00edzen\u00ed pat\u0159\u00ed kliniky Burggraben a Flachsheide (Median), psychiatricko-psychoterapeutick\u00e1 nemocnice (Lippische Nervenklinik Dr. Spernau) a Vitalzentrum s \u00fastavem pro v\u00fdzkum tinnitu. Term\u00e1ln\u00ed l\u00e1zn\u011b Vitasol, z\u00e1sobovan\u00e9 1 018 metr\u016f hlubok\u00fdmi vrty, nab\u00edzej\u00ed n\u011bkolik soln\u00fdch koupel\u00ed o teplot\u011b 38 \u00b0C, saunov\u00fd park, fitness centrum, kosmetick\u00e9 centrum, sportovn\u00ed terapii a d\u011btsk\u00fd klub. V\u00fdrobu a slu\u017eby zde udr\u017euj\u00ed spole\u010dnosti jako Alba Moda (d\u00e1msk\u00fd z\u00e1silkov\u00fd prodej), Essmann (st\u0159e\u0161n\u00ed osv\u011btlen\u00ed), Dorma Glass (dve\u0159n\u00ed kov\u00e1n\u00ed), Sollich (cukrovinkov\u00e9 stroje) a Maritim. A\u010dkoli Hoffmannova \u0161krob\u00e1rensk\u00e1 \u0159\u00ed\u0161e ukon\u010dila m\u00edstn\u00ed v\u00fdrobu, Reckitt Benckiser st\u00e1le distribuuje jej\u00ed zbo\u017e\u00ed.<\/p>\n<p>D\u011btstv\u00ed a\u017e dosp\u00edv\u00e1n\u00ed nach\u00e1z\u00ed podporu v osmi z\u00e1kladn\u00edch \u0161kol\u00e1ch, dvaceti t\u0159ech mate\u0159sk\u00fdch \u0161kol\u00e1ch a n\u011bkolika st\u0159edn\u00edch \u0161kol\u00e1ch: na st\u0159edn\u00ed \u0161kole, ni\u017e\u0161\u00edm gymn\u00e1ziu a vy\u0161\u0161\u00edm gymn\u00e1ziu v Lohfeldu a Aspe a tak\u00e9 na \u0161kole Ericha K\u00e4stnera pro \u017e\u00e1ky s poruchami u\u010den\u00ed. V roce 2007 vyu\u010dovalo 372 u\u010ditel\u016f 5 614 \u017e\u00e1k\u016f nap\u0159\u00ed\u010d t\u011bmito stupni.<\/p>\n<p>Pomn\u00edky a pam\u00e1tn\u00edky dotv\u00e1\u0159ej\u00ed podobu m\u011bsta a p\u0159ipom\u00ednaj\u00ed vzpom\u00ednky slavnostn\u00ed i smutn\u00e9. Pam\u00e1tn\u00edk soln\u00fdch d\u011bln\u00edk\u016f v Salzhofu \u2013 motiv soln\u00e9ho kotle od Marianne Herford Bleeke-Ehret (1988) \u2013 ct\u00ed starobyl\u00e9 \u0159emeslo. Bronzovo-\u017eulov\u00fd \u201eStrom \u017eivota\u201c (1984) od Axela Seylera stoj\u00ed p\u0159ed novou radnic\u00ed na Rudolph-Brandes-Allee. B\u0159eh \u0159eky zdob\u00ed obelisk l\u00e9k\u00e1rn\u00edka Rudolfa Brandese (1795\u20131842). Pomn\u00edk Eduarda Hoffmanna (1900) p\u0159ipom\u00edn\u00e1 syna zakladatele \u0161krob\u00e1rny. Reli\u00e9f \u201eSpor o \u0161ibenici\u201c na b\u00fdval\u00e9 hranici Salzuflen-Schotmar p\u0159ipom\u00edn\u00e1 malebn\u00fd m\u011bstsk\u00fd spor, jeho postavy a erb jsou vytes\u00e1ny do kamene. Na Mauerstra\u00dfe pam\u011btn\u00ed deska a pam\u00e1tn\u00edk z roku 1998 od Paula Meiera Dahla ozna\u010duj\u00ed m\u00edsto synagogy zni\u010den\u00e9 9. a 10. listopadu 1938; Hebrejsk\u00fd a n\u011bmeck\u00fd n\u00e1pis nal\u00e9hav\u011b p\u0159ipom\u00edn\u00e1 k\u0159ivdy sp\u00e1chan\u00e9 za nacismu. Nedaleko se nach\u00e1z\u00ed \u017eidovsk\u00fd h\u0159bitov, kter\u00fd poch\u00e1z\u00ed pravd\u011bpodobn\u011b ze \u0161estn\u00e1ct\u00e9ho stolet\u00ed a byl po v\u00e1le\u010dn\u00e9 zk\u00e1ze obnoven. Jeho sedmiramenn\u00fd sv\u00edcen nese pades\u00e1t jmen, pozd\u011bji jich bylo dopln\u011bno \u010dtrn\u00e1ct. Od roku 2010 jsou p\u0159ed b\u00fdval\u00fdmi domy ob\u011bt\u00ed nacismu pokl\u00e1d\u00e1ny Gunter Demnigovy Stolpersteiny \u2013 mal\u00e9 kameny s mosaznou vrchn\u00ed deskou \u2013 jako\u017eto sv\u011bdectv\u00ed o pam\u011bti. V\u00e1le\u010dn\u00e9 pam\u00e1tn\u00edky v Ehrsen-Bredenu, Biemsen-Ahmsenu, W\u00fcstenu, Retzenu, W\u00fclfer-Bextenu a Schotmaru a kenotaf Hermanna Hosaea (1923) nad horn\u00edm horsk\u00fdm h\u0159bitovem host\u00ed ka\u017edoro\u010dn\u00ed vzpom\u00ednkov\u00e9 akce na Den pam\u00e1tky.<\/p>\n<p>Souhra historie, geologie, kultury a komunity \u010din\u00ed z Bad Salzuflen p\u0159\u00edklad l\u00e1ze\u0148sk\u00e9ho m\u011bsta, kter\u00e9 vyva\u017euje sv\u00e9 d\u011bdictv\u00ed se sou\u010dasnou vitalitou. Jeho miner\u00e1ln\u00ed prameny, kdysi dom\u00e9nou obchodn\u00edk\u016f se sol\u00ed a \u0161lechty, nyn\u00ed slou\u017e\u00ed pacient\u016fm a rekreant\u016fm hledaj\u00edc\u00edm odpo\u010dinek uprost\u0159ed upraven\u00fdch zahrad a modern\u00edch wellness center. Jeho ulice, poznamenan\u00e9 renesan\u010dn\u00edmi fas\u00e1dami a architekturou letovisek z poloviny minul\u00e9ho stolet\u00ed, jsou sv\u011bdky stalet\u00ed zm\u011bn, p\u0159esto m\u011bsto z\u016fst\u00e1v\u00e1 soudr\u017en\u00e9, jeho \u010dtvrti si zachov\u00e1vaj\u00ed r\u00e1mce vesnic a zem\u011bd\u011blsk\u00e9 okraje. Kopce, \u0159eky a z\u00e1plavov\u00e9 oblasti Teutobursk\u00e9ho lesa utv\u00e1\u0159ej\u00ed jak ekonomiku, tak i voln\u00fd \u010das, od turistick\u00fdch stezek po cyklostezky, od zimn\u00edch trh\u016f po letn\u00ed koncerty pod \u0161ir\u00fdm nebem.<\/p>\n<p>V celku je Bad Salzuflen \u017eivouc\u00ed kronikou: m\u00edstem, kde slan\u00e1 voda kdysi va\u0159ila ve st\u0159edov\u011bk\u00fdch d\u00edln\u00e1ch, pozd\u011bji bublala term\u00e1ln\u00edmi vrty, nyn\u00ed st\u00e9k\u00e1 do modern\u00edch stavidel Gradierwerke; kde obrn\u011bn\u00e9 br\u00e1ny ustoupily l\u00e1ze\u0148sk\u00fdm bran\u00e1m; kde kostely zahrnuj\u00edc\u00ed tis\u00edcilet\u00ed \u0159emesln\u00e9ho um\u011bn\u00ed stoj\u00ed v tich\u00e9 solidarit\u011b. Je to m\u011bsto um\u011b\u0159en\u00fdch kontrast\u016f \u2013 klinick\u00e9ho a bukolick\u00e9ho, komunitn\u00edho a introspektivn\u00edho, historick\u00e9ho a proz\u00edrav\u00e9ho. Zde se podzemn\u00ed vzpom\u00ednky zem\u011b zdv\u00edhaj\u00ed, aby uspokojily pot\u0159eby t\u011bla i du\u0161e, a potvrzuj\u00ed tak trvalou roli Bad Salzuflenu jako l\u00e9\u010div\u00e9 zahrady N\u011bmecka.<\/p>","protected":false},"excerpt":{"rendered":"<p>Bad Salzuflen je m\u011bsto a term\u00e1ln\u00ed l\u00e1zn\u011b v okrese Lippe v Severn\u00edm Por\u00fdn\u00ed-Vestf\u00e1lsku v N\u011bmecku. S 52 121 lidmi, kte\u0159\u00ed tam v roce 2013 \u017eij\u00ed, byla tato kr\u00e1sn\u00e1 lokalita velmi hust\u011b obydlena v regionu North Lippe. V\u00fdrazn\u00e1 topografie m\u011bsta, bohat\u00e1 minulost a zn\u00e1m\u00e1 l\u00e1ze\u0148sk\u00e1 za\u0159\u00edzen\u00ed p\u0159isp\u011bly k vysv\u011btlen\u00ed jeho obl\u00edbenosti mezi obyvateli i n\u00e1v\u0161t\u011bvn\u00edky hledaj\u00edc\u00edmi odpo\u010dinek a obnovu.<\/p>","protected":false},"author":1,"featured_media":17457,"parent":13736,"menu_order":0,"comment_status":"closed","ping_status":"closed","template":"elementor_theme","meta":{"_eb_attr":"","footnotes":""},"class_list":["post-16682","page","type-page","status-publish","has-post-thumbnail"],"_links":{"self":[{"href":"https:\/\/travelshelper.com\/cs\/wp-json\/wp\/v2\/pages\/16682","targetHints":{"allow":["GET"]}}],"collection":[{"href":"https:\/\/travelshelper.com\/cs\/wp-json\/wp\/v2\/pages"}],"about":[{"href":"https:\/\/travelshelper.com\/cs\/wp-json\/wp\/v2\/types\/page"}],"author":[{"embeddable":true,"href":"https:\/\/travelshelper.com\/cs\/wp-json\/wp\/v2\/users\/1"}],"replies":[{"embeddable":true,"href":"https:\/\/travelshelper.com\/cs\/wp-json\/wp\/v2\/comments?post=16682"}],"version-history":[{"count":0,"href":"https:\/\/travelshelper.com\/cs\/wp-json\/wp\/v2\/pages\/16682\/revisions"}],"up":[{"embeddable":true,"href":"https:\/\/travelshelper.com\/cs\/wp-json\/wp\/v2\/pages\/13736"}],"wp:featuredmedia":[{"embeddable":true,"href":"https:\/\/travelshelper.com\/cs\/wp-json\/wp\/v2\/media\/17457"}],"wp:attachment":[{"href":"https:\/\/travelshelper.com\/cs\/wp-json\/wp\/v2\/media?parent=16682"}],"curies":[{"name":"wp","href":"https:\/\/api.w.org\/{rel}","templated":true}]}}