{"id":16666,"date":"2024-09-23T16:42:12","date_gmt":"2024-09-23T16:42:12","guid":{"rendered":"https:\/\/travelshelper.com\/staging\/?page_id=16666"},"modified":"2026-03-12T00:23:22","modified_gmt":"2026-03-12T00:23:22","slug":"bad-oeynhausen","status":"publish","type":"page","link":"https:\/\/travelshelper.com\/cs\/destinations\/europe\/germany\/bad-oeynhausen\/","title":{"rendered":"Bad Oeynhausen"},"content":{"rendered":"<p>Bad Oeynhausen, domov t\u00e9m\u011b\u0159 50 000 obyvatel a rozkl\u00e1daj\u00edc\u00ed se na plo\u0161e 64,83 kilometr\u016f \u010dtvere\u010dn\u00edch na ji\u017en\u00edm svahu poho\u0159\u00ed Wiehen, se rozv\u00edj\u00ed jako l\u00e1ze\u0148sk\u00e9 m\u011bsto trval\u00e9ho v\u00fdznamu. Nach\u00e1z\u00ed se na lev\u00e9m b\u0159ehu \u0159eky Vezery v regionu V\u00fdchodn\u00ed Vestf\u00e1lsko-Lippe v Severn\u00edm Por\u00fdn\u00ed-Vestf\u00e1lsku, \u010dty\u0159icet kilometr\u016f severov\u00fdchodn\u011b od Bielefeldu a asi osmdes\u00e1t kilometr\u016f z\u00e1padn\u011b od Hannoveru. Od sv\u00fdch po\u010d\u00e1tk\u016f jako l\u00e1ze\u0148sk\u00e9ho st\u0159ediska v 19. stolet\u00ed \u2013 ukotven\u00e9ho term\u00e1ln\u00edmi prameny, kter\u00e9 pozd\u011bji poskytly nejperliv\u011bj\u0161\u00ed solnou font\u00e1nu na sv\u011bt\u011b \u2013 a\u017e po svou roli jako pov\u00e1le\u010dn\u00e9ho s\u00eddla britsk\u00e9 vojensk\u00e9 vl\u00e1dy je v\u00fdvoj m\u011bsta neodd\u011bliteln\u00fd od jeho geologie, vodn\u00edch tok\u016f a l\u00e9\u010div\u00fdch vod.<\/p>\n<p>Od prvn\u00edch vrt\u016f v 50. letech 18. stolet\u00ed a\u017e po Jordansprudel, kter\u00fd se za klidn\u00e9ho po\u010das\u00ed vyklenuje a\u017e na \u010dty\u0159icet metr\u016f, ur\u010dovaly prameny Bad Oeynhausenu jeho osud. Oeynhausensk\u00fd pramen, vyhlouben\u00fd v roce 1839 a postupn\u011b vrtan\u00fd do hloubky p\u0159esahuj\u00edc\u00ed v 70. letech 20. stolet\u00ed 19. stolet\u00ed, upoutal pozornost Alexandra von Humboldta. N\u00e1sledn\u00e9 vrty \u2013 prameny Kaisera Wilhelma, Morsbacha, Jordana, Dr. Schmida, Alexandra von Humboldta a Gerta Michela \u2013 ka\u017ed\u00fd z nich p\u0159idal novou kapitolu do technick\u00e9ho a architektonick\u00e9ho rozvoje l\u00e1zn\u00ed. Vrchol t\u011b\u017eby soli sice pominul, ale l\u00e9\u010div\u00e9 solanky st\u00e1le z\u00e1sobuj\u00ed l\u00e1ze\u0148sk\u00fd park l\u00e1ze\u0148sk\u00fdm domem II, Bali-Therme a zdravotnick\u00e1 za\u0159\u00edzen\u00ed, jejich\u017e fas\u00e1dy evokuj\u00ed neoklasicistn\u00ed a neorenesan\u010dn\u00ed vzne\u0161enost.<\/p>\n<p>Krajinu m\u011bsta utv\u00e1\u0159ej\u00ed \u0159eky Werre a Weser. Werre m\u011bsto rozd\u011bluje a nese plochou z\u00e1plavovou oblast z p\u00edsku, \u0161t\u011brku a j\u00edlu, kter\u00e1 vy\u017eaduje pe\u010dliv\u00e9 ohrazen\u00ed ze strany region\u00e1ln\u00edch vodohospod\u00e1\u0159sk\u00fdch \u00fa\u0159ad\u016f. Na severn\u00edm b\u0159ehu se u Uphauser Berg strm\u011b zvedaj\u00ed vrchy Wiehen Hills do v\u00fd\u0161ky 267 metr\u016f, zat\u00edmco na ji\u017en\u00ed stran\u011b krajina p\u0159ech\u00e1z\u00ed do Lippesk\u00e9 pahorkatiny. Stup\u0148ovit\u00e9 terasy, formovan\u00e9 s\u00e1lskou a weichselskou dobou ledovou, sv\u011bd\u010d\u00ed o ledovcov\u00fdch usazenin\u00e1ch spra\u0161e a bludn\u00fdch balvan\u016f. Mimo centrum m\u011bsta se nach\u00e1z\u00ed \u0161est mal\u00fdch p\u0159\u00edrodn\u00edch rezervac\u00ed a \u010dty\u0159i krajinn\u00e9 pam\u00e1tkov\u00e9 z\u00f3ny, kter\u00e9 chr\u00e1n\u00ed \u00fadol\u00ed Sieke, zalesn\u011bn\u00e9 h\u0159ebeny a b\u0159ehov\u00e9 louky; m\u00edstn\u00ed pl\u00e1ny chr\u00e1n\u00ed miner\u00e1ln\u00ed prameny od roku 1995.<\/p>\n<p>V r\u00e1mci t\u011bchto kopc\u016f a z\u00e1plavov\u00fdch oblast\u00ed se od historick\u00e9ho j\u00e1dra Bad Oeynhausenu p\u0159es Lohe, Oberbecksen, Rehme, Bergkirchen, Bad Oexen a okrajov\u00e9 obce Eidinghausen a Wulferdingsen rozkl\u00e1d\u00e1 s\u00ed\u0165 osmi okres\u016f \u2013 slou\u010den\u00fdch podle z\u00e1kona o Bielefeldu z roku 1973. Ka\u017ed\u00fd z nich si zachov\u00e1v\u00e1 osobit\u00fd charakter: \u0159\u00ed\u010dn\u00ed louky v Rehme, pr\u016fsmyk lemovan\u00fd kostely v Bergkirchenu, onkologick\u00e1 klinika v Bad Oexenu zasazen\u00e1 uprost\u0159ed parku. B\u00fdval\u00e9 obce Rothenuffeln a Gohfeld p\u0159isp\u00edvaj\u00ed rozlohou k administrativn\u00ed map\u011b m\u011bsta a jeho kulturn\u00ed struktu\u0159e.<\/p>\n<p>Klima Bad Oeynhausenu, klasifikovan\u00e9 jako tepl\u00e9 m\u00edrn\u00e9 a de\u0161tiv\u00e9 (Cfb) s podoce\u00e1nsk\u00fdmi tendencemi, nab\u00edz\u00ed m\u00edrn\u00e9 zimy a l\u00e9ta, kter\u00e1 z\u0159\u00eddka p\u0159ekro\u010d\u00ed dvacet dva stup\u0148\u016f. \u201eM\u00edrn\u00e9 l\u00e9\u010div\u00e9 klima\u201c v l\u00e1ze\u0148sk\u00e9 terminologii, jeho st\u00e1l\u00e9 sr\u00e1\u017eky a m\u00edrn\u00e9 teplotn\u00ed v\u00fdkyvy jsou z\u00e1kladem l\u00e9\u010debn\u00fdch re\u017eim\u016f od poloviny 19. stolet\u00ed. Zahradn\u00ed n\u00e1vrhy Petera Josepha Lenn\u00e9ho reagovaly na toto m\u00edrn\u00e9 prost\u0159ed\u00ed: 26hektarov\u00fd l\u00e1ze\u0148sk\u00fd park, zalo\u017een\u00fd v letech 1851 a\u017e 1853, se op\u00edr\u00e1 o Korso-Ring, t\u0159\u00eddu obklopenou font\u00e1nami, pavilony a l\u00e1ze\u0148sk\u00fdmi domy, jejich\u017e symetrie je i v dne\u0161n\u00edm uli\u010dn\u00edm pl\u00e1nu \u010diteln\u00e1.<\/p>\n<p>Architektonick\u00e9 prvky v parku sahaj\u00ed od st\u0159\u00edzliv\u00fdch l\u00e1zn\u00ed I (1852\u201357) a\u017e po zdobn\u011bj\u0161\u00ed l\u00e1zn\u011b II, p\u0159estav\u011bn\u00e9 v roce 1885 v pal\u00e1cov\u00e9m stylu. Novobarokn\u00ed Kurhaus (1905\u201308) se stal C\u00edsa\u0159sk\u00fdm pal\u00e1cem, jeho interi\u00e9ry byly upraveny pro estr\u00e1dn\u00ed divadlo, restauraci a no\u010dn\u00ed klub, zat\u00edmco pozd\u011bj\u0161\u00ed ve\u0159ejn\u00e9 divadlo, foyer a fresky ve foyeru signalizuj\u00ed vyv\u00edjej\u00edc\u00ed se vkus na po\u010d\u00e1tku 20. stolet\u00ed. Modernistick\u00e9 l\u00e1zn\u011b II, postaven\u00e9 v roce 1960 a nahrazen\u00e9 po po\u017e\u00e1ru v roce 2002, se nach\u00e1zej\u00ed hned vedle parku Oeynhauser Schweiz. Nedaleko se nach\u00e1z\u00ed zvln\u011bn\u00e1 st\u0159echa Rodi\u010dovsk\u00e9ho domu Ronalda McDonalda od Franka O. Gehryho, kter\u00e1 o\u017eivuje pobyt rodin s mlad\u00fdmi pacienty s kardiovaskul\u00e1rn\u00edmi onemocn\u011bn\u00edmi \u2013 sou\u010dasn\u00fd odkaz na l\u00e9ka\u0159sk\u00e9 posl\u00e1n\u00ed m\u011bsta.<\/p>\n<p>L\u00e9ka\u0159sk\u00e1 p\u00e9\u010de z\u016fst\u00e1v\u00e1 pro m\u011bsto \u017eivotod\u00e1rnou silou. Od rehabilita\u010dn\u00ed kliniky Maternus, kter\u00e1 se zab\u00fdv\u00e1 ortopedick\u00fdmi, degenerativn\u00edmi a neurologick\u00fdmi p\u0159\u00edpady, a\u017e po Klinik am Korso, jedin\u00e9 za\u0159\u00edzen\u00ed v N\u011bmecku v\u011bnovan\u00e9 v\u00fdhradn\u011b poruch\u00e1m p\u0159\u00edjmu potravy, existuje nep\u0159ebern\u00e9 mno\u017estv\u00ed specializovan\u00fdch center. Rehabilita\u010dn\u00ed klinika Median se zab\u00fdv\u00e1 pot\u0159ebami muslimsk\u00fdch pacient\u016f, zat\u00edmco Kardiologick\u00e9 a diabetologick\u00e9 centrum Severn\u00ed Por\u00fdn\u00ed-Vestf\u00e1lsko \u2013 sou\u010d\u00e1st univerzitn\u00edch nemocnic v Por\u00fa\u0159\u00ed \u2013 je p\u0159edn\u00edm transplanta\u010dn\u00edm za\u0159\u00edzen\u00edm v Evrop\u011b. N\u00e1sledn\u00e1 onkologick\u00e1 p\u00e9\u010de l\u00e1k\u00e1 pacienty na kliniku Bad Oexen v Eidinghausenu a m\u011bstsk\u00e1 nemocnice, znovuzrozen\u00e1 po v\u00e1le\u010dn\u00e9 evakuaci, zaji\u0161\u0165uje v\u0161eobecnou l\u00e9ka\u0159skou p\u00e9\u010di v po\u0161tovn\u00edch obvodech.<\/p>\n<p>Tato zdravotnick\u00e1 za\u0159\u00edzen\u00ed dopl\u0148uj\u00ed s\u00ed\u0165 kulturn\u00edch za\u0159\u00edzen\u00ed, kter\u00e1 o\u017eivuj\u00ed obyvatele i n\u00e1v\u0161t\u011bvn\u00edky. Divadlo Theater im Park p\u0159itahuje z\u00e1jezdn\u00ed soubory a orchestr\u00e1ln\u00ed rezidence, zat\u00edmco varietn\u00ed show GOP v l\u00e1ze\u0148sk\u00e9m parku p\u0159ipom\u00edn\u00e1 z\u00e1bavu z l\u00e1ze\u0148sk\u00e9 \u00e9ry. Muzeum n\u011bmeck\u00fdch poh\u00e1dek a vez\u00e9rsk\u00fdch legend, kter\u00e9 s\u00eddl\u00ed v historizuj\u00edc\u00ed vile, sleduje m\u00edstn\u00ed folkl\u00f3r a\u017e k brat\u0159\u00edm Grimm\u016fm a za\u010dle\u0148uje Bad Oeynhausen do N\u011bmeck\u00e9 poh\u00e1dkov\u00e9 stezky. Naproti tomu Muzejn\u00ed statek v krajin\u00e1\u0159sk\u00e9m parku Siekertal zachov\u00e1v\u00e1 venkovsk\u00e9 stavby ze 17. a 18. stolet\u00ed a propojuje zem\u011bd\u011blsk\u00fd \u017eivotn\u00ed styl se sou\u010dasnou v\u00fdsadbou a uk\u00e1zkami hospodyn\u011bn\u00ed.<\/p>\n<p>Mimo zelen\u00e9 hranice l\u00e1zn\u00ed se doklady del\u0161\u00ed historie Bad Oeynhausenu objevuj\u00ed ve farn\u00edch kostelech v Bergkirchenu, Rehme a Volmerdingsenu \u2013 dochovan\u00fdch st\u0159edov\u011bk\u00fdch v\u011b\u017e\u00edch, kter\u00e9 ukotvuj\u00ed vesnick\u00e9 uli\u010dky \u2013 a v ml\u00fdnech, jako jsou Sch\u00f6nem\u00fchle a Hofwasserm\u00fchle, p\u0159ipom\u00ednk\u00e1ch \u0159\u00ed\u010dn\u00ed ekonomiky, kter\u00e1 je dnes oslavov\u00e1na na Vestf\u00e1lsk\u00e9 ml\u00fdnsk\u00e9 cest\u011b. Pek\u00e1rny, b\u00fdval\u00e9 lomy a hrad Ovelg\u00f6nne s vodn\u00edm p\u0159\u00edkopem nab\u00edzej\u00ed dal\u0161\u00ed pohledy na m\u00edstn\u00ed d\u011bdictv\u00ed, zat\u00edmco Energetick\u00e9 f\u00f3rum pro inovace na silnici B 61, dal\u0161\u00ed Gehryho projekt, signalizuje pokra\u010duj\u00edc\u00ed dialog mezi historismem a avantgardn\u00ed formou.<\/p>\n<p>V ulic\u00edch m\u011bsta se nach\u00e1zej\u00ed pam\u00e1tky, kter\u00e9 dokl\u00e1daj\u00ed identitu Bad Oeynhausenu: Prase\u010d\u00ed font\u00e1na, drze p\u0159ipom\u00ednaj\u00edc\u00ed legendu o objeven\u00ed soli prasaty; Pomn\u00edk vora\u0159\u016f na soutoku \u0159ek Werre a Weser, sv\u011bd\u010d\u00edc\u00ed o n\u011bkdej\u0161\u00edm \u0159\u00ed\u010dn\u00edm obchodu; a alegorick\u00e9 sochy Hygiei a Naj\u00e1dy, jejich\u017e plynul\u00e9 tvary evokuj\u00ed l\u00e9\u010div\u00fd p\u0159\u00edslib miner\u00e1ln\u00edch vod. Busty technick\u00fdch zakladatel\u016f Oeynhausenu a jeho krajin\u00e1\u0159sk\u00e9ho architekta, odlit\u00e9 z bronzu, stoj\u00ed v l\u00e1ze\u0148sk\u00fdch zahrad\u00e1ch jako str\u00e1\u017en\u00ed a p\u0159ipom\u00ednaj\u00ed dobu, kdy l\u00e1ze\u0148sk\u00e1 m\u011bsta soupe\u0159ila v architektonick\u00e9 n\u00e1dhe\u0159e.<\/p>\n<p>Mobilita ve m\u011bst\u011b vyva\u017euje d\u011bdictv\u00ed a modernitu. \u00dadol\u00edm Werre vede \u017eeleznice Kol\u00edn nad R\u00fdnem a Minden a d\u00e1lnice A30, zat\u00edmco okresn\u00ed silnice stoupaj\u00ed k h\u0159ebenu Wiehen. Znovuobjeven\u00e1 \u010dtvr\u0165 zahradn\u00edho m\u011bsta na Hindenburgstra\u00dfe je prezentac\u00ed urbanistick\u00e9ho pl\u00e1nov\u00e1n\u00ed z po\u010d\u00e1tku 20. stolet\u00ed a turistick\u00fd vl\u00e1\u010dek s n\u00edzk\u00fdmi emisemi \u2013 p\u0159ezd\u00edvan\u00fd \u201eEmil, tla\u010ditel mrak\u016f\u201c a jeho prot\u011bj\u0161ek \u201eMinna\u201c \u2013 spojuje v letn\u00edch m\u011bs\u00edc\u00edch br\u00e1ny parku s n\u00e1v\u0161t\u011bvnick\u00fdmi centry. V z\u00e1plavov\u00e9 oblasti Werre vyu\u017e\u00edvaj\u00ed jezdeck\u00e1 za\u0159\u00edzen\u00ed otev\u0159en\u00e9 louky, co\u017e potvrzuje vztah m\u011bsta k jeho vodn\u00edm tok\u016fm.<\/p>\n<p>Spr\u00e1va p\u0159\u00edrodn\u00edch zdroj\u016f je i nad\u00e1le sporn\u00e1. Pl\u00e1ny na t\u011b\u017ebu ledovcov\u00e9ho \u0161t\u011brku z nivy \u0159eky Vezera v Rehme vedly k \u017ealob\u00e1m ze strany m\u011bstsk\u00fdch \u00fa\u0159ad\u016f, kter\u00e9 se ob\u00e1vaj\u00ed naru\u0161en\u00ed ekologick\u00e9 situace. Ochran\u00e1\u0159sk\u00e9 skupiny paradoxn\u011b o\u010dek\u00e1vaj\u00ed, \u017ee b\u00fdval\u00e9 t\u011b\u017eebn\u00ed j\u00e1my se mohou vyvinout v biologicky rozmanit\u00e9 mok\u0159ady. Geoterm\u00e1ln\u00ed potenci\u00e1l spodnojursk\u00fdch formac\u00ed pod hranicemi m\u011bsta slibuje obnoviteln\u00e9 teplo, a\u010dkoli rozs\u00e1hl\u00e9 ochrann\u00e9 z\u00f3ny vod omezuj\u00ed vrt\u00e1n\u00ed. V\u011btrn\u00e1 energie se objevuje ve dvou skromn\u00fdch turb\u00edn\u00e1ch ve Wulferdingsenu, kter\u00e9 dosud nebyly v\u00fdznamn\u011b roz\u0161\u00ed\u0159eny.<\/p>\n<p>L\u00e1ze\u0148sk\u00fd park dopl\u0148uje Aqua Magica \u2013 v\u00fdstavn\u00ed krajina sd\u00edlen\u00e1 se sousedn\u00edm L\u00f6hne \u2013 kter\u00e1 vyb\u00edz\u00ed k prozkoum\u00e1n\u00ed socha\u0159sk\u00fdch mo\u017enost\u00ed vody. Pro St\u00e1tn\u00ed zahradn\u00ed v\u00fdstavu v roce 2000 ji navrhli Henri Bava a Olivier Philippe. Jej\u00edm nejv\u00fdrazn\u011bj\u0161\u00edm prvkem je Vodn\u00ed kr\u00e1ter, zapu\u0161t\u011bn\u00e1 font\u00e1na, do kter\u00e9 n\u00e1v\u0161t\u011bvn\u00edci vstupuj\u00ed po schodech. Od roku 2009 prov\u011b\u0159uje rovnov\u00e1hu a odvahu p\u0159ilehl\u00e9 lanov\u00e9 centrum s pozad\u00edm vodn\u00edch prvk\u016f a lesa.<\/p>\n<p>Kone\u010dn\u011b, deset h\u0159bitov\u016f v Bad Oeynhausenu mapuje dialog m\u011bsta se smrtelnost\u00ed a pam\u011bt\u00ed ve 20. stolet\u00ed. Nejv\u011bt\u0161\u00ed, zalo\u017een\u00fd v roce 1910 ve Werste, dokl\u00e1d\u00e1 poh\u0159by v m\u011bstsk\u00e9m m\u011b\u0159\u00edtku, zat\u00edmco Mooskamp v Rehme \u2013 zakl\u00e1dan\u00fd od roku 1935 \u2013 se nach\u00e1z\u00ed pobl\u00ed\u017e d\u00e1lnice A30 a p\u0159ipom\u00edn\u00e1 posouvaj\u00edc\u00ed se hranice mezi \u017eivotem a obchodem, krajinou a infrastrukturou. Tato m\u00edsta odpo\u010dinku dohromady tvo\u0159\u00ed s\u00ed\u0165 m\u00edst k zamy\u0161len\u00ed uprost\u0159ed zvln\u011bn\u00e9 topografie m\u011bsta.<\/p>\n<p>Podstata Bad Oeynhausenu se vyno\u0159uje pouze ze souhry jeho pramen\u016f a v\u011b\u017e\u00ed, park\u016f a nemocnic, \u0159ek a horsk\u00fdch h\u0159eben\u016f. P\u0159esto odol\u00e1v\u00e1 jak nads\u00e1zce pohlednice, tak chladn\u00fdm metrik\u00e1m pl\u00e1novac\u00ed zpr\u00e1vy. Jeho l\u00e9\u010div\u00e9 vody st\u00e1le te\u010dou, kliniky z\u016fst\u00e1vaj\u00ed v pop\u0159ed\u00ed l\u00e9ka\u0159sk\u00fdch inovac\u00ed a jeho zahrady \u0161eptaj\u00ed historii p\u00e9\u010de vyrytou do kamene a strom\u016f. V tomto prol\u00edn\u00e1n\u00ed p\u0159\u00edrody, v\u011bdy a designu m\u011bsto p\u0159etrv\u00e1v\u00e1 jako \u00falo\u017ei\u0161t\u011b lidsk\u00e9 nad\u011bje a odolnosti \u2013 svatyn\u011b pod \u0161ir\u00fdm nebem, kde se geologie, hydrologie a architektura prol\u00ednaj\u00ed ve slu\u017eb\u00e1ch t\u011bla i ducha.<\/p>","protected":false},"excerpt":{"rendered":"<p>Bad Oeynhausen, m\u011bsto le\u017e\u00edc\u00ed v okrese Minden-L\u00fcbbecke v Severn\u00edm Por\u00fdn\u00ed-Vestf\u00e1lsku v N\u011bmecku, se m\u016f\u017ee pochlubit populac\u00ed t\u00e9m\u011b\u0159 50 000 obyvatel, co\u017e z n\u011bj \u010din\u00ed druh\u00e9 nejv\u011bt\u0161\u00ed m\u011bsto v okrese. Tato okouzluj\u00edc\u00ed lokalita, prodchnut\u00e1 histori\u00ed a zn\u00e1m\u00e1 sv\u00fdmi l\u00e9\u010div\u00fdmi prameny, nab\u00edz\u00ed fascinuj\u00edc\u00ed sm\u011bs p\u0159\u00edrodn\u00edch kr\u00e1s, historick\u00e9ho v\u00fdznamu a modern\u00edch l\u00e9ka\u0159sk\u00fdch pokrok\u016f.<\/p>","protected":false},"author":1,"featured_media":17611,"parent":13736,"menu_order":0,"comment_status":"closed","ping_status":"closed","template":"elementor_theme","meta":{"_eb_attr":"","footnotes":""},"class_list":["post-16666","page","type-page","status-publish","has-post-thumbnail"],"_links":{"self":[{"href":"https:\/\/travelshelper.com\/cs\/wp-json\/wp\/v2\/pages\/16666","targetHints":{"allow":["GET"]}}],"collection":[{"href":"https:\/\/travelshelper.com\/cs\/wp-json\/wp\/v2\/pages"}],"about":[{"href":"https:\/\/travelshelper.com\/cs\/wp-json\/wp\/v2\/types\/page"}],"author":[{"embeddable":true,"href":"https:\/\/travelshelper.com\/cs\/wp-json\/wp\/v2\/users\/1"}],"replies":[{"embeddable":true,"href":"https:\/\/travelshelper.com\/cs\/wp-json\/wp\/v2\/comments?post=16666"}],"version-history":[{"count":0,"href":"https:\/\/travelshelper.com\/cs\/wp-json\/wp\/v2\/pages\/16666\/revisions"}],"up":[{"embeddable":true,"href":"https:\/\/travelshelper.com\/cs\/wp-json\/wp\/v2\/pages\/13736"}],"wp:featuredmedia":[{"embeddable":true,"href":"https:\/\/travelshelper.com\/cs\/wp-json\/wp\/v2\/media\/17611"}],"wp:attachment":[{"href":"https:\/\/travelshelper.com\/cs\/wp-json\/wp\/v2\/media?parent=16666"}],"curies":[{"name":"wp","href":"https:\/\/api.w.org\/{rel}","templated":true}]}}