{"id":16648,"date":"2024-09-23T16:18:29","date_gmt":"2024-09-23T16:18:29","guid":{"rendered":"https:\/\/travelshelper.com\/staging\/?page_id=16648"},"modified":"2026-03-12T00:24:17","modified_gmt":"2026-03-12T00:24:17","slug":"bad-kissingen","status":"publish","type":"page","link":"https:\/\/travelshelper.com\/cs\/destinations\/europe\/germany\/bad-kissingen\/","title":{"rendered":"Bad Kissingen"},"content":{"rendered":"<p>Bad Kissingen, l\u00e1ze\u0148sk\u00e9 m\u011bsto s p\u0159ibli\u017en\u011b 23 245 obyvateli, rozkl\u00e1daj\u00edc\u00ed se na plo\u0161e 69,92 kilometr\u016f \u010dtvere\u010dn\u00edch, le\u017e\u00ed na fransk\u00e9 \u0159ece S\u00e1lu ji\u017en\u011b od poho\u0159\u00ed Rh\u00f6n v bavorsk\u00e9m Doln\u00edm Franku. Jeho status st\u00e1tn\u00edch l\u00e1zn\u00ed a okresn\u00edho s\u00eddla, spolu s elegantn\u00ed architekturou 19. a po\u010d\u00e1tku 20. stolet\u00ed a miner\u00e1ln\u00edmi prameny zaznamenan\u00fdmi od roku 823 n. l., mu vynesl v roce 2021 za\u0159azen\u00ed na seznam sv\u011btov\u00e9ho d\u011bdictv\u00ed UNESCO \u201eVelk\u00e1 l\u00e1ze\u0148sk\u00e1 m\u011bsta Evropy\u201c. Od prvn\u00edho zm\u00ednky o \u201echizzicha\u201c v roce 801 a\u017e po rozkv\u011bt vy\u0161\u0161\u00ed spole\u010dnosti za Ludv\u00edka I. a prince regenta Luitpolda se v p\u0159\u00edb\u011bhu Bad Kissingenu prol\u00edn\u00e1 l\u00e9\u010div\u00e1 voda, politick\u00e9 intriky a z\u00e1vazek k pohodl\u00ed host\u016f, kter\u00fd p\u0159etrv\u00e1v\u00e1 dodnes.<\/p>\n<p>Nejstar\u0161\u00ed atrakce m\u011bsta se soust\u0159edily na jeho miner\u00e1ln\u00ed prameny, kter\u00e9 byly zaznamen\u00e1ny za panstv\u00ed opatstv\u00ed Fulda na po\u010d\u00e1tku 9. stolet\u00ed a pozd\u011bji za hrabat z Hennebergu a biskup\u016f z W\u00fcrzburgu. Do roku 1279 z\u00edskal Kissingen m\u011bstsk\u00fd status a v 16. stolet\u00ed byl form\u00e1ln\u011b uzn\u00e1n jako l\u00e1zn\u011b: v roce 1520 zde vyhledal \u00falevu prvn\u00ed dolo\u017een\u00fd host. Za\u010dlen\u011bn\u00ed do Bavorsk\u00e9ho kr\u00e1lovstv\u00ed v roce 1814 otev\u0159elo cesty ke kr\u00e1lovsk\u00e9 z\u00e1\u0161tit\u011b; Ludv\u00edk I. nechal prov\u00e9st roz\u0161\u00ed\u0159en\u00ed, kter\u00e9 dalo l\u00e1ze\u0148sk\u00e9 \u010dtvrti jej\u00ed velkolep\u00e9 promen\u00e1dy a ark\u00e1dy. Pov\u00fd\u0161en\u00ed na \u201eBad\u201c v roce 1883 znamenalo jeho za\u0159azen\u00ed mezi p\u0159edn\u00ed evropsk\u00e1 l\u00e1ze\u0148sk\u00e1 st\u0159ediska, \u201eWeltbad\u201c, kde hledali l\u00e9\u010debnou \u00falevu dvorn\u00ed n\u00e1v\u0161t\u011bvn\u00edci od c\u00edsa\u0159ovny Al\u017eb\u011bty Rakousk\u00e9 a\u017e po rusk\u00e9ho cara Alexandra II. a bavorsk\u00e9ho kr\u00e1le Ludv\u00edka II.<\/p>\n<p>Ne v\u0161echny d\u011bjiny Bad Kissingenu jsou uhlazen\u00e9. 10. \u010dervence 1866 se zde odehr\u00e1l nel\u00edtostn\u00fd st\u0159et v prusko-rakousk\u00e9 v\u00e1lce v Mainfeldzugu, kdy bavorsk\u00e1 vojska odolala prusk\u00e9mu postupu, ale byla pora\u017eena. C\u00edsa\u0159sk\u00fd kancl\u00e9\u0159 Otto von Bismarck, \u010dast\u00fd l\u00e1ze\u0148sk\u00fd host, zde b\u011bhem Kulturkampfu v roce 1874 p\u0159e\u017eil pokus o atent\u00e1t. Pozd\u011bji nadiktoval \u201eKissingensk\u00fd dikt\u00e1t\u201c z roku 1877, v n\u011bm\u017e stanovil z\u00e1sady n\u011bmeck\u00e9 zahrani\u010dn\u00ed politiky; v jeho b\u00fdval\u00e9 rezidenci se nyn\u00ed nach\u00e1z\u00ed Bismarckovo muzeum. V \u010dervnu 1911 se v radnici konala francouzsko-n\u011bmeck\u00e1 jedn\u00e1n\u00ed o marock\u00fdch z\u00e1le\u017eitostech \u2013 slep\u00e1 uli\u010dka, kter\u00e1 vyvolala Agadirskou krizi a p\u0159edznamenala nap\u011bt\u00ed 20. stolet\u00ed.<\/p>\n<p>Prvn\u00ed sv\u011btov\u00e1 v\u00e1lka a jej\u00ed n\u00e1sledky p\u0159inesly zm\u011bny v klientele: \u0161lechta ustoupila \u0161ir\u0161\u00ed st\u0159edn\u00ed t\u0159\u00edd\u011b a l\u00e1zn\u011b byly v roce 1945 uzav\u0159eny pouze na jeden rok. V p\u0159edve\u010der druh\u00e9 sv\u011btov\u00e9 v\u00e1lky se na okraji m\u011bsta ty\u010dily n\u011bmeck\u00e9 vojensk\u00e9 kas\u00e1rny; v roce 1945 je m\u00edrov\u011b p\u0159evzaly americk\u00e9 s\u00edly a do za\u010d\u00e1tku 90. let se z nich stala kas\u00e1rna Daley. Pov\u00e1le\u010dn\u00e9 kliniky soci\u00e1ln\u00edho zabezpe\u010den\u00ed podporovaly m\u00edstn\u00ed zam\u011bstnanost, dokud reformy zdravotn\u00edho poji\u0161t\u011bn\u00ed v 90. letech nesn\u00ed\u017eily financov\u00e1n\u00ed l\u00e1ze\u0148stv\u00ed, co\u017e vedlo k \u00fasil\u00ed obc\u00ed \u2013 podpo\u0159en\u00e9mu pr\u016fzkumem EMNID, kter\u00fd prohl\u00e1sil Bad Kissingen za nejzn\u00e1m\u011bj\u0161\u00ed n\u011bmeck\u00e9 l\u00e1zn\u011b \u2013 o diverzifikaci n\u00e1v\u0161t\u011bvnick\u00e9 z\u00e1kladny. Do roku 2015 v\u00edce ne\u017e 238 000 n\u00e1v\u0161t\u011bvn\u00edk\u016f p\u0159edstavovalo 1,5 milionu p\u0159enocov\u00e1n\u00ed, co\u017e sv\u011bd\u010d\u00ed o \u00fasp\u011b\u0161n\u00e9 obnov\u011b.<\/p>\n<p>Mezi modern\u00ed vybaven\u00ed pat\u0159\u00ed l\u00e1ze\u0148sk\u00e9 centrum KissSalis Therme, otev\u0159en\u00e9 v \u00fanoru 2004 jako l\u00e1ze\u0148sko-rekrea\u010dn\u00ed centrum, a N\u011bmecko-\u010d\u00ednsk\u00e1 fotbalov\u00e1 akademie, slavnostn\u011b otev\u0159en\u00e1 pozd\u011bji t\u00e9ho\u017e roku, aby hostila \u010d\u00ednsk\u00e9 olympijsk\u00e9 nad\u011bje. Srdcem m\u011bsta v\u0161ak z\u016fst\u00e1v\u00e1 jeho sedm miner\u00e1ln\u00edch pramen\u016f, v\u0161echny poch\u00e1zej\u00edc\u00ed ze zlomov\u00e9 z\u00f3ny Kissingen-Ha\u00dffurt a obohacen\u00e9 permsk\u00fdmi sediment\u00e1rn\u00edmi vrstvami. \u0160est je studen\u00fdch, s vysok\u00fdm obsahem sod\u00edku, uhli\u010ditan\u016f a s\u00edran\u016f; pouze term\u00e1ln\u00ed Sch\u00f6nborn\u016fv pramen poskytuje teplou vodu ke koup\u00e1n\u00ed. Ka\u017ed\u00fd pramen \u2013 od ikonick\u00e9 R\u00e1k\u00f3czyho font\u00e1ny z roku 1737, pojmenovan\u00e9 po ma\u010farsk\u00e9m hrdinovi Ferenci R\u00e1k\u00f3czim, a\u017e po ob\u010dasnou Kulatou font\u00e1nu z roku 1788 \u2013 i nad\u00e1le l\u00e1k\u00e1 n\u00e1v\u0161t\u011bvn\u00edky k pitn\u00fdm k\u00far\u00e1m, koupel\u00edm nebo inhala\u010dn\u00edm terapi\u00edm.<\/p>\n<p>Bad Kissingen je p\u0159\u00edkladem \u201esv\u011btov\u00e9ho l\u00e1zn\u011b\u201c nejen sv\u00fdmi vodami, ale i svou spole\u010denskou nab\u00eddkou. L\u00e1ze\u0148sk\u00e9 zahrady a promen\u00e1dy kdysi hostily koncerty, divadla a hry; dvo\u0159an\u00e9 a liter\u00e1ti se sch\u00e1zeli v \u010d\u00edt\u00e1rnach, jezdili na kon\u00edch nebo zkou\u0161eli \u0161t\u011bst\u00ed v kasinu. Jeho velkolep\u00e1 architektura \u2013 l\u00e1ze\u0148sk\u00e9 \u010dtvrti s vilami, obchodn\u00ed a l\u00e9\u010debn\u00e9 prostory propojen\u00e9 pas\u00e1\u017eemi \u2013 odr\u00e1\u017e\u00ed ambici bezprobl\u00e9mov\u011b propojit ve\u0159ejn\u00e9 prostory se zahradami, parky a \u0159\u00ed\u010dn\u00ed krajinou. V 19. stolet\u00ed poskytly nejmodern\u011bj\u0161\u00ed telegrafn\u00ed, telefonn\u00ed a dopravn\u00ed spojen\u00ed spolu s luxusn\u00edmi obchody a rozmanit\u00fdmi hotely m\u011bstu pohodl\u00ed, kter\u00e9 nenajdete ani v n\u011bkter\u00fdch velk\u00fdch m\u011bstech.<\/p>\n<p>Z administrativn\u00edho hlediska tvo\u0159\u00ed Bad Kissingen od roku 2016 spole\u010dn\u00e9 region\u00e1ln\u00ed centrum s Bad Neustadt, kde s\u00eddl\u00ed bavorsk\u00e9 st\u00e1tn\u00ed org\u00e1ny a nab\u00edz\u00ed konferen\u010dn\u00ed prostory, kter\u00e9 t\u011b\u017e\u00ed z jeho centr\u00e1ln\u00ed polohy. N\u00e1bo\u017eensk\u00e1 architektura odr\u00e1\u017e\u00ed jeho kosmopolitn\u00ed minulost: barokn\u00ed kostel sv. Jakuba nese pod \u0161tukem z 18. stolet\u00ed zbytky v\u011b\u017e\u00ed ze 14. stolet\u00ed, novogotick\u00e1 bazilika Nejsv\u011bt\u011bj\u0161\u00edho Srdce Je\u017e\u00ed\u0161ova (vysv\u011bcen\u00e1 v roce 1884) se ty\u010d\u00ed 67 metr\u016f k nebi a protestantsk\u00e9, anglik\u00e1nsk\u00e9 a rusk\u00e9 pravoslavn\u00e9 kostely z 19. stolet\u00ed sv\u011bd\u010d\u00ed o pluralitn\u00ed klientele. \u017didovskou p\u0159\u00edtomnost, zaznamenanou ve 13. stolet\u00ed, dnes p\u0159ipom\u00edn\u00e1 st\u00e1l\u00e1 expozice v \u017didovsk\u00e9m komunitn\u00edm centru.<\/p>\n<p>P\u0159i p\u0159ekro\u010den\u00ed franck\u00e9 S\u00e1ly naraz\u00ed n\u00e1v\u0161t\u011bvn\u00edci na p\u011bt silni\u010dn\u00edch most\u016f a dvan\u00e1ct l\u00e1vek pro p\u011b\u0161\u00ed, v\u010detn\u011b protiskluzov\u00e9ho mostu pro kon\u011b u Schweizer Haus; v dosahu jsou dv\u011b d\u00e1lni\u010dn\u00ed tepny (A 7 a A 71) a feder\u00e1ln\u00ed silnice B 286 a B 287. Jeden kilometr severn\u011b od m\u011bsta se nach\u00e1z\u00ed leti\u0161t\u011b Bad Kissingen. Od dubna do \u0159\u00edjna nab\u00edz\u00ed dostavn\u00edkov\u00e1 linka do Bad Bockletu \u017eiv\u00e9 spojen\u00ed se za\u0161l\u00fdmi cestami; m\u011bstsk\u00e9 a region\u00e1ln\u00ed autobusy \u2013 zdarma s l\u00e1ze\u0148skou kartou \u2013 obsluhuj\u00ed m\u00edstn\u00ed linky, zat\u00edmco parn\u00edk Saaleschiffahrt placht\u00ed mezi Rosengartenem a Unterer Saline. Kone\u010dn\u00e1 stanice m\u011bsta spojuje linky Gem\u00fcnden\u2013Bad Kissingen a Ebenhausen\u2013Bad Kissingen s p\u0159\u00edm\u00fdmi spoji do Schweinfurtu, W\u00fcrzburgu, Bambergu, Frankfurtu a dal\u0161\u00edch m\u011bst.<\/p>\n<p>Panoramatick\u00e9 v\u00fdhledy nab\u00edz\u00ed dvoj\u010data hradu Botenlauben, ty\u010d\u00edc\u00ed se na jihov\u00fdchodn\u00edm h\u0159ebeni, jejich\u017e hradby z 12. stolet\u00ed p\u0159ipom\u00ednaj\u00ed k\u0159i\u017e\u00e1ck\u00e9 tradice a po\u017e\u00e1ry selsk\u00e9 v\u00e1lky. Tyto ruiny o\u017eivuje ka\u017edoro\u010dn\u00ed Botenlaubensk\u00fd festival, kter\u00fd se kon\u00e1 v polovin\u011b z\u00e1\u0159\u00ed. Z\u00e1padn\u011b odtud se na vrcholu kopce Altenberg nach\u00e1z\u00ed 284 metr\u016f vysok\u00fd park a pavilon z roku 1848 (\u201eBellevue\u201c), kter\u00e9 nab\u00edzej\u00ed v\u00fdhled na l\u00e1ze\u0148skou \u010dtvr\u0165, korunovanou pam\u00e1tn\u00edkem Sissi. D\u00e1le na jih se na vrcholu Scheinbergu ve v\u00fd\u0161ce 420 metr\u016f ty\u010d\u00ed 33 metr\u016f vysok\u00e1 Wittelsbachova jubilejn\u00ed v\u011b\u017e, postaven\u00e1 v roce 1907 u p\u0159\u00edle\u017eitosti st\u00e9ho v\u00fdro\u010d\u00ed Bavorska, s vyhl\u00eddkovou plo\u0161inou, na kterou vede 120 schod\u016f.<\/p>\n<p>V historick\u00e9m j\u00e1dru m\u011bsta se nach\u00e1z\u00ed Nov\u00e1 radnice, b\u00fdval\u00fd z\u00e1mek Lochner-Heu\u00dflein (1707\u201310), barokn\u00ed klenot z dynastie Dientzenhofer\u016f, kter\u00fd byl v roce 1929 p\u0159estav\u011bn k m\u011bstsk\u00e9mu vyu\u017eit\u00ed. Nedaleko se nach\u00e1z\u00ed renesan\u010dn\u00ed Star\u00e1 radnice z roku 1577, kter\u00e1 slou\u017e\u00ed jako kulturn\u00ed v\u00fdstavn\u00ed centrum. Pr\u016fmyslov\u00e9 d\u011bdictv\u00ed se dochovalo v podob\u011b \u010derpadel solanky a zrekonstruovan\u00fdch \u010d\u00e1st\u00ed promo\u010dn\u00ed v\u011b\u017ee v Doln\u00edch soln\u00fdch z\u00e1vodech, kter\u00e9 p\u0159ipom\u00ednaj\u00ed tis\u00edciletou tradici m\u011bsta v oblasti v\u00fdroby soli. V are\u00e1lu Horn\u00ed Soln\u00e9, poch\u00e1zej\u00edc\u00edm z roku 1767, se nach\u00e1z\u00ed Muzeum Horn\u00ed Soln\u00e9 a Bismarckovo muzeum, kter\u00e9 uchov\u00e1v\u00e1 kancl\u00e9\u0159ovu l\u00e1ze\u0148skou rezidenci a dikt\u00e1tn\u00ed m\u00edstnost.<\/p>\n<p>Pam\u00e1tn\u00edky v l\u00e1ze\u0148sk\u00fdch zahrad\u00e1ch uct\u00edvaj\u00ed osobnosti od pavilonu c\u00edsa\u0159ovny Al\u017eb\u011bty a\u017e po sochy kr\u00e1l\u016f Ludv\u00edka I. a Maxmili\u00e1na II., kancl\u00e9\u0159e Bismarcka a architekta Balthasara Neumanna. Pam\u00e1tn\u00edk Antona Boxbergera stoj\u00ed v r\u016f\u017eov\u00e9 zahrad\u011b pobl\u00ed\u017e R\u00e1koczyho pramene. Vyhl\u00eddkov\u00e9 v\u011b\u017ee \u2013 Bismarckova v\u011b\u017e na Sinnbergu a Ludwigova v\u011b\u017e na Staffelsh\u00f6he \u2013 zvou k tich\u00e9mu rozj\u00edm\u00e1n\u00ed nad zalesn\u011bn\u00fdmi kopci a meandry S\u00e1ly pod nimi.<\/p>\n<p>Muzea obohacuj\u00ed historickou sb\u00edrku: odd\u011blen\u00ed soli a v\u00fdroby soli v Muzeu Horn\u00edch Soln\u00fdch vod zkoum\u00e1 tis\u00edcilet\u00ed t\u011b\u017eby; sekce l\u00e1zn\u00ed Kissingen a Sv\u011bta hra\u010dek evokuj\u00ed l\u00e1ze\u0148sk\u00fd \u017eivot; Muzeum Julia kardin\u00e1la D\u00f6pfnera v b\u00fdval\u00e9m kl\u00e1\u0161te\u0159e mapuje c\u00edrkevn\u00ed d\u011bdictv\u00ed; a expozice \u017didovsk\u00e9ho komunitn\u00edho centra vypr\u00e1v\u00ed o stalet\u00edch \u017eidovsk\u00e9ho \u017eivota v tomto m\u011bst\u011b.<\/p>\n<p>P\u011b\u0161\u00ed centrum Bad Kissingenu tepe pod\u00e9l Ludwigstra\u00dfe a Marktstra\u00dfe mezi Radni\u010dn\u00edm n\u00e1m\u011bst\u00edm, Tr\u017en\u00edm n\u00e1m\u011bst\u00edm a Marienplatzem, zat\u00edmco Berl\u00ednsk\u00e9 n\u00e1m\u011bst\u00ed p\u0159edstavuje region\u00e1ln\u00ed autobusov\u00fd uzel. P\u0159ed l\u00e1ze\u0148sk\u00fdm divadlem se nach\u00e1z\u00ed Divadeln\u00ed n\u00e1m\u011bst\u00ed Theaterplatz; tyto propojen\u00e9 uli\u010dky vedou n\u00e1v\u0161t\u011bvn\u00edky od st\u0159edov\u011bk\u00e9ho kouzla k l\u00e1ze\u0148sk\u00e9 n\u00e1dhe\u0159e. Parky prodlu\u017euj\u00ed relaxaci: Salinenska promen\u00e1da se vine od Hausenu kolem solivar\u016f a promo\u010dn\u00ed v\u011b\u017ee k l\u00e1vce Schweizerhaus; l\u00e1ze\u0148sk\u00e9 zahrady, ohrani\u010den\u00e9 ark\u00e1dovou budovou, se rozprost\u00edraj\u00ed kolem font\u00e1n, z\u00e1hon\u016f a palmov\u00fdch h\u00e1j\u016f, kter\u00e9 byly kdysi vyhrazeny kr\u00e1lovsk\u00e9 rodin\u011b; a p\u0159ilehl\u00e1 R\u016f\u017eov\u00e1 zahrada, zrozen\u00e1 z roku 1912 na z\u00e1klad\u011b l\u00e1ze\u0148sk\u00fdch p\u0159edpis\u016f, nyn\u00ed kvete v\u00edce ne\u017e 12 000 r\u016f\u017eemi ve 155 odr\u016fd\u00e1ch, kter\u00e9 ka\u017ed\u00fd \u010derven korunuje R\u016f\u017eov\u00e1 kr\u00e1lovna na R\u016f\u017eov\u00e9m plese.<\/p>\n<p>Pro aktivn\u00ed tr\u00e1ven\u00ed chv\u00edle nab\u00edz\u00ed l\u00e1zn\u011b KissSalis Therme term\u00e1ln\u00ed baz\u00e9ny, saunov\u00fd park a fitness z\u00f3ny; v zimn\u00edch m\u011bs\u00edc\u00edch je v provozu kryt\u00fd baz\u00e9n a terasov\u00fd baz\u00e9n \u2013 zrekonstruovan\u00fd v roce 1988 \u2013 disponuje 50metrovou dr\u00e1hou pro plav\u00e1n\u00ed, skokanskou plo\u0161inou a skluzavkami s v\u00fdhledem na \u0159eku Rh\u00f6n. Zv\u00ed\u0159ec\u00ed park Klaushof a druh\u00fd nejstar\u0161\u00ed golfov\u00fd klub v Bavorsku zvou k setk\u00e1n\u00edm s p\u0159\u00edrodou a sportem.<\/p>\n<p>B\u011bhem stalet\u00ed prom\u011bn si Bad Kissingen zachoval svou podstatu m\u00edsta, kde se setk\u00e1vaj\u00ed miner\u00e1ln\u00ed prameny a lidsk\u00e9 touhy. Jeho mnohovrstevnat\u00e1 historie \u2013 od ran\u00fdch soliv\u00e1ren a st\u0159edov\u011bk\u00e9ho dohledu nad opatstv\u00edm a\u017e po aristokratick\u00e9 promen\u00e1dy, v\u00e1le\u010dn\u00e9 ot\u0159esy a modern\u00ed p\u0159estavbu \u2013 z\u016fst\u00e1v\u00e1 hmatateln\u00e1 v architektu\u0159e, ritu\u00e1lech a krajin\u011b. Zde, v \u00fadol\u00ed franck\u00e9 S\u00e1ly, utv\u00e1\u0159ela honba za zdrav\u00edm m\u011bsto, kter\u00e9 i nad\u00e1le v\u00edt\u00e1 ty, kte\u0159\u00ed hledaj\u00ed odpo\u010dinek, reflexi a autenticitu \u2013 s konzistenc\u00ed ducha stejn\u011b trvalou jako jeho prameny.<\/p>","protected":false},"excerpt":{"rendered":"<p>Bad Kissingen, malebn\u00e9 l\u00e1ze\u0148sk\u00e9 m\u011bsto v bavorsk\u00e9m regionu Doln\u00ed Franky v N\u011bmecku, se m\u016f\u017ee pochlubit bohatou histori\u00ed a populac\u00ed p\u0159ibli\u017en\u011b 22 000 obyvatel. Tato okouzluj\u00edc\u00ed lokalita, kter\u00e1 se nach\u00e1z\u00ed pod\u00e9l fransk\u00e9 \u0159eky Saale a ji\u017en\u011b od poho\u0159\u00ed Rh\u00f6n, je ji\u017e dlouho zn\u00e1m\u00e1 sv\u00fdmi l\u00e9\u010div\u00fdmi miner\u00e1ln\u00edmi prameny a ned\u00e1vno z\u00edskala mezin\u00e1rodn\u00ed uzn\u00e1n\u00ed jako sou\u010d\u00e1st sv\u011btov\u00e9ho d\u011bdictv\u00ed UNESCO \u201eVelk\u00e1 l\u00e1ze\u0148sk\u00e1 m\u011bsta Evropy\u201c.<\/p>","protected":false},"author":1,"featured_media":17556,"parent":13736,"menu_order":0,"comment_status":"closed","ping_status":"closed","template":"elementor_theme","meta":{"_eb_attr":"","footnotes":""},"class_list":["post-16648","page","type-page","status-publish","has-post-thumbnail"],"_links":{"self":[{"href":"https:\/\/travelshelper.com\/cs\/wp-json\/wp\/v2\/pages\/16648","targetHints":{"allow":["GET"]}}],"collection":[{"href":"https:\/\/travelshelper.com\/cs\/wp-json\/wp\/v2\/pages"}],"about":[{"href":"https:\/\/travelshelper.com\/cs\/wp-json\/wp\/v2\/types\/page"}],"author":[{"embeddable":true,"href":"https:\/\/travelshelper.com\/cs\/wp-json\/wp\/v2\/users\/1"}],"replies":[{"embeddable":true,"href":"https:\/\/travelshelper.com\/cs\/wp-json\/wp\/v2\/comments?post=16648"}],"version-history":[{"count":0,"href":"https:\/\/travelshelper.com\/cs\/wp-json\/wp\/v2\/pages\/16648\/revisions"}],"up":[{"embeddable":true,"href":"https:\/\/travelshelper.com\/cs\/wp-json\/wp\/v2\/pages\/13736"}],"wp:featuredmedia":[{"embeddable":true,"href":"https:\/\/travelshelper.com\/cs\/wp-json\/wp\/v2\/media\/17556"}],"wp:attachment":[{"href":"https:\/\/travelshelper.com\/cs\/wp-json\/wp\/v2\/media?parent=16648"}],"curies":[{"name":"wp","href":"https:\/\/api.w.org\/{rel}","templated":true}]}}