{"id":16642,"date":"2024-09-23T16:12:19","date_gmt":"2024-09-23T16:12:19","guid":{"rendered":"https:\/\/travelshelper.com\/staging\/?page_id=16642"},"modified":"2026-03-12T00:23:46","modified_gmt":"2026-03-12T00:23:46","slug":"bad-kreuznach","status":"publish","type":"page","link":"https:\/\/travelshelper.com\/cs\/destinations\/europe\/germany\/bad-kreuznach\/","title":{"rendered":"Bad Kreuznach"},"content":{"rendered":"<p>Bad Kreuznach le\u017e\u00ed na soutoku tradice a obnovy. Jeho 55,63 kilometr\u016f \u010dtvere\u010dn\u00edch se rozkl\u00e1d\u00e1 na zvln\u011bn\u00fdch kopc\u00edch Hunsr\u00fccku na severu, zvln\u011bn\u00fdch vinic\u00edch R\u00fdnsk\u00e9ho Hesenska na jihov\u00fdchod\u011b a zalesn\u011bn\u00fdch vrcholc\u00edch Severofalck\u00e9 pahorkatiny na jihoz\u00e1pad\u011b. S 52 529 obyvateli k 31. prosinci 2022 se \u0159ad\u00ed mezi st\u0159edn\u011b velk\u00e1 l\u00e1ze\u0148sk\u00e1 m\u011bsta Por\u00fdn\u00ed-Falce. Jeho identitu utv\u00e1\u0159\u00ed \u0159eka Nahe, kter\u00e1 prot\u00edn\u00e1 jeho st\u0159ed, a Star\u00fd Nahebr\u00fccke, st\u0159edov\u011bk\u00fd most z doby kolem roku 1300 \u2013 vz\u00e1cn\u00fd p\u0159\u00edklad kamenn\u00e9ho mostu s domy na oblouc\u00edch. Toto m\u011bsto, a\u010dkoli je administrativn\u011b spjato s okresem Bad Kreuznach, funguje jako \u201est\u0159edn\u00ed centrum\u201c s n\u011bkter\u00fdmi rolemi \u201evy\u0161\u0161\u00edho centra\u201c, kter\u00e9 ukotvuje obchod, kulturu a spr\u00e1vu v\u011bc\u00ed ve\u0159ejn\u00fdch pro vnitrozem\u00ed s v\u00edce ne\u017e 150 000 obyvateli.<\/p>\n<p>Na b\u0159ehu vody utv\u00e1\u0159el m\u00edrn\u00fd proud \u0159eky Nahe jak fyziognomii m\u011bsta, tak i jeho osudy. L\u00e1ze\u0148sk\u00e9 d\u011bdictv\u00ed Bad Kreuznachu, jedn\u011bch z nejstar\u0161\u00edch radonovo-solankov\u00fdch l\u00e1zn\u00ed na sv\u011bt\u011b, vzniklo ze slan\u00fdch pramen\u016f, jejich\u017e l\u00e9\u010div\u00e1 voda l\u00e1k\u00e1 n\u00e1v\u0161t\u011bvn\u00edky ji\u017e od 18. stolet\u00ed. Tyto prameny, kdysi t\u011b\u017een\u00e9 pro \u201eb\u00edl\u00e9 zlato\u201c jako s\u016fl prost\u0159ednictv\u00edm impozantn\u00edch d\u0159ev\u011bn\u00fdch stup\u0148\u016f v Salinentalu, nyn\u00ed tvo\u0159\u00ed z\u00e1klad s\u00edt\u011b \u0161esti l\u00e1ze\u0148sk\u00fdch klinik, rehabilita\u010dn\u00edch center a pohybov\u00fdch l\u00e1zn\u00ed Crucenia Thermen, kde se host\u00e9 pono\u0159\u00ed do term\u00e1ln\u00ed solanky ochlazen\u00e9 v komo\u0159e se solnou jeskyn\u00ed. Term\u00e1ln\u00ed re\u017eim slou\u017e\u00ed p\u0159ekvapiv\u011b \u0161irok\u00e9mu spektru indikac\u00ed \u2013 revmatick\u00fdm onemocn\u011bn\u00edm, degenerativn\u00edm onemocn\u011bn\u00edm kloub\u016f, respira\u010dn\u00edm onemocn\u011bn\u00edm a dokonce i psychosomatick\u00fdm a pediatrick\u00fdm onemocn\u011bn\u00edm \u2013 co\u017e podtrhuje v\u00fdvoj m\u011bsta z pr\u016fmyslov\u00fdch soln\u00fdch z\u00e1vod\u016f v modern\u00ed wellness centrum.<\/p>\n<p>Klima Bad Kreuznachu odr\u00e1\u017e\u00ed jeho vina\u0159sk\u00e9 prost\u0159ed\u00ed: s pouh\u00fdmi 517 milimetry ro\u010dn\u00edch sr\u00e1\u017eek spad\u00e1 do nejsu\u0161\u0161\u00ed t\u0159etiny oblast\u00ed N\u011bmecka. Leden je nejsu\u0161\u0161\u00edm m\u011bs\u00edcem, s t\u00e9m\u011b\u0159 t\u0159etinou sr\u00e1\u017eek oproti \u010dervnu, p\u0159esto sez\u00f3nn\u00ed v\u00fdkyvy z\u016fst\u00e1vaj\u00ed m\u00edrn\u00e9. L\u00e9ta jsou tepl\u00e1 a m\u00edrn\u00e1, s pr\u016fm\u011brn\u00fdmi denn\u00edmi maximy v \u010dervenci, kter\u00e1 se pohybuj\u00ed kolem 18,4 \u00b0C, zat\u00edmco zimy klesaj\u00ed t\u011bsn\u011b nad bod mrazu. Tento m\u00edrn\u00fd, m\u00edrn\u011b kontinent\u00e1ln\u00ed re\u017eim vytv\u00e1\u0159\u00ed ide\u00e1ln\u00ed podm\u00ednky pro vina\u0159stv\u00ed \u2013 a vina\u0159stv\u00ed skute\u010dn\u011b definuje velkou \u010d\u00e1st charakteru m\u011bsta.<\/p>\n<p>Se 777 hektary vinic \u2013 77 procent v\u011bnovan\u00fdch b\u00edl\u00fdm odr\u016fd\u00e1m, p\u0159ev\u00e1\u017en\u011b Ryzlinku r\u00fdnsk\u00e9ho a Silv\u00e1nsk\u00e9ho, a zbytek \u010derven\u00fdm hrozn\u016fm \u2013 je Bad Kreuznach nejv\u011bt\u0161\u00edm vina\u0159sk\u00fdm centrem v regionu Nahe a sedm\u00fdm nejv\u011bt\u0161\u00edm v Por\u00fdn\u00ed-Falci. Vina\u0159i zde vyva\u017euj\u00ed tradi\u010dn\u00ed techniky s um\u00edrn\u011bnou modernitou a pe\u010duj\u00ed o svahy obr\u00e1cen\u00e9 na v\u00fdchod k rann\u00edmu slunci a na z\u00e1pad k chladiv\u00e9mu v\u00e1nku. Kalend\u00e1\u0159 prol\u00edn\u00e1 ka\u017edoro\u010dn\u00ed do\u017e\u00ednky a m\u00edstn\u00ed Vinothek na Mannheimer Stra\u00dfe nab\u00edz\u00ed intimn\u00ed ochutn\u00e1vky v\u00edn st\u00e1\u010den\u00fdch z vina\u0159stv\u00ed za ceny p\u0159\u00edmo z farmy, co\u017e je pozv\u00e1nka k p\u0159\u00edm\u00e9mu setk\u00e1n\u00ed s vina\u0159i a mo\u017en\u00e1 i k setk\u00e1n\u00ed se samotnou vl\u00e1dnouc\u00ed kr\u00e1lovnou v\u00edna Nahe.<\/p>\n<p>Ekonomick\u00e9mu le\u0161en\u00ed m\u011bsta je oporou jeho role jako\u017eto okresn\u00edho s\u00eddla a hostitele feder\u00e1ln\u00edch a zemsk\u00fdch org\u00e1n\u016f, v\u010detn\u011b obchodn\u00ed komory Por\u00fdn\u00ed-Falc. Za byrokratick\u00fdmi zdmi se kon\u00e1 t\u00fddenn\u00ed trh na Kornmarktu a Mannheimer Stra\u00dfe, kter\u00fd ru\u0161n\u011b ovliv\u0148uje byrokratick\u00e9 zdi a p\u0159itahuje farm\u00e1\u0159e, peka\u0159e a \u0159emesln\u00edky, aby v rytmu \u00fatern\u00edho a p\u00e1te\u010dn\u00edho r\u00e1na prod\u00e1vali region\u00e1ln\u00ed produkty \u2013 hroznov\u00fd olej, s\u00fdry a uzeniny. Toto tr\u017ei\u0161t\u011b spolu s p\u011b\u0161\u00ed z\u00f3nou Neustadt na z\u00e1padn\u00edm b\u0159ehu \u0159eky o\u017eivuje m\u011bstskou strukturu s rytmem starobyl\u00fdm i bezprost\u0159edn\u00edm.<\/p>\n<p>Dopravn\u00ed koridory kop\u00edruj\u00ed tok \u0159eky Nahe: stanice Bad Kreuznach ve tvaru p\u00edsmene V se nach\u00e1z\u00ed na k\u0159i\u017eovatce linek Bingen\u2013Saarbr\u00fccken a Gau-Algesheim a jej\u00ed n\u00e1stupi\u0161t\u011b obsluhuj\u00ed ka\u017edou hodinu spoje region\u00e1ln\u00ed \u017eeleznice Regionalbahn do Mohu\u010de (za m\u00e9n\u011b ne\u017e p\u016fl hodiny), do Kaiserslauternu za n\u011bco m\u00e1lo p\u0159es hodinu a do Saarbr\u00fcckenu zhruba za devades\u00e1t a\u017e 140 minut. Po silnici stoup\u00e1 d\u00e1lnice A 61 k p\u0159estupn\u00edmu uzlu 51 dvan\u00e1ct kilometr\u016f v\u00fdchodn\u011b od centra, zat\u00edmco silnice Bundesstra\u00dfen 41, 48 a 428 proch\u00e1zej\u00ed m\u011bstem. Uvnit\u0159 m\u011bsta jezd\u00ed s\u00ed\u0165 sedmi m\u011bstsk\u00fdch autobusov\u00fdch linek v 15minutov\u00fdch a 30minutov\u00fdch intervalech, kterou provozuje VGK (dce\u0159in\u00e1 spole\u010dnost Rhenus Veniro), co\u017e zaji\u0161\u0165uje bezprobl\u00e9mov\u00e9 spojen\u00ed s okoln\u00edmi obcemi.<\/p>\n<p>D\u011bdictv\u00ed d\u00fdch\u00e1 kamenem i d\u0159evem. Nov\u00e9 m\u011bsto si zachovalo st\u0159edov\u011bk\u00fd pl\u00e1n ulic: \u00fazk\u00e9 uli\u010dky se vine kolem hr\u00e1zd\u011bn\u00fdch dom\u016f, jejich\u017e om\u0161el\u00e9 fas\u00e1dy st\u00e1le nesou jizvy stalet\u00ed. Kostel svat\u00e9ho Pavla, postaven\u00fd v 18. stolet\u00ed, ale s ukotven\u00edm zrestaurovan\u00e9ho gotick\u00e9ho ch\u00f3ru, slou\u017eil anglik\u00e1nsk\u00e9 kongregaci anglick\u00fdch l\u00e1ze\u0148sk\u00fdch host\u016f a z\u016fst\u00e1v\u00e1 nejv\u011bt\u0161\u00ed protestantskou svatyn\u00ed v Por\u00fdn\u00ed mezi Mohu\u010d\u00edm a Trev\u00edrem. Nedaleko se na Eiermarktu nach\u00e1z\u00ed kostel svat\u00e9ho Mikul\u00e1\u0161e, jeho\u017e \u201ehladovka\u201c ze 13. stolet\u00ed zobrazuje alegorie v\u00edry a spravedlnosti a p\u0159ipom\u00edn\u00e1 doby, kdy postn\u00ed askeze vy\u017eadovaly, aby olt\u00e1\u0159e byly zahaleny kaj\u00edcn\u00fdm tichem.<\/p>\n<p>Z\u0159\u00edcenina hradu Kauzenburg, ty\u010d\u00edc\u00ed se nad m\u011bstem na kopci Kauzenberg, nab\u00edz\u00ed panoramatick\u00fd v\u00fdhled na \u00fadol\u00ed Nahe a na skalnat\u00fd masiv Rheingrafensteinu na druh\u00e9 stran\u011b vody. Hrad byl zni\u010den vojsky Ludv\u00edka XIV. v roce 1689 a jeho mechem porostl\u00e9 zdi a fragmenty schod\u016f evokuj\u00ed jak v\u00e1le\u010dnou zk\u00e1zu, tak i pastor\u00e1ln\u00ed klid. Po proudu \u0159eky podp\u00edraj\u00ed \u010dty\u0159i mola Alte Nahebr\u00fccke proti proudu stalet\u00e9 domy, z nich\u017e jeden ukr\u00fdv\u00e1 sv\u011btov\u00fd obchod \u2013 emporium fair trade \u2013 a pod n\u00edm\u017e Schirmbar zve kolemjdouc\u00ed k posezen\u00ed u ml\u00fdnsk\u00e9ho rybn\u00edka pod korunami lip.<\/p>\n<p>Kultura se odv\u00edj\u00ed v muze\u00edch, velkolep\u00fdch i komorn\u00edch. \u0158\u00edmsk\u00fd s\u00e1l uchov\u00e1v\u00e1 2 000 let star\u00e9 mozaiky, kter\u00e9 kdysi pokr\u00fdvaly podlahu vily; nedalek\u00e9 Muzeum z\u00e1meck\u00e9ho parku \u2013 s zdobenou loveckou m\u00edstnost\u00ed a sochami dynastie Cauer\u016f \u2013 vypr\u00e1v\u00ed m\u00edstn\u00ed historii prost\u0159ednictv\u00edm malby, skla a kamene. Muzeum loutkov\u00e9 kultury na H\u00fcffelsheimer Stra\u00dfe, glob\u00e1ln\u00ed sb\u00edrka loutek a ma\u0148\u00e1sk\u016f, vyvol\u00e1v\u00e1 postavy od kapit\u00e1na Modr\u00e9ho medv\u011bda po Heina Bl\u00f6da, zat\u00edmco za m\u011bstsk\u00fdm okruhem se nach\u00e1z\u00ed Muzeum poln\u00ed dr\u00e1hy Guldental, kde jsou vystaveny lokomotivy poln\u00edch drah, kter\u00e9 sup\u00ed po t\u0159\u00edkilometrov\u00e9 trati.<\/p>\n<p>Ve\u0159ejn\u00e9 prostory pulzuj\u00ed lesn\u00ed eleganc\u00ed. L\u00e9\u010debn\u00fd park, koncipovan\u00fd v roce 1840, se rozkl\u00e1d\u00e1 mezi \u0159ekami Nahe a M\u00fchlenkanal a jeho vzrostl\u00e9 platany zast\u00edn\u00ed p\u00f3dium, kam letn\u00ed koncerty p\u0159itahuj\u00ed m\u00edstn\u00ed rodiny. R\u016f\u017eov\u00fd ostrov, vytvo\u0159en\u00fd zahradn\u00edky z po\u010d\u00e1tku 20. stolet\u00ed, kte\u0159\u00ed vysadili dv\u011b st\u011b odr\u016fd r\u016f\u017e\u00ed, nab\u00edz\u00ed terasovit\u00e9 v\u00fdhledy na \u0159eku a koncem srpna slou\u017e\u00ed jako jevi\u0161t\u011b pro ryb\u00e1\u0159sk\u00e9 ryt\u00ed\u0159sk\u00e9 turnaje \u2013 turnaje po\u0159\u00e1dan\u00e9 z pramic uprost\u0159ed j\u00e1saj\u00edc\u00edch dav\u016f. V Oranienparku barokn\u00ed symetrie r\u00e1muje pergoly, vodn\u00ed prvky a Cauerovu \u201ePlovouc\u00ed bohyni\u201c, kter\u00e1 p\u0159ipom\u00edn\u00e1 proch\u00e1zky Marcela Prousta s matkou pod alt\u00e1nem pojmenovan\u00fdm po holandsk\u00e9m pomeran\u010di z roku 1895.<\/p>\n<p>Pro ty, kte\u0159\u00ed hledaj\u00ed pohodov\u00e9 dobrodru\u017estv\u00ed, je tu Panoramatick\u00e1 stezka na Kauzenbergu, kter\u00e1 se z Klappergasse ty\u010d\u00ed k vyhl\u00eddce u \u010cajov\u00e9ho chr\u00e1mu. Jej\u00ed kamenn\u00e9 schody a serpentiny ve vinici otev\u00edraj\u00ed n\u00e1hl\u00e9 rozlehl\u00e9 nebesk\u00e9 plochy. Vodn\u00ed aktivity se roz\u0161i\u0159uj\u00ed o plavbu lod\u00ed po \u0159ece Nahe a M\u00fchlenteich, zat\u00edmco ryba\u0159en\u00ed z\u016fst\u00e1v\u00e1 ritu\u00e1lem pod\u00e9l b\u0159ehu \u0159eky. V noci se do nebesk\u00e9 klenby d\u00edv\u00e1 observato\u0159 Kuhberg a k pozemsk\u00fdm radostem m\u011bsta p\u0159id\u00e1v\u00e1 i rozj\u00edm\u00e1n\u00ed o nebes\u00edch.<\/p>\n<p>Z\u00e1v\u011br Bad Kreuznachu nen\u00ed nikdy kone\u010dn\u00fd, ale v\u017edy je to pozv\u00e1n\u00ed: proj\u00edt se po oblouku st\u0159edov\u011bk\u00e9ho mostu, pop\u00edjet miner\u00e1ln\u00ed solanku pod klenut\u00fdmi stropy, vdechovat v\u016fni sluncem zalit\u00fdch vinic za \u00fasvitu. Zde se historie a wellness, obchod a kultura sb\u00edhaj\u00ed v panoramatu jemn\u00fdch kontrast\u016f \u2013 v m\u00edst\u011b, kde ka\u017ed\u00fd k\u00e1men a potok sv\u011bd\u010d\u00ed o trp\u011bliv\u00e9m um\u011bn\u00ed \u010dasu a kde ka\u017ed\u00fd n\u00e1v\u0161t\u011bvn\u00edk m\u016f\u017ee v jemn\u00fdch rytmech m\u011bsta naj\u00edt zrcadlo pro sebe.<\/p>","protected":false},"excerpt":{"rendered":"<p>Bad Kreuznach, malebn\u00e9 m\u011bste\u010dko le\u017e\u00edc\u00ed v n\u011bmeck\u00e9m regionu Por\u00fdn\u00ed-Falc, se m\u016f\u017ee pochlubit p\u0159ibli\u017en\u011b 50 000 obyvateli. Tato okouzluj\u00edc\u00ed lokalita na b\u0159ehu \u0159eky Nahe slou\u017e\u00ed jako administrativn\u00ed centrum \u010dtvrti Bad Kreuznach a nab\u00edz\u00ed jedine\u010dnou kombinaci historick\u00e9ho v\u00fdznamu a modern\u00edho vybaven\u00ed.<\/p>","protected":false},"author":1,"featured_media":17520,"parent":13736,"menu_order":0,"comment_status":"closed","ping_status":"closed","template":"elementor_theme","meta":{"_eb_attr":"","footnotes":""},"class_list":["post-16642","page","type-page","status-publish","has-post-thumbnail"],"_links":{"self":[{"href":"https:\/\/travelshelper.com\/cs\/wp-json\/wp\/v2\/pages\/16642","targetHints":{"allow":["GET"]}}],"collection":[{"href":"https:\/\/travelshelper.com\/cs\/wp-json\/wp\/v2\/pages"}],"about":[{"href":"https:\/\/travelshelper.com\/cs\/wp-json\/wp\/v2\/types\/page"}],"author":[{"embeddable":true,"href":"https:\/\/travelshelper.com\/cs\/wp-json\/wp\/v2\/users\/1"}],"replies":[{"embeddable":true,"href":"https:\/\/travelshelper.com\/cs\/wp-json\/wp\/v2\/comments?post=16642"}],"version-history":[{"count":0,"href":"https:\/\/travelshelper.com\/cs\/wp-json\/wp\/v2\/pages\/16642\/revisions"}],"up":[{"embeddable":true,"href":"https:\/\/travelshelper.com\/cs\/wp-json\/wp\/v2\/pages\/13736"}],"wp:featuredmedia":[{"embeddable":true,"href":"https:\/\/travelshelper.com\/cs\/wp-json\/wp\/v2\/media\/17520"}],"wp:attachment":[{"href":"https:\/\/travelshelper.com\/cs\/wp-json\/wp\/v2\/media?parent=16642"}],"curies":[{"name":"wp","href":"https:\/\/api.w.org\/{rel}","templated":true}]}}