{"id":16626,"date":"2024-09-23T15:36:32","date_gmt":"2024-09-23T15:36:32","guid":{"rendered":"https:\/\/travelshelper.com\/staging\/?page_id=16626"},"modified":"2026-03-12T00:25:20","modified_gmt":"2026-03-12T00:25:20","slug":"bad-freienwalde","status":"publish","type":"page","link":"https:\/\/travelshelper.com\/cs\/destinations\/europe\/germany\/bad-freienwalde\/","title":{"rendered":"Bad Freienwalde"},"content":{"rendered":"<p>Bad Freienwalde se nach\u00e1z\u00ed na rozhran\u00ed Oderbru\u0161sk\u00e9 p\u00e1nve a Barnimsk\u00e9 plo\u0161iny, kde okrov\u011b zbarven\u00e9 v\u00e1pencov\u00e9 b\u0159ehy prudce klesaj\u00ed do klikat\u00e9 Star\u00e9 Odry. Z vyhl\u00eddky na vesnici Hohensaaten je c\u00edtit dech \u0159eky \u2013 peprn\u00e9 akordy migruj\u00edc\u00edch vodn\u00edch pt\u00e1k\u016f a r\u00e1kos\u00ed \u0161ust\u00edc\u00ed v jarn\u00edm v\u00e1nku a vzd\u00e1len\u00e9 dun\u011bn\u00ed n\u00e1kladn\u00edch \u010dlun\u016f pluj\u00edc\u00edch sm\u011brem k Polsku. Mozaika s\u00eddel \u2013 Altranft, Altglietzen, Bralitz, Hohensaaten, Hohenwutzen, Neuenhagen a Schiffm\u00fchle \u2013 se shlukuje kolem \u00fazk\u00fdch uli\u010dek lemovan\u00fdch ka\u0161tanovn\u00edky, jejich\u017e ko\u0159eny se chovaj\u00ed k starobyl\u00fdm n\u00e1sp\u016fm. V pozdn\u00edch letn\u00edch odpoledn\u00edch hodin\u00e1ch se mezi vrbami proch\u00e1zej\u00ed cik\u00e1dy a dod\u00e1vaj\u00ed tak hluboce vrstevnat\u00e9 krajin\u011b m\u011bsta t\u00e9m\u011b\u0159 mytickou auru.<\/p>\n<p>Prvn\u00ed p\u00edsemn\u00e1 zm\u00ednka o Vrienwalde se objevuje v markrabstv\u00ed z roku 1316, a\u010dkoli jeho st\u0159edov\u011bk\u00fd p\u016fdorys se dochoval hlavn\u011b v podob\u011b chab\u00e9 s\u00edt\u011b uli\u010dek a n\u00e1m\u011bst\u00ed. Do roku 1364 se osada rozrostla v m\u011bstskou \u010d\u00e1st s povolen\u00edm k obchodov\u00e1n\u00ed se solen\u00fdmi sled\u011bmi a ru\u010dn\u011b tkan\u00fdm lnem pod\u00e9l \u0159\u00ed\u010dn\u00edch mol. Od roku 1618 a\u017e do zalo\u017een\u00ed Prusk\u00e9ho kr\u00e1lovstv\u00ed spadalo panstv\u00ed Freienwalde pod osobn\u00ed spr\u00e1vu braniborsk\u00fdch kurfi\u0159t\u016f. Jejich p\u0159\u00edm\u00e1 patronace zajistila, \u017ee bohatstv\u00ed m\u011bsta nikdy neklesalo, a to ani v dob\u011b, kdy sousedn\u00ed osady upadaly.<\/p>\n<p>V roce 1683 vytryskla puklina na miner\u00e1ly bohat\u00e1 voda, podle zpr\u00e1vy l\u00e9ka\u0159e Bernharda Albina z roku 1685 \u201epramen zabarven\u00e9ho \u017eeleza a b\u0159idlice\u201c. N\u00e1sleduj\u00edc\u00ed rok alchymista Johann Kunckel dovedl kurfi\u0159ta Fridricha Vil\u00e9ma posti\u017een\u00e9ho dnou, aby ochutnal jej\u00ed \u0161tiplav\u00fd n\u00e1poj. M\u00edstn\u00ed v\u00e1m \u0159eknou \u2013 pokud se zdr\u017e\u00edte u pavilonu Kurf\u00fcrstenquelle \u2013 \u017ee voda chutn\u00e1 po slab\u00e9 s\u00ed\u0159e a vlhk\u00e9 lesn\u00ed p\u016fd\u011b, co\u017e p\u0159ipom\u00edn\u00e1 starov\u011bk\u00e9 podzemn\u00ed proudy. S t\u00edmto kr\u00e1lovsk\u00fdm povolen\u00edm se Freienwalde zam\u011b\u0159il na l\u00e9\u010dbu a rekonvalescenci, jeho prvn\u00ed d\u0159ev\u011bn\u00e9 l\u00e1zn\u011b se ty\u010dily jako pern\u00ed\u010dky pod\u00e9l Gesundbrunnenstra\u00dfe.<\/p>\n<p>Prusk\u00fd kr\u00e1l Fridrich I. pov\u011b\u0159il Andrease Schl\u00fctera, aby na Apothekerbergu postavil maison de plaisance, stavbu nap\u016fl zapu\u0161t\u011bnou do lesn\u00edch skal a nap\u016fl otev\u0159enou louk\u00e1m sva\u017euj\u00edc\u00edm se do Oderbruchu. Jej\u00ed fas\u00e1dy nesly reli\u00e9fy mytick\u00fdch nymf a jelen\u00edch paro\u017e\u00ed \u2013 symboly regenerace a lovu. Mezera mezi kamennou terasou a spletit\u00fdm podrostem vyb\u00edzela k promen\u00e1d\u00e1m za \u00fasvitu, kdy se na kovan\u00fdch \u017eelezn\u00fdch balkonech t\u0159pytila \u200b\u200brosa. Schl\u00fcter\u016fv pavilon signalizoval novou epochu: m\u011bsto se ji\u017e nem\u011blo \u017eivit pouze zem\u011bd\u011blsk\u00fdmi produkty, ale samotn\u00fdmi l\u00e9\u010div\u00fdmi tajemstv\u00edmi Zem\u011b.<\/p>\n<p>Do roku 1799 se pod veden\u00edm Davida Gillyho objevil neoklasicistn\u00ed z\u00e1mek Freienwalde, stroh\u00fd prot\u011bj\u0161ek Schl\u00fcterova barokn\u00edho rozmachu. Princezna Frederika Louisa Hesensko-Darmstadtsk\u00e1, \u010derstv\u00e1 vdova po Fridrichu Vil\u00e9movi II., si z\u00e1mek prohl\u00e1sila za sv\u00e9 letn\u00ed \u00fato\u010di\u0161t\u011b. Jeho sloupy portiku, oblo\u017een\u00e9 p\u00edskovcov\u00fdmi \u017eilkami, odr\u00e1\u017eely rann\u00ed sv\u011btlo jako plameny sv\u00ed\u010dek v mramoru. V roce 1790 si nechala postavit \u010dajovnu \u2013 osmibokou loubi\u010dku korunovanou zlacenou kupol\u00ed \u2013 kde pop\u00edjela sm\u011bsi von\u00edc\u00ed m\u00edstn\u00edm medem a dov\u00e1\u017een\u00fdm bergamotem.<\/p>\n<p>Peter Joseph Lenn\u00e9 v roce 1822 p\u0159epracoval p\u0159ilehl\u00fd park a vtiskl mu serpentinovit\u00e1 jezera a v\u00fdhledy lemovan\u00e9 lipami. Klikat\u00e9 stezky zdobily habrov\u00e9 boskety; zde \u010dlov\u011bk narazil na mramorov\u00e9 sochy bukolick\u00fdch b\u00fdk\u016f, jejich\u017e boky byly patinovan\u00e9 desetilet\u00edmi mrazu a rozkladu kv\u011btin. Slune\u010dn\u00ed hodiny, op\u0159en\u00e9 o korintsk\u00fd podstavec, vrhaly v poledne prot\u00e1hl\u00e9 st\u00edny a zobrazovaly jemn\u00e9 stopy \u010dasu, kter\u00e9 zanech\u00e1valy l\u00e1ze\u0148sk\u00e9 m\u011bsto. Rybn\u00edk Papenteich v parku, lemovan\u00fd buky, poskytoval ozv\u011bny odraz\u016f proch\u00e1zej\u00edc\u00edch mrak\u016f.<\/p>\n<p>Z\u00e1mek vstoupil do pr\u016fmyslov\u011b-politick\u00e9 historie, kdy\u017e jej v roce 1909 z\u00edskal Walther Rathenau. Pr\u016fmysln\u00edk a spisovatel prom\u011bnil jeho salony v salony \u2013 intelektu\u00e1ln\u00ed salony \u2013 kde v\u00edtal hosty k debat\u00e1m o ekonomii, literatu\u0159e a k\u0159ehk\u00fdch mechanismech evropsk\u00e9ho m\u00edru. Po jeho atent\u00e1tu v roce 1922 d\u011bdici z\u00e1mek odk\u00e1zali okresu Oberbarnim s podm\u00ednkou, \u017ee Rathenauovy dokumenty a duch p\u0159etrvaj\u00ed. Za T\u0159et\u00ed \u0159\u00ed\u0161e se okenice muzea zav\u0159ely; v \u00e9\u0159e NDR se stal Pu\u0161kinov\u00fdm domem pro n\u011bmecko-sov\u011btsk\u00e9 p\u0159\u00e1telstv\u00ed, jeho\u017e galerie byly ozdobeny socialistick\u00fdmi realistick\u00fdmi tisky. Od roku 1991 Rathenau\u016fv pam\u00e1tn\u00edk obnovuje jak jeho odkaz, tak p\u016fvodn\u00ed uspo\u0159\u00e1d\u00e1n\u00ed z\u00e1mku.<\/p>\n<p>Bad Freienwalde p\u0159enesl v\u00e1le\u010dn\u00e9 \u00fatrapy na pr\u00e1h v\u00e1lky b\u011bhem posledn\u00edch t\u00fddn\u016f druh\u00e9 sv\u011btov\u00e9 v\u00e1lky. 11. b\u0159ezna 1945 Adolf Hitler provedl inspekci lini\u00ed 9. n\u011bmeck\u00e9 arm\u00e1dy z vyhl\u00eddky pobl\u00ed\u017e l\u00e1ze\u0148sk\u00e9ho parku \u2013 b\u011bhem sv\u00e9 posledn\u00ed n\u00e1v\u0161t\u011bvy v\u00fdchodn\u00ed fronty. O m\u011bs\u00edc pozd\u011bji, od 16. do 20. dubna, 1. polsk\u00e1 arm\u00e1da dobyla zdej\u0161\u00ed lesy a pole. Toto st\u0159etnut\u00ed bylo poznamen\u00e1no rozt\u0159epen\u00fdmi kr\u00e1tery po gran\u00e1tech a opu\u0161t\u011bn\u00fdm d\u011blost\u0159electvem, kter\u00e9 st\u00e1le rezav\u011blo v podrostu. Po roce 1947 m\u011bsto pro\u0161lo braniborskou st\u00e1tn\u00ed spr\u00e1vou, bezirk Frankfurt pod v\u00fdchodon\u011bmeckou spr\u00e1vu a nakonec se v roce 1990 vr\u00e1tilo do znovusjednocen\u00e9ho Braniborska.<\/p>\n<p>V r\u00e1mci m\u011bstsk\u00fdch hranic se nach\u00e1z\u00ed topografie, kter\u00e1 je pro Braniborsko vz\u00e1cn\u00e1: v\u00fd\u0161kov\u00fd rozd\u00edl 160 m od Oderbru\u0161sk\u00e9 n\u00ed\u017einy k zalesn\u011bn\u00fdm kopc\u016fm Barnimsk\u00e9 plo\u0161iny. Altglietzen se ty\u010d\u00ed na vrcholu \u00fatesu, zd\u016frazn\u011bn\u00e9ho mohutn\u011b klenut\u00fdmi duby; Schiffm\u00fchle, kdysi mlyn\u00e1\u0159sk\u00e1 osada, se rozkl\u00e1d\u00e1 pod\u00e9l zbytk\u016f kan\u00e1l\u016f poset\u00fdch volavkami. \u010ctvr\u0165 Zuckerfabrik p\u0159ipom\u00edn\u00e1 cukrovar, kter\u00fd kdysi poh\u00e1n\u011bl m\u00edstn\u00ed obchod, jeho\u017e kom\u00edny z \u010derven\u00fdch cihel jsou u\u017e d\u00e1vno zbo\u0159eny. Ka\u017ed\u00e1 vesnice si zachov\u00e1v\u00e1 svou samostatnou identitu, p\u0159esto v\u0161echny ob\u00edhaj\u00ed kolem p\u00e1te\u0159e Bad Freienwalde jako planety kolem spole\u010dn\u00e9 hv\u011bzdy.<\/p>\n<p>Kulturn\u00ed srdce m\u011bsta pulzuje v Oderlandsk\u00e9m muzeu na adrese Uchtenhagenstra\u00dfe 2, zrekonstruovan\u00e9 vile z 19. stolet\u00ed. V jeho pokoj\u00edch jsou vystaveny lakovan\u00e9 tykve z 20. let 19. stolet\u00ed a poln\u00ed n\u00e1\u0159ad\u00ed pou\u017e\u00edvan\u00e9 \u0159\u00ed\u010dn\u00edmi ryb\u00e1\u0159i ve 14. stolet\u00ed, za\u0161it\u00e9 uzly zaznamenan\u00fdmi v kl\u00e1\u0161tern\u00edch rukopisech. Hned vedle se nach\u00e1z\u00ed koncertn\u00ed s\u00ed\u0148 svat\u00e9ho Ji\u0159\u00ed, kter\u00e1 rezonuje komorn\u00ed hudbou a jej\u00ed\u017e klenut\u00fd strop p\u0159ipom\u00edn\u00e1 st\u0159edov\u011bk\u00e9 kosteln\u00ed lod\u011b. Na za\u010d\u00e1tku 60. let 19. stolet\u00ed zde b\u00e1sn\u00edk Karl Weise svolal Freienwalder Musenhof, kde pod pap\u00edrov\u00fdmi lucernami p\u0159iv\u00edtal Ernsta Haeckela a Adolpha Menzela, aby zde diskutovali o um\u011bn\u00ed a v\u011bd\u011b.<\/p>\n<p>Siluetu m\u011bsta dominuj\u00ed dv\u011b c\u00edrkevn\u00ed budovy: farn\u00ed kostel sv. Mikul\u00e1\u0161e a b\u00fdval\u00fd kostel sv. Ji\u0159\u00ed, nyn\u00ed p\u0159estav\u011bn\u00fd pro recit\u00e1ly. Okrov\u011b-\u0161tukov\u00e1 v\u011b\u017e kostela sv. Mikul\u00e1\u0161e se m\u00edrn\u011b nakl\u00e1n\u00ed, co\u017e sv\u011bd\u010d\u00ed o stalet\u00edch mrazov\u00e9ho zved\u00e1n\u00ed pod jeho kryptou. Uvnit\u0159 se \u017eebrovan\u00e9 klenby klenou k fresk\u00e1m zobrazuj\u00edc\u00edm patrony uprost\u0159ed protestantsk\u00e9 st\u0159\u00edzlivosti. Koncertn\u00ed varhany kostela sv. Ji\u0159\u00ed rozezn\u00edvaj\u00ed t\u00f3ny Bacha a p\u0159en\u00e1\u0161ej\u00ed publikum do zvukov\u00fdch kleneb barokn\u00ed vzne\u0161enosti.<\/p>\n<p>L\u00e1ze\u0148sk\u00fd park, jeho\u017e ter\u00e9n se vln\u00ed jako zelen\u00e9 mo\u0159e, se m\u016f\u017ee pochlubit \u017eelezit\u00fdmi prameny, kam se n\u00e1v\u0161t\u011bvn\u00edci kdysi pono\u0159ovali do slan\u00e9 vody pro \u00falevu od revmatismu. Slune\u010dn\u00ed hodiny lemuj\u00ed dva mramorov\u00e9 b\u00fdky od Louise Tuaillona a z rybn\u00edka Papenteich se ty\u010d\u00ed mal\u00fd ostr\u016fvek \u2013 jevi\u0161t\u011b pro ritu\u00e1ly n\u00e1mluv labut\u00ed. Nedaleko vrh\u00e1 gn\u00f3mon \u017eelezn\u00fdch slune\u010dn\u00edch hodin p\u0159esn\u00e9 st\u00edny a m\u011b\u0159\u00ed hodiny, zat\u00edmco pacienti proch\u00e1zeli mezi bahenn\u00edmi l\u00e1zn\u011bmi a rekonvalescen\u010dn\u00edmi pavilony.<\/p>\n<p>Na okraji m\u011bsta ozna\u010duje b\u00fdval\u00fd \u017eidovsk\u00fd h\u0159bitov na Goethestra\u00dfe skromn\u00fd pam\u011btn\u00ed k\u00e1men s Davidovou hv\u011bzdou vytesanou s pe\u010dlivou d\u016fstojnost\u00ed. Na m\u011bstsk\u00e9m h\u0159bitov\u011b jsou na m\u00edrn\u00e9m svahu rozm\u00edst\u011bny n\u00e1hrobky v\u00fdznamn\u00fdch osobnost\u00ed \u2013 Viktora Bl\u00fcthgena, Julia D\u00f6rra, otce Luigiho Fontaneho \u2013 jejich\u017e epitafy jsou opot\u0159ebovan\u00e9 li\u0161ejn\u00edky. Na n\u00e1m\u011bst\u00ed Jugend se nach\u00e1z\u00ed sov\u011btsk\u00fd pam\u00e1tn\u00edk s \u017eulov\u00fdm podstavcem nese cyrilicemi t\u0159pyt\u00edc\u00edmi se pod zimn\u00edm sluncem.<\/p>\n<p>Bad Freienwalde se py\u0161n\u00ed \u010dty\u0159mi vyhl\u00eddkov\u00fdmi v\u011b\u017eemi, z nich\u017e ka\u017ed\u00e1 zve k prozkoum\u00e1n\u00ed prom\u011bnliv\u00e9ho horizontu luk a les\u016f. 26 metr\u016f vysok\u00e1 Galgenbergsk\u00e1 v\u011b\u017e, postaven\u00e1 v roce 1879 jako v\u00e1le\u010dn\u00fd pam\u00e1tn\u00edk, nab\u00edz\u00ed panorama domk\u016f s ta\u0161kov\u00fdmi st\u0159echami sva\u017euj\u00edc\u00edch se k r\u00e1kosov\u00fdm porost\u016fm. T\u0159i kilometry z\u00e1padn\u011b se nach\u00e1z\u00ed 28 metr\u016f vysok\u00e1 Bismarckova v\u011b\u017e s v\u00fdhledem na Schlossbergskou cestu; cestovatel\u00e9 se kdysi zastavili, aby si p\u0159ipili na kancl\u00e9\u0159e Bismarcka sklenkami jalovcov\u00e9ho p\u00e1lenky. 13 metr\u016f vysok\u00e1 Sov\u00ed v\u011b\u017e, postaven\u00e1 v roce 2004, se ty\u010d\u00ed uprost\u0159ed bukov\u00fdch h\u00e1j\u016f; a 32 metr\u016f vysok\u00e1 skokansk\u00fd m\u016fstek \u2013 sou\u010d\u00e1st modern\u00edho za\u0159\u00edzen\u00ed K 60 \u2013 se ty\u010d\u00ed proti chladn\u00e9 severn\u00ed obloze.<\/p>\n<p>Z\u00e1konn\u00e9 instituce podtrhuj\u00ed ob\u010danskou roli m\u011bsta: okresn\u00ed soud vykon\u00e1v\u00e1 spravedlnost pod neoklasicistn\u00edmi sloupy, zat\u00edmco rehabilita\u010dn\u00ed klinika \u2013 nejstar\u0161\u00ed l\u00e1zn\u011b v Braniborsku \u2013 l\u00e9\u010d\u00ed ortopedick\u00e1 a revmatologick\u00e1 onemocn\u011bn\u00ed v obnoven\u00fdch secesn\u00edch s\u00e1lech. Ve\u0159ejn\u00e9 autobusy jezd\u00ed mezi vesnicemi a voz\u00ed cestuj\u00edc\u00ed p\u0159es pole divok\u00e9 ho\u0159\u010dice sm\u011brem k dopravn\u00ed s\u00edti Berl\u00edn-Braniborsko. Region\u00e1ln\u00ed vlak RB 60, kter\u00fd jezd\u00ed ka\u017edou hodinu z Eberswalde do Frankfurtu nad Odrou, zastavuje na stanici Altranft \u2013 poz\u016fstatku b\u00fdval\u00fdch k\u0159i\u017eovatek.<\/p>\n<p>Uprost\u0159ed t\u011bchto vrstev \u2013 geologick\u00fdch, politick\u00fdch, kulturn\u00edch \u2013 Bad Freienwalde nestoj\u00ed ani jako relikt, ani jako kli\u0161\u00e9 n\u011bmeck\u00fdch l\u00e1ze\u0148sk\u00fdch m\u011bst. Jeho architektura, zrozen\u00e1 z barokn\u00ed rozmarnosti a neoklasicistn\u00ed zdr\u017eenlivosti, krajina st\u0159\u00eddaj\u00edc\u00ed se mezi ba\u017einami a n\u00e1horn\u00edmi plo\u0161inami a historie princ\u016f, princezen a aktivist\u016f, vytv\u00e1\u0159ej\u00ed enkl\u00e1vu rezonuj\u00edc\u00ed hloubky. Na ka\u017ed\u00e9m kroku je c\u00edtit pulzuj\u00edc\u00ed soutok l\u00e9\u010div\u00fdch vod a lidsk\u00e9ho \u00fasil\u00ed: m\u011bsto nesen\u00e9 vzh\u016fru sv\u00fdmi prameny a obnovuj\u00edc\u00ed ty, kte\u0159\u00ed se vyd\u00e1vaj\u00ed k jeho b\u0159eh\u016fm.<\/p>","protected":false},"excerpt":{"rendered":"<p>Bad Freienwalde, okouzluj\u00edc\u00ed l\u00e1ze\u0148sk\u00e9 m\u011bste\u010dko le\u017e\u00edc\u00ed v n\u011bmeck\u00e9m Braniborsku v okrese M\u00e4rkisch-Oderland, se m\u016f\u017ee pochlubit bohatou histori\u00ed a malebnou polohou. Toto m\u011bsto s p\u0159ibli\u017en\u011b 12 000 obyvateli, kter\u00e9 se nach\u00e1z\u00ed na Star\u00e9 Od\u0159e, star\u00e9m rameni \u0159eky Odry, le\u017e\u00ed na severoz\u00e1padn\u00edm okraji povod\u00ed Oderbruchu, kde se krajina dramaticky zved\u00e1 a vytv\u00e1\u0159\u00ed Barnimskou plo\u0161inu. Jeho strategick\u00e1 poloha, 15 kilometr\u016f v\u00fdchodn\u011b od Eberswalde a 50 kilometr\u016f severov\u00fdchodn\u011b od Berl\u00edna, ho umis\u0165uje bl\u00edzko polsk\u00fdch hranic, co\u017e z n\u011bj \u010din\u00ed br\u00e1nu mezi dv\u011bma n\u00e1rody.<\/p>","protected":false},"author":1,"featured_media":17574,"parent":13736,"menu_order":0,"comment_status":"closed","ping_status":"closed","template":"elementor_theme","meta":{"_eb_attr":"","footnotes":""},"class_list":["post-16626","page","type-page","status-publish","has-post-thumbnail"],"_links":{"self":[{"href":"https:\/\/travelshelper.com\/cs\/wp-json\/wp\/v2\/pages\/16626","targetHints":{"allow":["GET"]}}],"collection":[{"href":"https:\/\/travelshelper.com\/cs\/wp-json\/wp\/v2\/pages"}],"about":[{"href":"https:\/\/travelshelper.com\/cs\/wp-json\/wp\/v2\/types\/page"}],"author":[{"embeddable":true,"href":"https:\/\/travelshelper.com\/cs\/wp-json\/wp\/v2\/users\/1"}],"replies":[{"embeddable":true,"href":"https:\/\/travelshelper.com\/cs\/wp-json\/wp\/v2\/comments?post=16626"}],"version-history":[{"count":0,"href":"https:\/\/travelshelper.com\/cs\/wp-json\/wp\/v2\/pages\/16626\/revisions"}],"up":[{"embeddable":true,"href":"https:\/\/travelshelper.com\/cs\/wp-json\/wp\/v2\/pages\/13736"}],"wp:featuredmedia":[{"embeddable":true,"href":"https:\/\/travelshelper.com\/cs\/wp-json\/wp\/v2\/media\/17574"}],"wp:attachment":[{"href":"https:\/\/travelshelper.com\/cs\/wp-json\/wp\/v2\/media?parent=16626"}],"curies":[{"name":"wp","href":"https:\/\/api.w.org\/{rel}","templated":true}]}}