{"id":16620,"date":"2024-09-23T15:30:13","date_gmt":"2024-09-23T15:30:13","guid":{"rendered":"https:\/\/travelshelper.com\/staging\/?page_id=16620"},"modified":"2026-03-12T00:25:42","modified_gmt":"2026-03-12T00:25:42","slug":"bad-frankenhausen","status":"publish","type":"page","link":"https:\/\/travelshelper.com\/cs\/destinations\/europe\/germany\/bad-frankenhausen\/","title":{"rendered":"Bad Frankenhausen"},"content":{"rendered":"<p>Bad Frankenhausen\/Kyffh\u00e4user le\u017e\u00ed na ji\u017en\u00edch svaz\u00edch poho\u0159\u00ed Kyffh\u00e4user, kde se okrov\u011b zbarven\u00e9 st\u0159echy val\u00ed k um\u011bl\u00e9mu rameni \u0159eky Wipper, kter\u00e1 je sama p\u0159\u00edtokem Unstrutu. Se\u010dteno a podtr\u017eeno: toto durynsk\u00e9 l\u00e1ze\u0148sk\u00e9 m\u011bsto s odhadovan\u00fdmi 9 855 obyvateli rozlo\u017een\u00fdmi na plo\u0161e 91,06 km\u00b2 v sob\u011b spojuje bohatou historii a slanou atmosf\u00e9ru v jednom panoramatu. M\u00edstn\u00ed obyvatel\u00e9 si \u0161eptaj\u00ed \u2013 kdy\u017e se zastav\u00ed u sklenice hork\u00e9 solanky nebo se proch\u00e1zej\u00ed kolem \u0161ikm\u00fdch v\u011b\u017e\u00ed \u2013 \u017ee zde, pod prom\u011bnlivou oblohou, minulost nikdy \u00fapln\u011b nespo\u010dine.<\/p>\n<p>Od prvn\u00ed zm\u00ednky o m\u011bst\u011b v dev\u00e1t\u00e9m stolet\u00ed jako o fransk\u00e9 osad\u011b, kter\u00e1 je zaznamen\u00e1na v listin\u00e1ch opatstv\u00ed Fulda, spo\u010d\u00edvaj\u00ed z\u00e1klady m\u011bsta v gobel\u00ednu st\u0159edov\u011bk\u00e9 politiky a kl\u00e1\u0161tern\u00edho vlivu. T\u00e9m\u011b\u0159 je mo\u017en\u00e9 vid\u011bt b\u0159idlicov\u00e9 st\u0159echy ran\u00fdch d\u0159ev\u011bn\u00fdch s\u00edn\u00ed t\u0159pyt\u00edc\u00ed se v n\u00edzk\u00e9m slunci, v\u016fni vlhk\u00e9ho d\u0159eva a kou\u0159 stoupaj\u00edc\u00ed z oh\u0148\u016f \u2013 obraz, kter\u00fd vzbuzuje touhu i neklid, proto\u017ee tyto zdi kdysi sv\u011bd\u010dily o langobardsk\u00fdch hostitel\u00edch a potuln\u00fdch duchovn\u00edch. Do roku 1282 z\u00edskal Frankenhausen form\u00e1ln\u00ed m\u011bstsk\u00e1 privilegia a od roku 1340 pat\u0159il hrabstv\u00ed Schwarzburg, co\u017e bylo uspo\u0159\u00e1d\u00e1n\u00ed, kter\u00e9 formovalo jeho dvory a trhy po stalet\u00ed dop\u0159edu.<\/p>\n<p>Dne 15. kv\u011btna 1525 se m\u011bsto stalo d\u011bji\u0161t\u011bm jedn\u00e9 z posledn\u00edch velk\u00fdch konfrontac\u00ed N\u011bmeck\u00e9 selsk\u00e9 v\u00e1lky. Povstal\u00ed farm\u00e1\u0159i pod veden\u00edm Thomase M\u00fcntzera \u2013 vyzbrojeni p\u00edkami a ohniv\u00fdm p\u0159esv\u011bd\u010den\u00edm \u2013 se setkali se spojen\u00fdmi silami v\u00e9vody Ji\u0159\u00edho Sask\u00e9ho, lankrab\u011bte Filipa I. Hesensk\u00e9ho a v\u00e9vody Jind\u0159icha V. Brun\u0161vicko-L\u00fcnebursk\u00e9ho. St\u0159et zanechal rozt\u0159\u00ed\u0161t\u011bn\u00e1 kop\u00ed a chuchvalce tab\u00e1kov\u00e9ho kou\u0159e vzn\u00e1\u0161ej\u00edc\u00ed se nad rozbou\u0159enou zem\u00ed, brut\u00e1ln\u00ed kontrapunkt k tich\u00e9mu toku \u0159eky Wipper. M\u00fcntzer byl toho dne zajat, mu\u010den a nakonec odveden do M\u00fchlhausenu, kde 27. kv\u011btna zem\u0159el st\u011bt\u00edm. Chlad za\u010d\u00e1tku l\u00e9ta zde, zd\u00e1 se, nikdy neh\u0159eje stejn\u011b \u2013 duchov\u00e9 onoho povst\u00e1n\u00ed p\u0159etrv\u00e1vaj\u00ed v samotn\u00fdch kamenech.<\/p>\n<p>Dal\u0161\u00ed prom\u011bna p\u0159i\u0161la s rozd\u011blen\u00edm hrabstv\u00ed Schwarzburg v roce 1599, kter\u00e9 pov\u00fd\u0161ilo Frankenhausen na hlavn\u00ed m\u011bsto podhrad\u00ed Schwarzburg-Rudolstadt. M\u011bstsk\u00e9 hradby \u2013 zat\u00ed\u017een\u00e9 st\u0159edov\u011bk\u00fdmi z\u00e1klady \u2013 byly sv\u011bdkem soud\u016f a pr\u016fvod\u016f pod kn\u00ed\u017eec\u00edmi prapory. V roce 1710 se toto \u00fazem\u00ed pov\u00fd\u0161ilo na kn\u00ed\u017eectv\u00ed. Je zaj\u00edmav\u00e9, \u017ee posledn\u00edm panovn\u00edkem, kter\u00fd si zde n\u00e1rokoval, byl kn\u00ed\u017ee G\u00fcnther Viktor, jeho\u017e dvojit\u00e1 abdikace 23. a 25. listopadu 1918 znamenala m\u00edrn\u00fd z\u00e1nik n\u011bmeck\u00fdch panovn\u00edk\u016f. Jeho odchod ohla\u0161oval kr\u00e1tk\u00fd vznik Svobodn\u00e9ho st\u00e1tu Schwarzburg-Rudolstadt, kter\u00fd se v roce 1920 p\u0159ipojil k nov\u011b vznikl\u00e9mu Svobodn\u00e9mu st\u00e1tu Durynsko \u2013 unie protkan\u00e1 p\u0159\u00edsliby modern\u00ed jednoty, a\u010dkoli ozv\u011bny kn\u00ed\u017eec\u00ed vl\u00e1dy z\u016fst\u00e1vaj\u00ed v dla\u017eebn\u00edch kostk\u00e1ch.<\/p>\n<p>Dlouho p\u0159edt\u00edm, ne\u017e tyto politick\u00e9 vlny opadly, si Bad Frankenhausen uv\u011bdomil l\u00e9\u010div\u00e9 s\u00edly sv\u00e9 slan\u00e9 vody. Studna, vyvrtan\u00e1 v roce 1818, vyu\u017e\u00edvala solanku, kter\u00e1 se kdysi t\u011b\u017eila pro t\u011b\u017ebu soli, a prom\u011bnila tak stalet\u00ed starou pr\u016fmyslovou metodu v l\u00e9k na neduhy. Vzduch zde slab\u011b chutn\u00e1 po miner\u00e1lech, jako by samotn\u00e9 kopce vydechovaly l\u00e9\u010div\u00fd vzdech. Do roku 1927 m\u011bsto z\u00edskalo ozna\u010den\u00ed \u201eBad\u201c, \u010d\u00edm\u017e formalizovalo svou roli l\u00e1zn\u00ed. V devaten\u00e1ct\u00e9m stolet\u00ed lemovaly \u00fazk\u00e9 uli\u010dky d\u00edlny na v\u00fdrobu perlov\u00fdch knofl\u00edk\u016f, jejich\u017e drobn\u00e9 kotou\u010dky zachycovaly slunce v perle\u0165ov\u00fdch t\u0159pytk\u00e1ch \u2013 jemn\u00e9 odv\u011btv\u00ed nyn\u00ed miz\u00ed ve prosp\u011bch l\u00e9\u010dby a turistiky. Dnes n\u00e1v\u0161t\u011bvn\u00edci ti\u0161e kr\u00e1\u010dej\u00ed po stezk\u00e1ch vedouc\u00edch k term\u00e1ln\u00edm baz\u00e9n\u016fm a jejich odrazy se t\u0159\u00ed\u0161t\u00ed do tis\u00edce tan\u010d\u00edc\u00edch vlnek.<\/p>\n<p>Od roku 1972 podtrhuje rytmus m\u011bsta kadence pochodov\u00fdch bot, odkdy se stalo pos\u00e1dkou motorizovan\u00e9 p\u011bchoty N\u00e1rodn\u00ed lidov\u00e9 arm\u00e1dy. Po roce 1990 se kas\u00e1rna Kyffh\u00e4user stala domovem 13. mechanizovan\u00e9 p\u011b\u0161\u00ed divize Bundeswehru. Voj\u00e1ci v olivov\u011b f\u00e1dn\u00edch barv\u00e1ch hl\u00eddkuj\u00ed po boku l\u00e1ze\u0148sk\u00fdch host\u016f v b\u00edl\u00fdch r\u00f3b\u00e1ch \u2013 tato kombinace p\u016fsob\u00ed z\u00e1rove\u0148 disharmonicky i podivn\u011b harmonicky, podobn\u011b jako samotn\u00e9 m\u011bsto.<\/p>\n<p>Siluetu Bad Frankenhausenu dominuj\u00ed architektonick\u00e9 pam\u00e1tky na jeho mnohovrstevnatou minulost. Hrad Frankenhausen, jeho\u017e st\u0159edov\u011bk\u00e9 z\u00e1klady poch\u00e1zej\u00ed ze \u010dtrn\u00e1ct\u00e9ho stolet\u00ed, byl zni\u010den b\u011bhem selsk\u00fdch povst\u00e1n\u00ed a znovuzrozen v renesan\u010dn\u00edch rozm\u011brech mezi lety 1533 a 1536. Dnes se v n\u011bm nach\u00e1z\u00ed muzeum m\u00edstn\u00ed historie, kde sklen\u011bn\u00e9 vitr\u00edny uchov\u00e1vaj\u00ed rz\u00ed pot\u0159\u00edsn\u011bn\u00e9 hroty \u0161\u00edp\u016f a za\u017eloutl\u00e9 svitky pergamenu, kter\u00e9 na okam\u017eik evokuj\u00ed obrazy Siegfriedova t\u0159pytiv\u00e9ho dvora. Nedaleko stoj\u00ed kostel Panny Marie na Ho\u0159e \u2013 zn\u00e1m\u00fd jednodu\u0161e jako Oberkirche \u2013 dokon\u010den\u00fd v roce 1382, jeho\u017e v\u011b\u017e je neuv\u011b\u0159iteln\u011b naklon\u011bna propadlinami vyhlodan\u00fdmi soln\u00fdmi doly. P\u0159i posledn\u00edm m\u011b\u0159en\u00ed se v\u011b\u017e nakl\u00e1n\u00ed o 4,8\u00b0, ka\u017ed\u00fd rok o 6 cm d\u00e1le, a je na pomez\u00ed z\u0159\u00edcen\u00ed a korekce. V roce 2014 investovala feder\u00e1ln\u00ed vl\u00e1da 950 000 eur do obalen\u00ed v\u011b\u017ee ocelov\u00fdm korzetem \u2013 z\u00e1sah, kter\u00fd spojuje in\u017een\u00fdrstv\u00ed s \u00factou.<\/p>\n<p>Na severu rozkv\u00e9t\u00e1 poho\u0159\u00ed Kyffh\u00e4user do les\u016f a m\u00fdt\u016f. Zde stoj\u00ed pam\u00e1tn\u00edk Kyffh\u00e4user, jeho\u017e autorem je Bruno Schmitz a kter\u00fd byl postaven v letech 1890 a\u017e 1896 na trosk\u00e1ch b\u00fdval\u00e9ho Kaiserpfalzu. Ocelov\u011b \u0161ed\u00e9 sochy Fridricha Barbarossy shl\u00ed\u017eej\u00ed na rozlehlost, sk\u00e1la a brn\u011bn\u00ed se sl\u00e9vaj\u00ed v jedin\u00e9m \u017eulov\u00e9m objet\u00ed. Terasy pam\u00e1tn\u00edku nab\u00edzej\u00ed v\u00fdhledy na val\u00edc\u00ed se zelenou a vzd\u00e1lenou mlhu, s bzu\u010den\u00edm cik\u00e1d, kter\u00e9 odr\u00e1\u017eej\u00ed \u010das ve sluncem zalit\u00fdch p\u0159est\u00e1vk\u00e1ch.<\/p>\n<p>Za m\u011bstem, u Quellgrundu \u2013 doslova prameni\u0161t\u011b \u2013 tryskaj\u00ed dva art\u00e9sk\u00e9 studny, Elisabethquelle a Sch\u00fctschachtquelle, slanou vodou bohatou na s\u00edrany. Vrty vyhlouben\u00e9 v letech 1857 a 1866 se pono\u0159uj\u00ed 343 m a 346 m do souvrstv\u00ed Zechstein 2 a \u010derpaj\u00ed z nich kamennou s\u016fl, kter\u00e1 osm stolet\u00ed p\u0159ed Kristem poh\u00e1n\u011bla soln\u00e9 domy z doby \u017eelezn\u00e9. Voda trysk\u00e1 do skromn\u00fdch jez\u00edrek, za soumraku st\u0159\u00edbrn\u00fdch, a l\u00e1k\u00e1 ke koupeli v miner\u00e1ln\u00edm teple. Are\u00e1l je st\u00e1le otev\u0159en\u00fd n\u00e1v\u0161t\u011bvn\u00edk\u016fm, kte\u0159\u00ed mohou sledovat vytesan\u00e9 kamenn\u00e9 kan\u00e1ly a c\u00edtit pomal\u00e9 kap\u00e1n\u00ed stalet\u00ed v pr\u00e1ci.<\/p>\n<p>\u017divot mal\u00e9ho m\u011bsta se zde odehr\u00e1v\u00e1 v uli\u010dk\u00e1ch, kter\u00e9 kdysi zn\u011bly klapotem automat\u016f. Dnes se m\u011bsto spol\u00e9h\u00e1 na cestovn\u00ed ruch \u2013 jeho l\u00e1zn\u011b, hotely a stezky p\u0159es soln\u00e9 zahrady l\u00e1kaj\u00ed milovn\u00edky wellness. Zdravotnick\u00e1 za\u0159\u00edzen\u00ed se shlukuj\u00ed pod\u00e9l hlavn\u00ed silnice: nemocnice Manniske, kterou spravuje KMG Kliniken; rehabilita\u010dn\u00ed centrum Bad Frankenhausen v r\u00e1mci n\u011bmeck\u00e9ho spolkov\u00e9ho d\u016fchodov\u00e9ho poji\u0161t\u011bn\u00ed; a rehabilita\u010dn\u00ed klinika Kyffh\u00e4user pro ml\u00e1de\u017e, kterou provozuje Klinik GmbH &amp; Co. Sophienheilst\u00e4tte KG. Sir\u00e9ny nouzov\u00fdch vol\u00e1n\u00ed se rozezn\u00edvaj\u00ed spolu s kosteln\u00edmi zvony, co\u017e p\u0159ipom\u00edn\u00e1, \u017ee uzdravov\u00e1n\u00ed a historie maj\u00ed stejn\u00fd puls.<\/p>\n<p>Doprava prot\u00e9k\u00e1 m\u011bstem po feder\u00e1ln\u00edch d\u00e1lnic\u00edch \u010d. 85, 38 a 71. Tam, kde vlaky d\u0159\u00edve p\u0159epravovaly cestuj\u00edc\u00ed po trati Bretleben\u2013Sondershausen, byly koleje po prosinci 2006 odstran\u011bny a z\u016fstal po nich jen oblouk n\u00e1sp\u016f a ob\u010dasn\u00e9 lu\u010dn\u00ed kv\u011btiny. T\u0159i kilometry v\u00fdchodn\u011b se nach\u00e1z\u00ed mal\u00e9 leti\u0161t\u011b \u2013 leti\u0161t\u011b Bad Frankenhausen \u2013 kde se \u0161eptaj\u00ed zpr\u00e1vy o soukrom\u00fdch charterov\u00fdch letech a leteck\u00e9 pohledy na krajinu, kter\u00e1 se m\u00eds\u00ed s jizvami po soln\u00fdch dolech a bujn\u00fdmi lesy.<\/p>\n<p>Kulturn\u00ed \u017eivot pulzuje na ne\u010dekan\u00fdch m\u00edstech. Hausmannsturm, poprv\u00e9 zm\u00edn\u011bn\u00fd v roce 998 a roz\u0161\u00ed\u0159en\u00fd ve t\u0159in\u00e1ct\u00e9m stolet\u00ed, kdysi tvo\u0159il sou\u010d\u00e1st opevn\u011bn\u00ed Oberburgu; jeho \u00fazk\u00e1 okna shl\u00ed\u017eej\u00ed na m\u011bsto jako bd\u011bl\u00e9 o\u010di. Protestantsk\u00fd kostel sv. Petra na Old Church Lane ukr\u00fdv\u00e1 ruiny nedokon\u010den\u00e9 rom\u00e1nsk\u00e9 baziliky; jeho osam\u011bl\u00e1 ch\u00f3rov\u00e1 apsida host\u00ed fresky Posledn\u00edho soudu ze \u010dtrn\u00e1ct\u00e9ho stolet\u00ed, kter\u00e9 pozd\u011bji doplnil \u2013 a n\u011bkte\u0159\u00ed \u0159\u00edkaj\u00ed, \u017ee do nich dokonce naru\u0161il \u2013 mal\u00ed\u0159 devaten\u00e1ct\u00e9ho stolet\u00ed Wernicke, kter\u00fd na okraj obrazu p\u0159idal dramatickou sc\u00e9nu z pekla. N\u00e1v\u0161t\u011bvn\u00edci proch\u00e1zej\u00ed kolem le\u0161en\u00ed, jejich boty se oz\u00fdv\u00e1 mezi mechem porostl\u00fdmi kameny.<\/p>\n<p>Na vrcholu Schlachtbergu se ty\u010d\u00ed Muzeum Panorama, kde se nach\u00e1z\u00ed monument\u00e1ln\u00ed Panorama rolnick\u00e9 v\u00e1lky od Wernera T\u00fcbkeho, otev\u0159en\u00e9 v roce 1989. Uvnit\u0159 se postavy prol\u00ednaj\u00ed do souvisl\u00e9ho vlysu vzpoury a odvety \u2013 tv\u00e1\u0159e zv\u00fdrazn\u011bn\u00e9 zoufalstv\u00edm a odhodl\u00e1n\u00edm, kon\u011b cv\u00e1laj\u00edc\u00ed poli, kte\u0159\u00ed se nikdy zcela nespoutaj\u00ed. Je to vize velkolep\u00e1 i t\u00edsniv\u00e1 z\u00e1rove\u0148, kruh barvy, kter\u00fd p\u0159itahuje pohled od jedn\u00e9 hr\u016fzy k druh\u00e9.<\/p>\n<p>Jinde le\u017e\u00ed ponur\u00e9 p\u0159ipom\u00ednky ztr\u00e1ty: \u017eidovsk\u00fd h\u0159bitov v \u00fadol\u00ed Napp, kter\u00fd nacist\u00e9 v roce 1933 zbavili n\u00e1hrobk\u016f, nyn\u00ed je zde jedin\u00fd pam\u011btn\u00ed k\u00e1men zasazen\u00fd mezi mlad\u00e9 buky. Doln\u00ed kostel, postaven\u00fd mezi lety 1691 a 1701 na trosk\u00e1ch kl\u00e1\u0161tern\u00edho kostela z roku 1215, nab\u00edz\u00ed tich\u00e9 v\u00fdklenky, kde se slune\u010dn\u00ed paprsky dot\u00fdkaj\u00ed starobyl\u00e9ho zdiva. \u0158\u00edmskokatolick\u00e1 farnost zasv\u011bcen\u00e1 Nanebevzet\u00ed Panny Marie byla postavena v roce 1930, jej\u00ed\u017e jednoduch\u00e1 fas\u00e1da kontrastuje s om\u0161el\u00fdmi zdmi v okol\u00ed.<\/p>\n<p>Poutn\u00edci a cyklist\u00e9 proch\u00e1zej\u00ed regionem po Lutherov\u011b stezce a cyklostezk\u00e1ch Unstrut-Werra a Kyffh\u00e4user, kola hu\u010d\u00ed po dla\u017eb\u011b a asfaltu. Ka\u017ed\u00e1 zat\u00e1\u010dka odhaluje st\u0159echy rozbit\u00e9 stalet\u00edmi, d\u0159ev\u011bn\u00e9 tr\u00e1my ov\u011bn\u010den\u00e9 vinnou r\u00e9vou a vytrval\u00fd klid vody \u2013 a\u0165 u\u017e nab\u00edran\u00e9 z font\u00e1ny, t\u0159pyt\u00edc\u00ed se v kan\u00e1lu nebo pumpovan\u00e9 skrz propracovan\u00e9 l\u00e1zn\u011b.<\/p>\n<p>Stru\u010dn\u011b \u0159e\u010deno, Bad Frankenhausen\/Kyffh\u00e4user z\u016fst\u00e1v\u00e1 m\u00edstem setk\u00e1v\u00e1n\u00ed \u2013 legend a soli, uzdraven\u00ed a str\u00e1d\u00e1n\u00ed, v\u00e1le\u010dn\u00e9 s\u00edly a duchovn\u00ed \u00fat\u011bchy. Je sv\u011bdectv\u00edm o tom, jak m\u011bsta p\u0159etrv\u00e1vaj\u00ed: p\u0159ij\u00edmaj\u00ed sklon naklon\u011bn\u00e9 v\u011b\u017ee, z\u00e1pas\u00ed se slanou vodou z d\u00e1vn\u00fdch hlubin a vetk\u00e1vaj\u00ed duchy bitev a baronstv\u00ed do \u017eivouc\u00ed struktury ka\u017edodenn\u00edch rutin. Minulost zde jen tak nez\u016fst\u00e1v\u00e1; proud\u00ed jako \u0159eka Wipper skrz ka\u017ed\u00fd k\u00e1men a ka\u017ed\u00fd paprsek sv\u011btla.<\/p>","protected":false},"excerpt":{"rendered":"<p>Bad Frankenhausen, ofici\u00e1ln\u011b zn\u00e1m\u00fd jako Bad Frankenhausen\/Kyffh\u00e4user, je l\u00e1ze\u0148sk\u00e9 m\u011bsto le\u017e\u00edc\u00ed v n\u011bmeck\u00e9 spolkov\u00e9 zemi Durynsko s p\u0159ibli\u017en\u011b 8 000 obyvateli. Tato okouzluj\u00edc\u00ed lokalita se nach\u00e1z\u00ed na ji\u017en\u00edm svahu poho\u0159\u00ed Kyffh\u00e4user, pod\u00e9l um\u011bl\u00e9ho ramene \u0159eky Wipper, p\u0159\u00edtoku Unstrut. Bohat\u00e1 historie a strategick\u00e1 poloha m\u011bsta utv\u00e1\u0159ely jeho v\u00fdvoj po stalet\u00ed a staly se tak v\u00fdznamnou kulturn\u00ed a historickou pam\u00e1tkou regionu.<\/p>","protected":false},"author":1,"featured_media":17472,"parent":13736,"menu_order":0,"comment_status":"closed","ping_status":"closed","template":"elementor_theme","meta":{"_eb_attr":"","footnotes":""},"class_list":["post-16620","page","type-page","status-publish","has-post-thumbnail"],"_links":{"self":[{"href":"https:\/\/travelshelper.com\/cs\/wp-json\/wp\/v2\/pages\/16620","targetHints":{"allow":["GET"]}}],"collection":[{"href":"https:\/\/travelshelper.com\/cs\/wp-json\/wp\/v2\/pages"}],"about":[{"href":"https:\/\/travelshelper.com\/cs\/wp-json\/wp\/v2\/types\/page"}],"author":[{"embeddable":true,"href":"https:\/\/travelshelper.com\/cs\/wp-json\/wp\/v2\/users\/1"}],"replies":[{"embeddable":true,"href":"https:\/\/travelshelper.com\/cs\/wp-json\/wp\/v2\/comments?post=16620"}],"version-history":[{"count":0,"href":"https:\/\/travelshelper.com\/cs\/wp-json\/wp\/v2\/pages\/16620\/revisions"}],"up":[{"embeddable":true,"href":"https:\/\/travelshelper.com\/cs\/wp-json\/wp\/v2\/pages\/13736"}],"wp:featuredmedia":[{"embeddable":true,"href":"https:\/\/travelshelper.com\/cs\/wp-json\/wp\/v2\/media\/17472"}],"wp:attachment":[{"href":"https:\/\/travelshelper.com\/cs\/wp-json\/wp\/v2\/media?parent=16620"}],"curies":[{"name":"wp","href":"https:\/\/api.w.org\/{rel}","templated":true}]}}