{"id":16614,"date":"2024-09-23T14:12:53","date_gmt":"2024-09-23T14:12:53","guid":{"rendered":"https:\/\/travelshelper.com\/staging\/?page_id=16614"},"modified":"2026-03-12T00:25:54","modified_gmt":"2026-03-12T00:25:54","slug":"bad-feilnbach","status":"publish","type":"page","link":"https:\/\/travelshelper.com\/cs\/destinations\/europe\/germany\/bad-feilnbach\/","title":{"rendered":"Bad Feilnbach"},"content":{"rendered":"<p>Bad Feilnbach le\u017e\u00ed v m\u00edst\u011b, kde Bavorsk\u00e9 Alpy m\u00edrn\u011b klesaj\u00ed do Rosenheimsk\u00e9 p\u00e1nve, rozlohy o rozloze 5 800 hektar\u016f, kter\u00e1 se rozl\u00e9v\u00e1 od p\u0159\u00edkr\u00fdch svah\u016f hory Wendelstein do luk protk\u00e1n\u00fdch v\u0159esovi\u0161ti. Na \u00fapat\u00ed vrcholu ty\u010d\u00edc\u00edho se do v\u00fd\u0161ky 1 838 metr\u016f se nach\u00e1z\u00ed tato obec \u2013 17 kilometr\u016f v\u00fdchodn\u011b od Miesbachu, 10 kilometr\u016f ji\u017en\u011b od Bad Aiblingu, 15 kilometr\u016f jihoz\u00e1padn\u011b od Rosenheimu a 33 kilometr\u016f od Kufsteinu \u2013 kter\u00e1 nab\u00edz\u00ed dostate\u010dn\u011b m\u00edrn\u00e9 klima, aby se je\u0159\u00e1by a smrky m\u00edsily uprost\u0159ed vlhk\u00e9 ra\u0161eliny. Obec, kter\u00e9 bylo v \u0159\u00edjnu 1973 ud\u011bleno ozna\u010den\u00ed \u201eBad\u201c, z\u016fst\u00e1v\u00e1 jednou z oslavovan\u00fdch n\u011bmeck\u00fdch oblast\u00ed Moorheilb\u00e4der, kde stalet\u00ed star\u00e1 lo\u017eiska ra\u0161eliny poskytuj\u00ed hust\u00e9, tmav\u00e9 l\u00e9\u010div\u00e9 bahno.<\/p>\n<p>P\u0159\u00edb\u011bh prom\u011bny Bad Feilnbachu za\u010d\u00edn\u00e1 v devaten\u00e1ct\u00e9m stolet\u00ed, kdy se \u0161\u00ed\u0159ila zv\u011bst o l\u00e9\u010div\u00fdch vlastnostech ra\u0161eliny. M\u00edstn\u00ed v\u00e1m \u0159eknou \u2013 pokud se odv\u00e1\u017e\u00edte na o\u0161et\u0159en\u00ed za \u00fasvitu \u2013 \u017ee v\u016fn\u011b ra\u0161eliny vypov\u00edd\u00e1 o \u010derstv\u011b rozv\u00ed\u0159en\u00e9 zemi, o starobyl\u00fdch ra\u0161elini\u0161t\u00edch pomalu d\u00fdchaj\u00edc\u00edch pod rann\u00ed mlhou. Toto \u201e\u010dern\u00e9 zlato\u201c se uk\u00e1zalo jako \u00fa\u010dinn\u00e9 proti revmatick\u00fdm onemocn\u011bn\u00edm a respira\u010dn\u00edm probl\u00e9m\u016fm, co\u017e vedlo podnikav\u00e9 zdravotn\u00edky k zalo\u017een\u00ed l\u00e1ze\u0148sk\u00fdch a rehabilita\u010dn\u00edch za\u0159\u00edzen\u00ed na svaz\u00edch a v \u00fadol\u00ed pod nimi. Postupem \u010dasu si vesnice z\u00edskala pov\u011bst l\u00e1ze\u0148sk\u00e9ho st\u0159ediska, jej\u00ed d\u0159ev\u011bn\u00e9 chatky a n\u00edzk\u00e9 pavilony se t\u00e1hly k jedlov\u00fdm porost\u016fm jako host\u00e9 usazen\u00ed se u krbu.<\/p>\n<p>Je\u0161t\u011b p\u0159edt\u00edm, ne\u017e se n\u00e1zev obce stal \u201eBad\u201c, sahaly ko\u0159eny obce mnoho stalet\u00ed do minulosti. Poprv\u00e9 je zm\u00edn\u011bna v roce 980 jako \u201eFulinpah\u201c, co\u017e je n\u00e1zev odvozen\u00fd od pomalu tekouc\u00edho potoka, kter\u00fd dodnes prosakuje pod mechem porostl\u00fdmi kameny. Osada pravd\u011bpodobn\u011b sah\u00e1 a\u017e do \u0159\u00edmsk\u00fdch dob. \u010clov\u011bk si m\u016f\u017ee st\u00e1t u potoka a p\u0159edstavovat si legion\u00e1\u0159e, jak se zastavuj\u00ed pro vodu a jejich sand\u00e1ly \u0161oupou po tmav\u00fdch j\u00edlovit\u00fdch b\u0159ez\u00edch. V roce 1818 bavorsk\u00e9 administrativn\u00ed reformy ud\u011blily Feilnbachu nez\u00e1vislost, rod\u00edc\u00ed se obci balancuj\u00edc\u00ed mezi alpskou nadmo\u0159skou v\u00fd\u0161kou a \u0161\u00ed\u0159kou kotliny.<\/p>\n<p>\u017deleznice dorazila v roce 1897 a vedly po \u00fazk\u00e9 trati z Bad Aiblingu do Feilnbachu. T\u00e9m\u011b\u0159 osm desetilet\u00ed parn\u00ed lokomotivy sup\u011bly stinn\u00fdmi lesy a p\u0159es mostn\u00ed mosty a\u017e do roku 1973, kdy byl provoz ukon\u010den \u2013 ale teprve pot\u00e9 propojily l\u00e1ze\u0148sk\u00e9 m\u011bsto s \u0161ir\u0161\u00edm sv\u011btem milovn\u00edk\u016f zdrav\u00ed. Star\u00e1 budova n\u00e1dra\u017e\u00ed, nyn\u00ed p\u0159estav\u011bn\u00e1 na dobrodru\u017en\u00e9 h\u0159i\u0161t\u011b s n\u00e1zvem \u201eAlter Bahnhof\u201c, stoj\u00ed jako tich\u00fd sv\u011bdek sy\u010den\u00ed p\u00e1ry a sm\u00edchu d\u011bt\u00ed, kter\u00e9 testuj\u00ed hranice kovov\u00e9ho r\u00e1mu.<\/p>\n<p>Polovina stolet\u00ed zm\u011bnila podobu samotn\u00e9 obce. 1. ledna 1966 se sousedn\u00ed vesnice Feilnbach a Wiechs slou\u010dily a vytvo\u0159ily Feilnbach-Wiechs, jen aby se v prosinci 1971 vr\u00e1tily k jednodu\u0161\u0161\u00edmu Feilnbachu. B\u011bhem n\u011bkolika t\u00fddn\u016f byly p\u0159ipojeny obce Au bei Bad Aibling a Dettendorf \u2013 Dettendorf byl vyjmut z ozna\u010den\u00ed l\u00e1ze\u0148sk\u00e9ho st\u0159ediska \u2013 a Litzldorf se k nim p\u0159ipojil 1. kv\u011btna 1978. Do \u010dervence 1972 se obec p\u0159esunula z okresu Bad Aibling do okresu Rosenheim, \u010d\u00edm\u017e se jej\u00ed osud v\u00edce propojil s \u0161ir\u0161\u00edm administrativn\u00edm regionem.<\/p>\n<p>Okol\u00ed Bad Feilnbachu je utv\u00e1\u0159eno d\u0159evem a vodou. V horn\u00ed \u010d\u00e1sti \u00fadol\u00ed Jenbachtal vede stezka s n\u00e1zvem \u201eJenbachwasser\u201c pod\u00e9l vodop\u00e1d\u016f, kter\u00e9 sy\u010d\u00ed skaln\u00edmi \u0161t\u011brbinami a zvou n\u00e1v\u0161t\u011bvn\u00edky k proch\u00e1zce \u00fazk\u00fdmi \u0159\u00edmsami pokryt\u00fdmi vodn\u00ed t\u0159\u00ed\u0161t\u00ed. D\u00e1le po proudu se Jenbachparadies rozkl\u00e1d\u00e1 jako vodn\u00ed h\u0159i\u0161t\u011b, kde se d\u011bti brouzdaly v m\u011blk\u00fdch n\u00e1dr\u017e\u00edch a rodi\u010de se op\u00edrali o hladk\u00e9 kameny vyle\u0161t\u011bn\u00e9 stalet\u00edmi proud\u016f. Sm\u00edch se oz\u00fdv\u00e1 jako pta\u010d\u00ed vol\u00e1n\u00edm a oz\u00fdval se mezi porosty ol\u0161\u00ed a vrb.<\/p>\n<p>Do tohoto lesn\u00edho objet\u00ed v\u00e1s stanice Moorlerlebnis \u201eSterntaler felts\u201c (Sterntalersk\u00e9 plsti) zavede do skryt\u00e9ho sv\u011bta ra\u0161elini\u0161\u0165. D\u0159ev\u011bn\u00e9 chodn\u00edky se zde t\u00e1hnou nad promo\u010denou zem\u00ed a mal\u00e9 p\u0159\u00edst\u0159e\u0161ky nab\u00edzej\u00ed z\u00e1blesky ra\u0161elinov\u00e9 fauny \u2013 brusinky \u010dervenaj\u00edc\u00ed se na \u010dern\u00e9m bl\u00e1t\u011b, v\u00e1\u017eky poletuj\u00edc\u00ed jako \u017eivouc\u00ed drahokamy. Klikat\u00e1 tematick\u00e1 stezka s n\u00e1zvem \u201ePo stop\u00e1ch Boha\u201c vrstv\u00ed duchovn\u00ed zamy\u0161len\u00ed nad p\u0159\u00edrodn\u00edmi kr\u00e1sami a vede n\u00e1v\u0161t\u011bvn\u00edky kolem kapl\u00ed a soch, kter\u00e9 vystupuj\u00ed z ter\u00e9nu, jako by z n\u011bj vyrostly. Cel\u00e1 s\u00ed\u0165 tematick\u00fdch stezek vd\u011b\u010d\u00ed za svou existenci programu EU LEADER, kter\u00fd ti\u0161e sm\u011bruje zem\u011bd\u011blskou pomoc do kulturn\u00edho obohacen\u00ed.<\/p>\n<p>Bad Feilnbach se neomezuje jen na l\u00e9\u010divou zemi a zur\u010d\u00edc\u00ed vodu. V Litzldorfu stoj\u00ed pr\u016fmyslov\u00e1 ruina star\u00e9 cement\u00e1rny jako pam\u00e1tn\u00edk jin\u00e9ho druhu pr\u016fmyslu \u2013 tich\u00e9 katedr\u00e1ly z nosn\u00edk\u016f a rzi. Mech se rozkl\u00e1d\u00e1 po ocelov\u00fdch tr\u00e1mech jako mal\u00ed\u0159sk\u00e9 tahy, zat\u00edmco slune\u010dn\u00ed sv\u011btlo se \u0161ikmo propad\u00e1 rozbit\u00fdmi okny a vrh\u00e1 m\u0159\u00ed\u017eovan\u00e9 st\u00edny na betonov\u00e9 podlahy zalit\u00e9 tichem. Toto m\u00edsto nazna\u010duje, \u017ee i rozklad si m\u016f\u017ee vynucovat \u00factu.<\/p>\n<p>Pro ty, kte\u0159\u00ed hledaj\u00ed aktivn\u00ed odpo\u010dinek, se ve st\u00ednu Wendelsteinu vine odlehl\u00e1 jezdeck\u00e1 stezka, kter\u00e1 spojuje oblast Horn\u00edho Bavorska s Tyrolskem. Jezdci na kon\u00edch pojmenovan\u00fdch po keltsk\u00fdch v\u011btrech se pohybuj\u00ed po travnat\u00fdch ostru\u017ein\u00e1ch, jejich dech je viditeln\u00fd v chladn\u011bj\u0161\u00edch m\u011bs\u00edc\u00edch a dupot kopyt v\u00ed\u0159\u00ed v\u00edry prachu a jehli\u010d\u00ed. Vzduch chutn\u00e1 po m\u00edze a ran\u00e9m sn\u011bhu; lze si p\u0159edstavit stalet\u00ed poutn\u00edk\u016f a lesn\u00edk\u016f, kte\u0159\u00ed se o tyto stezky d\u011blili.<\/p>\n<p>Bad Feilnbach jako modern\u00ed l\u00e1ze\u0148sk\u00e9 m\u011bsto p\u0159ij\u00edm\u00e1 rozmanitost l\u00e9\u010debn\u00fdch postup\u016f. Krom\u011b tradi\u010dn\u00ed ra\u0161elinov\u00e9 terapie nab\u00edzej\u00ed alternativn\u00ed l\u00e9ka\u0159i akupunkturu vych\u00e1zej\u00edc\u00ed z tradi\u010dn\u00ed \u010d\u00ednsk\u00e9 medic\u00edny, homeopatick\u00e9 lahvi\u010dky uspo\u0159\u00e1dan\u00e9 jako drahokamy, tinktury bylinn\u00fdch l\u00e9\u010div, \u00e1jurv\u00e9dsk\u00e9 mas\u00e1\u017ee s v\u016fn\u00ed kurkumy a naturopatick\u00e9 konzultace zam\u011b\u0159en\u00e9 na stravu a \u017eivotn\u00ed styl. V honosn\u00e9m pavilonu vedle Haus des Gastes se konaj\u00ed \u201el\u00e1ze\u0148sk\u00e9 koncerty\u201c, kde mezi b\u0159ezov\u00fdmi sloupy hraj\u00ed smy\u010dcov\u00e9 kvartety a jejich hudba se line p\u0159es mal\u00fd p\u0159\u00edrodn\u00ed baz\u00e9n vyh\u0159\u00edvan\u00fd pono\u0159en\u00fdmi kameny.<\/p>\n<p>Zdravotnick\u00e1 infrastruktura obce zahrnuje kliniku Reithofpark a Blumenhof a ambulantn\u00ed terapeutick\u00e9 centrum, kter\u00e9 se v\u0161echny specializuj\u00ed na l\u00e9\u010dbu v Badetorfu. Bad Feilnbach, dopln\u011bn\u00fd o domov d\u016fchodc\u016f St. Martin a o\u0161et\u0159ovatelsk\u00e9, terapeutick\u00e9 a wellness centrum St. Luke, poskytuje kr\u00e1tkodobou rekonvalescenci i dlouhodobou p\u00e9\u010di. Obyvatel\u00e9 vyu\u017e\u00edvaj\u00ed ekumenick\u00e9 nadace Nachbarschaftshilfe eV a n\u011bmeck\u00e9ho n\u00e1bo\u017eensk\u00e9ho rehabilita\u010dn\u00edho centra, kter\u00e9 zaji\u0161\u0165uj\u00ed, \u017ee se vedle fyzick\u00e9 regenerace dost\u00e1v\u00e1 pozornosti i duchovn\u00edm a soci\u00e1ln\u00edm pot\u0159eb\u00e1m.<\/p>\n<p>Rodiny nach\u00e1zej\u00ed z\u00e1zem\u00ed ve vzd\u011bl\u00e1vac\u00edch instituc\u00edch: z\u00e1kladn\u00ed a st\u0159edn\u00ed \u0161kole v Bad Feilnbachu, z\u00e1kladn\u00ed \u0161kole v Au, \u010dty\u0159ech m\u011bstsk\u00fdch mate\u0159sk\u00fdch \u0161kol\u00e1ch a dvou katolick\u00fdch mate\u0159sk\u00fdch \u0161kol\u00e1ch. Ve\u0159ejn\u00fd \u017eivot pulzuje kolem vyh\u0159\u00edvan\u00e9ho baz\u00e9nu v centru obce a samostatn\u00e9 koupali\u0161t\u011b v Au. Dobrodru\u017en\u00e1 h\u0159i\u0161t\u011b v Burgaltendorf Waldeck a Alter Bahnhof vyb\u00edzej\u00ed k d\u011btsk\u00e9 radosti, zat\u00edmco n\u00e1bo\u017eensk\u00e1 a obecn\u00ed knihovna poskytuje klidn\u00e9 \u00fato\u010di\u0161t\u011b pro studium a rozj\u00edm\u00e1n\u00ed.<\/p>\n<p>Turistick\u00e1 infrastruktura vyva\u017euje pohodl\u00ed s vol\u00e1n\u00edm divo\u010diny. Od roku 1968 \u010dty\u0159hv\u011bzdi\u010dkov\u00fd Kaiser Camping Outdoor Resort p\u0159iv\u00edt\u00e1 a\u017e 800 host\u016f v plachtov\u00fdch p\u0159\u00edv\u011bsech nebo ve statick\u00fdch karavanech. V sv\u011b\u017e\u00edm rann\u00edm vzduchu se stany op\u00edraj\u00ed o jedle jako nap\u016fl vypr\u00e1v\u011bn\u00e9 p\u0159\u00edb\u011bhy a prvn\u00ed sv\u011btlo probleskuje pr\u016fsvitn\u00fdmi zdmi. Za soumraku se ve v\u00e1nku pohupuj\u00ed lucerny a \u0161eptaj\u00ed p\u0159\u00edb\u011bhy o cestovatel\u00edch, kte\u0159\u00ed se bl\u00ed\u017e\u00ed k ko\u0161\u016fm a pec\u00edm vyh\u0159\u00edvan\u00fdm ra\u0161elinou.<\/p>\n<p>Propojen\u00ed se znovu objevilo v roce 2024, kdy se Bad Feilnbach p\u0159ipojil k Mnichovsk\u00e9mu dopravn\u00edmu a tarifn\u00edmu sdru\u017een\u00ed. Autobusov\u00e9 linky 343 a 348 zaji\u0161\u0165uj\u00ed denn\u00ed spojen\u00ed s Bad Aiblingem, Raublingem a Rosenheimem, zat\u00edmco sez\u00f3nn\u00ed okru\u017en\u00ed linka Wendelstein 349 \u2013 v provozu od kv\u011btna do listopadu \u2013 jezd\u00ed p\u0159es Bayrischzell, Fischbachau, Brannenburg, Flintsbach a Oberaudorf. Cestu z rozlehl\u00e9ho m\u011bsta k alpsk\u00e9 samot\u011b lze sledovat b\u011bhem jednoho odpoledne, p\u0159i\u010dem\u017e ka\u017ed\u00e1 m\u00edle nab\u00edz\u00ed nov\u00fd v\u00fdhled na tmav\u00e9 jedlov\u00e9 svahy nebo sluncem zalit\u00e9 pastviny.<\/p>\n<p>Navzdory t\u011bmto vrstv\u00e1m historie a p\u0159\u00edrody z\u016fst\u00e1v\u00e1 Bad Feilnbach ti\u0161e a neochv\u011bjn\u011b \u2013 osada formovan\u00e1 geologi\u00ed stejn\u011b jako reformn\u00edmi na\u0159\u00edzen\u00edmi. Datov\u00e9 kameny na m\u011bstsk\u00fdch budov\u00e1ch p\u0159ipom\u00ednaj\u00ed roky 1818 a 1973, ale hlub\u0161\u00ed otisky se skr\u00fdvaj\u00ed v n\u00e1zvech jako Fulinpah a v lidsk\u00fdch gestech: d\u0159ev\u011bn\u00e1 promen\u00e1da spojuj\u00edc\u00ed ra\u0161elini\u0161t\u011b s lesem, pavilon ty\u010d\u00edc\u00ed se vedle term\u00e1ln\u00edho baz\u00e9nu, okna kliniky z\u00e1\u0159\u00edc\u00ed za soumraku slibem \u00falevy. Ra\u0161elina vyd\u00e1v\u00e1 sv\u016fj l\u00e9k pomalu, chladn\u00e1 a hust\u00e1 jako soumrak, a n\u00e1v\u0161t\u011bvn\u00edk se v jej\u00edm objet\u00ed u\u010d\u00ed trp\u011blivosti.<\/p>\n<p>V kraji, kde vrcholy vrcholk\u016f pror\u00e1\u017eej\u00ed oblohu a v\u0159esovi\u0161t\u011b kol\u00e9baj\u00ed zemi, zauj\u00edm\u00e1 Bad Feilnbach hrani\u010dn\u00ed prostor. Kosteln\u00ed v\u011b\u017e pror\u00e1\u017e\u00ed rann\u00ed mlhu; les vydechuje prysky\u0159ici do \u00fasvitu; ra\u0161elinov\u00e9 koupele uti\u0161uj\u00ed unaven\u00e9 kon\u010detiny. Zde z\u00e1le\u017e\u00ed na rytmu ro\u010dn\u00edch obdob\u00ed \u2013 jarn\u00ed povodn\u011b obnovuj\u00ed ba\u017einu, letn\u00ed mlhy zm\u011bk\u010duj\u00ed k\u00e1men, podzimn\u00ed odpoledne zlat\u00ed mod\u0159\u00edn, zimn\u00ed slunce hrabe ledov\u00e9 terasy. Tr\u00e1vit \u010das v Bad Feilnbachu znamen\u00e1 b\u00fdt sv\u011bdkem neust\u00e1l\u00e9 pr\u00e1ce zem\u011b a lid\u00ed, historie vytesan\u00e9 do kamene a uzdraven\u00ed vylou\u010den\u00e9ho z ra\u0161eliny. Pod bd\u011bl\u00fdm pohledem Wendelsteina m\u011bsto p\u0159etrv\u00e1v\u00e1 a l\u00e1k\u00e1 cestovatele ne k\u0159ikem ani p\u0159\u00edslibem pod\u00edvan\u00e9, ale hlubok\u00fdm klidem zem\u011b a vody v rovnov\u00e1ze.<\/p>","protected":false},"excerpt":{"rendered":"<p>Bad Feilnbach, malebn\u00e1 obec uhn\u00edzd\u011bn\u00e1 v hornobavorsk\u00e9m okrese Rosenheim v N\u011bmecku, je domovem p\u0159ibli\u017en\u011b 7 500 obyvatel. Toto okouzluj\u00edc\u00ed m\u011bste\u010dko, kter\u00e9 se nach\u00e1z\u00ed na \u00fapat\u00ed majest\u00e1tn\u00ed hory Wendelstein, si vydobylo reputaci jako p\u0159edn\u00ed zdravotn\u00ed a wellness destinace, kter\u00e1 n\u00e1v\u0161t\u011bvn\u00edk\u016fm nab\u00edz\u00ed jedine\u010dnou sm\u011bs p\u0159\u00edrodn\u00edch kr\u00e1s a l\u00e9\u010debn\u00fdch procedur.<\/p>","protected":false},"author":1,"featured_media":17525,"parent":13736,"menu_order":0,"comment_status":"closed","ping_status":"closed","template":"elementor_theme","meta":{"_eb_attr":"","footnotes":""},"class_list":["post-16614","page","type-page","status-publish","has-post-thumbnail"],"_links":{"self":[{"href":"https:\/\/travelshelper.com\/cs\/wp-json\/wp\/v2\/pages\/16614","targetHints":{"allow":["GET"]}}],"collection":[{"href":"https:\/\/travelshelper.com\/cs\/wp-json\/wp\/v2\/pages"}],"about":[{"href":"https:\/\/travelshelper.com\/cs\/wp-json\/wp\/v2\/types\/page"}],"author":[{"embeddable":true,"href":"https:\/\/travelshelper.com\/cs\/wp-json\/wp\/v2\/users\/1"}],"replies":[{"embeddable":true,"href":"https:\/\/travelshelper.com\/cs\/wp-json\/wp\/v2\/comments?post=16614"}],"version-history":[{"count":0,"href":"https:\/\/travelshelper.com\/cs\/wp-json\/wp\/v2\/pages\/16614\/revisions"}],"up":[{"embeddable":true,"href":"https:\/\/travelshelper.com\/cs\/wp-json\/wp\/v2\/pages\/13736"}],"wp:featuredmedia":[{"embeddable":true,"href":"https:\/\/travelshelper.com\/cs\/wp-json\/wp\/v2\/media\/17525"}],"wp:attachment":[{"href":"https:\/\/travelshelper.com\/cs\/wp-json\/wp\/v2\/media?parent=16614"}],"curies":[{"name":"wp","href":"https:\/\/api.w.org\/{rel}","templated":true}]}}