{"id":16596,"date":"2024-09-23T13:46:40","date_gmt":"2024-09-23T13:46:40","guid":{"rendered":"https:\/\/travelshelper.com\/staging\/?page_id=16596"},"modified":"2026-03-12T00:18:35","modified_gmt":"2026-03-12T00:18:35","slug":"bad-ems","status":"publish","type":"page","link":"https:\/\/travelshelper.com\/cs\/destinations\/europe\/germany\/bad-ems\/","title":{"rendered":"Bad Ems"},"content":{"rendered":"<p>Bad Ems, le\u017e\u00edc\u00ed ve spolkov\u00e9 zemi Por\u00fdn\u00ed-Falc v z\u00e1padn\u00edm N\u011bmecku, m\u00e1 necel\u00fdch deset tis\u00edc obyvatel rozlo\u017een\u00fdch na 15,41 kilometrech \u010dtvere\u010dn\u00edch. M\u011bsto se rozkl\u00e1d\u00e1 na obou b\u0159ez\u00edch \u0159eky Lahn \u2013 kter\u00e1 zde slou\u017e\u00ed jako p\u0159irozen\u00e1 hranice mezi regiony Taunus a Westerwald v R\u00fdnsk\u00fdch b\u0159idlicov\u00fdch hor\u00e1ch \u2013 v nadmo\u0159sk\u00e9 v\u00fd\u0161ce 80 metr\u016f. Jako spr\u00e1vn\u00ed centrum okresu Rhein-Lahn a sou\u010d\u00e1st m\u011bstsk\u00e9ho sdru\u017een\u00ed Bad Ems-Nassau vyva\u017euje svou historickou roli s modern\u00edm z\u00e1vazkem ke zdrav\u00ed, kultu\u0159e a udr\u017eiteln\u00e9mu rozvoji. V roce 2021 UNESCO zapsalo Bad Ems mezi \u201eVelk\u00e1 l\u00e1ze\u0148sk\u00e1 m\u011bsta Evropy\u201c, \u010d\u00edm\u017e ocenilo jeho trvalou s\u00ed\u0165 miner\u00e1ln\u00edch pramen\u016f a pozoruhodnou architekturu 18. a\u017e 20. stolet\u00ed. Toto vyznamen\u00e1n\u00ed potvrzuje jeho kulturn\u00ed v\u00fdznam a z\u00e1rove\u0148 podtrhuje jeho ambice p\u0159il\u00e1kat n\u00e1v\u0161t\u011bvn\u00edky a investice, \u010d\u00edm\u017e zaji\u0161\u0165uje vitalitu m\u011bsta pro dal\u0161\u00ed generace.<\/p>\n<p>Geologick\u00fd p\u016fvod slavn\u00fdch pramen\u016f Bad Ems le\u017e\u00ed v r\u00fdnsk\u00fdch spodnodevonsk\u00fdch formac\u00edch pod m\u011bstem. Zde podzemn\u00ed voda prosakuje skrz starobyl\u00e9 horninov\u00e9 vrstvy a vystupuje do podoby patn\u00e1cti odli\u0161n\u00fdch pramen\u016f bohat\u00fdch na hydrogenuhli\u010ditan sodn\u00fd s teplotami od m\u00edrn\u00fdch 27 \u00b0C do ohromuj\u00edc\u00edch 57 \u00b0C. Art\u00e9zsk\u00e1 s\u00edla pramene Robert-Kampe dok\u00e1\u017ee v teplej\u0161\u00edch m\u011bs\u00edc\u00edch vytla\u010dit vodu osm metr\u016f do vzduchu. M\u00edstn\u00ed podniky t\u011b\u017e\u00ed tuto vodu k v\u00fdrob\u011b soli Emser a jej\u00edch balen\u00fdch variant, jako je Emser Kr\u00e4nchen, zat\u00edmco pastilky zn\u00e1m\u00e9 jako Emser Pastillen se vyr\u00e1b\u011bj\u00ed ji\u017e v\u00edce ne\u017e stolet\u00ed a p\u016fl. Tyto produkty, prod\u00e1van\u00e9 k pit\u00ed i inhalaci, odr\u00e1\u017eej\u00ed pe\u010dliv\u00e9 propojen\u00ed tradi\u010dn\u00edch l\u00e9\u010div s obchodn\u00edm umem a poskytuj\u00ed zdroje p\u0159\u00edjm\u016f, kter\u00e9 dopl\u0148uj\u00ed turistickou ekonomiku m\u011bsta a roz\u0161i\u0159uj\u00ed jeho pov\u011bst daleko za \u00fadol\u00ed Lahn.<\/p>\n<p>Historick\u00e1 tapiserie Bad Ems se odehr\u00e1v\u00e1 p\u0159es dv\u011b tis\u00edcilet\u00ed. Jej\u00ed nejstar\u0161\u00ed dolo\u017een\u00e1 f\u00e1ze se objevila jako \u0159\u00edmsk\u00e9 castrum pod\u00e9l horn\u00edho germ\u00e1nsk\u00e9ho limes, z n\u011bho\u017e se uprost\u0159ed okoln\u00edch les\u016f dochovaly slab\u00e9 zemn\u00ed valy. Osada se v z\u00e1znamech objevuje ji\u017e kolem roku 880 n. l.; o t\u0159i a p\u016fl stolet\u00ed pozd\u011bji, v roce 1324, z\u00edskala m\u011bstsk\u00e1 pr\u00e1va. St\u0159edov\u011bk\u00e9 zm\u00ednky o \u201edivok\u00fdch l\u00e1zn\u00edch\u201c postupn\u011b ustupovaly kultivovan\u011bj\u0161\u00ed l\u00e1ze\u0148sk\u00e9 kultu\u0159e. V \u0161estn\u00e1ct\u00e9m stolet\u00ed p\u00edsemn\u00e9 z\u00e1znamy uv\u00e1d\u011bly v\u00fdhody pit\u00ed term\u00e1ln\u00edch vod a po sob\u011b jdouc\u00ed hrabata z Nassau a Katzenelnbogen investovala do l\u00e1zn\u00ed a recep\u010dn\u00edch pavilon\u016f. S p\u0159\u00edchodem \u0161lechtick\u00fdch mecen\u00e1\u0161\u016f rostla i pov\u011bst m\u011bsta, co\u017e p\u0159ipravilo p\u016fdu pro transformativn\u00ed osmn\u00e1ct\u00e9 a devaten\u00e1ct\u00e9 stolet\u00ed.<\/p>\n<p>Na po\u010d\u00e1tku 18. stolet\u00ed se v Bad Emsu stav\u011bly nov\u00e9 \u010derpac\u00ed stanice a herny, kter\u00e9 m\u011bly obslou\u017eit rostouc\u00ed klientelu. V polovin\u011b 19. stolet\u00ed si Bad Ems vyslou\u017eil p\u0159ezd\u00edvku \u201eletn\u00ed hlavn\u00ed m\u011bsto Evropy\u201c a hostil mezin\u00e1rodn\u00ed elitu, mezi kterou pat\u0159il c\u00edsa\u0159 Vil\u00e9m I., car Alexandr II., romanopisec Fjodor Dostojevskij a skladatel Richard Wagner. Tito n\u00e1v\u0161t\u011bvn\u00edci p\u0159ij\u00ed\u017ed\u011bli parn\u00edky po R\u00fdnu a Lahnu nebo roz\u0161i\u0159uj\u00edc\u00ed se \u017eelezni\u010dn\u00ed s\u00edt\u00ed, kter\u00e1 demokratizovala p\u0159\u00edstup daleko za hranice aristokratick\u00fdch kruh\u016f. Zapojovali se do temperamentn\u00edch spole\u010densk\u00fdch ritu\u00e1l\u016f \u2013 pitn\u00fdch k\u00far v mramorem oblo\u017een\u00fdch s\u00e1lech, poklidn\u00fdch promen\u00e1d upraven\u00fdmi parky, styk\u016f s dynastick\u00fdmi rody a neform\u00e1ln\u00edch jedn\u00e1n\u00ed, kter\u00e1 ovlivnila obchod a politiku. Rok 1870 p\u0159inesl Emskou depe\u0161i, jej\u00ed\u017e stru\u010dn\u00e9 diplomatick\u00e9 formulace pomohly rozpoutat francouzsko-pruskou v\u00e1lku, a v roce 1876 zde car Alexandr II. podepsal Emsk\u00fd edikt, kter\u00fd omezil pou\u017e\u00edv\u00e1n\u00ed ukrajin\u0161tiny. Takov\u00e9 ud\u00e1losti sv\u011bd\u010d\u00ed o dvoj\u00ed povaze Bad Emsu jako m\u00edsta pro odpo\u010dinek i jako jevi\u0161t\u011b pro mezin\u00e1rodn\u00ed z\u00e1le\u017eitosti.<\/p>\n<p>Architektonick\u00fd soubor m\u011bsta zachov\u00e1v\u00e1 tyto vrstven\u00e9 historie v kameni a ornamentech. Pod\u00e9l b\u0159ehu \u0159eky stoj\u00ed Kurhaus, postaven\u00fd mezi lety 1696 a 1715, s kasinov\u00fdm k\u0159\u00eddlem z po\u010d\u00e1tku 20. stolet\u00ed a Mramorov\u00fdm s\u00e1lem z 30. let 19. stolet\u00ed. Nedaleko se nach\u00e1z\u00ed H\u00e4cker\u016fv Grand Hotel, postaven\u00fd na z\u00e1kladech st\u0159edov\u011bk\u00fdch l\u00e1zn\u00ed, kter\u00fd si zachoval velkou \u010d\u00e1st sv\u00e9 vzne\u0161enosti z roku 1912, zat\u00edmco \u010dty\u0159v\u011b\u017eov\u00fd Haus Vier T\u00fcrme \u2013 postaven\u00fd v roce 1696 \u2013 pozd\u011bji ubytov\u00e1val hostuj\u00edc\u00ed kr\u00e1lovskou rodinu. Na druh\u00e9 stran\u011b \u0159eky Lahn se ty\u010d\u00ed pozlacen\u00e1 cibulovit\u00e1 kopule rusk\u00e9ho pravoslavn\u00e9ho kostela, dokon\u010den\u00e9ho v roce 1876 pod carsk\u00fdm patron\u00e1tem, a tzv. z\u00e1mek Balmoral, postaven\u00fd podle vzoru st\u0159edov\u011bk\u00e9 pevnosti, p\u0159ipom\u00edn\u00e1 jeho po\u010d\u00e1tky v 60. letech 19. stolet\u00ed pro rusk\u00e9ho \u0161lechtice. Barokn\u00ed l\u00e1ze\u0148sk\u00fd z\u00e1mek, C\u00edsa\u0159sk\u00fd pomn\u00edk c\u00edsa\u0159e Vil\u00e9ma a novogotick\u00fd kostel sv. Martina p\u0159isp\u00edvaj\u00ed k ucelen\u00e9mu uli\u010dn\u00edmu r\u00e1zu, kter\u00fd je z\u00e1rove\u0148 kr\u00e1lovsk\u00fd i intimn\u00ed. Nov\u011bj\u0161\u00ed p\u0159\u00edstavby, jako nap\u0159\u00edklad Muzeum a kav\u00e1rna Beatles, signalizuj\u00ed ochotu roz\u0161\u00ed\u0159it kulturn\u00ed program nad r\u00e1mec pouh\u00e9 historie l\u00e1ze\u0148stv\u00ed.<\/p>\n<p>Zat\u00edmco historick\u00e9 budovy ukr\u00fdvaj\u00ed za\u0161lou n\u00e1dheru, modern\u00ed zdravotnick\u00e1 za\u0159\u00edzen\u00ed demonstruj\u00ed v\u00fdvoj m\u011bsta. L\u00e1zn\u011b Emser Therme, kter\u00e9 se nach\u00e1zej\u00ed na b\u0159ehu \u0159eky, spojuj\u00ed panoramatick\u00e9 v\u00fdhledy s baz\u00e9ny nap\u00e1jen\u00fdmi p\u0159\u00edmo z pramene Robert-Kampe. V historick\u00e9m l\u00e1ze\u0148sk\u00e9m dom\u011b (Kurhaus) st\u00e1le te\u010de n\u011bkolik pramen\u016f slou\u017e\u00edc\u00edch k pitn\u00e9 k\u00fa\u0159e, or\u00e1movan\u00fdch bohat\u011b zdoben\u00fdmi interi\u00e9ry. L\u00e9ka\u0159sk\u00e9 kompetence se roz\u0161i\u0159uj\u00ed na \u010dty\u0159i rehabilita\u010dn\u00ed kliniky \u2013 kliniku Hufeland, kliniku Lahntal, rehabilita\u010dn\u00ed kliniku VAMED a nemocnici Malberg \u2013 spolu s nemocnic\u00ed akutn\u00ed p\u00e9\u010de a soukromou prax\u00ed holistick\u00e9 medic\u00edny. Od roku 1992 je zdravotn\u00ed centrum Maharishi Ayurveda nejv\u011bt\u0161\u00ed soukromou \u00e1jurv\u00e9dskou klinikou v Evrop\u011b a nab\u00edz\u00ed tradi\u010dn\u00ed l\u00e9\u010debn\u00e9 postupy v l\u00e1ze\u0148sk\u00e9 \u010dtvrti. Ka\u017edoro\u010dn\u011b se v l\u00e1ze\u0148sk\u00e9m centru Bad Emser konaj\u00ed Dny zdrav\u00ed, kter\u00e9 shroma\u017e\u010fuj\u00ed odborn\u00edky i zv\u011bdavce, a podtrhuj\u00ed tak trval\u00e9 v\u00fdznam m\u011bsta v oblasti zdravotn\u00ed v\u00fdchovy.<\/p>\n<p>Krom\u011b wellness pr\u016fmyslu si Bad Ems udr\u017euje diverzifikovanou m\u00edstn\u00ed ekonomiku. Cestovn\u00ed ruch, poh\u00e1n\u011bn\u00fd statusem UNESCO, historickou architekturou a okol\u00edm p\u0159\u00edrodn\u00edch rezervac\u00ed, z\u016fst\u00e1v\u00e1 prvo\u0159ad\u00fd. L\u00e9ka\u0159sk\u00e9 slu\u017eby \u2013 od ortopedick\u00e9 rehabilitace po pneumologii, alergologii, sp\u00e1nkovou medic\u00ednu a naturopatii \u2013 p\u0159itahuj\u00ed pacienty, kte\u0159\u00ed \u010dasto kombinuj\u00ed l\u00e9\u010dbu s rekrea\u010dn\u00edmi pobyty. Skromn\u00fd elektrotechnick\u00fd sektor dod\u00e1v\u00e1 l\u00e1ze\u0148sk\u00e9 vybaven\u00ed, zat\u00edmco t\u011b\u017eba a zpracov\u00e1n\u00ed miner\u00e1ln\u00ed vody poh\u00e1n\u00ed v\u00fdrobu sol\u00ed, balen\u00e9 vody a pastilek. Staatsbad Bad Ems GmbH, m\u011bstsk\u00e1 spole\u010dnost dohl\u00ed\u017eej\u00edc\u00ed na provoz a licencov\u00e1n\u00ed pramen\u016f, zaji\u0161\u0165uje spolehliv\u00e9 suroviny pro tyto produkty a ru\u010d\u00ed za komer\u010dn\u00ed \u010dinnost, kter\u00e1 se dost\u00e1v\u00e1 na mezin\u00e1rodn\u00ed trhy. Tento vyv\u00e1\u017een\u00fd model zm\u00edr\u0148uje sez\u00f3nn\u00ed poklesy n\u00e1v\u0161t\u011bvnosti t\u00edm, \u017ee ukotvuje bohatstv\u00ed m\u011bsta jak v pohostinstv\u00ed, tak v pr\u016fmyslov\u00e9 distribuci.<\/p>\n<p>Z\u00e1kladem t\u00e9to mnohostrann\u00e9 ekonomiky je propojen\u00ed. Bahnhofsgeb\u00e4ude na n\u00e1dra\u017e\u00ed Bad Ems obsluhuje \u017eeleznici Lahntal. Rychl\u00edkov\u00fdmi a region\u00e1ln\u00edmi spoji se dostanete do m\u011bstsk\u00e9 \u010d\u00e1sti Koblenz (za m\u00e9n\u011b ne\u017e p\u016fl hodiny), na hlavn\u00ed n\u00e1dra\u017e\u00ed ve Frankfurtu (za n\u011bco m\u00e1lo p\u0159es hodinu a p\u016fl), na hlavn\u00ed n\u00e1dra\u017e\u00ed v Kol\u00edn\u011b nad R\u00fdnem (za m\u00e9n\u011b ne\u017e dv\u011b hodiny) a ob\u010dasn\u00fdmi p\u0159\u00edm\u00fdmi vlaky do Berl\u00edna (za m\u00e9n\u011b ne\u017e \u0161est hodin). Druhotn\u00e1 zast\u00e1vka na stanici Bad Ems West zvy\u0161uje m\u00edstn\u00ed pohodl\u00ed. Pro v\u00fdstup na \u00fatesy nad m\u011bstem p\u0159epravuje lanovka Kurwaldbahn \u2013 jedna z nejstrm\u011bj\u0161\u00edch na sv\u011bt\u011b \u2013 20 cestuj\u00edc\u00edch v ka\u017ed\u00e9 kabin\u011b do v\u00fd\u0161ky 132 metr\u016f za m\u00e9n\u011b ne\u017e dv\u011b minuty a nab\u00edz\u00ed \u00fachvatn\u00fd panoramatick\u00fd v\u00fdhled. Provozuje v sedmiminutov\u00fdch intervalech od \u010dasn\u00e9ho r\u00e1na do pozdn\u00edho ve\u010dera a napojuje se na vyhl\u00eddku Bismarckturm a stezky v l\u00e1ze\u0148sk\u00fdch centrech, \u010d\u00edm\u017e poskytuje praktick\u00fd p\u0159\u00edstup i samo o sob\u011b atrakci.<\/p>\n<p>V posledn\u00edch letech prob\u011bhly c\u00edlen\u00e9 investice do zaji\u0161t\u011bn\u00ed budoucnosti Bad Ems. Rekonstrukce golfov\u00e9ho klubu, kterou navrhl Josef Poetter s viz\u00ed Thomase Himmela, obnov\u00ed fairwaye a greeny, zavede nov\u00e1 odpali\u0161t\u011b, modernizuje zavla\u017eov\u00e1n\u00ed pomoc\u00ed syst\u00e9m\u016f Rain Bird a vytvo\u0159\u00ed novou cvi\u010dnou plochu pro kr\u00e1tkou hru. Dokon\u010den\u00ed je pl\u00e1nov\u00e1no na rok 2026 a znovuotev\u0159en\u00ed p\u0159ed st\u00fdm v\u00fdro\u010d\u00edm v roce 2027. C\u00edlem tohoto projektu je prodlou\u017eit sez\u00f3nnost nab\u00eddky volno\u010dasov\u00fdch aktivit a p\u0159il\u00e1kat golfov\u00e9 nad\u0161ence k l\u00e1ze\u0148sk\u00fdm host\u016fm. V \u0159\u00edjnu 2025 se hotel Emser Therme objev\u00ed na studijn\u00ed prohl\u00eddce baz\u00e9n\u016f IAKS, p\u0159ehl\u00eddce p\u0159\u00edkladn\u00fdch vodn\u00edch center, kter\u00e1 odr\u00e1\u017eej\u00ed uzn\u00e1n\u00ed jeho designu a udr\u017eiteln\u00e9ho provozu v oboru. Mezit\u00edm ka\u017edoro\u010dn\u00ed hudebn\u00ed programy \u2013 od koncert\u016f v \u0159\u00ed\u010dn\u00edm l\u00e1ze\u0148sk\u00e9m parku a\u017e po avantgardn\u00ed Festival gegen den Strom \u2013 spolu s milionov\u00fdm kv\u011btinov\u00fdm pr\u016fvodem na Bartholom\u00e4usmarkt udr\u017euj\u00ed pulz m\u00edstn\u00ed tradice a sv\u011b\u017e\u00ed kouzlo.<\/p>\n<p>V pr\u016fb\u011bhu sv\u00e9 historie prok\u00e1zalo Bad Ems odolnost t\u00edm, \u017ee sladilo sv\u00e1 aktiva se sou\u010dasn\u00fdmi pot\u0159ebami. Jeho p\u0159\u00edrodn\u00ed prameny, kdysi spojovan\u00e9 p\u0159edev\u0161\u00edm s \u0161lechtick\u00fdm patron\u00e1tem, nyn\u00ed podporuj\u00ed l\u00e9\u010debnou terapii, komer\u010dn\u00ed produkty a holistick\u00e9 postupy pod jednou st\u0159echou. Jeho honosn\u00e9 budovy se prom\u011bnily z aristokratick\u00fdch sal\u00f3n\u016f v dynamick\u00e1 m\u00edsta pro kulturu, pohostinstv\u00ed a konference. Jeho ekonomika se p\u0159esunula od t\u011b\u017eby kovov\u00fdch rud k t\u011b\u017eb\u011b wellness p\u0159\u00edle\u017eitost\u00ed, z\u00e1kladn\u00ed princip v\u0161ak z\u016fst\u00e1v\u00e1 nem\u011bnn\u00fd: vyu\u017e\u00edvat m\u00edstn\u00ed zdroje s rozvahou a inovac\u00ed. Zaps\u00e1n\u00ed m\u011bsta na seznam UNESCO upev\u0148uje jeho identitu v \u0161ir\u0161\u00edm evropsk\u00e9m p\u0159\u00edb\u011bhu, zat\u00edmco investice do infrastruktury a program\u016f zaji\u0161\u0165uj\u00ed, \u017ee se m\u011bsto sp\u00ed\u0161e vyv\u00edj\u00ed, ne\u017e aby zkostnat\u011blo.<\/p>\n<p>Jako p\u0159esv\u011bd\u010div\u00fd p\u0159\u00edklad adaptivn\u00ed ochrany pam\u00e1tek vyva\u017euje Bad Ems sv\u00e9 imperi\u00e1ln\u00ed d\u011bdictv\u00ed s modern\u00ed vitalitou. Proch\u00e1zka po n\u00e1b\u0159e\u017e\u00ed Lahn odhaluje vrstven\u00e9 p\u0159\u00edb\u011bhy: \u0159\u00edmsk\u00e9 opevn\u011bn\u00ed nap\u016fl skryt\u00e9 v lese, barokn\u00ed fas\u00e1dy lemuj\u00edc\u00ed promen\u00e1dy a sklen\u011bn\u00e9 st\u011bny modern\u00edho l\u00e1ze\u0148sk\u00e9ho komplexu odr\u00e1\u017eej\u00edc\u00ed sv\u011btlo \u0159eky. V poledne si n\u00e1v\u0161t\u011bvn\u00edci mohou vychutnat horkou miner\u00e1ln\u00ed vodu v s\u00e1le z osmn\u00e1ct\u00e9ho stolet\u00ed, str\u00e1vit odpoledne rehabilita\u010dn\u00edm programem a ve\u010der se z\u00fa\u010dastnit komorn\u00edho koncertu v Mramorov\u00e9m s\u00e1le Kursaalu. N\u00e1sleduj\u00edc\u00ed r\u00e1no si golfist\u00e9 vyzkou\u0161\u00ed p\u0159epracovan\u00e9 bunkry, ne\u017e se projedou na kole p\u0159\u00edrodn\u00ed rezervac\u00ed Nassau. Tato synt\u00e9za l\u00e9\u010den\u00ed, historie a voln\u00e9ho \u010dasu nen\u00ed n\u00e1hodn\u00e1; je v\u00fdsledkem z\u00e1m\u011brn\u00e9ho hospoda\u0159en\u00ed, kter\u00e9 respektuje minulost, ani\u017e by se vzd\u00e1valo nostalgii.<\/p>\n<p>Trval\u00e1 p\u0159ita\u017elivost Bad Ems spo\u010d\u00edv\u00e1 v t\u00e9to rovnov\u00e1ze: trvalosti jej\u00edch pramen\u016f, d\u016fstojnosti jej\u00ed architektury, \u0161\u00ed\u0159i jej\u00edch l\u00e9ka\u0159sk\u00fdch zku\u0161enost\u00ed a energii jej\u00edho kulturn\u00edho \u017eivota. Jej\u00ed status UNESCO nab\u00edz\u00ed v\u00edce ne\u017e jen pam\u011btn\u00ed desku; poskytuje r\u00e1mec pro ochranu a propagaci a zve nov\u00e9 publikum, aby se sezn\u00e1milo s jej\u00edmi charakteristick\u00fdmi vlastnostmi. Spojen\u00edm adaptivn\u00edho op\u011btovn\u00e9ho vyu\u017eit\u00ed historick\u00fdch struktur s nejmodern\u011bj\u0161\u00edm wellness a rekreac\u00ed si m\u011bsto zaji\u0161\u0165uje sv\u016fj v\u00fdznam v dob\u011b, kdy cestovatel\u00e9 hledaj\u00ed hloubku stejn\u011b jako pohodl\u00ed. Bad Ems tak stoj\u00ed nejen jako pam\u00e1tn\u00edk stalet\u00ed l\u00e1ze\u0148sk\u00e9 tradice, ale tak\u00e9 jako \u017eivouc\u00ed bytost, neust\u00e1le osv\u011b\u017eovan\u00e1 vlastn\u00edmi vodami a fantazi\u00ed t\u011bch, kte\u0159\u00ed utv\u00e1\u0159ej\u00ed jej\u00ed budoucnost.<\/p>","protected":false},"excerpt":{"rendered":"<p>Bad Ems se nach\u00e1z\u00ed na b\u0159ehu \u0159eky Lahn v Por\u00fdn\u00ed-Falcku v N\u011bmecku a je idylick\u00fdm m\u011bstem s legend\u00e1rn\u00ed minulost\u00ed a populac\u00ed p\u0159ibli\u017en\u011b 9 000 obyvatel. Toto atraktivn\u00ed m\u011bsto funguje jako spr\u00e1vn\u00ed centrum venkovsk\u00e9ho regionu Rhein-Lahn a je zn\u00e1m\u00e9 sv\u00fdmi l\u00e9\u010div\u00fdmi term\u00e1ln\u00edmi prameny, kter\u00e9 p\u0159itahuj\u00ed n\u00e1v\u0161t\u011bvn\u00edky ji\u017e po generace. Strategick\u00e1 poloha m\u011bsta, rozprost\u00edraj\u00edc\u00ed se na obou b\u0159ez\u00edch \u0159eky Lahn, jej situuje na p\u0159irozen\u00e9 hranici mezi regiony Taunus a Westerwald, dv\u011bma samostatn\u00fdmi oblastmi poho\u0159\u00ed Rhienish Slate Mountains. Historie Bad Ems poch\u00e1z\u00ed z \u0159\u00edmsk\u00fdch dob, kdy bylo zalo\u017eeno castrum jako sou\u010d\u00e1st hornogerm\u00e1nsk\u00e9ho Limes, \u0159\u00edmsk\u00e9 hrani\u010dn\u00ed obrany. Navzdory nepatrn\u00fdm poz\u016fstatk\u016fm t\u00e9to star\u00e9 budovy p\u0159ilehl\u00e9 lesy nad\u00e1le vykazuj\u00ed zn\u00e1mky n\u011bkdej\u0161\u00ed \u0159\u00edmsk\u00e9 hranice, co\u017e poskytuje konkr\u00e9tn\u00ed spojen\u00ed s odlehlou histori\u00ed regionu.<\/p>","protected":false},"author":1,"featured_media":17503,"parent":13736,"menu_order":0,"comment_status":"closed","ping_status":"closed","template":"elementor_theme","meta":{"_eb_attr":"","footnotes":""},"class_list":["post-16596","page","type-page","status-publish","has-post-thumbnail"],"_links":{"self":[{"href":"https:\/\/travelshelper.com\/cs\/wp-json\/wp\/v2\/pages\/16596","targetHints":{"allow":["GET"]}}],"collection":[{"href":"https:\/\/travelshelper.com\/cs\/wp-json\/wp\/v2\/pages"}],"about":[{"href":"https:\/\/travelshelper.com\/cs\/wp-json\/wp\/v2\/types\/page"}],"author":[{"embeddable":true,"href":"https:\/\/travelshelper.com\/cs\/wp-json\/wp\/v2\/users\/1"}],"replies":[{"embeddable":true,"href":"https:\/\/travelshelper.com\/cs\/wp-json\/wp\/v2\/comments?post=16596"}],"version-history":[{"count":0,"href":"https:\/\/travelshelper.com\/cs\/wp-json\/wp\/v2\/pages\/16596\/revisions"}],"up":[{"embeddable":true,"href":"https:\/\/travelshelper.com\/cs\/wp-json\/wp\/v2\/pages\/13736"}],"wp:featuredmedia":[{"embeddable":true,"href":"https:\/\/travelshelper.com\/cs\/wp-json\/wp\/v2\/media\/17503"}],"wp:attachment":[{"href":"https:\/\/travelshelper.com\/cs\/wp-json\/wp\/v2\/media?parent=16596"}],"curies":[{"name":"wp","href":"https:\/\/api.w.org\/{rel}","templated":true}]}}